{"id":55685,"date":"2025-04-25T19:52:03","date_gmt":"2025-04-25T17:52:03","guid":{"rendered":"https:\/\/iguanasmoke.com\/?post_type=product&#038;p=55685"},"modified":"2026-03-15T17:48:25","modified_gmt":"2026-03-15T16:48:25","slug":"vaper-sativanol-space-vape-lemon-haze","status":"publish","type":"product","link":"https:\/\/iguanasmoke.com\/fr\/producto\/vaper-sativanol-space-vape-lemon-haze\/","title":{"rendered":"Vaper Sativanol - Space Vape Lemon Haze"},"content":{"rendered":"<h1 data-start=\"1609\" data-end=\"1642\"><span style=\"font-weight: 400;\">Vapeur <\/span><span style=\"font-weight: 400;\">Sativanol <\/span><span style=\"font-weight: 400;\">Espace Vape <\/span><span style=\"font-weight: 400;\">Lemon Haze<\/span><span style=\"font-weight: 400;\">:\u00a0<\/span><\/h1>\n<p><span style=\"font-weight: 400;\">Si vous cherchez une vapoteuse au sativanol qui vous r\u00e9veille comme un rayon de soleil au go\u00fbt de <strong>citron<\/strong>, les <strong>Space Vape Sativanol Vaper<\/strong><\/span><span style=\"font-weight: 400;\"><strong>\u00a0Lemon Haze <\/strong>est ce que vous attendiez. <\/span><span style=\"font-weight: 400;\">Con\u00e7u pour ceux qui recherchent un <strong>une exp\u00e9rience de vape puissante et efficace.<\/strong><\/span><\/p>\n<p><span style=\"font-weight: 400;\">Il combine la force du Sativanol, l'une des mol\u00e9cules les plus r\u00e9centes sur le march\u00e9, con\u00e7ue pour fournir de l'\u00e9nergie et de la concentration sans la lourdeur du THC. Avec un go\u00fbt de<strong>ar\u00f4me acide et citrique de la vari\u00e9t\u00e9 Lemon Haze<\/strong>, connue pour \u00eatre l'une des vari\u00e9t\u00e9s <strong>Sativa<\/strong> plus <strong>rafra\u00eechissant<\/strong> et les villes embl\u00e9matiques du monde <strong>le cannabis<\/strong>. <\/span><\/p>\n<p><span style=\"font-weight: 400;\">La formule est compl\u00e9t\u00e9e par <strong>sans agents de coupe, sans nicotine et sans HHC<\/strong>, afin que vous puissiez profiter d'un produit propre, l\u00e9gal et de qualit\u00e9.\u00a0<\/span><\/p>\n<p><span style=\"font-weight: 400;\">Explorer le <strong>Nouvelles mol\u00e9cules<\/strong> qui succ\u00e8dent et remplacent nos c\u00e9l\u00e8bres <em>HHC Space Vape<\/em>. Acheter <strong>vaper<\/strong><\/span><span style=\"font-weight: 400;\"><strong> STV<\/strong> c'est avoir dans sa poche la technologie du cannabis du futur. <strong>Pas de THC<\/strong>, <strong>mais il y a un effet<\/strong>; <strong>pas de fum\u00e9e<\/strong>, <strong>mais il y a des nuages<\/strong>; Il n'y a pas de doute, car <strong>ce vaper STV Lemon Haze est une merveille.<\/strong><\/span><\/p>\n<p>&nbsp;<\/p>\n<p>&nbsp;<\/p>\n<h2><strong>Qu'est-ce que le STV ou Sativanol ?<\/strong><\/h2>\n<p><span style=\"font-weight: 400;\">Le <strong>Sativanol<\/strong>, <strong>STV<\/strong> o <strong>Super Sativa<\/strong> est une mol\u00e9cule de chanvre de derni\u00e8re g\u00e9n\u00e9ration qui ne contient pas de THC ni de d\u00e9riv\u00e9s (HHC, THCP...), mais dont l'effet est comparable \u00e0 celui d'un <strong>Sativa puissante<\/strong>offre une clart\u00e9 mentale, une douce euphorie et un bien-\u00eatre sans brouillard ni d\u00e9pression.\u00a0\u00a0<\/span><\/p>\n<p>La formule STV est id\u00e9ale pour ceux qui doivent \u00eatre actifs, cr\u00e9atifs ou qui souhaitent simplement profiter d'un moment de clart\u00e9 mentale sans se d\u00e9connecter.<\/p>\n<p>&nbsp;<\/p>\n<p>&nbsp;<\/p>\n<h2>Profil gustatif de la <span style=\"font-weight: 400;\"><strong>Space Vape Lemon Haze Sativanol Vaper<\/strong><\/span>:<\/h2>\n<p><span style=\"font-weight: 400;\">Le <strong>Souche Lemon Haze<\/strong> est r\u00e9put\u00e9 pour son ar\u00f4me vif, citronn\u00e9 et frais. Lorsque vous le vaporiserez, vous remarquerez une e<strong>\u00e9quilibre parfait entre douceur et acidit\u00e9<\/strong>, Le vin a une finale citronn\u00e9e, \u00e9pic\u00e9e, de zeste de citron et d'herbes. \u00c0 tout cela, il faut ajouter <\/span>la touche de Sativanol STV, gr\u00e2ce \u00e0 laquelle vous obtiendrez un effet fonctionnel et agr\u00e9able. Sa combinaison de terp\u00e8nes comprend :<\/p>\n<ul>\n<li>Limon\u00e8ne : frais et citronn\u00e9, stimulant et r\u00e9duisant le stress.<\/li>\n<li>Myrc\u00e8ne : terreux et doux, aide \u00e0 \u00e9quilibrer l'effet.<\/li>\n<li>Pin\u00e8ne : touche bois\u00e9e rafra\u00eechissante, am\u00e9liore la clart\u00e9 mentale.<\/li>\n<\/ul>\n<p>&nbsp;<\/p>\n<h2><strong>Principales caract\u00e9ristiques de Vaper Sativanol <\/strong><b><span style=\"font-weight: 400;\"><strong>Citron<\/strong><\/span><\/b><strong>:<\/strong><\/h2>\n<ul>\n<li><span style=\"font-weight: 400;\"><strong>Contient du Sativanol de haute qualit\u00e9<\/strong>, avec un profil naturel de cannabino\u00efdes.<\/span><\/li>\n<li><span style=\"font-weight: 400;\"><strong>Extrait de chanvre biologique<\/strong>, sans additifs ni solvants.<\/span><\/li>\n<li><span style=\"font-weight: 400;\">Disponible en <strong>1ml et 2ml<\/strong>. <\/span><\/li>\n<li><span style=\"font-weight: 400;\">Saveur intense <\/span><span style=\"font-weight: 400;\">a<b> citron<\/b>.<\/span><\/li>\n<li><strong>CBD : 40% et CBG : 30%<\/strong><\/li>\n<li>Id\u00e9al pour un usage quotidien : <strong>pas de combustion, pas d'odeur, pas de tol\u00e9rance<\/strong>.<\/li>\n<li><span style=\"font-weight: 400;\"><strong>Un effet puissant <\/strong>sans en ressentir les effets <strong>psychoactifs<\/strong> ind\u00e9sirable<strong>: dur\u00e9e<\/strong> <strong>long<\/strong> (<strong>3-4 heures<\/strong>)<\/span><\/li>\n<li>Exp\u00e9rience <strong>sensorielle<\/strong> Vous allez adorer !<\/li>\n<li><span style=\"font-weight: 400;\">Pour <strong>300 bouff\u00e9es <\/strong>(1ml) et<strong> 600 bouff\u00e9es <\/strong>(2ml).<\/span><\/li>\n<li>Batterie rechargeable USB Type-C.<\/li>\n<li><span style=\"font-weight: 400;\"><strong>Pas de THC d\u00e9tectable<\/strong>. <\/span><\/li>\n<li><span style=\"font-weight: 400;\"><strong>Qualit\u00e9 garantie par Iguana Smoke<\/strong>.<\/span><\/li>\n<\/ul>\n<p><span style=\"font-weight: 400;\">Le <strong>vaper Sativanol <\/strong>est le moyen le plus pratique et le plus propre de profiter de tous les avantages de la <strong>Les avantages du Sativanol<\/strong>, pas d'entretien, pas de souci, pas de tracas.\u00a0<\/span><\/p>\n<p>&nbsp;<\/p>\n<h2><strong>Qu'est-ce qu'un vaper jetable ?<\/strong><\/h2>\n<p><span style=\"font-weight: 400;\">A <strong>vaper jetable STV<\/strong> est un dispositif de type stylo\u201c <strong>de 1ml ou 2ml<\/strong> qui est charg\u00e9 de liquide Sativanol. La grande diff\u00e9rence avec les autres types de vapers est qu'il n'a pas besoin d'\u00eatre recharg\u00e9 ou compl\u00e9t\u00e9 : <strong>lorsqu'il est \u00e9puis\u00e9, il est simplement jet\u00e9<\/strong>.\u00a0<\/span><\/p>\n<p><span style=\"font-weight: 400;\">Il existe \u00e9galement des <strong><a href=\"https:\/\/iguanasmoke.com\/fr\/categorie\/cbd-vaper-2\/cartouches\/?filter_tipo-cartucho=sativanol\">cartouches jetables de Sativanol<\/a><\/strong> qui sont des microcapsules contenant le liquide mais n\u00e9cessitant une batterie externe pour \u00eatre utilis\u00e9es.<\/span><\/p>\n<p>&nbsp;<\/p>\n<h3><b>O\u00f9 acheter votre STV Vaper <span style=\"font-weight: 400;\"><strong>Lemon Haze<\/strong><\/span><\/b><b>?<\/b><\/h3>\n<p><span style=\"font-weight: 400;\">Si vous cherchez <strong>acheter un vaporisateur Sativanol<\/strong><strong>, <\/strong>c'est un endroit s\u00fbr pour <strong>acheter Sativanol vaper jetable en Espagne.<\/strong> Tous nos produits sont approuv\u00e9s par l'UE, ce qui garantit leur l\u00e9galit\u00e9 et leur s\u00e9curit\u00e9. En outre, si vous le souhaitez, vous pouvez consulter<\/span><strong> <a href=\"https:\/\/iguanasmoke.com\/fr\/lanalyse\/\">analyse en laboratoire.<\/a><\/strong><\/p>\n<p><span style=\"font-weight: 400;\">N'oubliez pas d'explorer d'autres <strong>vaper Sativanol <\/strong>en tant que <strong><a href=\"https:\/\/iguanasmoke.com\/fr\/produit\/vaper-stv-space-vape-strawberry-sativanol\/\">Space Vape Strawberry Sativanol Vaper<\/a>\u00a0<\/strong>u <\/span><span style=\"font-weight: 400;\">autres <strong>Produits TOP<\/strong> en tant que <strong><a href=\"https:\/\/iguanasmoke.com\/fr\/produit\/stv-sativanol-lemon-haze-stv-cartouche\/\">Lemon Haze Sativanol Cartouche<\/a><\/strong> ou le <a href=\"https:\/\/iguanasmoke.com\/fr\/categorie\/hash-cbd\/\"><strong>Hash CBD<\/strong><\/a>. <\/span><span style=\"font-weight: 400;\">En bref, explorez notre vari\u00e9t\u00e9 et trouvez vos favoris d\u00e8s maintenant.<\/span><span style=\"font-weight: 400;\">\u00a0<\/span><\/p>\n<p><strong data-start=\"303\" data-end=\"345\">Livraison rapide et discr\u00e8te dans toute l'Espagne<\/strong>, avec <strong data-start=\"351\" data-end=\"387\">une attention \u00e9troite et personnalis\u00e9e<\/strong> pour r\u00e9pondre \u00e0 toutes vos questions avant et apr\u00e8s votre achat.<\/p>\n<p>&nbsp;<\/p>\n<h3><b>Iguana Smoke est votre boutique en ligne de CBD\u00a0<\/b><\/h3>\n<p><span style=\"font-weight: 400;\">Au<strong> Fum\u00e9e d'iguane<\/strong>, Nous pensons que la consommation de CBD doit se faire en toute s\u00e9curit\u00e9. C'est pourquoi nous proposons des produits comme celui-ci <strong>Space Vape Lemon Haze Sativanol Vaper<\/strong>, La marque s'adresse aux nouvelles g\u00e9n\u00e9rations : des personnes qui recherchent un bien-\u00eatre simple, avec des marques authentiques et fiables.\u00a0<\/span><\/p>\n<p>Vous savez, notre mission est claire : vous apporter le meilleur du monde des cannabino\u00efdes \u00e0 un prix \u00e9quitable. De plus, nous vous offrons la tranquillit\u00e9 d'esprit de savoir que vous choisissez un produit certifi\u00e9, efficace et 100% l\u00e9gal. Votre temps de d\u00e9tente commence ici avec nous.<\/p>\n<p>Vous avez encore des doutes ? Ecrivez-nous et nous nous ferons un plaisir de vous aider \u00e0 trouver le produit qui vous convient.<\/p>\n<p>&nbsp;<\/p>\n<h6>\u2139\ufe0f<strong> Informations juridiques<\/strong><\/h6>\n<p><em><span style=\"font-weight: 400;\">*Produit destin\u00e9 \u00e0 la collection ou \u00e0 l'aromath\u00e9rapie, conform\u00e9ment \u00e0 la l\u00e9gislation espagnole en vigueur. <\/span><\/em><\/p>\n<p><em><span style=\"font-weight: 400;\">**D\u00e9riv\u00e9 de chanvre industriel certifi\u00e9. Contient moins de 0,3 THC et ne contient pas de cannabino\u00efdes ill\u00e9gaux tels que HHC, HHC-P, THCP, THCP-O, H4CBD ou des substances \u00e9num\u00e9r\u00e9es \u00e0 l'annexe I du d\u00e9cret royal 2829\/1977, ni de substances contr\u00f4l\u00e9es par des conventions internationales.\u00a0\u00a0<\/span><\/em><\/p>\n<p>&nbsp;<\/p>\n<h2><strong>\ud83d\udcac FAQS STV Space Vape : <\/strong><\/h2>\n<h4><span style=\"font-weight: 400;\">Le Sativanol Lemon Haze Space peut-il \u00eatre utilis\u00e9 pour le vapotage ? <\/span><\/h4>\n<p><span style=\"font-weight: 400;\">Le <strong data-start=\"4696\" data-end=\"4716\">Sativanol<\/strong>\u00a0peut offrir une\u00a0<strong data-start=\"4736\" data-end=\"4775\">l\u00e9g\u00e8re euphorie ou relaxation intense<\/strong>, sans les effets puissants du THC.<\/span><\/p>\n<h4><span style=\"font-weight: 400;\">Quel effet puis-je attendre et combien de temps cela prend-il ?\u00a0<\/span><\/h4>\n<p><span style=\"font-weight: 400;\">N'oubliez pas que chaque personne est unique et que les <strong>les effets peuvent varier<\/strong> en fonction de la concentration, de l'utilisateur, de la tol\u00e9rance et de la fr\u00e9quence d'utilisation. Il est possible que vous commenciez \u00e0 le remarquer rapidement. <strong>L'effet est puissant et dure environ 3 \u00e0 4 heures.<\/strong>.<\/span><\/p>\n<h4><span style=\"font-weight: 400;\">Le STM est-il l\u00e9gal en Espagne ?\u00a0<\/span><\/h4>\n<p><span style=\"font-weight: 400;\"><strong>Oui<\/strong>, le STV <strong>peuvent \u00eatre l\u00e9galement commercialis\u00e9s en Espagne<\/strong> \u00e0 condition qu'il soit conforme \u00e0 la r\u00e9glementation europ\u00e9enne sur le chanvre industriel et qu'il fasse l'objet d'une analyse et d'une tra\u00e7abilit\u00e9 par un laboratoire ind\u00e9pendant. <\/span><\/p>\n<p><span style=\"font-weight: 400;\">En outre, il est essentiel que <strong>ne d\u00e9passe pas les limites l\u00e9gales de THC<\/strong>, qui correspond \u00e0 un pourcentage <strong>moins de 0,3% THC.<\/strong> Bien entendu, en <strong>Fum\u00e9e d'iguane<\/strong> Nous prenons cela tr\u00e8s au s\u00e9rieux et tous nos produits sont conformes aux normes et standards actuels.\u00a0<\/span><\/p>\n<h4><span style=\"font-weight: 400;\">Le Sativanol est-il plus puissant que le CBD ?\u00a0<\/span><\/h4>\n<p><span style=\"font-weight: 400;\">De nombreux utilisateurs consid\u00e8rent que le <\/span><span style=\"font-weight: 400;\"><b>Sativanol <\/b>a des effets plus marqu\u00e9s que le\u00a0<a style=\"font-weight: 400;\" href=\"https:\/\/iguanasmoke.com\/fr\/le-pouvoir-de-guerison-du-cbd-tout-ce-que-vous-devez-savoir-sur-les-produits-a-base-de-cbd\/\"><b>CBD<\/b><\/a>, notamment en termes de clart\u00e9 mentale et de vigilance.<\/span><\/p>","protected":false},"excerpt":{"rendered":"<h4>Caract\u00e9ristiques<\/h4>\n<ul>\n<li style=\"list-style-type: none;\">\n<ul>\n<li>Ar\u00f4me de citron<\/li>\n<li>Capacit\u00e9 : 1 ml \/ 2 ml<\/li>\n<li>Courses : jusqu'\u00e0 300 \/ 600<\/li>\n<li>Terp\u00e8nes naturels de haute qualit\u00e9<\/li>\n<li>Sativanol<\/li>\n<li>CBD : 40% et CBG : 30%<\/li>\n<li>THC : 0%, HHC : 0%, THC-P : 0%, Nicotine : 0%<\/li>\n<li>Ne contient pas de VG, PG, PEG, MCT ou autre agent de coupe.<\/li>\n<\/ul>\n<\/li>\n<\/ul>\n<p><span style=\"font-weight: 400;\">En outre, consultez<strong>\u00a0<a href=\"https:\/\/iguanasmoke.com\/fr\/lanalyse\/\">analyse en laboratoire.<\/a><\/strong><\/span><\/p>","protected":false},"featured_media":74775,"comment_status":"open","ping_status":"closed","template":"","meta":{"_acf_changed":false,"site-sidebar-layout":"default","site-content-layout":"","ast-site-content-layout":"default","site-content-style":"default","site-sidebar-style":"default","ast-global-header-display":"","ast-banner-title-visibility":"","ast-main-header-display":"","ast-hfb-above-header-display":"","ast-hfb-below-header-display":"","ast-hfb-mobile-header-display":"","site-post-title":"","ast-breadcrumbs-content":"","ast-featured-img":"","footer-sml-layout":"","theme-transparent-header-meta":"default","adv-header-id-meta":"","stick-header-meta":"","header-above-stick-meta":"","header-main-stick-meta":"","header-below-stick-meta":"","astra-migrate-meta-layouts":"set","ast-page-background-enabled":"default","ast-page-background-meta":{"desktop":{"background-color":"var(--ast-global-color-4)","background-image":"","background-repeat":"repeat","background-position":"center center","background-size":"auto","background-attachment":"scroll","background-type":"","background-media":"","overlay-type":"","overlay-color":"","overlay-opacity":"","overlay-gradient":""},"tablet":{"background-color":"","background-image":"","background-repeat":"repeat","background-position":"center center","background-size":"auto","background-attachment":"scroll","background-type":"","background-media":"","overlay-type":"","overlay-color":"","overlay-opacity":"","overlay-gradient":""},"mobile":{"background-color":"","background-image":"","background-repeat":"repeat","background-position":"center center","background-size":"auto","background-attachment":"scroll","background-type":"","background-media":"","overlay-type":"","overlay-color":"","overlay-opacity":"","overlay-gradient":""}},"ast-content-background-meta":{"desktop":{"background-color":"var(--ast-global-color-5)","background-image":"","background-repeat":"repeat","background-position":"center center","background-size":"auto","background-attachment":"scroll","background-type":"","background-media":"","overlay-type":"","overlay-color":"","overlay-opacity":"","overlay-gradient":""},"tablet":{"background-color":"var(--ast-global-color-5)","background-image":"","background-repeat":"repeat","background-position":"center center","background-size":"auto","background-attachment":"scroll","background-type":"","background-media":"","overlay-type":"","overlay-color":"","overlay-opacity":"","overlay-gradient":""},"mobile":{"background-color":"var(--ast-global-color-5)","background-image":"","background-repeat":"repeat","background-position":"center center","background-size":"auto","background-attachment":"scroll","background-type":"","background-media":"","overlay-type":"","overlay-color":"","overlay-opacity":"","overlay-gradient":""}}},"product_brand":[],"product_cat":[549,418],"product_tag":[],"class_list":{"0":"post-55685","1":"product","2":"type-product","3":"status-publish","4":"has-post-thumbnail","6":"product_cat-sativanol","7":"product_cat-vaper-cbd","8":"desktop-align-center","9":"tablet-align-center","10":"mobile-align-center","12":"first","13":"instock","14":"taxable","15":"shipping-taxable","16":"purchasable","17":"product-type-variable"},"acf":[],"yoast_head":"<!-- This site is optimized with the Yoast SEO Premium plugin v27.3 (Yoast SEO v27.3) - https:\/\/yoast.com\/product\/yoast-seo-premium-wordpress\/ -->\n<title>Vaper Sativanol Space Vape\u00a0Lemon Haze | Iguana Smoke<\/title>\n<meta name=\"description\" content=\"Vaper Sativanol Space Vape\u00a0Lemon Haze: c\u00edtrico, fresco y potente. para una experiencia limpia y estimulante. Sin THC ni nicotina.\" \/>\n<meta name=\"robots\" content=\"index, follow, max-snippet:-1, max-image-preview:large, max-video-preview:-1\" \/>\n<link rel=\"canonical\" href=\"https:\/\/iguanasmoke.com\/fr\/produit\/vaper-sativanol-space-vape-lemon-haze\/\" \/>\n<meta property=\"og:locale\" content=\"fr_FR\" \/>\n<meta property=\"og:type\" content=\"article\" \/>\n<meta property=\"og:title\" content=\"Vaper Sativanol - Space Vape Lemon Haze\" \/>\n<meta property=\"og:description\" content=\"Caracter\u00edsticas      Sabor a lim\u00f3n  Capacidad: 1 ml \/ 2 ml  Caladas: hasta 300 \/ 600  Terpenos naturales de alta calidad  Sativanol  CBD: 40% y CBG: 30%  THC: 0%, HHC: 0%, THC-P: 0%, Nicotina: 0%  No contiene VG, PG, PEG, MCT u otro agente de corte.    Adem\u00e1s, consulta\u00a0el an\u00e1lisis de laboratorio.\" \/>\n<meta property=\"og:url\" content=\"https:\/\/iguanasmoke.com\/fr\/produit\/vaper-sativanol-space-vape-lemon-haze\/\" \/>\n<meta property=\"og:site_name\" content=\"Iguana Smoke\" \/>\n<meta property=\"article:publisher\" content=\"https:\/\/www.facebook.com\/iguanasmoke\" \/>\n<meta property=\"article:modified_time\" content=\"2026-03-15T16:48:25+00:00\" \/>\n<meta property=\"og:image\" content=\"https:\/\/iguanasmoke.com\/wp-content\/uploads\/2025\/04\/Mockup-Lemon-Haze-nrj-der-pod.webp\" \/>\n\t<meta property=\"og:image:width\" content=\"1000\" \/>\n\t<meta property=\"og:image:height\" content=\"1000\" \/>\n\t<meta property=\"og:image:type\" content=\"image\/webp\" \/>\n<meta name=\"twitter:card\" content=\"summary_large_image\" \/>\n<meta name=\"twitter:label1\" content=\"Disponibilit\u00e9\" \/>\n\t<meta name=\"twitter:data1\" content=\"En stock\" \/>\n<meta property=\"product:brand\" content=\"variable\" \/>\n<meta property=\"og:availability\" content=\"instock\" \/>\n<meta property=\"product:availability\" content=\"instock\" \/>\n<meta property=\"product:condition\" content=\"new\" \/>\n<!-- \/ Yoast SEO Premium plugin. -->","yoast_head_json":{"title":"Vaper Sativanol Space Vape Lemon Haze : Iguana Smoke","description":"Vaper Sativanol Space Vape Lemon Haze : agrumes, frais et puissant, pour une exp\u00e9rience propre et stimulante. Sans THC ni nicotine.","robots":{"index":"index","follow":"follow","max-snippet":"max-snippet:-1","max-image-preview":"max-image-preview:large","max-video-preview":"max-video-preview:-1"},"canonical":"https:\/\/iguanasmoke.com\/fr\/produit\/vaper-sativanol-space-vape-lemon-haze\/","og_locale":"fr_FR","og_type":"article","og_title":"Vaper Sativanol - Space Vape Lemon Haze","og_description":"Caracter\u00edsticas      Sabor a lim\u00f3n  Capacidad: 1 ml \/ 2 ml  Caladas: hasta 300 \/ 600  Terpenos naturales de alta calidad  Sativanol  CBD: 40% y CBG: 30%  THC: 0%, HHC: 0%, THC-P: 0%, Nicotina: 0%  No contiene VG, PG, PEG, MCT u otro agente de corte.    Adem\u00e1s, consulta\u00a0el an\u00e1lisis de laboratorio.","og_url":"https:\/\/iguanasmoke.com\/fr\/produit\/vaper-sativanol-space-vape-lemon-haze\/","og_site_name":"Iguana Smoke","article_publisher":"https:\/\/www.facebook.com\/iguanasmoke","article_modified_time":"2026-03-15T16:48:25+00:00","og_image":[{"width":1000,"height":1000,"url":"https:\/\/iguanasmoke.com\/wp-content\/uploads\/2025\/04\/Mockup-Lemon-Haze-nrj-der-pod.webp","type":"image\/webp"}],"twitter_card":"summary_large_image","twitter_misc":{"Disponibilit\u00e9":"En stock"},"schema":{"@context":"https:\/\/schema.org","@graph":[{"@type":"WebPage","@id":"https:\/\/iguanasmoke.com\/producto\/vaper-sativanol-space-vape-lemon-haze\/","url":"https:\/\/iguanasmoke.com\/producto\/vaper-sativanol-space-vape-lemon-haze\/","name":"Vaper Sativanol Space Vape Lemon Haze : Iguana Smoke","isPartOf":{"@id":"https:\/\/iguanasmoke.com\/#website"},"primaryImageOfPage":{"@id":"https:\/\/iguanasmoke.com\/producto\/vaper-sativanol-space-vape-lemon-haze\/#primaryimage"},"image":{"@id":"https:\/\/iguanasmoke.com\/producto\/vaper-sativanol-space-vape-lemon-haze\/#primaryimage"},"thumbnailUrl":"https:\/\/iguanasmoke.com\/wp-content\/uploads\/2025\/04\/Mockup-Lemon-Haze-nrj-der-pod.webp","datePublished":"2025-04-25T17:52:03+00:00","dateModified":"2026-03-15T16:48:25+00:00","description":"Vaper Sativanol Space Vape Lemon Haze : agrumes, frais et puissant, pour une exp\u00e9rience propre et stimulante. Sans THC ni nicotine.","breadcrumb":{"@id":"https:\/\/iguanasmoke.com\/producto\/vaper-sativanol-space-vape-lemon-haze\/#breadcrumb"},"inLanguage":"fr-FR","potentialAction":[{"@type":"ReadAction","target":["https:\/\/iguanasmoke.com\/producto\/vaper-sativanol-space-vape-lemon-haze\/"]}]},{"@type":"ImageObject","inLanguage":"fr-FR","@id":"https:\/\/iguanasmoke.com\/producto\/vaper-sativanol-space-vape-lemon-haze\/#primaryimage","url":"https:\/\/iguanasmoke.com\/wp-content\/uploads\/2025\/04\/Mockup-Lemon-Haze-nrj-der-pod.webp","contentUrl":"https:\/\/iguanasmoke.com\/wp-content\/uploads\/2025\/04\/Mockup-Lemon-Haze-nrj-der-pod.webp","width":1000,"height":1000,"caption":"Caja m\u00e1s vaper naranja Lemon Haze STV 2ml dcha"},{"@type":"BreadcrumbList","@id":"https:\/\/iguanasmoke.com\/producto\/vaper-sativanol-space-vape-lemon-haze\/#breadcrumb","itemListElement":[{"@type":"ListItem","position":1,"name":"home","item":"https:\/\/iguanasmoke.com\/"},{"@type":"ListItem","position":2,"name":"Tienda","item":"https:\/\/iguanasmoke.com\/tienda\/"},{"@type":"ListItem","position":3,"name":"Vaper CBD","item":"https:\/\/iguanasmoke.com\/categoria\/vaper-cbd\/"},{"@type":"ListItem","position":4,"name":"Vaper Sativanol &#8211; Space Vape Lemon Haze"}]},{"@type":"WebSite","@id":"https:\/\/iguanasmoke.com\/#website","url":"https:\/\/iguanasmoke.com\/","name":"Fum\u00e9e d'iguane","description":"Acheter du CBD en ligne au meilleur prix","publisher":{"@id":"https:\/\/iguanasmoke.com\/#organization"},"potentialAction":[{"@type":"SearchAction","target":{"@type":"EntryPoint","urlTemplate":"https:\/\/iguanasmoke.com\/?s={search_term_string}"},"query-input":{"@type":"PropertyValueSpecification","valueRequired":true,"valueName":"search_term_string"}}],"inLanguage":"fr-FR"},{"@type":"Organization","@id":"https:\/\/iguanasmoke.com\/#organization","name":"Fum\u00e9e d'iguane","url":"https:\/\/iguanasmoke.com\/","logo":{"@type":"ImageObject","inLanguage":"fr-FR","@id":"https:\/\/iguanasmoke.com\/#\/schema\/logo\/image\/","url":"https:\/\/iguanasmoke.com\/wp-content\/uploads\/2025\/01\/logoiguana-favi-1.png","contentUrl":"https:\/\/iguanasmoke.com\/wp-content\/uploads\/2025\/01\/logoiguana-favi-1.png","width":512,"height":512,"caption":"Iguana Smoke"},"image":{"@id":"https:\/\/iguanasmoke.com\/#\/schema\/logo\/image\/"},"sameAs":["https:\/\/www.facebook.com\/iguanasmoke","https:\/\/www.instagram.com\/iguanasmoke\/"]}]},"product_brand":"variable","og_availability":"instock","product_availability":"instock","product_condition":"new"},"_links":{"self":[{"href":"https:\/\/iguanasmoke.com\/fr\/wp-json\/wp\/v2\/product\/55685","targetHints":{"allow":["GET"]}}],"collection":[{"href":"https:\/\/iguanasmoke.com\/fr\/wp-json\/wp\/v2\/product"}],"about":[{"href":"https:\/\/iguanasmoke.com\/fr\/wp-json\/wp\/v2\/types\/product"}],"replies":[{"embeddable":true,"href":"https:\/\/iguanasmoke.com\/fr\/wp-json\/wp\/v2\/comments?post=55685"}],"wp:featuredmedia":[{"embeddable":true,"href":"https:\/\/iguanasmoke.com\/fr\/wp-json\/wp\/v2\/media\/74775"}],"wp:attachment":[{"href":"https:\/\/iguanasmoke.com\/fr\/wp-json\/wp\/v2\/media?parent=55685"}],"wp:term":[{"taxonomy":"product_brand","embeddable":true,"href":"https:\/\/iguanasmoke.com\/fr\/wp-json\/wp\/v2\/product_brand?post=55685"},{"taxonomy":"product_cat","embeddable":true,"href":"https:\/\/iguanasmoke.com\/fr\/wp-json\/wp\/v2\/product_cat?post=55685"},{"taxonomy":"product_tag","embeddable":true,"href":"https:\/\/iguanasmoke.com\/fr\/wp-json\/wp\/v2\/product_tag?post=55685"}],"curies":[{"name":"wp","href":"https:\/\/api.w.org\/{rel}","templated":true}]}}