{"id":56618,"date":"2025-05-08T19:19:17","date_gmt":"2025-05-08T17:19:17","guid":{"rendered":"https:\/\/iguanasmoke.com\/?post_type=product&#038;p=56618"},"modified":"2026-04-15T21:16:17","modified_gmt":"2026-04-15T19:16:17","slug":"vaper-10oh-space-vape-gorilla-glue","status":"publish","type":"product","link":"https:\/\/iguanasmoke.com\/fr\/producto\/vaper-10oh-space-vape-gorilla-glue\/","title":{"rendered":"Vaper 10-OH 90% Space Vape Gorilla Glue"},"content":{"rendered":"<h1 data-start=\"1609\" data-end=\"1642\"><span style=\"font-weight: 400;\">Vaper 10-OH 90% Space Vape Gorilla Glue :\u00a0<\/span><\/h1>\n<p><span style=\"font-weight: 400;\">Bienvenue sur le site de la<\/span><span style=\"font-weight: 400;\"><strong>\u00a0Vaper 10-OH<\/strong> <strong>Colle Gorilla <\/strong>que<strong>\u00a0<\/strong>vous frappe de plein fouet. Id\u00e9al pour ceux qui recherchent une <strong>une exp\u00e9rience de vaporisation compl\u00e8te et puissante<\/strong>, cette <strong>vaper 10-OH <\/strong>associe la force du 10-OH (hydroxy - hexahydrocannabinol) \u00e0 l'ar\u00f4me embl\u00e9matique de la terre humide, du pin et du citron.<\/span><span style=\"font-weight: 400;\">\u00a0En outre, la formule est compl\u00e9t\u00e9e par <strong>sans agents de coupe, sans nicotine et sans HHC<\/strong>, afin que vous puissiez profiter d'un produit propre, l\u00e9gal et de qualit\u00e9.\u00a0<\/span><\/p>\n<p><span style=\"font-weight: 400;\">Explorez maintenant le <strong>Nouvelles mol\u00e9cules<\/strong> qui r\u00e9ussissent et remplacent les anciens <em>HHC Space Vape<\/em>. Vous savez, acheter <strong>vaper<\/strong><\/span><span style=\"font-weight: 400;\"><strong> 10-OH <\/strong>c'est avoir dans sa poche la technologie du cannabis du futur. <strong>Pas de THC<\/strong>, <strong>mais il y a un effet<\/strong>; <strong>pas de fum\u00e9e<\/strong>, <strong>mais il y a des nuages<\/strong>; Il n'y a pas de doute, car <strong>ce vaper 10-OH Gorilla Glue est une pure intensit\u00e9.<\/strong><\/span><\/p>\n<p>&nbsp;<\/p>\n<h2><strong>Qu'est-ce que le 10-OH ?<\/strong><\/h2>\n<p><span style=\"font-weight: 400;\">Le <\/span><span style=\"font-weight: 400;\"><b>10-OH<\/b> est un <strong>M\u00e9tabolite HHC<\/strong>, c'est-\u00e0-dire une substance qui est g\u00e9n\u00e9r\u00e9e lorsque <strong>l'organisme d\u00e9compose la HHC<\/strong>. Au niveau du laboratoire, il est obtenu en transformant le HHC en sa forme hydroxyl\u00e9e, ce qui donne un <strong>cannabino\u00efde plus stable<\/strong> et avec une affinit\u00e9 sp\u00e9cifique pour certains r\u00e9cepteurs du syst\u00e8me endocannabino\u00efde.<\/span><\/p>\n<p><span style=\"font-weight: 400;\">Bien que les effets puissent varier d'une personne \u00e0 l'autre, les exp\u00e9riences sont souvent les suivantes :<\/span><\/p>\n<ul>\n<li>Euphorie mod\u00e9r\u00e9e, sans l'euphorie plus intense que peut procurer le THC.<\/li>\n<li>D\u00e9tente physique, sans sensation de s\u00e9dation excessive.<\/li>\n<li>Clart\u00e9 mentale, ce qui favorise la concentration ou l'interaction sociale.<\/li>\n<li>Moins d'anxi\u00e9t\u00e9, ce qui en fait une option int\u00e9ressante pour ceux qui ne tol\u00e8rent pas bien le THC.<\/li>\n<\/ul>\n<p><span style=\"font-weight: 400;\">Ces effets placent le <strong>10-OH \u00e0 un point interm\u00e9diaire entre HHC et THC<\/strong>plus intense que la premi\u00e8re, mais plus facile \u00e0 g\u00e9rer que la seconde. Si vous cherchez <strong>acheter vaper 10-OH en ligne<\/strong>, Avec des effets stimulants mais sans parano\u00efa ni gueule de bois, c'est la vapoteuse qu'il vous faut. <\/span><\/p>\n<p><span style=\"font-weight: 400;\">Pour en savoir plus sur le fonctionnement de cette nouvelle mol\u00e9cule, consultez notre rubrique <\/span> <a href=\"https:\/\/iguanasmoke.com\/fr\/quest-ce-que-10-oh-la-nouvelle-option-dans-les-cannabinoides\/\">Blog : Qu'est-ce que le 10-OH ? La nouvelle option cannabino\u00efde<\/a>.<\/p>\n<p>&nbsp;<\/p>\n<h2>Profil terp\u00e9nique du Vaper 10-OH Gorilla Glue :<\/h2>\n<p>La vari\u00e9t\u00e9 Gorilla Glue (\u00e9galement connue sous le nom de GG4) est c\u00e9l\u00e8bre dans le monde du cannabis pour son effet \u201ccolle\u201d - pas litt\u00e9ralement, bien s\u00fbr - qui laisse le corps et l'esprit instantan\u00e9ment coll\u00e9s, mais avec 10-OH, l'effet est fonctionnel et \u00e9veill\u00e9. Sa combinaison de terp\u00e8nes comprend :<\/p>\n<ul>\n<li>Limon\u00e8ne : agrumes, stimulant.<\/li>\n<li>Caryophyll\u00e8ne : \u00e9pic\u00e9, piquant, avec des propri\u00e9t\u00e9s stimulantes.<\/li>\n<li>Humul\u00e8ne : touche terreuse et v\u00e9g\u00e9tale, avec un effet \u00e9quilibrant.<\/li>\n<\/ul>\n<p>&nbsp;<\/p>\n<h2><strong>Caract\u00e9ristiques principales Vaper 10-OH <\/strong><b><span style=\"font-weight: 400;\"><strong>Colle Gorilla<\/strong><\/span><\/b><strong>:<\/strong><\/h2>\n<ul>\n<li><span style=\"font-weight: 400;\"><strong>Contient du 10-OH de haute qualit\u00e9<\/strong>, avec un profil naturel de cannabino\u00efdes.<\/span><\/li>\n<li><span style=\"font-weight: 400;\"><strong>Extrait de chanvre biologique<\/strong>, sans additifs ni solvants.<\/span><\/li>\n<li><span style=\"font-weight: 400;\">Disponible en <strong>1ml et 2ml<\/strong>. <\/span><\/li>\n<li><span style=\"font-weight: 400;\">Saveur intense <strong>le cannabis<\/strong>, une fantaisie.<\/span><\/li>\n<li>Id\u00e9al pour un usage quotidien : <strong>pas de combustion, pas d'odeur, pas de tol\u00e9rance<\/strong>.<\/li>\n<li><span style=\"font-weight: 400;\"><strong>Un effet puissant <\/strong>sans en ressentir les effets <strong>psychoactifs<\/strong> ind\u00e9sirable<strong>: dur\u00e9e<\/strong> <strong>long<\/strong> (<strong>3-4 heures<\/strong>)<\/span><\/li>\n<li>Exp\u00e9rience <strong>sensorielle<\/strong> Vous allez adorer !<\/li>\n<li><span style=\"font-weight: 400;\">Pour <strong>300 bouff\u00e9es <\/strong>(1ml) et<strong> 600 bouff\u00e9es <\/strong>(2ml).<\/span><\/li>\n<li>Batterie rechargeable USB Type-C.<\/li>\n<li><span style=\"font-weight: 400;\"><strong>Pas de THC d\u00e9tectable<\/strong>. <\/span><\/li>\n<li><span style=\"font-weight: 400;\"><strong>Qualit\u00e9 garantie par Iguana Smoke<\/strong>.<\/span><\/li>\n<\/ul>\n<p><span style=\"font-weight: 400;\">Le <strong>vaper 10-OH <\/strong>est le moyen le plus pratique et le plus propre de profiter de tous les avantages de la <strong>les avantages du 10-OH<\/strong>, pas d'entretien, pas de souci, pas de tracas.\u00a0<\/span><\/p>\n<p>&nbsp;<\/p>\n<h2><strong>Qu'est-ce qu'un vaper jetable ?<\/strong><\/h2>\n<p><span style=\"font-weight: 400;\">A <strong>10-OH vaper jetable<\/strong> est un dispositif de type stylo\u201c <strong>de 1ml ou 2ml<\/strong> qui est charg\u00e9 de liquide 10-OH. La grande diff\u00e9rence avec les autres types de vapers est qu'il n'a pas besoin d'\u00eatre recharg\u00e9 ou compl\u00e9t\u00e9 : <strong>lorsqu'il est \u00e9puis\u00e9, il est simplement jet\u00e9<\/strong>.\u00a0<\/span><\/p>\n<p><span style=\"font-weight: 400;\">Il existe \u00e9galement des <strong><a href=\"https:\/\/iguanasmoke.com\/fr\/categorie\/cbd-vaper-2\/cartouches\/?filter_tipo-cartucho=10-oh\">Cartouches jetables 10-OH<\/a><\/strong> qui sont des microcapsules contenant le liquide mais n\u00e9cessitant une batterie externe pour \u00eatre utilis\u00e9es.<\/span><\/p>\n<p>&nbsp;<\/p>\n<h3><b>O\u00f9 acheter votre Vaper 10-OH <span style=\"font-weight: 400;\"><strong>Colle Gorilla<\/strong><\/span><\/b><b>?<\/b><\/h3>\n<p><span style=\"font-weight: 400;\">Si vous cherchez <strong>acheter un vaper 10-OH<\/strong><strong>, <\/strong>c'est un endroit s\u00fbr pour <strong>acheter un vaper jetable 10-OH en Espagne.<\/strong> Tous nos produits sont approuv\u00e9s par l'UE, ce qui garantit leur l\u00e9galit\u00e9 et leur s\u00e9curit\u00e9. En outre, si vous le souhaitez, vous pouvez consulter<\/span><strong> <a href=\"https:\/\/iguanasmoke.com\/fr\/lanalyse\/\">analyse en laboratoire.<\/a><\/strong><\/p>\n<p><span style=\"font-weight: 400;\">N'oubliez pas d'explorer d'autres <strong>vaper 10-OH <\/strong>en tant que <strong><a href=\"https:\/\/iguanasmoke.com\/fr\/produit\/vaper-10oh-space-vape-handle\/\">Vaper 10-OH Space Vape Mango<\/a>\u00a0<\/strong>u <\/span><span style=\"font-weight: 400;\">autres <strong>Produits TOP<\/strong> en tant que <strong><a href=\"https:\/\/iguanasmoke.com\/fr\/produit\/cartouche-10-oh-colle-gorille\/\">Cartouche de colle Gorilla 10-OH<\/a><\/strong> ou le <a href=\"https:\/\/iguanasmoke.com\/fr\/categorie\/hash-cbd\/\"><strong>Hash CBD<\/strong><\/a>. <\/span><span style=\"font-weight: 400;\">En bref, explorez notre vari\u00e9t\u00e9 et trouvez vos favoris d\u00e8s maintenant.<\/span><span style=\"font-weight: 400;\">\u00a0<\/span><\/p>\n<p><strong data-start=\"303\" data-end=\"345\">Livraison rapide et discr\u00e8te dans toute l'Espagne<\/strong>, avec <strong data-start=\"351\" data-end=\"387\">une attention \u00e9troite et personnalis\u00e9e<\/strong> pour r\u00e9pondre \u00e0 toutes vos questions avant et apr\u00e8s votre achat.<\/p>\n<p>&nbsp;<\/p>\n<h3><b>Iguana Smoke est votre boutique en ligne de CBD\u00a0<\/b><\/h3>\n<p><span style=\"font-weight: 400;\">Au<strong> Fum\u00e9e d'iguane<\/strong>, Nous pensons que la consommation de CBD doit se faire en toute s\u00e9curit\u00e9. C'est pourquoi nous proposons des produits comme celui-ci <strong>10-OH Gorilla Glue vaper<\/strong>, La marque s'adresse aux nouvelles g\u00e9n\u00e9rations : des personnes qui recherchent un bien-\u00eatre simple, avec des marques authentiques et fiables.\u00a0<\/span><\/p>\n<p>Vous savez, notre mission est claire : vous apporter le meilleur du monde des cannabino\u00efdes \u00e0 un prix \u00e9quitable. De plus, nous vous offrons la tranquillit\u00e9 d'esprit de savoir que vous choisissez un produit certifi\u00e9, efficace et 100% l\u00e9gal. Votre temps de d\u00e9tente commence ici avec nous.<\/p>\n<p>Vous avez encore des doutes ? Ecrivez-nous et nous nous ferons un plaisir de vous aider \u00e0 trouver le produit qui vous convient.<\/p>\n<p>&nbsp;<\/p>\n<h6>\u2139\ufe0f<strong> Informations juridiques<\/strong><\/h6>\n<p><em><span style=\"font-weight: 400;\">*Produit destin\u00e9 \u00e0 la collection ou \u00e0 l'aromath\u00e9rapie, conform\u00e9ment \u00e0 la l\u00e9gislation espagnole en vigueur. <\/span><\/em><\/p>\n<p><em><span style=\"font-weight: 400;\">**D\u00e9riv\u00e9 de chanvre industriel certifi\u00e9. Contient moins de 0,3 THC et ne contient pas de cannabino\u00efdes ill\u00e9gaux tels que HHC, HHC-P, THCP, THCP-O, H4CBD ou des substances \u00e9num\u00e9r\u00e9es \u00e0 l'annexe I du d\u00e9cret royal 2829\/1977, ni de substances contr\u00f4l\u00e9es par des conventions internationales.\u00a0\u00a0<\/span><\/em><\/p>\n<p>&nbsp;<\/p>\n<h2><strong>\ud83d\udcac FAQS 10-OH Space Vape : <\/strong><\/h2>\n<h4><span style=\"font-weight: 400;\">\u2753Placez le 10-OH Gorilla Glue Space Vape Vaper ? <\/span><\/h4>\n<p><span style=\"font-weight: 400;\">Il offre <strong>effets psychoactifs mod\u00e9r\u00e9s et plus \u00e9quilibr\u00e9s que le THC traditionnel<\/strong>, C'est un choix populaire pour ceux qui recherchent une exp\u00e9rience contr\u00f4l\u00e9e.\u00a0<\/span><\/p>\n<h4><span style=\"font-weight: 400;\">Quel effet puis-je attendre et combien de temps cela prend-il ?\u00a0<\/span><\/h4>\n<p><span style=\"font-weight: 400;\">N'oubliez pas que chaque personne est unique et que les <strong>les effets peuvent varier<\/strong> en fonction de la concentration, de l'utilisateur, de la tol\u00e9rance et de la fr\u00e9quence d'utilisation. Il est possible que vous commenciez \u00e0 le remarquer rapidement. <strong>L'effet est puissant et dure environ 3 \u00e0 4 heures.<\/strong>.<\/span><\/p>\n<h4><span style=\"font-weight: 400;\">Le 10-OH est-il l\u00e9gal en Espagne ?\u00a0<\/span><\/h4>\n<p><span style=\"font-weight: 400;\"><strong>Oui<\/strong>, le 1<strong>Le 0-OH peut \u00eatre l\u00e9galement commercialis\u00e9 en Espagne<\/strong> \u00e0 condition qu'il soit conforme \u00e0 la r\u00e9glementation europ\u00e9enne sur le chanvre industriel et qu'il fasse l'objet d'une analyse et d'une tra\u00e7abilit\u00e9 par un laboratoire ind\u00e9pendant. <\/span><\/p>\n<p><span style=\"font-weight: 400;\">En outre, il est essentiel que <strong>ne d\u00e9passe pas les limites l\u00e9gales de THC<\/strong>, qui correspond \u00e0 un pourcentage <strong>moins de 0,3% THC.<\/strong> Bien entendu, en <strong>Fum\u00e9e d'iguane<\/strong> Nous prenons cela tr\u00e8s au s\u00e9rieux et tous nos produits sont conformes aux normes et standards actuels.\u00a0<\/span><\/p>\n<h4><span style=\"font-weight: 400;\">Pourquoi choisir le 10-OH plut\u00f4t que le HHC ou le THC ?\u00a0<\/span><\/h4>\n<p><span style=\"font-weight: 400;\">Parce qu'ils offrent une<strong>une exp\u00e9rience stable, coh\u00e9rente et conviviale<\/strong>, gr\u00e2ce \u00e0 la <strong>une plus grande stabilit\u00e9<\/strong> <strong>mol\u00e9culaire<\/strong> 10-OH et son format de vape pratique.<\/span><\/p>","protected":false},"excerpt":{"rendered":"<h4>Caract\u00e9ristiques<\/h4>\n<ul>\n<li style=\"list-style-type: none;\">\n<ul>\n<li>Saveur de la vari\u00e9t\u00e9 de cannabis<\/li>\n<li>Capacit\u00e9 : 1 ml \/ 2 ml<\/li>\n<li>Courses : jusqu'\u00e0 300 \/ 600<\/li>\n<li>Terp\u00e8nes naturels de haute qualit\u00e9<\/li>\n<li>10-OH \u00e0 90%<\/li>\n<li>THC : 0%, HHC : 0%, THC-P : 0%, Nicotine : 0%<\/li>\n<li>Ne contient pas de VG, PG, PEG, MCT ou autre agent de coupe.<\/li>\n<\/ul>\n<\/li>\n<\/ul>\n<p><span style=\"font-weight: 400;\">En outre, si vous le souhaitez, vous pouvez consulter<strong> <a href=\"https:\/\/iguanasmoke.com\/fr\/lanalyse\/\">analyse en laboratoire.<\/a><\/strong><\/span><\/p>","protected":false},"featured_media":74807,"comment_status":"open","ping_status":"closed","template":"","meta":{"_acf_changed":false,"site-sidebar-layout":"default","site-content-layout":"","ast-site-content-layout":"default","site-content-style":"default","site-sidebar-style":"default","ast-global-header-display":"","ast-banner-title-visibility":"","ast-main-header-display":"","ast-hfb-above-header-display":"","ast-hfb-below-header-display":"","ast-hfb-mobile-header-display":"","site-post-title":"","ast-breadcrumbs-content":"","ast-featured-img":"","footer-sml-layout":"","theme-transparent-header-meta":"default","adv-header-id-meta":"","stick-header-meta":"","header-above-stick-meta":"","header-main-stick-meta":"","header-below-stick-meta":"","astra-migrate-meta-layouts":"set","ast-page-background-enabled":"default","ast-page-background-meta":{"desktop":{"background-color":"var(--ast-global-color-4)","background-image":"","background-repeat":"repeat","background-position":"center center","background-size":"auto","background-attachment":"scroll","background-type":"","background-media":"","overlay-type":"","overlay-color":"","overlay-opacity":"","overlay-gradient":""},"tablet":{"background-color":"","background-image":"","background-repeat":"repeat","background-position":"center center","background-size":"auto","background-attachment":"scroll","background-type":"","background-media":"","overlay-type":"","overlay-color":"","overlay-opacity":"","overlay-gradient":""},"mobile":{"background-color":"","background-image":"","background-repeat":"repeat","background-position":"center center","background-size":"auto","background-attachment":"scroll","background-type":"","background-media":"","overlay-type":"","overlay-color":"","overlay-opacity":"","overlay-gradient":""}},"ast-content-background-meta":{"desktop":{"background-color":"var(--ast-global-color-5)","background-image":"","background-repeat":"repeat","background-position":"center center","background-size":"auto","background-attachment":"scroll","background-type":"","background-media":"","overlay-type":"","overlay-color":"","overlay-opacity":"","overlay-gradient":""},"tablet":{"background-color":"var(--ast-global-color-5)","background-image":"","background-repeat":"repeat","background-position":"center center","background-size":"auto","background-attachment":"scroll","background-type":"","background-media":"","overlay-type":"","overlay-color":"","overlay-opacity":"","overlay-gradient":""},"mobile":{"background-color":"var(--ast-global-color-5)","background-image":"","background-repeat":"repeat","background-position":"center center","background-size":"auto","background-attachment":"scroll","background-type":"","background-media":"","overlay-type":"","overlay-color":"","overlay-opacity":"","overlay-gradient":""}}},"product_brand":[],"product_cat":[550],"product_tag":[],"class_list":{"0":"post-56618","1":"product","2":"type-product","3":"status-publish","4":"has-post-thumbnail","6":"product_cat-10oh","7":"desktop-align-center","8":"tablet-align-center","9":"mobile-align-center","11":"first","12":"instock","13":"taxable","14":"shipping-taxable","15":"purchasable","16":"product-type-variable"},"acf":[],"yoast_head":"<!-- This site is optimized with the Yoast SEO Premium plugin v27.3 (Yoast SEO v27.3) - https:\/\/yoast.com\/product\/yoast-seo-premium-wordpress\/ -->\n<title>Vaper 10-OH 90% Space Vape Gorilla Glue | Iguana Smoke<\/title>\n<meta name=\"description\" content=\"Compra el Vaper 10-OH Gorilla Glue 90% Gorilla Glue. Descubre una experiencia de vapeo relajante. Env\u00edos r\u00e1pidos y rebajas en Iguana Smoke.\" \/>\n<meta name=\"robots\" content=\"index, follow, max-snippet:-1, max-image-preview:large, max-video-preview:-1\" \/>\n<link rel=\"canonical\" href=\"https:\/\/iguanasmoke.com\/fr\/produit\/vaper-10oh-space-vape-gorilla-glue\/\" \/>\n<meta property=\"og:locale\" content=\"fr_FR\" \/>\n<meta property=\"og:type\" content=\"article\" \/>\n<meta property=\"og:title\" content=\"Vaper 10-OH 90% Space Vape Gorilla Glue\" \/>\n<meta property=\"og:description\" content=\"Caracter\u00edsticas      Sabor a variedad cann\u00e1bica  Capacidad: 1 ml \/ 2 ml  Caladas: hasta 300 \/ 600  Terpenos naturales de alta calidad  10-OH al 90%  THC: 0%, HHC: 0%, THC-P: 0%, Nicotina: 0%  No contiene VG, PG, PEG, MCT u otro agente de corte.    Adem\u00e1s, si quieres puedes consultar el an\u00e1lisis de laboratorio.\" \/>\n<meta property=\"og:url\" content=\"https:\/\/iguanasmoke.com\/fr\/produit\/vaper-10oh-space-vape-gorilla-glue\/\" \/>\n<meta property=\"og:site_name\" content=\"Iguana Smoke\" \/>\n<meta property=\"article:publisher\" content=\"https:\/\/www.facebook.com\/iguanasmoke\" \/>\n<meta property=\"article:modified_time\" content=\"2026-04-15T19:16:17+00:00\" \/>\n<meta property=\"og:image\" content=\"https:\/\/iguanasmoke.com\/wp-content\/uploads\/2025\/05\/Mockup-10-OH-Gorilla-Glue-caja-y-pod-vde-der.webp\" \/>\n\t<meta property=\"og:image:width\" content=\"1000\" \/>\n\t<meta property=\"og:image:height\" content=\"1000\" \/>\n\t<meta property=\"og:image:type\" content=\"image\/webp\" \/>\n<meta name=\"twitter:card\" content=\"summary_large_image\" \/>\n<meta name=\"twitter:label1\" content=\"Disponibilit\u00e9\" \/>\n\t<meta name=\"twitter:data1\" content=\"En stock\" \/>\n<meta property=\"product:brand\" content=\"variable\" \/>\n<meta property=\"og:availability\" content=\"instock\" \/>\n<meta property=\"product:availability\" content=\"instock\" \/>\n<meta property=\"product:condition\" content=\"new\" \/>\n<!-- \/ Yoast SEO Premium plugin. -->","yoast_head_json":{"title":"Vaper 10-OH 90% Space Vape Gorilla Glue : Iguana Smoke","description":"Acheter le Vaper 10-OH Gorilla Glue 90% Gorilla Glue. D\u00e9couvrez une exp\u00e9rience de vape relaxante. Livraison rapide et rabais chez Iguana Smoke.","robots":{"index":"index","follow":"follow","max-snippet":"max-snippet:-1","max-image-preview":"max-image-preview:large","max-video-preview":"max-video-preview:-1"},"canonical":"https:\/\/iguanasmoke.com\/fr\/produit\/vaper-10oh-space-vape-gorilla-glue\/","og_locale":"fr_FR","og_type":"article","og_title":"Vaper 10-OH 90% Space Vape Gorilla Glue","og_description":"Caracter\u00edsticas      Sabor a variedad cann\u00e1bica  Capacidad: 1 ml \/ 2 ml  Caladas: hasta 300 \/ 600  Terpenos naturales de alta calidad  10-OH al 90%  THC: 0%, HHC: 0%, THC-P: 0%, Nicotina: 0%  No contiene VG, PG, PEG, MCT u otro agente de corte.    Adem\u00e1s, si quieres puedes consultar el an\u00e1lisis de laboratorio.","og_url":"https:\/\/iguanasmoke.com\/fr\/produit\/vaper-10oh-space-vape-gorilla-glue\/","og_site_name":"Iguana Smoke","article_publisher":"https:\/\/www.facebook.com\/iguanasmoke","article_modified_time":"2026-04-15T19:16:17+00:00","og_image":[{"width":1000,"height":1000,"url":"https:\/\/iguanasmoke.com\/wp-content\/uploads\/2025\/05\/Mockup-10-OH-Gorilla-Glue-caja-y-pod-vde-der.webp","type":"image\/webp"}],"twitter_card":"summary_large_image","twitter_misc":{"Disponibilit\u00e9":"En stock"},"schema":{"@context":"https:\/\/schema.org","@graph":[{"@type":"WebPage","@id":"https:\/\/iguanasmoke.com\/producto\/vaper-10oh-space-vape-gorilla-glue\/","url":"https:\/\/iguanasmoke.com\/producto\/vaper-10oh-space-vape-gorilla-glue\/","name":"Vaper 10-OH 90% Space Vape Gorilla Glue : Iguana Smoke","isPartOf":{"@id":"https:\/\/iguanasmoke.com\/#website"},"primaryImageOfPage":{"@id":"https:\/\/iguanasmoke.com\/producto\/vaper-10oh-space-vape-gorilla-glue\/#primaryimage"},"image":{"@id":"https:\/\/iguanasmoke.com\/producto\/vaper-10oh-space-vape-gorilla-glue\/#primaryimage"},"thumbnailUrl":"https:\/\/iguanasmoke.com\/wp-content\/uploads\/2025\/05\/Mockup-10-OH-Gorilla-Glue-caja-y-pod-vde-der.webp","datePublished":"2025-05-08T17:19:17+00:00","dateModified":"2026-04-15T19:16:17+00:00","description":"Acheter le Vaper 10-OH Gorilla Glue 90% Gorilla Glue. D\u00e9couvrez une exp\u00e9rience de vape relaxante. Livraison rapide et rabais chez Iguana Smoke.","breadcrumb":{"@id":"https:\/\/iguanasmoke.com\/producto\/vaper-10oh-space-vape-gorilla-glue\/#breadcrumb"},"inLanguage":"fr-FR","potentialAction":[{"@type":"ReadAction","target":["https:\/\/iguanasmoke.com\/producto\/vaper-10oh-space-vape-gorilla-glue\/"]}]},{"@type":"ImageObject","inLanguage":"fr-FR","@id":"https:\/\/iguanasmoke.com\/producto\/vaper-10oh-space-vape-gorilla-glue\/#primaryimage","url":"https:\/\/iguanasmoke.com\/wp-content\/uploads\/2025\/05\/Mockup-10-OH-Gorilla-Glue-caja-y-pod-vde-der.webp","contentUrl":"https:\/\/iguanasmoke.com\/wp-content\/uploads\/2025\/05\/Mockup-10-OH-Gorilla-Glue-caja-y-pod-vde-der.webp","width":1000,"height":1000,"caption":"Caja m\u00e1s vaper verde Gorilla Glue 10-OH 2ml dcha"},{"@type":"BreadcrumbList","@id":"https:\/\/iguanasmoke.com\/producto\/vaper-10oh-space-vape-gorilla-glue\/#breadcrumb","itemListElement":[{"@type":"ListItem","position":1,"name":"home","item":"https:\/\/iguanasmoke.com\/"},{"@type":"ListItem","position":2,"name":"Tienda","item":"https:\/\/iguanasmoke.com\/tienda\/"},{"@type":"ListItem","position":3,"name":"Nuevas Mol\u00e9culas","item":"https:\/\/iguanasmoke.com\/categoria\/nuevas-moleculas\/"},{"@type":"ListItem","position":4,"name":"10-OH","item":"https:\/\/iguanasmoke.com\/categoria\/nuevas-moleculas\/10oh\/"},{"@type":"ListItem","position":5,"name":"Vaper 10-OH 90% Space Vape Gorilla Glue"}]},{"@type":"WebSite","@id":"https:\/\/iguanasmoke.com\/#website","url":"https:\/\/iguanasmoke.com\/","name":"Fum\u00e9e d'iguane","description":"Acheter du CBD en ligne au meilleur prix","publisher":{"@id":"https:\/\/iguanasmoke.com\/#organization"},"potentialAction":[{"@type":"SearchAction","target":{"@type":"EntryPoint","urlTemplate":"https:\/\/iguanasmoke.com\/?s={search_term_string}"},"query-input":{"@type":"PropertyValueSpecification","valueRequired":true,"valueName":"search_term_string"}}],"inLanguage":"fr-FR"},{"@type":"Organization","@id":"https:\/\/iguanasmoke.com\/#organization","name":"Fum\u00e9e d'iguane","url":"https:\/\/iguanasmoke.com\/","logo":{"@type":"ImageObject","inLanguage":"fr-FR","@id":"https:\/\/iguanasmoke.com\/#\/schema\/logo\/image\/","url":"https:\/\/iguanasmoke.com\/wp-content\/uploads\/2025\/01\/logoiguana-favi-1.png","contentUrl":"https:\/\/iguanasmoke.com\/wp-content\/uploads\/2025\/01\/logoiguana-favi-1.png","width":512,"height":512,"caption":"Iguana Smoke"},"image":{"@id":"https:\/\/iguanasmoke.com\/#\/schema\/logo\/image\/"},"sameAs":["https:\/\/www.facebook.com\/iguanasmoke","https:\/\/www.instagram.com\/iguanasmoke\/"]}]},"product_brand":"variable","og_availability":"instock","product_availability":"instock","product_condition":"new"},"_links":{"self":[{"href":"https:\/\/iguanasmoke.com\/fr\/wp-json\/wp\/v2\/product\/56618","targetHints":{"allow":["GET"]}}],"collection":[{"href":"https:\/\/iguanasmoke.com\/fr\/wp-json\/wp\/v2\/product"}],"about":[{"href":"https:\/\/iguanasmoke.com\/fr\/wp-json\/wp\/v2\/types\/product"}],"replies":[{"embeddable":true,"href":"https:\/\/iguanasmoke.com\/fr\/wp-json\/wp\/v2\/comments?post=56618"}],"wp:featuredmedia":[{"embeddable":true,"href":"https:\/\/iguanasmoke.com\/fr\/wp-json\/wp\/v2\/media\/74807"}],"wp:attachment":[{"href":"https:\/\/iguanasmoke.com\/fr\/wp-json\/wp\/v2\/media?parent=56618"}],"wp:term":[{"taxonomy":"product_brand","embeddable":true,"href":"https:\/\/iguanasmoke.com\/fr\/wp-json\/wp\/v2\/product_brand?post=56618"},{"taxonomy":"product_cat","embeddable":true,"href":"https:\/\/iguanasmoke.com\/fr\/wp-json\/wp\/v2\/product_cat?post=56618"},{"taxonomy":"product_tag","embeddable":true,"href":"https:\/\/iguanasmoke.com\/fr\/wp-json\/wp\/v2\/product_tag?post=56618"}],"curies":[{"name":"wp","href":"https:\/\/api.w.org\/{rel}","templated":true}]}}