{"id":57563,"date":"2025-05-22T19:08:41","date_gmt":"2025-05-22T17:08:41","guid":{"rendered":"https:\/\/iguanasmoke.com\/?post_type=product&#038;p=57563"},"modified":"2026-03-20T10:39:09","modified_gmt":"2026-03-20T09:39:09","slug":"hash-cbn-40","status":"publish","type":"product","link":"https:\/\/iguanasmoke.com\/fr\/producto\/hash-cbn-40\/","title":{"rendered":"Hash CBN 40%"},"content":{"rendered":"<h1><span style=\"font-weight: 400;\">Hash CBN 40% : notre solution unique et in\u00e9gal\u00e9e<\/span><\/h1>\n<p><span style=\"font-weight: 400;\">Ce hachage est aussi sp\u00e9cial qu'unique, le <strong>Hash CBN 40%<\/strong> est unique en son genre : avec 40% de CBN (cannabinol) dans sa composition et moins de 0,3% de THC, ce qui en fait le haschisch id\u00e9al \u00e0 d\u00e9guster seul.<\/span><span style=\"font-weight: 400;\">\u00a0D\u00e9couvrez pourquoi la <strong>haschisch CBN 40%<\/strong><strong>\u00a0<\/strong>est l'une des r\u00e9sines les plus solides et de la plus haute qualit\u00e9 que vous puissiez trouver si vous voulez <strong>acheter du haschisch CBN bon march\u00e9<\/strong> mais premium.<\/span><\/p>\n<p><span style=\"font-weight: 400;\">D\u00e9couvrez sa texture et savourez ses ar\u00f4mes !<\/span><\/p>\n<p>&nbsp;<\/p>\n<h2><strong>Qu'est-ce que le CBN ?<\/strong><\/h2>\n<p><span style=\"font-weight: 400;\">Le <strong>CBN<\/strong> (cannabinol) est un <strong>cannabino\u00efde naturel<\/strong> qui se trouve dans la <strong>PLANTE DE CANNABIS<\/strong>, bien qu'en faibles proportions. Il se forme naturellement lorsque le <strong>Le THC s'oxyde ou vieillit<\/strong>, On la retrouve donc souvent dans les fleurs ou les extraits anciens. Sa pr\u00e9sence est indispensable dans notre <strong>Hash CBN 40%<\/strong> unique.<\/span><\/p>\n<p><span style=\"font-weight: 400;\"><strong>Pas de substance psychoactive<\/strong> Comme le CBD, il n'a donc pas d'effets psychoactifs. Il est fr\u00e9quemment utilis\u00e9 pour am\u00e9liorer le sommeil en raison de ses effets sur la sant\u00e9. <strong>effet relaxant et s\u00e9datif<\/strong>; Il peut \u00e9galement contribuer \u00e0 r\u00e9duire l'anxi\u00e9t\u00e9, la douleur et l'inflammation. En combinaison avec le CBD, elle peut renforcer les effets calmants sans alt\u00e9rer l'esprit.\u00a0<\/span><\/p>\n<p>&nbsp;<\/p>\n<h2>Caract\u00e9ristiques du CBN Hash :<\/h2>\n<ul>\n<li><b>Aspect et texture : <span style=\"font-size: 16px; font-weight: 400;\">se distingue par sa couleur grill\u00e9e, <strong>texture cr\u00e9meuse et mall\u00e9able<\/strong> avec la pr\u00e9sence marqu\u00e9e d'un 40% de CBN.\u00a0<\/span><\/b><\/li>\n<li><span style=\"font-size: 16px; font-weight: 400;\"><strong>Ar\u00f4me et go\u00fbt :<\/strong> intense avec des tons de <strong>bonbons<\/strong>.<\/span><\/li>\n<li><strong>Origine et puret\u00e9 :<\/strong><span style=\"font-size: 16px; font-weight: 400;\"> Fabriqu\u00e9 avec <strong>des fleurs de chanvre qui se d\u00e9gradent<\/strong> progressivement dans le temps ou avec l'exposition \u00e0 l'air et \u00e0 la lumi\u00e8re.\u00a0<\/span><\/li>\n<\/ul>\n<p>&nbsp;<\/p>\n<h3><b>Pourquoi acheter du haschisch CBN chez Iguana Smoke ?<\/b><\/h3>\n<p><span style=\"font-weight: 400;\">Chez Iguana Smoke, nous nous engageons sur la qualit\u00e9. Nos produits de haschisch CBD sont 100% naturels et biologiques, sans produits chimiques ni pesticides. Cela signifie que lorsque vous achetez chez nous, vous choisissez <strong>du haschich et de la r\u00e9sine CBN purs et s\u00fbrs<\/strong>. Comme c'est le cas pour nos <strong>haschisch CBN 40%<\/strong><strong>.<\/strong><\/span><\/p>\n<p><span style=\"font-weight: 400;\">C'est l'endroit s\u00fbr pour <strong>acheter du hash CBN bon march\u00e9 en ligne en Espagne.<\/strong> Tous nos produits sont approuv\u00e9s par l'UE, ce qui garantit leur l\u00e9galit\u00e9 et leur s\u00e9curit\u00e9. Avec moins de 0,3 % THC, vous pouvez profiter des nombreux avantages du CBD sans les effets psychoactifs. Nos produits <strong>Le haschisch CBN sans THC 40% a une teneur \u00e9lev\u00e9e en CBN. <\/strong> et respecte des normes de qualit\u00e9 dont l'analyse est disponible \u00e0 l'adresse suivante<\/span><span style=\"font-weight: 400;\">\u00a0<a href=\"https:\/\/iguanasmoke.com\/fr\/lanalyse\/\">ici<\/a>.\u00a0<\/span><\/p>\n<p><em><span style=\"font-weight: 400;\">*Veuillez noter que son utilisation est destin\u00e9e \u00e0 la collection ou \u00e0 l'aromath\u00e9rapie, conform\u00e9ment \u00e0 la loi espagnole.\u00a0<\/span><\/em><\/p>\n<p><span style=\"font-weight: 400;\">De plus, si vous aimez nos r\u00e9sines CBD plus traditionnelles, comme le <a href=\"https:\/\/iguanasmoke.com\/fr\/produit\/lemon-haze-hash-cbd-20\/\">hash CBD Lemon Haze<\/a> ou le <a href=\"https:\/\/iguanasmoke.com\/fr\/produit\/nepal-cream-hash-cbd-20\/\">haschisch CBD N\u00e9pal<\/a>,Vous <\/span><span style=\"font-weight: 400;\">nous veillons \u00e0 ce que les <strong>Hash CBN<\/strong> vous permettra de vous d\u00e9tendre. N'oubliez pas non plus d'essayer d'autres <strong>Produits TOP<\/strong> en tant que <a href=\"https:\/\/iguanasmoke.com\/fr\/produit\/live-resin-cbd-84-con-live-terpenes\/\">extraits naturels<\/a> ou le <a href=\"https:\/\/iguanasmoke.com\/fr\/produit\/vaper-10-oh-90-space-vape-strawberry\/\">Vaper 10-OH Space Vape<\/a>. <\/span><span style=\"font-weight: 400;\">En bref, explorez notre vari\u00e9t\u00e9 et trouvez vos favoris d\u00e8s maintenant.\u00a0<\/span><\/p>\n<p>&nbsp;<\/p>\n<h3><b>Iguana Smoke est synonyme de qualit\u00e9 et de fiabilit\u00e9.<\/b><\/h3>\n<p><span style=\"font-weight: 400;\">Chez Iguana Smoke, nous pensons que le CBD doit \u00eatre une exp\u00e9rience s\u00fbre et agr\u00e9able. C'est pourquoi nous proposons des produits de haute qualit\u00e9 qui s'adressent aux nouvelles g\u00e9n\u00e9rations : des personnes qui recherchent un bien-\u00eatre simple, avec des marques authentiques et fiables. N'oubliez pas que tous nos produits sont <strong>Hachis de cannabino\u00efdes sans THC<\/strong>, tels que le <strong>Hash CBN 40% <\/strong>vous allez essayer.<\/span><\/p>\n<p>Vous savez, notre mission est claire : vous apporter le meilleur du monde des cannabino\u00efdes \u00e0 un prix juste, avec la tranquillit\u00e9 d'esprit de savoir que vous choisissez un produit certifi\u00e9, efficace et 100% l\u00e9gal. Nous sommes \u00e0 l'avant-garde des produits issus de la <span style=\"font-weight: 400;\">le cannabis<\/span> comme le remarquable <strong>Hash CBN 40%<\/strong>.<\/p>\n<p>Vous avez encore des doutes ? Ecrivez-nous et nous nous ferons un plaisir de vous aider \u00e0 trouver le produit qui vous convient.<\/p>","protected":false},"excerpt":{"rendered":"<p><span style=\"font-weight: 400;\">Le CBN Hash 40% se distingue par son ar\u00f4me intense et ses tonalit\u00e9s sucr\u00e9es, offrant une texture cr\u00e9meuse et mall\u00e9able. Ce hasch est id\u00e9al pour les amateurs qui recherchent une exp\u00e9rience authentique et veulent acheter du CBD en ligne.<\/span><\/p>\n<ul>\n<li>CBN : 40% \/ THC : &lt;0,3%<\/li>\n<li>100% l\u00e9gal en Europe<\/li>\n<\/ul>\n<p>Analyse de la qualit\u00e9 : cliquez\u00a0<a href=\"https:\/\/iguanasmoke.com\/fr\/lanalyse\/\" target=\"_blank\" rel=\"noopener\">ici<\/a><\/p>","protected":false},"featured_media":81815,"comment_status":"open","ping_status":"closed","template":"","meta":{"_acf_changed":false,"site-sidebar-layout":"default","site-content-layout":"default","ast-site-content-layout":"default","site-content-style":"default","site-sidebar-style":"default","ast-global-header-display":"","ast-banner-title-visibility":"","ast-main-header-display":"","ast-hfb-above-header-display":"","ast-hfb-below-header-display":"","ast-hfb-mobile-header-display":"","site-post-title":"","ast-breadcrumbs-content":"","ast-featured-img":"","footer-sml-layout":"","theme-transparent-header-meta":"default","adv-header-id-meta":"","stick-header-meta":"","header-above-stick-meta":"","header-main-stick-meta":"","header-below-stick-meta":"","astra-migrate-meta-layouts":"set","ast-page-background-enabled":"default","ast-page-background-meta":{"desktop":{"background-color":"var(--ast-global-color-4)","background-image":"","background-repeat":"repeat","background-position":"center center","background-size":"auto","background-attachment":"scroll","background-type":"","background-media":"","overlay-type":"","overlay-color":"","overlay-opacity":"","overlay-gradient":""},"tablet":{"background-color":"","background-image":"","background-repeat":"repeat","background-position":"center center","background-size":"auto","background-attachment":"scroll","background-type":"","background-media":"","overlay-type":"","overlay-color":"","overlay-opacity":"","overlay-gradient":""},"mobile":{"background-color":"","background-image":"","background-repeat":"repeat","background-position":"center center","background-size":"auto","background-attachment":"scroll","background-type":"","background-media":"","overlay-type":"","overlay-color":"","overlay-opacity":"","overlay-gradient":""}},"ast-content-background-meta":{"desktop":{"background-color":"var(--ast-global-color-5)","background-image":"","background-repeat":"repeat","background-position":"center center","background-size":"auto","background-attachment":"scroll","background-type":"","background-media":"","overlay-type":"","overlay-color":"","overlay-opacity":"","overlay-gradient":""},"tablet":{"background-color":"var(--ast-global-color-5)","background-image":"","background-repeat":"repeat","background-position":"center center","background-size":"auto","background-attachment":"scroll","background-type":"","background-media":"","overlay-type":"","overlay-color":"","overlay-opacity":"","overlay-gradient":""},"mobile":{"background-color":"var(--ast-global-color-5)","background-image":"","background-repeat":"repeat","background-position":"center center","background-size":"auto","background-attachment":"scroll","background-type":"","background-media":"","overlay-type":"","overlay-color":"","overlay-opacity":"","overlay-gradient":""}}},"product_brand":[],"product_cat":[397],"product_tag":[],"class_list":{"0":"post-57563","1":"product","2":"type-product","3":"status-publish","4":"has-post-thumbnail","6":"product_cat-hash-cbd","7":"desktop-align-center","8":"tablet-align-center","9":"mobile-align-center","11":"first","12":"outofstock","13":"taxable","14":"shipping-taxable","15":"purchasable","16":"product-type-variable"},"acf":[],"yoast_head":"<!-- This site is optimized with the Yoast SEO Premium plugin v27.3 (Yoast SEO v27.3) - https:\/\/yoast.com\/product\/yoast-seo-premium-wordpress\/ -->\n<title>Hash CBN 40%: el original | Iguana Smoke<\/title>\n<meta name=\"description\" content=\"Disfruta del exclusivo Hash CBN 40%, lleno de aromas y con menos del 0.3% de THC. \u00a1Ideal para aquellos que buscan lo especial, compra hach\u00eds CBN 40%!\" \/>\n<meta name=\"robots\" content=\"index, follow, max-snippet:-1, max-image-preview:large, max-video-preview:-1\" \/>\n<link rel=\"canonical\" href=\"https:\/\/iguanasmoke.com\/fr\/produit\/hash-cbn-40\/\" \/>\n<meta property=\"og:locale\" content=\"fr_FR\" \/>\n<meta property=\"og:type\" content=\"article\" \/>\n<meta property=\"og:title\" content=\"Hash CBN 40%\" \/>\n<meta property=\"og:description\" content=\"El CBN Hash 40% destaca por su aroma intenso y tonos dulces, ofreciendo una textura cremosa y maleable. Este hash es ideal para los aficionados que buscan una experiencia aut\u00e9ntica y quieren comprar CBD online.   CBN: 40% \/ THC: &lt;0,3%  100% legal en Europa  An\u00e1lisis de calidad: pincha\u00a0aqu\u00ed\" \/>\n<meta property=\"og:url\" content=\"https:\/\/iguanasmoke.com\/fr\/produit\/hash-cbn-40\/\" \/>\n<meta property=\"og:site_name\" content=\"Iguana Smoke\" \/>\n<meta property=\"article:publisher\" content=\"https:\/\/www.facebook.com\/iguanasmoke\" \/>\n<meta property=\"article:modified_time\" content=\"2026-03-20T09:39:09+00:00\" \/>\n<meta property=\"og:image\" content=\"https:\/\/iguanasmoke.com\/wp-content\/uploads\/2025\/05\/CBN-2g-con-hash.webp\" \/>\n\t<meta property=\"og:image:width\" content=\"1000\" \/>\n\t<meta property=\"og:image:height\" content=\"1000\" \/>\n\t<meta property=\"og:image:type\" content=\"image\/webp\" \/>\n<meta name=\"twitter:card\" content=\"summary_large_image\" \/>\n<meta name=\"twitter:label1\" content=\"Disponibilit\u00e9\" \/>\n\t<meta name=\"twitter:data1\" content=\"Rupture de stock\" \/>\n<meta property=\"product:brand\" content=\"variable\" \/>\n<meta property=\"og:availability\" content=\"out of stock\" \/>\n<meta property=\"product:availability\" content=\"out of stock\" \/>\n<meta property=\"product:condition\" content=\"new\" \/>\n<!-- \/ Yoast SEO Premium plugin. -->","yoast_head_json":{"title":"Hash CBN 40% : l'original : Iguana Smoke","description":"Appr\u00e9ciez le haschisch exclusif CBN 40%, plein d'ar\u00f4mes et avec moins de 0,3% THC. Id\u00e9al pour ceux qui recherchent quelque chose de sp\u00e9cial, achetez le haschisch CBN 40% !","robots":{"index":"index","follow":"follow","max-snippet":"max-snippet:-1","max-image-preview":"max-image-preview:large","max-video-preview":"max-video-preview:-1"},"canonical":"https:\/\/iguanasmoke.com\/fr\/produit\/hash-cbn-40\/","og_locale":"fr_FR","og_type":"article","og_title":"Hash CBN 40%","og_description":"El CBN Hash 40% destaca por su aroma intenso y tonos dulces, ofreciendo una textura cremosa y maleable. Este hash es ideal para los aficionados que buscan una experiencia aut\u00e9ntica y quieren comprar CBD online.   CBN: 40% \/ THC: &lt;0,3%  100% legal en Europa  An\u00e1lisis de calidad: pincha\u00a0aqu\u00ed","og_url":"https:\/\/iguanasmoke.com\/fr\/produit\/hash-cbn-40\/","og_site_name":"Iguana Smoke","article_publisher":"https:\/\/www.facebook.com\/iguanasmoke","article_modified_time":"2026-03-20T09:39:09+00:00","og_image":[{"width":1000,"height":1000,"url":"https:\/\/iguanasmoke.com\/wp-content\/uploads\/2025\/05\/CBN-2g-con-hash.webp","type":"image\/webp"}],"twitter_card":"summary_large_image","twitter_misc":{"Disponibilit\u00e9":"Rupture de stock"},"schema":{"@context":"https:\/\/schema.org","@graph":[{"@type":"WebPage","@id":"https:\/\/iguanasmoke.com\/producto\/hash-cbn-40\/","url":"https:\/\/iguanasmoke.com\/producto\/hash-cbn-40\/","name":"Hash CBN 40% : l'original : Iguana Smoke","isPartOf":{"@id":"https:\/\/iguanasmoke.com\/#website"},"primaryImageOfPage":{"@id":"https:\/\/iguanasmoke.com\/producto\/hash-cbn-40\/#primaryimage"},"image":{"@id":"https:\/\/iguanasmoke.com\/producto\/hash-cbn-40\/#primaryimage"},"thumbnailUrl":"https:\/\/iguanasmoke.com\/wp-content\/uploads\/2025\/05\/CBN-2g-con-hash.webp","datePublished":"2025-05-22T17:08:41+00:00","dateModified":"2026-03-20T09:39:09+00:00","description":"Appr\u00e9ciez le haschisch exclusif CBN 40%, plein d'ar\u00f4mes et avec moins de 0,3% THC. Id\u00e9al pour ceux qui recherchent quelque chose de sp\u00e9cial, achetez le haschisch CBN 40% !","breadcrumb":{"@id":"https:\/\/iguanasmoke.com\/producto\/hash-cbn-40\/#breadcrumb"},"inLanguage":"fr-FR","potentialAction":[{"@type":"ReadAction","target":["https:\/\/iguanasmoke.com\/producto\/hash-cbn-40\/"]}]},{"@type":"ImageObject","inLanguage":"fr-FR","@id":"https:\/\/iguanasmoke.com\/producto\/hash-cbn-40\/#primaryimage","url":"https:\/\/iguanasmoke.com\/wp-content\/uploads\/2025\/05\/CBN-2g-con-hash.webp","contentUrl":"https:\/\/iguanasmoke.com\/wp-content\/uploads\/2025\/05\/CBN-2g-con-hash.webp","width":1000,"height":1000,"caption":"Hash CBN 2g"},{"@type":"BreadcrumbList","@id":"https:\/\/iguanasmoke.com\/producto\/hash-cbn-40\/#breadcrumb","itemListElement":[{"@type":"ListItem","position":1,"name":"home","item":"https:\/\/iguanasmoke.com\/"},{"@type":"ListItem","position":2,"name":"Tienda","item":"https:\/\/iguanasmoke.com\/tienda\/"},{"@type":"ListItem","position":3,"name":"Hash CBD","item":"https:\/\/iguanasmoke.com\/categoria\/hash-cbd\/"},{"@type":"ListItem","position":4,"name":"Hash CBN 40%"}]},{"@type":"WebSite","@id":"https:\/\/iguanasmoke.com\/#website","url":"https:\/\/iguanasmoke.com\/","name":"Fum\u00e9e d'iguane","description":"Acheter du CBD en ligne au meilleur prix","publisher":{"@id":"https:\/\/iguanasmoke.com\/#organization"},"potentialAction":[{"@type":"SearchAction","target":{"@type":"EntryPoint","urlTemplate":"https:\/\/iguanasmoke.com\/?s={search_term_string}"},"query-input":{"@type":"PropertyValueSpecification","valueRequired":true,"valueName":"search_term_string"}}],"inLanguage":"fr-FR"},{"@type":"Organization","@id":"https:\/\/iguanasmoke.com\/#organization","name":"Fum\u00e9e d'iguane","url":"https:\/\/iguanasmoke.com\/","logo":{"@type":"ImageObject","inLanguage":"fr-FR","@id":"https:\/\/iguanasmoke.com\/#\/schema\/logo\/image\/","url":"https:\/\/iguanasmoke.com\/wp-content\/uploads\/2025\/01\/logoiguana-favi-1.png","contentUrl":"https:\/\/iguanasmoke.com\/wp-content\/uploads\/2025\/01\/logoiguana-favi-1.png","width":512,"height":512,"caption":"Iguana Smoke"},"image":{"@id":"https:\/\/iguanasmoke.com\/#\/schema\/logo\/image\/"},"sameAs":["https:\/\/www.facebook.com\/iguanasmoke","https:\/\/www.instagram.com\/iguanasmoke\/"]}]},"product_brand":"variable","og_availability":"out of stock","product_availability":"out of stock","product_condition":"new"},"_links":{"self":[{"href":"https:\/\/iguanasmoke.com\/fr\/wp-json\/wp\/v2\/product\/57563","targetHints":{"allow":["GET"]}}],"collection":[{"href":"https:\/\/iguanasmoke.com\/fr\/wp-json\/wp\/v2\/product"}],"about":[{"href":"https:\/\/iguanasmoke.com\/fr\/wp-json\/wp\/v2\/types\/product"}],"replies":[{"embeddable":true,"href":"https:\/\/iguanasmoke.com\/fr\/wp-json\/wp\/v2\/comments?post=57563"}],"wp:featuredmedia":[{"embeddable":true,"href":"https:\/\/iguanasmoke.com\/fr\/wp-json\/wp\/v2\/media\/81815"}],"wp:attachment":[{"href":"https:\/\/iguanasmoke.com\/fr\/wp-json\/wp\/v2\/media?parent=57563"}],"wp:term":[{"taxonomy":"product_brand","embeddable":true,"href":"https:\/\/iguanasmoke.com\/fr\/wp-json\/wp\/v2\/product_brand?post=57563"},{"taxonomy":"product_cat","embeddable":true,"href":"https:\/\/iguanasmoke.com\/fr\/wp-json\/wp\/v2\/product_cat?post=57563"},{"taxonomy":"product_tag","embeddable":true,"href":"https:\/\/iguanasmoke.com\/fr\/wp-json\/wp\/v2\/product_tag?post=57563"}],"curies":[{"name":"wp","href":"https:\/\/api.w.org\/{rel}","templated":true}]}}