{"id":57901,"date":"2025-09-30T12:43:46","date_gmt":"2025-09-30T10:43:46","guid":{"rendered":"https:\/\/iguanasmoke.com\/?post_type=product&#038;p=57901"},"modified":"2026-04-19T21:01:26","modified_gmt":"2026-04-19T19:01:26","slug":"space-hash-dry-sift-10-oh","status":"publish","type":"product","link":"https:\/\/iguanasmoke.com\/fr\/producto\/space-hash-dry-sift-10-oh\/","title":{"rendered":"Espace Hash Dry Sift 10-OH"},"content":{"rendered":"<section class=\"space-hash-dry-sift-10oh-description\">\n<h1><span style=\"font-weight: 400;\">Space Hash Dry Sift 10-OH : la fusion du classique et du nouveau<\/span><\/h1>\n<\/section>\n<section class=\"space-hash-dry-sift-10oh-description\"><span style=\"font-weight: 400;\">Vous cherchez quelque chose de diff\u00e9rent ? D\u00e9couvrez notre <strong>Espace Hash Dry Sift 10-OH<\/strong>, un haschisch 10-OH qui combine la m\u00e9thode traditionnelle de fabrication du haschisch avec le <strong>le haschisch avec une nouvelle mol\u00e9cule<\/strong> qui vous \u00e9patera. Nous le cr\u00e9ons \u00e0 partir de chanvre de la meilleure qualit\u00e9 et nous y ajoutons nos propres <strong>cannabino\u00efde sp\u00e9cial : 10-OH<\/strong>. Le r\u00e9sultat est un <strong>l'exp\u00e9rience d'une autre plan\u00e8te<\/strong>, et, bien entendu, respecte la loi, car il s'agit de votre <strong>Hachis sans THC<\/strong>. Voulez-vous essayer ? <\/span>\u00a0<\/section>\n<section><\/section>\n<section><\/section>\n<h2><\/h2>\n<p>&nbsp;<\/p>\n<h2><em>Space Hash : un voyage de l'autre c\u00f4t\u00e9<\/em><\/h2>\n<p><span style=\"font-weight: 400;\">Le terme \u201cEspace\u201d n'est pas un hasard. Le terme \"Espace\" n'est pas le fruit du hasard. <strong>Les r\u00e9sines Space Hash sont des r\u00e9sines de haute puret\u00e9<\/strong>, <strong>enrichi de mol\u00e9cules suppl\u00e9mentaires<\/strong> qui vous invitent \u00e0 une <strong>un voyage sensoriel unique<\/strong>. D\u00e9couvrez une exp\u00e9rience hors du commun qui associe le <strong>tradition artisanale du haschisch<\/strong> avec le <strong>l'innovation<\/strong> les plus avant-gardistes dans le monde de la <strong>CBD<\/strong>.\u00a0<\/span><\/p>\n<p>&nbsp;<\/p>\n<section class=\"space-hash-dry-sift-10oh-description\">\n<h2><strong>Qu'est-ce que le 10-OH Hash Dry Sift : comprendre le 10-OH<\/strong><\/h2>\n<p><span style=\"font-weight: 400;\">Tout commence par la m\u00e9thode d'extraction du haschisch, qui est faite d'une <strong>le tamisage \u00e0 sec appel\u00e9 \u201cDry-Sift\u201d.\u201d<\/strong>. Il s'agit d'une forme artisanale de <strong>la s\u00e9paration des cristaux les plus purs<\/strong> de la plante de chanvre. Pour ce faire, des mailles fines sont utilis\u00e9es afin d'obtenir une r\u00e9sine d'une \u00e9paisseur de 1,5 mm. <strong>texture douce, ar\u00f4me intense et puret\u00e9 in\u00e9gal\u00e9e<\/strong>. <\/span><\/p>\n<p><span style=\"font-weight: 400;\">Et pour le rendre encore plus sp\u00e9cial, nous ajoutons au haschisch <strong>10-OH<\/strong>, qui vous donne une sensation unique sans compromettre la l\u00e9galit\u00e9. <\/span><\/p>\n<p><span style=\"font-weight: 400;\">Le <strong>10-Hydroxy (10-OH)<\/strong> est un <strong>mol\u00e9cule<\/strong> qui offre une exp\u00e9rience plus l\u00e9g\u00e8re et extra-sensorielle que le THC. Contrairement au CBD, le 10-OH <strong>modifie l\u00e9g\u00e8rement la perception<\/strong>. De plus, il s'agit d'un nouveau compos\u00e9 sur le march\u00e9 qui respecte, comme tous nos produits, la l\u00e9gislation europ\u00e9enne, en contenant toujours moins de 0,3% THC.<\/span><\/p>\n<p>&nbsp;<\/p>\n<\/section>\n<h2><strong>Caract\u00e9ristiques du Space Hash Dry Sift 10-OH :<\/strong><\/h2>\n<ul>\n<li><span style=\"font-weight: 400;\"><strong>Ar\u00f4me et go\u00fbt :<\/strong> Il d\u00e9gage un ar\u00f4me profond, avec des notes de <strong>terre<\/strong> et \u00e0 <strong>herbes<\/strong>. C'est le genre de haschisch qui fait de chaque utilisation un petit plaisir.\u00a0<\/span><\/li>\n<li><span style=\"font-weight: 400;\"><strong>Origine et puret\u00e9 :<\/strong> Cette op\u00e9ration s'effectue \u00e0 l'aide de la fonction <strong>m\u00e9thode de tamisage \u00e0 sec<\/strong>. Chaque lot de nos <strong>Espace Hash Dry Sift 10-OH<\/strong> est fabriqu\u00e9 \u00e0 la main avec le plus grand soin, en utilisant toujours le meilleur chanvre europ\u00e9en.\u00a0<\/span><\/li>\n<li><span style=\"font-weight: 400;\"><strong>Aspect et texture :<\/strong> Avec un <strong>texture soyeuse<\/strong>, vous pouvez voir les <strong>petits cristaux de r\u00e9sine<\/strong>, un signe qu'il contient des cannabino\u00efdes et des terp\u00e8nes de haute qualit\u00e9.<\/span><\/li>\n<\/ul>\n<p>&nbsp;<\/p>\n<h3><b>Pourquoi acheter de la r\u00e9sine et du haschisch 10-OH chez Iguana Smoke ?<\/b><\/h3>\n<p><span style=\"font-weight: 400;\">Chez Iguana Smoke, nous nous engageons sur la qualit\u00e9. Nos produits 10-OH combinent le meilleur des deux mondes : le chanvre naturel 100% et les cannabino\u00efdes les plus innovants, offrant une alternative s\u00fbre et l\u00e9gale sans effets psychoactifs. <strong>Espace Hash Dry Sift 10-OH <\/strong><\/span>se d\u00e9marque vraiment dans la <strong>monde des cannabino\u00efdes.<\/strong><\/p>\n<p><span style=\"font-weight: 400;\">Vous savez d\u00e9j\u00e0 qu'Iguana Smoke est votre lieu s\u00fbr. <strong>O\u00f9 acheter du haschisch bon march\u00e9 10-OH, CBD et STV en Espagne : <\/strong>Produits approuv\u00e9s par l'UE, avec moins de 0,3 % THC, pour une exp\u00e9rience authentique et l\u00e9gale. En outre, les p<\/span><span style=\"font-weight: 400;\">ous pouvez consulter le <a href=\"https:\/\/iguanasmoke.com\/fr\/lanalyse\/\"><strong>analyse de la qualit\u00e9 de ce hachage<\/strong><\/a>.\u00a0<\/span><\/p>\n<p><em><span style=\"font-weight: 400;\">N'oubliez pas que son utilisation est destin\u00e9e \u00e0 la collecte ou \u00e0 l'aromath\u00e9rapie, conform\u00e9ment \u00e0 la l\u00e9gislation espagnole.\u00a0<\/span><\/em><\/p>\n<p><span style=\"font-weight: 400;\">Te <\/span><span style=\"font-weight: 400;\">nous veillons \u00e0 ce que les <strong>Espace Hash Dry Sift 10-OH<\/strong> Nous vous invitons \u00e0 go\u00fbter \u00e0 l'eau de mer, \u00e0 l'eau de mer, \u00e0 l'eau de mer et \u00e0 l'eau de mer. <strong><a href=\"https:\/\/iguanasmoke.com\/fr\/produit\/espace-hachage-marocain-stv-sativanol\/\">Espace Hash Marocain STV<\/a><\/strong> ou le <a href=\"https:\/\/iguanasmoke.com\/fr\/produit\/space-hash-piatella-stv-sativanol\/\"><strong>Piatelle de l'espace STV<\/strong><\/a> enrichi en Sativanol et le<a href=\"https:\/\/iguanasmoke.com\/fr\/produit\/space-hash-bubblegum-e8h\/\"><strong> Espace Hash Bubblegum E8H<\/strong><\/a> enrichi avec la mol\u00e9cule E8H, une autre de nos nouvelles mol\u00e9cules. N'oubliez pas non plus d'essayer toutes nos <a href=\"https:\/\/iguanasmoke.com\/fr\/categorie\/nouvelles-molecules\/10oh\/\"><strong>Produits 10-OH<\/strong>.<\/a><\/span><\/p>\n<p>&nbsp;<\/p>\n<h3><b>Iguana Smoke est synonyme de qualit\u00e9 et de fiabilit\u00e9.<\/b><\/h3>\n<p><span style=\"font-weight: 400;\">Chez Iguana Smoke, nous pensons que la consommation de 10-OH doit \u00eatre une exp\u00e9rience s\u00fbre et agr\u00e9able. C'est pourquoi nous proposons des produits de haute qualit\u00e9 qui s'adressent aux nouvelles g\u00e9n\u00e9rations : des personnes qui recherchent le bien-\u00eatre sans complications, avec des marques authentiques et fiables. N'oubliez pas que tous nos produits sont du haschisch <strong>Sans THC, HHC ni THCP,<\/strong> tels que le <strong>Espace Hash Dry Sift 10-OH<\/strong> que vous vous appr\u00eatez \u00e0 essayer.<\/span><\/p>\n<p>Vous savez que notre mission est claire : vous apporter ce qu'il y a de mieux dans le monde des cannabino\u00efdes \u00e0 un prix \u00e9quitable, avec la tranquillit\u00e9 d'esprit de savoir que vous choisissez un produit certifi\u00e9, efficace et 100% l\u00e9gal. Nous sommes \u00e0 l'avant-garde des produits CBD, alors n'h\u00e9sitez pas \u00e0 nous contacter. <strong>acheter du haschisch bon march\u00e9<\/strong> \u00e0 Iguana Smoke.<\/p>\n<p>Vous avez encore des doutes ? Ecrivez-nous et nous vous aiderons \u00e0 trouver le produit qui vous convient.<\/p>\n<p>&nbsp;<\/p>","protected":false},"excerpt":{"rendered":"<p>D\u00e9couvrez les <b>Espace Hash Dry Sift 10-OH<\/b>, la r\u00e9sine qui combine la tradition du tamisage \u00e0 sec avec l'innovation de 10-OH.<\/p>\n<ul>\n<li><b>Ar\u00f4me et texture irr\u00e9sistibles :<\/b> notes terreuses, douces et de fruits secs.<\/li>\n<li><b>Enrichi en 10-OH :<\/b> une exp\u00e9rience unique.<\/li>\n<li><b>100% l\u00e9gal :<\/b> &lt;0,3% de THC.<\/li>\n<\/ul>\n<p>Analyse de la qualit\u00e9 : cliquez\u00a0<a href=\"https:\/\/iguanasmoke.com\/fr\/lanalyse\/\" target=\"_blank\" rel=\"noopener\">ici<\/a><\/p>","protected":false},"featured_media":81185,"comment_status":"open","ping_status":"closed","template":"","meta":{"_acf_changed":false,"site-sidebar-layout":"default","site-content-layout":"","ast-site-content-layout":"default","site-content-style":"default","site-sidebar-style":"default","ast-global-header-display":"","ast-banner-title-visibility":"","ast-main-header-display":"","ast-hfb-above-header-display":"","ast-hfb-below-header-display":"","ast-hfb-mobile-header-display":"","site-post-title":"","ast-breadcrumbs-content":"","ast-featured-img":"","footer-sml-layout":"","theme-transparent-header-meta":"default","adv-header-id-meta":"","stick-header-meta":"","header-above-stick-meta":"","header-main-stick-meta":"","header-below-stick-meta":"","astra-migrate-meta-layouts":"set","ast-page-background-enabled":"default","ast-page-background-meta":{"desktop":{"background-color":"var(--ast-global-color-4)","background-image":"","background-repeat":"repeat","background-position":"center center","background-size":"auto","background-attachment":"scroll","background-type":"","background-media":"","overlay-type":"","overlay-color":"","overlay-opacity":"","overlay-gradient":""},"tablet":{"background-color":"","background-image":"","background-repeat":"repeat","background-position":"center center","background-size":"auto","background-attachment":"scroll","background-type":"","background-media":"","overlay-type":"","overlay-color":"","overlay-opacity":"","overlay-gradient":""},"mobile":{"background-color":"","background-image":"","background-repeat":"repeat","background-position":"center center","background-size":"auto","background-attachment":"scroll","background-type":"","background-media":"","overlay-type":"","overlay-color":"","overlay-opacity":"","overlay-gradient":""}},"ast-content-background-meta":{"desktop":{"background-color":"var(--ast-global-color-5)","background-image":"","background-repeat":"repeat","background-position":"center center","background-size":"auto","background-attachment":"scroll","background-type":"","background-media":"","overlay-type":"","overlay-color":"","overlay-opacity":"","overlay-gradient":""},"tablet":{"background-color":"var(--ast-global-color-5)","background-image":"","background-repeat":"repeat","background-position":"center center","background-size":"auto","background-attachment":"scroll","background-type":"","background-media":"","overlay-type":"","overlay-color":"","overlay-opacity":"","overlay-gradient":""},"mobile":{"background-color":"var(--ast-global-color-5)","background-image":"","background-repeat":"repeat","background-position":"center center","background-size":"auto","background-attachment":"scroll","background-type":"","background-media":"","overlay-type":"","overlay-color":"","overlay-opacity":"","overlay-gradient":""}}},"product_brand":[],"product_cat":[550,397],"product_tag":[],"class_list":{"0":"post-57901","1":"product","2":"type-product","3":"status-publish","4":"has-post-thumbnail","6":"product_cat-10oh","7":"product_cat-hash-cbd","8":"desktop-align-center","9":"tablet-align-center","10":"mobile-align-center","12":"first","13":"outofstock","14":"taxable","15":"shipping-taxable","16":"purchasable","17":"product-type-variable"},"acf":[],"yoast_head":"<!-- This site is optimized with the Yoast SEO Premium plugin v27.3 (Yoast SEO v27.3) - https:\/\/yoast.com\/product\/yoast-seo-premium-wordpress\/ -->\n<title>Space Hash Dry Sift 10-OH | Iguana Smoke<\/title>\n<meta name=\"description\" content=\"Space Hash Dry Sift 10-OH: disfruta de un hash artesanal sin THC, aroma intenso y una experiencia equilibrada. Cumple con la normativa de la UE (&lt;0,3% THC).\" \/>\n<meta name=\"robots\" content=\"index, follow, max-snippet:-1, max-image-preview:large, max-video-preview:-1\" \/>\n<link rel=\"canonical\" href=\"https:\/\/iguanasmoke.com\/fr\/produit\/space-hash-dry-sift-10-oh\/\" \/>\n<meta property=\"og:locale\" content=\"fr_FR\" \/>\n<meta property=\"og:type\" content=\"article\" \/>\n<meta property=\"og:title\" content=\"Space Hash Dry Sift 10-OH\" \/>\n<meta property=\"og:description\" content=\"Descubre el Space Hash Dry Sift 10-OH, la resina que une la tradici\u00f3n artesanal del tamizado en seco con la innovaci\u00f3n del 10-OH.   Aroma y textura irresistible: notas terrosas, dulces con toques de frutos secos.  Enriquecido con 10-OH: experiencia \u00fanica.  100% legal: &lt;0,3% de THC.  An\u00e1lisis de calidad: pincha\u00a0aqu\u00ed\" \/>\n<meta property=\"og:url\" content=\"https:\/\/iguanasmoke.com\/fr\/produit\/space-hash-dry-sift-10-oh\/\" \/>\n<meta property=\"og:site_name\" content=\"Iguana Smoke\" \/>\n<meta property=\"article:publisher\" content=\"https:\/\/www.facebook.com\/iguanasmoke\" \/>\n<meta property=\"article:modified_time\" content=\"2026-04-19T19:01:26+00:00\" \/>\n<meta property=\"og:image\" content=\"https:\/\/iguanasmoke.com\/wp-content\/uploads\/2025\/09\/Dry-10-OH-2g.webp\" \/>\n\t<meta property=\"og:image:width\" content=\"1000\" \/>\n\t<meta property=\"og:image:height\" content=\"1000\" \/>\n\t<meta property=\"og:image:type\" content=\"image\/webp\" \/>\n<meta name=\"twitter:card\" content=\"summary_large_image\" \/>\n<meta name=\"twitter:label1\" content=\"Disponibilit\u00e9\" \/>\n\t<meta name=\"twitter:data1\" content=\"Rupture de stock\" \/>\n<meta property=\"product:brand\" content=\"variable\" \/>\n<meta property=\"og:availability\" content=\"out of stock\" \/>\n<meta property=\"product:availability\" content=\"out of stock\" \/>\n<meta property=\"product:condition\" content=\"new\" \/>\n<!-- \/ Yoast SEO Premium plugin. -->","yoast_head_json":{"title":"Space Hash Dry Sift 10-OH | Iguana Smoke","description":"Space Hash Dry Sift 10-OH : profitez d'un haschisch artisanal sans THC, d'un ar\u00f4me intense et d'une exp\u00e9rience \u00e9quilibr\u00e9e. Conforme \u00e0 la r\u00e9glementation europ\u00e9enne (&lt;0,3% THC).","robots":{"index":"index","follow":"follow","max-snippet":"max-snippet:-1","max-image-preview":"max-image-preview:large","max-video-preview":"max-video-preview:-1"},"canonical":"https:\/\/iguanasmoke.com\/fr\/produit\/space-hash-dry-sift-10-oh\/","og_locale":"fr_FR","og_type":"article","og_title":"Space Hash Dry Sift 10-OH","og_description":"Descubre el Space Hash Dry Sift 10-OH, la resina que une la tradici\u00f3n artesanal del tamizado en seco con la innovaci\u00f3n del 10-OH.   Aroma y textura irresistible: notas terrosas, dulces con toques de frutos secos.  Enriquecido con 10-OH: experiencia \u00fanica.  100% legal: &lt;0,3% de THC.  An\u00e1lisis de calidad: pincha\u00a0aqu\u00ed","og_url":"https:\/\/iguanasmoke.com\/fr\/produit\/space-hash-dry-sift-10-oh\/","og_site_name":"Iguana Smoke","article_publisher":"https:\/\/www.facebook.com\/iguanasmoke","article_modified_time":"2026-04-19T19:01:26+00:00","og_image":[{"width":1000,"height":1000,"url":"https:\/\/iguanasmoke.com\/wp-content\/uploads\/2025\/09\/Dry-10-OH-2g.webp","type":"image\/webp"}],"twitter_card":"summary_large_image","twitter_misc":{"Disponibilit\u00e9":"Rupture de stock"},"schema":{"@context":"https:\/\/schema.org","@graph":[{"@type":"WebPage","@id":"https:\/\/iguanasmoke.com\/producto\/space-hash-dry-sift-10-oh\/","url":"https:\/\/iguanasmoke.com\/producto\/space-hash-dry-sift-10-oh\/","name":"Space Hash Dry Sift 10-OH | Iguana Smoke","isPartOf":{"@id":"https:\/\/iguanasmoke.com\/#website"},"primaryImageOfPage":{"@id":"https:\/\/iguanasmoke.com\/producto\/space-hash-dry-sift-10-oh\/#primaryimage"},"image":{"@id":"https:\/\/iguanasmoke.com\/producto\/space-hash-dry-sift-10-oh\/#primaryimage"},"thumbnailUrl":"https:\/\/iguanasmoke.com\/wp-content\/uploads\/2025\/09\/Dry-10-OH-2g.webp","datePublished":"2025-09-30T10:43:46+00:00","dateModified":"2026-04-19T19:01:26+00:00","description":"Space Hash Dry Sift 10-OH : profitez d'un haschisch artisanal sans THC, d'un ar\u00f4me intense et d'une exp\u00e9rience \u00e9quilibr\u00e9e. Conforme \u00e0 la r\u00e9glementation europ\u00e9enne (&lt;0,3% THC).","breadcrumb":{"@id":"https:\/\/iguanasmoke.com\/producto\/space-hash-dry-sift-10-oh\/#breadcrumb"},"inLanguage":"fr-FR","potentialAction":[{"@type":"ReadAction","target":["https:\/\/iguanasmoke.com\/producto\/space-hash-dry-sift-10-oh\/"]}]},{"@type":"ImageObject","inLanguage":"fr-FR","@id":"https:\/\/iguanasmoke.com\/producto\/space-hash-dry-sift-10-oh\/#primaryimage","url":"https:\/\/iguanasmoke.com\/wp-content\/uploads\/2025\/09\/Dry-10-OH-2g.webp","contentUrl":"https:\/\/iguanasmoke.com\/wp-content\/uploads\/2025\/09\/Dry-10-OH-2g.webp","width":1000,"height":1000},{"@type":"BreadcrumbList","@id":"https:\/\/iguanasmoke.com\/producto\/space-hash-dry-sift-10-oh\/#breadcrumb","itemListElement":[{"@type":"ListItem","position":1,"name":"home","item":"https:\/\/iguanasmoke.com\/"},{"@type":"ListItem","position":2,"name":"Tienda","item":"https:\/\/iguanasmoke.com\/tienda\/"},{"@type":"ListItem","position":3,"name":"Hash CBD","item":"https:\/\/iguanasmoke.com\/categoria\/hash-cbd\/"},{"@type":"ListItem","position":4,"name":"Space Hash Dry Sift 10-OH"}]},{"@type":"WebSite","@id":"https:\/\/iguanasmoke.com\/#website","url":"https:\/\/iguanasmoke.com\/","name":"Fum\u00e9e d'iguane","description":"Acheter du CBD en ligne au meilleur prix","publisher":{"@id":"https:\/\/iguanasmoke.com\/#organization"},"potentialAction":[{"@type":"SearchAction","target":{"@type":"EntryPoint","urlTemplate":"https:\/\/iguanasmoke.com\/?s={search_term_string}"},"query-input":{"@type":"PropertyValueSpecification","valueRequired":true,"valueName":"search_term_string"}}],"inLanguage":"fr-FR"},{"@type":"Organization","@id":"https:\/\/iguanasmoke.com\/#organization","name":"Fum\u00e9e d'iguane","url":"https:\/\/iguanasmoke.com\/","logo":{"@type":"ImageObject","inLanguage":"fr-FR","@id":"https:\/\/iguanasmoke.com\/#\/schema\/logo\/image\/","url":"https:\/\/iguanasmoke.com\/wp-content\/uploads\/2025\/01\/logoiguana-favi-1.png","contentUrl":"https:\/\/iguanasmoke.com\/wp-content\/uploads\/2025\/01\/logoiguana-favi-1.png","width":512,"height":512,"caption":"Iguana Smoke"},"image":{"@id":"https:\/\/iguanasmoke.com\/#\/schema\/logo\/image\/"},"sameAs":["https:\/\/www.facebook.com\/iguanasmoke","https:\/\/www.instagram.com\/iguanasmoke\/"]}]},"product_brand":"variable","og_availability":"out of stock","product_availability":"out of stock","product_condition":"new"},"_links":{"self":[{"href":"https:\/\/iguanasmoke.com\/fr\/wp-json\/wp\/v2\/product\/57901","targetHints":{"allow":["GET"]}}],"collection":[{"href":"https:\/\/iguanasmoke.com\/fr\/wp-json\/wp\/v2\/product"}],"about":[{"href":"https:\/\/iguanasmoke.com\/fr\/wp-json\/wp\/v2\/types\/product"}],"replies":[{"embeddable":true,"href":"https:\/\/iguanasmoke.com\/fr\/wp-json\/wp\/v2\/comments?post=57901"}],"wp:featuredmedia":[{"embeddable":true,"href":"https:\/\/iguanasmoke.com\/fr\/wp-json\/wp\/v2\/media\/81185"}],"wp:attachment":[{"href":"https:\/\/iguanasmoke.com\/fr\/wp-json\/wp\/v2\/media?parent=57901"}],"wp:term":[{"taxonomy":"product_brand","embeddable":true,"href":"https:\/\/iguanasmoke.com\/fr\/wp-json\/wp\/v2\/product_brand?post=57901"},{"taxonomy":"product_cat","embeddable":true,"href":"https:\/\/iguanasmoke.com\/fr\/wp-json\/wp\/v2\/product_cat?post=57901"},{"taxonomy":"product_tag","embeddable":true,"href":"https:\/\/iguanasmoke.com\/fr\/wp-json\/wp\/v2\/product_tag?post=57901"}],"curies":[{"name":"wp","href":"https:\/\/api.w.org\/{rel}","templated":true}]}}