{"id":59014,"date":"2025-06-18T15:40:40","date_gmt":"2025-06-18T13:40:40","guid":{"rendered":"https:\/\/iguanasmoke.com\/?post_type=product&#038;p=59014"},"modified":"2026-03-15T18:59:00","modified_gmt":"2026-03-15T17:59:00","slug":"fleur-cbd-amnesia-indoor","status":"publish","type":"product","link":"https:\/\/iguanasmoke.com\/fr\/producto\/flor-cbd-amnesia-indoor\/","title":{"rendered":"Fleur CBD Amnesia Indoor"},"content":{"rendered":"<h1 data-start=\"1609\" data-end=\"1642\"><span style=\"font-weight: 400;\">Fleur CBD Amnesia Indoor - Intensit\u00e9 et saveur d'agrumes<\/span><\/h1>\n<h2 data-start=\"368\" data-end=\"432\">Une fleur CBD embl\u00e9matique, cultiv\u00e9e en int\u00e9rieur pour une qualit\u00e9 maximale.<\/h2>\n<p data-start=\"549\" data-end=\"976\"><span style=\"font-weight: 400;\">Si vous \u00eates \u00e0 la recherche de fleurs d'int\u00e9rieur CBD de la plus haute qualit\u00e9, les <strong>Fleur CBD Amnesia Indoor<\/strong> est sans aucun doute l'une des options les plus embl\u00e9matiques du march\u00e9. Cette vari\u00e9t\u00e9 est c\u00e9l\u00e8bre pour son parfum d'agrumes avec des notes d'encens, ainsi que pour ses bourgeons :<strong> compact et plein de r\u00e9sine<\/strong>. <\/span><\/p>\n<p data-start=\"549\" data-end=\"976\"><span style=\"font-weight: 400;\">Gr\u00e2ce \u00e0 son <strong>Culture en int\u00e9rieur (Indoor)<\/strong>, Cette fleur de CBD offre un niveau de puret\u00e9 sup\u00e9rieur, <strong>stabilit\u00e9 et conservation des terp\u00e8nes<\/strong>. De ce fait, chaque bourgeon se distingue tant par son aspect que par ses caract\u00e9ristiques. <strong>parfum<\/strong>, id\u00e9al pour ceux qui appr\u00e9cient le CBD \u00e0 son meilleur.<\/span><\/p>\n<p data-start=\"549\" data-end=\"976\"><span style=\"font-weight: 400;\"> Au <strong>Fum\u00e9e d'iguane<\/strong>, nous s\u00e9lectionnons soigneusement chaque lot pour vous offrir un <strong>Amnesia Indoor par CBD premium<\/strong>, Le Cannabidiol est con\u00e7u pour les vrais connaisseurs du cannabidiol qui savent appr\u00e9cier la diff\u00e9rence d\u00e8s le premier instant.\u00a0<\/span><\/p>\n<p>&nbsp;<\/p>\n<p>&nbsp;<\/p>\n<h2 data-start=\"549\" data-end=\"976\"><strong>Qu'est-ce que cela signifie qu'une fleur de CBD est <em>Int\u00e9rieur<\/em>? <\/strong><\/h2>\n<p data-start=\"549\" data-end=\"976\"><span style=\"font-weight: 400;\">Le terme <strong>Int\u00e9rieur<\/strong> se r\u00e9f\u00e8re \u00e0 la <strong>culture en int\u00e9rieur<\/strong>, dans un environnement enti\u00e8rement contr\u00f4l\u00e9. Cela implique une gestion pr\u00e9cise de la <strong>l'\u00e9clairage<\/strong>, les <strong>temp\u00e9rature<\/strong>, les <strong>l'humidit\u00e9<\/strong> et le <strong>ventilation<\/strong>, Ce sont des facteurs cl\u00e9s pour obtenir des fleurs de CBD de la plus haute qualit\u00e9. <\/span><\/p>\n<p data-start=\"549\" data-end=\"976\"><span style=\"font-weight: 400;\">Gr\u00e2ce \u00e0 cette m\u00e9thode de culture : <\/span><\/p>\n<ul>\n<li data-start=\"549\" data-end=\"976\"><span style=\"font-weight: 400;\">Les fleurs ont une <strong>une concentration plus \u00e9lev\u00e9e de CBD<\/strong> et d'autres cannabino\u00efdes. <\/span><\/li>\n<li data-start=\"549\" data-end=\"976\"><span style=\"font-weight: 400;\">Le <strong>trichomes et r\u00e9sines<\/strong> se d\u00e9veloppent de mani\u00e8re plus dense et plus uniforme. <\/span><\/li>\n<li data-start=\"549\" data-end=\"976\"><span style=\"font-weight: 400;\">Le <strong>l'ar\u00f4me est plus intense, plus net et mieux d\u00e9fini<\/strong>, Les terp\u00e8nes sont conserv\u00e9s dans des conditions optimales. <\/span><\/li>\n<li data-start=\"549\" data-end=\"976\"><span style=\"font-weight: 400;\">L'apparence du bourgeon est plus <strong>compact, brillant et homog\u00e8ne<\/strong>. <\/span><\/li>\n<\/ul>\n<p><span style=\"font-weight: 400;\">C'est pourquoi, en <strong>Acheter des fleurs d'int\u00e9rieur CBD<\/strong>, comme notre <strong>Fleur de CBD<\/strong> <strong>Amnesia Indoor<\/strong>, vous \u00eates assur\u00e9 d'une exp\u00e9rience sensorielle plus raffin\u00e9e, plus stable et de qualit\u00e9 sup\u00e9rieure.\u00a0<\/span><\/p>\n<p>&nbsp;<\/p>\n<h2><strong>Amnesia CBD Indoor : \u00e9nergie douce, ar\u00f4me fort<\/strong><\/h2>\n<p><span style=\"font-weight: 400;\">Le <strong>Fleur CBD Amnesia Indoor<\/strong> est parfait pour ceux qui recherchent un <strong>exp\u00e9rience \u00e9quilibr\u00e9e entre l'ar\u00f4me, l'esth\u00e9tique et l'effet<\/strong>. Son parfum allie <strong>notes d'agrumes et notes sucr\u00e9es<\/strong>, Cette caract\u00e9ristique, associ\u00e9e \u00e0 un effet de douceur, en fait l'un des plus recherch\u00e9s. <\/span><\/p>\n<p><span style=\"font-weight: 400;\">Visuellement, il se distingue par sa <strong>bourgeons verts avec des tons orang\u00e9s<\/strong>, recouvert d'une fine couche de trichomes qui refl\u00e8tent la qualit\u00e9 de sa culture. En outre, son <strong>haute teneur en CBD<\/strong>, Le taux de THC inf\u00e9rieur \u00e0 0,3% en fait un choix parfait pour profiter d'une teneur \u00e9lev\u00e9e en THC inf\u00e9rieure \u00e0 0,3%, ce qui en fait un choix parfait pour profiter d'une teneur \u00e9lev\u00e9e en THC inf\u00e9rieure \u00e0 0,3%. <strong>effet relaxant sans effet psychoactif<\/strong>.\u00a0 \u00a0<\/span><\/p>\n<p><strong>Avantages de choisir Amnesia CBD Indoor : <\/strong><\/p>\n<ol>\n<li style=\"list-style-type: none;\">\n<ol>\n<li><span style=\"font-weight: 400;\">Culture naturelle et contr\u00f4l\u00e9e en int\u00e9rieur 100% <\/span><\/li>\n<li><span style=\"font-weight: 400;\">THC &lt;0,3%, selon la l\u00e9gislation europ\u00e9enne <\/span><\/li>\n<li><span style=\"font-weight: 400;\">Haute teneur en CBD <\/span><\/li>\n<li><span style=\"font-weight: 400;\">Ar\u00f4me fort et effet relaxant, pas d'effet stoned<\/span><\/li>\n<\/ol>\n<\/li>\n<\/ol>\n<p>&nbsp;<\/p>\n<h3><b>O\u00f9 acheter votre <\/b><strong>Fleurs CBD Indoor<\/strong><b>?<\/b><\/h3>\n<p><span style=\"font-weight: 400;\">Si vous cherchez <strong>acheter des fleurs CBD<\/strong><strong>, <\/strong>c'est un endroit s\u00fbr pour <strong>acheter Flores CBD Indoor vaper Flores CBD Indoor en Espagne.<\/strong>\u00a0<\/span><span style=\"font-weight: 400;\">Tous nos produits sont <strong>approuv\u00e9 par l'UE<\/strong>, garantissant sa l\u00e9galit\u00e9 et sa s\u00e9curit\u00e9. En outre, si vous le souhaitez, vous pouvez consulter<\/span><strong> <a href=\"https:\/\/iguanasmoke.com\/fr\/lanalyse\/\">analyse en laboratoire.<\/a><\/strong><\/p>\n<p><span style=\"font-weight: 400;\">N'oubliez pas de d\u00e9couvrir d'autres saveurs de <strong><a href=\"https:\/\/iguanasmoke.com\/fr\/categorie\/fleurs-de-cbd-2\/fleurs-de-cbd-dinterieur\/\">Fleurs Int\u00e9rieur CBD<\/a><\/strong> y <\/span><span style=\"font-weight: 400;\">autres <strong><a href=\"https:\/\/iguanasmoke.com\/fr\/categorie\/fleurs-de-cbd-2\/fleurs-de-serre-cbd\/\">CBD Greenhouse Flowers<\/a><\/strong> <strong>TOP<\/strong> comme <strong><a href=\"https:\/\/iguanasmoke.com\/fr\/produit\/buy-flower-amnesia-cbd-cbd-buds-online\/\">Fleur CBD Amnesia<\/a><\/strong> ou le <strong><a href=\"https:\/\/iguanasmoke.com\/fr\/produit\/acheter-iguana-kush-cbd-flower\/\">Fleur CBD Iguana Kush<\/a><\/strong>.\u00a0<\/span><span style=\"font-weight: 400;\">En bref, parcourez notre s\u00e9lection de produits CBD et trouvez vos favoris.<\/span><span style=\"font-weight: 400;\">\u00a0<\/span><\/p>\n<p><strong data-start=\"303\" data-end=\"345\">Livraison rapide et discr\u00e8te dans toute l'Espagne<\/strong>, avec <strong data-start=\"351\" data-end=\"387\">une attention \u00e9troite et personnalis\u00e9e<\/strong> pour r\u00e9pondre \u00e0 toutes vos questions avant et apr\u00e8s votre achat.<\/p>\n<p>&nbsp;<\/p>\n<h3><b>Iguana Smoke est votre boutique en ligne de CBD\u00a0<\/b><\/h3>\n<p><span style=\"font-weight: 400;\">Au<strong> Fum\u00e9e d'iguane<\/strong>, Nous pensons que la consommation de CBD doit se faire en toute s\u00e9curit\u00e9. C'est pourquoi nous proposons des produits comme celui-ci <strong>Fleur de CBD<\/strong><strong> Amnesia Indoor<\/strong>, La marque s'adresse aux nouvelles g\u00e9n\u00e9rations : des personnes qui recherchent un bien-\u00eatre simple, avec des marques authentiques et fiables. <\/span><\/p>\n<p><span style=\"font-weight: 400;\">Vous savez, notre mission est claire :<strong> vous apporter le meilleur du monde du CBD \u00e0 un prix \u00e9quitable<\/strong>. De plus, nous vous offrons la tranquillit\u00e9 d'esprit que procure le choix d'un produit de qualit\u00e9. <strong>produit certifi\u00e9, efficace et l\u00e9gal 100%<\/strong>. Faites le pas, achetez votre vaper CBD d\u00e8s aujourd'hui et passez \u00e0 un autre niveau d'exp\u00e9rience.\u00a0<\/span><\/p>\n<p>Vous avez encore des doutes ? Ecrivez-nous et nous nous ferons un plaisir de vous aider \u00e0 trouver le produit qui vous convient.<\/p>\n<p>&nbsp;<\/p>\n<h6>\u2139\ufe0f<strong> Informations juridiques<\/strong><\/h6>\n<p><em><span style=\"font-weight: 400;\">*Produit destin\u00e9 \u00e0 la collection ou \u00e0 l'aromath\u00e9rapie, conform\u00e9ment \u00e0 la l\u00e9gislation espagnole en vigueur. <\/span><\/em><\/p>\n<p><em><span style=\"font-weight: 400;\">**D\u00e9riv\u00e9 de chanvre industriel certifi\u00e9. Contient moins de 0,3 THC et ne contient pas de cannabino\u00efdes ill\u00e9gaux tels que HHC, HHC-P, THCP, THCP-O, H4CBD ou des substances \u00e9num\u00e9r\u00e9es \u00e0 l'annexe I du d\u00e9cret royal 2829\/1977, ni de substances contr\u00f4l\u00e9es par des conventions internationales.\u00a0\u00a0<\/span><\/em><\/p>","protected":false},"excerpt":{"rendered":"<p><span style=\"font-weight: 400;\">Reconnue pour sa puissance et son ar\u00f4me, cette vari\u00e9t\u00e9 Indoor a.. : <\/span><\/p>\n<ul>\n<li><span style=\"font-weight: 400;\">Culture d'int\u00e9rieur de qualit\u00e9 sup\u00e9rieure Int\u00e9rieur <\/span><\/li>\n<li><span style=\"font-weight: 400;\">CBD : entre 12-14% <\/span><\/li>\n<li><span style=\"font-weight: 400;\">THC : &lt;0,3% <\/span><\/li>\n<li><span style=\"font-weight: 400;\">100% l\u00e9gal en Europe <\/span><\/li>\n<li><span style=\"font-weight: 400;\">Sans additifs ni pesticides ; agriculture biologique <\/span><\/li>\n<li><span style=\"font-weight: 400;\">Bourgeons denses, verts avec des tons orang\u00e9s<\/span><\/li>\n<li><span style=\"font-weight: 400;\">Ar\u00f4me puissant d'agrumes avec des notes terreuses<\/span><\/li>\n<\/ul>\n<p><span style=\"font-weight: 400;\">Consultation<strong> <a href=\"https:\/\/iguanasmoke.com\/fr\/lanalyse\/\">analyse en laboratoire.<\/a><\/strong><\/span><\/p>","protected":false},"featured_media":59095,"comment_status":"open","ping_status":"closed","template":"","meta":{"_acf_changed":false,"site-sidebar-layout":"default","site-content-layout":"","ast-site-content-layout":"default","site-content-style":"default","site-sidebar-style":"default","ast-global-header-display":"","ast-banner-title-visibility":"","ast-main-header-display":"","ast-hfb-above-header-display":"","ast-hfb-below-header-display":"","ast-hfb-mobile-header-display":"","site-post-title":"","ast-breadcrumbs-content":"","ast-featured-img":"","footer-sml-layout":"","theme-transparent-header-meta":"default","adv-header-id-meta":"","stick-header-meta":"","header-above-stick-meta":"","header-main-stick-meta":"","header-below-stick-meta":"","astra-migrate-meta-layouts":"set","ast-page-background-enabled":"default","ast-page-background-meta":{"desktop":{"background-color":"var(--ast-global-color-4)","background-image":"","background-repeat":"repeat","background-position":"center center","background-size":"auto","background-attachment":"scroll","background-type":"","background-media":"","overlay-type":"","overlay-color":"","overlay-opacity":"","overlay-gradient":""},"tablet":{"background-color":"","background-image":"","background-repeat":"repeat","background-position":"center center","background-size":"auto","background-attachment":"scroll","background-type":"","background-media":"","overlay-type":"","overlay-color":"","overlay-opacity":"","overlay-gradient":""},"mobile":{"background-color":"","background-image":"","background-repeat":"repeat","background-position":"center center","background-size":"auto","background-attachment":"scroll","background-type":"","background-media":"","overlay-type":"","overlay-color":"","overlay-opacity":"","overlay-gradient":""}},"ast-content-background-meta":{"desktop":{"background-color":"var(--ast-global-color-5)","background-image":"","background-repeat":"repeat","background-position":"center center","background-size":"auto","background-attachment":"scroll","background-type":"","background-media":"","overlay-type":"","overlay-color":"","overlay-opacity":"","overlay-gradient":""},"tablet":{"background-color":"var(--ast-global-color-5)","background-image":"","background-repeat":"repeat","background-position":"center center","background-size":"auto","background-attachment":"scroll","background-type":"","background-media":"","overlay-type":"","overlay-color":"","overlay-opacity":"","overlay-gradient":""},"mobile":{"background-color":"var(--ast-global-color-5)","background-image":"","background-repeat":"repeat","background-position":"center center","background-size":"auto","background-attachment":"scroll","background-type":"","background-media":"","overlay-type":"","overlay-color":"","overlay-opacity":"","overlay-gradient":""}}},"product_brand":[],"product_cat":[593,328],"product_tag":[],"class_list":{"0":"post-59014","1":"product","2":"type-product","3":"status-publish","4":"has-post-thumbnail","6":"product_cat-flores-cbd-indoor","7":"product_cat-comprar-flores-de-cbd-y-cogollos-de-cbd","8":"desktop-align-center","9":"tablet-align-center","10":"mobile-align-center","12":"first","13":"instock","14":"taxable","15":"shipping-taxable","16":"purchasable","17":"product-type-variable"},"acf":[],"yoast_head":"<!-- This site is optimized with the Yoast SEO Premium plugin v27.3 (Yoast SEO v27.3) - https:\/\/yoast.com\/product\/yoast-seo-premium-wordpress\/ -->\n<title>Flor CBD Amnesia Indoor - Potente y en\u00e9rgica| Iguana Smoke<\/title>\n<meta name=\"description\" content=\"Descubre la Flor CBD Amnesia Indoor, una de las m\u00e1s potentes y en\u00e9rgicas. Cultivo indoor premium, con &lt;0,3% THC. \u00a1Compra Flores CBD en Iguana Smoke!\" \/>\n<meta name=\"robots\" content=\"index, follow, max-snippet:-1, max-image-preview:large, max-video-preview:-1\" \/>\n<link rel=\"canonical\" href=\"https:\/\/iguanasmoke.com\/fr\/produit\/fleur-cbd-amnesia-indoor\/\" \/>\n<meta property=\"og:locale\" content=\"fr_FR\" \/>\n<meta property=\"og:type\" content=\"article\" \/>\n<meta property=\"og:title\" content=\"Flor CBD Amnesia Indoor\" \/>\n<meta property=\"og:description\" content=\"Destacando por su potencia y aroma, esta variedad Indoor tiene:    Cultivo interior premium Indoor   CBD: entre 12-14%   THC: &lt;0,3%   100% legal en Europa   Sin aditivos ni pesticidas; cultivo ecol\u00f3gico   Cogollos densos, verdes con tonos anaranjados  Aroma potente, c\u00edtrico con notas terrosas  Consulta el an\u00e1lisis de laboratorio.\" \/>\n<meta property=\"og:url\" content=\"https:\/\/iguanasmoke.com\/fr\/produit\/fleur-cbd-amnesia-indoor\/\" \/>\n<meta property=\"og:site_name\" content=\"Iguana Smoke\" \/>\n<meta property=\"article:publisher\" content=\"https:\/\/www.facebook.com\/iguanasmoke\" \/>\n<meta property=\"article:modified_time\" content=\"2026-03-15T17:59:00+00:00\" \/>\n<meta property=\"og:image\" content=\"https:\/\/iguanasmoke.com\/wp-content\/uploads\/2025\/06\/amnesia-indoor-CBD.webp\" \/>\n\t<meta property=\"og:image:width\" content=\"1000\" \/>\n\t<meta property=\"og:image:height\" content=\"1000\" \/>\n\t<meta property=\"og:image:type\" content=\"image\/webp\" \/>\n<meta name=\"twitter:card\" content=\"summary_large_image\" \/>\n<meta name=\"twitter:label1\" content=\"Disponibilit\u00e9\" \/>\n\t<meta name=\"twitter:data1\" content=\"En stock\" \/>\n<meta property=\"product:brand\" content=\"variable\" \/>\n<meta property=\"og:availability\" content=\"instock\" \/>\n<meta property=\"product:availability\" content=\"instock\" \/>\n<meta property=\"product:condition\" content=\"new\" \/>\n<!-- \/ Yoast SEO Premium plugin. -->","yoast_head_json":{"title":"Flower CBD Amnesia Indoor - Fum\u00e9e d'iguane puissante et \u00e9nergique","description":"D\u00e9couvrez la Fleur CBD Amnesia Indoor, une des plus puissantes et \u00e9nergiques. Culture indoor premium, avec &lt;0,3% THC. Achetez des Fleurs CBD sur Iguana Smoke !","robots":{"index":"index","follow":"follow","max-snippet":"max-snippet:-1","max-image-preview":"max-image-preview:large","max-video-preview":"max-video-preview:-1"},"canonical":"https:\/\/iguanasmoke.com\/fr\/produit\/fleur-cbd-amnesia-indoor\/","og_locale":"fr_FR","og_type":"article","og_title":"Flor CBD Amnesia Indoor","og_description":"Destacando por su potencia y aroma, esta variedad Indoor tiene:    Cultivo interior premium Indoor   CBD: entre 12-14%   THC: &lt;0,3%   100% legal en Europa   Sin aditivos ni pesticidas; cultivo ecol\u00f3gico   Cogollos densos, verdes con tonos anaranjados  Aroma potente, c\u00edtrico con notas terrosas  Consulta el an\u00e1lisis de laboratorio.","og_url":"https:\/\/iguanasmoke.com\/fr\/produit\/fleur-cbd-amnesia-indoor\/","og_site_name":"Iguana Smoke","article_publisher":"https:\/\/www.facebook.com\/iguanasmoke","article_modified_time":"2026-03-15T17:59:00+00:00","og_image":[{"width":1000,"height":1000,"url":"https:\/\/iguanasmoke.com\/wp-content\/uploads\/2025\/06\/amnesia-indoor-CBD.webp","type":"image\/webp"}],"twitter_card":"summary_large_image","twitter_misc":{"Disponibilit\u00e9":"En stock"},"schema":{"@context":"https:\/\/schema.org","@graph":[{"@type":"WebPage","@id":"https:\/\/iguanasmoke.com\/producto\/flor-cbd-amnesia-indoor\/","url":"https:\/\/iguanasmoke.com\/producto\/flor-cbd-amnesia-indoor\/","name":"Flower CBD Amnesia Indoor - Fum\u00e9e d'iguane puissante et \u00e9nergique","isPartOf":{"@id":"https:\/\/iguanasmoke.com\/#website"},"primaryImageOfPage":{"@id":"https:\/\/iguanasmoke.com\/producto\/flor-cbd-amnesia-indoor\/#primaryimage"},"image":{"@id":"https:\/\/iguanasmoke.com\/producto\/flor-cbd-amnesia-indoor\/#primaryimage"},"thumbnailUrl":"https:\/\/iguanasmoke.com\/wp-content\/uploads\/2025\/06\/amnesia-indoor-CBD.webp","datePublished":"2025-06-18T13:40:40+00:00","dateModified":"2026-03-15T17:59:00+00:00","description":"D\u00e9couvrez la Fleur CBD Amnesia Indoor, une des plus puissantes et \u00e9nergiques. Culture indoor premium, avec &lt;0,3% THC. Achetez des Fleurs CBD sur Iguana Smoke !","breadcrumb":{"@id":"https:\/\/iguanasmoke.com\/producto\/flor-cbd-amnesia-indoor\/#breadcrumb"},"inLanguage":"fr-FR","potentialAction":[{"@type":"ReadAction","target":["https:\/\/iguanasmoke.com\/producto\/flor-cbd-amnesia-indoor\/"]}]},{"@type":"ImageObject","inLanguage":"fr-FR","@id":"https:\/\/iguanasmoke.com\/producto\/flor-cbd-amnesia-indoor\/#primaryimage","url":"https:\/\/iguanasmoke.com\/wp-content\/uploads\/2025\/06\/amnesia-indoor-CBD.webp","contentUrl":"https:\/\/iguanasmoke.com\/wp-content\/uploads\/2025\/06\/amnesia-indoor-CBD.webp","width":1000,"height":1000,"caption":"flor cbd amnesia cultivo indoor"},{"@type":"BreadcrumbList","@id":"https:\/\/iguanasmoke.com\/producto\/flor-cbd-amnesia-indoor\/#breadcrumb","itemListElement":[{"@type":"ListItem","position":1,"name":"home","item":"https:\/\/iguanasmoke.com\/"},{"@type":"ListItem","position":2,"name":"Tienda","item":"https:\/\/iguanasmoke.com\/tienda\/"},{"@type":"ListItem","position":3,"name":"Flores de CBD","item":"https:\/\/iguanasmoke.com\/categoria\/comprar-flores-de-cbd-y-cogollos-de-cbd\/"},{"@type":"ListItem","position":4,"name":"Flor CBD Amnesia Indoor"}]},{"@type":"WebSite","@id":"https:\/\/iguanasmoke.com\/#website","url":"https:\/\/iguanasmoke.com\/","name":"Fum\u00e9e d'iguane","description":"Acheter du CBD en ligne au meilleur prix","publisher":{"@id":"https:\/\/iguanasmoke.com\/#organization"},"potentialAction":[{"@type":"SearchAction","target":{"@type":"EntryPoint","urlTemplate":"https:\/\/iguanasmoke.com\/?s={search_term_string}"},"query-input":{"@type":"PropertyValueSpecification","valueRequired":true,"valueName":"search_term_string"}}],"inLanguage":"fr-FR"},{"@type":"Organization","@id":"https:\/\/iguanasmoke.com\/#organization","name":"Fum\u00e9e d'iguane","url":"https:\/\/iguanasmoke.com\/","logo":{"@type":"ImageObject","inLanguage":"fr-FR","@id":"https:\/\/iguanasmoke.com\/#\/schema\/logo\/image\/","url":"https:\/\/iguanasmoke.com\/wp-content\/uploads\/2025\/01\/logoiguana-favi-1.png","contentUrl":"https:\/\/iguanasmoke.com\/wp-content\/uploads\/2025\/01\/logoiguana-favi-1.png","width":512,"height":512,"caption":"Iguana Smoke"},"image":{"@id":"https:\/\/iguanasmoke.com\/#\/schema\/logo\/image\/"},"sameAs":["https:\/\/www.facebook.com\/iguanasmoke","https:\/\/www.instagram.com\/iguanasmoke\/"]}]},"product_brand":"variable","og_availability":"instock","product_availability":"instock","product_condition":"new"},"_links":{"self":[{"href":"https:\/\/iguanasmoke.com\/fr\/wp-json\/wp\/v2\/product\/59014","targetHints":{"allow":["GET"]}}],"collection":[{"href":"https:\/\/iguanasmoke.com\/fr\/wp-json\/wp\/v2\/product"}],"about":[{"href":"https:\/\/iguanasmoke.com\/fr\/wp-json\/wp\/v2\/types\/product"}],"replies":[{"embeddable":true,"href":"https:\/\/iguanasmoke.com\/fr\/wp-json\/wp\/v2\/comments?post=59014"}],"wp:featuredmedia":[{"embeddable":true,"href":"https:\/\/iguanasmoke.com\/fr\/wp-json\/wp\/v2\/media\/59095"}],"wp:attachment":[{"href":"https:\/\/iguanasmoke.com\/fr\/wp-json\/wp\/v2\/media?parent=59014"}],"wp:term":[{"taxonomy":"product_brand","embeddable":true,"href":"https:\/\/iguanasmoke.com\/fr\/wp-json\/wp\/v2\/product_brand?post=59014"},{"taxonomy":"product_cat","embeddable":true,"href":"https:\/\/iguanasmoke.com\/fr\/wp-json\/wp\/v2\/product_cat?post=59014"},{"taxonomy":"product_tag","embeddable":true,"href":"https:\/\/iguanasmoke.com\/fr\/wp-json\/wp\/v2\/product_tag?post=59014"}],"curies":[{"name":"wp","href":"https:\/\/api.w.org\/{rel}","templated":true}]}}