{"id":59112,"date":"2025-06-18T21:03:32","date_gmt":"2025-06-18T19:03:32","guid":{"rendered":"https:\/\/iguanasmoke.com\/?post_type=product&#038;p=59112"},"modified":"2026-04-06T03:27:07","modified_gmt":"2026-04-06T01:27:07","slug":"truffes-du-dragon","status":"publish","type":"product","link":"https:\/\/iguanasmoke.com\/fr\/producto\/trufas-dragon\/","title":{"rendered":"Truffes Dragon Magique 15g"},"content":{"rendered":"<h1><span style=\"font-weight: 400\">Truffes Magiques du Dragon - Dragons Dynamite Haute Puissance<\/span><\/h1>\n<p data-start=\"402\" data-end=\"752\"><span style=\"font-weight: 400\">Les <strong>Truffes du dragon magique,<\/strong> \u00e9galement connu sous le nom de <em>Dragons Dynamite<\/em>, Les champignons, qui sont d\u00e9riv\u00e9s du champignon <strong>Psilocybe<\/strong>, et est connu sous ce nom pour \u201clib\u00e9rer le dragon qui est en nous\u201d. Elle est \u00e9galement pr\u00e9sent\u00e9e en \u00e9dition sp\u00e9ciale, car il s'agit d'une pi\u00e8ce unique et puissante pour de nombreux collectionneurs.<\/span><\/p>\n<p data-start=\"402\" data-end=\"752\"><span style=\"font-weight: 400\">Elles comptent \u00e9galement parmi les truffes mycologiques les plus intenses et les plus recherch\u00e9es dans le monde de la mycologie et de la collection. Leur profil en a fait un produit phare pour les amateurs d'exotisme et de spiritualit\u00e9 symbolique. <em>\u00a0<\/em><\/span><\/p>\n<p style=\"padding-left: 40px;text-align: center\" data-start=\"402\" data-end=\"752\"><em><span style=\"font-weight: 400\">\u26a0\ufe0fRecuerda : L'utilisation est limit\u00e9e \u00e0 des fins mycologiques, \u00e9ducatives, d\u00e9coratives ou de collection. Ce produit n'est pas destin\u00e9 \u00e0 la consommation humaine.<\/span><\/em><\/p>\n<h2 data-start=\"1384\" data-end=\"1436\">Caract\u00e9ristiques des truffes Dragon Magic<\/h2>\n<ul>\n<li data-start=\"1335\" data-end=\"1359\"><strong>Structure compacte<\/strong><\/li>\n<\/ul>\n<p><span style=\"font-weight: 400\">La contrainte <strong>Psilocybe<\/strong> a une <strong>scl\u00e9rotes compacts du myc\u00e9lium<\/strong> qui se forment sous terre lorsque le climat ne permet pas encore la croissance des fructifications (champignons). Il s'agit \u00e9galement d'un <strong>r\u00e9servoir naturel de nutriments et de psilocybine<\/strong>, utilis\u00e9 par le champignon comme m\u00e9canisme de survie. <\/span><\/p>\n<ul>\n<li data-start=\"1335\" data-end=\"1359\"><strong>Puissance psych\u00e9d\u00e9lique\u00a0<\/strong><\/li>\n<\/ul>\n<p><span style=\"font-weight: 400\">Vous \u00eates \u00e0<strong> Les truffes mycologiques du dragon,<\/strong> contiennent des compos\u00e9s actifs tels que <strong>psilocybine<\/strong> et le <strong>psilocine<\/strong>, Ces substances, dont l'usage est l\u00e9gal dans des contextes contr\u00f4l\u00e9s (en Espagne, leur consommation n'est pas l\u00e9gale), produisent des exp\u00e9riences psych\u00e9d\u00e9liques qui modifient la perception, permettant ainsi une profonde introspection.\u00a0<\/span><\/p>\n<ul>\n<li data-start=\"1555\" data-end=\"1590\"><strong>Fra\u00eecheur et pr\u00e9sentation de premi\u00e8re qualit\u00e9<\/strong><\/li>\n<\/ul>\n<p data-start=\"1592\" data-end=\"1779\"><span style=\"font-weight: 400\">Chaque unit\u00e9 est <strong>emball\u00e9 sous vide<\/strong> dans un format de <strong>15 grammes<\/strong>, L'emballage permet \u00e9galement de pr\u00e9server l'int\u00e9grit\u00e9 et l'aspect naturel du produit. Ce type d'emballage contribue \u00e9galement \u00e0 la <strong>conservent leur qualit\u00e9 pendant une p\u00e9riode plus longue<\/strong>o. Pour beaucoup, cet emballage est m\u00eame devenu un symbole de l'attention port\u00e9e aux d\u00e9tails par Dragon Magic Truffles.\u00a0<\/span><\/p>\n<h2 data-start=\"805\" data-end=\"862\">Pourquoi acheter des truffes Magic Dragon \u00e0 des fins mycologiques ?<\/h2>\n<p data-start=\"864\" data-end=\"953\"><span style=\"font-weight: 400\">Les <strong>Truffes Dragon Magique <\/strong>sont tr\u00e8s pris\u00e9es par les chercheurs et les collectionneurs pour leurs caract\u00e9ristiques uniques :\u00a0<\/span><\/p>\n<ul>\n<li data-start=\"864\" data-end=\"953\"><span style=\"font-weight: 400\"><strong>Origine naturelle<\/strong>scl\u00e9rotes : scl\u00e9rotes s\u00e9lectionn\u00e9s \u00e0 partir de cultures mycologiques sp\u00e9cialis\u00e9es.<\/span><\/li>\n<li data-start=\"864\" data-end=\"953\"><span style=\"font-weight: 400\"><strong>Morphologie dense :<\/strong> sont \u00e9galement excellents pour les examens microscopiques.<\/span><\/li>\n<li data-start=\"864\" data-end=\"953\"><span style=\"font-weight: 400\"><strong>Fra\u00eecheur et tra\u00e7abilit\u00e9 :<\/strong> Chaque lot est soumis \u00e0 des contr\u00f4les de qualit\u00e9 stricts afin de garantir son ad\u00e9quation \u00e0 des fins acad\u00e9miques et d\u00e9coratives.\u00a0<\/span><\/li>\n<\/ul>\n<h2 data-start=\"1786\" data-end=\"1833\">Conservation et manipulation pour l'\u00e9tude<\/h2>\n<ul>\n<li><span style=\"font-weight: 400\"><strong>Stockage<\/strong>Conserver entre 2\u00baC et 4\u00baC pour pr\u00e9server son int\u00e9grit\u00e9.<\/span><\/li>\n<li><span style=\"font-weight: 400\"><strong>Manipulation<\/strong>L'utilisation de gants et d'ustensiles st\u00e9riles est recommand\u00e9e dans les laboratoires.<\/span><\/li>\n<li><span style=\"font-weight: 400\"><strong>D\u00e9coration\/collection<\/strong>id\u00e9al pour les expositions botaniques et les pr\u00e9sentations \u00e9ducatives.<\/span><\/li>\n<\/ul>\n<h2 data-start=\"2130\" data-end=\"2181\">Des achats s\u00fbrs et conformes \u00e0 la l\u00e9gislation<\/h2>\n<p data-start=\"2183\" data-end=\"2374\"><span style=\"font-weight: 400\">Dans notre boutique en ligne, vous pouvez acheter<strong> Truffes mycologiques Dragon <\/strong>en toute tranquillit\u00e9 d'esprit :<\/span><\/p>\n<ul>\n<li data-start=\"2183\" data-end=\"2374\"><span style=\"font-weight: 400\">Ils sont conformes aux dispositions l\u00e9gales en vigueur en Espagne pour les produits fabriqu\u00e9s \u00e0 partir de<strong> utilisation non consommable<\/strong>. <\/span><\/li>\n<li data-start=\"2183\" data-end=\"2374\"><span style=\"font-weight: 400\">Ils comportent des avertissements clairs quant \u00e0 leur objectif.<\/span><\/li>\n<li data-start=\"2183\" data-end=\"2374\"><span style=\"font-weight: 400\">Exp\u00e9dition discr\u00e8te et emballage s\u00e9curis\u00e9. <\/span><\/li>\n<\/ul>\n<p>&nbsp;<\/p>\n<p style=\"text-align: center;padding-left: 40px\"><span style=\"font-weight: 400\"><em>\u00a0\u26a0\ufe0fNo nous n'encourageons ni ne recommandons leur consommation. Ils sont uniquement destin\u00e9s \u00e0 l'\u00e9tude mycologique, \u00e0 l'exposition d\u00e9corative ou \u00e0 la collection.<\/em>. Si vous avez des questions concernant la r\u00e9glementation, veuillez nous contacter avant de passer votre commande.\u00a0<\/span><\/p>","protected":false},"excerpt":{"rendered":"<p><span style=\"font-weight: 400\">Les <strong>Truffes mycologiques<\/strong> <strong>Dragon<\/strong> ou Dragon Dynamite, sont <strong>scl\u00e9rotes frais d'esp\u00e8ces mycologiques s\u00e9lectionn\u00e9es<\/strong>, excellent pour l'\u00e9tude mycologique. Riches en psilocybine et en nutriments essentiels, elles poussent sur le myc\u00e9lium souterrain du champignon Psilocybe.\u00a0<\/span><\/p>\n<p><span style=\"font-weight: 400\"><strong>Non destin\u00e9 \u00e0 la consommation humaine<\/strong>. <strong>En cas de doute, veuillez nous contacter ou consulter la r\u00e9glementation.<\/strong>.<\/span><\/p>","protected":false},"featured_media":59117,"comment_status":"open","ping_status":"closed","template":"","meta":{"_acf_changed":false,"site-sidebar-layout":"default","site-content-layout":"","ast-site-content-layout":"default","site-content-style":"default","site-sidebar-style":"default","ast-global-header-display":"","ast-banner-title-visibility":"","ast-main-header-display":"","ast-hfb-above-header-display":"","ast-hfb-below-header-display":"","ast-hfb-mobile-header-display":"","site-post-title":"","ast-breadcrumbs-content":"","ast-featured-img":"","footer-sml-layout":"","theme-transparent-header-meta":"default","adv-header-id-meta":"","stick-header-meta":"","header-above-stick-meta":"","header-main-stick-meta":"","header-below-stick-meta":"","astra-migrate-meta-layouts":"set","ast-page-background-enabled":"default","ast-page-background-meta":{"desktop":{"background-color":"var(--ast-global-color-4)","background-image":"","background-repeat":"repeat","background-position":"center center","background-size":"auto","background-attachment":"scroll","background-type":"","background-media":"","overlay-type":"","overlay-color":"","overlay-opacity":"","overlay-gradient":""},"tablet":{"background-color":"","background-image":"","background-repeat":"repeat","background-position":"center center","background-size":"auto","background-attachment":"scroll","background-type":"","background-media":"","overlay-type":"","overlay-color":"","overlay-opacity":"","overlay-gradient":""},"mobile":{"background-color":"","background-image":"","background-repeat":"repeat","background-position":"center center","background-size":"auto","background-attachment":"scroll","background-type":"","background-media":"","overlay-type":"","overlay-color":"","overlay-opacity":"","overlay-gradient":""}},"ast-content-background-meta":{"desktop":{"background-color":"var(--ast-global-color-5)","background-image":"","background-repeat":"repeat","background-position":"center center","background-size":"auto","background-attachment":"scroll","background-type":"","background-media":"","overlay-type":"","overlay-color":"","overlay-opacity":"","overlay-gradient":""},"tablet":{"background-color":"var(--ast-global-color-5)","background-image":"","background-repeat":"repeat","background-position":"center center","background-size":"auto","background-attachment":"scroll","background-type":"","background-media":"","overlay-type":"","overlay-color":"","overlay-opacity":"","overlay-gradient":""},"mobile":{"background-color":"var(--ast-global-color-5)","background-image":"","background-repeat":"repeat","background-position":"center center","background-size":"auto","background-attachment":"scroll","background-type":"","background-media":"","overlay-type":"","overlay-color":"","overlay-opacity":"","overlay-gradient":""}}},"product_brand":[],"product_cat":[594,595],"product_tag":[],"class_list":{"0":"post-59112","1":"product","2":"type-product","3":"status-publish","4":"has-post-thumbnail","6":"product_cat-smartshop","7":"product_cat-trufas-magicas","8":"desktop-align-center","9":"tablet-align-center","10":"mobile-align-center","12":"first","13":"instock","14":"taxable","15":"shipping-taxable","16":"purchasable","17":"product-type-simple"},"acf":[],"yoast_head":"<!-- This site is optimized with the Yoast SEO Premium plugin v27.3 (Yoast SEO v27.3) - https:\/\/yoast.com\/product\/yoast-seo-premium-wordpress\/ -->\n<title>Trufas M\u00e1gicas Dragon para estudio micol\u00f3gico<\/title>\n<meta name=\"description\" content=\"Descubre las Trufas M\u00e1gicas Dragon Dynamite. Compra legal en Espa\u00f1a solo para colecci\u00f3n o estudio. No apta para menores de 18.\" \/>\n<meta name=\"robots\" content=\"index, follow, max-snippet:-1, max-image-preview:large, max-video-preview:-1\" \/>\n<link rel=\"canonical\" href=\"https:\/\/iguanasmoke.com\/fr\/produit\/truffes-du-dragon\/\" \/>\n<meta property=\"og:locale\" content=\"fr_FR\" \/>\n<meta property=\"og:type\" content=\"article\" \/>\n<meta property=\"og:title\" content=\"Trufas M\u00e1gicas Dragon 15g\" \/>\n<meta property=\"og:description\" content=\"Las Trufas micol\u00f3gicas Drag\u00f3n o Dragon Dynamite, son esclerocios frescos de especies micol\u00f3gicas seleccionadas, excelentes para estudio micol\u00f3gico. Rica en psilocibina y nutrientes esenciales, crecen en el micelio subterr\u00e1neo del hongo Psilocybe.\u00a0  No est\u00e1 destinado al consumo humano. Si tienes dudas cons\u00faltanos o revisa la normativa.\" \/>\n<meta property=\"og:url\" content=\"https:\/\/iguanasmoke.com\/fr\/produit\/truffes-du-dragon\/\" \/>\n<meta property=\"og:site_name\" content=\"Iguana Smoke\" \/>\n<meta property=\"article:publisher\" content=\"https:\/\/www.facebook.com\/iguanasmoke\" \/>\n<meta property=\"article:modified_time\" content=\"2026-04-06T01:27:07+00:00\" \/>\n<meta property=\"og:image\" content=\"https:\/\/iguanasmoke.com\/wp-content\/uploads\/2025\/06\/trufas-dragon.webp\" \/>\n\t<meta property=\"og:image:width\" content=\"1000\" \/>\n\t<meta property=\"og:image:height\" content=\"1000\" \/>\n\t<meta property=\"og:image:type\" content=\"image\/webp\" \/>\n<meta name=\"twitter:card\" content=\"summary_large_image\" \/>\n<meta name=\"twitter:label1\" content=\"Prix\" \/>\n\t<meta name=\"twitter:data1\" content=\"17,55&nbsp;&euro;\" \/>\n\t<meta name=\"twitter:label2\" content=\"Disponibilit\u00e9\" \/>\n\t<meta name=\"twitter:data2\" content=\"En stock\" \/>\n<meta property=\"product:brand\" content=\"simple\" \/>\n<meta property=\"product:price:amount\" content=\"17.55\" \/>\n<meta property=\"product:price:currency\" content=\"EUR\" \/>\n<meta property=\"og:availability\" content=\"instock\" \/>\n<meta property=\"product:availability\" content=\"instock\" \/>\n<meta property=\"product:retailer_item_id\" content=\"SJ-TRUFA-DRA\" \/>\n<meta property=\"product:condition\" content=\"new\" \/>\n<!-- \/ Yoast SEO Premium plugin. -->","yoast_head_json":{"title":"Truffes Dragon Magic pour l'\u00e9tude mycologique","description":"D\u00e9couvrez les truffes magiques Dragon Dynamite. Achat l\u00e9gal en Espagne uniquement pour collection ou \u00e9tude. Ne convient pas aux enfants de moins de 18 ans.","robots":{"index":"index","follow":"follow","max-snippet":"max-snippet:-1","max-image-preview":"max-image-preview:large","max-video-preview":"max-video-preview:-1"},"canonical":"https:\/\/iguanasmoke.com\/fr\/produit\/truffes-du-dragon\/","og_locale":"fr_FR","og_type":"article","og_title":"Trufas M\u00e1gicas Dragon 15g","og_description":"Las Trufas micol\u00f3gicas Drag\u00f3n o Dragon Dynamite, son esclerocios frescos de especies micol\u00f3gicas seleccionadas, excelentes para estudio micol\u00f3gico. Rica en psilocibina y nutrientes esenciales, crecen en el micelio subterr\u00e1neo del hongo Psilocybe.\u00a0  No est\u00e1 destinado al consumo humano. Si tienes dudas cons\u00faltanos o revisa la normativa.","og_url":"https:\/\/iguanasmoke.com\/fr\/produit\/truffes-du-dragon\/","og_site_name":"Iguana Smoke","article_publisher":"https:\/\/www.facebook.com\/iguanasmoke","article_modified_time":"2026-04-06T01:27:07+00:00","og_image":[{"width":1000,"height":1000,"url":"https:\/\/iguanasmoke.com\/wp-content\/uploads\/2025\/06\/trufas-dragon.webp","type":"image\/webp"}],"twitter_card":"summary_large_image","twitter_misc":{"Prix":"17,55&nbsp;&euro;","Disponibilit\u00e9":"En stock"},"schema":{"@context":"https:\/\/schema.org","@graph":[{"@type":"WebPage","@id":"https:\/\/iguanasmoke.com\/producto\/trufas-dragon\/","url":"https:\/\/iguanasmoke.com\/producto\/trufas-dragon\/","name":"Truffes Dragon Magic pour l'\u00e9tude mycologique","isPartOf":{"@id":"https:\/\/iguanasmoke.com\/#website"},"primaryImageOfPage":{"@id":"https:\/\/iguanasmoke.com\/producto\/trufas-dragon\/#primaryimage"},"image":{"@id":"https:\/\/iguanasmoke.com\/producto\/trufas-dragon\/#primaryimage"},"thumbnailUrl":"https:\/\/iguanasmoke.com\/wp-content\/uploads\/2025\/06\/trufas-dragon.webp","datePublished":"2025-06-18T19:03:32+00:00","dateModified":"2026-04-06T01:27:07+00:00","description":"D\u00e9couvrez les truffes magiques Dragon Dynamite. Achat l\u00e9gal en Espagne uniquement pour collection ou \u00e9tude. Ne convient pas aux enfants de moins de 18 ans.","breadcrumb":{"@id":"https:\/\/iguanasmoke.com\/producto\/trufas-dragon\/#breadcrumb"},"inLanguage":"fr-FR","potentialAction":[{"@type":"ReadAction","target":["https:\/\/iguanasmoke.com\/producto\/trufas-dragon\/"]}]},{"@type":"ImageObject","inLanguage":"fr-FR","@id":"https:\/\/iguanasmoke.com\/producto\/trufas-dragon\/#primaryimage","url":"https:\/\/iguanasmoke.com\/wp-content\/uploads\/2025\/06\/trufas-dragon.webp","contentUrl":"https:\/\/iguanasmoke.com\/wp-content\/uploads\/2025\/06\/trufas-dragon.webp","width":1000,"height":1000,"caption":"Trufas micol\u00f3gicas Dragon"},{"@type":"BreadcrumbList","@id":"https:\/\/iguanasmoke.com\/producto\/trufas-dragon\/#breadcrumb","itemListElement":[{"@type":"ListItem","position":1,"name":"home","item":"https:\/\/iguanasmoke.com\/"},{"@type":"ListItem","position":2,"name":"Tienda","item":"https:\/\/iguanasmoke.com\/tienda\/"},{"@type":"ListItem","position":3,"name":"SmartShop","item":"https:\/\/iguanasmoke.com\/categoria\/smartshop\/"},{"@type":"ListItem","position":4,"name":"Trufas M\u00e1gicas Dragon 15g"}]},{"@type":"WebSite","@id":"https:\/\/iguanasmoke.com\/#website","url":"https:\/\/iguanasmoke.com\/","name":"Fum\u00e9e d'iguane","description":"Acheter du CBD en ligne au meilleur prix","publisher":{"@id":"https:\/\/iguanasmoke.com\/#organization"},"potentialAction":[{"@type":"SearchAction","target":{"@type":"EntryPoint","urlTemplate":"https:\/\/iguanasmoke.com\/?s={search_term_string}"},"query-input":{"@type":"PropertyValueSpecification","valueRequired":true,"valueName":"search_term_string"}}],"inLanguage":"fr-FR"},{"@type":"Organization","@id":"https:\/\/iguanasmoke.com\/#organization","name":"Fum\u00e9e d'iguane","url":"https:\/\/iguanasmoke.com\/","logo":{"@type":"ImageObject","inLanguage":"fr-FR","@id":"https:\/\/iguanasmoke.com\/#\/schema\/logo\/image\/","url":"https:\/\/iguanasmoke.com\/wp-content\/uploads\/2025\/01\/logoiguana-favi-1.png","contentUrl":"https:\/\/iguanasmoke.com\/wp-content\/uploads\/2025\/01\/logoiguana-favi-1.png","width":512,"height":512,"caption":"Iguana Smoke"},"image":{"@id":"https:\/\/iguanasmoke.com\/#\/schema\/logo\/image\/"},"sameAs":["https:\/\/www.facebook.com\/iguanasmoke","https:\/\/www.instagram.com\/iguanasmoke\/"]}]},"product_brand":"simple","product_price_amount":"17.55","product_price_currency":"EUR","og_availability":"instock","product_availability":"instock","product_retailer_item_id":"SJ-TRUFA-DRA","product_condition":"new"},"_links":{"self":[{"href":"https:\/\/iguanasmoke.com\/fr\/wp-json\/wp\/v2\/product\/59112","targetHints":{"allow":["GET"]}}],"collection":[{"href":"https:\/\/iguanasmoke.com\/fr\/wp-json\/wp\/v2\/product"}],"about":[{"href":"https:\/\/iguanasmoke.com\/fr\/wp-json\/wp\/v2\/types\/product"}],"replies":[{"embeddable":true,"href":"https:\/\/iguanasmoke.com\/fr\/wp-json\/wp\/v2\/comments?post=59112"}],"wp:featuredmedia":[{"embeddable":true,"href":"https:\/\/iguanasmoke.com\/fr\/wp-json\/wp\/v2\/media\/59117"}],"wp:attachment":[{"href":"https:\/\/iguanasmoke.com\/fr\/wp-json\/wp\/v2\/media?parent=59112"}],"wp:term":[{"taxonomy":"product_brand","embeddable":true,"href":"https:\/\/iguanasmoke.com\/fr\/wp-json\/wp\/v2\/product_brand?post=59112"},{"taxonomy":"product_cat","embeddable":true,"href":"https:\/\/iguanasmoke.com\/fr\/wp-json\/wp\/v2\/product_cat?post=59112"},{"taxonomy":"product_tag","embeddable":true,"href":"https:\/\/iguanasmoke.com\/fr\/wp-json\/wp\/v2\/product_tag?post=59112"}],"curies":[{"name":"wp","href":"https:\/\/api.w.org\/{rel}","templated":true}]}}