{"id":59114,"date":"2025-06-18T21:10:03","date_gmt":"2025-06-18T19:10:03","guid":{"rendered":"https:\/\/iguanasmoke.com\/?post_type=product&#038;p=59114"},"modified":"2026-03-31T15:05:27","modified_gmt":"2026-03-31T13:05:27","slug":"truffes-tampanensis-2","status":"publish","type":"product","link":"https:\/\/iguanasmoke.com\/fr\/producto\/trufas-tampanensis\/","title":{"rendered":"Truffes magiques Tampanensis 15g"},"content":{"rendered":"<h1><span style=\"font-weight: 400\">Truffes magiques Tampanensis- Truffes mycologiques pour la collecte et l'\u00e9tude\u00a0<\/span><\/h1>\n<p data-start=\"554\" data-end=\"985\"><span style=\"font-weight: 400\">Les <strong>Truffes magiques Tampanensis,<\/strong> connu sous le nom de <em>pierres philosophales<\/em>, proviennent d'un champignon rare <strong>Psilocybe tampanensis<\/strong>, une esp\u00e8ce psych\u00e9d\u00e9lique appartenant \u00e0 la famille des <em>Hymenogastraceae<\/em>. <\/span><\/p>\n<p data-start=\"554\" data-end=\"985\"><span style=\"font-weight: 400\">Ce champignon a \u00e9t\u00e9 d\u00e9couvert pour la premi\u00e8re fois en 1977 dans une prairie sablonneuse pr\u00e8s de Tampa, en Floride. Depuis, sa d\u00e9couverte dans la nature a \u00e9t\u00e9 exceptionnelle, de sorte que la plupart des sp\u00e9cimens actuels proviennent de la r\u00e9gion de Tampa. <strong>les cultures mycologiques bas\u00e9es sur des clones du sp\u00e9cimen original<\/strong>. <\/span><\/p>\n<p data-start=\"554\" data-end=\"985\"><span style=\"font-weight: 400\">Contrairement \u00e0 d'autres esp\u00e8ces, le <strong>Psilocybe tampanensis <\/strong>forme des scl\u00e9rotes mycologiques souterrains psychoactifs qui fonctionnent comme des structures r\u00e9servoirs. Ces scl\u00e9rotes, connus sous le nom de truffes magiques, ont suscit\u00e9 l'int\u00e9r\u00eat en raison de leur d\u00e9veloppement biologique particulier. <\/span><\/p>\n<p data-start=\"554\" data-end=\"985\"><span style=\"font-weight: 400\">Historiquement, son utilisation a \u00e9t\u00e9 associ\u00e9e \u00e0 des contextes spirituels, r\u00e9cr\u00e9atifs et scientifiques dans diverses cultures. Cependant, en Espagne, sa consommation est totalement interdite.\u00a0<\/span><\/p>\n<p style=\"padding-left: 40px;text-align: center\" data-start=\"554\" data-end=\"985\"><em><span style=\"font-weight: 400\">\u26a0\ufe0fRecuerda : L'utilisation est limit\u00e9e \u00e0 des fins mycologiques, \u00e9ducatives, d\u00e9coratives ou de collection. Ce produit n'est pas destin\u00e9 \u00e0 la consommation humaine.<\/span><\/em><\/p>\n<p>&nbsp;<\/p>\n<h2 data-start=\"1384\" data-end=\"1436\">Caract\u00e9ristiques des truffes magiques Tampanensis<\/h2>\n<ul>\n<li data-start=\"1335\" data-end=\"1359\"><strong>Structure dense<\/strong><\/li>\n<\/ul>\n<p>La contrainte <span style=\"font-weight: 400\"><strong>Psilocybe tampanensis <\/strong><\/span>pr\u00e9sente des scl\u00e9rotes compacts et denses. De plus, avec sa teinte brun-terreux <span style=\"font-size: 16px;font-weight: 400\">est l'une des vari\u00e9t\u00e9s les plus appr\u00e9ci\u00e9es pour l'analyse visuelle.<\/span><\/p>\n<ul>\n<li data-start=\"1555\" data-end=\"1590\"><strong>Fra\u00eecheur et pr\u00e9sentation de premi\u00e8re qualit\u00e9<\/strong><\/li>\n<\/ul>\n<p data-start=\"1592\" data-end=\"1779\"><span style=\"font-weight: 400\">Chaque unit\u00e9 est <strong>emball\u00e9 sous vide<\/strong> dans un format de <strong>15 grammes<\/strong>, pr\u00e9servant ainsi son int\u00e9grit\u00e9 et son aspect naturel.<\/span> Ce type d'emballage permet \u00e9galement de conserver plus longtemps la qualit\u00e9 des truffes. Pour beaucoup, cet emballage est m\u00eame devenu le symbole de l'attention port\u00e9e aux d\u00e9tails par les Trufas M\u00e1gicas Tampanensis.<\/p>\n<ul>\n<li data-start=\"1335\" data-end=\"1359\"><strong>Protection contre les catastrophes naturelles\u00a0<\/strong><\/li>\n<\/ul>\n<p><span style=\"font-weight: 400\">Vous \u00eates \u00e0<strong> Truffes mycologiques de Tampanensis,<\/strong> sont d\u00e9velopp\u00e9s en tant que <strong>strat\u00e9gie de survie en cas d'incendie ou de catastrophe environnementale<\/strong>. Pour cette raison, ils sont consid\u00e9r\u00e9s comme une <strong>ph\u00e9nom\u00e8ne biologique<\/strong> particuli\u00e8rement unique au sein de l'Union europ\u00e9enne.<strong> royaume des Fungi.<\/strong> C'est pourquoi elles sont tr\u00e8s pris\u00e9es par les collectionneurs et les mycologues \u00e0 la recherche de sp\u00e9cimens ayant une <strong>le contexte historique et scientifique pertinent<\/strong>.\u00a0<\/span><\/p>\n<h2 data-start=\"805\" data-end=\"862\">Pourquoi acheter des truffes magiques Tampanensis \u00e0 des fins mycologiques ?<\/h2>\n<p data-start=\"864\" data-end=\"953\"><span style=\"font-weight: 400\">Les <strong>Truffes magiques Tampanensis <\/strong>sont tr\u00e8s appr\u00e9ci\u00e9es des chercheurs et des collectionneurs pour leurs caract\u00e9ristiques uniques :\u00a0<\/span><\/p>\n<ul>\n<li data-start=\"864\" data-end=\"953\"><span style=\"font-weight: 400\"><strong>Curieuse origine naturelle<\/strong>scl\u00e9rotes s\u00e9lectionn\u00e9s et cultiv\u00e9s \u00e0 partir d'une culture mycologique du sp\u00e9cimen collect\u00e9 en Floride.\u00a0<\/span><\/li>\n<li data-start=\"864\" data-end=\"953\"><span style=\"font-weight: 400\"><strong>Morphologie unique :<\/strong> en raison de sa raret\u00e9, avec l'apparition de <em>la pierre philosophale,<\/em> sont \u00e9galement excellents pour les examens microscopiques.<\/span><\/li>\n<li data-start=\"864\" data-end=\"953\"><span style=\"font-weight: 400\"><strong>Fra\u00eecheur et tra\u00e7abilit\u00e9 :<\/strong> Chaque lot est soumis \u00e0 des contr\u00f4les de qualit\u00e9 stricts afin de garantir son ad\u00e9quation \u00e0 des fins acad\u00e9miques et d\u00e9coratives.\u00a0<\/span><\/li>\n<\/ul>\n<h2 data-start=\"1786\" data-end=\"1833\">Conservation et manipulation pour l'\u00e9tude<\/h2>\n<ul>\n<li><span style=\"font-weight: 400\"><strong>Stockage<\/strong>Conserver entre 2\u00baC et 4\u00baC pour pr\u00e9server son int\u00e9grit\u00e9.<\/span><\/li>\n<li><span style=\"font-weight: 400\"><strong>Manipulation<\/strong>L'utilisation de gants et d'ustensiles st\u00e9riles est recommand\u00e9e dans les laboratoires.<\/span><\/li>\n<li><span style=\"font-weight: 400\"><strong>D\u00e9coration\/collection<\/strong>id\u00e9al pour les expositions botaniques et les pr\u00e9sentations \u00e9ducatives.<\/span><\/li>\n<\/ul>\n<h2 data-start=\"2130\" data-end=\"2181\">Des achats s\u00fbrs et conformes \u00e0 la l\u00e9gislation<\/h2>\n<p data-start=\"2183\" data-end=\"2374\"><span style=\"font-weight: 400\">Dans notre boutique en ligne, vous pouvez acheter<strong> Truffes mycologiques Tampanensis <\/strong>en toute tranquillit\u00e9 d'esprit :<\/span><\/p>\n<ul>\n<li data-start=\"2183\" data-end=\"2374\"><span style=\"font-weight: 400\">Ils sont conformes aux dispositions l\u00e9gales en vigueur en Espagne pour les produits fabriqu\u00e9s \u00e0 partir de<strong> utilisation non consommable<\/strong>. <\/span><\/li>\n<li data-start=\"2183\" data-end=\"2374\"><span style=\"font-weight: 400\">Ils comportent des avertissements clairs quant \u00e0 leur objectif.<\/span><\/li>\n<li data-start=\"2183\" data-end=\"2374\"><span style=\"font-weight: 400\">Exp\u00e9dition discr\u00e8te et emballage s\u00e9curis\u00e9. <\/span><\/li>\n<\/ul>\n<p>&nbsp;<\/p>\n<p style=\"text-align: center;padding-left: 40px\"><span style=\"font-weight: 400\"><em>\u00a0\u26a0\ufe0fNo nous n'encourageons ni ne recommandons leur consommation. Ils sont uniquement destin\u00e9s \u00e0 l'\u00e9tude mycologique, \u00e0 l'exposition d\u00e9corative ou \u00e0 la collection.<\/em>. Si vous avez des questions concernant la r\u00e9glementation, veuillez nous contacter avant de passer votre commande.\u00a0<\/span><\/p>","protected":false},"excerpt":{"rendered":"<p><span style=\"font-weight: 400\">Les <strong>Truffes mycologiques Tampanensis <\/strong>sont <strong>scl\u00e9rotes compacts brun terreux<\/strong>, excellent pour l'\u00e9tude mycologique et la collecte. Leur valeur r\u00e9side dans leur singularit\u00e9 biologique, ce qui en fait un produit tr\u00e8s recherch\u00e9 par les experts.\u00a0<\/span><\/p>\n<p><span style=\"font-weight: 400\"><strong>Non destin\u00e9 \u00e0 la consommation humaine<\/strong>. <strong>En cas de doute, veuillez nous contacter ou consulter la r\u00e9glementation.<\/strong>.<\/span><\/p>","protected":false},"featured_media":59116,"comment_status":"open","ping_status":"closed","template":"","meta":{"_acf_changed":false,"site-sidebar-layout":"default","site-content-layout":"","ast-site-content-layout":"default","site-content-style":"default","site-sidebar-style":"default","ast-global-header-display":"","ast-banner-title-visibility":"","ast-main-header-display":"","ast-hfb-above-header-display":"","ast-hfb-below-header-display":"","ast-hfb-mobile-header-display":"","site-post-title":"","ast-breadcrumbs-content":"","ast-featured-img":"","footer-sml-layout":"","theme-transparent-header-meta":"default","adv-header-id-meta":"","stick-header-meta":"","header-above-stick-meta":"","header-main-stick-meta":"","header-below-stick-meta":"","astra-migrate-meta-layouts":"set","ast-page-background-enabled":"default","ast-page-background-meta":{"desktop":{"background-color":"var(--ast-global-color-4)","background-image":"","background-repeat":"repeat","background-position":"center center","background-size":"auto","background-attachment":"scroll","background-type":"","background-media":"","overlay-type":"","overlay-color":"","overlay-opacity":"","overlay-gradient":""},"tablet":{"background-color":"","background-image":"","background-repeat":"repeat","background-position":"center center","background-size":"auto","background-attachment":"scroll","background-type":"","background-media":"","overlay-type":"","overlay-color":"","overlay-opacity":"","overlay-gradient":""},"mobile":{"background-color":"","background-image":"","background-repeat":"repeat","background-position":"center center","background-size":"auto","background-attachment":"scroll","background-type":"","background-media":"","overlay-type":"","overlay-color":"","overlay-opacity":"","overlay-gradient":""}},"ast-content-background-meta":{"desktop":{"background-color":"var(--ast-global-color-5)","background-image":"","background-repeat":"repeat","background-position":"center center","background-size":"auto","background-attachment":"scroll","background-type":"","background-media":"","overlay-type":"","overlay-color":"","overlay-opacity":"","overlay-gradient":""},"tablet":{"background-color":"var(--ast-global-color-5)","background-image":"","background-repeat":"repeat","background-position":"center center","background-size":"auto","background-attachment":"scroll","background-type":"","background-media":"","overlay-type":"","overlay-color":"","overlay-opacity":"","overlay-gradient":""},"mobile":{"background-color":"var(--ast-global-color-5)","background-image":"","background-repeat":"repeat","background-position":"center center","background-size":"auto","background-attachment":"scroll","background-type":"","background-media":"","overlay-type":"","overlay-color":"","overlay-opacity":"","overlay-gradient":""}}},"product_brand":[],"product_cat":[594,595],"product_tag":[],"class_list":{"0":"post-59114","1":"product","2":"type-product","3":"status-publish","4":"has-post-thumbnail","6":"product_cat-smartshop","7":"product_cat-trufas-magicas","8":"desktop-align-center","9":"tablet-align-center","10":"mobile-align-center","12":"first","13":"instock","14":"taxable","15":"shipping-taxable","16":"purchasable","17":"product-type-simple"},"acf":[],"yoast_head":"<!-- This site is optimized with the Yoast SEO Premium plugin v27.3 (Yoast SEO v27.3) - https:\/\/yoast.com\/product\/yoast-seo-premium-wordpress\/ -->\n<title>Trufas M\u00e1gicas Tampanensis para coleccionismo<\/title>\n<meta name=\"description\" content=\"Descubre las Trufas M\u00e1gicas Tampanensis. Trufas alucin\u00f3genas raras, ideales para colecci\u00f3n o estudio micol\u00f3gico. Compra legal en Espa\u00f1a.\" \/>\n<meta name=\"robots\" content=\"index, follow, max-snippet:-1, max-image-preview:large, max-video-preview:-1\" \/>\n<link rel=\"canonical\" href=\"https:\/\/iguanasmoke.com\/fr\/produit\/truffes-tampanensis-2\/\" \/>\n<meta property=\"og:locale\" content=\"fr_FR\" \/>\n<meta property=\"og:type\" content=\"article\" \/>\n<meta property=\"og:title\" content=\"Trufas M\u00e1gicas Tampanensis 15g\" \/>\n<meta property=\"og:description\" content=\"Las Trufas micol\u00f3gicas Tampanensis son esclerocios compactos marrones terrosos, excelentes para estudio micol\u00f3gico y coleccionismo. Su valor reside en su singularidad biol\u00f3gica, convirti\u00e9ndolas en un producto muy buscado entre expertos.\u00a0  No est\u00e1 destinado al consumo humano. Si tienes dudas cons\u00faltanos o revisa la normativa.\" \/>\n<meta property=\"og:url\" content=\"https:\/\/iguanasmoke.com\/fr\/produit\/truffes-tampanensis-2\/\" \/>\n<meta property=\"og:site_name\" content=\"Iguana Smoke\" \/>\n<meta property=\"article:publisher\" content=\"https:\/\/www.facebook.com\/iguanasmoke\" \/>\n<meta property=\"article:modified_time\" content=\"2026-03-31T13:05:27+00:00\" \/>\n<meta property=\"og:image\" content=\"https:\/\/iguanasmoke.com\/wp-content\/uploads\/2025\/06\/Trufas-tampanensis.webp\" \/>\n\t<meta property=\"og:image:width\" content=\"1000\" \/>\n\t<meta property=\"og:image:height\" content=\"1000\" \/>\n\t<meta property=\"og:image:type\" content=\"image\/webp\" \/>\n<meta name=\"twitter:card\" content=\"summary_large_image\" \/>\n<meta name=\"twitter:label1\" content=\"Prix\" \/>\n\t<meta name=\"twitter:data1\" content=\"17,55&nbsp;&euro;\" \/>\n\t<meta name=\"twitter:label2\" content=\"Disponibilit\u00e9\" \/>\n\t<meta name=\"twitter:data2\" content=\"En stock\" \/>\n<meta property=\"product:brand\" content=\"simple\" \/>\n<meta property=\"product:price:amount\" content=\"17.55\" \/>\n<meta property=\"product:price:currency\" content=\"EUR\" \/>\n<meta property=\"og:availability\" content=\"instock\" \/>\n<meta property=\"product:availability\" content=\"instock\" \/>\n<meta property=\"product:retailer_item_id\" content=\"SJ-TRUFA-TAM\" \/>\n<meta property=\"product:condition\" content=\"new\" \/>\n<!-- \/ Yoast SEO Premium plugin. -->","yoast_head_json":{"title":"Truffes magiques Tampanensis pour la collection","description":"D\u00e9couvrez les truffes magiques Tampanensis. Truffes hallucinog\u00e8nes rares, id\u00e9ales pour la collection ou l'\u00e9tude mycologique. Achat l\u00e9gal en Espagne.","robots":{"index":"index","follow":"follow","max-snippet":"max-snippet:-1","max-image-preview":"max-image-preview:large","max-video-preview":"max-video-preview:-1"},"canonical":"https:\/\/iguanasmoke.com\/fr\/produit\/truffes-tampanensis-2\/","og_locale":"fr_FR","og_type":"article","og_title":"Trufas M\u00e1gicas Tampanensis 15g","og_description":"Las Trufas micol\u00f3gicas Tampanensis son esclerocios compactos marrones terrosos, excelentes para estudio micol\u00f3gico y coleccionismo. Su valor reside en su singularidad biol\u00f3gica, convirti\u00e9ndolas en un producto muy buscado entre expertos.\u00a0  No est\u00e1 destinado al consumo humano. Si tienes dudas cons\u00faltanos o revisa la normativa.","og_url":"https:\/\/iguanasmoke.com\/fr\/produit\/truffes-tampanensis-2\/","og_site_name":"Iguana Smoke","article_publisher":"https:\/\/www.facebook.com\/iguanasmoke","article_modified_time":"2026-03-31T13:05:27+00:00","og_image":[{"width":1000,"height":1000,"url":"https:\/\/iguanasmoke.com\/wp-content\/uploads\/2025\/06\/Trufas-tampanensis.webp","type":"image\/webp"}],"twitter_card":"summary_large_image","twitter_misc":{"Prix":"17,55&nbsp;&euro;","Disponibilit\u00e9":"En stock"},"schema":{"@context":"https:\/\/schema.org","@graph":[{"@type":"WebPage","@id":"https:\/\/iguanasmoke.com\/producto\/trufas-tampanensis\/","url":"https:\/\/iguanasmoke.com\/producto\/trufas-tampanensis\/","name":"Truffes magiques Tampanensis pour la collection","isPartOf":{"@id":"https:\/\/iguanasmoke.com\/#website"},"primaryImageOfPage":{"@id":"https:\/\/iguanasmoke.com\/producto\/trufas-tampanensis\/#primaryimage"},"image":{"@id":"https:\/\/iguanasmoke.com\/producto\/trufas-tampanensis\/#primaryimage"},"thumbnailUrl":"https:\/\/iguanasmoke.com\/wp-content\/uploads\/2025\/06\/Trufas-tampanensis.webp","datePublished":"2025-06-18T19:10:03+00:00","dateModified":"2026-03-31T13:05:27+00:00","description":"D\u00e9couvrez les truffes magiques Tampanensis. Truffes hallucinog\u00e8nes rares, id\u00e9ales pour la collection ou l'\u00e9tude mycologique. Achat l\u00e9gal en Espagne.","breadcrumb":{"@id":"https:\/\/iguanasmoke.com\/producto\/trufas-tampanensis\/#breadcrumb"},"inLanguage":"fr-FR","potentialAction":[{"@type":"ReadAction","target":["https:\/\/iguanasmoke.com\/producto\/trufas-tampanensis\/"]}]},{"@type":"ImageObject","inLanguage":"fr-FR","@id":"https:\/\/iguanasmoke.com\/producto\/trufas-tampanensis\/#primaryimage","url":"https:\/\/iguanasmoke.com\/wp-content\/uploads\/2025\/06\/Trufas-tampanensis.webp","contentUrl":"https:\/\/iguanasmoke.com\/wp-content\/uploads\/2025\/06\/Trufas-tampanensis.webp","width":1000,"height":1000,"caption":"Trufas m\u00e1gicas Tampanensis de cultivo micol\u00f3gico"},{"@type":"BreadcrumbList","@id":"https:\/\/iguanasmoke.com\/producto\/trufas-tampanensis\/#breadcrumb","itemListElement":[{"@type":"ListItem","position":1,"name":"home","item":"https:\/\/iguanasmoke.com\/"},{"@type":"ListItem","position":2,"name":"Tienda","item":"https:\/\/iguanasmoke.com\/tienda\/"},{"@type":"ListItem","position":3,"name":"SmartShop","item":"https:\/\/iguanasmoke.com\/categoria\/smartshop\/"},{"@type":"ListItem","position":4,"name":"Trufas M\u00e1gicas Tampanensis 15g"}]},{"@type":"WebSite","@id":"https:\/\/iguanasmoke.com\/#website","url":"https:\/\/iguanasmoke.com\/","name":"Fum\u00e9e d'iguane","description":"Acheter du CBD en ligne au meilleur prix","publisher":{"@id":"https:\/\/iguanasmoke.com\/#organization"},"potentialAction":[{"@type":"SearchAction","target":{"@type":"EntryPoint","urlTemplate":"https:\/\/iguanasmoke.com\/?s={search_term_string}"},"query-input":{"@type":"PropertyValueSpecification","valueRequired":true,"valueName":"search_term_string"}}],"inLanguage":"fr-FR"},{"@type":"Organization","@id":"https:\/\/iguanasmoke.com\/#organization","name":"Fum\u00e9e d'iguane","url":"https:\/\/iguanasmoke.com\/","logo":{"@type":"ImageObject","inLanguage":"fr-FR","@id":"https:\/\/iguanasmoke.com\/#\/schema\/logo\/image\/","url":"https:\/\/iguanasmoke.com\/wp-content\/uploads\/2025\/01\/logoiguana-favi-1.png","contentUrl":"https:\/\/iguanasmoke.com\/wp-content\/uploads\/2025\/01\/logoiguana-favi-1.png","width":512,"height":512,"caption":"Iguana Smoke"},"image":{"@id":"https:\/\/iguanasmoke.com\/#\/schema\/logo\/image\/"},"sameAs":["https:\/\/www.facebook.com\/iguanasmoke","https:\/\/www.instagram.com\/iguanasmoke\/"]}]},"product_brand":"simple","product_price_amount":"17.55","product_price_currency":"EUR","og_availability":"instock","product_availability":"instock","product_retailer_item_id":"SJ-TRUFA-TAM","product_condition":"new"},"_links":{"self":[{"href":"https:\/\/iguanasmoke.com\/fr\/wp-json\/wp\/v2\/product\/59114","targetHints":{"allow":["GET"]}}],"collection":[{"href":"https:\/\/iguanasmoke.com\/fr\/wp-json\/wp\/v2\/product"}],"about":[{"href":"https:\/\/iguanasmoke.com\/fr\/wp-json\/wp\/v2\/types\/product"}],"replies":[{"embeddable":true,"href":"https:\/\/iguanasmoke.com\/fr\/wp-json\/wp\/v2\/comments?post=59114"}],"wp:featuredmedia":[{"embeddable":true,"href":"https:\/\/iguanasmoke.com\/fr\/wp-json\/wp\/v2\/media\/59116"}],"wp:attachment":[{"href":"https:\/\/iguanasmoke.com\/fr\/wp-json\/wp\/v2\/media?parent=59114"}],"wp:term":[{"taxonomy":"product_brand","embeddable":true,"href":"https:\/\/iguanasmoke.com\/fr\/wp-json\/wp\/v2\/product_brand?post=59114"},{"taxonomy":"product_cat","embeddable":true,"href":"https:\/\/iguanasmoke.com\/fr\/wp-json\/wp\/v2\/product_cat?post=59114"},{"taxonomy":"product_tag","embeddable":true,"href":"https:\/\/iguanasmoke.com\/fr\/wp-json\/wp\/v2\/product_tag?post=59114"}],"curies":[{"name":"wp","href":"https:\/\/api.w.org\/{rel}","templated":true}]}}