{"id":59394,"date":"2025-06-23T21:29:47","date_gmt":"2025-06-23T19:29:47","guid":{"rendered":"https:\/\/iguanasmoke.com\/?post_type=product&#038;p=59394"},"modified":"2025-12-16T11:22:47","modified_gmt":"2025-12-16T10:22:47","slug":"kit-de-culture-de-champignons-mexicains","status":"publish","type":"product","link":"https:\/\/iguanasmoke.com\/fr\/producto\/kit-de-cultivo-setas-mexicanas\/","title":{"rendered":"Kit de culture de champignons mexicains"},"content":{"rendered":"<div>\n<h1><span style=\"font-weight: 400;\">Pain mexicain aux champignons - Kit de culture<\/span><\/h1>\n<\/div>\n<p><span style=\"font-weight: 400;\">Le pr\u00e9sent <strong>Pain mexicain aux champignons<\/strong> se pr\u00e9sente sous la forme d'un kit mycologique con\u00e7u pour <strong>observer<\/strong>, <strong>\u00e9tude<\/strong> y <strong>analyser<\/strong> sur <strong>croissance fongique<\/strong>, Il est particuli\u00e8rement appr\u00e9ci\u00e9 pour son c<\/span><span style=\"font-size: 16px; font-style: normal; font-weight: 400;\">apacit\u00e9<\/span><span style=\"font-size: 16px; font-style: normal; font-weight: 400;\">\u00a0<\/span><span style=\"font-size: 16px; font-style: normal; font-weight: 400;\">productif<\/span><span style=\"font-size: 16px; font-style: normal; font-weight: 400;\">,\u00a0<\/span><span style=\"font-size: 16px; font-style: normal; font-weight: 400;\">stabilit\u00e9<\/span><span style=\"font-size: 16px; font-weight: 400;\">\u00a0g\u00e9n\u00e9tique<\/span><span style=\"font-size: 16px; font-weight: 400;\"> et la r\u00e9sistance des cultures<\/span> <span style=\"font-size: 16px; font-weight: 400;\">contr\u00f4l\u00e9<\/span><span style=\"font-size: 16px; font-weight: 400;\">.<\/span><\/p>\n<p><span style=\"font-weight: 400;\">En outre, cette vari\u00e9t\u00e9 appartient \u00e0 l'esp\u00e8ce <strong><em>Psilocybe Cubensis Mexicain<\/em><\/strong>, La litt\u00e9rature mycologique l'a largement document\u00e9e. Gr\u00e2ce \u00e0 son <strong>structure<\/strong> <strong>\u00e9quilibr\u00e9<\/strong>, son <strong>rapide<\/strong> <strong>colonisation<\/strong> de <strong>substrat<\/strong> et leur <strong>fructifications<\/strong> <strong>r\u00e9guli\u00e8re<\/strong>, La nouvelle collection est donc un choix id\u00e9al pour les \u00e9tudiants en mycologie, les collectionneurs et les projets \u00e9ducatifs.<\/span><\/p>\n<p><span style=\"font-weight: 400;\">De plus, traditionnellement, ces champignons \u00e9taient utilis\u00e9s dans certains contextes culturels et \u00e9taient connus sous le nom de \u201cchampignons de la mer\".\u201c<em>Le champignon de Dieu<\/em>\u201d o \u201c<em>La chair des dieux<\/em>\u201c. Toutefois, cette r\u00e9f\u00e9rence n'est incluse qu'\u00e0 des fins historiques et descriptives.<\/span><\/p>\n<p style=\"padding-left: 40px; text-align: center;\"><em><span style=\"font-weight: 400;\">\u26a0\ufe0fRecuerda : Son utilisation est exclusivement limit\u00e9e \u00e0 des fins mycologiques, \u00e9ducatives, d\u00e9coratives ou de collection. Ce produit n'est donc pas destin\u00e9 \u00e0 la consommation humaine.<\/span><\/em><\/p>\n<p>&nbsp;<\/p>\n<h2 class=\"soy_acordeon_mobile\"><strong>Caract\u00e9ristiques morphologiques des champignons mexicains<\/strong><\/h2>\n<p><span style=\"font-weight: 400;\">Au cours de leur d\u00e9veloppement, les champignons mexicains pr\u00e9sentent un certain nombre de caract\u00e9ristiques facilement identifiables. Tout d'abord, ils se distinguent par leur :<\/span><\/p>\n<ul>\n<li>Tiges longues et fines<\/li>\n<li>Chapeaux de taille moyenne \u00e0 grande<\/li>\n<li>Coloration \u00e9voluant du jaune vers des tons orange-rouge\u00e2tres<\/li>\n<li>Structure adapt\u00e9e \u00e0 l'observation macroscopique et \u00e0 l'observation microscopique<\/li>\n<\/ul>\n<p><span style=\"font-weight: 400;\">Ces caract\u00e9ristiques rendent le pain de champignon particuli\u00e8rement int\u00e9ressant pour l'analyse de la croissance, l'\u00e9tude des cycles de fructification et l'observation de la morphologie des champignons.<\/span><\/p>\n<p>&nbsp;<\/p>\n<h2><strong>Conditions de production et de culture (usage technique) <\/strong><\/h2>\n<p><span style=\"font-weight: 400;\">Le pain mexicain aux champignons est livr\u00e9 dans son int\u00e9gralit\u00e9. <strong>colonis\u00e9, assaini et pr\u00eat \u00e0 fructifier<\/strong>. Cependant, pour un d\u00e9veloppement correct, il est essentiel de maintenir des conditions environnementales contr\u00f4l\u00e9es et une hygi\u00e8ne correcte de l'environnement. <\/span><\/p>\n<p><span style=\"font-weight: 400;\">\u00c0 cet \u00e9gard, un contr\u00f4le ad\u00e9quat de la temp\u00e9rature et de l'humidit\u00e9 est essentiel pour r\u00e9duire le risque de contamination crois\u00e9e.\u00a0<\/span><\/p>\n<p>Les param\u00e8tres recommand\u00e9s pour la r\u00e9alisation de l'\u00e9tude mycologique sont les suivants :<\/p>\n<ul>\n<li>Temp\u00e9rature optimale : entre 22 et 25\u00baC (id\u00e9alement 24\u00baC)<\/li>\n<li>Humidit\u00e9 relative : entre 60 et 80%<\/li>\n<li>P\u00e9riode de fructification initiale : 20-25 jours<\/li>\n<li>Capacit\u00e9 de production totale : environ 200-400g.<\/li>\n<li>Nombre de cycles : jusqu'\u00e0 3 ou 4, en maintenant des conditions stables<\/li>\n<\/ul>\n<p><span style=\"font-weight: 400;\">Enfin, il convient de rappeler que ces donn\u00e9es sont indicatives et ne sont fournies qu'\u00e0 titre d'information et \u00e0 des fins techniques.<\/span><\/p>\n<div class=\"soy_descripcion_contenido show_more\">\n<h2><strong>Proc\u00e9dure de recouvrement <\/strong><\/h2>\n<p><span style=\"font-weight: 400;\">Pour l'\u00e9tude du cycle complet du champignon, la fructification est recueillie en la tournant l\u00e9g\u00e8rement, en laissant la base de la tige intacte. De cette mani\u00e8re, la continuit\u00e9 de la fructification est favoris\u00e9e pour les analyses ult\u00e9rieures.\u00a0<\/span><\/p>\n<p>&nbsp;<\/p>\n<h2><strong>Que comprend le kit de culture du pain de champignons mexicain ? <\/strong><\/h2>\n<ul>\n<li><span style=\"font-weight: 400;\"><strong>1 x Pain mexicain aux champignons 1200ml<\/strong> avec du myc\u00e9lium 100% frais et actif <\/span><\/li>\n<li><span style=\"font-weight: 400;\"><strong>1 x r\u00e9cipient herm\u00e9tique non perfor\u00e9<\/strong>, con\u00e7u pour r\u00e9duire la pollution <\/span>\n<ul>\n<li style=\"list-style-type: none;\">\n<ul>\n<li><span style=\"font-weight: 400;\">(<em>Il est recommand\u00e9 de le d\u00e9sinfecter avant de commencer le processus de culture.<\/em>)<\/span><\/li>\n<\/ul>\n<\/li>\n<\/ul>\n<\/li>\n<li><span style=\"font-weight: 400;\"><strong>1 x Manuel de l'utilisateur<\/strong> accessible par <strong>Code QR<\/strong> avec des instructions d\u00e9taill\u00e9es sur les \u00e9tapes \u00e0 suivre <\/span><\/li>\n<\/ul>\n<p><span style=\"font-weight: 400;\">Vous pouvez \u00e9galement trouver sur notre site web diff\u00e9rents <a href=\"https:\/\/iguanasmoke.com\/fr\/categorie\/smartshop\/pain-aux-champignons\/\"><strong>kits complets de culture mycologique<\/strong><\/a>, con\u00e7us pour l'\u00e9tude et les collectionneurs, ainsi que nos<a href=\"https:\/\/iguanasmoke.com\/fr\/guide-de-culture-avec-kits-de-champignons-frais\/\"><strong> guide de culture mycologique<\/strong><\/a>.<\/span><\/p>\n<\/div>\n<div class=\"soy_descripcion_contenido show_more\">\n<p>&nbsp;<\/p>\n<h3>Dimensions du pain de champignons mexicain (y compris le contenant)<\/h3>\n<ul>\n<li>19 x 12 x 7,5 cm (L x L x H)<\/li>\n<\/ul>\n<h2><strong>Pourquoi choisir Iguana Smoke ? <\/strong><\/h2>\n<ol>\n<li><span style=\"font-weight: 400;\">Myc\u00e9lium d\u00e9velopp\u00e9 et actif 100% <\/span><\/li>\n<li><span style=\"font-weight: 400;\">Grande stabilit\u00e9 des cultures d'observation <\/span><\/li>\n<li><span style=\"font-weight: 400;\">Livraison discr\u00e8te 24\/48h <\/span><\/li>\n<li><span style=\"font-weight: 400;\">Emballage confidentiel et s\u00e9curis\u00e9\u00a0<\/span><\/li>\n<\/ol>\n<h3><strong>Avis juridique important :<\/strong><\/h3>\n<p><span style=\"font-weight: 400;\">Ce produit est commercialis\u00e9 exclusivement \u00e0 des fins d'\u00e9tude mycologique, de recherche, de collecte ou d'\u00e9ducation.\u00a0<\/span><\/p>\n<p><span style=\"font-weight: 400;\">Par cons\u00e9quent, la consommation humaine est interdite en Espagne en vertu de la l\u00e9gislation en vigueur. Iguana Smoke ne promeut ni n'encourage la consommation et n'est pas responsable d'une mauvaise utilisation. Il incombe \u00e0 l'acheteur de s'informer et de se conformer \u00e0 la r\u00e9glementation applicable dans son pays.<\/span><\/p>\n<p>&nbsp;<\/p>\n<h4><strong>Foire aux questions (FAQ)<\/strong><\/h4>\n<p><strong>Que contient ce pain mexicain aux champignons ? <\/strong><\/p>\n<p><span style=\"font-weight: 400;\">Myc\u00e9lium frais et actif 100% de Psilocybe Cubensis Mexican, destin\u00e9 exclusivement aux \u00e9tudes mycologiques. <\/span><\/p>\n<p><span style=\"font-weight: 400;\"><strong>\u00c0 quel type d'utilisateurs convient-il ?<\/strong> <\/span><\/p>\n<p><span style=\"font-weight: 400;\">\u00c9tudiants en mycologie, chercheurs, \u00e9tablissements d'enseignement et collectionneurs sp\u00e9cialis\u00e9s. <\/span><\/p>\n<p><strong>Est-il accompagn\u00e9 d'instructions ? <\/strong><\/p>\n<p><span style=\"font-weight: 400;\">Oui, gr\u00e2ce \u00e0 un code QR inclus dans le produit.<\/span><\/p>\n<p><strong>S'agit-il d'un produit l\u00e9gal ? <\/strong><\/p>\n<p><span style=\"font-weight: 400;\">Vendu \u00e0 des fins mycologiques uniquement. La consommation humaine est interdite en Espagne.\u00a0\u00a0<\/span><\/p>\n<\/div>\n<div class=\"soy_descripcion_contenido show_more\">\n<div>\n<div>\n<p style=\"padding-left: 40px; text-align: center;\"><span style=\"font-weight: 400;\"><em>\u26a0\ufe0fNo nous n'encourageons ni ne recommandons leur consommation. Ils sont uniquement destin\u00e9s \u00e0 l'\u00e9tude mycologique, \u00e0 l'exposition d\u00e9corative ou \u00e0 la collection.<\/em>. Si vous avez des questions concernant la r\u00e9glementation, veuillez nous contacter avant de passer votre commande.\u00a0<\/span><\/p>\n<\/div>\n<\/div>\n<\/div>","protected":false},"excerpt":{"rendered":"<p><span style=\"font-weight: 400;\">Les esp\u00e8ces <strong><em>Psilocybe Cubensis Mexicana<\/em><\/strong>\u00a0produit des champignons \u00e0 long pied, d'environ 10 \u00e0 20 cm de long, avec un grand chapeau jaune-orange ou rouge\u00e2tre.\u00a0<\/span><\/p>\n<p><strong>IMPORTANT<\/strong>Pour plus d'informations, veuillez vous r\u00e9f\u00e9rer \u00e0 l'annexe 1 de la pr\u00e9sente brochure. <strong>instructions de culture<\/strong> de pain aux champignons ; <strong>suivre la proc\u00e9dure \u00e9tape par \u00e9tape<\/strong>\u00a0y\u00a0<strong>Optimisez vos r\u00e9coltes<\/strong>.<\/p>","protected":false},"featured_media":59398,"comment_status":"open","ping_status":"closed","template":"","meta":{"_acf_changed":false,"site-sidebar-layout":"default","site-content-layout":"","ast-site-content-layout":"default","site-content-style":"default","site-sidebar-style":"default","ast-global-header-display":"","ast-banner-title-visibility":"","ast-main-header-display":"","ast-hfb-above-header-display":"","ast-hfb-below-header-display":"","ast-hfb-mobile-header-display":"","site-post-title":"","ast-breadcrumbs-content":"","ast-featured-img":"","footer-sml-layout":"","theme-transparent-header-meta":"default","adv-header-id-meta":"","stick-header-meta":"","header-above-stick-meta":"","header-main-stick-meta":"","header-below-stick-meta":"","astra-migrate-meta-layouts":"set","ast-page-background-enabled":"default","ast-page-background-meta":{"desktop":{"background-color":"var(--ast-global-color-4)","background-image":"","background-repeat":"repeat","background-position":"center center","background-size":"auto","background-attachment":"scroll","background-type":"","background-media":"","overlay-type":"","overlay-color":"","overlay-opacity":"","overlay-gradient":""},"tablet":{"background-color":"","background-image":"","background-repeat":"repeat","background-position":"center center","background-size":"auto","background-attachment":"scroll","background-type":"","background-media":"","overlay-type":"","overlay-color":"","overlay-opacity":"","overlay-gradient":""},"mobile":{"background-color":"","background-image":"","background-repeat":"repeat","background-position":"center center","background-size":"auto","background-attachment":"scroll","background-type":"","background-media":"","overlay-type":"","overlay-color":"","overlay-opacity":"","overlay-gradient":""}},"ast-content-background-meta":{"desktop":{"background-color":"var(--ast-global-color-5)","background-image":"","background-repeat":"repeat","background-position":"center center","background-size":"auto","background-attachment":"scroll","background-type":"","background-media":"","overlay-type":"","overlay-color":"","overlay-opacity":"","overlay-gradient":""},"tablet":{"background-color":"var(--ast-global-color-5)","background-image":"","background-repeat":"repeat","background-position":"center center","background-size":"auto","background-attachment":"scroll","background-type":"","background-media":"","overlay-type":"","overlay-color":"","overlay-opacity":"","overlay-gradient":""},"mobile":{"background-color":"var(--ast-global-color-5)","background-image":"","background-repeat":"repeat","background-position":"center center","background-size":"auto","background-attachment":"scroll","background-type":"","background-media":"","overlay-type":"","overlay-color":"","overlay-opacity":"","overlay-gradient":""}}},"product_brand":[],"product_cat":[596,594],"product_tag":[],"class_list":{"0":"post-59394","1":"product","2":"type-product","3":"status-publish","4":"has-post-thumbnail","6":"product_cat-pan-de-setas","7":"product_cat-smartshop","8":"desktop-align-center","9":"tablet-align-center","10":"mobile-align-center","12":"first","13":"outofstock","14":"taxable","15":"shipping-taxable","16":"purchasable","17":"product-type-simple"},"acf":[],"yoast_head":"<!-- This site is optimized with the Yoast SEO Premium plugin v27.3 (Yoast SEO v27.3) - https:\/\/yoast.com\/product\/yoast-seo-premium-wordpress\/ -->\n<title>Pan de setas Mexicanas: Kit de cultivo micol\u00f3gico | Iguana Smoke<\/title>\n<meta name=\"description\" content=\"Explora el mundo del cultivo con el Pan de Setas Mexicanas, un kit micol\u00f3gico ideal para estudiar y observar f\u00fangicamente. \u00a1Consigue el tuyo ahora!\" \/>\n<meta name=\"robots\" content=\"index, follow, max-snippet:-1, max-image-preview:large, max-video-preview:-1\" \/>\n<link rel=\"canonical\" href=\"https:\/\/iguanasmoke.com\/fr\/produit\/kit-de-culture-de-champignons-mexicains\/\" \/>\n<meta property=\"og:locale\" content=\"fr_FR\" \/>\n<meta property=\"og:type\" content=\"article\" \/>\n<meta property=\"og:title\" content=\"Kit de Cultivo Setas Mexicanas\" \/>\n<meta property=\"og:description\" content=\"La especie Psilocybe Cubensis Mexicana\u00a0produce hongos de tallo largo, de unos 10-20cm, y con sombrero amarillo-anaranjado o rojizo de gran tama\u00f1o.\u00a0  IMPORTANTE: Escanea el QR del packaging para ver las instrucciones de cultivo del pan de setas; sigue el paso a paso\u00a0y\u00a0maximiza tus cosechas.\" \/>\n<meta property=\"og:url\" content=\"https:\/\/iguanasmoke.com\/fr\/produit\/kit-de-culture-de-champignons-mexicains\/\" \/>\n<meta property=\"og:site_name\" content=\"Iguana Smoke\" \/>\n<meta property=\"article:publisher\" content=\"https:\/\/www.facebook.com\/iguanasmoke\" \/>\n<meta property=\"article:modified_time\" content=\"2025-12-16T10:22:47+00:00\" \/>\n<meta property=\"og:image\" content=\"https:\/\/iguanasmoke.com\/wp-content\/uploads\/2025\/06\/setas-mex.webp\" \/>\n\t<meta property=\"og:image:width\" content=\"1000\" \/>\n\t<meta property=\"og:image:height\" content=\"1000\" \/>\n\t<meta property=\"og:image:type\" content=\"image\/webp\" \/>\n<meta name=\"twitter:card\" content=\"summary_large_image\" \/>\n<meta name=\"twitter:label1\" content=\"Prix\" \/>\n\t<meta name=\"twitter:data1\" content=\"31,14&nbsp;&euro;\" \/>\n\t<meta name=\"twitter:label2\" content=\"Disponibilit\u00e9\" \/>\n\t<meta name=\"twitter:data2\" content=\"Rupture de stock\" \/>\n<meta property=\"product:brand\" content=\"simple\" \/>\n<meta property=\"product:price:amount\" content=\"31.14\" \/>\n<meta property=\"product:price:currency\" content=\"EUR\" \/>\n<meta property=\"og:availability\" content=\"out of stock\" \/>\n<meta property=\"product:availability\" content=\"out of stock\" \/>\n<meta property=\"product:retailer_item_id\" content=\"SJ-PAN-MEX\" \/>\n<meta property=\"product:condition\" content=\"new\" \/>\n<!-- \/ Yoast SEO Premium plugin. -->","yoast_head_json":{"title":"Pain de champignons mexicain : Kit de culture mycologique | Iguana Smoke","description":"Explorez le monde de la culture des champignons avec le pain de champignons mexicain, un kit mycologique id\u00e9al pour \u00e9tudier et observer les champignons - achetez-le d\u00e8s maintenant !","robots":{"index":"index","follow":"follow","max-snippet":"max-snippet:-1","max-image-preview":"max-image-preview:large","max-video-preview":"max-video-preview:-1"},"canonical":"https:\/\/iguanasmoke.com\/fr\/produit\/kit-de-culture-de-champignons-mexicains\/","og_locale":"fr_FR","og_type":"article","og_title":"Kit de Cultivo Setas Mexicanas","og_description":"La especie Psilocybe Cubensis Mexicana\u00a0produce hongos de tallo largo, de unos 10-20cm, y con sombrero amarillo-anaranjado o rojizo de gran tama\u00f1o.\u00a0  IMPORTANTE: Escanea el QR del packaging para ver las instrucciones de cultivo del pan de setas; sigue el paso a paso\u00a0y\u00a0maximiza tus cosechas.","og_url":"https:\/\/iguanasmoke.com\/fr\/produit\/kit-de-culture-de-champignons-mexicains\/","og_site_name":"Iguana Smoke","article_publisher":"https:\/\/www.facebook.com\/iguanasmoke","article_modified_time":"2025-12-16T10:22:47+00:00","og_image":[{"width":1000,"height":1000,"url":"https:\/\/iguanasmoke.com\/wp-content\/uploads\/2025\/06\/setas-mex.webp","type":"image\/webp"}],"twitter_card":"summary_large_image","twitter_misc":{"Prix":"31,14&nbsp;&euro;","Disponibilit\u00e9":"Rupture de stock"},"schema":{"@context":"https:\/\/schema.org","@graph":[{"@type":"WebPage","@id":"https:\/\/iguanasmoke.com\/producto\/kit-de-cultivo-setas-mexicanas\/","url":"https:\/\/iguanasmoke.com\/producto\/kit-de-cultivo-setas-mexicanas\/","name":"Pain de champignons mexicain : Kit de culture mycologique | Iguana Smoke","isPartOf":{"@id":"https:\/\/iguanasmoke.com\/#website"},"primaryImageOfPage":{"@id":"https:\/\/iguanasmoke.com\/producto\/kit-de-cultivo-setas-mexicanas\/#primaryimage"},"image":{"@id":"https:\/\/iguanasmoke.com\/producto\/kit-de-cultivo-setas-mexicanas\/#primaryimage"},"thumbnailUrl":"https:\/\/iguanasmoke.com\/wp-content\/uploads\/2025\/06\/setas-mex.webp","datePublished":"2025-06-23T19:29:47+00:00","dateModified":"2025-12-16T10:22:47+00:00","description":"Explorez le monde de la culture des champignons avec le pain de champignons mexicain, un kit mycologique id\u00e9al pour \u00e9tudier et observer les champignons - achetez-le d\u00e8s maintenant !","breadcrumb":{"@id":"https:\/\/iguanasmoke.com\/producto\/kit-de-cultivo-setas-mexicanas\/#breadcrumb"},"inLanguage":"fr-FR","potentialAction":[{"@type":"ReadAction","target":["https:\/\/iguanasmoke.com\/producto\/kit-de-cultivo-setas-mexicanas\/"]}]},{"@type":"ImageObject","inLanguage":"fr-FR","@id":"https:\/\/iguanasmoke.com\/producto\/kit-de-cultivo-setas-mexicanas\/#primaryimage","url":"https:\/\/iguanasmoke.com\/wp-content\/uploads\/2025\/06\/setas-mex.webp","contentUrl":"https:\/\/iguanasmoke.com\/wp-content\/uploads\/2025\/06\/setas-mex.webp","width":1000,"height":1000,"caption":"Pan de setas Mexicanas kit de cultivo micol\u00f3gico"},{"@type":"BreadcrumbList","@id":"https:\/\/iguanasmoke.com\/producto\/kit-de-cultivo-setas-mexicanas\/#breadcrumb","itemListElement":[{"@type":"ListItem","position":1,"name":"home","item":"https:\/\/iguanasmoke.com\/"},{"@type":"ListItem","position":2,"name":"Tienda","item":"https:\/\/iguanasmoke.com\/tienda\/"},{"@type":"ListItem","position":3,"name":"SmartShop","item":"https:\/\/iguanasmoke.com\/categoria\/smartshop\/"},{"@type":"ListItem","position":4,"name":"Pan de setas","item":"https:\/\/iguanasmoke.com\/categoria\/smartshop\/pan-de-setas\/"},{"@type":"ListItem","position":5,"name":"Kit de Cultivo Setas Mexicanas"}]},{"@type":"WebSite","@id":"https:\/\/iguanasmoke.com\/#website","url":"https:\/\/iguanasmoke.com\/","name":"Fum\u00e9e d'iguane","description":"Acheter du CBD en ligne au meilleur prix","publisher":{"@id":"https:\/\/iguanasmoke.com\/#organization"},"potentialAction":[{"@type":"SearchAction","target":{"@type":"EntryPoint","urlTemplate":"https:\/\/iguanasmoke.com\/?s={search_term_string}"},"query-input":{"@type":"PropertyValueSpecification","valueRequired":true,"valueName":"search_term_string"}}],"inLanguage":"fr-FR"},{"@type":"Organization","@id":"https:\/\/iguanasmoke.com\/#organization","name":"Fum\u00e9e d'iguane","url":"https:\/\/iguanasmoke.com\/","logo":{"@type":"ImageObject","inLanguage":"fr-FR","@id":"https:\/\/iguanasmoke.com\/#\/schema\/logo\/image\/","url":"https:\/\/iguanasmoke.com\/wp-content\/uploads\/2025\/01\/logoiguana-favi-1.png","contentUrl":"https:\/\/iguanasmoke.com\/wp-content\/uploads\/2025\/01\/logoiguana-favi-1.png","width":512,"height":512,"caption":"Iguana Smoke"},"image":{"@id":"https:\/\/iguanasmoke.com\/#\/schema\/logo\/image\/"},"sameAs":["https:\/\/www.facebook.com\/iguanasmoke","https:\/\/www.instagram.com\/iguanasmoke\/"]}]},"product_brand":"simple","product_price_amount":"31.14","product_price_currency":"EUR","og_availability":"out of stock","product_availability":"out of stock","product_retailer_item_id":"SJ-PAN-MEX","product_condition":"new"},"_links":{"self":[{"href":"https:\/\/iguanasmoke.com\/fr\/wp-json\/wp\/v2\/product\/59394","targetHints":{"allow":["GET"]}}],"collection":[{"href":"https:\/\/iguanasmoke.com\/fr\/wp-json\/wp\/v2\/product"}],"about":[{"href":"https:\/\/iguanasmoke.com\/fr\/wp-json\/wp\/v2\/types\/product"}],"replies":[{"embeddable":true,"href":"https:\/\/iguanasmoke.com\/fr\/wp-json\/wp\/v2\/comments?post=59394"}],"wp:featuredmedia":[{"embeddable":true,"href":"https:\/\/iguanasmoke.com\/fr\/wp-json\/wp\/v2\/media\/59398"}],"wp:attachment":[{"href":"https:\/\/iguanasmoke.com\/fr\/wp-json\/wp\/v2\/media?parent=59394"}],"wp:term":[{"taxonomy":"product_brand","embeddable":true,"href":"https:\/\/iguanasmoke.com\/fr\/wp-json\/wp\/v2\/product_brand?post=59394"},{"taxonomy":"product_cat","embeddable":true,"href":"https:\/\/iguanasmoke.com\/fr\/wp-json\/wp\/v2\/product_cat?post=59394"},{"taxonomy":"product_tag","embeddable":true,"href":"https:\/\/iguanasmoke.com\/fr\/wp-json\/wp\/v2\/product_tag?post=59394"}],"curies":[{"name":"wp","href":"https:\/\/api.w.org\/{rel}","templated":true}]}}