{"id":59404,"date":"2025-06-23T21:41:20","date_gmt":"2025-06-23T19:41:20","guid":{"rendered":"https:\/\/iguanasmoke.com\/?post_type=product&#038;p=59404"},"modified":"2025-12-16T16:10:36","modified_gmt":"2025-12-16T15:10:36","slug":"azurescens-outdoor-hallucinogenic-mushrooms-cultivation-kit","status":"publish","type":"product","link":"https:\/\/iguanasmoke.com\/fr\/producto\/kit-de-cultivo-de-setas-alucinogenas-en-exterior-azurescens\/","title":{"rendered":"Kit de culture de champignons Azurescens (ext\u00e9rieur)"},"content":{"rendered":"<div class=\"soy_acordeon_mobile\">\n<h1><span style=\"font-weight: 400;\">Kit de culture de champignons Azurescens pour la culture de champignons en plein air<\/span><\/h1>\n<\/div>\n<div class=\"soy_descripcion_contenido show_more\">\n<p><span style=\"font-weight: 400;\">Le pr\u00e9sent <strong>Kit de culture de champignons Azurescens pour l'ext\u00e9rieur<\/strong> est la solution id\u00e9ale pour les passionn\u00e9s et les experts en mycologie. En effet, il est con\u00e7u pour <strong>observer<\/strong>, <strong>\u00e9tude<\/strong> y <strong>analyser<\/strong> sur <strong>d\u00e9veloppement fongique \u00e0 l'\u00e9tranger<\/strong>, permettant aux utilisateurs de cr\u00e9er leur propre jardin de champignons magiques et d'obtenir des r\u00e9coltes annuelles. <\/span><\/p>\n<p><span style=\"font-weight: 400;\">Notre<strong> Kit de culture de champignons Azurescens pour l'ext\u00e9rieur<\/strong> sont inocul\u00e9s avec le <strong>Vari\u00e9t\u00e9 de champignons magiques Azurescens.<\/strong> Ces champignons, comme on le sait, sont tr\u00e8s puissants, encore plus que les vari\u00e9t\u00e9s cultiv\u00e9es en int\u00e9rieur. <\/span><\/p>\n<p><span style=\"font-weight: 400;\">Il est toutefois important de noter qu'un jardin de champignons en plein air peut <strong>prennent jusqu'\u00e0 un an pour se d\u00e9velopper<\/strong>, Il faut donc \u00eatre patient pour voir les premiers r\u00e9sultats. En g\u00e9n\u00e9ral, ceux-ci tendent \u00e0 porter leurs fruits au cours de l'ann\u00e9e. <strong>automne<\/strong>.\u00a0 \u00a0<\/span><\/p>\n<p style=\"padding-left: 40px; text-align: center;\"><em><span style=\"font-weight: 400;\">\u26a0\ufe0fRecuerda : Son utilisation est exclusivement limit\u00e9e \u00e0 des fins mycologiques, \u00e9ducatives, d\u00e9coratives ou de collection. Ce produit n'est donc pas destin\u00e9 \u00e0 la consommation humaine.<\/span><\/em><\/p>\n<p>&nbsp;<\/p>\n<h2><strong>Conditions de production et de culture (usage technique)<\/strong><\/h2>\n<p>Voici les param\u00e8tres recommand\u00e9s pour la r\u00e9alisation de l'\u00e9tude mycologique. Il est important de suivre ces lignes directrices afin d'optimiser les conditions de culture :<\/p>\n<ul>\n<li>Temp\u00e9rature id\u00e9ale : entre 16 et 24\u00baC (7\u00baC pendant la fructification)<\/li>\n<li>Environnement : Sol humide<\/li>\n<li>A l'abri de la lumi\u00e8re directe du soleil<\/li>\n<li>P\u00e9riode de fructification initiale : 6-12 mois<\/li>\n<li>Nombre de cycles : jusqu'\u00e0 2 ou 3 lots par an, en fonction du climat.<\/li>\n<\/ul>\n<p><span style=\"font-weight: 400;\">Enfin, il convient de rappeler que ces donn\u00e9es sont indicatives et ne sont fournies qu'\u00e0 titre d'information et \u00e0 des fins techniques.<\/span><\/p>\n<\/div>\n<h2><strong>Que comprend le kit de culture de champignons Azurescens pour l'ext\u00e9rieur ?<\/strong><\/h2>\n<ul>\n<li><span style=\"font-weight: 400;\"><strong>1 x Pain aux champignons inocul\u00e9 <\/strong>avec du myc\u00e9lium frais de<em> Psilocybe azurescens.<\/em><\/span><\/li>\n<li><span style=\"font-weight: 400;\"><strong>1 x r\u00e9cipient herm\u00e9tique non perfor\u00e9<\/strong>, con\u00e7u pour emp\u00eacher la prolif\u00e9ration des micro-organismes et r\u00e9duire la contamination.<\/span>\n<ul>\n<li style=\"list-style-type: none;\">\n<ul>\n<li><span style=\"font-weight: 400;\">(<em>Il est recommand\u00e9 de le d\u00e9sinfecter avant de commencer le processus de culture.<\/em>)<\/span><\/li>\n<\/ul>\n<\/li>\n<\/ul>\n<\/li>\n<li><span style=\"font-weight: 400;\"><strong>1 x Manuel de l'utilisateur<\/strong> accessible par <strong>Code QR<\/strong> avec des instructions d\u00e9taill\u00e9es sur les \u00e9tapes \u00e0 suivre.<\/span><\/li>\n<\/ul>\n<p><span style=\"font-weight: 400;\">En outre, vous pouvez trouver sur notre site web diff\u00e9rentes <a href=\"https:\/\/iguanasmoke.com\/fr\/categorie\/smartshop\/pain-aux-champignons\/\"><strong>kits complets de culture mycologique<\/strong><\/a>, con\u00e7us pour l'\u00e9tude et les collectionneurs, ainsi que nos<\/span><span style=\"font-weight: 400;\"><a href=\"https:\/\/iguanasmoke.com\/fr\/guide-de-culture-avec-kits-de-champignons-frais\/\"><strong> guide de culture mycologique<\/strong><\/a>.<\/span><\/p>\n<h2><strong>Pourquoi choisir Iguana Smoke pour acheter du pain aux champignons ? <\/strong><\/h2>\n<ol>\n<li><span style=\"font-weight: 400;\">Myc\u00e9lium d\u00e9velopp\u00e9 et actif 100% - Taux de croissance accru<\/span><\/li>\n<li><span style=\"font-weight: 400;\">Grande stabilit\u00e9 des cultures d'observation <\/span><\/li>\n<li><span style=\"font-weight: 400;\">Livraison discr\u00e8te 24\/48h <\/span><\/li>\n<li><span style=\"font-weight: 400;\">Emballage confidentiel et s\u00e9curis\u00e9\u00a0<\/span><\/li>\n<\/ol>\n<h3><strong>Avis juridique important :<\/strong><\/h3>\n<p><span style=\"font-weight: 400;\">Ce produit est commercialis\u00e9 exclusivement \u00e0 des fins d'\u00e9tude mycologique, de recherche, de collecte ou d'\u00e9ducation.\u00a0<\/span><\/p>\n<p><span style=\"font-weight: 400;\">Par cons\u00e9quent, la consommation humaine est interdite en Espagne en vertu de la l\u00e9gislation en vigueur. Iguana Smoke ne promeut ni n'encourage la consommation et n'est pas responsable d'une mauvaise utilisation. Il incombe \u00e0 l'acheteur de s'informer et de se conformer \u00e0 la r\u00e9glementation applicable dans son pays.<\/span><\/p>\n<p>&nbsp;<\/p>\n<div class=\"soy_descripcion_contenido show_more\">\n<h4><strong>Foire aux questions (FAQ) sur le kit de culture de champignons Azurescens<\/strong><\/h4>\n<p><strong>Que contient ce kit de culture de pain de champignons Azurescens ?<\/strong><\/p>\n<p><span style=\"font-weight: 400;\">Myc\u00e9lium frais et actif 100% de <em>Psilocybe azurescens<\/em> pour l'ext\u00e9rieur, destin\u00e9 exclusivement aux \u00e9tudes mycologiques. <\/span><\/p>\n<p><span style=\"font-weight: 400;\"><strong>\u00c0 quel type d'utilisateurs ce pain aux champignons convient-il ?<\/strong> <\/span><\/p>\n<p><span style=\"font-weight: 400;\">\u00c9tudiants en mycologie, chercheurs, \u00e9tablissements d'enseignement et collectionneurs sp\u00e9cialis\u00e9s. <\/span><\/p>\n<p><strong>Est-il accompagn\u00e9 d'instructions ? <\/strong><\/p>\n<p><span style=\"font-weight: 400;\">Oui, gr\u00e2ce \u00e0 un code QR inclus dans le produit.<\/span><\/p>\n<p><strong>Le pain aux champignons est-il un produit l\u00e9gal ? <\/strong><\/p>\n<p><span style=\"font-weight: 400;\">Vendu \u00e0 des fins mycologiques uniquement. La consommation humaine est interdite en Espagne.\u00a0\u00a0<\/span><\/p>\n<\/div>\n<div class=\"soy_descripcion_contenido show_more\">\n<div>\n<div>\n<p style=\"padding-left: 40px; text-align: center;\"><span style=\"font-weight: 400;\"><em>\u26a0\ufe0fNo nous n'encourageons ni ne recommandons leur consommation. Ils sont uniquement destin\u00e9s \u00e0 l'\u00e9tude mycologique, \u00e0 l'exposition d\u00e9corative ou \u00e0 la collection.<\/em>. Si vous avez des questions concernant la r\u00e9glementation, veuillez nous contacter avant de passer votre commande.\u00a0<\/span><\/p>\n<\/div>\n<\/div>\n<\/div>","protected":false},"excerpt":{"rendered":"<p><span style=\"font-weight: 400;\">Les esp\u00e8ces<strong><em> Psilocybe azurescens <\/em><\/strong>est con\u00e7u pour pousser parfaitement \u00e0 l'ext\u00e9rieur. Cette esp\u00e8ce produit des champignons \u00e0 long terme, ce qui vous permet de cr\u00e9er votre propre jardin mycologique.<\/span><\/p>\n<p><strong>IMPORTANT<\/strong>: Scannez le QR pour voir la page d'accueil <strong>instructions de culture<\/strong>; <strong>suivre la proc\u00e9dure \u00e9tape par \u00e9tape<\/strong>\u00a0y\u00a0<strong>Optimisez vos r\u00e9coltes<\/strong>.<\/p>","protected":false},"featured_media":59407,"comment_status":"open","ping_status":"closed","template":"","meta":{"_acf_changed":false,"site-sidebar-layout":"default","site-content-layout":"","ast-site-content-layout":"default","site-content-style":"default","site-sidebar-style":"default","ast-global-header-display":"","ast-banner-title-visibility":"","ast-main-header-display":"","ast-hfb-above-header-display":"","ast-hfb-below-header-display":"","ast-hfb-mobile-header-display":"","site-post-title":"","ast-breadcrumbs-content":"","ast-featured-img":"","footer-sml-layout":"","theme-transparent-header-meta":"default","adv-header-id-meta":"","stick-header-meta":"","header-above-stick-meta":"","header-main-stick-meta":"","header-below-stick-meta":"","astra-migrate-meta-layouts":"set","ast-page-background-enabled":"default","ast-page-background-meta":{"desktop":{"background-color":"var(--ast-global-color-4)","background-image":"","background-repeat":"repeat","background-position":"center center","background-size":"auto","background-attachment":"scroll","background-type":"","background-media":"","overlay-type":"","overlay-color":"","overlay-opacity":"","overlay-gradient":""},"tablet":{"background-color":"","background-image":"","background-repeat":"repeat","background-position":"center center","background-size":"auto","background-attachment":"scroll","background-type":"","background-media":"","overlay-type":"","overlay-color":"","overlay-opacity":"","overlay-gradient":""},"mobile":{"background-color":"","background-image":"","background-repeat":"repeat","background-position":"center center","background-size":"auto","background-attachment":"scroll","background-type":"","background-media":"","overlay-type":"","overlay-color":"","overlay-opacity":"","overlay-gradient":""}},"ast-content-background-meta":{"desktop":{"background-color":"var(--ast-global-color-5)","background-image":"","background-repeat":"repeat","background-position":"center center","background-size":"auto","background-attachment":"scroll","background-type":"","background-media":"","overlay-type":"","overlay-color":"","overlay-opacity":"","overlay-gradient":""},"tablet":{"background-color":"var(--ast-global-color-5)","background-image":"","background-repeat":"repeat","background-position":"center center","background-size":"auto","background-attachment":"scroll","background-type":"","background-media":"","overlay-type":"","overlay-color":"","overlay-opacity":"","overlay-gradient":""},"mobile":{"background-color":"var(--ast-global-color-5)","background-image":"","background-repeat":"repeat","background-position":"center center","background-size":"auto","background-attachment":"scroll","background-type":"","background-media":"","overlay-type":"","overlay-color":"","overlay-opacity":"","overlay-gradient":""}}},"product_brand":[],"product_cat":[596,594],"product_tag":[],"class_list":{"0":"post-59404","1":"product","2":"type-product","3":"status-publish","4":"has-post-thumbnail","6":"product_cat-pan-de-setas","7":"product_cat-smartshop","8":"desktop-align-center","9":"tablet-align-center","10":"mobile-align-center","12":"first","13":"outofstock","14":"taxable","15":"shipping-taxable","16":"purchasable","17":"product-type-simple"},"acf":[],"yoast_head":"<!-- This site is optimized with the Yoast SEO Premium plugin v27.3 (Yoast SEO v27.3) - https:\/\/yoast.com\/product\/yoast-seo-premium-wordpress\/ -->\n<title>Kit de cultivo de setas Azurescens (Exterior) | Iguana Smoke<\/title>\n<meta name=\"description\" content=\"Con el Kit de cultivo de Setas Azurescens, puedes observar el crecimiento de setas m\u00e1gicas en el exterior. \u00a1Cultiva tus propias setas ahora!\" \/>\n<meta name=\"robots\" content=\"index, follow, max-snippet:-1, max-image-preview:large, max-video-preview:-1\" \/>\n<link rel=\"canonical\" href=\"https:\/\/iguanasmoke.com\/fr\/produit\/azurescens-outdoor-hallucinogenic-mushrooms-cultivation-kit\/\" \/>\n<meta property=\"og:locale\" content=\"fr_FR\" \/>\n<meta property=\"og:type\" content=\"article\" \/>\n<meta property=\"og:title\" content=\"Kit de cultivo de setas Azurescens (Exterior)\" \/>\n<meta property=\"og:description\" content=\"La especie Psilocybe Azurescens est\u00e1 pensada para crecer en el exterior perfectamente. Esta especie produce hongos a largo plazo, para que montes tu propio huerto micol\u00f3gico.  IMPORTANTE: Escanea el QR para ver las instrucciones de cultivo; sigue el paso a paso\u00a0y\u00a0maximiza tus cosechas.\" \/>\n<meta property=\"og:url\" content=\"https:\/\/iguanasmoke.com\/fr\/produit\/azurescens-outdoor-hallucinogenic-mushrooms-cultivation-kit\/\" \/>\n<meta property=\"og:site_name\" content=\"Iguana Smoke\" \/>\n<meta property=\"article:publisher\" content=\"https:\/\/www.facebook.com\/iguanasmoke\" \/>\n<meta property=\"article:modified_time\" content=\"2025-12-16T15:10:36+00:00\" \/>\n<meta property=\"og:image\" content=\"https:\/\/iguanasmoke.com\/wp-content\/uploads\/2025\/06\/Azurescens.webp\" \/>\n\t<meta property=\"og:image:width\" content=\"1000\" \/>\n\t<meta property=\"og:image:height\" content=\"1000\" \/>\n\t<meta property=\"og:image:type\" content=\"image\/webp\" \/>\n<meta name=\"twitter:card\" content=\"summary_large_image\" \/>\n<meta name=\"twitter:label1\" content=\"Prix\" \/>\n\t<meta name=\"twitter:data1\" content=\"31,14&nbsp;&euro;\" \/>\n\t<meta name=\"twitter:label2\" content=\"Disponibilit\u00e9\" \/>\n\t<meta name=\"twitter:data2\" content=\"Rupture de stock\" \/>\n<meta property=\"product:brand\" content=\"simple\" \/>\n<meta property=\"product:price:amount\" content=\"31.14\" \/>\n<meta property=\"product:price:currency\" content=\"EUR\" \/>\n<meta property=\"og:availability\" content=\"out of stock\" \/>\n<meta property=\"product:availability\" content=\"out of stock\" \/>\n<meta property=\"product:retailer_item_id\" content=\"SJ-PAN-AZUR\" \/>\n<meta property=\"product:condition\" content=\"new\" \/>\n<!-- \/ Yoast SEO Premium plugin. -->","yoast_head_json":{"title":"Kit de culture de champignons Azurescens (ext\u00e9rieur) : Iguana Smoke","description":"Avec le kit de culture de champignons Azurescens, vous pouvez observer la croissance des champignons magiques en plein air - cultivez vos propres champignons d\u00e8s maintenant !","robots":{"index":"index","follow":"follow","max-snippet":"max-snippet:-1","max-image-preview":"max-image-preview:large","max-video-preview":"max-video-preview:-1"},"canonical":"https:\/\/iguanasmoke.com\/fr\/produit\/azurescens-outdoor-hallucinogenic-mushrooms-cultivation-kit\/","og_locale":"fr_FR","og_type":"article","og_title":"Kit de cultivo de setas Azurescens (Exterior)","og_description":"La especie Psilocybe Azurescens est\u00e1 pensada para crecer en el exterior perfectamente. Esta especie produce hongos a largo plazo, para que montes tu propio huerto micol\u00f3gico.  IMPORTANTE: Escanea el QR para ver las instrucciones de cultivo; sigue el paso a paso\u00a0y\u00a0maximiza tus cosechas.","og_url":"https:\/\/iguanasmoke.com\/fr\/produit\/azurescens-outdoor-hallucinogenic-mushrooms-cultivation-kit\/","og_site_name":"Iguana Smoke","article_publisher":"https:\/\/www.facebook.com\/iguanasmoke","article_modified_time":"2025-12-16T15:10:36+00:00","og_image":[{"width":1000,"height":1000,"url":"https:\/\/iguanasmoke.com\/wp-content\/uploads\/2025\/06\/Azurescens.webp","type":"image\/webp"}],"twitter_card":"summary_large_image","twitter_misc":{"Prix":"31,14&nbsp;&euro;","Disponibilit\u00e9":"Rupture de stock"},"schema":{"@context":"https:\/\/schema.org","@graph":[{"@type":"WebPage","@id":"https:\/\/iguanasmoke.com\/producto\/kit-de-cultivo-de-setas-alucinogenas-en-exterior-azurescens\/","url":"https:\/\/iguanasmoke.com\/producto\/kit-de-cultivo-de-setas-alucinogenas-en-exterior-azurescens\/","name":"Kit de culture de champignons Azurescens (ext\u00e9rieur) : Iguana Smoke","isPartOf":{"@id":"https:\/\/iguanasmoke.com\/#website"},"primaryImageOfPage":{"@id":"https:\/\/iguanasmoke.com\/producto\/kit-de-cultivo-de-setas-alucinogenas-en-exterior-azurescens\/#primaryimage"},"image":{"@id":"https:\/\/iguanasmoke.com\/producto\/kit-de-cultivo-de-setas-alucinogenas-en-exterior-azurescens\/#primaryimage"},"thumbnailUrl":"https:\/\/iguanasmoke.com\/wp-content\/uploads\/2025\/06\/Azurescens.webp","datePublished":"2025-06-23T19:41:20+00:00","dateModified":"2025-12-16T15:10:36+00:00","description":"Avec le kit de culture de champignons Azurescens, vous pouvez observer la croissance des champignons magiques en plein air - cultivez vos propres champignons d\u00e8s maintenant !","breadcrumb":{"@id":"https:\/\/iguanasmoke.com\/producto\/kit-de-cultivo-de-setas-alucinogenas-en-exterior-azurescens\/#breadcrumb"},"inLanguage":"fr-FR","potentialAction":[{"@type":"ReadAction","target":["https:\/\/iguanasmoke.com\/producto\/kit-de-cultivo-de-setas-alucinogenas-en-exterior-azurescens\/"]}]},{"@type":"ImageObject","inLanguage":"fr-FR","@id":"https:\/\/iguanasmoke.com\/producto\/kit-de-cultivo-de-setas-alucinogenas-en-exterior-azurescens\/#primaryimage","url":"https:\/\/iguanasmoke.com\/wp-content\/uploads\/2025\/06\/Azurescens.webp","contentUrl":"https:\/\/iguanasmoke.com\/wp-content\/uploads\/2025\/06\/Azurescens.webp","width":1000,"height":1000,"caption":"Kit de cultivo de Setas Azurescens"},{"@type":"BreadcrumbList","@id":"https:\/\/iguanasmoke.com\/producto\/kit-de-cultivo-de-setas-alucinogenas-en-exterior-azurescens\/#breadcrumb","itemListElement":[{"@type":"ListItem","position":1,"name":"home","item":"https:\/\/iguanasmoke.com\/"},{"@type":"ListItem","position":2,"name":"Tienda","item":"https:\/\/iguanasmoke.com\/tienda\/"},{"@type":"ListItem","position":3,"name":"SmartShop","item":"https:\/\/iguanasmoke.com\/categoria\/smartshop\/"},{"@type":"ListItem","position":4,"name":"Pan de setas","item":"https:\/\/iguanasmoke.com\/categoria\/smartshop\/pan-de-setas\/"},{"@type":"ListItem","position":5,"name":"Kit de cultivo de setas Azurescens (Exterior)"}]},{"@type":"WebSite","@id":"https:\/\/iguanasmoke.com\/#website","url":"https:\/\/iguanasmoke.com\/","name":"Fum\u00e9e d'iguane","description":"Acheter du CBD en ligne au meilleur prix","publisher":{"@id":"https:\/\/iguanasmoke.com\/#organization"},"potentialAction":[{"@type":"SearchAction","target":{"@type":"EntryPoint","urlTemplate":"https:\/\/iguanasmoke.com\/?s={search_term_string}"},"query-input":{"@type":"PropertyValueSpecification","valueRequired":true,"valueName":"search_term_string"}}],"inLanguage":"fr-FR"},{"@type":"Organization","@id":"https:\/\/iguanasmoke.com\/#organization","name":"Fum\u00e9e d'iguane","url":"https:\/\/iguanasmoke.com\/","logo":{"@type":"ImageObject","inLanguage":"fr-FR","@id":"https:\/\/iguanasmoke.com\/#\/schema\/logo\/image\/","url":"https:\/\/iguanasmoke.com\/wp-content\/uploads\/2025\/01\/logoiguana-favi-1.png","contentUrl":"https:\/\/iguanasmoke.com\/wp-content\/uploads\/2025\/01\/logoiguana-favi-1.png","width":512,"height":512,"caption":"Iguana Smoke"},"image":{"@id":"https:\/\/iguanasmoke.com\/#\/schema\/logo\/image\/"},"sameAs":["https:\/\/www.facebook.com\/iguanasmoke","https:\/\/www.instagram.com\/iguanasmoke\/"]}]},"product_brand":"simple","product_price_amount":"31.14","product_price_currency":"EUR","og_availability":"out of stock","product_availability":"out of stock","product_retailer_item_id":"SJ-PAN-AZUR","product_condition":"new"},"_links":{"self":[{"href":"https:\/\/iguanasmoke.com\/fr\/wp-json\/wp\/v2\/product\/59404","targetHints":{"allow":["GET"]}}],"collection":[{"href":"https:\/\/iguanasmoke.com\/fr\/wp-json\/wp\/v2\/product"}],"about":[{"href":"https:\/\/iguanasmoke.com\/fr\/wp-json\/wp\/v2\/types\/product"}],"replies":[{"embeddable":true,"href":"https:\/\/iguanasmoke.com\/fr\/wp-json\/wp\/v2\/comments?post=59404"}],"wp:featuredmedia":[{"embeddable":true,"href":"https:\/\/iguanasmoke.com\/fr\/wp-json\/wp\/v2\/media\/59407"}],"wp:attachment":[{"href":"https:\/\/iguanasmoke.com\/fr\/wp-json\/wp\/v2\/media?parent=59404"}],"wp:term":[{"taxonomy":"product_brand","embeddable":true,"href":"https:\/\/iguanasmoke.com\/fr\/wp-json\/wp\/v2\/product_brand?post=59404"},{"taxonomy":"product_cat","embeddable":true,"href":"https:\/\/iguanasmoke.com\/fr\/wp-json\/wp\/v2\/product_cat?post=59404"},{"taxonomy":"product_tag","embeddable":true,"href":"https:\/\/iguanasmoke.com\/fr\/wp-json\/wp\/v2\/product_tag?post=59404"}],"curies":[{"name":"wp","href":"https:\/\/api.w.org\/{rel}","templated":true}]}}