{"id":59900,"date":"2025-06-30T23:57:30","date_gmt":"2025-06-30T21:57:30","guid":{"rendered":"https:\/\/iguanasmoke.com\/?post_type=product&#038;p=59900"},"modified":"2026-04-15T21:22:51","modified_gmt":"2026-04-15T19:22:51","slug":"sativanol-degustation-vaper-pack-et-10-oh","status":"publish","type":"product","link":"https:\/\/iguanasmoke.com\/fr\/producto\/pack-vaper-degustacion-sativanol-y-10-oh\/","title":{"rendered":"Pack 2 Vaper Tasting Sativanol et 10OH"},"content":{"rendered":"<h1 data-start=\"1609\" data-end=\"1642\"><span style=\"font-weight: 400;\">Pack 2 Vaper Tasting<i>Sativanol et 10-OH<\/i><\/span><\/h1>\n<h3>Vaping pack avec une offre id\u00e9ale pour ceux qui recherchent la vari\u00e9t\u00e9, les \u00e9conomies et la possibilit\u00e9 de personnaliser leur commande.<\/h3>\n<p><span style=\"font-weight: 400;\">Si vous aimez essayer des choses diff\u00e9rentes, le <strong>Pack 2 vaper d\u00e9gustation Sativanol et 10-OH<\/strong> est parfait pour vous. Nous avons cr\u00e9\u00e9 ce pack exclusif pour que vous puissiez essayer deux de nos meilleures mol\u00e9cules, combinant le Sativanol et la mol\u00e9cule 10-OH.<\/span><\/p>\n<p>&nbsp;<\/p>\n<h2 data-start=\"273\" data-end=\"578\"><strong>Qu'est-ce qui est inclus dans le Pack 2 vaper tasting ? <span style=\"font-weight: 400;\"><strong>Sativanol<\/strong> <\/span>et 10-OH ? <\/strong><\/h2>\n<p data-start=\"273\" data-end=\"578\"><span style=\"font-weight: 400;\">Dans ce pack, vous pouvez choisir 1 vaper parmi les 7 saveurs avec des terp\u00e8nes Sativanol uniques et un autre vaper la saveur 10-OH de votre choix. C'est aussi simple que cela, \u00e0 vous de go\u00fbter et d'essayer.<\/span><\/p>\n<p data-start=\"273\" data-end=\"578\">Les deux en <span style=\"font-weight: 400;\"><strong>Sativanol <\/strong><\/span>comme dans <strong>10-OH<\/strong>, Il y a 7 saveurs disponibles et elles sont les suivantes :<\/p>\n<ul>\n<li style=\"list-style-type: none;\">\n<ul>\n<li style=\"list-style-type: none;\">\n<ul>\n<li data-start=\"273\" data-end=\"578\"><em>Poign\u00e9e<\/em><\/li>\n<li data-start=\"273\" data-end=\"578\"><em>Colle Gorilla<\/em><\/li>\n<li data-start=\"273\" data-end=\"578\"><em>Fraise<\/em><\/li>\n<li data-start=\"273\" data-end=\"578\"><em>Baies rouges<\/em><\/li>\n<li data-start=\"273\" data-end=\"578\"><em>Amn\u00e9sie<\/em><\/li>\n<li data-start=\"273\" data-end=\"578\"><em>Gelato<\/em><\/li>\n<li data-start=\"273\" data-end=\"578\"><em>Lemon Haze<\/em><\/li>\n<\/ul>\n<\/li>\n<\/ul>\n<\/li>\n<\/ul>\n<p><span style=\"font-weight: 400;\">Vous pouvez consulter la cat\u00e9gorie de <strong><a href=\"https:\/\/iguanasmoke.com\/fr\/categorie\/nouvelles-molecules\/sativanol\/\">Vaper Sativanol<\/a><\/strong> y <a href=\"https:\/\/iguanasmoke.com\/fr\/categorie\/nouvelles-molecules\/10oh\/\"><strong>Vaper 10-OH<\/strong><\/a> pour compl\u00e9ter votre <strong>Pack 2 vaper d\u00e9gustation Sativanol et 10-OH<\/strong>.<\/span><\/p>\n<p>&nbsp;<\/p>\n<h2><strong>Qu'est-ce que le STV ou Sativanol ?<\/strong><\/h2>\n<p><span style=\"font-weight: 400;\">Le <strong>Sativanol<\/strong>, <strong>STV<\/strong> o <strong>Super Sativa<\/strong> est une mol\u00e9cule de chanvre de derni\u00e8re g\u00e9n\u00e9ration qui ne contient pas de THC ni de d\u00e9riv\u00e9s (HHC, THCP...), mais dont l'effet est comparable \u00e0 celui d'un <strong>Sativa puissante<\/strong>offre une clart\u00e9 mentale, une douce euphorie et un bien-\u00eatre sans brouillard ni d\u00e9pression.\u00a0\u00a0<\/span><\/p>\n<p>La formule <span style=\"font-weight: 400;\"><strong>Sativanol <\/strong><\/span>est id\u00e9al pour ceux qui ont besoin d'\u00eatre actifs, cr\u00e9atifs ou qui veulent simplement profiter d'un moment de clart\u00e9 mentale sans se d\u00e9connecter.<\/p>\n<p>&nbsp;<\/p>\n<h2><strong>Qu'est-ce que le 10-OH ?<\/strong><\/h2>\n<p><span style=\"font-weight: 400;\">Le <\/span><span style=\"font-weight: 400;\"><b>10-OH<\/b> est un <strong>M\u00e9tabolite HHC<\/strong>, c'est-\u00e0-dire une substance qui est g\u00e9n\u00e9r\u00e9e lorsque <strong>l'organisme d\u00e9compose la HHC<\/strong>. Au niveau du laboratoire, il est obtenu en transformant le HHC en sa forme hydroxyl\u00e9e, ce qui donne un <strong>cannabino\u00efde plus stable<\/strong> et avec une affinit\u00e9 sp\u00e9cifique pour certains r\u00e9cepteurs du syst\u00e8me endocannabino\u00efde.<\/span><\/p>\n<p><span style=\"font-weight: 400;\">Bien que les effets puissent varier d'une personne \u00e0 l'autre, les exp\u00e9riences sont souvent les suivantes :<\/span><\/p>\n<ul>\n<li>Euphorie mod\u00e9r\u00e9e, sans l'euphorie plus intense que peut procurer le THC.<\/li>\n<li>D\u00e9tente physique, sans sensation de s\u00e9dation excessive.<\/li>\n<li>Clart\u00e9 mentale, ce qui favorise la concentration ou l'interaction sociale.<\/li>\n<li>Moins d'anxi\u00e9t\u00e9, ce qui en fait une option int\u00e9ressante pour ceux qui ne tol\u00e8rent pas bien le THC.<\/li>\n<\/ul>\n<p><span style=\"font-weight: 400;\">Ces effets placent le <strong>10-OH \u00e0 un point interm\u00e9diaire entre HHC et THC<\/strong>plus intense que la premi\u00e8re, mais plus facile \u00e0 g\u00e9rer que la seconde. Si vous cherchez <strong>acheter vaper 10-OH en ligne<\/strong>, Avec des effets stimulants mais sans parano\u00efa ni gueule de bois, c'est la vapoteuse qu'il vous faut.<\/span><\/p>\n<p>&nbsp;<\/p>\n<h2><strong>Qu'est-ce qu'un vaper jetable dans le vaper pack ? <span style=\"font-weight: 400;\"><strong>Sativanol<\/strong> <\/span>et 10-oh ?<\/strong><\/h2>\n<p><span style=\"font-weight: 400;\">A <strong>vaper jetable<\/strong> est un dispositif de type stylo\u201c <strong>de 2ml<\/strong> qui est charg\u00e9 de liquide Sativanol ou 10-OH. La grande diff\u00e9rence avec les autres types de vapers est qu'il n'a pas besoin d'\u00eatre recharg\u00e9 ou compl\u00e9t\u00e9 : <strong>lorsqu'il est \u00e9puis\u00e9, il est simplement jet\u00e9<\/strong>.\u00a0<\/span><\/p>\n<p>&nbsp;<\/p>\n<h2 data-start=\"273\" data-end=\"578\"><strong>Pourquoi choisir le <\/strong><strong>Pack 2 d\u00e9gustation de vaper <span style=\"font-weight: 400;\"><strong>Sativanol<\/strong> <\/span><\/strong><strong>et 10-OH<\/strong><strong>? <\/strong><\/h2>\n<ul>\n<li data-start=\"273\" data-end=\"578\"><span style=\"font-weight: 400;\">Prix sp\u00e9cial par paquet<\/span><\/li>\n<li data-start=\"273\" data-end=\"578\"><span style=\"font-weight: 400;\">Id\u00e9al pour go\u00fbter les diff\u00e9rentes saveurs et mol\u00e9cules<\/span><\/li>\n<li data-start=\"273\" data-end=\"578\"><span style=\"font-weight: 400;\">Une seule commande, pratique et rapide<\/span><\/li>\n<li data-start=\"273\" data-end=\"578\"><span style=\"font-weight: 400;\">Produit l\u00e9gal, s\u00fbr et test\u00e9 <\/span><\/li>\n<li data-start=\"273\" data-end=\"578\"><span style=\"font-weight: 400;\">Parfait pour un cadeau... ou pour soi-m\u00eame. <\/span><\/li>\n<\/ul>\n<p><span style=\"font-weight: 400;\">Le <strong>Pack 2 vaper d\u00e9gustation Sativanol et 10-OH<\/strong>\u00a0ce n'est pas seulement un pack, c'est une exp\u00e9rience compl\u00e8te. D\u00e9couvrez, comparez et trouvez votre favori.<\/span><\/p>\n<p>&nbsp;<\/p>\n<h3><b>Iguana Smoke est votre boutique en ligne de CBD\u00a0<\/b><\/h3>\n<p><span style=\"font-weight: 400;\">Au<strong> Fum\u00e9e d'iguane<\/strong>, Nous pensons que la consommation de CBD doit se faire en toute s\u00e9curit\u00e9. C'est pourquoi nous proposons des produits comme celui-ci <strong>Pack 2 vaper d\u00e9gustation Sativanol et 10-OH<\/strong>, La marque s'adresse aux nouvelles g\u00e9n\u00e9rations : des personnes qui recherchent un bien-\u00eatre simple, avec des marques authentiques et fiables.\u00a0<\/span><\/p>\n<p>Vous savez, notre mission est claire : vous apporter le meilleur du monde des cannabino\u00efdes \u00e0 un prix \u00e9quitable. De plus, nous vous offrons la tranquillit\u00e9 d'esprit de savoir que vous choisissez un produit certifi\u00e9, efficace et 100% l\u00e9gal. Votre temps de d\u00e9tente commence ici avec nous.<\/p>\n<p>Vous avez encore des doutes ? Ecrivez-nous et nous nous ferons un plaisir de vous aider \u00e0 trouver le produit qui vous convient.<\/p>\n<p>&nbsp;<\/p>\n<h6>\u2139\ufe0f<strong> Informations juridiques<\/strong><\/h6>\n<p><em><span style=\"font-weight: 400;\">*Produit destin\u00e9 \u00e0 la collection ou \u00e0 l'aromath\u00e9rapie, conform\u00e9ment \u00e0 la l\u00e9gislation espagnole en vigueur. <\/span><\/em><\/p>\n<p><em><span style=\"font-weight: 400;\">**D\u00e9riv\u00e9 de chanvre industriel certifi\u00e9. Contient moins de 0,3 THC et ne contient pas de cannabino\u00efdes ill\u00e9gaux tels que HHC, HHC-P, THCP, THCP-O, H4CBD ou des substances \u00e9num\u00e9r\u00e9es \u00e0 l'annexe I du d\u00e9cret royal 2829\/1977, ni de substances contr\u00f4l\u00e9es par des conventions internationales.<\/span><\/em><\/p>","protected":false},"excerpt":{"rendered":"<p><span style=\"font-weight: 400;\">Pr\u00e9parez-vous, car ce pack de d\u00e9gustation de vapeurs comprend :<\/span><\/p>\n<ul>\n<li>1 x Vapeur <span style=\"font-weight: 400;\">Sativanol <\/span>2 ml de l'ar\u00f4me de votre choix<\/li>\n<li>1 x Vaper 10-OH 2 ml de l'ar\u00f4me de votre choix<\/li>\n<\/ul>\n<h6>Caract\u00e9ristiques<\/h6>\n<ul>\n<li>Capacit\u00e9 : 2ml - 600 bouff\u00e9es<\/li>\n<li><span style=\"font-weight: 400;\">Sativanol <\/span>\/ 10-OH<\/li>\n<li>Terp\u00e8nes naturels de haute qualit\u00e9<\/li>\n<li>THC : 0%, HHC : 0%, THC-P : 0%, Nicotine : 0%<\/li>\n<li>Ne contient pas de VG, PG, PEG, MCT ou tout autre agent de coupe.<\/li>\n<\/ul>\n<p><em><span style=\"font-weight: 400;\">Prix sans remise : 69,80 \u20ac | prix du pack de remise : 60 \u20ac =&gt; <strong>\u00e9conomie de 9,80\u20ac avec une r\u00e9duction de 14%<\/strong><\/span>\u00a0<\/em><\/p>\n<p><span style=\"font-weight: 400;\">Consultation<strong>\u00a0<a href=\"https:\/\/iguanasmoke.com\/fr\/lanalyse\/\">analyse en laboratoire.<\/a><\/strong><\/span><\/p>","protected":false},"featured_media":76827,"comment_status":"open","ping_status":"closed","template":"","meta":{"_acf_changed":false,"site-sidebar-layout":"default","site-content-layout":"","ast-site-content-layout":"default","site-content-style":"default","site-sidebar-style":"default","ast-global-header-display":"","ast-banner-title-visibility":"","ast-main-header-display":"","ast-hfb-above-header-display":"","ast-hfb-below-header-display":"","ast-hfb-mobile-header-display":"","site-post-title":"","ast-breadcrumbs-content":"","ast-featured-img":"","footer-sml-layout":"","theme-transparent-header-meta":"default","adv-header-id-meta":"","stick-header-meta":"","header-above-stick-meta":"","header-main-stick-meta":"","header-below-stick-meta":"","astra-migrate-meta-layouts":"set","ast-page-background-enabled":"default","ast-page-background-meta":{"desktop":{"background-color":"var(--ast-global-color-4)","background-image":"","background-repeat":"repeat","background-position":"center center","background-size":"auto","background-attachment":"scroll","background-type":"","background-media":"","overlay-type":"","overlay-color":"","overlay-opacity":"","overlay-gradient":""},"tablet":{"background-color":"","background-image":"","background-repeat":"repeat","background-position":"center center","background-size":"auto","background-attachment":"scroll","background-type":"","background-media":"","overlay-type":"","overlay-color":"","overlay-opacity":"","overlay-gradient":""},"mobile":{"background-color":"","background-image":"","background-repeat":"repeat","background-position":"center center","background-size":"auto","background-attachment":"scroll","background-type":"","background-media":"","overlay-type":"","overlay-color":"","overlay-opacity":"","overlay-gradient":""}},"ast-content-background-meta":{"desktop":{"background-color":"var(--ast-global-color-5)","background-image":"","background-repeat":"repeat","background-position":"center center","background-size":"auto","background-attachment":"scroll","background-type":"","background-media":"","overlay-type":"","overlay-color":"","overlay-opacity":"","overlay-gradient":""},"tablet":{"background-color":"var(--ast-global-color-5)","background-image":"","background-repeat":"repeat","background-position":"center center","background-size":"auto","background-attachment":"scroll","background-type":"","background-media":"","overlay-type":"","overlay-color":"","overlay-opacity":"","overlay-gradient":""},"mobile":{"background-color":"var(--ast-global-color-5)","background-image":"","background-repeat":"repeat","background-position":"center center","background-size":"auto","background-attachment":"scroll","background-type":"","background-media":"","overlay-type":"","overlay-color":"","overlay-opacity":"","overlay-gradient":""}}},"product_brand":[],"product_cat":[550,349,549,418],"product_tag":[],"class_list":{"0":"post-59900","1":"product","2":"type-product","3":"status-publish","4":"has-post-thumbnail","6":"product_cat-10oh","7":"product_cat-packs-y-ofertas-cbd","8":"product_cat-sativanol","9":"product_cat-vaper-cbd","10":"desktop-align-center","11":"tablet-align-center","12":"mobile-align-center","14":"first","15":"instock","16":"sale","17":"taxable","18":"shipping-taxable","19":"purchasable","20":"product-type-composite"},"acf":[],"yoast_head":"<!-- This site is optimized with the Yoast SEO Premium plugin v27.3 (Yoast SEO v27.3) - https:\/\/yoast.com\/product\/yoast-seo-premium-wordpress\/ -->\n<title>Pack 2 vaper degustaci\u00f3n Sativanol y 10-OH | Iguana Smoke<\/title>\n<meta name=\"description\" content=\"Descubre nuevos sabores con el Pack 2 vaper degustaci\u00f3n Sativanol y 10-OH. \u00a1No te pierdas esta oportunidad \u00fanica, pru\u00e9balo ahora!\" \/>\n<meta name=\"robots\" content=\"index, follow, max-snippet:-1, max-image-preview:large, max-video-preview:-1\" \/>\n<link rel=\"canonical\" href=\"https:\/\/iguanasmoke.com\/fr\/produit\/sativanol-degustation-vaper-pack-et-10-oh\/\" \/>\n<meta property=\"og:locale\" content=\"fr_FR\" \/>\n<meta property=\"og:type\" content=\"article\" \/>\n<meta property=\"og:title\" content=\"Pack 2 Vaper Degustaci\u00f3n Sativanol y 10OH\" \/>\n<meta property=\"og:description\" content=\"Prep\u00e1rate porque este Pack de Vapeo Degustaci\u00f3n incluye:   1 x Vaper Sativanol 2 ml del sabor que elijas  1 x\u00a0 Vaper 10-OH 2 ml del sabor que elijas  Caracter\u00edsticas   Capacidad: 2ml - 600 caladas  Sativanol \/ 10-OH  Terpenos naturales de alta calidad  THC: 0%,\u00a0HHC: 0%, THC-P: 0%, Nicotina: 0%  No contiene VG, PG, PEG, MCT o cualquier otro agente de corte  Precio sin descuento: 69,80\u20ac | precio pack descuento: 60\u20ac =&gt; ahorro de 9,80\u20ac con un descuento del 14%\u00a0  Consulta\u00a0el an\u00e1lisis de laboratorio.\" \/>\n<meta property=\"og:url\" content=\"https:\/\/iguanasmoke.com\/fr\/produit\/sativanol-degustation-vaper-pack-et-10-oh\/\" \/>\n<meta property=\"og:site_name\" content=\"Iguana Smoke\" \/>\n<meta property=\"article:publisher\" content=\"https:\/\/www.facebook.com\/iguanasmoke\" \/>\n<meta property=\"article:modified_time\" content=\"2026-04-15T19:22:51+00:00\" \/>\n<meta property=\"og:image\" content=\"https:\/\/iguanasmoke.com\/wp-content\/uploads\/2025\/06\/PACK-SPACE-VAPE-2-VAPER.webp\" \/>\n\t<meta property=\"og:image:width\" content=\"600\" \/>\n\t<meta property=\"og:image:height\" content=\"600\" \/>\n\t<meta property=\"og:image:type\" content=\"image\/webp\" \/>\n<meta name=\"twitter:card\" content=\"summary_large_image\" \/>\n<meta name=\"twitter:label1\" content=\"Prix\" \/>\n\t<meta name=\"twitter:data1\" content=\"60,00&nbsp;&euro;\" \/>\n\t<meta name=\"twitter:label2\" content=\"Disponibilit\u00e9\" \/>\n\t<meta name=\"twitter:data2\" content=\"En stock\" \/>\n<meta property=\"product:brand\" content=\"composite\" \/>\n<meta property=\"product:price:amount\" content=\"60.00\" \/>\n<meta property=\"product:price:currency\" content=\"EUR\" \/>\n<meta property=\"og:availability\" content=\"instock\" \/>\n<meta property=\"product:availability\" content=\"instock\" \/>\n<meta property=\"product:retailer_item_id\" content=\"IS-PACKSPACEVAPE2\" \/>\n<meta property=\"product:condition\" content=\"new\" \/>\n<!-- \/ Yoast SEO Premium plugin. -->","yoast_head_json":{"title":"Pack 2 vaper d\u00e9gustation Sativanol et 10-OH | Iguana Smoke","description":"D\u00e9couvrez de nouvelles saveurs avec le 2-Pack de Sativanol et de 10-OH. Ne manquez pas cette occasion unique, essayez-le maintenant !","robots":{"index":"index","follow":"follow","max-snippet":"max-snippet:-1","max-image-preview":"max-image-preview:large","max-video-preview":"max-video-preview:-1"},"canonical":"https:\/\/iguanasmoke.com\/fr\/produit\/sativanol-degustation-vaper-pack-et-10-oh\/","og_locale":"fr_FR","og_type":"article","og_title":"Pack 2 Vaper Degustaci\u00f3n Sativanol y 10OH","og_description":"Prep\u00e1rate porque este Pack de Vapeo Degustaci\u00f3n incluye:   1 x Vaper Sativanol 2 ml del sabor que elijas  1 x\u00a0 Vaper 10-OH 2 ml del sabor que elijas  Caracter\u00edsticas   Capacidad: 2ml - 600 caladas  Sativanol \/ 10-OH  Terpenos naturales de alta calidad  THC: 0%,\u00a0HHC: 0%, THC-P: 0%, Nicotina: 0%  No contiene VG, PG, PEG, MCT o cualquier otro agente de corte  Precio sin descuento: 69,80\u20ac | precio pack descuento: 60\u20ac =&gt; ahorro de 9,80\u20ac con un descuento del 14%\u00a0  Consulta\u00a0el an\u00e1lisis de laboratorio.","og_url":"https:\/\/iguanasmoke.com\/fr\/produit\/sativanol-degustation-vaper-pack-et-10-oh\/","og_site_name":"Iguana Smoke","article_publisher":"https:\/\/www.facebook.com\/iguanasmoke","article_modified_time":"2026-04-15T19:22:51+00:00","og_image":[{"width":600,"height":600,"url":"https:\/\/iguanasmoke.com\/wp-content\/uploads\/2025\/06\/PACK-SPACE-VAPE-2-VAPER.webp","type":"image\/webp"}],"twitter_card":"summary_large_image","twitter_misc":{"Prix":"60,00&nbsp;&euro;","Disponibilit\u00e9":"En stock"},"schema":{"@context":"https:\/\/schema.org","@graph":[{"@type":"WebPage","@id":"https:\/\/iguanasmoke.com\/producto\/pack-vaper-degustacion-sativanol-y-10-oh\/","url":"https:\/\/iguanasmoke.com\/producto\/pack-vaper-degustacion-sativanol-y-10-oh\/","name":"Pack 2 vaper d\u00e9gustation Sativanol et 10-OH | Iguana Smoke","isPartOf":{"@id":"https:\/\/iguanasmoke.com\/#website"},"primaryImageOfPage":{"@id":"https:\/\/iguanasmoke.com\/producto\/pack-vaper-degustacion-sativanol-y-10-oh\/#primaryimage"},"image":{"@id":"https:\/\/iguanasmoke.com\/producto\/pack-vaper-degustacion-sativanol-y-10-oh\/#primaryimage"},"thumbnailUrl":"https:\/\/iguanasmoke.com\/wp-content\/uploads\/2025\/06\/PACK-SPACE-VAPE-2-VAPER.webp","datePublished":"2025-06-30T21:57:30+00:00","dateModified":"2026-04-15T19:22:51+00:00","description":"D\u00e9couvrez de nouvelles saveurs avec le 2-Pack de Sativanol et de 10-OH. Ne manquez pas cette occasion unique, essayez-le maintenant !","breadcrumb":{"@id":"https:\/\/iguanasmoke.com\/producto\/pack-vaper-degustacion-sativanol-y-10-oh\/#breadcrumb"},"inLanguage":"fr-FR","potentialAction":[{"@type":"ReadAction","target":["https:\/\/iguanasmoke.com\/producto\/pack-vaper-degustacion-sativanol-y-10-oh\/"]}]},{"@type":"ImageObject","inLanguage":"fr-FR","@id":"https:\/\/iguanasmoke.com\/producto\/pack-vaper-degustacion-sativanol-y-10-oh\/#primaryimage","url":"https:\/\/iguanasmoke.com\/wp-content\/uploads\/2025\/06\/PACK-SPACE-VAPE-2-VAPER.webp","contentUrl":"https:\/\/iguanasmoke.com\/wp-content\/uploads\/2025\/06\/PACK-SPACE-VAPE-2-VAPER.webp","width":600,"height":600,"caption":"PACK 2 VAPER DEGUSTACION DE stv Y 10-oh"},{"@type":"BreadcrumbList","@id":"https:\/\/iguanasmoke.com\/producto\/pack-vaper-degustacion-sativanol-y-10-oh\/#breadcrumb","itemListElement":[{"@type":"ListItem","position":1,"name":"home","item":"https:\/\/iguanasmoke.com\/"},{"@type":"ListItem","position":2,"name":"Tienda","item":"https:\/\/iguanasmoke.com\/tienda\/"},{"@type":"ListItem","position":3,"name":"Packs y Ofertas","item":"https:\/\/iguanasmoke.com\/categoria\/packs-y-ofertas-cbd\/"},{"@type":"ListItem","position":4,"name":"Pack 2 Vaper Degustaci\u00f3n Sativanol y 10OH"}]},{"@type":"WebSite","@id":"https:\/\/iguanasmoke.com\/#website","url":"https:\/\/iguanasmoke.com\/","name":"Fum\u00e9e d'iguane","description":"Acheter du CBD en ligne au meilleur prix","publisher":{"@id":"https:\/\/iguanasmoke.com\/#organization"},"potentialAction":[{"@type":"SearchAction","target":{"@type":"EntryPoint","urlTemplate":"https:\/\/iguanasmoke.com\/?s={search_term_string}"},"query-input":{"@type":"PropertyValueSpecification","valueRequired":true,"valueName":"search_term_string"}}],"inLanguage":"fr-FR"},{"@type":"Organization","@id":"https:\/\/iguanasmoke.com\/#organization","name":"Fum\u00e9e d'iguane","url":"https:\/\/iguanasmoke.com\/","logo":{"@type":"ImageObject","inLanguage":"fr-FR","@id":"https:\/\/iguanasmoke.com\/#\/schema\/logo\/image\/","url":"https:\/\/iguanasmoke.com\/wp-content\/uploads\/2025\/01\/logoiguana-favi-1.png","contentUrl":"https:\/\/iguanasmoke.com\/wp-content\/uploads\/2025\/01\/logoiguana-favi-1.png","width":512,"height":512,"caption":"Iguana Smoke"},"image":{"@id":"https:\/\/iguanasmoke.com\/#\/schema\/logo\/image\/"},"sameAs":["https:\/\/www.facebook.com\/iguanasmoke","https:\/\/www.instagram.com\/iguanasmoke\/"]}]},"product_brand":"composite","product_price_amount":"60.00","product_price_currency":"EUR","og_availability":"instock","product_availability":"instock","product_retailer_item_id":"IS-PACKSPACEVAPE2","product_condition":"new"},"_links":{"self":[{"href":"https:\/\/iguanasmoke.com\/fr\/wp-json\/wp\/v2\/product\/59900","targetHints":{"allow":["GET"]}}],"collection":[{"href":"https:\/\/iguanasmoke.com\/fr\/wp-json\/wp\/v2\/product"}],"about":[{"href":"https:\/\/iguanasmoke.com\/fr\/wp-json\/wp\/v2\/types\/product"}],"replies":[{"embeddable":true,"href":"https:\/\/iguanasmoke.com\/fr\/wp-json\/wp\/v2\/comments?post=59900"}],"wp:featuredmedia":[{"embeddable":true,"href":"https:\/\/iguanasmoke.com\/fr\/wp-json\/wp\/v2\/media\/76827"}],"wp:attachment":[{"href":"https:\/\/iguanasmoke.com\/fr\/wp-json\/wp\/v2\/media?parent=59900"}],"wp:term":[{"taxonomy":"product_brand","embeddable":true,"href":"https:\/\/iguanasmoke.com\/fr\/wp-json\/wp\/v2\/product_brand?post=59900"},{"taxonomy":"product_cat","embeddable":true,"href":"https:\/\/iguanasmoke.com\/fr\/wp-json\/wp\/v2\/product_cat?post=59900"},{"taxonomy":"product_tag","embeddable":true,"href":"https:\/\/iguanasmoke.com\/fr\/wp-json\/wp\/v2\/product_tag?post=59900"}],"curies":[{"name":"wp","href":"https:\/\/api.w.org\/{rel}","templated":true}]}}