{"id":60160,"date":"2025-07-08T20:21:20","date_gmt":"2025-07-08T18:21:20","guid":{"rendered":"https:\/\/iguanasmoke.com\/?post_type=product&#038;p=60160"},"modified":"2026-03-31T15:01:28","modified_gmt":"2026-03-31T13:01:28","slug":"truffes-magiques-utopia","status":"publish","type":"product","link":"https:\/\/iguanasmoke.com\/fr\/producto\/trufas-magicas-utopia\/","title":{"rendered":"Truffes magiques Utopia 15g"},"content":{"rendered":"<h1><span style=\"font-weight: 400\">Truffes magiques d'Utopia - Scl\u00e9rotes de haute intensit\u00e9 visuelle et spirituelle\u00a0\u00a0<\/span><\/h1>\n<p data-start=\"304\" data-end=\"642\"><span style=\"font-weight: 400\">Les <strong>Truffes magiques Utopia <\/strong>sont l'une des<strong> des souches plus intenses et plus complexes<\/strong> en mycologie d\u00e9corative et de collection. Ces scl\u00e9rotes mycologiques ont un aspect <strong>une structure dense et une structure myc\u00e9lienne<\/strong> L'appareil de pointe, qui est \u00e9galement id\u00e9al pour l'observation microscopique, a \u00e9t\u00e9 mis au point pour la premi\u00e8re fois.<strong> morphologie avanc\u00e9e. <\/strong>En raison de son <strong>puret\u00e9 mycologique<\/strong> le rend id\u00e9al pour les laboratoires, la microscopie et les expositions botaniques.<\/span><\/p>\n<p data-start=\"304\" data-end=\"642\"><span style=\"font-weight: 400\">En outre, ils sont con\u00e7us pour les psychonautes plus exp\u00e9riment\u00e9s qui recherchent <strong>acheter des truffes magiques de haute qualit\u00e9.<\/strong> En les choisissant, beaucoup notent que le nom \u201cUtopia Magic Truffles\u201d \u00e9voque une exp\u00e9rience tr\u00e8s particuli\u00e8re.<\/span><\/p>\n<p style=\"text-align: center;padding-left: 40px\" data-start=\"304\" data-end=\"642\"><em><span style=\"font-weight: 400\">\u26a0\ufe0fRecuerda : L'utilisation est limit\u00e9e \u00e0 des fins mycologiques, \u00e9ducatives, d\u00e9coratives ou de collection. Ce produit n'est pas destin\u00e9 \u00e0 la consommation humaine.<\/span><\/em><\/p>\n<h2 data-start=\"867\" data-end=\"898\">Qu'est-ce que le Psilocybe Utopia ?<\/h2>\n<p data-start=\"900\" data-end=\"1251\"><span style=\"font-weight: 400\">Le <strong>Psilocybe Utopia<\/strong> est une souche s\u00e9lectionn\u00e9e pour maximiser la qualit\u00e9 visuelle et structurelle des scl\u00e9rotes. Elle pr\u00e9sente en outre un certain nombre de caract\u00e9ristiques exceptionnelles :\u00a0<\/span><\/p>\n<ul>\n<li data-start=\"900\" data-end=\"1251\"><strong>Densit\u00e9 interne \u00e9lev\u00e9e<\/strong><\/li>\n<li data-start=\"900\" data-end=\"1251\">Mod\u00e8le myc\u00e9lien complexe<\/li>\n<li data-start=\"900\" data-end=\"1251\">Grande puret\u00e9 morphologique<\/li>\n<\/ul>\n<p data-start=\"900\" data-end=\"1251\"><span style=\"font-weight: 400\">Par cons\u00e9quent, le <strong>Truffes magiques Utopia<\/strong> sont tr\u00e8s appr\u00e9ci\u00e9es dans les projets scientifiques, les collectes sp\u00e9cialis\u00e9es et les observations microscopiques. En fait, ceux qui recherchent les \u201ctruffes magiques d'Utopia\u201d le font pr\u00e9cis\u00e9ment en raison de leur haute qualit\u00e9 pour ces objectifs. Elles sont ainsi devenues une r\u00e9f\u00e9rence dans l'\u00e9tude mycologique d\u00e9corative.<\/span><\/p>\n<h2>Caract\u00e9ristiques des truffes magiques Utopia<\/h2>\n<ul>\n<li data-start=\"1335\" data-end=\"1359\"><strong>Puissance maximale dans chaque structure <\/strong><\/li>\n<\/ul>\n<p>La contrainte <strong style=\"font-size: 16px\">Psilocybe Utopia <\/strong>est class\u00e9<span style=\"font-size: 16px;font-weight: 400\">\u00a0avec<\/span><strong style=\"font-size: 16px\"> 5\/5 en richesse myc\u00e9lienne<\/strong><span style=\"font-size: 16px;font-weight: 400\">, C'est donc l'une des vari\u00e9t\u00e9s les plus appr\u00e9ci\u00e9es pour l'analyse visuelle et microscopique. De plus, sa structure interne offre une complexit\u00e9 id\u00e9ale pour des observations d\u00e9taill\u00e9es.<\/span><\/p>\n<ul>\n<li data-start=\"1361\" data-end=\"1553\"><strong>Culture \u00e0 long terme (jusqu'\u00e0 12 mois)<\/strong><\/li>\n<\/ul>\n<p data-start=\"1361\" data-end=\"1553\"><span style=\"font-weight: 400\">Cette culture prolong\u00e9e favorise le d\u00e9veloppement de <strong>propri\u00e9t\u00e9s<\/strong> y <strong>des structures internes plus complexes, <\/strong>parfaites pour l'observation technique et la documentation scientifique. Ainsi, les truffes magiques d'Utopia sont id\u00e9ales pour les \u00e9tudes avanc\u00e9es n\u00e9cessitant de la pr\u00e9cision. Par la suite, ce long processus assure une plus grande stabilit\u00e9 des scl\u00e9rotes.<\/span><\/p>\n<ul>\n<li data-start=\"1555\" data-end=\"1590\"><strong>Fra\u00eecheur et pr\u00e9sentation de premi\u00e8re qualit\u00e9<\/strong><\/li>\n<\/ul>\n<p data-start=\"1592\" data-end=\"1779\"><span style=\"font-weight: 400\">Chaque unit\u00e9 est <strong>emball\u00e9 sous vide<\/strong> dans un format de <strong>15 grammes<\/strong>, pr\u00e9servant ainsi son int\u00e9grit\u00e9 et son aspect naturel.<\/span> Ce type d'emballage permet \u00e9galement de conserver leur qualit\u00e9 plus longtemps. Pour beaucoup, cet emballage est m\u00eame devenu un symbole de l'attention port\u00e9e aux d\u00e9tails par Utopia Magic Truffles.<\/p>\n<h2 data-start=\"805\" data-end=\"862\">Pourquoi acheter des truffes magiques Utopia \u00e0 des fins mycologiques ?<\/h2>\n<p data-start=\"864\" data-end=\"953\"><span style=\"font-weight: 400\">Les <strong>Truffes magiques Utopia <\/strong>sont tr\u00e8s appr\u00e9ci\u00e9s par les chercheurs et les collectionneurs pour leur qualit\u00e9 :<\/span> Souvent, la combinaison des truffes et d'Utopia est irr\u00e9sistible en raison de son origine unique.<\/p>\n<ul>\n<li data-start=\"864\" data-end=\"953\"><span style=\"font-weight: 400\"><strong>Origine naturelle et grande puret\u00e9<\/strong>Scl\u00e9rotes : scl\u00e9rotes s\u00e9lectionn\u00e9s et cultiv\u00e9s dans des environnements contr\u00f4l\u00e9s aux Pays-Bas.<\/span><\/li>\n<li data-start=\"864\" data-end=\"953\"><span style=\"font-weight: 400\"><strong>Structure dense et complexe :<\/strong> des motifs myc\u00e9liens id\u00e9aux pour la microscopie avanc\u00e9e.<\/span><\/li>\n<li data-start=\"864\" data-end=\"953\"><span style=\"font-weight: 400\"><strong>Fra\u00eecheur et tra\u00e7abilit\u00e9 :<\/strong> chaque lot est soumis \u00e0 des contr\u00f4les de qualit\u00e9 stricts.\u00a0<\/span><\/li>\n<\/ul>\n<h2 data-start=\"1786\" data-end=\"1833\">Conservation et manipulation pour l'\u00e9tude<\/h2>\n<ul>\n<li><span style=\"font-weight: 400\"><strong>Stockage<\/strong>Conserver entre 2\u00baC et 4\u00baC pour pr\u00e9server son int\u00e9grit\u00e9.<\/span><\/li>\n<li><span style=\"font-weight: 400\"><strong>Manipulation<\/strong>L'utilisation de gants et d'ustensiles st\u00e9riles est recommand\u00e9e dans les laboratoires.<\/span><\/li>\n<li><span style=\"font-weight: 400\"><strong>D\u00e9coration\/collection<\/strong>id\u00e9al pour les expositions botaniques et les pr\u00e9sentations \u00e9ducatives.<\/span><\/li>\n<\/ul>\n<h2 data-start=\"2130\" data-end=\"2181\">Des achats s\u00fbrs et conformes \u00e0 la l\u00e9gislation<\/h2>\n<p data-start=\"2183\" data-end=\"2374\"><span style=\"font-weight: 400\">Dans notre boutique en ligne, vous pouvez acheter<strong> truffes mycologiques Utopie <\/strong>en toute tranquillit\u00e9 d'esprit :<\/span><\/p>\n<ul>\n<li data-start=\"2183\" data-end=\"2374\"><span style=\"font-weight: 400\">Ils sont conformes aux dispositions l\u00e9gales en vigueur en Espagne pour les produits fabriqu\u00e9s \u00e0 partir de<strong> utilisation non consommable<\/strong>. <\/span><\/li>\n<li data-start=\"2183\" data-end=\"2374\"><span style=\"font-weight: 400\">Ils comportent des avertissements clairs quant \u00e0 leur objectif.<\/span><\/li>\n<li data-start=\"2183\" data-end=\"2374\"><span style=\"font-weight: 400\">Exp\u00e9dition discr\u00e8te et emballage s\u00e9curis\u00e9. <\/span><\/li>\n<\/ul>\n<p>&nbsp;<\/p>\n<p style=\"text-align: center;padding-left: 40px\"><span style=\"font-weight: 400\"><em>\u00a0\u26a0\ufe0fNo nous n'encourageons ni ne recommandons leur consommation. Ils sont uniquement destin\u00e9s \u00e0 l'\u00e9tude mycologique, \u00e0 l'exposition d\u00e9corative ou \u00e0 la collection.<\/em>. Si vous avez des doutes sur la r\u00e9glementation, vous pouvez nous consulter avant de passer votre commande. En respectant cela, nous respectons la spiritualit\u00e9 du Psilocybe Utopia.<\/span><\/p>","protected":false},"excerpt":{"rendered":"<p><span style=\"font-weight: 400\">Les <strong>Truffes mycologiques d'Utopie <\/strong>sont <strong>scl\u00e9rotes frais d'esp\u00e8ces mycologiques s\u00e9lectionn\u00e9es<\/strong>, Excellent pour l'\u00e9tude mycologique, la microscopie et la collecte. Cultiv\u00e9 dans des conditions contr\u00f4l\u00e9es.<\/span><\/p>\n<p><span style=\"font-weight: 400\"><strong>Non destin\u00e9 \u00e0 la consommation humaine<\/strong>. <strong>En cas de doute, veuillez nous contacter ou consulter la r\u00e9glementation.<\/strong>.<\/span><\/p>","protected":false},"featured_media":60506,"comment_status":"open","ping_status":"closed","template":"","meta":{"_acf_changed":false,"site-sidebar-layout":"default","site-content-layout":"","ast-site-content-layout":"default","site-content-style":"default","site-sidebar-style":"default","ast-global-header-display":"","ast-banner-title-visibility":"","ast-main-header-display":"","ast-hfb-above-header-display":"","ast-hfb-below-header-display":"","ast-hfb-mobile-header-display":"","site-post-title":"","ast-breadcrumbs-content":"","ast-featured-img":"","footer-sml-layout":"","theme-transparent-header-meta":"default","adv-header-id-meta":"","stick-header-meta":"","header-above-stick-meta":"","header-main-stick-meta":"","header-below-stick-meta":"","astra-migrate-meta-layouts":"set","ast-page-background-enabled":"default","ast-page-background-meta":{"desktop":{"background-color":"var(--ast-global-color-4)","background-image":"","background-repeat":"repeat","background-position":"center center","background-size":"auto","background-attachment":"scroll","background-type":"","background-media":"","overlay-type":"","overlay-color":"","overlay-opacity":"","overlay-gradient":""},"tablet":{"background-color":"","background-image":"","background-repeat":"repeat","background-position":"center center","background-size":"auto","background-attachment":"scroll","background-type":"","background-media":"","overlay-type":"","overlay-color":"","overlay-opacity":"","overlay-gradient":""},"mobile":{"background-color":"","background-image":"","background-repeat":"repeat","background-position":"center center","background-size":"auto","background-attachment":"scroll","background-type":"","background-media":"","overlay-type":"","overlay-color":"","overlay-opacity":"","overlay-gradient":""}},"ast-content-background-meta":{"desktop":{"background-color":"var(--ast-global-color-5)","background-image":"","background-repeat":"repeat","background-position":"center center","background-size":"auto","background-attachment":"scroll","background-type":"","background-media":"","overlay-type":"","overlay-color":"","overlay-opacity":"","overlay-gradient":""},"tablet":{"background-color":"var(--ast-global-color-5)","background-image":"","background-repeat":"repeat","background-position":"center center","background-size":"auto","background-attachment":"scroll","background-type":"","background-media":"","overlay-type":"","overlay-color":"","overlay-opacity":"","overlay-gradient":""},"mobile":{"background-color":"var(--ast-global-color-5)","background-image":"","background-repeat":"repeat","background-position":"center center","background-size":"auto","background-attachment":"scroll","background-type":"","background-media":"","overlay-type":"","overlay-color":"","overlay-opacity":"","overlay-gradient":""}}},"product_brand":[],"product_cat":[594,595],"product_tag":[],"class_list":{"0":"post-60160","1":"product","2":"type-product","3":"status-publish","4":"has-post-thumbnail","6":"product_cat-smartshop","7":"product_cat-trufas-magicas","8":"desktop-align-center","9":"tablet-align-center","10":"mobile-align-center","12":"first","13":"instock","14":"taxable","15":"shipping-taxable","16":"purchasable","17":"product-type-simple"},"acf":[],"yoast_head":"<!-- This site is optimized with the Yoast SEO Premium plugin v27.3 (Yoast SEO v27.3) - https:\/\/yoast.com\/product\/yoast-seo-premium-wordpress\/ -->\n<title>Trufas M\u00e1gicas Utop\u00eda para Coleccionismo<\/title>\n<meta name=\"description\" content=\"Descubre las Trufas M\u00e1gicas Utop\u00eda, una variedad ultra potente. Compra legal en Espa\u00f1a solo para colecci\u00f3n o estudio. No apta para menores de 18.\" \/>\n<meta name=\"robots\" content=\"index, follow, max-snippet:-1, max-image-preview:large, max-video-preview:-1\" \/>\n<link rel=\"canonical\" href=\"https:\/\/iguanasmoke.com\/fr\/produit\/truffes-magiques-utopia\/\" \/>\n<meta property=\"og:locale\" content=\"fr_FR\" \/>\n<meta property=\"og:type\" content=\"article\" \/>\n<meta property=\"og:title\" content=\"Trufas M\u00e1gicas Utop\u00eda 15g\" \/>\n<meta property=\"og:description\" content=\"Las Trufas micol\u00f3gicas de Utop\u00eda son esclerocios frescos de especies micol\u00f3gicas seleccionadas, excelentes para estudio micol\u00f3gico, microscop\u00eda y coleccionismo. Cultivadas en condiciones controladas.  No est\u00e1 destinado al consumo humano. Si tienes dudas cons\u00faltanos o revisa la normativa.\" \/>\n<meta property=\"og:url\" content=\"https:\/\/iguanasmoke.com\/fr\/produit\/truffes-magiques-utopia\/\" \/>\n<meta property=\"og:site_name\" content=\"Iguana Smoke\" \/>\n<meta property=\"article:publisher\" content=\"https:\/\/www.facebook.com\/iguanasmoke\" \/>\n<meta property=\"article:modified_time\" content=\"2026-03-31T13:01:28+00:00\" \/>\n<meta property=\"og:image\" content=\"https:\/\/iguanasmoke.com\/wp-content\/uploads\/2025\/07\/trufa-utopia.webp\" \/>\n\t<meta property=\"og:image:width\" content=\"1000\" \/>\n\t<meta property=\"og:image:height\" content=\"1000\" \/>\n\t<meta property=\"og:image:type\" content=\"image\/webp\" \/>\n<meta name=\"twitter:card\" content=\"summary_large_image\" \/>\n<meta name=\"twitter:label1\" content=\"Prix\" \/>\n\t<meta name=\"twitter:data1\" content=\"17,55&nbsp;&euro;\" \/>\n\t<meta name=\"twitter:label2\" content=\"Disponibilit\u00e9\" \/>\n\t<meta name=\"twitter:data2\" content=\"En stock\" \/>\n<meta property=\"product:brand\" content=\"simple\" \/>\n<meta property=\"product:price:amount\" content=\"17.55\" \/>\n<meta property=\"product:price:currency\" content=\"EUR\" \/>\n<meta property=\"og:availability\" content=\"instock\" \/>\n<meta property=\"product:availability\" content=\"instock\" \/>\n<meta property=\"product:retailer_item_id\" content=\"SJ-TRUFA-UTO\" \/>\n<meta property=\"product:condition\" content=\"new\" \/>\n<!-- \/ Yoast SEO Premium plugin. -->","yoast_head_json":{"title":"Truffes magiques Utopia \u00e0 collectionner","description":"D\u00e9couvrez Utopia Magic Truffles, une vari\u00e9t\u00e9 ultra puissante. Achat l\u00e9gal en Espagne uniquement pour la collection ou l'\u00e9tude. Ne convient pas aux personnes de moins de 18 ans.","robots":{"index":"index","follow":"follow","max-snippet":"max-snippet:-1","max-image-preview":"max-image-preview:large","max-video-preview":"max-video-preview:-1"},"canonical":"https:\/\/iguanasmoke.com\/fr\/produit\/truffes-magiques-utopia\/","og_locale":"fr_FR","og_type":"article","og_title":"Trufas M\u00e1gicas Utop\u00eda 15g","og_description":"Las Trufas micol\u00f3gicas de Utop\u00eda son esclerocios frescos de especies micol\u00f3gicas seleccionadas, excelentes para estudio micol\u00f3gico, microscop\u00eda y coleccionismo. Cultivadas en condiciones controladas.  No est\u00e1 destinado al consumo humano. Si tienes dudas cons\u00faltanos o revisa la normativa.","og_url":"https:\/\/iguanasmoke.com\/fr\/produit\/truffes-magiques-utopia\/","og_site_name":"Iguana Smoke","article_publisher":"https:\/\/www.facebook.com\/iguanasmoke","article_modified_time":"2026-03-31T13:01:28+00:00","og_image":[{"width":1000,"height":1000,"url":"https:\/\/iguanasmoke.com\/wp-content\/uploads\/2025\/07\/trufa-utopia.webp","type":"image\/webp"}],"twitter_card":"summary_large_image","twitter_misc":{"Prix":"17,55&nbsp;&euro;","Disponibilit\u00e9":"En stock"},"schema":{"@context":"https:\/\/schema.org","@graph":[{"@type":"WebPage","@id":"https:\/\/iguanasmoke.com\/producto\/trufas-magicas-utopia\/","url":"https:\/\/iguanasmoke.com\/producto\/trufas-magicas-utopia\/","name":"Truffes magiques Utopia \u00e0 collectionner","isPartOf":{"@id":"https:\/\/iguanasmoke.com\/#website"},"primaryImageOfPage":{"@id":"https:\/\/iguanasmoke.com\/producto\/trufas-magicas-utopia\/#primaryimage"},"image":{"@id":"https:\/\/iguanasmoke.com\/producto\/trufas-magicas-utopia\/#primaryimage"},"thumbnailUrl":"https:\/\/iguanasmoke.com\/wp-content\/uploads\/2025\/07\/trufa-utopia.webp","datePublished":"2025-07-08T18:21:20+00:00","dateModified":"2026-03-31T13:01:28+00:00","description":"D\u00e9couvrez Utopia Magic Truffles, une vari\u00e9t\u00e9 ultra puissante. Achat l\u00e9gal en Espagne uniquement pour la collection ou l'\u00e9tude. Ne convient pas aux personnes de moins de 18 ans.","breadcrumb":{"@id":"https:\/\/iguanasmoke.com\/producto\/trufas-magicas-utopia\/#breadcrumb"},"inLanguage":"fr-FR","potentialAction":[{"@type":"ReadAction","target":["https:\/\/iguanasmoke.com\/producto\/trufas-magicas-utopia\/"]}]},{"@type":"ImageObject","inLanguage":"fr-FR","@id":"https:\/\/iguanasmoke.com\/producto\/trufas-magicas-utopia\/#primaryimage","url":"https:\/\/iguanasmoke.com\/wp-content\/uploads\/2025\/07\/trufa-utopia.webp","contentUrl":"https:\/\/iguanasmoke.com\/wp-content\/uploads\/2025\/07\/trufa-utopia.webp","width":1000,"height":1000,"caption":"\u201cTrufas Micol\u00f3gicas Utop\u00eda esclerocios frescos vista frontal\u201d"},{"@type":"BreadcrumbList","@id":"https:\/\/iguanasmoke.com\/producto\/trufas-magicas-utopia\/#breadcrumb","itemListElement":[{"@type":"ListItem","position":1,"name":"home","item":"https:\/\/iguanasmoke.com\/"},{"@type":"ListItem","position":2,"name":"Tienda","item":"https:\/\/iguanasmoke.com\/tienda\/"},{"@type":"ListItem","position":3,"name":"SmartShop","item":"https:\/\/iguanasmoke.com\/categoria\/smartshop\/"},{"@type":"ListItem","position":4,"name":"Trufas M\u00e1gicas Utop\u00eda 15g"}]},{"@type":"WebSite","@id":"https:\/\/iguanasmoke.com\/#website","url":"https:\/\/iguanasmoke.com\/","name":"Fum\u00e9e d'iguane","description":"Acheter du CBD en ligne au meilleur prix","publisher":{"@id":"https:\/\/iguanasmoke.com\/#organization"},"potentialAction":[{"@type":"SearchAction","target":{"@type":"EntryPoint","urlTemplate":"https:\/\/iguanasmoke.com\/?s={search_term_string}"},"query-input":{"@type":"PropertyValueSpecification","valueRequired":true,"valueName":"search_term_string"}}],"inLanguage":"fr-FR"},{"@type":"Organization","@id":"https:\/\/iguanasmoke.com\/#organization","name":"Fum\u00e9e d'iguane","url":"https:\/\/iguanasmoke.com\/","logo":{"@type":"ImageObject","inLanguage":"fr-FR","@id":"https:\/\/iguanasmoke.com\/#\/schema\/logo\/image\/","url":"https:\/\/iguanasmoke.com\/wp-content\/uploads\/2025\/01\/logoiguana-favi-1.png","contentUrl":"https:\/\/iguanasmoke.com\/wp-content\/uploads\/2025\/01\/logoiguana-favi-1.png","width":512,"height":512,"caption":"Iguana Smoke"},"image":{"@id":"https:\/\/iguanasmoke.com\/#\/schema\/logo\/image\/"},"sameAs":["https:\/\/www.facebook.com\/iguanasmoke","https:\/\/www.instagram.com\/iguanasmoke\/"]}]},"product_brand":"simple","product_price_amount":"17.55","product_price_currency":"EUR","og_availability":"instock","product_availability":"instock","product_retailer_item_id":"SJ-TRUFA-UTO","product_condition":"new"},"_links":{"self":[{"href":"https:\/\/iguanasmoke.com\/fr\/wp-json\/wp\/v2\/product\/60160","targetHints":{"allow":["GET"]}}],"collection":[{"href":"https:\/\/iguanasmoke.com\/fr\/wp-json\/wp\/v2\/product"}],"about":[{"href":"https:\/\/iguanasmoke.com\/fr\/wp-json\/wp\/v2\/types\/product"}],"replies":[{"embeddable":true,"href":"https:\/\/iguanasmoke.com\/fr\/wp-json\/wp\/v2\/comments?post=60160"}],"wp:featuredmedia":[{"embeddable":true,"href":"https:\/\/iguanasmoke.com\/fr\/wp-json\/wp\/v2\/media\/60506"}],"wp:attachment":[{"href":"https:\/\/iguanasmoke.com\/fr\/wp-json\/wp\/v2\/media?parent=60160"}],"wp:term":[{"taxonomy":"product_brand","embeddable":true,"href":"https:\/\/iguanasmoke.com\/fr\/wp-json\/wp\/v2\/product_brand?post=60160"},{"taxonomy":"product_cat","embeddable":true,"href":"https:\/\/iguanasmoke.com\/fr\/wp-json\/wp\/v2\/product_cat?post=60160"},{"taxonomy":"product_tag","embeddable":true,"href":"https:\/\/iguanasmoke.com\/fr\/wp-json\/wp\/v2\/product_tag?post=60160"}],"curies":[{"name":"wp","href":"https:\/\/api.w.org\/{rel}","templated":true}]}}