{"id":61011,"date":"2025-07-14T19:50:53","date_gmt":"2025-07-14T17:50:53","guid":{"rendered":"https:\/\/iguanasmoke.com\/?post_type=product&#038;p=61011"},"modified":"2026-03-19T15:31:33","modified_gmt":"2026-03-19T14:31:33","slug":"creme-hash-cbd-kiwi","status":"publish","type":"product","link":"https:\/\/iguanasmoke.com\/fr\/producto\/hash-cbd-kiwi-cream\/","title":{"rendered":"Hash CBD Cr\u00e8me Kiwi 30%"},"content":{"rendered":"<h1><span style=\"font-weight: 400;\">Kiwi Cream Hash 30% CBD : Le haschisch le plus fruit\u00e9 de haute qualit\u00e9<\/span><\/h1>\n<p><span style=\"font-weight: 400;\">D\u00e9couvrez la saveur exotique et \u00e9quilibr\u00e9e de la <strong>hash CBD Kiwi Cream 30%<\/strong>, un haschisch de qualit\u00e9 sup\u00e9rieure au profil aromatique unique qui m\u00eale des notes de kiwi m\u00fbr \u00e0 un arri\u00e8re-plan cr\u00e9meux. <\/span><span style=\"font-weight: 400;\">Fabriqu\u00e9 avec <strong>chanvre de qualit\u00e9 sup\u00e9rieure<\/strong> se distingue par<strong>\u00a0est un hachage<\/strong><strong> Sans THC avec une forte teneur en CBD\u00a0<\/strong>et un profil terp\u00e9nique naturel qui <span style=\"font-size: 16px; font-weight: 400;\">est parfait pour ceux qui veulent<\/span><strong style=\"font-size: 16px;\"> acheter du haschisch CBD bon march\u00e9<\/strong><span style=\"font-size: 16px; font-weight: 400;\"> avec l'assurance de la qualit\u00e9.<\/span><\/span><\/p>\n<p><span style=\"font-weight: 400;\"><span style=\"font-size: 16px; font-weight: 400;\">Essayez-le maintenant et laissez-vous emporter par son charme. <strong>notes fruit\u00e9es pour une sensation douce, apaisante et agr\u00e9able<\/strong>. N'h\u00e9sitez pas \u00e0 acheter <strong>CBD Kiwi Cream hashish 30% <\/strong>\u00e0 Iguana Smoke.<\/span><\/span><\/p>\n<p>&nbsp;<\/p>\n<h2>Caract\u00e9ristiques de Hash CBD Kiwi Cream 30% :<\/h2>\n<ul>\n<li>Aspect et texture : <span style=\"font-weight: 400;\">Son aspect vous invite \u00e0 en appr\u00e9cier le toucher <strong>mall\u00e9able, r\u00e9sineux et facile \u00e0 manipuler<\/strong>. En apparence <strong>doux, compact et l\u00e9g\u00e8rement gras<\/strong> d'un ton brun clair qui r\u00e9v\u00e8le sa puret\u00e9.\u00a0<\/span><\/li>\n<li><span style=\"font-size: 16px; font-weight: 400;\"><strong>Ar\u00f4me et go\u00fbt :<\/strong> L'ar\u00f4me est <strong>exotique<\/strong>, l'un de ses principaux attraits : il s'agit d'une combinaison d'\u00e9l\u00e9ments marqu\u00e9s d'un signe distinctif. <strong>notes fruit\u00e9es de kiwi m\u00fbr<\/strong>, <strong>notes d'agrumes<\/strong> et un arri\u00e8re-plan avec un c<strong>cr\u00e8me douce et moelleuse<\/strong> ce qui en fera l'un de vos hachages pr\u00e9f\u00e9r\u00e9s.<\/span><\/li>\n<li><span style=\"font-size: 16px; font-weight: 400;\"><strong>Origine et puret\u00e9 :<\/strong> Cette r\u00e9sine est obtenue \u00e0 partir des fleurs de chanvre, par un proc\u00e9d\u00e9 d'extraction m\u00e9canique, sans solvants ni produits chimiques. Cette m\u00e9thode permet de pr\u00e9server les trichomes et de garder intacts les terp\u00e8nes naturels de la plante, responsables de son ar\u00f4me si particulier. Cruciale pour ceux qui recherchent <strong>CBD bon march\u00e9<\/strong> mais ne veulent pas compromettre la qualit\u00e9 de la <strong>CBD Kiwi Cream Hash 30%.<\/strong><\/span><\/li>\n<\/ul>\n<p>&nbsp;<\/p>\n<h3><b>Pourquoi acheter du haschisch et de la r\u00e9sine de CBD chez Iguana Smoke ?<\/b><\/h3>\n<p><span style=\"font-weight: 400;\">Chez Iguana Smoke, nous nous engageons sur la qualit\u00e9. Nos produits de CBD hash sont 100% naturels et biologiques, sans produits chimiques ni pesticides. Cela signifie que lorsque vous achetez chez nous, vous choisissez du hash et des r\u00e9sines de CBD purs et s\u00fbrs. Comme c'est le cas pour nos <strong>h<\/strong><span style=\"font-size: 16px; font-weight: 400;\"><strong>ach\u00eds CBD Kiwi Cream 30%<\/strong><\/span><strong>.<\/strong><\/span><\/p>\n<p><span style=\"font-weight: 400;\">C'est sans aucun doute l'endroit le plus s\u00fbr <strong>O\u00f9 acheter du haschisch CBD bon march\u00e9 en Espagne<\/strong> car tous nos produits sont approuv\u00e9s par l'Union europ\u00e9enne, ce qui garantit leur l\u00e9galit\u00e9 et leur s\u00e9curit\u00e9. Avec moins de 0,3 % de THC, notre hash et notre r\u00e9sine de CBD vous permettent de profiter des nombreux bienfaits du CBD sans les effets psychoactifs. <\/span><span style=\"font-weight: 400;\">Vous pouvez consulter l'analyse de la qualit\u00e9 de ce hachis. <a href=\"https:\/\/iguanasmoke.com\/fr\/lanalyse\/\">ici<\/a>.\u00a0<\/span><\/p>\n<p><em><span style=\"font-weight: 400;\">N'oubliez pas que son utilisation est destin\u00e9e \u00e0 la collecte ou \u00e0 l'aromath\u00e9rapie, conform\u00e9ment \u00e0 la l\u00e9gislation espagnole.\u00a0<\/span><\/em><\/p>\n<p><span style=\"font-weight: 400;\">Nous vous encourageons \u00e0 essayer nos autres r\u00e9sines CBD, telles que le <a href=\"https:\/\/iguanasmoke.com\/fr\/produit\/statique-runtz-hash-cbd-2\/\">Runtz statique<\/a> ou le <a href=\"https:\/\/iguanasmoke.com\/fr\/produit\/hash-cbd-frozen-golden-cider\/\">Hash CBD Cidre d'or glac\u00e9<\/a>. Bien que nous soyons s\u00fbrs que la <strong>Hash CBD Cr\u00e8me au kiwi <span style=\"font-size: 16px; font-weight: 400;\">30%<\/span><\/strong>\u00a0vous allez l'adorer. N'oubliez pas non plus de d\u00e9couvrir les autres produits les plus vendus, comme le <a href=\"https:\/\/iguanasmoke.com\/fr\/produit\/cbd-vape-iguana-pod-mango\/\">Vapes CBD Full Spectrum<\/a> et le <a href=\"https:\/\/iguanasmoke.com\/fr\/produit\/truffes-tampanensis-2\/\">Truffes <\/a> \u00a1<\/span><span style=\"font-weight: 400;\">Entrez maintenant et achetez votre favori !<\/span><\/p>\n<p>&nbsp;<\/p>\n<h3><b>Iguana Smoke est synonyme de qualit\u00e9 et de fiabilit\u00e9.<\/b><\/h3>\n<p><span style=\"font-weight: 400;\">Chez Iguana Smoke, nous pensons que le CBD doit \u00eatre une exp\u00e9rience s\u00fbre, accessible et agr\u00e9able. C'est pourquoi nous proposons des produits de haute qualit\u00e9 qui s'adressent aux nouvelles g\u00e9n\u00e9rations : des personnes qui recherchent un bien-\u00eatre simple, avec des marques authentiques et fiables. N'oubliez pas que tous nos produits sont <strong>Hachis sans THC \u00e0 forte teneur en CBD<\/strong>, tels que le <strong>haschisch<\/strong> <\/span><span style=\"font-weight: 400;\"><strong>Cr\u00e8me CBD au kiwi <span style=\"font-size: 16px;\">30% <\/span><\/strong>que vous \u00eates sur le point d'acheter.<\/span><\/p>\n<p>En d'autres termes, notre mission est claire : vous apporter le meilleur du CBD \u00e0 un prix \u00e9quitable, avec la tranquillit\u00e9 d'esprit de savoir que vous choisissez un produit certifi\u00e9, efficace et 100% l\u00e9gal. Nous sommes \u00e0 l'avant-garde des produits CBD.<\/p>\n<p>Vous avez des questions ? Ecrivez-nous et nous nous ferons un plaisir de vous aider \u00e0 trouver le produit qui vous convient.<\/p>","protected":false},"excerpt":{"rendered":"<p>D\u00e9couvrez notre cr\u00e8me Kiwi CBD <span style=\"font-weight: 400;\"><span style=\"font-size: 16px; font-weight: 400;\"><strong>30%<\/strong><\/span><\/span>, La r\u00e9sine de CBD se distingue par son ar\u00f4me fruit\u00e9 de kiwi avec des notes cr\u00e9meuses.<\/p>\n<ul>\n<li data-start=\"235\" data-end=\"281\">Texture douce, r\u00e9sineuse et facile \u00e0 manipuler<\/li>\n<li data-start=\"284\" data-end=\"312\">Riche en terp\u00e8nes naturels<\/li>\n<li data-start=\"315\" data-end=\"355\">Produit l\u00e9gal en Espagne : THC &lt;0,3%<\/li>\n<\/ul>\n<p>Analyse de la qualit\u00e9 : cliquez <a href=\"https:\/\/iguanasmoke.com\/fr\/lanalyse\/\">ici<\/a><\/p>","protected":false},"featured_media":81750,"comment_status":"open","ping_status":"closed","template":"","meta":{"_acf_changed":false,"site-sidebar-layout":"default","site-content-layout":"","ast-site-content-layout":"default","site-content-style":"default","site-sidebar-style":"default","ast-global-header-display":"","ast-banner-title-visibility":"","ast-main-header-display":"","ast-hfb-above-header-display":"","ast-hfb-below-header-display":"","ast-hfb-mobile-header-display":"","site-post-title":"","ast-breadcrumbs-content":"","ast-featured-img":"","footer-sml-layout":"","theme-transparent-header-meta":"default","adv-header-id-meta":"","stick-header-meta":"","header-above-stick-meta":"","header-main-stick-meta":"","header-below-stick-meta":"","astra-migrate-meta-layouts":"set","ast-page-background-enabled":"default","ast-page-background-meta":{"desktop":{"background-color":"var(--ast-global-color-4)","background-image":"","background-repeat":"repeat","background-position":"center center","background-size":"auto","background-attachment":"scroll","background-type":"","background-media":"","overlay-type":"","overlay-color":"","overlay-opacity":"","overlay-gradient":""},"tablet":{"background-color":"","background-image":"","background-repeat":"repeat","background-position":"center center","background-size":"auto","background-attachment":"scroll","background-type":"","background-media":"","overlay-type":"","overlay-color":"","overlay-opacity":"","overlay-gradient":""},"mobile":{"background-color":"","background-image":"","background-repeat":"repeat","background-position":"center center","background-size":"auto","background-attachment":"scroll","background-type":"","background-media":"","overlay-type":"","overlay-color":"","overlay-opacity":"","overlay-gradient":""}},"ast-content-background-meta":{"desktop":{"background-color":"var(--ast-global-color-5)","background-image":"","background-repeat":"repeat","background-position":"center center","background-size":"auto","background-attachment":"scroll","background-type":"","background-media":"","overlay-type":"","overlay-color":"","overlay-opacity":"","overlay-gradient":""},"tablet":{"background-color":"var(--ast-global-color-5)","background-image":"","background-repeat":"repeat","background-position":"center center","background-size":"auto","background-attachment":"scroll","background-type":"","background-media":"","overlay-type":"","overlay-color":"","overlay-opacity":"","overlay-gradient":""},"mobile":{"background-color":"var(--ast-global-color-5)","background-image":"","background-repeat":"repeat","background-position":"center center","background-size":"auto","background-attachment":"scroll","background-type":"","background-media":"","overlay-type":"","overlay-color":"","overlay-opacity":"","overlay-gradient":""}}},"product_brand":[],"product_cat":[397],"product_tag":[],"class_list":{"0":"post-61011","1":"product","2":"type-product","3":"status-publish","4":"has-post-thumbnail","6":"product_cat-hash-cbd","7":"desktop-align-center","8":"tablet-align-center","9":"mobile-align-center","11":"first","12":"instock","13":"taxable","14":"shipping-taxable","15":"purchasable","16":"product-type-variable"},"acf":[],"yoast_head":"<!-- This site is optimized with the Yoast SEO Premium plugin v27.3 (Yoast SEO v27.3) - https:\/\/yoast.com\/product\/yoast-seo-premium-wordpress\/ -->\n<title>Hash CBD Kiwi Cream 30%: Aroma Frutal y cremoso| Iguana Smoke<\/title>\n<meta name=\"description\" content=\"Descubre el hach\u00eds CBD Kiwi Cream, tu hash CBD premium con aroma frutal y textura suave: Tu Hash sin THC con alto contenido en CBD 100% legal en Espa\u00f1a.\" \/>\n<meta name=\"robots\" content=\"index, follow, max-snippet:-1, max-image-preview:large, max-video-preview:-1\" \/>\n<link rel=\"canonical\" href=\"https:\/\/iguanasmoke.com\/fr\/produit\/creme-hash-cbd-kiwi\/\" \/>\n<meta property=\"og:locale\" content=\"fr_FR\" \/>\n<meta property=\"og:type\" content=\"article\" \/>\n<meta property=\"og:title\" content=\"Hash CBD Kiwi Cream 30%\" \/>\n<meta property=\"og:description\" content=\"Explora nuestro Kiwi Cream CBD 30%, una resina CBD que destaca por su aroma afrutado a kiwi con notas cremosas.   Textura suave, resinosa y f\u00e1cil de manipular  Rico en terpenos naturales  Producto legal en Espa\u00f1a: THC &lt;0,3%  An\u00e1lisis de calidad: pincha aqu\u00ed\" \/>\n<meta property=\"og:url\" content=\"https:\/\/iguanasmoke.com\/fr\/produit\/creme-hash-cbd-kiwi\/\" \/>\n<meta property=\"og:site_name\" content=\"Iguana Smoke\" \/>\n<meta property=\"article:publisher\" content=\"https:\/\/www.facebook.com\/iguanasmoke\" \/>\n<meta property=\"article:modified_time\" content=\"2026-03-19T14:31:33+00:00\" \/>\n<meta property=\"og:image\" content=\"https:\/\/iguanasmoke.com\/wp-content\/uploads\/2025\/07\/Kiwi-2g-con-hash.webp\" \/>\n\t<meta property=\"og:image:width\" content=\"1000\" \/>\n\t<meta property=\"og:image:height\" content=\"1000\" \/>\n\t<meta property=\"og:image:type\" content=\"image\/webp\" \/>\n<meta name=\"twitter:card\" content=\"summary_large_image\" \/>\n<meta name=\"twitter:label1\" content=\"Disponibilit\u00e9\" \/>\n\t<meta name=\"twitter:data1\" content=\"En stock\" \/>\n<meta property=\"product:brand\" content=\"variable\" \/>\n<meta property=\"og:availability\" content=\"instock\" \/>\n<meta property=\"product:availability\" content=\"instock\" \/>\n<meta property=\"product:condition\" content=\"new\" \/>\n<!-- \/ Yoast SEO Premium plugin. -->","yoast_head_json":{"title":"Hash CBD Kiwi Cream 30% : Ar\u00f4me fruit\u00e9 et cr\u00e9meux| Iguana Smoke","description":"D\u00e9couvrez Kiwi Cream CBD Hash, votre hash CBD de premi\u00e8re qualit\u00e9 \u00e0 l'ar\u00f4me fruit\u00e9 et \u00e0 la texture onctueuse : votre hash sans THC \u00e0 haute teneur en CBD 100% l\u00e9gal en Espagne.","robots":{"index":"index","follow":"follow","max-snippet":"max-snippet:-1","max-image-preview":"max-image-preview:large","max-video-preview":"max-video-preview:-1"},"canonical":"https:\/\/iguanasmoke.com\/fr\/produit\/creme-hash-cbd-kiwi\/","og_locale":"fr_FR","og_type":"article","og_title":"Hash CBD Kiwi Cream 30%","og_description":"Explora nuestro Kiwi Cream CBD 30%, una resina CBD que destaca por su aroma afrutado a kiwi con notas cremosas.   Textura suave, resinosa y f\u00e1cil de manipular  Rico en terpenos naturales  Producto legal en Espa\u00f1a: THC &lt;0,3%  An\u00e1lisis de calidad: pincha aqu\u00ed","og_url":"https:\/\/iguanasmoke.com\/fr\/produit\/creme-hash-cbd-kiwi\/","og_site_name":"Iguana Smoke","article_publisher":"https:\/\/www.facebook.com\/iguanasmoke","article_modified_time":"2026-03-19T14:31:33+00:00","og_image":[{"width":1000,"height":1000,"url":"https:\/\/iguanasmoke.com\/wp-content\/uploads\/2025\/07\/Kiwi-2g-con-hash.webp","type":"image\/webp"}],"twitter_card":"summary_large_image","twitter_misc":{"Disponibilit\u00e9":"En stock"},"schema":{"@context":"https:\/\/schema.org","@graph":[{"@type":"WebPage","@id":"https:\/\/iguanasmoke.com\/producto\/hash-cbd-kiwi-cream\/","url":"https:\/\/iguanasmoke.com\/producto\/hash-cbd-kiwi-cream\/","name":"Hash CBD Kiwi Cream 30% : Ar\u00f4me fruit\u00e9 et cr\u00e9meux| Iguana Smoke","isPartOf":{"@id":"https:\/\/iguanasmoke.com\/#website"},"primaryImageOfPage":{"@id":"https:\/\/iguanasmoke.com\/producto\/hash-cbd-kiwi-cream\/#primaryimage"},"image":{"@id":"https:\/\/iguanasmoke.com\/producto\/hash-cbd-kiwi-cream\/#primaryimage"},"thumbnailUrl":"https:\/\/iguanasmoke.com\/wp-content\/uploads\/2025\/07\/Kiwi-2g-con-hash.webp","datePublished":"2025-07-14T17:50:53+00:00","dateModified":"2026-03-19T14:31:33+00:00","description":"D\u00e9couvrez Kiwi Cream CBD Hash, votre hash CBD de premi\u00e8re qualit\u00e9 \u00e0 l'ar\u00f4me fruit\u00e9 et \u00e0 la texture onctueuse : votre hash sans THC \u00e0 haute teneur en CBD 100% l\u00e9gal en Espagne.","breadcrumb":{"@id":"https:\/\/iguanasmoke.com\/producto\/hash-cbd-kiwi-cream\/#breadcrumb"},"inLanguage":"fr-FR","potentialAction":[{"@type":"ReadAction","target":["https:\/\/iguanasmoke.com\/producto\/hash-cbd-kiwi-cream\/"]}]},{"@type":"ImageObject","inLanguage":"fr-FR","@id":"https:\/\/iguanasmoke.com\/producto\/hash-cbd-kiwi-cream\/#primaryimage","url":"https:\/\/iguanasmoke.com\/wp-content\/uploads\/2025\/07\/Kiwi-2g-con-hash.webp","contentUrl":"https:\/\/iguanasmoke.com\/wp-content\/uploads\/2025\/07\/Kiwi-2g-con-hash.webp","width":1000,"height":1000,"caption":"Hash CBD Kiwi Cream 2g"},{"@type":"BreadcrumbList","@id":"https:\/\/iguanasmoke.com\/producto\/hash-cbd-kiwi-cream\/#breadcrumb","itemListElement":[{"@type":"ListItem","position":1,"name":"home","item":"https:\/\/iguanasmoke.com\/"},{"@type":"ListItem","position":2,"name":"Tienda","item":"https:\/\/iguanasmoke.com\/tienda\/"},{"@type":"ListItem","position":3,"name":"Hash CBD","item":"https:\/\/iguanasmoke.com\/categoria\/hash-cbd\/"},{"@type":"ListItem","position":4,"name":"Hash CBD Kiwi Cream 30%"}]},{"@type":"WebSite","@id":"https:\/\/iguanasmoke.com\/#website","url":"https:\/\/iguanasmoke.com\/","name":"Fum\u00e9e d'iguane","description":"Acheter du CBD en ligne au meilleur prix","publisher":{"@id":"https:\/\/iguanasmoke.com\/#organization"},"potentialAction":[{"@type":"SearchAction","target":{"@type":"EntryPoint","urlTemplate":"https:\/\/iguanasmoke.com\/?s={search_term_string}"},"query-input":{"@type":"PropertyValueSpecification","valueRequired":true,"valueName":"search_term_string"}}],"inLanguage":"fr-FR"},{"@type":"Organization","@id":"https:\/\/iguanasmoke.com\/#organization","name":"Fum\u00e9e d'iguane","url":"https:\/\/iguanasmoke.com\/","logo":{"@type":"ImageObject","inLanguage":"fr-FR","@id":"https:\/\/iguanasmoke.com\/#\/schema\/logo\/image\/","url":"https:\/\/iguanasmoke.com\/wp-content\/uploads\/2025\/01\/logoiguana-favi-1.png","contentUrl":"https:\/\/iguanasmoke.com\/wp-content\/uploads\/2025\/01\/logoiguana-favi-1.png","width":512,"height":512,"caption":"Iguana Smoke"},"image":{"@id":"https:\/\/iguanasmoke.com\/#\/schema\/logo\/image\/"},"sameAs":["https:\/\/www.facebook.com\/iguanasmoke","https:\/\/www.instagram.com\/iguanasmoke\/"]}]},"product_brand":"variable","og_availability":"instock","product_availability":"instock","product_condition":"new"},"_links":{"self":[{"href":"https:\/\/iguanasmoke.com\/fr\/wp-json\/wp\/v2\/product\/61011","targetHints":{"allow":["GET"]}}],"collection":[{"href":"https:\/\/iguanasmoke.com\/fr\/wp-json\/wp\/v2\/product"}],"about":[{"href":"https:\/\/iguanasmoke.com\/fr\/wp-json\/wp\/v2\/types\/product"}],"replies":[{"embeddable":true,"href":"https:\/\/iguanasmoke.com\/fr\/wp-json\/wp\/v2\/comments?post=61011"}],"wp:featuredmedia":[{"embeddable":true,"href":"https:\/\/iguanasmoke.com\/fr\/wp-json\/wp\/v2\/media\/81750"}],"wp:attachment":[{"href":"https:\/\/iguanasmoke.com\/fr\/wp-json\/wp\/v2\/media?parent=61011"}],"wp:term":[{"taxonomy":"product_brand","embeddable":true,"href":"https:\/\/iguanasmoke.com\/fr\/wp-json\/wp\/v2\/product_brand?post=61011"},{"taxonomy":"product_cat","embeddable":true,"href":"https:\/\/iguanasmoke.com\/fr\/wp-json\/wp\/v2\/product_cat?post=61011"},{"taxonomy":"product_tag","embeddable":true,"href":"https:\/\/iguanasmoke.com\/fr\/wp-json\/wp\/v2\/product_tag?post=61011"}],"curies":[{"name":"wp","href":"https:\/\/api.w.org\/{rel}","templated":true}]}}