{"id":61045,"date":"2025-07-15T19:11:46","date_gmt":"2025-07-15T17:11:46","guid":{"rendered":"https:\/\/iguanasmoke.com\/?post_type=product&#038;p=61045"},"modified":"2026-03-19T15:28:52","modified_gmt":"2026-03-19T14:28:52","slug":"hash-cbd-cidre-congele","status":"publish","type":"product","link":"https:\/\/iguanasmoke.com\/fr\/producto\/hash-cbd-frozen-cider\/","title":{"rendered":"Hash CBD Cidre dor\u00e9 congel\u00e9 61%"},"content":{"rendered":"<h1><span style=\"font-weight: 400;\">Hash CBD Frozen Golden Cider 61% : Puret\u00e9 gel\u00e9e avec un effet profond<\/span><\/h1>\n<p><span style=\"font-weight: 400;\">Le <strong>Haschisch CBD Frozen Golden Cider (Cidre dor\u00e9 congel\u00e9)<\/strong> Il se distingue par sa teneur impressionnante en CBD, qui atteint jusqu'\u00e0 <strong>61% en total (56%CBD + 5%CBD-A)<\/strong>, avec un <strong>0,4% de CBG<\/strong>. Cette concentration puissante en fait un choix id\u00e9al pour ceux qui recherchent un produit de qualit\u00e9. <strong>effet relaxant puissant et durable<\/strong>. De plus, cette vari\u00e9t\u00e9 est reconnue dans le monde des cannabino\u00efdes, le <strong>Cidre dor\u00e9 glac\u00e9 au CBD de hash<\/strong> se distingue par ses effets uniques.\u00a0<\/span><\/p>\n<p><span style=\"font-weight: 400;\">Ce hachage est r\u00e9alis\u00e9 \u00e0 partir de <strong>fleurs de chanvre congel\u00e9es<\/strong> juste apr\u00e8s la r\u00e9colte pour pr\u00e9server les cannabino\u00efdes et les terp\u00e8nes gr\u00e2ce \u00e0 la technique de l'extrait congel\u00e9. Utilisation de la m\u00e9thode \u201cFrozen Extract\u201c<strong>hachage \u00e0 l'eau glac\u00e9e<\/strong>\u201dou l'extraction \u00e0 l'eau glac\u00e9e, qui consiste \u00e0 secouer les fleurs congel\u00e9es dans de l'eau glac\u00e9e pour en s\u00e9parer les <strong>trichomes <\/strong>(petites glandes remplies de r\u00e9sine qui contiennent du CBD et d'autres compos\u00e9s actifs) et press\u00e9es pour cr\u00e9er un <strong>haschisch pur et puissant<\/strong>. <\/span><\/p>\n<p><span style=\"font-weight: 400;\">La technique est parfois appliqu\u00e9e <em>colophane<\/em>, qui extrait la r\u00e9sine sans solvant en utilisant la chaleur et la pression, pour une extraction encore plus propre.\u00a0<\/span><\/p>\n<p><span style=\"font-weight: 400;\">Il contient \u00e9galement moins de 0,3% de THC, ce qui fait de ce haschisch un produit de qualit\u00e9. <strong>juridique en Espagne et en Europe<\/strong>. Explorez sa texture et savourez ses ar\u00f4mes ! D\u00e9couvrez pourquoi le <strong>Hash CBD Cidre dor\u00e9 congel\u00e9 61% <\/strong>est l'une des r\u00e9sines les plus solides et de la plus haute qualit\u00e9 que vous puissiez trouver si vous voulez <strong>haschisch CBD bon march\u00e9<\/strong> mais premium.<\/span><\/p>\n<p>&nbsp;<\/p>\n<h2>Caract\u00e9ristiques du cidre dor\u00e9 glac\u00e9 Hash CBD :<\/h2>\n<ul>\n<li><b>Aspect et texture : <span style=\"font-size: 16px; font-weight: 400;\">se distingue par sa couleur dor\u00e9e, <strong>texture cristalline et compacte<\/strong>. Lorsqu'il est chauff\u00e9, il fond doucement, lib\u00e9rant un <strong>fum\u00e9e dense<\/strong> et soyeux, r\u00e9v\u00e9lant sa puret\u00e9 et sa qualit\u00e9 sup\u00e9rieure. Son c<strong>l'aide \u00e0 l'effritement<\/strong> facilite une utilisation agr\u00e9able, refl\u00e9tant le soin et la pr\u00e9cision de sa fabrication.\u00a0<\/span><\/b><\/li>\n<li><span style=\"font-size: 16px; font-weight: 400;\"><strong>Ar\u00f4me et go\u00fbt :<\/strong> frais et naturel, rappelant les <strong>for\u00eats de pins<\/strong>. Il offre un go\u00fbt \u00e9quilibr\u00e9 avec <strong>notes herbac\u00e9es<\/strong> \u00e9vocatrice de la fra\u00eecheur de la nature, accompagn\u00e9e d'une <strong>l\u00e9g\u00e8re touche menthol\u00e9e<\/strong> qui apporte de la fra\u00eecheur. <strong>Notes d'agrumes et de bois de c\u00e8dre<\/strong> qui enrichissent l'exp\u00e9rience et la rendent m\u00e9morable.\u00a0\u00a0<\/span><\/li>\n<li><strong>Origine et puret\u00e9 :<\/strong><span style=\"font-size: 16px; font-weight: 400;\"> a ses racines dans les montagnes de <strong>Afghanistan<\/strong>. Il combine la tradition afghane du haschisch avec des techniques modernes. Fabriqu\u00e9 \u00e0 partir de fleurs de chanvre riches en CBD, il offre une exp\u00e9rience l\u00e9gale, apaisante et relaxante. Il r\u00e9unit les <strong style=\"font-size: 16px; font-style: normal;\">sagesse ancienne et innovation<\/strong>afin de pr\u00e9server l'essence d'un authentique haschisch artisanal.\u00a0<\/span><\/li>\n<\/ul>\n<p>&nbsp;<\/p>\n<h3><b>Pourquoi acheter du haschisch CBD Frozen Golden Cider chez Iguana Smoke ?<\/b><\/h3>\n<p><span style=\"font-weight: 400;\">Chez Iguana Smoke, nous nous engageons sur la qualit\u00e9. Nos produits de haschisch CBD sont 100% naturels et biologiques, sans produits chimiques ni pesticides. Cela signifie que lorsque vous achetez chez nous, vous choisissez <strong>r\u00e9sine et haschisch CBD purs et s\u00fbrs<\/strong>. Comme c'est le cas pour nos <strong>Haschisch CBD Cidre d'or glac\u00e9 61%<\/strong><strong>.<\/strong><\/span><\/p>\n<p><span style=\"font-weight: 400;\">C'est l'endroit s\u00fbr pour <strong>acheter du hash CBD en ligne en Espagne.<\/strong> Tous nos produits sont approuv\u00e9s par l'UE, ce qui garantit leur l\u00e9galit\u00e9 et leur s\u00e9curit\u00e9. Avec moins de 0,3 % THC, vous pouvez profiter des nombreux avantages du CBD sans les effets psychoactifs. Nos produits <strong>Hachis de CBD sans THC \u00e0 haute teneur en CBD<\/strong> r\u00e9pond aux normes de qualit\u00e9, dont l'analyse est disponible \u00e0 l'adresse suivante<\/span><span style=\"font-weight: 400;\">\u00a0<a href=\"https:\/\/iguanasmoke.com\/fr\/lanalyse\/\">ici<\/a>.\u00a0<\/span><\/p>\n<p><em><span style=\"font-weight: 400;\">*Veuillez noter que son utilisation est destin\u00e9e \u00e0 la collection ou \u00e0 l'aromath\u00e9rapie, conform\u00e9ment \u00e0 la loi espagnole.\u00a0<\/span><\/em><\/p>\n<p><span style=\"font-weight: 400;\">De plus, si vous aimez nos r\u00e9sines CBD plus traditionnelles, comme le <a href=\"https:\/\/iguanasmoke.com\/fr\/produit\/lemon-haze-hash-cbd-20\/\">hash CBD Lemon Haze<\/a> ou le <a href=\"https:\/\/iguanasmoke.com\/fr\/produit\/nepal-cream-hash-cbd-20\/\">haschisch CBD N\u00e9pal<\/a>,Vous <\/span><span style=\"font-weight: 400;\">nous veillons \u00e0 ce que les <strong>Hash CBD Cidre dor\u00e9 congel\u00e9 61%<\/strong> vous fera voler. N'oubliez pas non plus d'essayer d'autres <strong>Produits TOP<\/strong> en tant que <a href=\"https:\/\/iguanasmoke.com\/fr\/produit\/stv-10oh-e8h-space-vape-3-pack-2ml-vapers\/\">vaper pack STV-10-OH et E8H<\/a> ou le <a href=\"https:\/\/iguanasmoke.com\/fr\/produit\/iguana-disposable-cbd-pod-iguana-pod-pocket-amnesia-broad-spectrum-750mg\/\">CBD Amnesia CBD \u00e0 large spectre vaper<\/a>. <\/span><span style=\"font-weight: 400;\">En bref, explorez notre vari\u00e9t\u00e9 et trouvez vos favoris d\u00e8s maintenant.\u00a0<\/span><\/p>\n<p>&nbsp;<\/p>\n<h3><b>Iguana Smoke est synonyme de qualit\u00e9 et de fiabilit\u00e9.<\/b><\/h3>\n<p><span style=\"font-weight: 400;\">Chez Iguana Smoke, nous pensons que le CBD doit \u00eatre une exp\u00e9rience s\u00fbre et agr\u00e9able. C'est pourquoi nous proposons des produits de haute qualit\u00e9 qui s'adressent aux nouvelles g\u00e9n\u00e9rations : des personnes qui recherchent un bien-\u00eatre simple, avec des marques authentiques et fiables. N'oubliez pas que tous nos produits sont <strong>Hachis CBD sans THC<\/strong>, tels que le <strong>Hash CBD Cidre d'or glac\u00e9 <\/strong>vous allez essayer.<\/span><\/p>\n<p>Vous savez, notre mission est claire : vous apporter le meilleur du monde des cannabino\u00efdes \u00e0 un prix \u00e9quitable, avec la tranquillit\u00e9 d'esprit de savoir que vous choisissez un produit certifi\u00e9, efficace et 100% l\u00e9gal. Nous sommes \u00e0 l'avant-garde des produits CBD.<\/p>\n<p>Vous avez encore des doutes ? Ecrivez-nous et nous nous ferons un plaisir de vous aider \u00e0 trouver le produit qui vous convient.<\/p>","protected":false},"excerpt":{"rendered":"<p>Le pr\u00e9sent <strong>hachage<\/strong> <span style=\"font-weight: 400;\"><strong>Cidre d'or glac\u00e9 CBD <\/strong><\/span>est fabriqu\u00e9 \u00e0 partir de fleurs fra\u00eeches qui ont \u00e9t\u00e9 congel\u00e9es et extraites \u00e0 froid afin de pr\u00e9server la puret\u00e9 et la concentration maximales des terp\u00e8nes :<\/p>\n<ul>\n<li data-start=\"246\" data-end=\"275\">Texture fine et dor\u00e9e<\/li>\n<li>Produit l\u00e9gal en Espagne : THC &lt;0,3%<\/li>\n<\/ul>\n<p>Analyse de la qualit\u00e9 : cliquez <a href=\"https:\/\/iguanasmoke.com\/fr\/lanalyse\/\">ici<\/a><\/p>","protected":false},"featured_media":81744,"comment_status":"open","ping_status":"closed","template":"","meta":{"_acf_changed":false,"site-sidebar-layout":"default","site-content-layout":"","ast-site-content-layout":"default","site-content-style":"default","site-sidebar-style":"default","ast-global-header-display":"","ast-banner-title-visibility":"","ast-main-header-display":"","ast-hfb-above-header-display":"","ast-hfb-below-header-display":"","ast-hfb-mobile-header-display":"","site-post-title":"","ast-breadcrumbs-content":"","ast-featured-img":"","footer-sml-layout":"","theme-transparent-header-meta":"default","adv-header-id-meta":"","stick-header-meta":"","header-above-stick-meta":"","header-main-stick-meta":"","header-below-stick-meta":"","astra-migrate-meta-layouts":"set","ast-page-background-enabled":"default","ast-page-background-meta":{"desktop":{"background-color":"var(--ast-global-color-4)","background-image":"","background-repeat":"repeat","background-position":"center center","background-size":"auto","background-attachment":"scroll","background-type":"","background-media":"","overlay-type":"","overlay-color":"","overlay-opacity":"","overlay-gradient":""},"tablet":{"background-color":"","background-image":"","background-repeat":"repeat","background-position":"center center","background-size":"auto","background-attachment":"scroll","background-type":"","background-media":"","overlay-type":"","overlay-color":"","overlay-opacity":"","overlay-gradient":""},"mobile":{"background-color":"","background-image":"","background-repeat":"repeat","background-position":"center center","background-size":"auto","background-attachment":"scroll","background-type":"","background-media":"","overlay-type":"","overlay-color":"","overlay-opacity":"","overlay-gradient":""}},"ast-content-background-meta":{"desktop":{"background-color":"var(--ast-global-color-5)","background-image":"","background-repeat":"repeat","background-position":"center center","background-size":"auto","background-attachment":"scroll","background-type":"","background-media":"","overlay-type":"","overlay-color":"","overlay-opacity":"","overlay-gradient":""},"tablet":{"background-color":"var(--ast-global-color-5)","background-image":"","background-repeat":"repeat","background-position":"center center","background-size":"auto","background-attachment":"scroll","background-type":"","background-media":"","overlay-type":"","overlay-color":"","overlay-opacity":"","overlay-gradient":""},"mobile":{"background-color":"var(--ast-global-color-5)","background-image":"","background-repeat":"repeat","background-position":"center center","background-size":"auto","background-attachment":"scroll","background-type":"","background-media":"","overlay-type":"","overlay-color":"","overlay-opacity":"","overlay-gradient":""}}},"product_brand":[],"product_cat":[397],"product_tag":[],"class_list":{"0":"post-61045","1":"product","2":"type-product","3":"status-publish","4":"has-post-thumbnail","6":"product_cat-hash-cbd","7":"desktop-align-center","8":"tablet-align-center","9":"mobile-align-center","11":"first","12":"instock","13":"taxable","14":"shipping-taxable","15":"purchasable","16":"product-type-variable"},"acf":[],"yoast_head":"<!-- This site is optimized with the Yoast SEO Premium plugin v27.3 (Yoast SEO v27.3) - https:\/\/yoast.com\/product\/yoast-seo-premium-wordpress\/ -->\n<title>Hash CBD Frozen Golden Cider 61%: Compra CBD barato online | Iguana Smoke<\/title>\n<meta name=\"description\" content=\"Hach\u00eds CBD Frozen Golden Cider: extracci\u00f3n en fr\u00edo, 61\u202f% CBD, textura de locura; tu hach\u00eds de CBD barato pero con calidad premium.\" \/>\n<meta name=\"robots\" content=\"index, follow, max-snippet:-1, max-image-preview:large, max-video-preview:-1\" \/>\n<link rel=\"canonical\" href=\"https:\/\/iguanasmoke.com\/fr\/produit\/hash-cbd-cidre-congele\/\" \/>\n<meta property=\"og:locale\" content=\"fr_FR\" \/>\n<meta property=\"og:type\" content=\"article\" \/>\n<meta property=\"og:title\" content=\"Hash CBD Frozen Golden Cider 61%\" \/>\n<meta property=\"og:description\" content=\"Este hash CBD Frozen Golden Cider est\u00e1 elaborado con flores frescas congeladas y extra\u00eddas en fr\u00edo\u00a0para conservar la m\u00e1xima pureza y la concentraci\u00f3n de terpenos:   Textura fina y dorada  Producto legal en Espa\u00f1a: THC &lt;0,3%  An\u00e1lisis de calidad: pincha aqu\u00ed\" \/>\n<meta property=\"og:url\" content=\"https:\/\/iguanasmoke.com\/fr\/produit\/hash-cbd-cidre-congele\/\" \/>\n<meta property=\"og:site_name\" content=\"Iguana Smoke\" \/>\n<meta property=\"article:publisher\" content=\"https:\/\/www.facebook.com\/iguanasmoke\" \/>\n<meta property=\"article:modified_time\" content=\"2026-03-19T14:28:52+00:00\" \/>\n<meta property=\"og:image\" content=\"https:\/\/iguanasmoke.com\/wp-content\/uploads\/2025\/07\/Frozen-2g-con-hash.webp\" \/>\n\t<meta property=\"og:image:width\" content=\"1000\" \/>\n\t<meta property=\"og:image:height\" content=\"1000\" \/>\n\t<meta property=\"og:image:type\" content=\"image\/webp\" \/>\n<meta name=\"twitter:card\" content=\"summary_large_image\" \/>\n<meta name=\"twitter:label1\" content=\"Disponibilit\u00e9\" \/>\n\t<meta name=\"twitter:data1\" content=\"En stock\" \/>\n<meta property=\"product:brand\" content=\"variable\" \/>\n<meta property=\"og:availability\" content=\"instock\" \/>\n<meta property=\"product:availability\" content=\"instock\" \/>\n<meta property=\"product:condition\" content=\"new\" \/>\n<!-- \/ Yoast SEO Premium plugin. -->","yoast_head_json":{"title":"Hash CBD Frozen Golden Cider 61% : Acheter CBD pas cher en ligne : Iguana Smoke","description":"CBD Frozen Golden Cider Hashish : extraction \u00e0 froid, 61 % CBD, texture folle ; votre haschisch CBD bon march\u00e9 mais de premi\u00e8re qualit\u00e9.","robots":{"index":"index","follow":"follow","max-snippet":"max-snippet:-1","max-image-preview":"max-image-preview:large","max-video-preview":"max-video-preview:-1"},"canonical":"https:\/\/iguanasmoke.com\/fr\/produit\/hash-cbd-cidre-congele\/","og_locale":"fr_FR","og_type":"article","og_title":"Hash CBD Frozen Golden Cider 61%","og_description":"Este hash CBD Frozen Golden Cider est\u00e1 elaborado con flores frescas congeladas y extra\u00eddas en fr\u00edo\u00a0para conservar la m\u00e1xima pureza y la concentraci\u00f3n de terpenos:   Textura fina y dorada  Producto legal en Espa\u00f1a: THC &lt;0,3%  An\u00e1lisis de calidad: pincha aqu\u00ed","og_url":"https:\/\/iguanasmoke.com\/fr\/produit\/hash-cbd-cidre-congele\/","og_site_name":"Iguana Smoke","article_publisher":"https:\/\/www.facebook.com\/iguanasmoke","article_modified_time":"2026-03-19T14:28:52+00:00","og_image":[{"width":1000,"height":1000,"url":"https:\/\/iguanasmoke.com\/wp-content\/uploads\/2025\/07\/Frozen-2g-con-hash.webp","type":"image\/webp"}],"twitter_card":"summary_large_image","twitter_misc":{"Disponibilit\u00e9":"En stock"},"schema":{"@context":"https:\/\/schema.org","@graph":[{"@type":"WebPage","@id":"https:\/\/iguanasmoke.com\/producto\/hash-cbd-frozen-cider\/","url":"https:\/\/iguanasmoke.com\/producto\/hash-cbd-frozen-cider\/","name":"Hash CBD Frozen Golden Cider 61% : Acheter CBD pas cher en ligne : Iguana Smoke","isPartOf":{"@id":"https:\/\/iguanasmoke.com\/#website"},"primaryImageOfPage":{"@id":"https:\/\/iguanasmoke.com\/producto\/hash-cbd-frozen-cider\/#primaryimage"},"image":{"@id":"https:\/\/iguanasmoke.com\/producto\/hash-cbd-frozen-cider\/#primaryimage"},"thumbnailUrl":"https:\/\/iguanasmoke.com\/wp-content\/uploads\/2025\/07\/Frozen-2g-con-hash.webp","datePublished":"2025-07-15T17:11:46+00:00","dateModified":"2026-03-19T14:28:52+00:00","description":"CBD Frozen Golden Cider Hashish : extraction \u00e0 froid, 61 % CBD, texture folle ; votre haschisch CBD bon march\u00e9 mais de premi\u00e8re qualit\u00e9.","breadcrumb":{"@id":"https:\/\/iguanasmoke.com\/producto\/hash-cbd-frozen-cider\/#breadcrumb"},"inLanguage":"fr-FR","potentialAction":[{"@type":"ReadAction","target":["https:\/\/iguanasmoke.com\/producto\/hash-cbd-frozen-cider\/"]}]},{"@type":"ImageObject","inLanguage":"fr-FR","@id":"https:\/\/iguanasmoke.com\/producto\/hash-cbd-frozen-cider\/#primaryimage","url":"https:\/\/iguanasmoke.com\/wp-content\/uploads\/2025\/07\/Frozen-2g-con-hash.webp","contentUrl":"https:\/\/iguanasmoke.com\/wp-content\/uploads\/2025\/07\/Frozen-2g-con-hash.webp","width":1000,"height":1000,"caption":"Hash CBD Frozen Golden 2g"},{"@type":"BreadcrumbList","@id":"https:\/\/iguanasmoke.com\/producto\/hash-cbd-frozen-cider\/#breadcrumb","itemListElement":[{"@type":"ListItem","position":1,"name":"home","item":"https:\/\/iguanasmoke.com\/"},{"@type":"ListItem","position":2,"name":"Tienda","item":"https:\/\/iguanasmoke.com\/tienda\/"},{"@type":"ListItem","position":3,"name":"Hash CBD","item":"https:\/\/iguanasmoke.com\/categoria\/hash-cbd\/"},{"@type":"ListItem","position":4,"name":"Hash CBD Frozen Golden Cider 61%"}]},{"@type":"WebSite","@id":"https:\/\/iguanasmoke.com\/#website","url":"https:\/\/iguanasmoke.com\/","name":"Fum\u00e9e d'iguane","description":"Acheter du CBD en ligne au meilleur prix","publisher":{"@id":"https:\/\/iguanasmoke.com\/#organization"},"potentialAction":[{"@type":"SearchAction","target":{"@type":"EntryPoint","urlTemplate":"https:\/\/iguanasmoke.com\/?s={search_term_string}"},"query-input":{"@type":"PropertyValueSpecification","valueRequired":true,"valueName":"search_term_string"}}],"inLanguage":"fr-FR"},{"@type":"Organization","@id":"https:\/\/iguanasmoke.com\/#organization","name":"Fum\u00e9e d'iguane","url":"https:\/\/iguanasmoke.com\/","logo":{"@type":"ImageObject","inLanguage":"fr-FR","@id":"https:\/\/iguanasmoke.com\/#\/schema\/logo\/image\/","url":"https:\/\/iguanasmoke.com\/wp-content\/uploads\/2025\/01\/logoiguana-favi-1.png","contentUrl":"https:\/\/iguanasmoke.com\/wp-content\/uploads\/2025\/01\/logoiguana-favi-1.png","width":512,"height":512,"caption":"Iguana Smoke"},"image":{"@id":"https:\/\/iguanasmoke.com\/#\/schema\/logo\/image\/"},"sameAs":["https:\/\/www.facebook.com\/iguanasmoke","https:\/\/www.instagram.com\/iguanasmoke\/"]}]},"product_brand":"variable","og_availability":"instock","product_availability":"instock","product_condition":"new"},"_links":{"self":[{"href":"https:\/\/iguanasmoke.com\/fr\/wp-json\/wp\/v2\/product\/61045","targetHints":{"allow":["GET"]}}],"collection":[{"href":"https:\/\/iguanasmoke.com\/fr\/wp-json\/wp\/v2\/product"}],"about":[{"href":"https:\/\/iguanasmoke.com\/fr\/wp-json\/wp\/v2\/types\/product"}],"replies":[{"embeddable":true,"href":"https:\/\/iguanasmoke.com\/fr\/wp-json\/wp\/v2\/comments?post=61045"}],"wp:featuredmedia":[{"embeddable":true,"href":"https:\/\/iguanasmoke.com\/fr\/wp-json\/wp\/v2\/media\/81744"}],"wp:attachment":[{"href":"https:\/\/iguanasmoke.com\/fr\/wp-json\/wp\/v2\/media?parent=61045"}],"wp:term":[{"taxonomy":"product_brand","embeddable":true,"href":"https:\/\/iguanasmoke.com\/fr\/wp-json\/wp\/v2\/product_brand?post=61045"},{"taxonomy":"product_cat","embeddable":true,"href":"https:\/\/iguanasmoke.com\/fr\/wp-json\/wp\/v2\/product_cat?post=61045"},{"taxonomy":"product_tag","embeddable":true,"href":"https:\/\/iguanasmoke.com\/fr\/wp-json\/wp\/v2\/product_tag?post=61045"}],"curies":[{"name":"wp","href":"https:\/\/api.w.org\/{rel}","templated":true}]}}