{"id":61305,"date":"2025-07-21T17:20:21","date_gmt":"2025-07-21T15:20:21","guid":{"rendered":"https:\/\/iguanasmoke.com\/?post_type=product&#038;p=61305"},"modified":"2026-03-15T17:59:04","modified_gmt":"2026-03-15T16:59:04","slug":"pack-cartouche-degustation-sativanol-et-10-oh","status":"publish","type":"product","link":"https:\/\/iguanasmoke.com\/fr\/producto\/pack-cartucho-degustacion-sativanol-y-10-oh\/","title":{"rendered":"Cartouche de d\u00e9gustation Sativanol et 10-OH"},"content":{"rendered":"<h1 data-start=\"1609\" data-end=\"1642\"><span style=\"font-weight: 400;\">Pack de cartouches de d\u00e9gustation | Sativanol et 10-OH (1ml)<\/span><\/h1>\n<p><span style=\"font-weight: 400;\">D\u00e9couvrez les <strong>nouvelle g\u00e9n\u00e9ration<\/strong> du vapotage avec <strong>cannabino\u00efdes innovants<\/strong>. A <strong>Fum\u00e9e d'iguane<\/strong> nous vous avons \u00e9cout\u00e9 et avons cr\u00e9\u00e9 ce duo<strong> Emballage<\/strong>\u00a0<strong>Cartouche Sativanol et 10-OH<\/strong>, qui combinent technologie, puret\u00e9 et une exp\u00e9rience sensorielle unique adapt\u00e9e \u00e0 ceux qui s'int\u00e9ressent \u00e0 un Pack Cartouche de d\u00e9gustation Sativanol et 10-OH.<\/span><\/p>\n<p><span style=\"font-weight: 400;\">Chaque paquet comprend <\/span><\/p>\n<ul>\n<li><span style=\"font-weight: 400;\">1 cartouche Sativanol Espace 1 ml <\/span><\/li>\n<li><span style=\"font-weight: 400;\">1 cartouche 10-OH Space 1ml<\/span><\/li>\n<\/ul>\n<p>Tous deux pr\u00eats \u00e0 l'emploi avec des piles 510 (vendues s\u00e9par\u00e9ment) et con\u00e7us pour vous offrir une saveur intense avec des effets \u00e9quilibr\u00e9s. Chaque mol\u00e9cule est disponible en 7 saveurs.<\/p>\n<p>&nbsp;<\/p>\n<h2><strong>Les cartouches du pack de cartouches <span style=\"font-weight: 400;\"><strong>Sativanol<\/strong> <\/span>sont-ils jetables?<\/strong><\/h2>\n<p><span style=\"font-weight: 400;\">A <strong>cartouche jetable<\/strong>, \u00e9galement appel\u00e9 capsule ou \u201cchariot\u201d, est un petit cylindre dot\u00e9 d'un <strong>510, connexion 1ml ou 2ml<\/strong> qui est pr\u00e9-remplie de liquide de vapotage. La grande diff\u00e9rence avec les autres types de cartouches est qu'elle n'a pas besoin d'\u00eatre recharg\u00e9e : <strong>lorsqu'il est \u00e9puis\u00e9, il est simplement jet\u00e9<\/strong>. <\/span><\/p>\n<p><span style=\"font-weight: 400;\">Pour l'utiliser, il suffit de le connecter \u00e0 des piles standard \u00e0 filetage 510, comme celles que nous avons chez <strong>Fum\u00e9e d'iguane : <\/strong>Id\u00e9al pour ceux qui recherchent un pack de cartouches de d\u00e9gustation Sativanol et 10-OH pratique et efficace.<\/span><\/p>\n<p>&nbsp;<\/p>\n<h2><span style=\"font-weight: 400;\"><strong>Batteries pour votre Pack D\u00e9gustation Sativanol et 10-OH :<\/strong><\/span><\/h2>\n<p><span style=\"font-weight: 400;\">N'oubliez pas d'acheter un <strong>batterie 510<\/strong> <strong>fiable<\/strong>, <strong>durable<\/strong>. C'est pourquoi en <strong>Fum\u00e9e d'iguane<\/strong> nous vous proposons deux mod\u00e8les con\u00e7us pour garantir une <strong>brouillard uniforme<\/strong>, <strong>go\u00fbt franc<\/strong> et un <strong>une exp\u00e9rience de vapotage confortable et s\u00fbre <\/strong>qui correspondent \u00e0 votre <strong>Cartouches Sativanol et 10-OH.<\/strong><\/span><\/p>\n<ul>\n<li><span style=\"font-weight: 400;\"><a href=\"https:\/\/iguanasmoke.com\/fr\/produit\/iguana-power-battery-510-pour-cartouches-1ml-2\/\"><strong>Batterie 510 avec filetage pour cartouches 1ml<\/strong><\/a>Sa taille compacte, discr\u00e8te et facile \u00e0 transporter, et sa puissance sont parfaitement calibr\u00e9es pour extraire tout le profil aromatique sans surchauffer le liquide. <em>Il a une puissance de 320 mAh.<\/em><\/span><\/li>\n<li><a href=\"https:\/\/iguanasmoke.com\/fr\/produit\/boitier-dalimentation-iguana-batterie-510-pour-cartouches\/\">Batterie de poche Cartbox avec filetage 510<\/a>; Compatibilit\u00e9 2 en 1 : <strong><span style=\"font-weight: 400;\">Et si vous recherchez la polyvalence, ce mod\u00e8le est compatible avec les cartouches de 1ml et 2ml, alliant autonomie, discr\u00e9tion et puissance r\u00e9glable. Id\u00e9al pour ceux qui veulent un appareil unique qui s'adapte \u00e0 tout. <em>Il a une puissance de 650 mAh<\/em>.\u00a0<\/span><\/strong><\/li>\n<\/ul>\n<p>&nbsp;<\/p>\n<h2><strong>Qu'est-ce que le STV ou Sativanol ?<\/strong><\/h2>\n<p><span style=\"font-weight: 400;\">Le <strong>Sativanol<\/strong>, <strong>STV<\/strong> o <strong>Super Sativa<\/strong> est une mol\u00e9cule de chanvre de derni\u00e8re g\u00e9n\u00e9ration qui ne contient pas de THC ni de d\u00e9riv\u00e9s (HHC, THCP...), mais dont l'effet est comparable \u00e0 celui d'un <strong>Sativa puissante<\/strong>: offre une clart\u00e9 mentale, une douce euphorie et un bien-\u00eatre sans brouillard ni baisse d'\u00e9nergie. C'est votre alli\u00e9 pour une exp\u00e9rience stimulante et fonctionnelle. Parfait pour votre Pack de Cartouches de d\u00e9gustation Sativanol et 10-OH.<\/span><\/p>\n<ul>\n<li>Principaux effets : associ\u00e9 \u00e0 une euphorie mentale l\u00e9g\u00e8re mais puissante, accompagn\u00e9e d'une am\u00e9lioration de la concentration et de l'attention sans s\u00e9dation.<\/li>\n<li>Principaux avantages : pas de tol\u00e9rance en cas d'utilisation prolong\u00e9e, pas de gueule de bois ni de somnolence, et 100% ne contient pas de cannabino\u00efdes contr\u00f4l\u00e9s.<\/li>\n<li>Format : Chaque cartouche de 1 ml offre jusqu'\u00e0 300 bouff\u00e9es.<\/li>\n<\/ul>\n<p>La formule <span style=\"font-weight: 400;\">Sativanol <\/span>Il est id\u00e9al pour ceux qui ont besoin d'\u00eatre actifs, cr\u00e9atifs, ou qui veulent simplement profiter d'un moment de clart\u00e9 mentale sans se d\u00e9connecter.<\/p>\n<p>&nbsp;<\/p>\n<h2><strong>Qu'est-ce que le 10-OH ?<\/strong><\/h2>\n<p><span style=\"font-weight: 400;\">Le <\/span><span style=\"font-weight: 400;\"><b>10-OH<\/b> c'est un m\u00e9tabolite du HHC, c'est-\u00e0-dire une substance g\u00e9n\u00e9r\u00e9e lorsque le corps d\u00e9compose le HHC. En laboratoire, il est obtenu en transformant le HHC en sa forme hydroxyl\u00e9e, ce qui donne un cannabino\u00efde plus stable et avec une affinit\u00e9 sp\u00e9cifique pour certains r\u00e9cepteurs du syst\u00e8me endocannabino\u00efde. Id\u00e9al pour ceux qui consid\u00e8rent le Pack de Cartouches de D\u00e9gustation Sativanol et 10-OH comme leur choix.<\/span><\/p>\n<p><span style=\"font-weight: 400;\">Bien que les effets puissent varier d'une personne \u00e0 l'autre, les exp\u00e9riences sont souvent les suivantes :<\/span><\/p>\n<ul>\n<li>Euphorie mod\u00e9r\u00e9e, sans l'euphorie plus intense que peut procurer le THC.<\/li>\n<li>D\u00e9tente physique, sans sensation de s\u00e9dation excessive.<\/li>\n<li>Clart\u00e9 mentale, ce qui favorise la concentration ou l'interaction sociale.<\/li>\n<li>Moins d'anxi\u00e9t\u00e9, ce qui en fait une option int\u00e9ressante pour ceux qui ne tol\u00e8rent pas bien le THC.<\/li>\n<li><strong>Ces effets placent le 10-OH quelque part entre le HHC et le THC : plus intense que le premier, mais plus facile \u00e0 g\u00e9rer que le second.<\/strong><\/li>\n<\/ul>\n<p>&nbsp;<\/p>\n<h3>Saveurs exquises dans le pack de cartouches de d\u00e9gustation <span style=\"font-weight: 400;\"><strong>Sativanol<\/strong> <\/span>et 10-OH<\/h3>\n<p><span style=\"font-weight: 400;\">Pour que vous profitiez d'une exp\u00e9rience de vapotage haut de gamme avec le Pack Cartouches Sativanol et 10-OH, nous vous proposons une vari\u00e9t\u00e9 de saveurs soigneusement s\u00e9lectionn\u00e9es :<\/span><\/p>\n<ul>\n<li>Profils de cannabis authentiques : Amnesia (terreux et \u00e9pic\u00e9), Gelato (doux, sucr\u00e9 et herbac\u00e9) et Gorilla Glue (robuste, \u00e9pic\u00e9 et terreux).<\/li>\n<li>Options fruit\u00e9es et rafra\u00eechissantes : Mangue (exotique), Lemon Haze (rafra\u00eechissant et agrumes), Red Berries (baies rouges sucr\u00e9es) et Strawberry (doux et naturel).<\/li>\n<\/ul>\n<h3><\/h3>\n<p>&nbsp;<\/p>\n<h3><\/h3>\n<h3><b>Iguana Smoke est votre boutique en ligne de CBD de confiance<\/b><\/h3>\n<p><span style=\"font-weight: 400;\">Chez Iguana Smoke, nous pensons que le CBD doit \u00eatre une exp\u00e9rience s\u00fbre et agr\u00e9able. C'est pourquoi nous proposons des produits de haute qualit\u00e9 qui s'adressent aux nouvelles g\u00e9n\u00e9rations : des personnes qui recherchent un bien-\u00eatre simple, avec des marques authentiques et fiables.\u00a0<\/span><\/p>\n<p>Vous savez, notre mission est claire : vous apporter le meilleur du monde des cannabino\u00efdes \u00e0 un prix juste, avec la tranquillit\u00e9 d'esprit de savoir que vous choisissez un produit certifi\u00e9, efficace et 100% l\u00e9gal.<\/p>\n<p>Vous avez encore des doutes ? Ecrivez-nous et nous nous ferons un plaisir de vous aider \u00e0 trouver le produit qui vous convient.<\/p>\n<p>&nbsp;<\/p>\n<h6>\u2139\ufe0f<strong> Informations juridiques<\/strong><\/h6>\n<p><em><span style=\"font-weight: 400;\">*Produit destin\u00e9 \u00e0 la collection ou \u00e0 l'aromath\u00e9rapie, conform\u00e9ment \u00e0 la l\u00e9gislation espagnole en vigueur. <\/span><\/em><\/p>\n<p><em><span style=\"font-weight: 400;\">**D\u00e9riv\u00e9 de chanvre industriel certifi\u00e9. Contient moins de 0,3 THC et ne contient pas de cannabino\u00efdes ill\u00e9gaux tels que HHC, HHC-P, THCP, THCP-O, H4CBD ou des substances \u00e9num\u00e9r\u00e9es \u00e0 l'annexe I du d\u00e9cret royal 2829\/1977, ni de substances contr\u00f4l\u00e9es par des conventions internationales.\u00a0\u00a0<\/span><\/em><\/p>","protected":false},"excerpt":{"rendered":"<ul>\n<li>Lot de 2 cartouches de 1 ml : <span style=\"font-weight: 400;\">Sativanol <\/span>et 10-OH<\/li>\n<li>7 saveurs au choix<\/li>\n<li>Terp\u00e8nes naturels<\/li>\n<li>Connexion : type 510<\/li>\n<li>Capacit\u00e9 : 1 ml (300 bouff\u00e9es)<\/li>\n<li>THC : 0%, HHC : 0%, THC-P : 0%, Nicotine : 0%<\/li>\n<li>Ne contient pas de VG, PG, PEG, MCT ou autre agent de coupe.<\/li>\n<\/ul>\n<p><em><span style=\"font-weight: 400;\">Prix sans r\u00e9duction : 41,80\u20ac | prix pack r\u00e9duit : 35\u20ac =&gt; <strong>\u00e9conomie de 6,80 \u20ac avec une r\u00e9duction de 16 %%<\/strong><\/span>\u00a0<\/em><\/p>\n<p><span style=\"font-weight: 400;\">Consultation<strong>\u00a0<a href=\"https:\/\/iguanasmoke.com\/fr\/lanalyse\/\">analyse en laboratoire.<\/a><\/strong><\/span><\/p>","protected":false},"featured_media":61625,"comment_status":"open","ping_status":"closed","template":"","meta":{"_acf_changed":false,"site-sidebar-layout":"default","site-content-layout":"","ast-site-content-layout":"default","site-content-style":"default","site-sidebar-style":"default","ast-global-header-display":"","ast-banner-title-visibility":"","ast-main-header-display":"","ast-hfb-above-header-display":"","ast-hfb-below-header-display":"","ast-hfb-mobile-header-display":"","site-post-title":"","ast-breadcrumbs-content":"","ast-featured-img":"","footer-sml-layout":"","theme-transparent-header-meta":"default","adv-header-id-meta":"","stick-header-meta":"","header-above-stick-meta":"","header-main-stick-meta":"","header-below-stick-meta":"","astra-migrate-meta-layouts":"set","ast-page-background-enabled":"default","ast-page-background-meta":{"desktop":{"background-color":"var(--ast-global-color-4)","background-image":"","background-repeat":"repeat","background-position":"center center","background-size":"auto","background-attachment":"scroll","background-type":"","background-media":"","overlay-type":"","overlay-color":"","overlay-opacity":"","overlay-gradient":""},"tablet":{"background-color":"","background-image":"","background-repeat":"repeat","background-position":"center center","background-size":"auto","background-attachment":"scroll","background-type":"","background-media":"","overlay-type":"","overlay-color":"","overlay-opacity":"","overlay-gradient":""},"mobile":{"background-color":"","background-image":"","background-repeat":"repeat","background-position":"center center","background-size":"auto","background-attachment":"scroll","background-type":"","background-media":"","overlay-type":"","overlay-color":"","overlay-opacity":"","overlay-gradient":""}},"ast-content-background-meta":{"desktop":{"background-color":"var(--ast-global-color-5)","background-image":"","background-repeat":"repeat","background-position":"center center","background-size":"auto","background-attachment":"scroll","background-type":"","background-media":"","overlay-type":"","overlay-color":"","overlay-opacity":"","overlay-gradient":""},"tablet":{"background-color":"var(--ast-global-color-5)","background-image":"","background-repeat":"repeat","background-position":"center center","background-size":"auto","background-attachment":"scroll","background-type":"","background-media":"","overlay-type":"","overlay-color":"","overlay-opacity":"","overlay-gradient":""},"mobile":{"background-color":"var(--ast-global-color-5)","background-image":"","background-repeat":"repeat","background-position":"center center","background-size":"auto","background-attachment":"scroll","background-type":"","background-media":"","overlay-type":"","overlay-color":"","overlay-opacity":"","overlay-gradient":""}}},"product_brand":[],"product_cat":[550,419,349,549],"product_tag":[],"class_list":{"0":"post-61305","1":"product","2":"type-product","3":"status-publish","4":"has-post-thumbnail","6":"product_cat-10oh","7":"product_cat-cartuchos-cbd","8":"product_cat-packs-y-ofertas-cbd","9":"product_cat-sativanol","10":"desktop-align-center","11":"tablet-align-center","12":"mobile-align-center","14":"first","15":"instock","16":"sale","17":"taxable","18":"shipping-taxable","19":"purchasable","20":"product-type-composite"},"acf":[],"yoast_head":"<!-- This site is optimized with the Yoast SEO Premium plugin v27.3 (Yoast SEO v27.3) - https:\/\/yoast.com\/product\/yoast-seo-premium-wordpress\/ -->\n<title>Pack Cartucho degustaci\u00f3n Sativanol y 10-OH | Iguana Smoke<\/title>\n<meta name=\"description\" content=\"Redefine tu experiencia de vapeo con el Pack Cartucho degustaci\u00f3n Sativanol y 10-OH. La combinaci\u00f3n que estabas esperando para disfrutar plenamente.\" \/>\n<meta name=\"robots\" content=\"index, follow, max-snippet:-1, max-image-preview:large, max-video-preview:-1\" \/>\n<link rel=\"canonical\" href=\"https:\/\/iguanasmoke.com\/fr\/produit\/pack-cartouche-degustation-sativanol-et-10-oh\/\" \/>\n<meta property=\"og:locale\" content=\"fr_FR\" \/>\n<meta property=\"og:type\" content=\"article\" \/>\n<meta property=\"og:title\" content=\"Pack Cartucho Degustaci\u00f3n Sativanol y 10-OH\" \/>\n<meta property=\"og:description\" content=\"Pack de 2 cartuchos de 1ml: Sativanol y 10-OH  7 sabores a elegir de cada uno  Terpenos naturales  Conexi\u00f3n: tipo 510  Capacidad: 1 ml (300 caladas)  THC: 0%, HHC: 0%, THC-P: 0%, Nicotina: 0%  No contiene VG, PG, PEG, MCT u otro agente de corte.  Precio sin descuento: 41,80\u20ac | precio pack descuento: 35\u20ac =&gt; ahorro de 6,80\u20ac con un descuento del 16%\u00a0  Consulta\u00a0el an\u00e1lisis de laboratorio.\" \/>\n<meta property=\"og:url\" content=\"https:\/\/iguanasmoke.com\/fr\/produit\/pack-cartouche-degustation-sativanol-et-10-oh\/\" \/>\n<meta property=\"og:site_name\" content=\"Iguana Smoke\" \/>\n<meta property=\"article:publisher\" content=\"https:\/\/www.facebook.com\/iguanasmoke\" \/>\n<meta property=\"article:modified_time\" content=\"2026-03-15T16:59:04+00:00\" \/>\n<meta property=\"og:image\" content=\"https:\/\/iguanasmoke.com\/wp-content\/uploads\/2025\/07\/Pack-Space-Cart-10x.webp\" \/>\n\t<meta property=\"og:image:width\" content=\"1000\" \/>\n\t<meta property=\"og:image:height\" content=\"1000\" \/>\n\t<meta property=\"og:image:type\" content=\"image\/webp\" \/>\n<meta name=\"twitter:card\" content=\"summary_large_image\" \/>\n<meta name=\"twitter:label1\" content=\"Prix\" \/>\n\t<meta name=\"twitter:data1\" content=\"35,00&nbsp;&euro;\" \/>\n\t<meta name=\"twitter:label2\" content=\"Disponibilit\u00e9\" \/>\n\t<meta name=\"twitter:data2\" content=\"En stock\" \/>\n<meta property=\"product:brand\" content=\"composite\" \/>\n<meta property=\"product:price:amount\" content=\"35.00\" \/>\n<meta property=\"product:price:currency\" content=\"EUR\" \/>\n<meta property=\"og:availability\" content=\"instock\" \/>\n<meta property=\"product:availability\" content=\"instock\" \/>\n<meta property=\"product:retailer_item_id\" content=\"IS-PACKSPACECART2-1ML\" \/>\n<meta property=\"product:condition\" content=\"new\" \/>\n<!-- \/ Yoast SEO Premium plugin. -->","yoast_head_json":{"title":"Pack de d\u00e9gustation Sativanol et 10-OH | Iguana Smoke","description":"Red\u00e9finissez votre exp\u00e9rience de vapotage avec le Pack Cartouches de d\u00e9gustation Sativanol et 10-OH. La combinaison que vous attendiez pour en profiter pleinement.","robots":{"index":"index","follow":"follow","max-snippet":"max-snippet:-1","max-image-preview":"max-image-preview:large","max-video-preview":"max-video-preview:-1"},"canonical":"https:\/\/iguanasmoke.com\/fr\/produit\/pack-cartouche-degustation-sativanol-et-10-oh\/","og_locale":"fr_FR","og_type":"article","og_title":"Pack Cartucho Degustaci\u00f3n Sativanol y 10-OH","og_description":"Pack de 2 cartuchos de 1ml: Sativanol y 10-OH  7 sabores a elegir de cada uno  Terpenos naturales  Conexi\u00f3n: tipo 510  Capacidad: 1 ml (300 caladas)  THC: 0%, HHC: 0%, THC-P: 0%, Nicotina: 0%  No contiene VG, PG, PEG, MCT u otro agente de corte.  Precio sin descuento: 41,80\u20ac | precio pack descuento: 35\u20ac =&gt; ahorro de 6,80\u20ac con un descuento del 16%\u00a0  Consulta\u00a0el an\u00e1lisis de laboratorio.","og_url":"https:\/\/iguanasmoke.com\/fr\/produit\/pack-cartouche-degustation-sativanol-et-10-oh\/","og_site_name":"Iguana Smoke","article_publisher":"https:\/\/www.facebook.com\/iguanasmoke","article_modified_time":"2026-03-15T16:59:04+00:00","og_image":[{"width":1000,"height":1000,"url":"https:\/\/iguanasmoke.com\/wp-content\/uploads\/2025\/07\/Pack-Space-Cart-10x.webp","type":"image\/webp"}],"twitter_card":"summary_large_image","twitter_misc":{"Prix":"35,00&nbsp;&euro;","Disponibilit\u00e9":"En stock"},"schema":{"@context":"https:\/\/schema.org","@graph":[{"@type":"WebPage","@id":"https:\/\/iguanasmoke.com\/producto\/pack-cartucho-degustacion-sativanol-y-10-oh\/","url":"https:\/\/iguanasmoke.com\/producto\/pack-cartucho-degustacion-sativanol-y-10-oh\/","name":"Pack de d\u00e9gustation Sativanol et 10-OH | Iguana Smoke","isPartOf":{"@id":"https:\/\/iguanasmoke.com\/#website"},"primaryImageOfPage":{"@id":"https:\/\/iguanasmoke.com\/producto\/pack-cartucho-degustacion-sativanol-y-10-oh\/#primaryimage"},"image":{"@id":"https:\/\/iguanasmoke.com\/producto\/pack-cartucho-degustacion-sativanol-y-10-oh\/#primaryimage"},"thumbnailUrl":"https:\/\/iguanasmoke.com\/wp-content\/uploads\/2025\/07\/Pack-Space-Cart-10x.webp","datePublished":"2025-07-21T15:20:21+00:00","dateModified":"2026-03-15T16:59:04+00:00","description":"Red\u00e9finissez votre exp\u00e9rience de vapotage avec le Pack Cartouches de d\u00e9gustation Sativanol et 10-OH. La combinaison que vous attendiez pour en profiter pleinement.","breadcrumb":{"@id":"https:\/\/iguanasmoke.com\/producto\/pack-cartucho-degustacion-sativanol-y-10-oh\/#breadcrumb"},"inLanguage":"fr-FR","potentialAction":[{"@type":"ReadAction","target":["https:\/\/iguanasmoke.com\/producto\/pack-cartucho-degustacion-sativanol-y-10-oh\/"]}]},{"@type":"ImageObject","inLanguage":"fr-FR","@id":"https:\/\/iguanasmoke.com\/producto\/pack-cartucho-degustacion-sativanol-y-10-oh\/#primaryimage","url":"https:\/\/iguanasmoke.com\/wp-content\/uploads\/2025\/07\/Pack-Space-Cart-10x.webp","contentUrl":"https:\/\/iguanasmoke.com\/wp-content\/uploads\/2025\/07\/Pack-Space-Cart-10x.webp","width":1000,"height":1000,"caption":"Pack Cartucho degustaci\u00f3n STV y 10-OH"},{"@type":"BreadcrumbList","@id":"https:\/\/iguanasmoke.com\/producto\/pack-cartucho-degustacion-sativanol-y-10-oh\/#breadcrumb","itemListElement":[{"@type":"ListItem","position":1,"name":"home","item":"https:\/\/iguanasmoke.com\/"},{"@type":"ListItem","position":2,"name":"Tienda","item":"https:\/\/iguanasmoke.com\/tienda\/"},{"@type":"ListItem","position":3,"name":"Vaper CBD","item":"https:\/\/iguanasmoke.com\/categoria\/vaper-cbd\/"},{"@type":"ListItem","position":4,"name":"Cartuchos","item":"https:\/\/iguanasmoke.com\/categoria\/vaper-cbd\/cartuchos-cbd\/"},{"@type":"ListItem","position":5,"name":"Pack Cartucho Degustaci\u00f3n Sativanol y 10-OH"}]},{"@type":"WebSite","@id":"https:\/\/iguanasmoke.com\/#website","url":"https:\/\/iguanasmoke.com\/","name":"Fum\u00e9e d'iguane","description":"Acheter du CBD en ligne au meilleur prix","publisher":{"@id":"https:\/\/iguanasmoke.com\/#organization"},"potentialAction":[{"@type":"SearchAction","target":{"@type":"EntryPoint","urlTemplate":"https:\/\/iguanasmoke.com\/?s={search_term_string}"},"query-input":{"@type":"PropertyValueSpecification","valueRequired":true,"valueName":"search_term_string"}}],"inLanguage":"fr-FR"},{"@type":"Organization","@id":"https:\/\/iguanasmoke.com\/#organization","name":"Fum\u00e9e d'iguane","url":"https:\/\/iguanasmoke.com\/","logo":{"@type":"ImageObject","inLanguage":"fr-FR","@id":"https:\/\/iguanasmoke.com\/#\/schema\/logo\/image\/","url":"https:\/\/iguanasmoke.com\/wp-content\/uploads\/2025\/01\/logoiguana-favi-1.png","contentUrl":"https:\/\/iguanasmoke.com\/wp-content\/uploads\/2025\/01\/logoiguana-favi-1.png","width":512,"height":512,"caption":"Iguana Smoke"},"image":{"@id":"https:\/\/iguanasmoke.com\/#\/schema\/logo\/image\/"},"sameAs":["https:\/\/www.facebook.com\/iguanasmoke","https:\/\/www.instagram.com\/iguanasmoke\/"]}]},"product_brand":"composite","product_price_amount":"35.00","product_price_currency":"EUR","og_availability":"instock","product_availability":"instock","product_retailer_item_id":"IS-PACKSPACECART2-1ML","product_condition":"new"},"_links":{"self":[{"href":"https:\/\/iguanasmoke.com\/fr\/wp-json\/wp\/v2\/product\/61305","targetHints":{"allow":["GET"]}}],"collection":[{"href":"https:\/\/iguanasmoke.com\/fr\/wp-json\/wp\/v2\/product"}],"about":[{"href":"https:\/\/iguanasmoke.com\/fr\/wp-json\/wp\/v2\/types\/product"}],"replies":[{"embeddable":true,"href":"https:\/\/iguanasmoke.com\/fr\/wp-json\/wp\/v2\/comments?post=61305"}],"wp:featuredmedia":[{"embeddable":true,"href":"https:\/\/iguanasmoke.com\/fr\/wp-json\/wp\/v2\/media\/61625"}],"wp:attachment":[{"href":"https:\/\/iguanasmoke.com\/fr\/wp-json\/wp\/v2\/media?parent=61305"}],"wp:term":[{"taxonomy":"product_brand","embeddable":true,"href":"https:\/\/iguanasmoke.com\/fr\/wp-json\/wp\/v2\/product_brand?post=61305"},{"taxonomy":"product_cat","embeddable":true,"href":"https:\/\/iguanasmoke.com\/fr\/wp-json\/wp\/v2\/product_cat?post=61305"},{"taxonomy":"product_tag","embeddable":true,"href":"https:\/\/iguanasmoke.com\/fr\/wp-json\/wp\/v2\/product_tag?post=61305"}],"curies":[{"name":"wp","href":"https:\/\/api.w.org\/{rel}","templated":true}]}}