{"id":61406,"date":"2025-07-21T15:43:57","date_gmt":"2025-07-21T13:43:57","guid":{"rendered":"https:\/\/iguanasmoke.com\/?post_type=product&#038;p=61406"},"modified":"2026-03-15T21:21:29","modified_gmt":"2026-03-15T20:21:29","slug":"iguana-power-kit-stv-sativanol-cartridge-2ml","status":"publish","type":"product","link":"https:\/\/iguanasmoke.com\/fr\/producto\/kit-iguana-power-cartucho-stv-sativanol-2ml\/","title":{"rendered":"Kit Iguana Power + STV Sativanol Cartouche 2ml"},"content":{"rendered":"<h1 data-start=\"1609\" data-end=\"1642\"><span style=\"font-weight: 400;\">Kit Iguana Power + STV Cartridge 2ml<\/span><\/h1>\n<p>Ce kit complet Iguana Power + STV 2ml Cartridge Kit vous offre la combinaison parfaite de puissance et d'une large gamme de cannabino\u00efdes. Pour commencer, il fusionne le polyvalent <a href=\"https:\/\/iguanasmoke.com\/fr\/produit\/iguana-power-battery-510-pour-cartouches-2ml\/\">Batterie 510 large<\/a> avec les cartouches STV (Sativanol) de 2ml pour une exp\u00e9rience de vape de haute qualit\u00e9.<\/p>\n<p>&nbsp;<\/p>\n<h2><strong>Caract\u00e9ristiques :<\/strong><\/h2>\n<ul>\n<li><span style=\"font-weight: 400;\"><strong>Compatibilit\u00e9 universelle :<\/strong> La batterie 510 Iguana Power Battery fonctionne avec toutes les cartouches et atomiseurs du march\u00e9, y compris la cartouche STV 2ml.<\/span><\/li>\n<li><span style=\"font-weight: 400;\"><strong>Conception compacte et robuste :<\/strong> Sa taille le rend id\u00e9al pour une utilisation quotidienne et il est con\u00e7u pour durer. <\/span><\/li>\n<li><span style=\"font-weight: 400;\"><strong>Diff\u00e9rentes saveurs.<\/strong>\u00a0<\/span><\/li>\n<li><span style=\"font-weight: 400;\"><strong>Kit complet et pr\u00eat \u00e0 l'emploi :<\/strong> comprend 1 batterie Iguana Power Wide + 1 cartouche STV 2ml de la saveur de votre choix. Profitez de la commodit\u00e9 d'un kit tout-en-un qui vous permet de vous d\u00e9tendre au maximum.<\/span><\/li>\n<li>Mode d'utilisation de la batterie :\n<ul>\n<li>Bouton d'activation avec diff\u00e9rentes fonctions : <span style=\"font-weight: 400;\">le bouton d'alimentation a 3 usages diff\u00e9rents : <strong>appuyer 5 fois<\/strong> pour <strong>l'allumer<\/strong>; <strong>3 fois<\/strong> modifier les <strong>tension<\/strong> y <strong>2 fois<\/strong> pour <strong>pr\u00e9chauffer<\/strong>.\u00a0<\/span><\/li>\n<li>Bouton r\u00e9glable pour une vapeur personnalis\u00e9e : <span style=\"font-weight: 400;\">vous pouvez ajuster la puissance \u00e0 votre convenance pour profiter de gros nuages et d'ar\u00f4mes intenses en quelques clics.\u00a0<\/span><\/li>\n<\/ul>\n<\/li>\n<\/ul>\n<p>&nbsp;<\/p>\n<h2><strong>Qu'est-ce qu'une cartouche jetable ?<\/strong><\/h2>\n<p><span style=\"font-weight: 400;\">A <strong>cartouche jetable<\/strong>, \u00e9galement appel\u00e9 capsule ou \u201cchariot\u201d, est un petit cylindre dot\u00e9 d'un <strong>510, connexion 1ml ou 2ml<\/strong> qui est pr\u00e9-remplie de liquide de vapotage. La grande diff\u00e9rence avec les autres types de cartouches est qu'elle n'a pas besoin d'\u00eatre recharg\u00e9e : <strong>lorsqu'il est \u00e9puis\u00e9, il est simplement jet\u00e9<\/strong>.<\/span><\/p>\n<p>&nbsp;<\/p>\n<h2><strong>Qu'est-ce que le STV ou Sativanol ?<\/strong><\/h2>\n<p><span style=\"font-weight: 400;\">Le <strong>Sativanol<\/strong>, <strong>STV<\/strong> o <strong>Super Sativa<\/strong> est une mol\u00e9cule de chanvre de derni\u00e8re g\u00e9n\u00e9ration qui ne contient pas de THC ni de d\u00e9riv\u00e9s (HHC, THCP...), mais dont l'effet est comparable \u00e0 celui d'un <strong>Sativa puissante<\/strong>Le nec plus ultra en mati\u00e8re de clart\u00e9 mentale, d'euphorie douce et de bien-\u00eatre sans brouillard ni abattement. C'est votre alli\u00e9 pour une exp\u00e9rience stimulante et fonctionnelle.\u00a0<\/span><\/p>\n<ul>\n<li>Principaux effets : associ\u00e9 \u00e0 une euphorie mentale l\u00e9g\u00e8re mais puissante, accompagn\u00e9e d'une am\u00e9lioration de la concentration et de l'attention sans s\u00e9dation.<\/li>\n<li>Principaux avantages : pas de tol\u00e9rance en cas d'utilisation prolong\u00e9e, pas de gueule de bois ni de somnolence, et 100% ne contient pas de cannabino\u00efdes contr\u00f4l\u00e9s.<\/li>\n<li>Format : Chaque cartouche de 2 ml offre jusqu'\u00e0 600 bouff\u00e9es, id\u00e9al pour ceux qui recherchent un ensemble complet comme le kit de cartouches de 2 ml Iguana Power + STV.<\/li>\n<\/ul>\n<p>La formule STV est id\u00e9ale pour ceux qui doivent \u00eatre actifs, cr\u00e9atifs ou qui souhaitent simplement profiter d'un moment de clart\u00e9 mentale sans se d\u00e9connecter.<\/p>\n<p>&nbsp;<\/p>\n<h2>Des saveurs exquises dans l'Iguana Power Kit + STV 2ml Cartridge<\/h2>\n<p><span style=\"font-weight: 400;\">Pour une exp\u00e9rience de vapotage de premier ordre, nous proposons une vari\u00e9t\u00e9 d'ar\u00f4mes soigneusement s\u00e9lectionn\u00e9s :<\/span><\/p>\n<ul>\n<li>Profils de cannabis authentiques : Amnesia (terreux et \u00e9pic\u00e9), Gelato (doux, sucr\u00e9 et herbac\u00e9) et Gorilla Glue (robuste, \u00e9pic\u00e9 et terreux).<\/li>\n<li>Options fruit\u00e9es et rafra\u00eechissantes : Mangue (exotique), Lemon Haze (rafra\u00eechissant et agrumes), Red Berries (baies rouges sucr\u00e9es) et Strawberry (doux et naturel).<\/li>\n<\/ul>\n<p>&nbsp;<\/p>\n<h3><b>Iguana Smoke est votre boutique en ligne de CBD de confiance<\/b><\/h3>\n<p><span style=\"font-weight: 400;\">Chez Iguana Smoke, nous pensons que le CBD doit \u00eatre une exp\u00e9rience s\u00fbre et agr\u00e9able. C'est pourquoi nous proposons des produits de haute qualit\u00e9 qui s'adressent aux nouvelles g\u00e9n\u00e9rations : des personnes qui recherchent un bien-\u00eatre simple, avec des marques authentiques et fiables.\u00a0<\/span><\/p>\n<p>Vous savez, notre mission est claire : vous apporter le meilleur du monde des cannabino\u00efdes \u00e0 un prix juste, avec la tranquillit\u00e9 d'esprit de savoir que vous choisissez un produit certifi\u00e9, efficace et 100% l\u00e9gal.<\/p>\n<p>Vous avez encore des doutes ? \u00c9crivez-nous et nous nous ferons un plaisir de vous aider \u00e0 trouver le produit qui vous convient, comme notre c\u00e9l\u00e8bre kit de cartouches Iguana Power + STV 2ml.<\/p>\n<p>&nbsp;<\/p>\n<p><em><span style=\"font-weight: 400;\">*Rappelez-vous : votre <strong>utilisation \u00e0 des fins de collecte ou d'aromath\u00e9rapie<\/strong> en vertu de la loi espagnole.<\/span><\/em><\/p>\n<p><em><span style=\"font-weight: 400;\">**Tous nos produits sont d\u00e9riv\u00e9s de chanvre industriel certifi\u00e9. Ils contiennent moins de 0,3 THC et ne contiennent pas de cannabino\u00efdes ill\u00e9gaux tels que HHC, HHC-P, THCP, THCP-O, H4CBD et ceux inclus dans l'annexe I du d\u00e9cret royal 2829\/1977, ni de substances contr\u00f4l\u00e9es par les conventions internationales.\u00a0\u00a0<\/span><\/em><\/p>","protected":false},"excerpt":{"rendered":"<ul>\n<li><span style=\"font-size: 16px;\">Large Batterie : 400 <em>MaH<\/em> pour cartouches de 2 ml<\/span><\/li>\n<li>Cartouche STV de 2ml incluse (600 bouff\u00e9es)<\/li>\n<li>Tension : 2,7v - 3,1v - 3,6v<\/li>\n<li>Fonction d'\u00e9chauffement de 15 secondes<\/li>\n<li>Connexion : USB-C<\/li>\n<\/ul>","protected":false},"featured_media":61629,"comment_status":"open","ping_status":"closed","template":"","meta":{"_acf_changed":false,"site-sidebar-layout":"default","site-content-layout":"","ast-site-content-layout":"default","site-content-style":"default","site-sidebar-style":"default","ast-global-header-display":"","ast-banner-title-visibility":"","ast-main-header-display":"","ast-hfb-above-header-display":"","ast-hfb-below-header-display":"","ast-hfb-mobile-header-display":"","site-post-title":"","ast-breadcrumbs-content":"","ast-featured-img":"","footer-sml-layout":"","theme-transparent-header-meta":"default","adv-header-id-meta":"","stick-header-meta":"","header-above-stick-meta":"","header-main-stick-meta":"","header-below-stick-meta":"","astra-migrate-meta-layouts":"set","ast-page-background-enabled":"default","ast-page-background-meta":{"desktop":{"background-color":"var(--ast-global-color-4)","background-image":"","background-repeat":"repeat","background-position":"center center","background-size":"auto","background-attachment":"scroll","background-type":"","background-media":"","overlay-type":"","overlay-color":"","overlay-opacity":"","overlay-gradient":""},"tablet":{"background-color":"","background-image":"","background-repeat":"repeat","background-position":"center center","background-size":"auto","background-attachment":"scroll","background-type":"","background-media":"","overlay-type":"","overlay-color":"","overlay-opacity":"","overlay-gradient":""},"mobile":{"background-color":"","background-image":"","background-repeat":"repeat","background-position":"center center","background-size":"auto","background-attachment":"scroll","background-type":"","background-media":"","overlay-type":"","overlay-color":"","overlay-opacity":"","overlay-gradient":""}},"ast-content-background-meta":{"desktop":{"background-color":"var(--ast-global-color-5)","background-image":"","background-repeat":"repeat","background-position":"center center","background-size":"auto","background-attachment":"scroll","background-type":"","background-media":"","overlay-type":"","overlay-color":"","overlay-opacity":"","overlay-gradient":""},"tablet":{"background-color":"var(--ast-global-color-5)","background-image":"","background-repeat":"repeat","background-position":"center center","background-size":"auto","background-attachment":"scroll","background-type":"","background-media":"","overlay-type":"","overlay-color":"","overlay-opacity":"","overlay-gradient":""},"mobile":{"background-color":"var(--ast-global-color-5)","background-image":"","background-repeat":"repeat","background-position":"center center","background-size":"auto","background-attachment":"scroll","background-type":"","background-media":"","overlay-type":"","overlay-color":"","overlay-opacity":"","overlay-gradient":""}}},"product_brand":[],"product_cat":[984,419],"product_tag":[],"class_list":{"0":"post-61406","1":"product","2":"type-product","3":"status-publish","4":"has-post-thumbnail","6":"product_cat-baterias-y-kits-de-vapeo","7":"product_cat-cartuchos-cbd","8":"desktop-align-center","9":"tablet-align-center","10":"mobile-align-center","12":"first","13":"instock","14":"taxable","15":"shipping-taxable","16":"purchasable","17":"product-type-composite"},"acf":[],"yoast_head":"<!-- This site is optimized with the Yoast SEO Premium plugin v27.3 (Yoast SEO v27.3) - https:\/\/yoast.com\/product\/yoast-seo-premium-wordpress\/ -->\n<title>Kit Iguana Power + Cartucho STV 2ml | Iguana Smoke<\/title>\n<meta name=\"description\" content=\"Transforma tu forma de vapear con el Kit Iguana Power + Cartucho STV 2ml. Disfruta de una amplia gama de cannabinoides y potencia.\" \/>\n<meta name=\"robots\" content=\"index, follow, max-snippet:-1, max-image-preview:large, max-video-preview:-1\" \/>\n<link rel=\"canonical\" href=\"https:\/\/iguanasmoke.com\/fr\/produit\/iguana-power-kit-stv-sativanol-cartridge-2ml\/\" \/>\n<meta property=\"og:locale\" content=\"fr_FR\" \/>\n<meta property=\"og:type\" content=\"article\" \/>\n<meta property=\"og:title\" content=\"Kit Iguana Power + Cartucho de STV Sativanol 2ml\" \/>\n<meta property=\"og:description\" content=\"Bater\u00eda Wide: 400 MaH para cartuchos de 2ml  Cartucho de STV de 2ml incluido (600 caladas)  Voltaje: 2,7v - 3,1v - 3,6v  Funci\u00f3n precalentamiento de 15 segundos  Conexi\u00f3n: USB-C\" \/>\n<meta property=\"og:url\" content=\"https:\/\/iguanasmoke.com\/fr\/produit\/iguana-power-kit-stv-sativanol-cartridge-2ml\/\" \/>\n<meta property=\"og:site_name\" content=\"Iguana Smoke\" \/>\n<meta property=\"article:publisher\" content=\"https:\/\/www.facebook.com\/iguanasmoke\" \/>\n<meta property=\"article:modified_time\" content=\"2026-03-15T20:21:29+00:00\" \/>\n<meta property=\"og:image\" content=\"https:\/\/iguanasmoke.com\/wp-content\/uploads\/2025\/07\/Bateria-wide-Cartucho-STV-2ml.webp\" \/>\n\t<meta property=\"og:image:width\" content=\"1000\" \/>\n\t<meta property=\"og:image:height\" content=\"1000\" \/>\n\t<meta property=\"og:image:type\" content=\"image\/webp\" \/>\n<meta name=\"twitter:card\" content=\"summary_large_image\" \/>\n<meta name=\"twitter:label1\" content=\"Prix\" \/>\n\t<meta name=\"twitter:data1\" content=\"32,90&nbsp;&euro;\" \/>\n\t<meta name=\"twitter:label2\" content=\"Disponibilit\u00e9\" \/>\n\t<meta name=\"twitter:data2\" content=\"En stock\" \/>\n<meta property=\"product:brand\" content=\"composite\" \/>\n<meta property=\"product:price:amount\" content=\"32.90\" \/>\n<meta property=\"product:price:currency\" content=\"EUR\" \/>\n<meta property=\"og:availability\" content=\"instock\" \/>\n<meta property=\"product:availability\" content=\"instock\" \/>\n<meta property=\"product:retailer_item_id\" content=\"IS-BAT510-PENKITSTV-2ML\" \/>\n<meta property=\"product:condition\" content=\"new\" \/>\n<!-- \/ Yoast SEO Premium plugin. -->","yoast_head_json":{"title":"Kit Iguana Power + Cartouche STV 2ml | Iguana Smoke","description":"Transformez votre fa\u00e7on de vaper avec le kit de cartouche 2ml Iguana Power + STV. Profitez d'une large gamme de cannabino\u00efdes et de puissance.","robots":{"index":"index","follow":"follow","max-snippet":"max-snippet:-1","max-image-preview":"max-image-preview:large","max-video-preview":"max-video-preview:-1"},"canonical":"https:\/\/iguanasmoke.com\/fr\/produit\/iguana-power-kit-stv-sativanol-cartridge-2ml\/","og_locale":"fr_FR","og_type":"article","og_title":"Kit Iguana Power + Cartucho de STV Sativanol 2ml","og_description":"Bater\u00eda Wide: 400 MaH para cartuchos de 2ml  Cartucho de STV de 2ml incluido (600 caladas)  Voltaje: 2,7v - 3,1v - 3,6v  Funci\u00f3n precalentamiento de 15 segundos  Conexi\u00f3n: USB-C","og_url":"https:\/\/iguanasmoke.com\/fr\/produit\/iguana-power-kit-stv-sativanol-cartridge-2ml\/","og_site_name":"Iguana Smoke","article_publisher":"https:\/\/www.facebook.com\/iguanasmoke","article_modified_time":"2026-03-15T20:21:29+00:00","og_image":[{"width":1000,"height":1000,"url":"https:\/\/iguanasmoke.com\/wp-content\/uploads\/2025\/07\/Bateria-wide-Cartucho-STV-2ml.webp","type":"image\/webp"}],"twitter_card":"summary_large_image","twitter_misc":{"Prix":"32,90&nbsp;&euro;","Disponibilit\u00e9":"En stock"},"schema":{"@context":"https:\/\/schema.org","@graph":[{"@type":"WebPage","@id":"https:\/\/iguanasmoke.com\/producto\/kit-iguana-power-cartucho-stv-sativanol-2ml\/","url":"https:\/\/iguanasmoke.com\/producto\/kit-iguana-power-cartucho-stv-sativanol-2ml\/","name":"Kit Iguana Power + Cartouche STV 2ml | Iguana Smoke","isPartOf":{"@id":"https:\/\/iguanasmoke.com\/#website"},"primaryImageOfPage":{"@id":"https:\/\/iguanasmoke.com\/producto\/kit-iguana-power-cartucho-stv-sativanol-2ml\/#primaryimage"},"image":{"@id":"https:\/\/iguanasmoke.com\/producto\/kit-iguana-power-cartucho-stv-sativanol-2ml\/#primaryimage"},"thumbnailUrl":"https:\/\/iguanasmoke.com\/wp-content\/uploads\/2025\/07\/Bateria-wide-Cartucho-STV-2ml.webp","datePublished":"2025-07-21T13:43:57+00:00","dateModified":"2026-03-15T20:21:29+00:00","description":"Transformez votre fa\u00e7on de vaper avec le kit de cartouche 2ml Iguana Power + STV. Profitez d'une large gamme de cannabino\u00efdes et de puissance.","breadcrumb":{"@id":"https:\/\/iguanasmoke.com\/producto\/kit-iguana-power-cartucho-stv-sativanol-2ml\/#breadcrumb"},"inLanguage":"fr-FR","potentialAction":[{"@type":"ReadAction","target":["https:\/\/iguanasmoke.com\/producto\/kit-iguana-power-cartucho-stv-sativanol-2ml\/"]}]},{"@type":"ImageObject","inLanguage":"fr-FR","@id":"https:\/\/iguanasmoke.com\/producto\/kit-iguana-power-cartucho-stv-sativanol-2ml\/#primaryimage","url":"https:\/\/iguanasmoke.com\/wp-content\/uploads\/2025\/07\/Bateria-wide-Cartucho-STV-2ml.webp","contentUrl":"https:\/\/iguanasmoke.com\/wp-content\/uploads\/2025\/07\/Bateria-wide-Cartucho-STV-2ml.webp","width":1000,"height":1000,"caption":"kit cartucho 2ml stv + iguana power bateria wide"},{"@type":"BreadcrumbList","@id":"https:\/\/iguanasmoke.com\/producto\/kit-iguana-power-cartucho-stv-sativanol-2ml\/#breadcrumb","itemListElement":[{"@type":"ListItem","position":1,"name":"home","item":"https:\/\/iguanasmoke.com\/"},{"@type":"ListItem","position":2,"name":"Tienda","item":"https:\/\/iguanasmoke.com\/tienda\/"},{"@type":"ListItem","position":3,"name":"Vaper CBD","item":"https:\/\/iguanasmoke.com\/categoria\/vaper-cbd\/"},{"@type":"ListItem","position":4,"name":"Cartuchos","item":"https:\/\/iguanasmoke.com\/categoria\/vaper-cbd\/cartuchos-cbd\/"},{"@type":"ListItem","position":5,"name":"Bater\u00edas y Kits de Vapeo","item":"https:\/\/iguanasmoke.com\/categoria\/vaper-cbd\/cartuchos-cbd\/baterias-y-kits-de-vapeo\/"},{"@type":"ListItem","position":6,"name":"Kit Iguana Power + Cartucho de STV Sativanol 2ml"}]},{"@type":"WebSite","@id":"https:\/\/iguanasmoke.com\/#website","url":"https:\/\/iguanasmoke.com\/","name":"Fum\u00e9e d'iguane","description":"Acheter du CBD en ligne au meilleur prix","publisher":{"@id":"https:\/\/iguanasmoke.com\/#organization"},"potentialAction":[{"@type":"SearchAction","target":{"@type":"EntryPoint","urlTemplate":"https:\/\/iguanasmoke.com\/?s={search_term_string}"},"query-input":{"@type":"PropertyValueSpecification","valueRequired":true,"valueName":"search_term_string"}}],"inLanguage":"fr-FR"},{"@type":"Organization","@id":"https:\/\/iguanasmoke.com\/#organization","name":"Fum\u00e9e d'iguane","url":"https:\/\/iguanasmoke.com\/","logo":{"@type":"ImageObject","inLanguage":"fr-FR","@id":"https:\/\/iguanasmoke.com\/#\/schema\/logo\/image\/","url":"https:\/\/iguanasmoke.com\/wp-content\/uploads\/2025\/01\/logoiguana-favi-1.png","contentUrl":"https:\/\/iguanasmoke.com\/wp-content\/uploads\/2025\/01\/logoiguana-favi-1.png","width":512,"height":512,"caption":"Iguana Smoke"},"image":{"@id":"https:\/\/iguanasmoke.com\/#\/schema\/logo\/image\/"},"sameAs":["https:\/\/www.facebook.com\/iguanasmoke","https:\/\/www.instagram.com\/iguanasmoke\/"]}]},"product_brand":"composite","product_price_amount":"32.90","product_price_currency":"EUR","og_availability":"instock","product_availability":"instock","product_retailer_item_id":"IS-BAT510-PENKITSTV-2ML","product_condition":"new"},"_links":{"self":[{"href":"https:\/\/iguanasmoke.com\/fr\/wp-json\/wp\/v2\/product\/61406","targetHints":{"allow":["GET"]}}],"collection":[{"href":"https:\/\/iguanasmoke.com\/fr\/wp-json\/wp\/v2\/product"}],"about":[{"href":"https:\/\/iguanasmoke.com\/fr\/wp-json\/wp\/v2\/types\/product"}],"replies":[{"embeddable":true,"href":"https:\/\/iguanasmoke.com\/fr\/wp-json\/wp\/v2\/comments?post=61406"}],"wp:featuredmedia":[{"embeddable":true,"href":"https:\/\/iguanasmoke.com\/fr\/wp-json\/wp\/v2\/media\/61629"}],"wp:attachment":[{"href":"https:\/\/iguanasmoke.com\/fr\/wp-json\/wp\/v2\/media?parent=61406"}],"wp:term":[{"taxonomy":"product_brand","embeddable":true,"href":"https:\/\/iguanasmoke.com\/fr\/wp-json\/wp\/v2\/product_brand?post=61406"},{"taxonomy":"product_cat","embeddable":true,"href":"https:\/\/iguanasmoke.com\/fr\/wp-json\/wp\/v2\/product_cat?post=61406"},{"taxonomy":"product_tag","embeddable":true,"href":"https:\/\/iguanasmoke.com\/fr\/wp-json\/wp\/v2\/product_tag?post=61406"}],"curies":[{"name":"wp","href":"https:\/\/api.w.org\/{rel}","templated":true}]}}