{"id":61795,"date":"2025-09-30T12:13:32","date_gmt":"2025-09-30T10:13:32","guid":{"rendered":"https:\/\/iguanasmoke.com\/?post_type=product&#038;p=61795"},"modified":"2026-04-15T10:44:07","modified_gmt":"2026-04-15T08:44:07","slug":"hash-cbd-amnesia-30","status":"publish","type":"product","link":"https:\/\/iguanasmoke.com\/fr\/producto\/hash-cbd-amnesia-30\/","title":{"rendered":"Hash CBD Amnesia 30%"},"content":{"rendered":"<h1><span style=\"font-weight: 400\">Hash CBD Amnesia 30% : D\u00e9couvrez l'excellence suisse<\/span><\/h1>\n<p><span style=\"font-weight: 400\">Nous vous pr\u00e9sentons l'une des r\u00e9sines les plus premium et luxueuses de notre collection : The Hash CBD Amnesia 30%. Vous savez que chez Iguana Smoke nous aimons vous offrir le meilleur de l'univers du CBD, et celui-ci est pr\u00e9cis\u00e9ment fait de <strong>des plantes vigoureuses<\/strong> et soigneusement s\u00e9lectionn\u00e9s parmi les <strong>Souche Amnesia de qualit\u00e9 suisse<\/strong>, l'un des <strong>Fleurs CBD les plus connues<\/strong> et appr\u00e9ci\u00e9 dans le monde du haschisch CBD sans THC.\u00a0<\/span><\/p>\n<p>Ce hash CBD Amnesia vous procure un profond sentiment de relaxation et de calme, ce qui en fait une r\u00e9sine puissante pour votre routine nocturne ou pour les moments qui requi\u00e8rent une tranquillit\u00e9 suppl\u00e9mentaire.<\/p>\n<p><span style=\"font-weight: 400\">Il contient \u00e9galement moins de 0,3% de THC, ce qui fait de ce haschisch un produit de qualit\u00e9. <strong>juridique en Espagne et en Europe<\/strong>. Explorez sa texture et savourez ses ar\u00f4mes ! D\u00e9couvrez pourquoi le <strong>Hash CBD Amnesia 30% <\/strong>est l'une des r\u00e9sines les plus pures, les plus puissantes et de la meilleure qualit\u00e9 que vous puissiez trouver si vous souhaitez <strong>haschisch CBD bon march\u00e9<\/strong> mais premium.<\/span><\/p>\n<p>&nbsp;<\/p>\n<h2>Caract\u00e9ristiques de l'amn\u00e9sie au Hash CBD :<\/h2>\n<ul>\n<li><b>Aspect et texture : <span style=\"font-size: 16px;font-weight: 400\">pr\u00e9sente une coh\u00e9rence <strong>mall\u00e9able et r\u00e9sineux<\/strong>. Suffisamment souple pour s'effriter \u00e0 la chaleur des doigts, tout en conservant une structure compacte. Au toucher, un peu <strong>pringy<\/strong> en raison de la <strong>forte concentration de r\u00e9sine riche en cannabino\u00efdes et en terp\u00e8nes<\/strong>; L'indicateur de leur <strong>qualit\u00e9 et puret\u00e9 sup\u00e9rieures<\/strong>.<\/span><\/b><\/li>\n<li><span style=\"font-size: 16px;font-weight: 400\"><strong>Ar\u00f4me et go\u00fbt :<\/strong> intense, avec un profil complexe et captivant. Notes principales <strong>terreux et bois\u00e9<\/strong>. Des nuances peuvent \u00e9galement \u00eatre observ\u00e9es <strong>agrumes<\/strong> et une touche \u00e9pic\u00e9e rappelant l'embl\u00e9matique <strong>souche de cannabis Amnesia<\/strong>. Votre <strong>le profil olfactif est frais et profond<\/strong>, invitant \u00e0 la d\u00e9tente.<\/span><\/li>\n<li><strong>Origine et puret\u00e9 :<\/strong><span style=\"font-size: 16px;font-weight: 400\">\u00a0conserve tous ses <strong>terp\u00e8nes naturels<\/strong>, offrant un profil unique.<\/span><span style=\"font-size: 16px;font-weight: 400\"> Avec <strong>teneur \u00e9lev\u00e9e en cannabidiol<\/strong>, est id\u00e9al pour ceux qui recherchent <strong>haschisch<\/strong> <strong>CBD bon march\u00e9<\/strong> mais sans perdre en qualit\u00e9. Sa texture et son ar\u00f4me intenses proviennent <strong>fleurs de chanvre suisses de haute qualit\u00e9<\/strong> s\u00e9lectionn\u00e9es et un processus minutieux d'extraction des <strong>trichomes<\/strong>, qui sont les <strong>glandes riches en CBD et en terp\u00e8nes<\/strong>, par pressage ou tamisage.\u00a0<\/span><\/li>\n<\/ul>\n<h3><\/h3>\n<p>&nbsp;<\/p>\n<h3><b>Pourquoi acheter du hash CBD Amnesia 30% chez Iguana Smoke ?<\/b><\/h3>\n<p><span style=\"font-weight: 400\">Chez Iguana Smoke, nous nous engageons sur la qualit\u00e9. Nos produits de haschisch CBD sont 100% naturels et biologiques, sans produits chimiques ni pesticides. Cela signifie que lorsque vous achetez chez nous, vous choisissez <strong>r\u00e9sine et haschisch CBD purs et s\u00fbrs<\/strong>. Comme c'est le cas pour nos <span style=\"font-size: 16px;font-weight: 400\"><strong>Amnesia CBD haschisch 30%<\/strong><\/span><strong>.<\/strong><\/span><\/p>\n<p><span style=\"font-weight: 400\">C'est l'endroit s\u00fbr pour <strong>acheter du hash CBD en ligne en Espagne.<\/strong> Tous nos produits sont approuv\u00e9s par l'UE, ce qui garantit leur l\u00e9galit\u00e9 et leur s\u00e9curit\u00e9. Avec moins de 0,3 % THC, vous pouvez profiter des nombreux avantages du CBD sans les effets psychoactifs. Nos produits <strong>Hachis de CBD sans THC \u00e0 haute teneur en CBD<\/strong> r\u00e9pond aux normes de qualit\u00e9, dont l'analyse est disponible \u00e0 l'adresse suivante<\/span><span style=\"font-weight: 400\">\u00a0<a href=\"https:\/\/iguanasmoke.com\/fr\/lanalyse\/\">ici<\/a>.\u00a0<\/span><\/p>\n<p><em><span style=\"font-weight: 400\">*Veuillez noter que son utilisation est destin\u00e9e \u00e0 la collection ou \u00e0 l'aromath\u00e9rapie, conform\u00e9ment \u00e0 la loi espagnole.\u00a0<\/span><\/em><\/p>\n<p><span style=\"font-weight: 400\">De plus, si vous aimez nos r\u00e9sines CBD plus traditionnelles, comme le <a href=\"https:\/\/iguanasmoke.com\/fr\/produit\/hash-cbd-frozen-golden-cider\/\">Cidre dor\u00e9 congel\u00e9 au hash<\/a> ou le <a href=\"https:\/\/iguanasmoke.com\/fr\/produit\/blonde-hash-cbd-20\/\">hash CBD Blonde<\/a>,Vous <\/span><span style=\"font-weight: 400\">nous veillons \u00e0 ce que les <strong>Hash CBD Amnesia<\/strong> 30% vous fera tomber amoureux. N'oubliez pas non plus d'essayer d'autres <strong>Produits TOP<\/strong> comme <a href=\"https:\/\/iguanasmoke.com\/fr\/produit\/iguana-power-cartridge-cbd-full-spectrum-kit\/\">CBD Full Spectrum Battery + Cartridges Kit<\/a> ou le <a href=\"https:\/\/iguanasmoke.com\/fr\/cbd-vaper\/\">Vapeurs CBD<\/a>. <\/span><span style=\"font-weight: 400\">En bref, explorez notre vari\u00e9t\u00e9 et trouvez vos favoris d\u00e8s maintenant.\u00a0<\/span><\/p>\n<p>&nbsp;<\/p>\n<h3><b>Iguana Smoke est synonyme de qualit\u00e9 et de fiabilit\u00e9.<\/b><\/h3>\n<p><span style=\"font-weight: 400\">Chez Iguana Smoke, nous pensons que le CBD doit \u00eatre une exp\u00e9rience s\u00fbre et agr\u00e9able. C'est pourquoi nous proposons des produits de haute qualit\u00e9 qui s'adressent aux nouvelles g\u00e9n\u00e9rations : des personnes qui recherchent un bien-\u00eatre simple, avec des marques authentiques et fiables. N'oubliez pas que tous nos produits sont <strong>Hachis CBD sans THC<\/strong>, tels que le <strong>Hash CBD Amnesia 30% <\/strong>vous allez essayer.<\/span><\/p>\n<p>Vous savez, notre mission est claire : vous apporter le meilleur du monde des cannabino\u00efdes \u00e0 un prix \u00e9quitable, avec la tranquillit\u00e9 d'esprit de savoir que vous choisissez un produit certifi\u00e9, efficace et 100% l\u00e9gal. Nous sommes \u00e0 l'avant-garde des produits CBD.<\/p>\n<p>Vous avez encore des doutes ? Ecrivez-nous et nous nous ferons un plaisir de vous aider \u00e0 trouver le produit qui vous convient.<\/p>","protected":false},"excerpt":{"rendered":"<p>Nous pr\u00e9sentons les <b>Hash CBD Amnesia<\/b>, une r\u00e9sine de luxe fabriqu\u00e9e \u00e0 partir de fleurs d'Amnesia d'une puret\u00e9 sup\u00e9rieure :<\/p>\n<ul>\n<li><b>Texture douce et mall\u00e9able<\/b>\u00a0et de couleur dor\u00e9e.<\/li>\n<li><b>Ar\u00f4me puissant :<\/b> Go\u00fbt d'amn\u00e9sie avec des notes de terre et d'agrumes.<\/li>\n<li>Teneur \u00e9lev\u00e9e en <b>CBD\u00a0<\/b>et &lt;0,3% de THC.<\/li>\n<\/ul>\n<p>Analyse de la qualit\u00e9 : cliquez\u00a0<a href=\"https:\/\/iguanasmoke.com\/fr\/lanalyse\/\" target=\"_blank\" rel=\"noopener\">ici<\/a><\/p>","protected":false},"featured_media":81731,"comment_status":"open","ping_status":"closed","template":"","meta":{"_acf_changed":false,"site-sidebar-layout":"default","site-content-layout":"","ast-site-content-layout":"default","site-content-style":"default","site-sidebar-style":"default","ast-global-header-display":"","ast-banner-title-visibility":"","ast-main-header-display":"","ast-hfb-above-header-display":"","ast-hfb-below-header-display":"","ast-hfb-mobile-header-display":"","site-post-title":"","ast-breadcrumbs-content":"","ast-featured-img":"","footer-sml-layout":"","theme-transparent-header-meta":"default","adv-header-id-meta":"","stick-header-meta":"","header-above-stick-meta":"","header-main-stick-meta":"","header-below-stick-meta":"","astra-migrate-meta-layouts":"set","ast-page-background-enabled":"default","ast-page-background-meta":{"desktop":{"background-color":"var(--ast-global-color-4)","background-image":"","background-repeat":"repeat","background-position":"center center","background-size":"auto","background-attachment":"scroll","background-type":"","background-media":"","overlay-type":"","overlay-color":"","overlay-opacity":"","overlay-gradient":""},"tablet":{"background-color":"","background-image":"","background-repeat":"repeat","background-position":"center center","background-size":"auto","background-attachment":"scroll","background-type":"","background-media":"","overlay-type":"","overlay-color":"","overlay-opacity":"","overlay-gradient":""},"mobile":{"background-color":"","background-image":"","background-repeat":"repeat","background-position":"center center","background-size":"auto","background-attachment":"scroll","background-type":"","background-media":"","overlay-type":"","overlay-color":"","overlay-opacity":"","overlay-gradient":""}},"ast-content-background-meta":{"desktop":{"background-color":"var(--ast-global-color-5)","background-image":"","background-repeat":"repeat","background-position":"center center","background-size":"auto","background-attachment":"scroll","background-type":"","background-media":"","overlay-type":"","overlay-color":"","overlay-opacity":"","overlay-gradient":""},"tablet":{"background-color":"var(--ast-global-color-5)","background-image":"","background-repeat":"repeat","background-position":"center center","background-size":"auto","background-attachment":"scroll","background-type":"","background-media":"","overlay-type":"","overlay-color":"","overlay-opacity":"","overlay-gradient":""},"mobile":{"background-color":"var(--ast-global-color-5)","background-image":"","background-repeat":"repeat","background-position":"center center","background-size":"auto","background-attachment":"scroll","background-type":"","background-media":"","overlay-type":"","overlay-color":"","overlay-opacity":"","overlay-gradient":""}}},"product_brand":[],"product_cat":[397],"product_tag":[],"class_list":{"0":"post-61795","1":"product","2":"type-product","3":"status-publish","4":"has-post-thumbnail","6":"product_cat-hash-cbd","7":"desktop-align-center","8":"tablet-align-center","9":"mobile-align-center","11":"first","12":"instock","13":"taxable","14":"shipping-taxable","15":"purchasable","16":"product-type-variable"},"acf":[],"yoast_head":"<!-- This site is optimized with the Yoast SEO Premium plugin v27.3 (Yoast SEO v27.3) - https:\/\/yoast.com\/product\/yoast-seo-premium-wordpress\/ -->\n<title>Hash CBD Amnesia: Calidad Suiza | Iguana Smoke<\/title>\n<meta name=\"description\" content=\"Eleva tu experiencia con el Hash CBD Amnesia, una resina premium de calidad Suiza. No te pierdas esta joya, tu hash de CBD sin THC \u00a1c\u00f3mpralo ahora!\" \/>\n<meta name=\"robots\" content=\"index, follow, max-snippet:-1, max-image-preview:large, max-video-preview:-1\" \/>\n<link rel=\"canonical\" href=\"https:\/\/iguanasmoke.com\/fr\/produit\/hash-cbd-amnesia-30\/\" \/>\n<meta property=\"og:locale\" content=\"fr_FR\" \/>\n<meta property=\"og:type\" content=\"article\" \/>\n<meta property=\"og:title\" content=\"Hash CBD Amnesia 30%\" \/>\n<meta property=\"og:description\" content=\"Te presentamos el Hash CBD Amnesia, una resina de lujo elaborada a partir de flores Amnesia de pureza superior:   Textura suave, maleable\u00a0y color dorado.  Aroma potente: sabor a Amnesia con notas terrosas y c\u00edtricas.  Alto contenido en CBD\u00a0y &lt;0,3% de THC.  An\u00e1lisis de calidad: pincha\u00a0aqu\u00ed\" \/>\n<meta property=\"og:url\" content=\"https:\/\/iguanasmoke.com\/fr\/produit\/hash-cbd-amnesia-30\/\" \/>\n<meta property=\"og:site_name\" content=\"Iguana Smoke\" \/>\n<meta property=\"article:publisher\" content=\"https:\/\/www.facebook.com\/iguanasmoke\" \/>\n<meta property=\"article:modified_time\" content=\"2026-04-15T08:44:07+00:00\" \/>\n<meta property=\"og:image\" content=\"https:\/\/iguanasmoke.com\/wp-content\/uploads\/2025\/09\/Amnesia-2g-con-hash.webp\" \/>\n\t<meta property=\"og:image:width\" content=\"1000\" \/>\n\t<meta property=\"og:image:height\" content=\"1000\" \/>\n\t<meta property=\"og:image:type\" content=\"image\/webp\" \/>\n<meta name=\"twitter:card\" content=\"summary_large_image\" \/>\n<meta name=\"twitter:label1\" content=\"Disponibilit\u00e9\" \/>\n\t<meta name=\"twitter:data1\" content=\"En stock\" \/>\n<meta property=\"product:brand\" content=\"variable\" \/>\n<meta property=\"og:availability\" content=\"instock\" \/>\n<meta property=\"product:availability\" content=\"instock\" \/>\n<meta property=\"product:condition\" content=\"new\" \/>\n<!-- \/ Yoast SEO Premium plugin. -->","yoast_head_json":{"title":"Hash CBD Amnesia : Swiss Quality | Iguana Smoke","description":"Am\u00e9liorez votre exp\u00e9rience avec Amnesia CBD Hash, une r\u00e9sine de qualit\u00e9 suisse. Ne manquez pas ce joyau, votre hash CBD sans THC, achetez-le maintenant !","robots":{"index":"index","follow":"follow","max-snippet":"max-snippet:-1","max-image-preview":"max-image-preview:large","max-video-preview":"max-video-preview:-1"},"canonical":"https:\/\/iguanasmoke.com\/fr\/produit\/hash-cbd-amnesia-30\/","og_locale":"fr_FR","og_type":"article","og_title":"Hash CBD Amnesia 30%","og_description":"Te presentamos el Hash CBD Amnesia, una resina de lujo elaborada a partir de flores Amnesia de pureza superior:   Textura suave, maleable\u00a0y color dorado.  Aroma potente: sabor a Amnesia con notas terrosas y c\u00edtricas.  Alto contenido en CBD\u00a0y &lt;0,3% de THC.  An\u00e1lisis de calidad: pincha\u00a0aqu\u00ed","og_url":"https:\/\/iguanasmoke.com\/fr\/produit\/hash-cbd-amnesia-30\/","og_site_name":"Iguana Smoke","article_publisher":"https:\/\/www.facebook.com\/iguanasmoke","article_modified_time":"2026-04-15T08:44:07+00:00","og_image":[{"width":1000,"height":1000,"url":"https:\/\/iguanasmoke.com\/wp-content\/uploads\/2025\/09\/Amnesia-2g-con-hash.webp","type":"image\/webp"}],"twitter_card":"summary_large_image","twitter_misc":{"Disponibilit\u00e9":"En stock"},"schema":{"@context":"https:\/\/schema.org","@graph":[{"@type":"WebPage","@id":"https:\/\/iguanasmoke.com\/producto\/hash-cbd-amnesia-30\/","url":"https:\/\/iguanasmoke.com\/producto\/hash-cbd-amnesia-30\/","name":"Hash CBD Amnesia : Swiss Quality | Iguana Smoke","isPartOf":{"@id":"https:\/\/iguanasmoke.com\/#website"},"primaryImageOfPage":{"@id":"https:\/\/iguanasmoke.com\/producto\/hash-cbd-amnesia-30\/#primaryimage"},"image":{"@id":"https:\/\/iguanasmoke.com\/producto\/hash-cbd-amnesia-30\/#primaryimage"},"thumbnailUrl":"https:\/\/iguanasmoke.com\/wp-content\/uploads\/2025\/09\/Amnesia-2g-con-hash.webp","datePublished":"2025-09-30T10:13:32+00:00","dateModified":"2026-04-15T08:44:07+00:00","description":"Am\u00e9liorez votre exp\u00e9rience avec Amnesia CBD Hash, une r\u00e9sine de qualit\u00e9 suisse. Ne manquez pas ce joyau, votre hash CBD sans THC, achetez-le maintenant !","breadcrumb":{"@id":"https:\/\/iguanasmoke.com\/producto\/hash-cbd-amnesia-30\/#breadcrumb"},"inLanguage":"fr-FR","potentialAction":[{"@type":"ReadAction","target":["https:\/\/iguanasmoke.com\/producto\/hash-cbd-amnesia-30\/"]}]},{"@type":"ImageObject","inLanguage":"fr-FR","@id":"https:\/\/iguanasmoke.com\/producto\/hash-cbd-amnesia-30\/#primaryimage","url":"https:\/\/iguanasmoke.com\/wp-content\/uploads\/2025\/09\/Amnesia-2g-con-hash.webp","contentUrl":"https:\/\/iguanasmoke.com\/wp-content\/uploads\/2025\/09\/Amnesia-2g-con-hash.webp","width":1000,"height":1000,"caption":"hash cbd amnesia 2g"},{"@type":"BreadcrumbList","@id":"https:\/\/iguanasmoke.com\/producto\/hash-cbd-amnesia-30\/#breadcrumb","itemListElement":[{"@type":"ListItem","position":1,"name":"home","item":"https:\/\/iguanasmoke.com\/"},{"@type":"ListItem","position":2,"name":"Tienda","item":"https:\/\/iguanasmoke.com\/tienda\/"},{"@type":"ListItem","position":3,"name":"Hash CBD","item":"https:\/\/iguanasmoke.com\/categoria\/hash-cbd\/"},{"@type":"ListItem","position":4,"name":"Hash CBD Amnesia 30%"}]},{"@type":"WebSite","@id":"https:\/\/iguanasmoke.com\/#website","url":"https:\/\/iguanasmoke.com\/","name":"Fum\u00e9e d'iguane","description":"Acheter du CBD en ligne au meilleur prix","publisher":{"@id":"https:\/\/iguanasmoke.com\/#organization"},"potentialAction":[{"@type":"SearchAction","target":{"@type":"EntryPoint","urlTemplate":"https:\/\/iguanasmoke.com\/?s={search_term_string}"},"query-input":{"@type":"PropertyValueSpecification","valueRequired":true,"valueName":"search_term_string"}}],"inLanguage":"fr-FR"},{"@type":"Organization","@id":"https:\/\/iguanasmoke.com\/#organization","name":"Fum\u00e9e d'iguane","url":"https:\/\/iguanasmoke.com\/","logo":{"@type":"ImageObject","inLanguage":"fr-FR","@id":"https:\/\/iguanasmoke.com\/#\/schema\/logo\/image\/","url":"https:\/\/iguanasmoke.com\/wp-content\/uploads\/2025\/01\/logoiguana-favi-1.png","contentUrl":"https:\/\/iguanasmoke.com\/wp-content\/uploads\/2025\/01\/logoiguana-favi-1.png","width":512,"height":512,"caption":"Iguana Smoke"},"image":{"@id":"https:\/\/iguanasmoke.com\/#\/schema\/logo\/image\/"},"sameAs":["https:\/\/www.facebook.com\/iguanasmoke","https:\/\/www.instagram.com\/iguanasmoke\/"]}]},"product_brand":"variable","og_availability":"instock","product_availability":"instock","product_condition":"new"},"_links":{"self":[{"href":"https:\/\/iguanasmoke.com\/fr\/wp-json\/wp\/v2\/product\/61795","targetHints":{"allow":["GET"]}}],"collection":[{"href":"https:\/\/iguanasmoke.com\/fr\/wp-json\/wp\/v2\/product"}],"about":[{"href":"https:\/\/iguanasmoke.com\/fr\/wp-json\/wp\/v2\/types\/product"}],"replies":[{"embeddable":true,"href":"https:\/\/iguanasmoke.com\/fr\/wp-json\/wp\/v2\/comments?post=61795"}],"wp:featuredmedia":[{"embeddable":true,"href":"https:\/\/iguanasmoke.com\/fr\/wp-json\/wp\/v2\/media\/81731"}],"wp:attachment":[{"href":"https:\/\/iguanasmoke.com\/fr\/wp-json\/wp\/v2\/media?parent=61795"}],"wp:term":[{"taxonomy":"product_brand","embeddable":true,"href":"https:\/\/iguanasmoke.com\/fr\/wp-json\/wp\/v2\/product_brand?post=61795"},{"taxonomy":"product_cat","embeddable":true,"href":"https:\/\/iguanasmoke.com\/fr\/wp-json\/wp\/v2\/product_cat?post=61795"},{"taxonomy":"product_tag","embeddable":true,"href":"https:\/\/iguanasmoke.com\/fr\/wp-json\/wp\/v2\/product_tag?post=61795"}],"curies":[{"name":"wp","href":"https:\/\/api.w.org\/{rel}","templated":true}]}}