{"id":62072,"date":"2025-07-30T16:32:07","date_gmt":"2025-07-30T14:32:07","guid":{"rendered":"https:\/\/iguanasmoke.com\/?post_type=product&#038;p=62072"},"modified":"2026-03-15T18:45:33","modified_gmt":"2026-03-15T17:45:33","slug":"vaper-e8h-90-space-vape-handle","status":"publish","type":"product","link":"https:\/\/iguanasmoke.com\/fr\/producto\/vaper-e8h-90-space-vape-mango\/","title":{"rendered":"Vaper E8H 90% - Poign\u00e9e Space Vape"},"content":{"rendered":"<h1 data-start=\"1609\" data-end=\"1642\"><span style=\"font-weight: 400;\">Vaper E8H 90% Space Vape Mango : Ressentez le souffle tropical<\/span><\/h1>\n<p><span style=\"font-weight: 400;\">D\u00e9couvrez les <strong>Vaper E8H<\/strong> <strong>Poign\u00e9e<\/strong>, Un choix id\u00e9al pour ceux qui recherchent l'exotisme et la fra\u00eecheur. Cette vapoteuse vous fera profiter d'une <strong>une exp\u00e9rience de vape compl\u00e8te et puissante,<\/strong>\u00a0\u00e0 la charge du <strong>90% avec la mol\u00e9cule innovante E8H<\/strong> et compl\u00e9ter la formule <strong>sans agents de coupe, sans nicotine et sans HHC<\/strong>, pour profiter d'une vape E8H propre, l\u00e9gale et de qualit\u00e9.<\/span><\/p>\n<p><span style=\"font-weight: 400;\">Saviez-vous que l'achat d'un <strong>vaper<\/strong><\/span><span style=\"font-weight: 400;\"><strong> E8H <\/strong>signifie transporter la technologie du cannabis de l'avenir dans votre poche ? <strong>Pas de THC<\/strong>, <strong>mais il y a un effet<\/strong>; <strong>pas de fum\u00e9e<\/strong>, <strong>mais il y a des nuages<\/strong>; Il n'y a pas de doute, car <strong>Ce vaper E8H Mango est exotique et lumineux.<\/strong><\/span><\/p>\n<p>&nbsp;<\/p>\n<h2><strong>Qu'est-ce que la mol\u00e9cule E8H ?<\/strong><\/h2>\n<p><span style=\"font-weight: 400;\">Nos vapers contiennent les <strong>90% cette mol\u00e9cule semi-synth\u00e9tique de pointe : E8H<\/strong>. Il a \u00e9t\u00e9 con\u00e7u pour offrir une <strong>exp\u00e9rience<\/strong> <strong>seulement<\/strong>, <strong>tr\u00e8s similaire \u00e0 celle du HHC<\/strong>. Cependant, contrairement \u00e0 ce que vous connaissez d\u00e9j\u00e0, cette mol\u00e9cule de pointe offre une exp\u00e9rience unique qui changera vos attentes. <\/span><\/p>\n<p><span style=\"font-weight: 400;\">Il est unique, il faut l'essayer pour en faire l'exp\u00e9rience ! Son d\u00e9veloppement r\u00e9cent le place dans un cadre r\u00e9glementaire en \u00e9volution, ouvrant de nouvelles possibilit\u00e9s dans le monde du vapotage. <\/span><\/p>\n<p><span style=\"font-weight: 400;\">Bien que les effets puissent varier d'une personne \u00e0 l'autre, les exp\u00e9riences sont souvent les suivantes :\u00a0<\/span><\/p>\n<ul>\n<li>Exp\u00e9riences similaires \u00e0 celles du THC, une sensation agr\u00e9able.<\/li>\n<li>Relaxation g\u00e9n\u00e9rale et r\u00e9duction du stress<\/li>\n<li>Sentiment de calme ou de bien-\u00eatre.<\/li>\n<\/ul>\n<p>&nbsp;<\/p>\n<h2>Profil gustatif du vapoteur E8H Mango :<\/h2>\n<p><span style=\"font-weight: 400;\">Lorsque vous le vapoterez, vous remarquerez un \u00e9quilibre parfait entre la douceur naturelle de la mangue et la saveur tropicale qui vous transportera sur une plage de sable blanc fin et d'eaux turquoises. Son ar\u00f4me pur et d\u00e9licieux s'accorde parfaitement avec le parfum de la mangue. <\/span>de l'E8H, gr\u00e2ce \u00e0 laquelle vous obtiendrez un effet fonctionnel et agr\u00e9able.<\/p>\n<p>&nbsp;<\/p>\n<h2><strong>Principales caract\u00e9ristiques du vaper E8H :<\/strong><\/h2>\n<ul>\n<li><span style=\"font-weight: 400;\"><strong>Contient de l'E8H de haute qualit\u00e9<\/strong>, avec un profil naturel de cannabino\u00efdes.<\/span><\/li>\n<li><span style=\"font-weight: 400;\"><strong>Extrait de chanvre biologique<\/strong>, sans additifs ni solvants.<\/span><\/li>\n<li><span style=\"font-weight: 400;\">Disponible en <strong>1ml et 2ml<\/strong>. <\/span><\/li>\n<li><span style=\"font-weight: 400;\">Le go\u00fbt de <strong>mangue m\u00fbre<\/strong>.<\/span><\/li>\n<li>Id\u00e9al pour un usage quotidien : <strong>pas de combustion, pas d'odeur, pas de tol\u00e9rance<\/strong>.<\/li>\n<li><span style=\"font-weight: 400;\"><strong>Un effet puissant <\/strong>sans en ressentir les effets <strong>psychoactifs<\/strong> ind\u00e9sirable<strong>: dur\u00e9e<\/strong> <strong>long<\/strong> (<strong>3-4 heures<\/strong>)<\/span><\/li>\n<li>Exp\u00e9rience <strong>sensorielle<\/strong> tr\u00e8s r\u00e9ussie.<\/li>\n<li><span style=\"font-weight: 400;\">Pour <strong>300 bouff\u00e9es (1ml) et 600 bouff\u00e9es (2ml)<\/strong>.<\/span><\/li>\n<li>Batterie rechargeable USB Type-C.<\/li>\n<li><span style=\"font-weight: 400;\"><strong>Pas de THC d\u00e9tectable<\/strong>. <\/span><\/li>\n<li><span style=\"font-weight: 400;\"><strong>Qualit\u00e9 garantie par Iguana Smoke<\/strong>.<\/span><\/li>\n<\/ul>\n<p><span style=\"font-weight: 400;\">Le <strong>vaper E8H <\/strong>est le moyen le plus pratique et le plus propre de profiter de tous les avantages de la <strong>avantages de l'E8H<\/strong>, pas d'entretien, pas de souci, pas de tracas.\u00a0<\/span><\/p>\n<p>&nbsp;<\/p>\n<h2><strong>Qu'est-ce qu'un vaper jetable ?<\/strong><\/h2>\n<p><span style=\"font-weight: 400;\">A <strong>vaper E8H jetable<\/strong> est un dispositif de type stylo\u201c <strong>de 1ml ou 2ml<\/strong> qui est charg\u00e9 de liquide E8H. La grande diff\u00e9rence avec les autres types de vapers est qu'il n'a pas besoin d'\u00eatre recharg\u00e9 ou compl\u00e9t\u00e9 : <strong>lorsqu'il est \u00e9puis\u00e9, il est simplement jet\u00e9<\/strong>.\u00a0<\/span><\/p>\n<p><span style=\"font-weight: 400;\">Il existe \u00e9galement des <strong><a href=\"https:\/\/iguanasmoke.com\/fr\/categorie\/cbd-vaper-2\/cartouches\/?filter_tipo-cartucho=e8h\">cartouches jetables E8H<\/a><\/strong> qui sont des microcapsules contenant le liquide mais n\u00e9cessitant une batterie externe pour \u00eatre utilis\u00e9es.<\/span><\/p>\n<p>&nbsp;<\/p>\n<h3><b>O\u00f9 acheter votre vaper E8H<\/b><b> <span style=\"font-weight: 400;\"><strong>Poign\u00e9e<\/strong><\/span>?<\/b><\/h3>\n<p><span style=\"font-weight: 400;\">Si vous cherchez <strong>acheter un vaper E8H<\/strong><strong>, <\/strong>c'est un endroit s\u00fbr pour <strong>acheter le vaper jetable e8H en Espagne.<\/strong> Tous nos produits sont approuv\u00e9s par l'UE, ce qui garantit leur l\u00e9galit\u00e9 et leur s\u00e9curit\u00e9. En outre, si vous le souhaitez, vous pouvez consulter<\/span><strong> <a href=\"https:\/\/iguanasmoke.com\/fr\/lanalyse\/\">analyse en laboratoire.<\/a><\/strong><\/p>\n<p><span style=\"font-weight: 400;\">N'oubliez pas d'explorer d'autres <strong>vaper E8H <\/strong>en tant que <strong><a href=\"https:\/\/iguanasmoke.com\/fr\/produit\/vaper-e8h-90-space-vape-gelato\/\">Vaper E8H Space Vape Gelato <\/a><\/strong>u <\/span><span style=\"font-weight: 400;\">autres <strong>Produits TOP<\/strong> en tant que <strong><a href=\"https:\/\/iguanasmoke.com\/fr\/produit\/cartouche-e8h-90-poignee\/\">Poign\u00e9e de cartouche E8H<\/a><\/strong> ou le <a href=\"https:\/\/iguanasmoke.com\/fr\/categorie\/fleurs-de-cbd-2\/\"><strong>Fleurs de CBD<\/strong><\/a>. <\/span><span style=\"font-weight: 400;\">En bref, explorez notre vari\u00e9t\u00e9 et trouvez vos favoris d\u00e8s maintenant.<\/span><span style=\"font-weight: 400;\">\u00a0<\/span><\/p>\n<p><strong data-start=\"303\" data-end=\"345\">Livraison rapide et discr\u00e8te dans toute l'Espagne<\/strong>, avec <strong data-start=\"351\" data-end=\"387\">une attention \u00e9troite et personnalis\u00e9e<\/strong> pour r\u00e9pondre \u00e0 toutes vos questions avant et apr\u00e8s votre achat.<\/p>\n<p>&nbsp;<\/p>\n<h3><b>Iguana Smoke est votre boutique en ligne de CBD\u00a0<\/b><\/h3>\n<p><span style=\"font-weight: 400;\">Au<strong> Fum\u00e9e d'iguane<\/strong>, Nous pensons que la consommation de CBD doit se faire en toute s\u00e9curit\u00e9. C'est pourquoi nous proposons des produits comme celui-ci <strong>vaper E8H Mango<\/strong>, La marque s'adresse aux nouvelles g\u00e9n\u00e9rations : des personnes qui recherchent un bien-\u00eatre simple, avec des marques authentiques et fiables.\u00a0<\/span><\/p>\n<p>Vous savez, notre mission est claire : vous apporter le meilleur du monde des cannabino\u00efdes \u00e0 un prix \u00e9quitable. De plus, nous vous offrons la tranquillit\u00e9 d'esprit de savoir que vous choisissez un produit certifi\u00e9, efficace et 100% l\u00e9gal. Votre temps de d\u00e9tente commence ici avec nous.<\/p>\n<p>Vous avez encore des doutes ? Ecrivez-nous et nous nous ferons un plaisir de vous aider \u00e0 trouver le produit qui vous convient.<\/p>\n<p>&nbsp;<\/p>\n<h6>\u2139\ufe0f<strong> Informations juridiques<\/strong><\/h6>\n<p><em><span style=\"font-weight: 400;\">*Produit destin\u00e9 \u00e0 la collection ou \u00e0 l'aromath\u00e9rapie, conform\u00e9ment \u00e0 la l\u00e9gislation espagnole en vigueur. <\/span><\/em><\/p>\n<p><em><span style=\"font-weight: 400;\">**D\u00e9riv\u00e9 de chanvre industriel certifi\u00e9. Contient moins de 0,3 THC et ne contient pas de cannabino\u00efdes ill\u00e9gaux tels que HHC, HHC-P, THCP, THCP-O, H4CBD ou des substances \u00e9num\u00e9r\u00e9es \u00e0 l'annexe I du d\u00e9cret royal 2829\/1977, ni de substances contr\u00f4l\u00e9es par des conventions internationales.\u00a0\u00a0<\/span><\/em><\/p>\n<p>&nbsp;<\/p>\n<h2><strong>\ud83d\udcac FAQS E8H Space Vape : <\/strong><\/h2>\n<h4><span style=\"font-weight: 400;\">\u2753Place du Vapeur E8H Mango Space Vape ? <\/span><\/h4>\n<p><span style=\"font-weight: 400;\">Parmi leurs effets, on peut citer <strong data-start=\"4736\" data-end=\"4775\">l\u00e9g\u00e8re euphorie ou relaxation intense<\/strong>, sans les effets puissants du THC.\u00a0<\/span><\/p>\n<h4><span style=\"font-weight: 400;\">Quel effet puis-je attendre et combien de temps cela prend-il ?\u00a0<\/span><\/h4>\n<p><span style=\"font-weight: 400;\">N'oubliez pas que chaque personne est unique et que les <strong>les effets peuvent varier<\/strong> en fonction de la concentration, de l'utilisateur, de la tol\u00e9rance et de la fr\u00e9quence d'utilisation. Il est possible que vous commenciez \u00e0 le remarquer rapidement. <strong>L'effet est puissant et dure environ 3 \u00e0 4 heures.<\/strong>.<\/span><\/p>\n<h4><span style=\"font-weight: 400;\">L'E8H est-il l\u00e9gal en Espagne ?\u00a0<\/span><\/h4>\n<p><span style=\"font-weight: 400;\"><strong>Oui<\/strong>. L'E8H <strong>ne figure pas sur les listes de substances r\u00e9glement\u00e9es<\/strong> en Espagne et dans l'UE, de sorte qu'il peut \u00eatre l\u00e9galement commercialis\u00e9 conform\u00e9ment \u00e0 la r\u00e9glementation en vigueur.<\/span><\/p>\n<h4><span style=\"font-weight: 400;\">Pourquoi choisir E8H plut\u00f4t que HHC ou THC ?\u00a0<\/span><\/h4>\n<p><span style=\"font-weight: 400;\">Parce que l'E8H <strong>offre une alternative l\u00e9gale et s\u00fbre<\/strong>, Le nouveau profil, plus contr\u00f4l\u00e9 et plus stable, est id\u00e9al pour ceux qui recherchent des sensations douces dans la loi.<\/span><\/p>","protected":false},"excerpt":{"rendered":"<h4>Caract\u00e9ristiques<\/h4>\n<ul>\n<li style=\"list-style-type: none;\">\n<ul>\n<li>Go\u00fbt fruit\u00e9 de mangue<\/li>\n<li>Capacit\u00e9 : 1 ml \/ 2 ml<\/li>\n<li>Courses : jusqu'\u00e0 300 \/ 600<\/li>\n<li>Terp\u00e8nes naturels de haute qualit\u00e9<\/li>\n<li>E8H \u00e0 90%<\/li>\n<li>THC : 0%, HHC : 0%, THC-P : 0%, Nicotine : 0%<\/li>\n<li>Ne contient pas de VG, PG, PEG, MCT ou autre agent de coupe.<\/li>\n<\/ul>\n<\/li>\n<\/ul>\n<p><span style=\"font-weight: 400;\">En outre, si vous le souhaitez, vous pouvez consulter<strong> <a href=\"https:\/\/iguanasmoke.com\/fr\/lanalyse\/\">analyse en laboratoire.<\/a><\/strong><\/span><\/p>","protected":false},"featured_media":77849,"comment_status":"open","ping_status":"closed","template":"","meta":{"_acf_changed":false,"site-sidebar-layout":"default","site-content-layout":"","ast-site-content-layout":"default","site-content-style":"default","site-sidebar-style":"default","ast-global-header-display":"","ast-banner-title-visibility":"","ast-main-header-display":"","ast-hfb-above-header-display":"","ast-hfb-below-header-display":"","ast-hfb-mobile-header-display":"","site-post-title":"","ast-breadcrumbs-content":"","ast-featured-img":"","footer-sml-layout":"","theme-transparent-header-meta":"default","adv-header-id-meta":"","stick-header-meta":"","header-above-stick-meta":"","header-main-stick-meta":"","header-below-stick-meta":"","astra-migrate-meta-layouts":"set","ast-page-background-enabled":"default","ast-page-background-meta":{"desktop":{"background-color":"var(--ast-global-color-4)","background-image":"","background-repeat":"repeat","background-position":"center center","background-size":"auto","background-attachment":"scroll","background-type":"","background-media":"","overlay-type":"","overlay-color":"","overlay-opacity":"","overlay-gradient":""},"tablet":{"background-color":"","background-image":"","background-repeat":"repeat","background-position":"center center","background-size":"auto","background-attachment":"scroll","background-type":"","background-media":"","overlay-type":"","overlay-color":"","overlay-opacity":"","overlay-gradient":""},"mobile":{"background-color":"","background-image":"","background-repeat":"repeat","background-position":"center center","background-size":"auto","background-attachment":"scroll","background-type":"","background-media":"","overlay-type":"","overlay-color":"","overlay-opacity":"","overlay-gradient":""}},"ast-content-background-meta":{"desktop":{"background-color":"var(--ast-global-color-5)","background-image":"","background-repeat":"repeat","background-position":"center center","background-size":"auto","background-attachment":"scroll","background-type":"","background-media":"","overlay-type":"","overlay-color":"","overlay-opacity":"","overlay-gradient":""},"tablet":{"background-color":"var(--ast-global-color-5)","background-image":"","background-repeat":"repeat","background-position":"center center","background-size":"auto","background-attachment":"scroll","background-type":"","background-media":"","overlay-type":"","overlay-color":"","overlay-opacity":"","overlay-gradient":""},"mobile":{"background-color":"var(--ast-global-color-5)","background-image":"","background-repeat":"repeat","background-position":"center center","background-size":"auto","background-attachment":"scroll","background-type":"","background-media":"","overlay-type":"","overlay-color":"","overlay-opacity":"","overlay-gradient":""}}},"product_brand":[],"product_cat":[627],"product_tag":[],"class_list":{"0":"post-62072","1":"product","2":"type-product","3":"status-publish","4":"has-post-thumbnail","6":"product_cat-e8h","7":"desktop-align-center","8":"tablet-align-center","9":"mobile-align-center","11":"first","12":"instock","13":"taxable","14":"shipping-taxable","15":"purchasable","16":"product-type-variable"},"acf":[],"yoast_head":"<!-- This site is optimized with the Yoast SEO Premium plugin v27.3 (Yoast SEO v27.3) - https:\/\/yoast.com\/product\/yoast-seo-premium-wordpress\/ -->\n<title>Vaper E8H 90% - Space Vape Mango | Iguana Smoke<\/title>\n<meta name=\"description\" content=\"Descubre el Vaper E8H Mango Space Vape de Iguana Smoke. Disfruta de una experiencia de vapeo intensa y frutal. \u00a1Haz tu pedido ya y vapea diferente!\" \/>\n<meta name=\"robots\" content=\"index, follow, max-snippet:-1, max-image-preview:large, max-video-preview:-1\" \/>\n<link rel=\"canonical\" href=\"https:\/\/iguanasmoke.com\/fr\/produit\/vaper-e8h-90-space-vape-handle\/\" \/>\n<meta property=\"og:locale\" content=\"fr_FR\" \/>\n<meta property=\"og:type\" content=\"article\" \/>\n<meta property=\"og:title\" content=\"Vaper E8H 90% - Space Vape Mango\" \/>\n<meta property=\"og:description\" content=\"Caracter\u00edsticas      Sabor frutal a Mango  Capacidad: 1 ml \/ 2 ml  Caladas: hasta 300 \/ 600  Terpenos naturales de alta calidad  E8H al 90%  THC: 0%, HHC: 0%, THC-P: 0%, Nicotina: 0%  No contiene VG, PG, PEG, MCT u otro agente de corte.    Adem\u00e1s, si quieres puedes consultar el an\u00e1lisis de laboratorio.\" \/>\n<meta property=\"og:url\" content=\"https:\/\/iguanasmoke.com\/fr\/produit\/vaper-e8h-90-space-vape-handle\/\" \/>\n<meta property=\"og:site_name\" content=\"Iguana Smoke\" \/>\n<meta property=\"article:publisher\" content=\"https:\/\/www.facebook.com\/iguanasmoke\" \/>\n<meta property=\"article:modified_time\" content=\"2026-03-15T17:45:33+00:00\" \/>\n<meta property=\"og:image\" content=\"https:\/\/iguanasmoke.com\/wp-content\/uploads\/2026\/02\/Mockup-E8H-Mango-caja-der-1.webp\" \/>\n\t<meta property=\"og:image:width\" content=\"1000\" \/>\n\t<meta property=\"og:image:height\" content=\"1000\" \/>\n\t<meta property=\"og:image:type\" content=\"image\/webp\" \/>\n<meta name=\"twitter:card\" content=\"summary_large_image\" \/>\n<meta name=\"twitter:label1\" content=\"Disponibilit\u00e9\" \/>\n\t<meta name=\"twitter:data1\" content=\"En stock\" \/>\n<meta property=\"product:brand\" content=\"variable\" \/>\n<meta property=\"og:availability\" content=\"instock\" \/>\n<meta property=\"product:availability\" content=\"instock\" \/>\n<meta property=\"product:condition\" content=\"new\" \/>\n<!-- \/ Yoast SEO Premium plugin. -->","yoast_head_json":{"title":"Vaper E8H 90% - Space Vape Mango | Iguana Smoke","description":"D\u00e9couvrez la Vape E8H Mango Space d'Iguana Smoke. Profitez d'une exp\u00e9rience de vape intense et fruit\u00e9e, commandez maintenant et vapotez diff\u00e9remment !","robots":{"index":"index","follow":"follow","max-snippet":"max-snippet:-1","max-image-preview":"max-image-preview:large","max-video-preview":"max-video-preview:-1"},"canonical":"https:\/\/iguanasmoke.com\/fr\/produit\/vaper-e8h-90-space-vape-handle\/","og_locale":"fr_FR","og_type":"article","og_title":"Vaper E8H 90% - Space Vape Mango","og_description":"Caracter\u00edsticas      Sabor frutal a Mango  Capacidad: 1 ml \/ 2 ml  Caladas: hasta 300 \/ 600  Terpenos naturales de alta calidad  E8H al 90%  THC: 0%, HHC: 0%, THC-P: 0%, Nicotina: 0%  No contiene VG, PG, PEG, MCT u otro agente de corte.    Adem\u00e1s, si quieres puedes consultar el an\u00e1lisis de laboratorio.","og_url":"https:\/\/iguanasmoke.com\/fr\/produit\/vaper-e8h-90-space-vape-handle\/","og_site_name":"Iguana Smoke","article_publisher":"https:\/\/www.facebook.com\/iguanasmoke","article_modified_time":"2026-03-15T17:45:33+00:00","og_image":[{"width":1000,"height":1000,"url":"https:\/\/iguanasmoke.com\/wp-content\/uploads\/2026\/02\/Mockup-E8H-Mango-caja-der-1.webp","type":"image\/webp"}],"twitter_card":"summary_large_image","twitter_misc":{"Disponibilit\u00e9":"En stock"},"schema":{"@context":"https:\/\/schema.org","@graph":[{"@type":"WebPage","@id":"https:\/\/iguanasmoke.com\/producto\/vaper-e8h-90-space-vape-mango\/","url":"https:\/\/iguanasmoke.com\/producto\/vaper-e8h-90-space-vape-mango\/","name":"Vaper E8H 90% - Space Vape Mango | Iguana Smoke","isPartOf":{"@id":"https:\/\/iguanasmoke.com\/#website"},"primaryImageOfPage":{"@id":"https:\/\/iguanasmoke.com\/producto\/vaper-e8h-90-space-vape-mango\/#primaryimage"},"image":{"@id":"https:\/\/iguanasmoke.com\/producto\/vaper-e8h-90-space-vape-mango\/#primaryimage"},"thumbnailUrl":"https:\/\/iguanasmoke.com\/wp-content\/uploads\/2026\/02\/Mockup-E8H-Mango-caja-der-1.webp","datePublished":"2025-07-30T14:32:07+00:00","dateModified":"2026-03-15T17:45:33+00:00","description":"D\u00e9couvrez la Vape E8H Mango Space d'Iguana Smoke. Profitez d'une exp\u00e9rience de vape intense et fruit\u00e9e, commandez maintenant et vapotez diff\u00e9remment !","breadcrumb":{"@id":"https:\/\/iguanasmoke.com\/producto\/vaper-e8h-90-space-vape-mango\/#breadcrumb"},"inLanguage":"fr-FR","potentialAction":[{"@type":"ReadAction","target":["https:\/\/iguanasmoke.com\/producto\/vaper-e8h-90-space-vape-mango\/"]}]},{"@type":"ImageObject","inLanguage":"fr-FR","@id":"https:\/\/iguanasmoke.com\/producto\/vaper-e8h-90-space-vape-mango\/#primaryimage","url":"https:\/\/iguanasmoke.com\/wp-content\/uploads\/2026\/02\/Mockup-E8H-Mango-caja-der-1.webp","contentUrl":"https:\/\/iguanasmoke.com\/wp-content\/uploads\/2026\/02\/Mockup-E8H-Mango-caja-der-1.webp","width":1000,"height":1000,"caption":"Caja m\u00e1s vaper azul mango E8H 2ml dcha"},{"@type":"BreadcrumbList","@id":"https:\/\/iguanasmoke.com\/producto\/vaper-e8h-90-space-vape-mango\/#breadcrumb","itemListElement":[{"@type":"ListItem","position":1,"name":"home","item":"https:\/\/iguanasmoke.com\/"},{"@type":"ListItem","position":2,"name":"Tienda","item":"https:\/\/iguanasmoke.com\/tienda\/"},{"@type":"ListItem","position":3,"name":"Nuevas Mol\u00e9culas","item":"https:\/\/iguanasmoke.com\/categoria\/nuevas-moleculas\/"},{"@type":"ListItem","position":4,"name":"E8H","item":"https:\/\/iguanasmoke.com\/categoria\/nuevas-moleculas\/e8h\/"},{"@type":"ListItem","position":5,"name":"Vaper E8H 90% &#8211; Space Vape Mango"}]},{"@type":"WebSite","@id":"https:\/\/iguanasmoke.com\/#website","url":"https:\/\/iguanasmoke.com\/","name":"Fum\u00e9e d'iguane","description":"Acheter du CBD en ligne au meilleur prix","publisher":{"@id":"https:\/\/iguanasmoke.com\/#organization"},"potentialAction":[{"@type":"SearchAction","target":{"@type":"EntryPoint","urlTemplate":"https:\/\/iguanasmoke.com\/?s={search_term_string}"},"query-input":{"@type":"PropertyValueSpecification","valueRequired":true,"valueName":"search_term_string"}}],"inLanguage":"fr-FR"},{"@type":"Organization","@id":"https:\/\/iguanasmoke.com\/#organization","name":"Fum\u00e9e d'iguane","url":"https:\/\/iguanasmoke.com\/","logo":{"@type":"ImageObject","inLanguage":"fr-FR","@id":"https:\/\/iguanasmoke.com\/#\/schema\/logo\/image\/","url":"https:\/\/iguanasmoke.com\/wp-content\/uploads\/2025\/01\/logoiguana-favi-1.png","contentUrl":"https:\/\/iguanasmoke.com\/wp-content\/uploads\/2025\/01\/logoiguana-favi-1.png","width":512,"height":512,"caption":"Iguana Smoke"},"image":{"@id":"https:\/\/iguanasmoke.com\/#\/schema\/logo\/image\/"},"sameAs":["https:\/\/www.facebook.com\/iguanasmoke","https:\/\/www.instagram.com\/iguanasmoke\/"]}]},"product_brand":"variable","og_availability":"instock","product_availability":"instock","product_condition":"new"},"_links":{"self":[{"href":"https:\/\/iguanasmoke.com\/fr\/wp-json\/wp\/v2\/product\/62072","targetHints":{"allow":["GET"]}}],"collection":[{"href":"https:\/\/iguanasmoke.com\/fr\/wp-json\/wp\/v2\/product"}],"about":[{"href":"https:\/\/iguanasmoke.com\/fr\/wp-json\/wp\/v2\/types\/product"}],"replies":[{"embeddable":true,"href":"https:\/\/iguanasmoke.com\/fr\/wp-json\/wp\/v2\/comments?post=62072"}],"wp:featuredmedia":[{"embeddable":true,"href":"https:\/\/iguanasmoke.com\/fr\/wp-json\/wp\/v2\/media\/77849"}],"wp:attachment":[{"href":"https:\/\/iguanasmoke.com\/fr\/wp-json\/wp\/v2\/media?parent=62072"}],"wp:term":[{"taxonomy":"product_brand","embeddable":true,"href":"https:\/\/iguanasmoke.com\/fr\/wp-json\/wp\/v2\/product_brand?post=62072"},{"taxonomy":"product_cat","embeddable":true,"href":"https:\/\/iguanasmoke.com\/fr\/wp-json\/wp\/v2\/product_cat?post=62072"},{"taxonomy":"product_tag","embeddable":true,"href":"https:\/\/iguanasmoke.com\/fr\/wp-json\/wp\/v2\/product_tag?post=62072"}],"curies":[{"name":"wp","href":"https:\/\/api.w.org\/{rel}","templated":true}]}}