{"id":62784,"date":"2025-08-09T13:06:13","date_gmt":"2025-08-09T11:06:13","guid":{"rendered":"https:\/\/iguanasmoke.com\/?post_type=product&#038;p=62784"},"modified":"2025-12-26T15:16:20","modified_gmt":"2025-12-26T14:16:20","slug":"calmex-pro-5000mg-cbd-cold-effect-gel","status":"publish","type":"product","link":"https:\/\/iguanasmoke.com\/fr\/producto\/gel-calmex-pro-5000mg-cbd-efecto-frio\/","title":{"rendered":"Calmex Pro 5000mg CBD Gel"},"content":{"rendered":"<h1><span style=\"font-weight: 400;\">Calmex Pro 5000mg CBD Gel - Puissance, fra\u00eecheur et soulagement imm\u00e9diat <\/span><\/h1>\n<p data-start=\"438\" data-end=\"886\"><span style=\"font-weight: 400;\">Le <strong>Calmex Pro CBD Gel<\/strong> est un gel de cannabidiol <strong>forte concentration<\/strong>La Commission, formul\u00e9e pour offrir une <strong>une aide rapide, localis\u00e9e et efficace<\/strong> gr\u00e2ce \u00e0 sa puissance <strong>effet de froid<\/strong>. Il contient \u00e9galement <strong>5000mg de CBD pur dans seulement 50ml<\/strong>, et est donc le choix id\u00e9al pour ceux qui recherchent un gel CBD professionnel pour le traitement de l'asthme. <strong>r\u00e9cup\u00e9ration musculaire<\/strong>, le soulagement de la douleur et le bien-\u00eatre physique quotidien. <\/span><\/p>\n<p data-start=\"438\" data-end=\"886\"><span style=\"font-weight: 400;\">Con\u00e7ue pour les sportifs, les personnes actives et les utilisateurs qui souhaitent une <strong>une alternative naturelle et efficace<\/strong> aux analg\u00e9siques traditionnels, le <strong>Calmex Pro CBD Gel<\/strong> agit directement sur la zone d'application, procurant une sensation de fra\u00eecheur imm\u00e9diate et durable.<\/span><\/p>\n<h2 data-start=\"438\" data-end=\"886\"><strong>\u00c0 quoi cela sert-il ? <\/strong><\/h2>\n<p data-start=\"438\" data-end=\"886\"><span style=\"font-weight: 400;\">Le <strong>Calmex Pro CBD Gel\u00a0<\/strong>est indiqu\u00e9 pour le soulagement de l'inconfort musculaire et articulaire, en particulier dans les situations de : <\/span><\/p>\n<ul>\n<li data-start=\"438\" data-end=\"886\"><span style=\"font-weight: 400;\">Surcharge musculaire <\/span><\/li>\n<li data-start=\"438\" data-end=\"886\"><span style=\"font-weight: 400;\">Douleur localis\u00e9e <\/span><\/li>\n<li data-start=\"438\" data-end=\"886\"><span style=\"font-weight: 400;\">L\u00e9g\u00e8re inflammation <\/span><\/li>\n<li data-start=\"438\" data-end=\"886\"><span style=\"font-weight: 400;\">R\u00e9cup\u00e9ration post-entra\u00eenement <\/span><\/li>\n<li data-start=\"438\" data-end=\"886\"><span style=\"font-weight: 400;\">Tensions apr\u00e8s un entra\u00eenement physique intense <\/span><\/li>\n<\/ul>\n<p><span style=\"font-weight: 400;\">Gr\u00e2ce \u00e0 sa forte concentration en cannabidiol, cette <strong>gel anti-inflammatoire au CBD<\/strong> agit rapidement et efficacement sans laisser de sensation de gras.<\/span><\/p>\n<p>&nbsp;<\/p>\n<h2><strong>Avantages :<\/strong><\/h2>\n<p><span style=\"font-weight: 400;\">Le <strong>Calmex Pro CBD Gel <\/strong>n'est pas un gel conventionnel. Sa formule avanc\u00e9e associe du cannabidiol de grande puret\u00e9 \u00e0 un effet de froid intense pour am\u00e9liorer ses r\u00e9sultats : <\/span><\/p>\n<ol>\n<li><span style=\"font-weight: 400;\">Soulagement rapide des douleurs musculaires et articulaires <\/span><\/li>\n<li><span style=\"font-weight: 400;\">Acc\u00e9l\u00e9ration de la r\u00e9cup\u00e9ration musculaire apr\u00e8s un entra\u00eenement ou un effort physique <\/span><\/li>\n<li><span style=\"font-weight: 400;\">Effet froid intense qui r\u00e9duit la sensation de gonflement <\/span><\/li>\n<li><span style=\"font-weight: 400;\">Concentration \u00e9lev\u00e9e en CBD : r\u00e9sultats visibles avec une faible quantit\u00e9 <\/span><\/li>\n<li><span style=\"font-weight: 400;\">Sentiment de bien-\u00eatre et de d\u00e9tente musculaire <\/span><\/li>\n<li><span style=\"font-weight: 400;\">Absorption rapide, pas de r\u00e9sidus, pas de sensation de gras <\/span><\/li>\n<\/ol>\n<h2 data-start=\"438\" data-end=\"886\"><strong>Pourquoi choisir un gel CBD \u00e0 haute concentration ?\u00a0<\/strong><\/h2>\n<p data-start=\"438\" data-end=\"886\"><span style=\"font-weight: 400;\">Il existe de nombreux gels et cr\u00e8mes au CBD sur le march\u00e9, mais peu d'entre eux offrent la puissance et l'efficacit\u00e9 du CBD. <strong>Calmex Pro CBD Gel 5000mg.<\/strong><\/span><\/p>\n<p data-start=\"438\" data-end=\"886\"><strong>Principales diff\u00e9rences : <\/strong><\/p>\n<ul>\n<li data-start=\"438\" data-end=\"886\"><span style=\"font-weight: 400;\"><strong>Puissance \u00e9lev\u00e9e :<\/strong> 5000mg de CBD dans un format compact de 50ml<\/span><\/li>\n<li data-start=\"438\" data-end=\"886\"><strong>Qualit\u00e9 sup\u00e9rieure :<\/strong> sans parab\u00e8nes ni produits chimiques agressifs<\/li>\n<li data-start=\"438\" data-end=\"886\"><strong>Convient \u00e0 tous les types de peau<\/strong><\/li>\n<li data-start=\"438\" data-end=\"886\"><strong>Sport et usage th\u00e9rapeutique<\/strong><\/li>\n<li data-start=\"438\" data-end=\"886\"><strong>Effet localis\u00e9 et durable<\/strong><\/li>\n<\/ul>\n<h2 data-start=\"438\" data-end=\"886\"><strong>Comment utiliser le <\/strong><span style=\"font-weight: 400;\"><strong>Calmex Pro CBD Gel<\/strong><\/span><strong>:<\/strong><\/h2>\n<p data-start=\"438\" data-end=\"886\"><span style=\"font-weight: 400;\">Appliquer localement sur la zone souhait\u00e9e. <\/span><\/p>\n<p data-start=\"438\" data-end=\"886\"><span style=\"font-weight: 400;\"><strong>Indications :<\/strong> <\/span><\/p>\n<ol>\n<li data-start=\"438\" data-end=\"886\"><span style=\"font-weight: 400;\">Appliquer une petite quantit\u00e9 sur une peau propre et s\u00e8che. <\/span><\/li>\n<li data-start=\"438\" data-end=\"886\"><span style=\"font-weight: 400;\">Masser doucement jusqu'\u00e0 absorption compl\u00e8te <\/span><\/li>\n<li data-start=\"438\" data-end=\"886\"><span style=\"font-weight: 400;\">A utiliser avant ou apr\u00e8s l'entra\u00eenement ou selon les besoins. <\/span><\/li>\n<\/ol>\n<p><span style=\"font-weight: 400;\"><strong>Zones recommand\u00e9es :<\/strong> le dos, le cou, les \u00e9paules, les genoux, les coudes et les jambes. <\/span><\/p>\n<p><span style=\"font-weight: 400;\">\u26a0\ufe0fConsejo : \u00e9viter le contact avec les yeux et les muqueuses. Usage externe uniquement.<\/span><\/p>\n<h2 data-start=\"3032\" data-end=\"3080\">Calmex Pro Gel vs Cr\u00e8me CBD traditionnelle<\/h2>\n<p data-start=\"3082\" data-end=\"3343\"><span style=\"font-weight: 400;\">Bien que les deux produits contiennent du cannabidiol, leur fonction et leur texture sont diff\u00e9rentes :\u00a0<\/span><\/p>\n<ul data-start=\"3345\" data-end=\"3566\">\n<li data-start=\"3345\" data-end=\"3453\">\n<p data-start=\"3347\" data-end=\"3453\"><strong data-start=\"3347\" data-end=\"3365\">Calmex Pro Gel<\/strong> <strong>CBD<\/strong>\u2192 L\u00e9ger, frais, absorption rapide, parfait pour le sport et l'utilisation post-entra\u00eenement.<\/p>\n<\/li>\n<li data-start=\"3454\" data-end=\"3566\">\n<p data-start=\"3456\" data-end=\"3566\"><strong data-start=\"3456\" data-end=\"3472\">Cr\u00e8me CBD traditionnelle<\/strong> \u2192 Texture dense, hydratante, longue dur\u00e9e et plus orient\u00e9e vers les soins quotidiens de la peau.<\/p>\n<\/li>\n<\/ul>\n<h2 data-start=\"3573\" data-end=\"3630\">Cr\u00e8me anti-inflammatoire au CBD : un soulagement s\u00fbr et naturel<\/h2>\n<p data-start=\"3632\" data-end=\"3980\"><span style=\"font-weight: 400;\">Le cannabidiol est reconnu pour ses propri\u00e9t\u00e9s de <strong>anti-inflammatoire et analg\u00e9sique<\/strong>, qui rend le <strong>Calmex Pro CBD Gel\u00a0<\/strong>est une excellente alternative naturelle pour le soin des muscles et des articulations. <\/span><\/p>\n<p data-start=\"3632\" data-end=\"3980\"><span style=\"font-weight: 400;\">Contrairement aux m\u00e9dicaments conventionnels : <\/span><\/p>\n<ul>\n<li data-start=\"3632\" data-end=\"3980\"><span style=\"font-weight: 400;\">Respectueux de l'estomac <\/span><\/li>\n<li data-start=\"3632\" data-end=\"3980\"><span style=\"font-weight: 400;\">Pas de d\u00e9pendance <\/span><\/li>\n<li data-start=\"3632\" data-end=\"3980\"><span style=\"font-weight: 400;\">Agit de mani\u00e8re naturelle et localis\u00e9e <\/span><\/li>\n<\/ul>\n<p><span style=\"font-weight: 400;\">Id\u00e9al pour : <\/span><\/p>\n<ul>\n<li><span style=\"font-weight: 400;\">Douleurs musculaires chroniques ou occasionnelles <\/span><\/li>\n<li><span style=\"font-weight: 400;\">Inflammation due \u00e0 l'activit\u00e9 physique <\/span><\/li>\n<li><span style=\"font-weight: 400;\">Bosses ou blessures mineures<\/span><\/li>\n<\/ul>\n<h2 data-start=\"4185\" data-end=\"4227\">Qui peut utiliser le <span style=\"font-weight: 400;\"><strong>Calmex Pro CBD Gel<\/strong><\/span>?<\/h2>\n<p data-start=\"4229\" data-end=\"4270\">Le pr\u00e9sent <span style=\"font-weight: 400;\"><strong>Calmex Pro CBD Gel<\/strong><\/span>\u00a0convient \u00e0 :<\/p>\n<ul>\n<li data-start=\"4229\" data-end=\"4270\"><strong data-start=\"4273\" data-end=\"4313\">Sportifs professionnels et amateurs<\/strong> qui visent \u00e0 optimiser leur r\u00e9tablissement.<\/li>\n<li data-start=\"4229\" data-end=\"4270\">Les personnes souffrant d'une g\u00eane articulaire ou musculaire due \u00e0 un travail physique ou \u00e0 une mauvaise posture.<\/li>\n<li data-start=\"4229\" data-end=\"4270\">Les personnes qui souhaitent une solution naturelle contre la douleur sans avoir recours aux m\u00e9dicaments traditionnels.<\/li>\n<\/ul>\n<h2 data-start=\"4544\" data-end=\"4574\">Caract\u00e9ristiques techniques<\/h2>\n<ul>\n<li><strong>Format : 50ml<\/strong><\/li>\n<li>Teneur en CBD : 5000 mg de haute puret\u00e9<\/li>\n<li>Effet : froid intense<\/li>\n<li>Texture : gel l\u00e9ger et non gras<\/li>\n<li>Utilisation : Topique<\/li>\n<li>Absorption : Rapide<\/li>\n<li>Convient \u00e0 : Tous les types de peau<\/li>\n<\/ul>\n<h3><b>Iguana Smoke est votre boutique en ligne de CBD de confiance<\/b><\/h3>\n<p><span style=\"font-weight: 400;\">Au<strong> Fum\u00e9e d'iguane<\/strong>, Nous pensons que la consommation de CBD doit \u00eatre une exp\u00e9rience s\u00fbre et agr\u00e9able. C'est pourquoi nous proposons des produits qui s'adressent aux nouvelles g\u00e9n\u00e9rations : des personnes qui recherchent un bien-\u00eatre simple, avec des marques authentiques et fiables.\u00a0<\/span><\/p>\n<p>Vous savez, notre mission est claire : vous apporter le meilleur du monde des cannabino\u00efdes \u00e0 un prix \u00e9quitable. De plus, nous vous offrons la tranquillit\u00e9 d'esprit de savoir que vous choisissez un produit certifi\u00e9, efficace et 100% l\u00e9gal. Votre temps de d\u00e9tente commence ici avec nous.<\/p>\n<p>Vous avez encore des doutes ? Ecrivez-nous et nous nous ferons un plaisir de vous aider \u00e0 trouver le produit qui vous convient.<\/p>\n<p>&nbsp;<\/p>","protected":false},"excerpt":{"rendered":"<p><span style=\"font-weight: 400;\">Le <strong data-start=\"5270\" data-end=\"5302\">Calmex Pro 5000mg CBD Gel <\/strong>est un gel de cannabidiol hautement concentr\u00e9 avec un effet froid intense, con\u00e7u pour le soulagement rapide des douleurs musculaires et articulaires. Sa formule non grasse \u00e0 absorption rapide agit localement.\u00a0<\/span><\/p>","protected":false},"featured_media":62786,"comment_status":"open","ping_status":"closed","template":"","meta":{"_acf_changed":false,"site-sidebar-layout":"default","site-content-layout":"","ast-site-content-layout":"default","site-content-style":"default","site-sidebar-style":"default","ast-global-header-display":"","ast-banner-title-visibility":"","ast-main-header-display":"","ast-hfb-above-header-display":"","ast-hfb-below-header-display":"","ast-hfb-mobile-header-display":"","site-post-title":"","ast-breadcrumbs-content":"","ast-featured-img":"","footer-sml-layout":"","theme-transparent-header-meta":"default","adv-header-id-meta":"","stick-header-meta":"","header-above-stick-meta":"","header-main-stick-meta":"","header-below-stick-meta":"","astra-migrate-meta-layouts":"set","ast-page-background-enabled":"default","ast-page-background-meta":{"desktop":{"background-color":"var(--ast-global-color-4)","background-image":"","background-repeat":"repeat","background-position":"center center","background-size":"auto","background-attachment":"scroll","background-type":"","background-media":"","overlay-type":"","overlay-color":"","overlay-opacity":"","overlay-gradient":""},"tablet":{"background-color":"","background-image":"","background-repeat":"repeat","background-position":"center center","background-size":"auto","background-attachment":"scroll","background-type":"","background-media":"","overlay-type":"","overlay-color":"","overlay-opacity":"","overlay-gradient":""},"mobile":{"background-color":"","background-image":"","background-repeat":"repeat","background-position":"center center","background-size":"auto","background-attachment":"scroll","background-type":"","background-media":"","overlay-type":"","overlay-color":"","overlay-opacity":"","overlay-gradient":""}},"ast-content-background-meta":{"desktop":{"background-color":"var(--ast-global-color-5)","background-image":"","background-repeat":"repeat","background-position":"center center","background-size":"auto","background-attachment":"scroll","background-type":"","background-media":"","overlay-type":"","overlay-color":"","overlay-opacity":"","overlay-gradient":""},"tablet":{"background-color":"var(--ast-global-color-5)","background-image":"","background-repeat":"repeat","background-position":"center center","background-size":"auto","background-attachment":"scroll","background-type":"","background-media":"","overlay-type":"","overlay-color":"","overlay-opacity":"","overlay-gradient":""},"mobile":{"background-color":"var(--ast-global-color-5)","background-image":"","background-repeat":"repeat","background-position":"center center","background-size":"auto","background-attachment":"scroll","background-type":"","background-media":"","overlay-type":"","overlay-color":"","overlay-opacity":"","overlay-gradient":""}}},"product_brand":[],"product_cat":[455,456,458],"product_tag":[],"class_list":{"0":"post-62784","1":"product","2":"type-product","3":"status-publish","4":"has-post-thumbnail","6":"product_cat-cosmeticos-cbd","7":"product_cat-lyf","8":"product_cat-marios-market","9":"desktop-align-center","10":"tablet-align-center","11":"mobile-align-center","13":"first","14":"instock","15":"taxable","16":"shipping-taxable","17":"purchasable","18":"product-type-simple"},"acf":[],"yoast_head":"<!-- This site is optimized with the Yoast SEO Premium plugin v27.3 (Yoast SEO v27.3) - https:\/\/yoast.com\/product\/yoast-seo-premium-wordpress\/ -->\n<title>Gel Calmex Pro CBD<\/title>\n<meta name=\"description\" content=\"Compra el Gel Calmex Pro CBD 5000mg con efecto fr\u00edo. Alivia dolores, acelera la recuperaci\u00f3n muscular y disfruta de frescor inmediato.\" \/>\n<meta name=\"robots\" content=\"index, follow, max-snippet:-1, max-image-preview:large, max-video-preview:-1\" \/>\n<link rel=\"canonical\" href=\"https:\/\/iguanasmoke.com\/fr\/produit\/calmex-pro-5000mg-cbd-cold-effect-gel\/\" \/>\n<meta property=\"og:locale\" content=\"fr_FR\" \/>\n<meta property=\"og:type\" content=\"article\" \/>\n<meta property=\"og:title\" content=\"Gel Calmex Pro 5000mg de CBD\" \/>\n<meta property=\"og:description\" content=\"El Gel Calmex Pro 5000mg de CBD es un gel de cannabidiol de alta concentraci\u00f3n con efecto fr\u00edo intenso, dise\u00f1ado para el alivio r\u00e1pido del dolor muscular y articular. Su f\u00f3rmula de r\u00e1pida absorci\u00f3n, no grasa, act\u00faa de forma localizada.\u00a0\" \/>\n<meta property=\"og:url\" content=\"https:\/\/iguanasmoke.com\/fr\/produit\/calmex-pro-5000mg-cbd-cold-effect-gel\/\" \/>\n<meta property=\"og:site_name\" content=\"Iguana Smoke\" \/>\n<meta property=\"article:publisher\" content=\"https:\/\/www.facebook.com\/iguanasmoke\" \/>\n<meta property=\"article:modified_time\" content=\"2025-12-26T14:16:20+00:00\" \/>\n<meta property=\"og:image\" content=\"https:\/\/iguanasmoke.com\/wp-content\/uploads\/2025\/08\/crema-calmex-pro-1.webp\" \/>\n\t<meta property=\"og:image:width\" content=\"1000\" \/>\n\t<meta property=\"og:image:height\" content=\"1000\" \/>\n\t<meta property=\"og:image:type\" content=\"image\/webp\" \/>\n<meta name=\"twitter:card\" content=\"summary_large_image\" \/>\n<meta name=\"twitter:label1\" content=\"Prix\" \/>\n\t<meta name=\"twitter:data1\" content=\"25,90&nbsp;&euro;\" \/>\n\t<meta name=\"twitter:label2\" content=\"Disponibilit\u00e9\" \/>\n\t<meta name=\"twitter:data2\" content=\"En stock\" \/>\n<meta property=\"product:brand\" content=\"simple\" \/>\n<meta property=\"product:price:amount\" content=\"25.90\" \/>\n<meta property=\"product:price:currency\" content=\"EUR\" \/>\n<meta property=\"og:availability\" content=\"instock\" \/>\n<meta property=\"product:availability\" content=\"instock\" \/>\n<meta property=\"product:retailer_item_id\" content=\"LYF-CALMEXPRO\" \/>\n<meta property=\"product:condition\" content=\"new\" \/>\n<!-- \/ Yoast SEO Premium plugin. -->","yoast_head_json":{"title":"Calmex Pro CBD Gel","description":"Achetez Calmex Pro CBD 5000mg Gel avec effet rafra\u00eechissant. Soulagez la douleur, acc\u00e9l\u00e9rez la r\u00e9cup\u00e9ration musculaire et profitez d'une fra\u00eecheur imm\u00e9diate.","robots":{"index":"index","follow":"follow","max-snippet":"max-snippet:-1","max-image-preview":"max-image-preview:large","max-video-preview":"max-video-preview:-1"},"canonical":"https:\/\/iguanasmoke.com\/fr\/produit\/calmex-pro-5000mg-cbd-cold-effect-gel\/","og_locale":"fr_FR","og_type":"article","og_title":"Gel Calmex Pro 5000mg de CBD","og_description":"El Gel Calmex Pro 5000mg de CBD es un gel de cannabidiol de alta concentraci\u00f3n con efecto fr\u00edo intenso, dise\u00f1ado para el alivio r\u00e1pido del dolor muscular y articular. Su f\u00f3rmula de r\u00e1pida absorci\u00f3n, no grasa, act\u00faa de forma localizada.\u00a0","og_url":"https:\/\/iguanasmoke.com\/fr\/produit\/calmex-pro-5000mg-cbd-cold-effect-gel\/","og_site_name":"Iguana Smoke","article_publisher":"https:\/\/www.facebook.com\/iguanasmoke","article_modified_time":"2025-12-26T14:16:20+00:00","og_image":[{"width":1000,"height":1000,"url":"https:\/\/iguanasmoke.com\/wp-content\/uploads\/2025\/08\/crema-calmex-pro-1.webp","type":"image\/webp"}],"twitter_card":"summary_large_image","twitter_misc":{"Prix":"25,90&nbsp;&euro;","Disponibilit\u00e9":"En stock"},"schema":{"@context":"https:\/\/schema.org","@graph":[{"@type":"WebPage","@id":"https:\/\/iguanasmoke.com\/producto\/gel-calmex-pro-5000mg-cbd-efecto-frio\/","url":"https:\/\/iguanasmoke.com\/producto\/gel-calmex-pro-5000mg-cbd-efecto-frio\/","name":"Calmex Pro CBD Gel","isPartOf":{"@id":"https:\/\/iguanasmoke.com\/#website"},"primaryImageOfPage":{"@id":"https:\/\/iguanasmoke.com\/producto\/gel-calmex-pro-5000mg-cbd-efecto-frio\/#primaryimage"},"image":{"@id":"https:\/\/iguanasmoke.com\/producto\/gel-calmex-pro-5000mg-cbd-efecto-frio\/#primaryimage"},"thumbnailUrl":"https:\/\/iguanasmoke.com\/wp-content\/uploads\/2025\/08\/crema-calmex-pro-1.webp","datePublished":"2025-08-09T11:06:13+00:00","dateModified":"2025-12-26T14:16:20+00:00","description":"Achetez Calmex Pro CBD 5000mg Gel avec effet rafra\u00eechissant. Soulagez la douleur, acc\u00e9l\u00e9rez la r\u00e9cup\u00e9ration musculaire et profitez d'une fra\u00eecheur imm\u00e9diate.","breadcrumb":{"@id":"https:\/\/iguanasmoke.com\/producto\/gel-calmex-pro-5000mg-cbd-efecto-frio\/#breadcrumb"},"inLanguage":"fr-FR","potentialAction":[{"@type":"ReadAction","target":["https:\/\/iguanasmoke.com\/producto\/gel-calmex-pro-5000mg-cbd-efecto-frio\/"]}]},{"@type":"ImageObject","inLanguage":"fr-FR","@id":"https:\/\/iguanasmoke.com\/producto\/gel-calmex-pro-5000mg-cbd-efecto-frio\/#primaryimage","url":"https:\/\/iguanasmoke.com\/wp-content\/uploads\/2025\/08\/crema-calmex-pro-1.webp","contentUrl":"https:\/\/iguanasmoke.com\/wp-content\/uploads\/2025\/08\/crema-calmex-pro-1.webp","width":1000,"height":1000,"caption":"Gel Calmex Pro 5000mg CBD \u2013 M\u00e1xima potencia con efecto fr\u00edo para tu bienestar"},{"@type":"BreadcrumbList","@id":"https:\/\/iguanasmoke.com\/producto\/gel-calmex-pro-5000mg-cbd-efecto-frio\/#breadcrumb","itemListElement":[{"@type":"ListItem","position":1,"name":"home","item":"https:\/\/iguanasmoke.com\/"},{"@type":"ListItem","position":2,"name":"Tienda","item":"https:\/\/iguanasmoke.com\/tienda\/"},{"@type":"ListItem","position":3,"name":"Mario's Market","item":"https:\/\/iguanasmoke.com\/categoria\/marios-market\/"},{"@type":"ListItem","position":4,"name":"Gel Calmex Pro 5000mg de CBD"}]},{"@type":"WebSite","@id":"https:\/\/iguanasmoke.com\/#website","url":"https:\/\/iguanasmoke.com\/","name":"Fum\u00e9e d'iguane","description":"Acheter du CBD en ligne au meilleur prix","publisher":{"@id":"https:\/\/iguanasmoke.com\/#organization"},"potentialAction":[{"@type":"SearchAction","target":{"@type":"EntryPoint","urlTemplate":"https:\/\/iguanasmoke.com\/?s={search_term_string}"},"query-input":{"@type":"PropertyValueSpecification","valueRequired":true,"valueName":"search_term_string"}}],"inLanguage":"fr-FR"},{"@type":"Organization","@id":"https:\/\/iguanasmoke.com\/#organization","name":"Fum\u00e9e d'iguane","url":"https:\/\/iguanasmoke.com\/","logo":{"@type":"ImageObject","inLanguage":"fr-FR","@id":"https:\/\/iguanasmoke.com\/#\/schema\/logo\/image\/","url":"https:\/\/iguanasmoke.com\/wp-content\/uploads\/2025\/01\/logoiguana-favi-1.png","contentUrl":"https:\/\/iguanasmoke.com\/wp-content\/uploads\/2025\/01\/logoiguana-favi-1.png","width":512,"height":512,"caption":"Iguana Smoke"},"image":{"@id":"https:\/\/iguanasmoke.com\/#\/schema\/logo\/image\/"},"sameAs":["https:\/\/www.facebook.com\/iguanasmoke","https:\/\/www.instagram.com\/iguanasmoke\/"]}]},"product_brand":"simple","product_price_amount":"25.90","product_price_currency":"EUR","og_availability":"instock","product_availability":"instock","product_retailer_item_id":"LYF-CALMEXPRO","product_condition":"new"},"_links":{"self":[{"href":"https:\/\/iguanasmoke.com\/fr\/wp-json\/wp\/v2\/product\/62784","targetHints":{"allow":["GET"]}}],"collection":[{"href":"https:\/\/iguanasmoke.com\/fr\/wp-json\/wp\/v2\/product"}],"about":[{"href":"https:\/\/iguanasmoke.com\/fr\/wp-json\/wp\/v2\/types\/product"}],"replies":[{"embeddable":true,"href":"https:\/\/iguanasmoke.com\/fr\/wp-json\/wp\/v2\/comments?post=62784"}],"wp:featuredmedia":[{"embeddable":true,"href":"https:\/\/iguanasmoke.com\/fr\/wp-json\/wp\/v2\/media\/62786"}],"wp:attachment":[{"href":"https:\/\/iguanasmoke.com\/fr\/wp-json\/wp\/v2\/media?parent=62784"}],"wp:term":[{"taxonomy":"product_brand","embeddable":true,"href":"https:\/\/iguanasmoke.com\/fr\/wp-json\/wp\/v2\/product_brand?post=62784"},{"taxonomy":"product_cat","embeddable":true,"href":"https:\/\/iguanasmoke.com\/fr\/wp-json\/wp\/v2\/product_cat?post=62784"},{"taxonomy":"product_tag","embeddable":true,"href":"https:\/\/iguanasmoke.com\/fr\/wp-json\/wp\/v2\/product_tag?post=62784"}],"curies":[{"name":"wp","href":"https:\/\/api.w.org\/{rel}","templated":true}]}}