{"id":62787,"date":"2025-08-09T13:23:07","date_gmt":"2025-08-09T11:23:07","guid":{"rendered":"https:\/\/iguanasmoke.com\/?post_type=product&#038;p=62787"},"modified":"2025-08-12T15:51:19","modified_gmt":"2025-08-12T13:51:19","slug":"baume-a-levres-cbd-750mg-baume-a-levres-2","status":"publish","type":"product","link":"https:\/\/iguanasmoke.com\/fr\/producto\/lip-balm-cbd-750mg-balsamo-de-labios\/","title":{"rendered":"Baume \u00e0 l\u00e8vres CBD 750mg CBD 15ml"},"content":{"rendered":"<h1 data-start=\"234\" data-end=\"302\"><strong data-start=\"236\" data-end=\"302\">Baume \u00e0 l\u00e8vres CBD 750mg - Hydratation et soin naturels<\/strong><\/h1>\n<p data-start=\"304\" data-end=\"742\">Le <strong data-start=\"307\" data-end=\"329\">Baume \u00e0 l\u00e8vres CBD 750mg<\/strong> est bien plus qu'un simple baume \u00e0 l\u00e8vres : c'est un <strong data-start=\"381\" data-end=\"409\">Baume \u00e0 l\u00e8vres au CBD<\/strong> Formul\u00e9 \u00e0 partir d'ingr\u00e9dients naturels de haute qualit\u00e9 pour hydrater, nourrir et prot\u00e9ger vos l\u00e8vres \u00e0 tout moment de la journ\u00e9e. Gr\u00e2ce \u00e0 sa concentration en <strong data-start=\"567\" data-end=\"583\">750 mg de CBD<\/strong> dans un format pratique de 15 ml, ce produit devient votre alli\u00e9 parfait pour conserver un sourire sain et des l\u00e8vres irr\u00e9sistiblement douces.<\/p>\n<h2 data-start=\"744\" data-end=\"791\"><strong data-start=\"747\" data-end=\"791\">Propri\u00e9t\u00e9s du baume \u00e0 l\u00e8vres CBD<\/strong><\/h2>\n<p data-start=\"793\" data-end=\"1002\">Le <strong data-start=\"796\" data-end=\"817\">CBD (cannabidiol)<\/strong> est un compos\u00e9 naturel pr\u00e9sent dans le chanvre qui poss\u00e8de de puissantes propri\u00e9t\u00e9s antioxydantes, apaisantes et r\u00e9g\u00e9n\u00e9ratrices. Appliqu\u00e9 localement sur un <strong data-start=\"962\" data-end=\"983\">BAUME \u00c0 L\u00c8VRES<\/strong>, Le CBD aide \u00e0 :<\/p>\n<ul data-start=\"1004\" data-end=\"1314\">\n<li data-start=\"1004\" data-end=\"1080\">\n<p data-start=\"1006\" data-end=\"1080\"><strong data-start=\"1006\" data-end=\"1033\">Hydrater en profondeur<\/strong> et maintiennent l'hydratation naturelle des l\u00e8vres.<\/p>\n<\/li>\n<li data-start=\"1081\" data-end=\"1162\">\n<p data-start=\"1083\" data-end=\"1162\"><strong data-start=\"1083\" data-end=\"1106\">Apaiser les irritations<\/strong> caus\u00e9e par le froid, le soleil ou la s\u00e9cheresse de l'environnement.<\/p>\n<\/li>\n<li data-start=\"1163\" data-end=\"1218\">\n<p data-start=\"1165\" data-end=\"1218\"><strong data-start=\"1165\" data-end=\"1194\">Promouvoir la r\u00e9g\u00e9n\u00e9ration<\/strong> de la peau gerc\u00e9e.<\/p>\n<\/li>\n<li data-start=\"1219\" data-end=\"1314\">\n<p data-start=\"1221\" data-end=\"1314\">Prot\u00e9ger contre <strong data-start=\"1239\" data-end=\"1259\">les acteurs ext\u00e9rieurs<\/strong> comme le vent, les changements de temp\u00e9rature et la pollution.<\/p>\n<\/li>\n<\/ul>\n<p data-start=\"1316\" data-end=\"1481\">En outre, la formule de cette <strong data-start=\"1343\" data-end=\"1359\">Baume \u00e0 l\u00e8vres CBD<\/strong> est enrichi d'huiles et de beurres naturels qui renforcent ses bienfaits et lui conf\u00e8rent une texture douce et agr\u00e9able.<\/p>\n<h2 data-start=\"1483\" data-end=\"1527\"><strong data-start=\"1486\" data-end=\"1527\">Avantages de l'utilisation du baume \u00e0 l\u00e8vres CBD 750mg<\/strong><\/h2>\n<p data-start=\"1529\" data-end=\"1629\">L'utilisation quotidienne de ce <strong data-start=\"1551\" data-end=\"1581\">Baume \u00e0 l\u00e8vres Baume \u00e0 l\u00e8vres<\/strong> offre un certain nombre d'avantages notables :<\/p>\n<h3 data-start=\"1631\" data-end=\"1664\">1. <strong data-start=\"1638\" data-end=\"1662\">Hydratation longue dur\u00e9e<\/strong><\/h3>\n<p data-start=\"1665\" data-end=\"1796\">La combinaison de CBD et d'huiles v\u00e9g\u00e9tales p\u00e9n\u00e8tre la peau pour la nourrir de l'int\u00e9rieur, pr\u00e9venant ainsi la s\u00e9cheresse et la desquamation.<\/p>\n<h3 data-start=\"1798\" data-end=\"1837\">2. <strong data-start=\"1805\" data-end=\"1835\">Protection du climat<\/strong><\/h3>\n<p data-start=\"1838\" data-end=\"1943\">En hiver, elle prot\u00e8ge contre le froid et le vent ; en \u00e9t\u00e9, elle aide \u00e0 r\u00e9parer les dommages caus\u00e9s par le soleil.<\/p>\n<h3 data-start=\"1945\" data-end=\"1983\">3. <strong data-start=\"1952\" data-end=\"1981\">Effet calmant imm\u00e9diat<\/strong><\/h3>\n<p data-start=\"1984\" data-end=\"2099\">Gr\u00e2ce aux propri\u00e9t\u00e9s anti-inflammatoires du CBD, il soulage les sensations de tiraillement ou de br\u00fblure sur les l\u00e8vres sensibles.<\/p>\n<h3 data-start=\"2101\" data-end=\"2136\">4. <strong data-start=\"2108\" data-end=\"2134\">R\u00e9g\u00e9n\u00e9ration intensive<\/strong><\/h3>\n<p data-start=\"2137\" data-end=\"2230\">Parfait pour les l\u00e8vres gerc\u00e9es ou ab\u00eem\u00e9es, il favorise une r\u00e9paration plus rapide et plus efficace.<\/p>\n<h2 data-start=\"2232\" data-end=\"2279\"><strong data-start=\"2235\" data-end=\"2279\">Comment utiliser le baume \u00e0 l\u00e8vres CBD<\/strong><\/h2>\n<p data-start=\"2281\" data-end=\"2501\">Appliquer une petite quantit\u00e9 de <strong data-start=\"2314\" data-end=\"2330\">Baume \u00e0 l\u00e8vres CBD<\/strong> directement sur les l\u00e8vres propres aussi souvent que n\u00e9cessaire. Sa texture cr\u00e9meuse fond instantan\u00e9ment, laissant une couche protectrice invisible mais tr\u00e8s efficace.<\/p>\n<p data-start=\"2503\" data-end=\"2519\">Vous pouvez l'utiliser :<\/p>\n<ul data-start=\"2520\" data-end=\"2693\">\n<li data-start=\"2520\" data-end=\"2572\">\n<p data-start=\"2522\" data-end=\"2572\">Avant de quitter la maison pour prot\u00e9ger vos l\u00e8vres.<\/p>\n<\/li>\n<li data-start=\"2573\" data-end=\"2635\">\n<p data-start=\"2575\" data-end=\"2635\">En traitement de nuit pour r\u00e9g\u00e9n\u00e9rer pendant le sommeil.<\/p>\n<\/li>\n<li data-start=\"2636\" data-end=\"2693\">\n<p data-start=\"2638\" data-end=\"2693\">Sous le rouge \u00e0 l\u00e8vres pour un fini plus uniforme.<\/p>\n<\/li>\n<\/ul>\n<h2 data-start=\"2695\" data-end=\"2750\"><strong data-start=\"2698\" data-end=\"2750\">Pourquoi choisir notre baume \u00e0 l\u00e8vres CBD 750mg - 15ml<\/strong><\/h2>\n<p data-start=\"2752\" data-end=\"3097\">Le pr\u00e9sent <strong data-start=\"2757\" data-end=\"2785\">Baume \u00e0 l\u00e8vres au CBD<\/strong> est compos\u00e9 de 100% ingr\u00e9dients naturels, sans parab\u00e8nes ni produits chimiques agressifs. Il contient une forte concentration de CBD pur, ce qui garantit une efficacit\u00e9 maximale \u00e0 chaque application. En outre, son format de <strong data-start=\"2991\" data-end=\"2999\">15ml<\/strong> est id\u00e9ale pour \u00eatre emport\u00e9e avec soi et profiter d'une hydratation de qualit\u00e9 sup\u00e9rieure en d\u00e9placement.<\/p>\n<p data-start=\"3099\" data-end=\"3273\">Le <strong data-start=\"3102\" data-end=\"3118\">Baume \u00e0 l\u00e8vres CBD<\/strong> est le choix id\u00e9al si vous recherchez un produit qui combine <strong data-start=\"3177\" data-end=\"3220\">soins, protection et bien-\u00eatre naturels<\/strong>, avec tous les bienfaits du CBD pour vos l\u00e8vres.<\/p>","protected":false},"excerpt":{"rendered":"<p>Le <strong data-start=\"108\" data-end=\"130\">Baume \u00e0 l\u00e8vres CBD 750mg<\/strong> est un baume \u00e0 l\u00e8vres naturel au CBD qui hydrate, prot\u00e8ge et r\u00e9pare les l\u00e8vres s\u00e8ches ou gerc\u00e9es. Avec 750 mg de CBD pur et d'huiles v\u00e9g\u00e9tales, il offre un soin intensif et une protection contre le froid, le vent et le soleil. Son format de 15 ml est id\u00e9al pour l'emporter partout avec soi.<\/p>","protected":false},"featured_media":62789,"comment_status":"open","ping_status":"closed","template":"","meta":{"_acf_changed":false,"site-sidebar-layout":"default","site-content-layout":"","ast-site-content-layout":"default","site-content-style":"default","site-sidebar-style":"default","ast-global-header-display":"","ast-banner-title-visibility":"","ast-main-header-display":"","ast-hfb-above-header-display":"","ast-hfb-below-header-display":"","ast-hfb-mobile-header-display":"","site-post-title":"","ast-breadcrumbs-content":"","ast-featured-img":"","footer-sml-layout":"","theme-transparent-header-meta":"default","adv-header-id-meta":"","stick-header-meta":"","header-above-stick-meta":"","header-main-stick-meta":"","header-below-stick-meta":"","astra-migrate-meta-layouts":"set","ast-page-background-enabled":"default","ast-page-background-meta":{"desktop":{"background-color":"var(--ast-global-color-4)","background-image":"","background-repeat":"repeat","background-position":"center center","background-size":"auto","background-attachment":"scroll","background-type":"","background-media":"","overlay-type":"","overlay-color":"","overlay-opacity":"","overlay-gradient":""},"tablet":{"background-color":"","background-image":"","background-repeat":"repeat","background-position":"center center","background-size":"auto","background-attachment":"scroll","background-type":"","background-media":"","overlay-type":"","overlay-color":"","overlay-opacity":"","overlay-gradient":""},"mobile":{"background-color":"","background-image":"","background-repeat":"repeat","background-position":"center center","background-size":"auto","background-attachment":"scroll","background-type":"","background-media":"","overlay-type":"","overlay-color":"","overlay-opacity":"","overlay-gradient":""}},"ast-content-background-meta":{"desktop":{"background-color":"var(--ast-global-color-5)","background-image":"","background-repeat":"repeat","background-position":"center center","background-size":"auto","background-attachment":"scroll","background-type":"","background-media":"","overlay-type":"","overlay-color":"","overlay-opacity":"","overlay-gradient":""},"tablet":{"background-color":"var(--ast-global-color-5)","background-image":"","background-repeat":"repeat","background-position":"center center","background-size":"auto","background-attachment":"scroll","background-type":"","background-media":"","overlay-type":"","overlay-color":"","overlay-opacity":"","overlay-gradient":""},"mobile":{"background-color":"var(--ast-global-color-5)","background-image":"","background-repeat":"repeat","background-position":"center center","background-size":"auto","background-attachment":"scroll","background-type":"","background-media":"","overlay-type":"","overlay-color":"","overlay-opacity":"","overlay-gradient":""}}},"product_brand":[],"product_cat":[458],"product_tag":[],"class_list":{"0":"post-62787","1":"product","2":"type-product","3":"status-publish","4":"has-post-thumbnail","6":"product_cat-marios-market","7":"desktop-align-center","8":"tablet-align-center","9":"mobile-align-center","11":"first","12":"instock","13":"taxable","14":"shipping-taxable","15":"purchasable","16":"product-type-simple"},"acf":[],"yoast_head":"<!-- This site is optimized with the Yoast SEO Premium plugin v27.3 (Yoast SEO v27.3) - https:\/\/yoast.com\/product\/yoast-seo-premium-wordpress\/ -->\n<title>Lip Balm CBD 750mg | B\u00e1lsamo de Labios Hidratante<\/title>\n<meta name=\"description\" content=\"B\u00e1lsamo de labios de CBD con 750mg. Hidrata, protege y repara tus labios de forma natural. Formato 15ml ideal para uso diario.\" \/>\n<meta name=\"robots\" content=\"index, follow, max-snippet:-1, max-image-preview:large, max-video-preview:-1\" \/>\n<link rel=\"canonical\" href=\"https:\/\/iguanasmoke.com\/fr\/produit\/baume-a-levres-cbd-750mg-baume-a-levres-2\/\" \/>\n<meta property=\"og:locale\" content=\"fr_FR\" \/>\n<meta property=\"og:type\" content=\"article\" \/>\n<meta property=\"og:title\" content=\"Lip Balm CBD 750mg CBD 15ml\" \/>\n<meta property=\"og:description\" content=\"El Lip Balm CBD 750mg es un b\u00e1lsamo de labios de CBD natural que hidrata, protege y repara labios secos o agrietados. Con 750mg de CBD puro y aceites vegetales, ofrece cuidado intensivo y protecci\u00f3n contra el fr\u00edo, el viento y el sol. Formato 15ml ideal para llevar siempre contigo.\" \/>\n<meta property=\"og:url\" content=\"https:\/\/iguanasmoke.com\/fr\/produit\/baume-a-levres-cbd-750mg-baume-a-levres-2\/\" \/>\n<meta property=\"og:site_name\" content=\"Iguana Smoke\" \/>\n<meta property=\"article:publisher\" content=\"https:\/\/www.facebook.com\/iguanasmoke\" \/>\n<meta property=\"article:modified_time\" content=\"2025-08-12T13:51:19+00:00\" \/>\n<meta property=\"og:image\" content=\"https:\/\/i0.wp.com\/iguanasmoke.com\/wp-content\/uploads\/2025\/08\/Lata-LYF-lip-balm.webp?fit=1000%2C1000&ssl=1\" \/>\n\t<meta property=\"og:image:width\" content=\"1000\" \/>\n\t<meta property=\"og:image:height\" content=\"1000\" \/>\n\t<meta property=\"og:image:type\" content=\"image\/webp\" \/>\n<meta name=\"twitter:card\" content=\"summary_large_image\" \/>\n<meta name=\"twitter:label1\" content=\"Prix\" \/>\n\t<meta name=\"twitter:data1\" content=\"8,90&nbsp;&euro;\" \/>\n\t<meta name=\"twitter:label2\" content=\"Disponibilit\u00e9\" \/>\n\t<meta name=\"twitter:data2\" content=\"En stock\" \/>\n<meta property=\"product:brand\" content=\"simple\" \/>\n<meta property=\"product:price:amount\" content=\"8.90\" \/>\n<meta property=\"product:price:currency\" content=\"EUR\" \/>\n<meta property=\"og:availability\" content=\"instock\" \/>\n<meta property=\"product:availability\" content=\"instock\" \/>\n<meta property=\"product:retailer_item_id\" content=\"LYF-LIPBALM\" \/>\n<meta property=\"product:condition\" content=\"new\" \/>\n<!-- \/ Yoast SEO Premium plugin. -->","yoast_head_json":{"title":"Baume \u00e0 l\u00e8vres CBD 750mg | Baume \u00e0 l\u00e8vres hydratant","description":"Baume \u00e0 l\u00e8vres au CBD avec 750mg. Hydrate, prot\u00e8ge et r\u00e9pare vos l\u00e8vres naturellement. Format 15ml id\u00e9al pour un usage quotidien.","robots":{"index":"index","follow":"follow","max-snippet":"max-snippet:-1","max-image-preview":"max-image-preview:large","max-video-preview":"max-video-preview:-1"},"canonical":"https:\/\/iguanasmoke.com\/fr\/produit\/baume-a-levres-cbd-750mg-baume-a-levres-2\/","og_locale":"fr_FR","og_type":"article","og_title":"Lip Balm CBD 750mg CBD 15ml","og_description":"El Lip Balm CBD 750mg es un b\u00e1lsamo de labios de CBD natural que hidrata, protege y repara labios secos o agrietados. Con 750mg de CBD puro y aceites vegetales, ofrece cuidado intensivo y protecci\u00f3n contra el fr\u00edo, el viento y el sol. Formato 15ml ideal para llevar siempre contigo.","og_url":"https:\/\/iguanasmoke.com\/fr\/produit\/baume-a-levres-cbd-750mg-baume-a-levres-2\/","og_site_name":"Iguana Smoke","article_publisher":"https:\/\/www.facebook.com\/iguanasmoke","article_modified_time":"2025-08-12T13:51:19+00:00","og_image":[{"width":1000,"height":1000,"url":"https:\/\/i0.wp.com\/iguanasmoke.com\/wp-content\/uploads\/2025\/08\/Lata-LYF-lip-balm.webp?fit=1000%2C1000&ssl=1","type":"image\/webp"}],"twitter_card":"summary_large_image","twitter_misc":{"Prix":"8,90&nbsp;&euro;","Disponibilit\u00e9":"En stock"},"schema":{"@context":"https:\/\/schema.org","@graph":[{"@type":"WebPage","@id":"https:\/\/iguanasmoke.com\/en\/product\/lip-balm-cbd-750mg-balsamo-de-labios\/","url":"https:\/\/iguanasmoke.com\/en\/product\/lip-balm-cbd-750mg-balsamo-de-labios\/","name":"Baume \u00e0 l\u00e8vres CBD 750mg | Baume \u00e0 l\u00e8vres hydratant","isPartOf":{"@id":"https:\/\/iguanasmoke.com\/#website"},"primaryImageOfPage":{"@id":"https:\/\/iguanasmoke.com\/en\/product\/lip-balm-cbd-750mg-balsamo-de-labios\/#primaryimage"},"image":{"@id":"https:\/\/iguanasmoke.com\/en\/product\/lip-balm-cbd-750mg-balsamo-de-labios\/#primaryimage"},"thumbnailUrl":"https:\/\/iguanasmoke.com\/wp-content\/uploads\/2025\/08\/Lata-LYF-lip-balm.webp","datePublished":"2025-08-09T11:23:07+00:00","dateModified":"2025-08-12T13:51:19+00:00","description":"Baume \u00e0 l\u00e8vres au CBD avec 750mg. Hydrate, prot\u00e8ge et r\u00e9pare vos l\u00e8vres naturellement. Format 15ml id\u00e9al pour un usage quotidien.","breadcrumb":{"@id":"https:\/\/iguanasmoke.com\/en\/product\/lip-balm-cbd-750mg-balsamo-de-labios\/#breadcrumb"},"inLanguage":"fr-FR","potentialAction":[{"@type":"ReadAction","target":["https:\/\/iguanasmoke.com\/en\/product\/lip-balm-cbd-750mg-balsamo-de-labios\/"]}]},{"@type":"ImageObject","inLanguage":"fr-FR","@id":"https:\/\/iguanasmoke.com\/en\/product\/lip-balm-cbd-750mg-balsamo-de-labios\/#primaryimage","url":"https:\/\/iguanasmoke.com\/wp-content\/uploads\/2025\/08\/Lata-LYF-lip-balm.webp","contentUrl":"https:\/\/iguanasmoke.com\/wp-content\/uploads\/2025\/08\/Lata-LYF-lip-balm.webp","width":1000,"height":1000,"caption":"Lip Balm CBD 750mg \u2013 Cuidado e hidrataci\u00f3n intensiva para labios con CBD natural"},{"@type":"BreadcrumbList","@id":"https:\/\/iguanasmoke.com\/en\/product\/lip-balm-cbd-750mg-balsamo-de-labios\/#breadcrumb","itemListElement":[{"@type":"ListItem","position":1,"name":"home","item":"https:\/\/iguanasmoke.com\/"},{"@type":"ListItem","position":2,"name":"Tienda","item":"https:\/\/iguanasmoke.com\/tienda\/"},{"@type":"ListItem","position":3,"name":"Mario's Market","item":"https:\/\/iguanasmoke.com\/categoria\/marios-market\/"},{"@type":"ListItem","position":4,"name":"Lip Balm CBD 750mg CBD 15ml"}]},{"@type":"WebSite","@id":"https:\/\/iguanasmoke.com\/#website","url":"https:\/\/iguanasmoke.com\/","name":"Fum\u00e9e d'iguane","description":"Acheter du CBD en ligne au meilleur prix","publisher":{"@id":"https:\/\/iguanasmoke.com\/#organization"},"potentialAction":[{"@type":"SearchAction","target":{"@type":"EntryPoint","urlTemplate":"https:\/\/iguanasmoke.com\/?s={search_term_string}"},"query-input":{"@type":"PropertyValueSpecification","valueRequired":true,"valueName":"search_term_string"}}],"inLanguage":"fr-FR"},{"@type":"Organization","@id":"https:\/\/iguanasmoke.com\/#organization","name":"Fum\u00e9e d'iguane","url":"https:\/\/iguanasmoke.com\/","logo":{"@type":"ImageObject","inLanguage":"fr-FR","@id":"https:\/\/iguanasmoke.com\/#\/schema\/logo\/image\/","url":"https:\/\/iguanasmoke.com\/wp-content\/uploads\/2025\/01\/logoiguana-favi-1.png","contentUrl":"https:\/\/iguanasmoke.com\/wp-content\/uploads\/2025\/01\/logoiguana-favi-1.png","width":512,"height":512,"caption":"Iguana Smoke"},"image":{"@id":"https:\/\/iguanasmoke.com\/#\/schema\/logo\/image\/"},"sameAs":["https:\/\/www.facebook.com\/iguanasmoke","https:\/\/www.instagram.com\/iguanasmoke\/"]}]},"product_brand":"simple","product_price_amount":"8.90","product_price_currency":"EUR","og_availability":"instock","product_availability":"instock","product_retailer_item_id":"LYF-LIPBALM","product_condition":"new"},"_links":{"self":[{"href":"https:\/\/iguanasmoke.com\/fr\/wp-json\/wp\/v2\/product\/62787","targetHints":{"allow":["GET"]}}],"collection":[{"href":"https:\/\/iguanasmoke.com\/fr\/wp-json\/wp\/v2\/product"}],"about":[{"href":"https:\/\/iguanasmoke.com\/fr\/wp-json\/wp\/v2\/types\/product"}],"replies":[{"embeddable":true,"href":"https:\/\/iguanasmoke.com\/fr\/wp-json\/wp\/v2\/comments?post=62787"}],"wp:featuredmedia":[{"embeddable":true,"href":"https:\/\/iguanasmoke.com\/fr\/wp-json\/wp\/v2\/media\/62789"}],"wp:attachment":[{"href":"https:\/\/iguanasmoke.com\/fr\/wp-json\/wp\/v2\/media?parent=62787"}],"wp:term":[{"taxonomy":"product_brand","embeddable":true,"href":"https:\/\/iguanasmoke.com\/fr\/wp-json\/wp\/v2\/product_brand?post=62787"},{"taxonomy":"product_cat","embeddable":true,"href":"https:\/\/iguanasmoke.com\/fr\/wp-json\/wp\/v2\/product_cat?post=62787"},{"taxonomy":"product_tag","embeddable":true,"href":"https:\/\/iguanasmoke.com\/fr\/wp-json\/wp\/v2\/product_tag?post=62787"}],"curies":[{"name":"wp","href":"https:\/\/api.w.org\/{rel}","templated":true}]}}