{"id":62878,"date":"2025-08-11T12:03:21","date_gmt":"2025-08-11T10:03:21","guid":{"rendered":"https:\/\/iguanasmoke.com\/?post_type=product&#038;p=62878"},"modified":"2026-02-10T15:38:41","modified_gmt":"2026-02-10T14:38:41","slug":"kit-de-survie-cbd-plage","status":"publish","type":"product","link":"https:\/\/iguanasmoke.com\/fr\/producto\/kit-playero-cbd-de-supervivencia\/","title":{"rendered":"Kit de survie CBD pour la plage"},"content":{"rendered":"<h1 data-start=\"1609\" data-end=\"1642\"><span style=\"font-weight: 400;\">Kit de survie CBD pour la plage : <em>Votre \u00e9t\u00e9 en mode \"chill\" garanti<\/em><\/span><\/h1>\n<p data-start=\"273\" data-end=\"578\"><span style=\"font-weight: 400;\">Si vous aimez d\u00e9couvrir de nouveaux ar\u00f4mes et appr\u00e9cier des fleurs de CBD de haute qualit\u00e9, alors le <strong>Kit de survie CBD pour la plage\u00a0<\/strong>est fait pour vous. Nous avons cr\u00e9\u00e9 ce pack exclusif pour que vous puissiez profiter de vos moments de d\u00e9tente avec TOUT ce dont vous avez besoin pour passer une journ\u00e9e \u00e0 la plage.<\/span><\/p>\n<h2 data-start=\"273\" data-end=\"578\"><strong>Que contient le kit de survie CBD Beach ? <\/strong><\/h2>\n<p data-start=\"273\" data-end=\"578\"><span style=\"font-weight: 400;\">Tout d'abord, dans ce pack, vous pourrez profiter de <strong>2 x <a href=\"https:\/\/iguanasmoke.com\/fr\/produit\/acheter-cbd-flower-sting-cbd-ready-to-roll-30gr\/\">CBD Flower Bites - Pr\u00eat \u00e0 rouler 30g<\/a>.\u00a0<\/strong>Ci-dessous, vous pouvez choisir parmi les designs des plateaux les plus cool<a href=\"https:\/\/iguanasmoke.com\/fr\/categorie\/plateaux-roulants\/\"><strong> 1 x Plateau \u00e0 menteurs<\/strong><\/a>.<\/span><\/p>\n<p><span style=\"font-weight: 400;\">Enfin, votre <strong>1 x<\/strong>\u00a0<a href=\"https:\/\/iguanasmoke.com\/fr\/produit\/papier-a-rouler-en-chanvre-king-size-avec-filtres\/\"><strong>Papier \u00e0 rouler chanvre Japon King Size avec filtres<\/strong><\/a> y <strong>1 x <a href=\"https:\/\/iguanasmoke.com\/fr\/produit\/porte-rouleau-2\/\">Porte-rouleau Iguana Smoke<\/a>.<\/strong><\/span><\/p>\n<p data-start=\"273\" data-end=\"578\"><span style=\"font-weight: 400;\">Tout est pens\u00e9 pour que vous n'ayez qu'\u00e0 ouvrir la bo\u00eete et profiter de <strong>votre kit de survie CBD pour la plage<\/strong>.<\/span><\/p>\n<h2 data-start=\"273\" data-end=\"578\"><strong>Pourquoi choisir le kit de survie CBD pour la plage ? <\/strong><\/h2>\n<ul>\n<li data-start=\"273\" data-end=\"578\"><span style=\"font-weight: 400;\">S\u00e9lection exclusive de fleurs de CBD de qualit\u00e9 sup\u00e9rieure <\/span><\/li>\n<li data-start=\"273\" data-end=\"578\"><span style=\"font-weight: 400;\">CBD entre 10 et 15% et THC inf\u00e9rieur \u00e0 0,3% <\/span><\/li>\n<li data-start=\"273\" data-end=\"578\"><span style=\"font-weight: 400;\">Produit l\u00e9gal, s\u00fbr et test\u00e9 <\/span><\/li>\n<li data-start=\"273\" data-end=\"578\"><span style=\"font-weight: 400;\">Parfait pour un cadeau... ou pour soi-m\u00eame. <\/span><\/li>\n<\/ul>\n<p><span style=\"font-weight: 400;\">Le <strong>Kit de survie CBD pour la plage<\/strong> ce n'est pas seulement un paquet, c'est aussi un laissez-passer garanti pour un \u00e9t\u00e9 sans stress et plein de bons moments.\u00a0<\/span><\/p>\n<p>&nbsp;<\/p>\n<h3><b>Iguana Smoke est votre boutique en ligne de CBD\u00a0<\/b><\/h3>\n<p><span style=\"font-weight: 400;\">Au<strong> Fum\u00e9e d'iguane<\/strong>, Nous pensons que la consommation de CBD doit se faire en toute s\u00e9curit\u00e9. C'est pourquoi nous proposons des produits comme celui-ci <strong>Kit de survie CBD pour la plage<\/strong>, La marque s'adresse aux nouvelles g\u00e9n\u00e9rations : des personnes qui recherchent un bien-\u00eatre simple, avec des marques authentiques et fiables.\u00a0<\/span><\/p>\n<p>Vous savez, notre mission est claire : vous apporter le meilleur du monde des cannabino\u00efdes \u00e0 un prix \u00e9quitable. De plus, nous vous offrons la tranquillit\u00e9 d'esprit de savoir que vous choisissez un produit certifi\u00e9, efficace et 100% l\u00e9gal. Votre moment de d\u00e9tente commence ici avec nos fleurs de CBD.<\/p>\n<p>Vous avez encore des doutes ? Ecrivez-nous et nous nous ferons un plaisir de vous aider \u00e0 trouver le produit qui vous convient.<\/p>\n<p>&nbsp;<\/p>\n<h6>\u2139\ufe0f<strong> Informations juridiques<\/strong><\/h6>\n<p><em><span style=\"font-weight: 400;\">*Produit destin\u00e9 \u00e0 la collection ou \u00e0 l'aromath\u00e9rapie, conform\u00e9ment \u00e0 la l\u00e9gislation espagnole en vigueur. <\/span><\/em><\/p>\n<p><em><span style=\"font-weight: 400;\">**D\u00e9riv\u00e9 de chanvre industriel certifi\u00e9. Contient moins de 0,3 THC et ne contient pas de cannabino\u00efdes ill\u00e9gaux tels que HHC, HHC-P, THCP, THCP-O, H4CBD ou des substances \u00e9num\u00e9r\u00e9es \u00e0 l'annexe I du d\u00e9cret royal 2829\/1977, ni de substances contr\u00f4l\u00e9es par des conventions internationales.\u00a0\u00a0<\/span><\/em><\/p>\n<p data-start=\"2593\" data-end=\"2831\">il manque le parapluie... mais nous vous laissons le soin d'y rem\u00e9dier.<\/p>","protected":false},"excerpt":{"rendered":"<p><span style=\"font-size: 16px; font-weight: 400;\">Pr\u00e9parez-vous, car ce kit va marquer votre \u00e9t\u00e9 :\u00a0<\/span><\/p>\n<ul>\n<li>2 x <strong>CBD Flower Bites - Pr\u00eat \u00e0 rouler 30g<\/strong><\/li>\n<li>1 x Plateau \u00e0 roulettes au choix<\/li>\n<li>1 x Papier menteur chanvre King Size Japon<\/li>\n<li>1 x Porte-rouleau<\/li>\n<\/ul>\n<p><em><span style=\"font-weight: 400;\">Prix sans remise : 64\u20ac | prix du pack de remise : 50\u20ac =&gt; <strong>\u00e9conomie de 14\u20ac avec une r\u00e9duction de 22%<\/strong><\/span>\u00a0<\/em><\/p>\n<p><span style=\"font-weight: 400;\">Consultation<strong>\u00a0<a href=\"https:\/\/iguanasmoke.com\/fr\/lanalyse\/\">analyse en laboratoire.<\/a><\/strong><\/span><\/p>","protected":false},"featured_media":63024,"comment_status":"open","ping_status":"closed","template":"","meta":{"_acf_changed":false,"site-sidebar-layout":"default","site-content-layout":"","ast-site-content-layout":"default","site-content-style":"default","site-sidebar-style":"default","ast-global-header-display":"","ast-banner-title-visibility":"","ast-main-header-display":"","ast-hfb-above-header-display":"","ast-hfb-below-header-display":"","ast-hfb-mobile-header-display":"","site-post-title":"","ast-breadcrumbs-content":"","ast-featured-img":"","footer-sml-layout":"","theme-transparent-header-meta":"default","adv-header-id-meta":"","stick-header-meta":"","header-above-stick-meta":"","header-main-stick-meta":"","header-below-stick-meta":"","astra-migrate-meta-layouts":"set","ast-page-background-enabled":"default","ast-page-background-meta":{"desktop":{"background-color":"var(--ast-global-color-4)","background-image":"","background-repeat":"repeat","background-position":"center center","background-size":"auto","background-attachment":"scroll","background-type":"","background-media":"","overlay-type":"","overlay-color":"","overlay-opacity":"","overlay-gradient":""},"tablet":{"background-color":"","background-image":"","background-repeat":"repeat","background-position":"center center","background-size":"auto","background-attachment":"scroll","background-type":"","background-media":"","overlay-type":"","overlay-color":"","overlay-opacity":"","overlay-gradient":""},"mobile":{"background-color":"","background-image":"","background-repeat":"repeat","background-position":"center center","background-size":"auto","background-attachment":"scroll","background-type":"","background-media":"","overlay-type":"","overlay-color":"","overlay-opacity":"","overlay-gradient":""}},"ast-content-background-meta":{"desktop":{"background-color":"var(--ast-global-color-5)","background-image":"","background-repeat":"repeat","background-position":"center center","background-size":"auto","background-attachment":"scroll","background-type":"","background-media":"","overlay-type":"","overlay-color":"","overlay-opacity":"","overlay-gradient":""},"tablet":{"background-color":"var(--ast-global-color-5)","background-image":"","background-repeat":"repeat","background-position":"center center","background-size":"auto","background-attachment":"scroll","background-type":"","background-media":"","overlay-type":"","overlay-color":"","overlay-opacity":"","overlay-gradient":""},"mobile":{"background-color":"var(--ast-global-color-5)","background-image":"","background-repeat":"repeat","background-position":"center center","background-size":"auto","background-attachment":"scroll","background-type":"","background-media":"","overlay-type":"","overlay-color":"","overlay-opacity":"","overlay-gradient":""}}},"product_brand":[],"product_cat":[349],"product_tag":[],"class_list":{"0":"post-62878","1":"product","2":"type-product","3":"status-publish","4":"has-post-thumbnail","6":"product_cat-packs-y-ofertas-cbd","7":"desktop-align-center","8":"tablet-align-center","9":"mobile-align-center","11":"first","12":"instock","13":"sale","14":"taxable","15":"shipping-taxable","16":"purchasable","17":"product-type-composite"},"acf":[],"yoast_head":"<!-- This site is optimized with the Yoast SEO Premium plugin v27.3 (Yoast SEO v27.3) - https:\/\/yoast.com\/product\/yoast-seo-premium-wordpress\/ -->\n<title>Kit Playero CBD de Supervivencia | Iguana Smoke<\/title>\n<meta name=\"description\" content=\"Descubre el Kit Playero CBD de Supervivencia de Iguana Smoke. Incluye Picadura de Flores- Ready to Roll CBD 30g, bandeja, papeles y Porta Pre Roll.\" \/>\n<meta name=\"robots\" content=\"index, follow, max-snippet:-1, max-image-preview:large, max-video-preview:-1\" \/>\n<link rel=\"canonical\" href=\"https:\/\/iguanasmoke.com\/fr\/produit\/kit-de-survie-cbd-plage\/\" \/>\n<meta property=\"og:locale\" content=\"fr_FR\" \/>\n<meta property=\"og:type\" content=\"article\" \/>\n<meta property=\"og:title\" content=\"Kit Playero CBD de Supervivencia\" \/>\n<meta property=\"og:description\" content=\"Prep\u00e1rate porque este Kit te har\u00e1 el verano:\u00a0   2 x Picadura de Flores de CBD | Ready to Roll 30g  1 x Bandeja de liar a tu elecci\u00f3n  1 x Papel de Liar de c\u00e1\u00f1amo King Size Japon  1 x Porta Pre Roll  Precio sin descuento: 64\u20ac | precio pack descuento: 50\u20ac =&gt; ahorro de 14\u20ac con un descuento del 22%\u00a0  Consulta\u00a0el an\u00e1lisis de laboratorio.\" \/>\n<meta property=\"og:url\" content=\"https:\/\/iguanasmoke.com\/fr\/produit\/kit-de-survie-cbd-plage\/\" \/>\n<meta property=\"og:site_name\" content=\"Iguana Smoke\" \/>\n<meta property=\"article:publisher\" content=\"https:\/\/www.facebook.com\/iguanasmoke\" \/>\n<meta property=\"article:modified_time\" content=\"2026-02-10T14:38:41+00:00\" \/>\n<meta property=\"og:image\" content=\"https:\/\/iguanasmoke.com\/wp-content\/uploads\/2025\/08\/Kit-Playero-sin-fondo.webp\" \/>\n\t<meta property=\"og:image:width\" content=\"1232\" \/>\n\t<meta property=\"og:image:height\" content=\"928\" \/>\n\t<meta property=\"og:image:type\" content=\"image\/webp\" \/>\n<meta name=\"twitter:card\" content=\"summary_large_image\" \/>\n<meta name=\"twitter:label1\" content=\"Prix\" \/>\n\t<meta name=\"twitter:data1\" content=\"50,00&nbsp;&euro;\" \/>\n\t<meta name=\"twitter:label2\" content=\"Disponibilit\u00e9\" \/>\n\t<meta name=\"twitter:data2\" content=\"En stock\" \/>\n<meta property=\"product:brand\" content=\"composite\" \/>\n<meta property=\"product:price:amount\" content=\"50.00\" \/>\n<meta property=\"product:price:currency\" content=\"EUR\" \/>\n<meta property=\"og:availability\" content=\"instock\" \/>\n<meta property=\"product:availability\" content=\"instock\" \/>\n<meta property=\"product:retailer_item_id\" content=\"IS-PACKKITPLAYERO\" \/>\n<meta property=\"product:condition\" content=\"new\" \/>\n<!-- \/ Yoast SEO Premium plugin. -->","yoast_head_json":{"title":"Kit de survie CBD pour la plage - Iguana Smoke","description":"D\u00e9couvrez le kit de survie CBD d'Iguana Smoke. Comprend Flower Sting - Ready to Roll CBD 30g, un plateau, des papiers et un porte-rouleau.","robots":{"index":"index","follow":"follow","max-snippet":"max-snippet:-1","max-image-preview":"max-image-preview:large","max-video-preview":"max-video-preview:-1"},"canonical":"https:\/\/iguanasmoke.com\/fr\/produit\/kit-de-survie-cbd-plage\/","og_locale":"fr_FR","og_type":"article","og_title":"Kit Playero CBD de Supervivencia","og_description":"Prep\u00e1rate porque este Kit te har\u00e1 el verano:\u00a0   2 x Picadura de Flores de CBD | Ready to Roll 30g  1 x Bandeja de liar a tu elecci\u00f3n  1 x Papel de Liar de c\u00e1\u00f1amo King Size Japon  1 x Porta Pre Roll  Precio sin descuento: 64\u20ac | precio pack descuento: 50\u20ac =&gt; ahorro de 14\u20ac con un descuento del 22%\u00a0  Consulta\u00a0el an\u00e1lisis de laboratorio.","og_url":"https:\/\/iguanasmoke.com\/fr\/produit\/kit-de-survie-cbd-plage\/","og_site_name":"Iguana Smoke","article_publisher":"https:\/\/www.facebook.com\/iguanasmoke","article_modified_time":"2026-02-10T14:38:41+00:00","og_image":[{"width":1232,"height":928,"url":"https:\/\/iguanasmoke.com\/wp-content\/uploads\/2025\/08\/Kit-Playero-sin-fondo.webp","type":"image\/webp"}],"twitter_card":"summary_large_image","twitter_misc":{"Prix":"50,00&nbsp;&euro;","Disponibilit\u00e9":"En stock"},"schema":{"@context":"https:\/\/schema.org","@graph":[{"@type":"WebPage","@id":"https:\/\/iguanasmoke.com\/producto\/kit-playero-cbd-de-supervivencia\/","url":"https:\/\/iguanasmoke.com\/producto\/kit-playero-cbd-de-supervivencia\/","name":"Kit de survie CBD pour la plage - Iguana Smoke","isPartOf":{"@id":"https:\/\/iguanasmoke.com\/#website"},"primaryImageOfPage":{"@id":"https:\/\/iguanasmoke.com\/producto\/kit-playero-cbd-de-supervivencia\/#primaryimage"},"image":{"@id":"https:\/\/iguanasmoke.com\/producto\/kit-playero-cbd-de-supervivencia\/#primaryimage"},"thumbnailUrl":"https:\/\/iguanasmoke.com\/wp-content\/uploads\/2025\/08\/Kit-Playero-sin-fondo.webp","datePublished":"2025-08-11T10:03:21+00:00","dateModified":"2026-02-10T14:38:41+00:00","description":"D\u00e9couvrez le kit de survie CBD d'Iguana Smoke. Comprend Flower Sting - Ready to Roll CBD 30g, un plateau, des papiers et un porte-rouleau.","breadcrumb":{"@id":"https:\/\/iguanasmoke.com\/producto\/kit-playero-cbd-de-supervivencia\/#breadcrumb"},"inLanguage":"fr-FR","potentialAction":[{"@type":"ReadAction","target":["https:\/\/iguanasmoke.com\/producto\/kit-playero-cbd-de-supervivencia\/"]}]},{"@type":"ImageObject","inLanguage":"fr-FR","@id":"https:\/\/iguanasmoke.com\/producto\/kit-playero-cbd-de-supervivencia\/#primaryimage","url":"https:\/\/iguanasmoke.com\/wp-content\/uploads\/2025\/08\/Kit-Playero-sin-fondo.webp","contentUrl":"https:\/\/iguanasmoke.com\/wp-content\/uploads\/2025\/08\/Kit-Playero-sin-fondo.webp","width":1232,"height":928,"caption":"kit playero cbd"},{"@type":"BreadcrumbList","@id":"https:\/\/iguanasmoke.com\/producto\/kit-playero-cbd-de-supervivencia\/#breadcrumb","itemListElement":[{"@type":"ListItem","position":1,"name":"home","item":"https:\/\/iguanasmoke.com\/"},{"@type":"ListItem","position":2,"name":"Tienda","item":"https:\/\/iguanasmoke.com\/tienda\/"},{"@type":"ListItem","position":3,"name":"Packs y Ofertas","item":"https:\/\/iguanasmoke.com\/categoria\/packs-y-ofertas-cbd\/"},{"@type":"ListItem","position":4,"name":"Kit Playero CBD de Supervivencia"}]},{"@type":"WebSite","@id":"https:\/\/iguanasmoke.com\/#website","url":"https:\/\/iguanasmoke.com\/","name":"Fum\u00e9e d'iguane","description":"Acheter du CBD en ligne au meilleur prix","publisher":{"@id":"https:\/\/iguanasmoke.com\/#organization"},"potentialAction":[{"@type":"SearchAction","target":{"@type":"EntryPoint","urlTemplate":"https:\/\/iguanasmoke.com\/?s={search_term_string}"},"query-input":{"@type":"PropertyValueSpecification","valueRequired":true,"valueName":"search_term_string"}}],"inLanguage":"fr-FR"},{"@type":"Organization","@id":"https:\/\/iguanasmoke.com\/#organization","name":"Fum\u00e9e d'iguane","url":"https:\/\/iguanasmoke.com\/","logo":{"@type":"ImageObject","inLanguage":"fr-FR","@id":"https:\/\/iguanasmoke.com\/#\/schema\/logo\/image\/","url":"https:\/\/iguanasmoke.com\/wp-content\/uploads\/2025\/01\/logoiguana-favi-1.png","contentUrl":"https:\/\/iguanasmoke.com\/wp-content\/uploads\/2025\/01\/logoiguana-favi-1.png","width":512,"height":512,"caption":"Iguana Smoke"},"image":{"@id":"https:\/\/iguanasmoke.com\/#\/schema\/logo\/image\/"},"sameAs":["https:\/\/www.facebook.com\/iguanasmoke","https:\/\/www.instagram.com\/iguanasmoke\/"]}]},"product_brand":"composite","product_price_amount":"50.00","product_price_currency":"EUR","og_availability":"instock","product_availability":"instock","product_retailer_item_id":"IS-PACKKITPLAYERO","product_condition":"new"},"_links":{"self":[{"href":"https:\/\/iguanasmoke.com\/fr\/wp-json\/wp\/v2\/product\/62878","targetHints":{"allow":["GET"]}}],"collection":[{"href":"https:\/\/iguanasmoke.com\/fr\/wp-json\/wp\/v2\/product"}],"about":[{"href":"https:\/\/iguanasmoke.com\/fr\/wp-json\/wp\/v2\/types\/product"}],"replies":[{"embeddable":true,"href":"https:\/\/iguanasmoke.com\/fr\/wp-json\/wp\/v2\/comments?post=62878"}],"wp:featuredmedia":[{"embeddable":true,"href":"https:\/\/iguanasmoke.com\/fr\/wp-json\/wp\/v2\/media\/63024"}],"wp:attachment":[{"href":"https:\/\/iguanasmoke.com\/fr\/wp-json\/wp\/v2\/media?parent=62878"}],"wp:term":[{"taxonomy":"product_brand","embeddable":true,"href":"https:\/\/iguanasmoke.com\/fr\/wp-json\/wp\/v2\/product_brand?post=62878"},{"taxonomy":"product_cat","embeddable":true,"href":"https:\/\/iguanasmoke.com\/fr\/wp-json\/wp\/v2\/product_cat?post=62878"},{"taxonomy":"product_tag","embeddable":true,"href":"https:\/\/iguanasmoke.com\/fr\/wp-json\/wp\/v2\/product_tag?post=62878"}],"curies":[{"name":"wp","href":"https:\/\/api.w.org\/{rel}","templated":true}]}}