{"id":63502,"date":"2025-09-11T10:33:04","date_gmt":"2025-09-11T08:33:04","guid":{"rendered":"https:\/\/iguanasmoke.com\/?post_type=product&#038;p=63502"},"modified":"2026-03-30T12:36:33","modified_gmt":"2026-03-30T10:36:33","slug":"cartouche-de-sativanol-aux-baies-rouges","status":"publish","type":"product","link":"https:\/\/iguanasmoke.com\/fr\/producto\/cartucho-sativanol-red-berries\/","title":{"rendered":"Sativanol Space Cartridge - Baies rouges"},"content":{"rendered":"<h1 data-start=\"1609\" data-end=\"1642\"><span style=\"font-weight: 400\">Sativanol Space Cartridge - Baies rouges<\/span><\/h1>\n<p><span style=\"font-weight: 400\">\u00cates-vous pr\u00eat \u00e0 essayer la nouvelle saveur de baies rouges du <\/span><span style=\"font-weight: 400\"><strong>Cartouche de baies rouges Sativanol<\/strong>? vous serez surpris par cette vapoteuse Sativanol que nous avons cr\u00e9\u00e9e chez <strong>Fum\u00e9e d'iguane<\/strong>. <\/span><span style=\"font-weight: 400\">Con\u00e7u pour ceux qui recherchent une nouvelle <strong>une exp\u00e9rience de vape compl\u00e8te et puissante.<\/strong><\/span><\/p>\n<p><span style=\"font-weight: 400\">Il combine la force du Sativanol, l'une des mol\u00e9cules les plus r\u00e9centes sur le march\u00e9, con\u00e7ue pour fournir de l'\u00e9nergie et de la concentration sans la lourdeur du THC, avec un ar\u00f4me de baies qui vous laissera sur votre faim. <\/span><span style=\"font-weight: 400\">La formule est compl\u00e9t\u00e9e par <strong>sans agents de coupe, sans nicotine et sans HHC<\/strong>, afin que vous puissiez profiter d'un produit propre, l\u00e9gal et de qualit\u00e9.\u00a0<\/span><\/p>\n<p><span style=\"font-weight: 400\">Explorer le <strong>Nouvelles mol\u00e9cules<\/strong> qui succ\u00e8dent et remplacent les c\u00e9l\u00e8bres <em>HHC Space Vape<\/em>. Acheter <strong>vaper<\/strong><\/span><span style=\"font-weight: 400\"><strong> STV<\/strong> c'est avoir dans sa poche la technologie du cannabis du futur. <strong>Pas de THC<\/strong>, <strong>mais il y a un effet<\/strong>; <strong>pas de fum\u00e9e<\/strong>, <strong>mais il y a des nuages<\/strong>; Il n'y a pas de doute, car <strong>cette cartouche de Sativanol <\/strong><strong>Les baies rouges, c'est de la folie pure.<\/strong><\/span><\/p>\n<p>&nbsp;<\/p>\n<h2><strong>Qu'est-ce que le STV ou Sativanol ?<\/strong><\/h2>\n<p><span style=\"font-weight: 400\">Le <strong>Sativanol<\/strong>, <strong>STV<\/strong> o <strong>Super Sativa<\/strong> est une mol\u00e9cule de chanvre de derni\u00e8re g\u00e9n\u00e9ration qui ne contient pas de THC ni de d\u00e9riv\u00e9s (HHC, THCP...), mais dont l'effet est comparable \u00e0 celui d'un <strong>Sativa puissante<\/strong>offre une clart\u00e9 mentale, une douce euphorie et un bien-\u00eatre sans brouillard ni d\u00e9pression.\u00a0\u00a0<\/span><\/p>\n<p>La formule <span style=\"font-weight: 400\">Sativanol <\/span>est id\u00e9al pour ceux qui ont besoin d'\u00eatre actifs, cr\u00e9atifs ou qui veulent simplement profiter d'un moment de clart\u00e9 mentale sans se d\u00e9connecter.<\/p>\n<p>&nbsp;<\/p>\n<h2>Profil d'ar\u00f4me de la cartouche Sativanol Red Berries :<\/h2>\n<p>Il se caract\u00e9rise par <strong>ar\u00f4me fruit\u00e9, doux et frais.<\/strong> On se croirait dans la for\u00eat, avec son go\u00fbt de baies rouges, <strong>juteux<\/strong> et avec un <strong>point noir<\/strong> qui donne \u00e0 chaque bouff\u00e9e l'impression de mordre dans un m\u00e9lange de <strong>baies rouges fra\u00eeches<\/strong>.<\/p>\n<p>Venez go\u00fbter cette nouvelle saveur !<\/p>\n<p>&nbsp;<\/p>\n<h2><strong>Caract\u00e9ristiques principales :<\/strong><\/h2>\n<ul>\n<li><span style=\"font-weight: 400\"><strong>Sativanol de haute qualit\u00e9<\/strong>, avec un profil naturel de cannabino\u00efdes.<\/span><\/li>\n<li><span style=\"font-weight: 400\"><strong>Extrait de chanvre biologique<\/strong>, sans additifs ni solvants.<\/span><\/li>\n<li><span style=\"font-weight: 400\">Disponible en <strong>1ml et 2ml<\/strong>. <\/span><\/li>\n<li><span style=\"font-weight: 400\">Pour <strong>300 bouff\u00e9es (1ml) et 600 bouff\u00e9es (2ml)<\/strong>.<\/span><\/li>\n<li><span style=\"font-weight: 400\"><strong>Pas de THC d\u00e9tectable<\/strong>. <\/span><\/li>\n<li><span style=\"font-weight: 400\"><strong>Qualit\u00e9 garantie par Iguana Smoke<\/strong>.<\/span><\/li>\n<\/ul>\n<p>&nbsp;<\/p>\n<h2><strong>Avantages :<\/strong><\/h2>\n<ul>\n<li><span style=\"font-weight: 400\">Contient <b>Sativanol : <\/b>un cannabino\u00efde l\u00e9gal sans THC.<\/span><\/li>\n<li><span style=\"font-weight: 400\">Favorise la stimulation mentale, la concentration et la relaxation.<\/span><\/li>\n<li><span style=\"font-weight: 400\"><strong>Un effet puissant sans <\/strong>ressentir les effets<strong> psychoactifs non d\u00e9sir\u00e9s : dur\u00e9e<\/strong> long (<strong>3-4 heures<\/strong>)<\/span><\/li>\n<li><span style=\"font-weight: 400\">Id\u00e9al pour <strong>utilisation quotidienne :<\/strong>\u00a0<strong>pas d'odeur, pas de combustion, pas de tol\u00e9rance<\/strong>.<\/span><\/li>\n<li>Ar\u00f4me naturel et sucr\u00e9 de fruits rouges : fraise, framboise et myrtille.<\/li>\n<li>Exp\u00e9rience sensorielle TOP - vous allez adorer !<\/li>\n<\/ul>\n<p><span style=\"font-weight: 400\">Le <strong>vaper Sativanol <\/strong>est le moyen le plus pratique et le plus propre de profiter de tous les avantages de la <strong>Les avantages du Sativanol<\/strong>, pas d'entretien, pas de souci, pas de tracas.\u00a0<\/span><\/p>\n<p>&nbsp;<\/p>\n<h2><strong>Qu'est-ce qu'une cartouche ? <span style=\"font-weight: 400\"><strong>Sativanol<\/strong> <\/span>jetable ?<\/strong><\/h2>\n<p><span style=\"font-weight: 400\">A <strong>cartouche jetable de Sativanol<\/strong> est un petit cylindre avec <strong>510, connexion 1ml ou 2ml<\/strong> qui est charg\u00e9e de liquide Sativanol. La grande diff\u00e9rence avec les autres types de cartouches est qu'elle n'a pas besoin d'\u00eatre remplie ou recharg\u00e9e : <strong>lorsqu'il est \u00e9puis\u00e9, il est simplement jet\u00e9<\/strong>.\u00a0<\/span><\/p>\n<p><span style=\"font-weight: 400\">Il existe \u00e9galement des <a href=\"https:\/\/iguanasmoke.com\/fr\/categorie\/nouvelles-molecules\/sativanol\/\">Vapeurs Sativanol jetables<\/a> (tout-en-un) avec batterie et cartouche int\u00e9gr\u00e9es, pr\u00eat \u00e0 l'emploi d\u00e8s sa sortie de l'emballage.\u00a0<\/span><\/p>\n<p>&nbsp;<\/p>\n<h2><span style=\"font-weight: 400\"><strong>Piles pour votre cartouche Sativanol Red Berries<\/strong>:<\/span><\/h2>\n<p><span style=\"font-weight: 400\">N'oubliez pas d'acheter un <strong>batterie 510<\/strong> <strong>fiable<\/strong>, <strong>durable<\/strong>. C'est pourquoi en <strong>Fum\u00e9e d'iguane<\/strong> nous vous proposons diff\u00e9rents mod\u00e8les con\u00e7us pour garantir une <strong>brouillard uniforme<\/strong>, <strong>go\u00fbt franc<\/strong> et un <strong>une exp\u00e9rience de vapotage confortable et s\u00fbre<\/strong>.<\/span><\/p>\n<ul>\n<li><span style=\"font-weight: 400\"><a href=\"https:\/\/iguanasmoke.com\/fr\/produit\/iguana-power-battery-510-pour-cartouches-1ml-2\/\"><strong>Batterie 510 avec filetage pour cartouches 1ml<\/strong><\/a>Son format compact, discret et facile \u00e0 transporter, et sa puissance sont parfaitement calibr\u00e9s pour extraire tout le profil aromatique du Sativanol sans surchauffer le liquide. <em>Il a une puissance de 320 mAh.<\/em><\/span><\/li>\n<li><span style=\"font-weight: 400\"><a href=\"https:\/\/iguanasmoke.com\/fr\/produit\/iguana-power-battery-510-pour-cartouches-2ml\/\"><strong>Batterie 510 avec filetage pour cartouches 2ml<\/strong><\/a>Cartouches Sativanol : Elles offrent une plus grande autonomie, con\u00e7ues pour les utilisateurs qui aiment les sessions plus longues ou qui pr\u00e9f\u00e8rent changer les cartouches Sativanol moins souvent. Elles garantissent <strong>une puissance stable et des performances constantes<\/strong>. <em>Il a une puissance de 400 mAh<\/em>.\u00a0<\/span><\/li>\n<li><a href=\"https:\/\/iguanasmoke.com\/fr\/produit\/iguana-power-cartbox-battery-bateria-510-para-cartuchos\/\">Batterie de poche Cartbox avec filetage 510<\/a>; Compatibilit\u00e9 2 en 1 : <strong><span style=\"font-weight: 400\">Et si vous recherchez la polyvalence, ce mod\u00e8le est compatible avec les cartouches de 1ml et 2ml, alliant autonomie, discr\u00e9tion et puissance r\u00e9glable. Id\u00e9al pour ceux qui veulent un appareil unique qui s'adapte \u00e0 tout. <em>Il a une puissance de 650 mAh<\/em>.\u00a0<\/span><\/strong><\/li>\n<\/ul>\n<h3><\/h3>\n<h3><b>Pourquoi acheter des cartouches ? <span style=\"font-weight: 400\"><strong>Sativanol <\/strong><\/span><\/b><b>Baies rouges \u00e0 Iguana Smoke ?<\/b><\/h3>\n<p><span style=\"font-weight: 400\">Au <strong>Fum\u00e9e d'iguane<\/strong>, Nous privil\u00e9gions la qualit\u00e9 et la transparence. Nous <strong>Cartouches de Sativanol <\/strong><strong>Sativanol<\/strong> sont fabriqu\u00e9s \u00e0 partir d'extraits naturels et \u00e9cologiques, offrant des produits <\/span><span style=\"font-weight: 400\"><strong>s\u00fbr et puissant <\/strong>qui conservent tous les cannabino\u00efdes et les terp\u00e8nes. Comme c'est le cas pour nos <strong>Cartouche de baies rouges Sativanol<\/strong>, Les ar\u00f4mes de fraise, de framboise et de myrtille sont intenses.<\/span><\/p>\n<p><span style=\"font-weight: 400\">C'est un endroit s\u00fbr pour <strong>acheter Sativanol vaper en ligne en Espagne.<\/strong> Tous nos produits sont approuv\u00e9s par l'UE, ce qui garantit leur l\u00e9galit\u00e9 et leur s\u00e9curit\u00e9. En outre, si vous le souhaitez, vous pouvez consulter<\/span><span style=\"font-weight: 400\"> <a href=\"https:\/\/iguanasmoke.com\/fr\/lanalyse\/\">analyse en laboratoire.<\/a>\u00a0<\/span><\/p>\n<p><span style=\"font-weight: 400\">N'oubliez pas d'explorer d'autres <strong>vapers Sativanol <\/strong>en tant que <a href=\"https:\/\/iguanasmoke.com\/fr\/produit\/vaper-stv-space-vape-red-berries-sativanol\/\">Space Vape Red Berries Sativanol Vaper<\/a> u <\/span><span style=\"font-weight: 400\">autres <strong>Produits TOP<\/strong> en tant que <a href=\"https:\/\/iguanasmoke.com\/fr\/produit\/vaper-10-oh-90-space-vape-red-berries\/\">Vaper 10-OH Space Vape<\/a> ou le <a href=\"https:\/\/iguanasmoke.com\/fr\/produit\/rosin-cbd-cold-cure-91-avec-terpenes-vivants\/\">Colophane CBD<\/a>. <\/span><span style=\"font-weight: 400\">En bref, explorez notre vari\u00e9t\u00e9 et trouvez vos favoris d\u00e8s maintenant.<\/span><span style=\"font-weight: 400\">\u00a0<\/span><\/p>\n<p>&nbsp;<\/p>\n<h3><b>Iguana Smoke est votre boutique en ligne de CBD de confiance<\/b><\/h3>\n<p><span style=\"font-weight: 400\">Chez Iguana Smoke, nous pensons que le CBD doit \u00eatre une exp\u00e9rience s\u00fbre et agr\u00e9able. C'est pourquoi nous proposons des produits de haute qualit\u00e9 qui s'adressent aux nouvelles g\u00e9n\u00e9rations : des personnes qui recherchent un bien-\u00eatre simple, avec des marques authentiques et fiables.\u00a0<\/span><\/p>\n<p>Vous savez, notre mission est claire : vous apporter le meilleur du monde des cannabino\u00efdes \u00e0 un prix juste, avec la tranquillit\u00e9 d'esprit de savoir que vous choisissez un produit certifi\u00e9, efficace et 100% l\u00e9gal.<\/p>\n<p>Vous avez encore des doutes ? Ecrivez-nous et nous nous ferons un plaisir de vous aider \u00e0 trouver le produit qui vous convient.<\/p>\n<p>&nbsp;<\/p>\n<p><em><span style=\"font-weight: 400\">*Veuillez noter que son utilisation est destin\u00e9e \u00e0 la collection ou \u00e0 l'aromath\u00e9rapie, conform\u00e9ment \u00e0 la loi espagnole. <\/span><\/em><\/p>\n<p><em><span style=\"font-weight: 400\">**Tous nos produits sont d\u00e9riv\u00e9s de chanvre industriel certifi\u00e9. Ils contiennent moins de 0,3 THC et ne contiennent pas de cannabino\u00efdes ill\u00e9gaux tels que HHC, HHC-P, THCP, THCP-O, H4CBD et ceux inclus dans l'annexe I du d\u00e9cret royal 2829\/1977, ni de substances contr\u00f4l\u00e9es par les conventions internationales.\u00a0\u00a0<\/span><\/em><\/p>","protected":false},"excerpt":{"rendered":"<p>Retrouvez votre c\u00f4t\u00e9 sauvage et le go\u00fbt fruit\u00e9 des baies rouges :<\/p>\n<ul>\n<li>Connexion : type 510<\/li>\n<li>Capacit\u00e9 : <span style=\"font-size: 16px\">1 ml (300 bouff\u00e9es)\/ 2 ml (600 bouff\u00e9es)<\/span><\/li>\n<li>Sativanol \u00e0 90%<\/li>\n<li>THC : 0%, HHC : 0%<\/li>\n<li>THC-P : 0%, Nicotine : 0%<\/li>\n<li>Ne contient pas de VG, PG, PEG, MCT ou tout autre agent de coupe.<\/li>\n<\/ul>\n<p><span style=\"font-weight: 400\">En outre, consultez<strong>\u00a0<a href=\"https:\/\/iguanasmoke.com\/fr\/lanalyse\/\">analyse en laboratoire.<\/a><\/strong><\/span><\/p>","protected":false},"featured_media":64581,"comment_status":"open","ping_status":"closed","template":"","meta":{"_acf_changed":false,"site-sidebar-layout":"default","site-content-layout":"","ast-site-content-layout":"default","site-content-style":"default","site-sidebar-style":"default","ast-global-header-display":"","ast-banner-title-visibility":"","ast-main-header-display":"","ast-hfb-above-header-display":"","ast-hfb-below-header-display":"","ast-hfb-mobile-header-display":"","site-post-title":"","ast-breadcrumbs-content":"","ast-featured-img":"","footer-sml-layout":"","theme-transparent-header-meta":"default","adv-header-id-meta":"","stick-header-meta":"","header-above-stick-meta":"","header-main-stick-meta":"","header-below-stick-meta":"","astra-migrate-meta-layouts":"set","ast-page-background-enabled":"default","ast-page-background-meta":{"desktop":{"background-color":"var(--ast-global-color-4)","background-image":"","background-repeat":"repeat","background-position":"center center","background-size":"auto","background-attachment":"scroll","background-type":"","background-media":"","overlay-type":"","overlay-color":"","overlay-opacity":"","overlay-gradient":""},"tablet":{"background-color":"","background-image":"","background-repeat":"repeat","background-position":"center center","background-size":"auto","background-attachment":"scroll","background-type":"","background-media":"","overlay-type":"","overlay-color":"","overlay-opacity":"","overlay-gradient":""},"mobile":{"background-color":"","background-image":"","background-repeat":"repeat","background-position":"center center","background-size":"auto","background-attachment":"scroll","background-type":"","background-media":"","overlay-type":"","overlay-color":"","overlay-opacity":"","overlay-gradient":""}},"ast-content-background-meta":{"desktop":{"background-color":"var(--ast-global-color-5)","background-image":"","background-repeat":"repeat","background-position":"center center","background-size":"auto","background-attachment":"scroll","background-type":"","background-media":"","overlay-type":"","overlay-color":"","overlay-opacity":"","overlay-gradient":""},"tablet":{"background-color":"var(--ast-global-color-5)","background-image":"","background-repeat":"repeat","background-position":"center center","background-size":"auto","background-attachment":"scroll","background-type":"","background-media":"","overlay-type":"","overlay-color":"","overlay-opacity":"","overlay-gradient":""},"mobile":{"background-color":"var(--ast-global-color-5)","background-image":"","background-repeat":"repeat","background-position":"center center","background-size":"auto","background-attachment":"scroll","background-type":"","background-media":"","overlay-type":"","overlay-color":"","overlay-opacity":"","overlay-gradient":""}}},"product_brand":[],"product_cat":[419,549],"product_tag":[],"class_list":{"0":"post-63502","1":"product","2":"type-product","3":"status-publish","4":"has-post-thumbnail","6":"product_cat-cartuchos-cbd","7":"product_cat-sativanol","8":"desktop-align-center","9":"tablet-align-center","10":"mobile-align-center","12":"first","13":"instock","14":"taxable","15":"shipping-taxable","16":"purchasable","17":"product-type-variable"},"acf":[],"yoast_head":"<!-- This site is optimized with the Yoast SEO Premium plugin v27.3 (Yoast SEO v27.3) - https:\/\/yoast.com\/product\/yoast-seo-premium-wordpress\/ -->\n<title>Cartucho Sativanol Red Berries | Iguana Smoke<\/title>\n<meta name=\"description\" content=\"Siente la frescura del sabor a frutos rojos del Cartucho Sativanol Red Berries. Disfruta de un vapeo puro y funcional. \u00a1Pide ya tu Vaper Sativanol!\" \/>\n<meta name=\"robots\" content=\"index, follow, max-snippet:-1, max-image-preview:large, max-video-preview:-1\" \/>\n<link rel=\"canonical\" href=\"https:\/\/iguanasmoke.com\/fr\/produit\/cartouche-de-sativanol-aux-baies-rouges\/\" \/>\n<meta property=\"og:locale\" content=\"fr_FR\" \/>\n<meta property=\"og:type\" content=\"article\" \/>\n<meta property=\"og:title\" content=\"Cartucho Sativanol Space - Red Berries\" \/>\n<meta property=\"og:description\" content=\"Conecta con tu lado salvaje y el sabor frutal de bayas rojas:   Conexi\u00f3n: tipo 510  Capacidad: 1 ml (300 caladas)\/ 2 ml (600 caladas)  Sativanol al 90%  THC: 0%, HHC: 0%  THC-P: 0%, Nicotina: 0%  No contiene VG, PG, PEG, MCT o cualquier otro agente de corte  Adem\u00e1s, consulta\u00a0el an\u00e1lisis de laboratorio.\" \/>\n<meta property=\"og:url\" content=\"https:\/\/iguanasmoke.com\/fr\/produit\/cartouche-de-sativanol-aux-baies-rouges\/\" \/>\n<meta property=\"og:site_name\" content=\"Iguana Smoke\" \/>\n<meta property=\"article:publisher\" content=\"https:\/\/www.facebook.com\/iguanasmoke\" \/>\n<meta property=\"article:modified_time\" content=\"2026-03-30T10:36:33+00:00\" \/>\n<meta property=\"og:image\" content=\"https:\/\/iguanasmoke.com\/wp-content\/uploads\/2025\/08\/Bolsa-Cart-Red-Berries-2025-STV-con-cartucho.webp\" \/>\n\t<meta property=\"og:image:width\" content=\"1000\" \/>\n\t<meta property=\"og:image:height\" content=\"1000\" \/>\n\t<meta property=\"og:image:type\" content=\"image\/webp\" \/>\n<meta name=\"twitter:card\" content=\"summary_large_image\" \/>\n<meta name=\"twitter:label1\" content=\"Disponibilit\u00e9\" \/>\n\t<meta name=\"twitter:data1\" content=\"En stock\" \/>\n<meta property=\"product:brand\" content=\"variable\" \/>\n<meta property=\"og:availability\" content=\"instock\" \/>\n<meta property=\"product:availability\" content=\"instock\" \/>\n<meta property=\"product:condition\" content=\"new\" \/>\n<!-- \/ Yoast SEO Premium plugin. -->","yoast_head_json":{"title":"Sativanol Red Berries | Iguana Smoke Cartridge","description":"Ressentez la fra\u00eecheur de la saveur des baies rouges de la cartouche Sativanol Red Berries. Profitez d'une vape pure et fonctionnelle - commandez votre Sativanol Vaper d\u00e8s maintenant !","robots":{"index":"index","follow":"follow","max-snippet":"max-snippet:-1","max-image-preview":"max-image-preview:large","max-video-preview":"max-video-preview:-1"},"canonical":"https:\/\/iguanasmoke.com\/fr\/produit\/cartouche-de-sativanol-aux-baies-rouges\/","og_locale":"fr_FR","og_type":"article","og_title":"Cartucho Sativanol Space - Red Berries","og_description":"Conecta con tu lado salvaje y el sabor frutal de bayas rojas:   Conexi\u00f3n: tipo 510  Capacidad: 1 ml (300 caladas)\/ 2 ml (600 caladas)  Sativanol al 90%  THC: 0%, HHC: 0%  THC-P: 0%, Nicotina: 0%  No contiene VG, PG, PEG, MCT o cualquier otro agente de corte  Adem\u00e1s, consulta\u00a0el an\u00e1lisis de laboratorio.","og_url":"https:\/\/iguanasmoke.com\/fr\/produit\/cartouche-de-sativanol-aux-baies-rouges\/","og_site_name":"Iguana Smoke","article_publisher":"https:\/\/www.facebook.com\/iguanasmoke","article_modified_time":"2026-03-30T10:36:33+00:00","og_image":[{"width":1000,"height":1000,"url":"https:\/\/iguanasmoke.com\/wp-content\/uploads\/2025\/08\/Bolsa-Cart-Red-Berries-2025-STV-con-cartucho.webp","type":"image\/webp"}],"twitter_card":"summary_large_image","twitter_misc":{"Disponibilit\u00e9":"En stock"},"schema":{"@context":"https:\/\/schema.org","@graph":[{"@type":"WebPage","@id":"https:\/\/iguanasmoke.com\/producto\/cartucho-sativanol-red-berries\/","url":"https:\/\/iguanasmoke.com\/producto\/cartucho-sativanol-red-berries\/","name":"Sativanol Red Berries | Iguana Smoke Cartridge","isPartOf":{"@id":"https:\/\/iguanasmoke.com\/#website"},"primaryImageOfPage":{"@id":"https:\/\/iguanasmoke.com\/producto\/cartucho-sativanol-red-berries\/#primaryimage"},"image":{"@id":"https:\/\/iguanasmoke.com\/producto\/cartucho-sativanol-red-berries\/#primaryimage"},"thumbnailUrl":"https:\/\/iguanasmoke.com\/wp-content\/uploads\/2025\/08\/Bolsa-Cart-Red-Berries-2025-STV-con-cartucho.webp","datePublished":"2025-09-11T08:33:04+00:00","dateModified":"2026-03-30T10:36:33+00:00","description":"Ressentez la fra\u00eecheur de la saveur des baies rouges de la cartouche Sativanol Red Berries. Profitez d'une vape pure et fonctionnelle - commandez votre Sativanol Vaper d\u00e8s maintenant !","breadcrumb":{"@id":"https:\/\/iguanasmoke.com\/producto\/cartucho-sativanol-red-berries\/#breadcrumb"},"inLanguage":"fr-FR","potentialAction":[{"@type":"ReadAction","target":["https:\/\/iguanasmoke.com\/producto\/cartucho-sativanol-red-berries\/"]}]},{"@type":"ImageObject","inLanguage":"fr-FR","@id":"https:\/\/iguanasmoke.com\/producto\/cartucho-sativanol-red-berries\/#primaryimage","url":"https:\/\/iguanasmoke.com\/wp-content\/uploads\/2025\/08\/Bolsa-Cart-Red-Berries-2025-STV-con-cartucho.webp","contentUrl":"https:\/\/iguanasmoke.com\/wp-content\/uploads\/2025\/08\/Bolsa-Cart-Red-Berries-2025-STV-con-cartucho.webp","width":1000,"height":1000,"caption":"Bolsa y cartucho STV Red Berries de Iguana Smoke, vaper STV con Sativanol legal y sabor a frutos rojos"},{"@type":"BreadcrumbList","@id":"https:\/\/iguanasmoke.com\/producto\/cartucho-sativanol-red-berries\/#breadcrumb","itemListElement":[{"@type":"ListItem","position":1,"name":"home","item":"https:\/\/iguanasmoke.com\/"},{"@type":"ListItem","position":2,"name":"Tienda","item":"https:\/\/iguanasmoke.com\/tienda\/"},{"@type":"ListItem","position":3,"name":"Vaper CBD","item":"https:\/\/iguanasmoke.com\/categoria\/vaper-cbd\/"},{"@type":"ListItem","position":4,"name":"Cartuchos","item":"https:\/\/iguanasmoke.com\/categoria\/vaper-cbd\/cartuchos-cbd\/"},{"@type":"ListItem","position":5,"name":"Cartucho Sativanol Space &#8211; Red Berries"}]},{"@type":"WebSite","@id":"https:\/\/iguanasmoke.com\/#website","url":"https:\/\/iguanasmoke.com\/","name":"Fum\u00e9e d'iguane","description":"Acheter du CBD en ligne au meilleur prix","publisher":{"@id":"https:\/\/iguanasmoke.com\/#organization"},"potentialAction":[{"@type":"SearchAction","target":{"@type":"EntryPoint","urlTemplate":"https:\/\/iguanasmoke.com\/?s={search_term_string}"},"query-input":{"@type":"PropertyValueSpecification","valueRequired":true,"valueName":"search_term_string"}}],"inLanguage":"fr-FR"},{"@type":"Organization","@id":"https:\/\/iguanasmoke.com\/#organization","name":"Fum\u00e9e d'iguane","url":"https:\/\/iguanasmoke.com\/","logo":{"@type":"ImageObject","inLanguage":"fr-FR","@id":"https:\/\/iguanasmoke.com\/#\/schema\/logo\/image\/","url":"https:\/\/iguanasmoke.com\/wp-content\/uploads\/2025\/01\/logoiguana-favi-1.png","contentUrl":"https:\/\/iguanasmoke.com\/wp-content\/uploads\/2025\/01\/logoiguana-favi-1.png","width":512,"height":512,"caption":"Iguana Smoke"},"image":{"@id":"https:\/\/iguanasmoke.com\/#\/schema\/logo\/image\/"},"sameAs":["https:\/\/www.facebook.com\/iguanasmoke","https:\/\/www.instagram.com\/iguanasmoke\/"]}]},"product_brand":"variable","og_availability":"instock","product_availability":"instock","product_condition":"new"},"_links":{"self":[{"href":"https:\/\/iguanasmoke.com\/fr\/wp-json\/wp\/v2\/product\/63502","targetHints":{"allow":["GET"]}}],"collection":[{"href":"https:\/\/iguanasmoke.com\/fr\/wp-json\/wp\/v2\/product"}],"about":[{"href":"https:\/\/iguanasmoke.com\/fr\/wp-json\/wp\/v2\/types\/product"}],"replies":[{"embeddable":true,"href":"https:\/\/iguanasmoke.com\/fr\/wp-json\/wp\/v2\/comments?post=63502"}],"wp:featuredmedia":[{"embeddable":true,"href":"https:\/\/iguanasmoke.com\/fr\/wp-json\/wp\/v2\/media\/64581"}],"wp:attachment":[{"href":"https:\/\/iguanasmoke.com\/fr\/wp-json\/wp\/v2\/media?parent=63502"}],"wp:term":[{"taxonomy":"product_brand","embeddable":true,"href":"https:\/\/iguanasmoke.com\/fr\/wp-json\/wp\/v2\/product_brand?post=63502"},{"taxonomy":"product_cat","embeddable":true,"href":"https:\/\/iguanasmoke.com\/fr\/wp-json\/wp\/v2\/product_cat?post=63502"},{"taxonomy":"product_tag","embeddable":true,"href":"https:\/\/iguanasmoke.com\/fr\/wp-json\/wp\/v2\/product_tag?post=63502"}],"curies":[{"name":"wp","href":"https:\/\/api.w.org\/{rel}","templated":true}]}}