{"id":63890,"date":"2025-09-11T10:32:07","date_gmt":"2025-09-11T08:32:07","guid":{"rendered":"https:\/\/iguanasmoke.com\/?post_type=product&#038;p=63890"},"modified":"2026-03-30T12:37:32","modified_gmt":"2026-03-30T10:37:32","slug":"e8h-90-cartouche-de-fraises","status":"publish","type":"product","link":"https:\/\/iguanasmoke.com\/fr\/producto\/cartucho-e8h-90-strawberry\/","title":{"rendered":"Cartouche spatiale E8H - Fraise"},"content":{"rendered":"<h1 data-start=\"1609\" data-end=\"1642\"><span style=\"font-weight: 400\">Cartouche spatiale E8H - Fraise<\/span><\/h1>\n<p><span style=\"font-weight: 400\">\u00cates-vous pr\u00eat pour cette nouvelle saveur explosive et sucr\u00e9e ? Essayez le nouveau <strong>Cartouche E8H<\/strong> <strong>Fraise<\/strong>. Parfait pour profiter d'une <strong>une exp\u00e9rience de vaporisation compl\u00e8te et puissante <\/strong>avec les touches de la <strong>fraise m\u00fbre.<\/strong> En outre, cette <strong>vaper E8H<\/strong> est charg\u00e9 dans le fichier <strong>90% avec la mol\u00e9cule innovante E8H<\/strong> et la formule est compl\u00e9t\u00e9e <strong>sans agents de coupe, sans nicotine et sans HHC<\/strong>, afin que vous puissiez profiter d'un produit propre, l\u00e9gal et de qualit\u00e9.\u00a0\u00a0<\/span><\/p>\n<p><span style=\"font-weight: 400\">Si vous \u00eates \u00e0 la recherche d'une nouvelle saveur \u00e0 essayer, c'est la vapoteuse E8H qu'il vous faut. Saviez-vous que lorsque vous achetez une vapoteuse E8H ? <strong>vaper<\/strong><\/span><span style=\"font-weight: 400\"><strong> E8H <\/strong>signifie transporter la technologie du cannabis de l'avenir dans votre poche ? <strong>Pas de THC<\/strong>, <strong>mais il y a un effet<\/strong>; <strong>pas de fum\u00e9e<\/strong>, <strong>mais il y a des nuages<\/strong>; Il n'y a pas de doute, car <strong>cette cartouche E8H Strawberry est une pure m\u00e9lodie.<\/strong><\/span><\/p>\n<p>&nbsp;<\/p>\n<h2><strong>Qu'est-ce que la mol\u00e9cule E8H ?<\/strong><\/h2>\n<p><span style=\"font-weight: 400\">Nos cartouches contiennent <strong>90% cette mol\u00e9cule semi-synth\u00e9tique de pointe : E8H<\/strong>. Il a \u00e9t\u00e9 con\u00e7u pour offrir une <strong>exp\u00e9rience<\/strong> <strong>seulement<\/strong>, <strong>tr\u00e8s similaire \u00e0 celle du HHC<\/strong>. Cependant, contrairement \u00e0 ce que vous connaissez d\u00e9j\u00e0, cette mol\u00e9cule de pointe offre une exp\u00e9rience unique qui changera vos attentes. <\/span><\/p>\n<p><span style=\"font-weight: 400\">Il est unique, il faut l'essayer pour en faire l'exp\u00e9rience ! Son d\u00e9veloppement r\u00e9cent le place dans un cadre r\u00e9glementaire en \u00e9volution, ouvrant de nouvelles possibilit\u00e9s dans le monde du vapotage. <\/span><\/p>\n<p><span style=\"font-weight: 400\">Bien que les effets puissent varier d'une personne \u00e0 l'autre, les exp\u00e9riences sont souvent les suivantes :<\/span><\/p>\n<ul>\n<li>Exp\u00e9riences similaires \u00e0 celles du THC, une sensation agr\u00e9able.<\/li>\n<li>Relaxation g\u00e9n\u00e9rale et r\u00e9duction du stress<\/li>\n<li>Sentiment de calme ou de bien-\u00eatre.<\/li>\n<\/ul>\n<h2><\/h2>\n<p>&nbsp;<\/p>\n<h2>Profil d'ar\u00f4me de la cartouche E8H Strawberry :<\/h2>\n<p><span style=\"font-weight: 400\">Le parfum de cette cartouche reproduit fid\u00e8lement la <strong>go\u00fbt de fraises m\u00fbres<\/strong>. Vous y trouverez un <strong>note douce et fruit\u00e9e<\/strong> avec des touches de <strong>acides et succulents.<\/strong> La simplicit\u00e9 de son <strong>ainsi que l'innovation de la mol\u00e9cule E8H<\/strong> font de ce vaper E8H un classique dans votre panier, qui promet de ne pas vous d\u00e9cevoir.<\/span><\/p>\n<p>&nbsp;<\/p>\n<h2><strong>Principales caract\u00e9ristiques du vaper E8H :<\/strong><\/h2>\n<ul>\n<li><span style=\"font-weight: 400\"><strong>E8H haute qualit\u00e9<\/strong>, avec un profil naturel de cannabino\u00efdes.<\/span><\/li>\n<li><span style=\"font-weight: 400\"><strong>Extrait de chanvre biologique<\/strong>, sans additifs ni solvants.<\/span><\/li>\n<li><span style=\"font-weight: 400\">Disponible en <strong>1ml et 2ml<\/strong>. <\/span><\/li>\n<li><span style=\"font-weight: 400\">Pour <strong>300 bouff\u00e9es (1ml) et 600 bouff\u00e9es (2ml)<\/strong>.<\/span><\/li>\n<li><span style=\"font-weight: 400\"><strong>Pas de THC d\u00e9tectable<\/strong>. <\/span><\/li>\n<li><span style=\"font-weight: 400\"><strong>Qualit\u00e9 garantie par Iguana Smoke<\/strong>.<\/span><\/li>\n<\/ul>\n<p>&nbsp;<\/p>\n<h2><strong>Avantages de la cartouche de fraises E8H :<\/strong><\/h2>\n<ul>\n<li><span style=\"font-weight: 400\">Contient E8H<b>: <\/b>un cannabino\u00efde l\u00e9gal d\u00e9riv\u00e9 du chanvre, exempt de THC.<\/span><\/li>\n<li><span style=\"font-weight: 400\"><strong>Un effet puissant sans <\/strong>ressentir les effets<strong> psychoactifs non d\u00e9sir\u00e9s : dur\u00e9e<\/strong> long (<strong>3-4 heures<\/strong>)<\/span><\/li>\n<li><span style=\"font-weight: 400\">Id\u00e9al pour <strong>utilisation quotidienne :<\/strong>\u00a0<strong>pas d'odeur, pas de combustion, pas de tol\u00e9rance<\/strong>.<\/span><\/li>\n<li><strong>Go\u00fbt de fraise, sucr\u00e9-sal\u00e9.<\/strong><\/li>\n<li>Une exp\u00e9rience sensorielle de tr\u00e8s haut niveau.<\/li>\n<\/ul>\n<p><span style=\"font-weight: 400\">Le <strong>vaper E8H <\/strong>est le moyen le plus pratique et le plus propre de profiter de tous les avantages de la <strong>avantages de l'E8H<\/strong>, pas d'entretien, pas de souci, pas de tracas.\u00a0<\/span><\/p>\n<p>&nbsp;<\/p>\n<h2><strong>Qu'est-ce qu'une cartouche E8H jetable ?<\/strong><\/h2>\n<p><span style=\"font-weight: 400\">A <strong>Cartouche jetable E8H<\/strong> est un petit cylindre avec <strong>510, connexion 1ml ou 2ml<\/strong> qui est remplie de liquide E8H. La grande diff\u00e9rence avec les autres types de cartouches est qu'elle n'a pas besoin d'\u00eatre remplie ou recharg\u00e9e : <strong>lorsqu'il est \u00e9puis\u00e9, il est simplement jet\u00e9<\/strong>.\u00a0<\/span><\/p>\n<p><span style=\"font-weight: 400\">Il existe \u00e9galement des <a href=\"https:\/\/iguanasmoke.com\/fr\/produit\/vape-space-vape-e8h-red-berries\/\">Vapers E8H jetable<\/a> (tout-en-un) avec batterie et cartouche int\u00e9gr\u00e9es, pr\u00eat \u00e0 l'emploi d\u00e8s sa sortie de l'emballage.\u00a0<\/span><\/p>\n<p>&nbsp;<\/p>\n<h2><\/h2>\n<h2><span style=\"font-weight: 400\"><strong>Piles pour vos cartouches de fraises E8H<\/strong>:<\/span><\/h2>\n<p><span style=\"font-weight: 400\">N'oubliez pas d'acheter un <strong>batterie 510<\/strong> <strong>fiable<\/strong>, <strong>durable<\/strong>. C'est pourquoi en <strong>Fum\u00e9e d'iguane<\/strong> nous vous proposons diff\u00e9rents mod\u00e8les con\u00e7us pour garantir une <strong>brouillard uniforme<\/strong>, <strong>go\u00fbt franc<\/strong> et un <strong>une exp\u00e9rience de vapotage confortable et s\u00fbre<\/strong>.<\/span><\/p>\n<ul>\n<li><span style=\"font-weight: 400\"><a href=\"https:\/\/iguanasmoke.com\/fr\/produit\/iguana-power-battery-510-pour-cartouches-1ml-2\/\"><strong>Batterie 510 avec filetage pour cartouches 1ml<\/strong><\/a>La taille compacte, discr\u00e8te et facile \u00e0 transporter, et la puissance est parfaitement calibr\u00e9e pour extraire tout le profil aromatique de l'E8H sans surchauffer le liquide. <em>Il a une puissance de 320 mAh.<\/em><\/span><\/li>\n<li><span style=\"font-weight: 400\"><a href=\"https:\/\/iguanasmoke.com\/fr\/produit\/iguana-power-battery-510-pour-cartouches-2ml\/\"><strong>Batterie 510 avec filetage pour cartouches 2ml<\/strong><\/a>Cartouches E8H : offrent une plus grande autonomie, con\u00e7ues pour les utilisateurs qui aiment les sessions plus longues ou qui pr\u00e9f\u00e8rent changer les cartouches E8H moins souvent. Elles garantissent <strong>une puissance stable et des performances constantes<\/strong>. <em>Il a une puissance de 400 mAh<\/em>.\u00a0<\/span><\/li>\n<li><strong><a href=\"https:\/\/iguanasmoke.com\/fr\/produit\/iguana-power-cartbox-battery-bateria-510-para-cartuchos\/\">Batterie de poche Cartbox avec filetage 510<\/a><\/strong>; Compatibilit\u00e9 2 en 1 : <strong><span style=\"font-weight: 400\">Et si vous recherchez la polyvalence, ce mod\u00e8le est compatible avec les cartouches de 1ml et 2ml, alliant autonomie, discr\u00e9tion et puissance r\u00e9glable. Id\u00e9al pour ceux qui veulent un appareil unique qui s'adapte \u00e0 tout. <em>Il a une puissance de 650 mAh<\/em>.\u00a0<\/span><\/strong><\/li>\n<\/ul>\n<p>&nbsp;<\/p>\n<h3><b>O\u00f9 acheter vos cartouches E8H<\/b><b> Fraise ?<\/b><\/h3>\n<p><span style=\"font-weight: 400\">Au <strong>Fum\u00e9e d'iguane<\/strong>, Nous privil\u00e9gions la qualit\u00e9 et la transparence. Nous <strong>Cartouches E8H<\/strong> sont \u00e9labor\u00e9s \u00e0 partir d'extraits naturels qui garantissent des produits <\/span><span style=\"font-weight: 400\"><strong>s\u00fbr et puissant<\/strong>. Comme c'est le cas pour nos <strong>E8H Cartouche de fraises<\/strong>, qui se distingue par son go\u00fbt intense de fraise.<\/span><\/p>\n<p><span style=\"font-weight: 400\">C'est un endroit s\u00fbr pour <strong>acheter vaper E8H en ligne au Royaume-Uni.<\/strong> Tous nos produits sont approuv\u00e9s par l'UE, ce qui garantit leur l\u00e9galit\u00e9 et leur s\u00e9curit\u00e9. En outre, si vous le souhaitez, vous pouvez consulter<\/span><span style=\"font-weight: 400\"> <a href=\"https:\/\/iguanasmoke.com\/fr\/lanalyse\/\">ici l'analyse en laboratoire.<\/a>\u00a0<\/span><\/p>\n<p><span style=\"font-weight: 400\">N'oubliez pas d'explorer d'autres <strong>vaper E8H <\/strong>en tant que <a href=\"https:\/\/iguanasmoke.com\/fr\/produit\/vape-space-vape-e8h-strawberry\/\">E8H Space Vape Strawberry Vaper<\/a> u <\/span><span style=\"font-weight: 400\">autres <strong>Produits TOP<\/strong> en tant que <a href=\"https:\/\/iguanasmoke.com\/fr\/produit\/cbd-spectre-complet-cartouche-fraise\/\">CBD Full Spectrum cartouche \u00e0 la fraise<\/a> ou le <a href=\"https:\/\/iguanasmoke.com\/fr\/produit\/creme-hash-cbd-kiwi\/\">Hash CBD Cr\u00e8me au kiwi<\/a>. <\/span><span style=\"font-weight: 400\">En bref, explorez notre vari\u00e9t\u00e9 et trouvez vos favoris d\u00e8s maintenant.<\/span><span style=\"font-weight: 400\">\u00a0<\/span><\/p>\n<p>Une livraison rapide, une attention particuli\u00e8re et un magasin avec un emballage discret qui passe en premier - juste pour votre plaisir !<\/p>\n<p>&nbsp;<\/p>\n<h3><\/h3>\n<h3><b>Iguana Smoke est votre boutique en ligne de CBD de confiance<\/b><\/h3>\n<p><span style=\"font-weight: 400\">Chez Iguana Smoke, nous pensons que le CBD doit \u00eatre une exp\u00e9rience s\u00fbre et agr\u00e9able. C'est pourquoi nous proposons des produits de haute qualit\u00e9 qui s'adressent aux nouvelles g\u00e9n\u00e9rations : des personnes qui recherchent un bien-\u00eatre simple, avec des marques authentiques et fiables.\u00a0<\/span><\/p>\n<p>Vous savez, notre mission est claire : vous apporter le meilleur du monde des cannabino\u00efdes \u00e0 un prix juste, avec la tranquillit\u00e9 d'esprit de savoir que vous choisissez un produit certifi\u00e9, efficace et 100% l\u00e9gal.<\/p>\n<p>Vous avez encore des doutes ? Ecrivez-nous et nous nous ferons un plaisir de vous aider \u00e0 trouver le produit qui vous convient.<\/p>\n<p>&nbsp;<\/p>\n<p><em><span style=\"font-weight: 400\">*Veuillez noter que son utilisation est destin\u00e9e \u00e0 la collection ou \u00e0 l'aromath\u00e9rapie, conform\u00e9ment \u00e0 la loi espagnole. <\/span><\/em><\/p>\n<p><em><span style=\"font-weight: 400\">**Tous nos produits sont d\u00e9riv\u00e9s de chanvre industriel certifi\u00e9. Ils contiennent moins de 0,3 THC et ne contiennent pas de cannabino\u00efdes ill\u00e9gaux tels que HHC, HHC-P, THCP, THCP-O, H4CBD et ceux inclus dans l'annexe I du d\u00e9cret royal 2829\/1977, ni de substances contr\u00f4l\u00e9es par les conventions internationales.\u00a0\u00a0<\/span><\/em><\/p>\n<h3><\/h3>","protected":false},"excerpt":{"rendered":"<ul>\n<li>Go\u00fbt fruit\u00e9 de fraise<\/li>\n<li>Connexion : type 510<\/li>\n<li>Capacit\u00e9 : <span style=\"font-size: 16px\">1 ml (300 bouff\u00e9es)\/ 2 ml (600 bouff\u00e9es)<\/span><\/li>\n<li>Ar\u00f4mes naturels de haute qualit\u00e9<\/li>\n<li>E8H \u00e0 90%<\/li>\n<li>THC : 0%, HHC : 0%, THC-P : 0%, Nicotine : 0%<\/li>\n<li>Ne contient pas de VG, PG, PEG, MCT ou tout autre agent de coupe.<\/li>\n<\/ul>\n<p><span style=\"font-weight: 400\">En outre, si vous le souhaitez, vous pouvez consulter<strong> <a href=\"https:\/\/iguanasmoke.com\/fr\/lanalyse\/\">analyse en laboratoire.<\/a><\/strong><\/span><\/p>","protected":false},"featured_media":64596,"comment_status":"open","ping_status":"closed","template":"","meta":{"_acf_changed":false,"site-sidebar-layout":"default","site-content-layout":"","ast-site-content-layout":"default","site-content-style":"default","site-sidebar-style":"default","ast-global-header-display":"","ast-banner-title-visibility":"","ast-main-header-display":"","ast-hfb-above-header-display":"","ast-hfb-below-header-display":"","ast-hfb-mobile-header-display":"","site-post-title":"","ast-breadcrumbs-content":"","ast-featured-img":"","footer-sml-layout":"","theme-transparent-header-meta":"default","adv-header-id-meta":"","stick-header-meta":"","header-above-stick-meta":"","header-main-stick-meta":"","header-below-stick-meta":"","astra-migrate-meta-layouts":"set","ast-page-background-enabled":"default","ast-page-background-meta":{"desktop":{"background-color":"var(--ast-global-color-4)","background-image":"","background-repeat":"repeat","background-position":"center center","background-size":"auto","background-attachment":"scroll","background-type":"","background-media":"","overlay-type":"","overlay-color":"","overlay-opacity":"","overlay-gradient":""},"tablet":{"background-color":"","background-image":"","background-repeat":"repeat","background-position":"center center","background-size":"auto","background-attachment":"scroll","background-type":"","background-media":"","overlay-type":"","overlay-color":"","overlay-opacity":"","overlay-gradient":""},"mobile":{"background-color":"","background-image":"","background-repeat":"repeat","background-position":"center center","background-size":"auto","background-attachment":"scroll","background-type":"","background-media":"","overlay-type":"","overlay-color":"","overlay-opacity":"","overlay-gradient":""}},"ast-content-background-meta":{"desktop":{"background-color":"var(--ast-global-color-5)","background-image":"","background-repeat":"repeat","background-position":"center center","background-size":"auto","background-attachment":"scroll","background-type":"","background-media":"","overlay-type":"","overlay-color":"","overlay-opacity":"","overlay-gradient":""},"tablet":{"background-color":"var(--ast-global-color-5)","background-image":"","background-repeat":"repeat","background-position":"center center","background-size":"auto","background-attachment":"scroll","background-type":"","background-media":"","overlay-type":"","overlay-color":"","overlay-opacity":"","overlay-gradient":""},"mobile":{"background-color":"var(--ast-global-color-5)","background-image":"","background-repeat":"repeat","background-position":"center center","background-size":"auto","background-attachment":"scroll","background-type":"","background-media":"","overlay-type":"","overlay-color":"","overlay-opacity":"","overlay-gradient":""}}},"product_brand":[],"product_cat":[419,627],"product_tag":[],"class_list":{"0":"post-63890","1":"product","2":"type-product","3":"status-publish","4":"has-post-thumbnail","6":"product_cat-cartuchos-cbd","7":"product_cat-e8h","8":"desktop-align-center","9":"tablet-align-center","10":"mobile-align-center","12":"first","13":"instock","14":"taxable","15":"shipping-taxable","16":"purchasable","17":"product-type-variable"},"acf":[],"yoast_head":"<!-- This site is optimized with the Yoast SEO Premium plugin v27.3 (Yoast SEO v27.3) - https:\/\/yoast.com\/product\/yoast-seo-premium-wordpress\/ -->\n<title>Cartucho E8H Strawberry | Iguana Smoke<\/title>\n<meta name=\"description\" content=\"Prueba el Cartucho E8H Strawberry para una experiencia de vapeo que resalta la frescura de la fresa. \u00a1Consigue ya tu vaper E8H premium!\" \/>\n<meta name=\"robots\" content=\"index, follow, max-snippet:-1, max-image-preview:large, max-video-preview:-1\" \/>\n<link rel=\"canonical\" href=\"https:\/\/iguanasmoke.com\/fr\/produit\/e8h-90-cartouche-de-fraises\/\" \/>\n<meta property=\"og:locale\" content=\"fr_FR\" \/>\n<meta property=\"og:type\" content=\"article\" \/>\n<meta property=\"og:title\" content=\"Cartucho E8H Space - Strawberry\" \/>\n<meta property=\"og:description\" content=\"Sabor frutal a fresa  Conexi\u00f3n: tipo 510  Capacidad: 1 ml (300 caladas)\/ 2 ml (600 caladas)  Aromas naturales de alta calidad  E8H al 90%  THC: 0%, HHC: 0%, THC-P: 0%, Nicotina: 0%  No contiene VG, PG, PEG, MCT o cualquier otro agente de corte  Adem\u00e1s, si quieres puedes consultar el an\u00e1lisis de laboratorio.\" \/>\n<meta property=\"og:url\" content=\"https:\/\/iguanasmoke.com\/fr\/produit\/e8h-90-cartouche-de-fraises\/\" \/>\n<meta property=\"og:site_name\" content=\"Iguana Smoke\" \/>\n<meta property=\"article:publisher\" content=\"https:\/\/www.facebook.com\/iguanasmoke\" \/>\n<meta property=\"article:modified_time\" content=\"2026-03-30T10:37:32+00:00\" \/>\n<meta property=\"og:image\" content=\"https:\/\/iguanasmoke.com\/wp-content\/uploads\/2025\/08\/Bolsa-Cart-Strawberry-2025-E8H-con-cartucho.webp\" \/>\n\t<meta property=\"og:image:width\" content=\"1000\" \/>\n\t<meta property=\"og:image:height\" content=\"1000\" \/>\n\t<meta property=\"og:image:type\" content=\"image\/webp\" \/>\n<meta name=\"twitter:card\" content=\"summary_large_image\" \/>\n<meta name=\"twitter:label1\" content=\"Disponibilit\u00e9\" \/>\n\t<meta name=\"twitter:data1\" content=\"En stock\" \/>\n<meta property=\"product:brand\" content=\"variable\" \/>\n<meta property=\"og:availability\" content=\"instock\" \/>\n<meta property=\"product:availability\" content=\"instock\" \/>\n<meta property=\"product:condition\" content=\"new\" \/>\n<!-- \/ Yoast SEO Premium plugin. -->","yoast_head_json":{"title":"E8H Strawberry | Iguana Smoke Cartridge","description":"Essayez la cartouche E8H Strawberry pour une exp\u00e9rience de vape qui fait ressortir la fra\u00eecheur de la fraise - obtenez votre vape E8H premium maintenant !","robots":{"index":"index","follow":"follow","max-snippet":"max-snippet:-1","max-image-preview":"max-image-preview:large","max-video-preview":"max-video-preview:-1"},"canonical":"https:\/\/iguanasmoke.com\/fr\/produit\/e8h-90-cartouche-de-fraises\/","og_locale":"fr_FR","og_type":"article","og_title":"Cartucho E8H Space - Strawberry","og_description":"Sabor frutal a fresa  Conexi\u00f3n: tipo 510  Capacidad: 1 ml (300 caladas)\/ 2 ml (600 caladas)  Aromas naturales de alta calidad  E8H al 90%  THC: 0%, HHC: 0%, THC-P: 0%, Nicotina: 0%  No contiene VG, PG, PEG, MCT o cualquier otro agente de corte  Adem\u00e1s, si quieres puedes consultar el an\u00e1lisis de laboratorio.","og_url":"https:\/\/iguanasmoke.com\/fr\/produit\/e8h-90-cartouche-de-fraises\/","og_site_name":"Iguana Smoke","article_publisher":"https:\/\/www.facebook.com\/iguanasmoke","article_modified_time":"2026-03-30T10:37:32+00:00","og_image":[{"width":1000,"height":1000,"url":"https:\/\/iguanasmoke.com\/wp-content\/uploads\/2025\/08\/Bolsa-Cart-Strawberry-2025-E8H-con-cartucho.webp","type":"image\/webp"}],"twitter_card":"summary_large_image","twitter_misc":{"Disponibilit\u00e9":"En stock"},"schema":{"@context":"https:\/\/schema.org","@graph":[{"@type":"WebPage","@id":"https:\/\/iguanasmoke.com\/producto\/cartucho-e8h-90-strawberry\/","url":"https:\/\/iguanasmoke.com\/producto\/cartucho-e8h-90-strawberry\/","name":"E8H Strawberry | Iguana Smoke Cartridge","isPartOf":{"@id":"https:\/\/iguanasmoke.com\/#website"},"primaryImageOfPage":{"@id":"https:\/\/iguanasmoke.com\/producto\/cartucho-e8h-90-strawberry\/#primaryimage"},"image":{"@id":"https:\/\/iguanasmoke.com\/producto\/cartucho-e8h-90-strawberry\/#primaryimage"},"thumbnailUrl":"https:\/\/iguanasmoke.com\/wp-content\/uploads\/2025\/08\/Bolsa-Cart-Strawberry-2025-E8H-con-cartucho.webp","datePublished":"2025-09-11T08:32:07+00:00","dateModified":"2026-03-30T10:37:32+00:00","description":"Essayez la cartouche E8H Strawberry pour une exp\u00e9rience de vape qui fait ressortir la fra\u00eecheur de la fraise - obtenez votre vape E8H premium maintenant !","breadcrumb":{"@id":"https:\/\/iguanasmoke.com\/producto\/cartucho-e8h-90-strawberry\/#breadcrumb"},"inLanguage":"fr-FR","potentialAction":[{"@type":"ReadAction","target":["https:\/\/iguanasmoke.com\/producto\/cartucho-e8h-90-strawberry\/"]}]},{"@type":"ImageObject","inLanguage":"fr-FR","@id":"https:\/\/iguanasmoke.com\/producto\/cartucho-e8h-90-strawberry\/#primaryimage","url":"https:\/\/iguanasmoke.com\/wp-content\/uploads\/2025\/08\/Bolsa-Cart-Strawberry-2025-E8H-con-cartucho.webp","contentUrl":"https:\/\/iguanasmoke.com\/wp-content\/uploads\/2025\/08\/Bolsa-Cart-Strawberry-2025-E8H-con-cartucho.webp","width":1000,"height":1000,"caption":"Bolsa y cartucho e8H Gorilla Glue de Iguana Smoke, 1 ml"},{"@type":"BreadcrumbList","@id":"https:\/\/iguanasmoke.com\/producto\/cartucho-e8h-90-strawberry\/#breadcrumb","itemListElement":[{"@type":"ListItem","position":1,"name":"home","item":"https:\/\/iguanasmoke.com\/"},{"@type":"ListItem","position":2,"name":"Tienda","item":"https:\/\/iguanasmoke.com\/tienda\/"},{"@type":"ListItem","position":3,"name":"Nuevas Mol\u00e9culas","item":"https:\/\/iguanasmoke.com\/categoria\/nuevas-moleculas\/"},{"@type":"ListItem","position":4,"name":"E8H","item":"https:\/\/iguanasmoke.com\/categoria\/nuevas-moleculas\/e8h\/"},{"@type":"ListItem","position":5,"name":"Cartucho E8H Space &#8211; Strawberry"}]},{"@type":"WebSite","@id":"https:\/\/iguanasmoke.com\/#website","url":"https:\/\/iguanasmoke.com\/","name":"Fum\u00e9e d'iguane","description":"Acheter du CBD en ligne au meilleur prix","publisher":{"@id":"https:\/\/iguanasmoke.com\/#organization"},"potentialAction":[{"@type":"SearchAction","target":{"@type":"EntryPoint","urlTemplate":"https:\/\/iguanasmoke.com\/?s={search_term_string}"},"query-input":{"@type":"PropertyValueSpecification","valueRequired":true,"valueName":"search_term_string"}}],"inLanguage":"fr-FR"},{"@type":"Organization","@id":"https:\/\/iguanasmoke.com\/#organization","name":"Fum\u00e9e d'iguane","url":"https:\/\/iguanasmoke.com\/","logo":{"@type":"ImageObject","inLanguage":"fr-FR","@id":"https:\/\/iguanasmoke.com\/#\/schema\/logo\/image\/","url":"https:\/\/iguanasmoke.com\/wp-content\/uploads\/2025\/01\/logoiguana-favi-1.png","contentUrl":"https:\/\/iguanasmoke.com\/wp-content\/uploads\/2025\/01\/logoiguana-favi-1.png","width":512,"height":512,"caption":"Iguana Smoke"},"image":{"@id":"https:\/\/iguanasmoke.com\/#\/schema\/logo\/image\/"},"sameAs":["https:\/\/www.facebook.com\/iguanasmoke","https:\/\/www.instagram.com\/iguanasmoke\/"]}]},"product_brand":"variable","og_availability":"instock","product_availability":"instock","product_condition":"new"},"_links":{"self":[{"href":"https:\/\/iguanasmoke.com\/fr\/wp-json\/wp\/v2\/product\/63890","targetHints":{"allow":["GET"]}}],"collection":[{"href":"https:\/\/iguanasmoke.com\/fr\/wp-json\/wp\/v2\/product"}],"about":[{"href":"https:\/\/iguanasmoke.com\/fr\/wp-json\/wp\/v2\/types\/product"}],"replies":[{"embeddable":true,"href":"https:\/\/iguanasmoke.com\/fr\/wp-json\/wp\/v2\/comments?post=63890"}],"wp:featuredmedia":[{"embeddable":true,"href":"https:\/\/iguanasmoke.com\/fr\/wp-json\/wp\/v2\/media\/64596"}],"wp:attachment":[{"href":"https:\/\/iguanasmoke.com\/fr\/wp-json\/wp\/v2\/media?parent=63890"}],"wp:term":[{"taxonomy":"product_brand","embeddable":true,"href":"https:\/\/iguanasmoke.com\/fr\/wp-json\/wp\/v2\/product_brand?post=63890"},{"taxonomy":"product_cat","embeddable":true,"href":"https:\/\/iguanasmoke.com\/fr\/wp-json\/wp\/v2\/product_cat?post=63890"},{"taxonomy":"product_tag","embeddable":true,"href":"https:\/\/iguanasmoke.com\/fr\/wp-json\/wp\/v2\/product_tag?post=63890"}],"curies":[{"name":"wp","href":"https:\/\/api.w.org\/{rel}","templated":true}]}}