{"id":65575,"date":"2025-10-01T15:09:21","date_gmt":"2025-10-01T13:09:21","guid":{"rendered":"https:\/\/iguanasmoke.com\/?post_type=product&#038;p=65575"},"modified":"2026-04-08T12:01:18","modified_gmt":"2026-04-08T10:01:18","slug":"cartouche-de-cbd-a-spectre-complet-baies-rouges","status":"publish","type":"product","link":"https:\/\/iguanasmoke.com\/fr\/producto\/cartucho-cbd-full-spectrum-red-berries\/","title":{"rendered":"Cartouche de CBD \u00e0 spectre complet - Baies rouges"},"content":{"rendered":"<h1><span style=\"font-weight: 400\">Cartouche CBD \u00e0 spectre complet : baies rouges<\/span><\/h1>\n<p><span style=\"font-weight: 400\">D\u00e9couvrez les <strong>Cartouche CBD Full Spectrum Red Berries<\/strong>, avec un vrai go\u00fbt de fruits rouges. <\/span><span style=\"font-weight: 400\">Con\u00e7u pour ceux qui recherchent un <strong>l'exp\u00e9rience compl\u00e8te de la vape<\/strong>, <strong>naturel et puissant<\/strong>, cette <strong>CBD vaper<\/strong> associe la puissance th\u00e9rapeutique du cannabidiol \u00e0 un ar\u00f4me sucr\u00e9 incomparable.\u00a0<\/span><\/p>\n<p><span style=\"font-weight: 400\">En effet, notre <strong>Cartouche de CBD<\/strong> est r\u00e9alis\u00e9 avec <strong>Extrait de chanvre biologique \u00e0 spectre complet<\/strong>, Il contient tous les cannabino\u00efdes et terp\u00e8nes de la plante. Il contient \u00e9galement <strong>700mg CBD\/1400mg CBD<\/strong> (70% de concentration) et vous permet de disposer de <strong>300(1ml)<\/strong> y <strong>600(2ml) bouff\u00e9es<\/strong>. <\/span><\/p>\n<p><span style=\"font-weight: 400\">Profitez d'un <strong>un soulagement rapide et durable<\/strong>, id\u00e9al pour vous accompagner dans les moments de stress, d'anxi\u00e9t\u00e9 ou de repos.<\/span><\/p>\n<p>&nbsp;<\/p>\n<h2><strong>Caract\u00e9ristiques principales :<\/strong><\/h2>\n<ul>\n<li><span style=\"font-weight: 400\"><strong>CBD \u00e0 spectre complet de haute qualit\u00e9<\/strong>, avec un profil naturel de cannabino\u00efdes.<\/span><\/li>\n<li><span style=\"font-weight: 400\"><strong>Extrait de chanvre biologique<\/strong>, sans additifs ni solvants <\/span><\/li>\n<li><span style=\"font-weight: 400\">Disponible en <strong>1ml et 2ml<\/strong>. <\/span><\/li>\n<li><span style=\"font-weight: 400\">Pour <strong>300 bouff\u00e9es (1ml) et 600 bouff\u00e9es (2ml)<\/strong>. <\/span><\/li>\n<li><span style=\"font-weight: 400\"><strong>Pas de THC d\u00e9tectable<\/strong>. <\/span><\/li>\n<li><span style=\"font-weight: 400\"><strong>Qualit\u00e9 garantie par Iguana Smoke<\/strong>.<\/span><\/li>\n<li>Le go\u00fbt <span style=\"font-weight: 400\">a <strong>fruits rouges<\/strong> d\u00e9licieux et sucr\u00e9.<\/span><\/li>\n<\/ul>\n<p>&nbsp;<\/p>\n<h2><strong>Avantages :<\/strong><\/h2>\n<ul>\n<li><span style=\"font-weight: 400\"><strong>Un soulagement rapide et efficace<\/strong>, gr\u00e2ce \u00e0 la biodisponibilit\u00e9 du vapotage.<\/span><\/li>\n<li><span style=\"font-weight: 400\">Favorise la <strong>d\u00e9tente<\/strong> et le <strong>bien-\u00eatre<\/strong> g\u00e9n\u00e9ral.<\/span><\/li>\n<li><span style=\"font-weight: 400\"><strong>Pas d'effets psychoactifs ind\u00e9sirables<\/strong>.<\/span><\/li>\n<li><span style=\"font-weight: 400\">Id\u00e9al pour <strong>utilisation quotidienne<\/strong>, \u00e0 domicile ou \u00e0 l'ext\u00e9rieur, <strong>pas d'odeur, pas de combustion<\/strong>.<\/span><\/li>\n<\/ul>\n<p><span style=\"font-weight: 400\">Le <strong>CBD vaper<\/strong> est le moyen le plus pratique et le plus propre de profiter de tous les avantages de la <strong>les avantages du cannabidiol<\/strong>, pas d'entretien, pas de souci, pas de tracas.\u00a0<\/span><\/p>\n<p>&nbsp;<\/p>\n<h2><strong>Qu'est-ce qu'une cartouche de CBD jetable ?<\/strong><\/h2>\n<p><span style=\"font-weight: 400\">A <strong>cartouche CBD jetable<\/strong> est un petit cylindre avec <strong>510, connexion 1ml ou 2ml<\/strong> qui contient du liquide CBD \u00e0 spectre complet. La grande diff\u00e9rence avec les autres types de cartouches est qu'elle n'a pas besoin d'\u00eatre recharg\u00e9e : <strong>lorsqu'il est \u00e9puis\u00e9, il est simplement jet\u00e9<\/strong>.\u00a0<\/span><\/p>\n<p><span style=\"font-weight: 400\">Il existe \u00e9galement des <a href=\"https:\/\/iguanasmoke.com\/fr\/categorie\/cbd\/spectre-complet\/\">Vapeurs CBD \u00e0 spectre complet jetables<\/a> (tout-en-un) avec batterie et cartouche int\u00e9gr\u00e9es, pr\u00eat \u00e0 l'emploi d\u00e8s sa sortie de l'emballage.\u00a0<\/span><\/p>\n<p>&nbsp;<\/p>\n<h2><span style=\"font-weight: 400\"><strong>Piles pour votre cartouche CBD Full Spectrum Red Berries<\/strong>:<\/span><\/h2>\n<p><span style=\"font-weight: 400\">N'oubliez pas d'acheter un <strong>batterie 510<\/strong> <strong>fiable<\/strong>, <strong>durable<\/strong> y <strong>adapt\u00e9 \u00e0 votre style de consommation<\/strong>. C'est pourquoi en <strong>Fum\u00e9e d'iguane<\/strong> nous vous proposons diff\u00e9rents mod\u00e8les con\u00e7us pour garantir une <strong>brouillard uniforme<\/strong>, a <strong>go\u00fbt franc<\/strong> et un <strong>une exp\u00e9rience de vapotage confortable et s\u00fbre<\/strong>.<\/span><\/p>\n<ul>\n<li><span style=\"font-weight: 400\"><a href=\"https:\/\/iguanasmoke.com\/fr\/produit\/iguana-power-battery-510-pour-cartouches-1ml-2\/\"><strong>Batterie 510 avec filetage pour cartouches 1ml<\/strong><\/a>Leur taille compacte leur permet <strong>discret et facile \u00e0 transporter<\/strong>, et sa puissance est parfaitement calibr\u00e9e pour extraire le profil aromatique complet du CBD \u00e0 spectre complet. <strong>sans surchauffer le liquide<\/strong>. Si vous recherchez le confort, cette <a href=\"https:\/\/iguanasmoke.com\/fr\/produit\/iguana-power-battery-510-pour-cartouches-1ml-2\/\">Batterie de 1ml<\/a> est le choix id\u00e9al pour les cartouches de 1 ml. <em>Il a une puissance de 320 mAh.<\/em><\/span><\/li>\n<li><span style=\"font-weight: 400\"><a href=\"https:\/\/iguanasmoke.com\/fr\/produit\/iguana-power-battery-510-pour-cartouches-2ml\/\"><strong>Batterie 510 avec filetage pour cartouches 2ml<\/strong><\/a>Si vous pr\u00e9f\u00e9rez une capacit\u00e9 plus \u00e9lev\u00e9e et une dur\u00e9e de vie plus longue, ce mod\u00e8le est fait pour vous. Elles offrent une autonomie sup\u00e9rieure, con\u00e7ue pour les utilisateurs qui aiment <strong>sessions plus longues<\/strong> ou pr\u00e9f\u00e8rent changer les cartouches CBD moins souvent. Ces garanties <strong>une puissance stable et des performances constantes<\/strong>, tout en conservant la puret\u00e9 et les terp\u00e8nes de l'extrait. Achetez maintenant votre <a href=\"https:\/\/iguanasmoke.com\/fr\/produit\/iguana-power-battery-510-pour-cartouches-2ml\/\">Batterie de 2ml<\/a> et commencez \u00e0 vaper. <em>Il a une puissance de 400 mAh<\/em>.\u00a0<\/span><\/li>\n<li><a href=\"https:\/\/iguanasmoke.com\/fr\/produit\/iguana-power-cartbox-battery-bateria-510-para-cartuchos\/\">Batterie de poche Cartbox avec filetage 510<\/a>; Compatibilit\u00e9 2 en 1 : <strong><span style=\"font-weight: 400\">Et si vous recherchez la polyvalence, notre <a href=\"https:\/\/iguanasmoke.com\/fr\/produit\/iguana-power-cartbox-battery-bateria-510-para-cartuchos\/\">Cartbox 510<\/a> est ce que vous recherchez. Ce mod\u00e8le est compatible avec les cartouches de 1 ml et de 2 ml. Il offre un design robuste et \u00e9l\u00e9gant qui allie autonomie, discr\u00e9tion et puissance r\u00e9glable. Id\u00e9al pour ceux qui utilisent diff\u00e9rents types de cartouches et souhaitent un appareil qui s'adapte \u00e0 tous. <em>Il a une puissance de 650 mAh<\/em>.\u00a0<\/span><\/strong><\/li>\n<\/ul>\n<div class=\"ewd-ufaq-faq-body\">\n<p>&nbsp;<\/p>\n<h3><b>Pourquoi acheter des cartouches de CBD <\/b>Spectre complet <b>dans la fum\u00e9e d'iguane ?<\/b><\/h3>\n<p><span style=\"font-weight: 400\">Au <strong>Fum\u00e9e d'iguane<\/strong>, Nous nous engageons toujours \u00e0 la qualit\u00e9 et \u00e0 la transparence.  Nos <strong>Cartouches de CBD \u00e0 spectre complet<\/strong> sont fabriqu\u00e9s \u00e0 partir d'extraits naturels et biologiques. <\/span><\/p>\n<p><span style=\"font-weight: 400\">Lorsque vous achetez chez nous, vous choisissez un <strong>cartouche de CBD s\u00fbre, puissante et \u00e0 spectre complet<\/strong>, qui pr\u00e9serve tous les cannabino\u00efdes et terp\u00e8nes essentiels de la plante. Comme c'est le cas avec notre cartouche <strong>CBD Full Spectrum Red Berries (baies rouges \u00e0 spectre complet)<\/strong>, qui se distingue par son go\u00fbt intense de fruits rouges.<\/span><\/p>\n<p><span style=\"font-weight: 400\">C'est un endroit s\u00fbr pour <strong>acheter CBD vaper en ligne en Espagne.<\/strong> Tous nos produits sont approuv\u00e9s par l'UE, ce qui garantit leur l\u00e9galit\u00e9 et leur s\u00e9curit\u00e9. Nos produits <strong>Vaporisation de CBD sans THC <\/strong>est conforme aux normes de qualit\u00e9 dont l'analyse en laboratoire peut \u00eatre consult\u00e9e \u00e0 l'adresse suivante <\/span><span style=\"font-weight: 400\"><a href=\"https:\/\/iguanasmoke.com\/fr\/lanalyse\/\">ici<\/a>. Comme il ne contient pas de THC, vous pouvez profiter des nombreux avantages du CBD sans les effets psychoactifs du cannabis.<\/span><\/p>\n<p><span style=\"font-weight: 400\">N'oubliez pas d'explorer d'autres vapers de CBD comme le <a href=\"https:\/\/iguanasmoke.com\/fr\/produit\/iguana-cbd-pod-pocket-berry-pod-ice-3ml\/\">poche CBD Berry Ice<\/a> ou le <a href=\"https:\/\/iguanasmoke.com\/fr\/produit\/cbd-spectre-complet-cartouche-fraise\/\">Cartouche CBD Fraise \u00e0 spectre complet<\/a>, Ce que je sais, c'est que vous <\/span><span style=\"font-weight: 400\">nous veillons \u00e0 ce que le <strong>Cartouche CBD Full Spectrum <\/strong><strong>Baies rouges <\/strong>vous l'adorerez. N'oubliez pas non plus d'essayer d'autres <strong>Produits TOP<\/strong> en tant que <a href=\"https:\/\/iguanasmoke.com\/fr\/produit\/space-hash-dry-sift-10-oh\/\">Espace Hash Dry Sift 10-OH<\/a> ou le <a href=\"https:\/\/iguanasmoke.com\/fr\/produit\/vape-cbd-full-spectrum-iguana-pod-amnesia\/\">CBD Full Spectrum Amnesia Vaper<\/a>. <\/span><span style=\"font-weight: 400\">En bref, explorez et trouvez vos favoris.\u00a0<\/span><\/p>\n<p>&nbsp;<\/p>\n<h3><b>Iguana Smoke est votre boutique en ligne de CBD de confiance<\/b><\/h3>\n<p><span style=\"font-weight: 400\">Chez Iguana Smoke, nous pensons que le CBD doit \u00eatre une exp\u00e9rience s\u00fbre et agr\u00e9able. C'est pourquoi nous proposons des produits de haute qualit\u00e9 qui s'adressent aux nouvelles g\u00e9n\u00e9rations : des personnes qui recherchent un bien-\u00eatre simple, avec des marques authentiques et fiables.\u00a0<\/span><\/p>\n<p>Vous savez, notre mission est claire : vous apporter le meilleur du monde des cannabino\u00efdes \u00e0 un prix \u00e9quitable, avec la tranquillit\u00e9 d'esprit de savoir que vous choisissez un produit certifi\u00e9, efficace et 100% l\u00e9gal. Nous sommes \u00e0 l'avant-garde des produits CBD.<\/p>\n<p>Vous avez encore des doutes ? Ecrivez-nous et nous nous ferons un plaisir de vous aider \u00e0 trouver le produit qui vous convient.<\/p>\n<\/div>\n<p>&nbsp;<\/p>\n<p><em><span style=\"font-weight: 400\">*Veuillez noter que son utilisation est destin\u00e9e \u00e0 la collection ou \u00e0 l'aromath\u00e9rapie, conform\u00e9ment \u00e0 la loi espagnole.<\/span><\/em><\/p>\n<p><em><span style=\"font-weight: 400\">**Tous nos produits sont d\u00e9riv\u00e9s de chanvre industriel certifi\u00e9. Ils contiennent moins de 0,3 THC et ne contiennent pas de cannabino\u00efdes ill\u00e9gaux tels que HHC, HHC-P, THCP, THCP-O, H4CBD et ceux inclus dans l'annexe I du d\u00e9cret royal 2829\/1977, ni de substances contr\u00f4l\u00e9es par les conventions internationales.\u00a0<\/span><\/em><\/p>","protected":false},"excerpt":{"rendered":"<ul>\n<li>Terp\u00e8nes naturels de haute qualit\u00e9 avec un ar\u00f4me de baies rouges<\/li>\n<li>Connexion : type 510<\/li>\n<li>Capacit\u00e9 : <span style=\"font-size: 16px\">1 ml (300 bouff\u00e9es)\/ 2 ml (600 bouff\u00e9es)<\/span><\/li>\n<li>CBD : <span style=\"font-size: 16px\"> 70% \/ 700mg \/ 1400mg\u00a0<\/span><\/li>\n<li>THC et nicotine : 0%<\/li>\n<li>Ne contient pas de VG, PG, PEG, MCT ou tout autre agent de coupe.<\/li>\n<\/ul>","protected":false},"featured_media":66433,"comment_status":"open","ping_status":"closed","template":"","meta":{"_acf_changed":false,"site-sidebar-layout":"default","site-content-layout":"default","ast-site-content-layout":"default","site-content-style":"default","site-sidebar-style":"default","ast-global-header-display":"","ast-banner-title-visibility":"","ast-main-header-display":"","ast-hfb-above-header-display":"","ast-hfb-below-header-display":"","ast-hfb-mobile-header-display":"","site-post-title":"","ast-breadcrumbs-content":"","ast-featured-img":"","footer-sml-layout":"","theme-transparent-header-meta":"default","adv-header-id-meta":"","stick-header-meta":"","header-above-stick-meta":"","header-main-stick-meta":"","header-below-stick-meta":"","astra-migrate-meta-layouts":"set","ast-page-background-enabled":"default","ast-page-background-meta":{"desktop":{"background-color":"var(--ast-global-color-4)","background-image":"","background-repeat":"repeat","background-position":"center center","background-size":"auto","background-attachment":"scroll","background-type":"","background-media":"","overlay-type":"","overlay-color":"","overlay-opacity":"","overlay-gradient":""},"tablet":{"background-color":"","background-image":"","background-repeat":"repeat","background-position":"center center","background-size":"auto","background-attachment":"scroll","background-type":"","background-media":"","overlay-type":"","overlay-color":"","overlay-opacity":"","overlay-gradient":""},"mobile":{"background-color":"","background-image":"","background-repeat":"repeat","background-position":"center center","background-size":"auto","background-attachment":"scroll","background-type":"","background-media":"","overlay-type":"","overlay-color":"","overlay-opacity":"","overlay-gradient":""}},"ast-content-background-meta":{"desktop":{"background-color":"var(--ast-global-color-5)","background-image":"","background-repeat":"repeat","background-position":"center center","background-size":"auto","background-attachment":"scroll","background-type":"","background-media":"","overlay-type":"","overlay-color":"","overlay-opacity":"","overlay-gradient":""},"tablet":{"background-color":"var(--ast-global-color-5)","background-image":"","background-repeat":"repeat","background-position":"center center","background-size":"auto","background-attachment":"scroll","background-type":"","background-media":"","overlay-type":"","overlay-color":"","overlay-opacity":"","overlay-gradient":""},"mobile":{"background-color":"var(--ast-global-color-5)","background-image":"","background-repeat":"repeat","background-position":"center center","background-size":"auto","background-attachment":"scroll","background-type":"","background-media":"","overlay-type":"","overlay-color":"","overlay-opacity":"","overlay-gradient":""}}},"product_brand":[],"product_cat":[419,981,418],"product_tag":[],"class_list":{"0":"post-65575","1":"product","2":"type-product","3":"status-publish","4":"has-post-thumbnail","6":"product_cat-cartuchos-cbd","7":"product_cat-cbd-full-spectrum","8":"product_cat-vaper-cbd","9":"desktop-align-center","10":"tablet-align-center","11":"mobile-align-center","13":"first","14":"instock","15":"taxable","16":"shipping-taxable","17":"purchasable","18":"product-type-variable"},"acf":[],"yoast_head":"<!-- This site is optimized with the Yoast SEO Premium plugin v27.3 (Yoast SEO v27.3) - https:\/\/yoast.com\/product\/yoast-seo-premium-wordpress\/ -->\n<title>Cartucho CBD Full Spectrum Red Berries| Iguana Smoke<\/title>\n<meta name=\"description\" content=\"Descubre el delicioso sabor a frutos rojos con el Cartucho CBD Full Spectrum Red Berries. Disfruta de una experiencia TOP con tu potente vaper CBD.\" \/>\n<meta name=\"robots\" content=\"index, follow, max-snippet:-1, max-image-preview:large, max-video-preview:-1\" \/>\n<link rel=\"canonical\" href=\"https:\/\/iguanasmoke.com\/fr\/produit\/cartouche-de-cbd-a-spectre-complet-baies-rouges\/\" \/>\n<meta property=\"og:locale\" content=\"fr_FR\" \/>\n<meta property=\"og:type\" content=\"article\" \/>\n<meta property=\"og:title\" content=\"Cartucho CBD Full Spectrum - Red Berries\" \/>\n<meta property=\"og:description\" content=\"Terpenos naturales de alta calidad con sabor a frutos rojos  Conexi\u00f3n: tipo 510  Capacidad: 1 ml (300 caladas)\/ 2 ml (600 caladas)  CBD: 70% \/ 700mg \/ 1400mg\u00a0  THC y Nicotina: 0%  No contiene VG, PG, PEG, MCT o cualquier otro agente de corte\" \/>\n<meta property=\"og:url\" content=\"https:\/\/iguanasmoke.com\/fr\/produit\/cartouche-de-cbd-a-spectre-complet-baies-rouges\/\" \/>\n<meta property=\"og:site_name\" content=\"Iguana Smoke\" \/>\n<meta property=\"article:publisher\" content=\"https:\/\/www.facebook.com\/iguanasmoke\" \/>\n<meta property=\"article:modified_time\" content=\"2026-04-08T10:01:18+00:00\" \/>\n<meta property=\"og:image\" content=\"https:\/\/iguanasmoke.com\/wp-content\/uploads\/2025\/10\/Bolsas-y-Cartucho-Cart-Full-Spectrum-Red-Berries-2025.webp\" \/>\n\t<meta property=\"og:image:width\" content=\"1000\" \/>\n\t<meta property=\"og:image:height\" content=\"1000\" \/>\n\t<meta property=\"og:image:type\" content=\"image\/webp\" \/>\n<meta name=\"twitter:card\" content=\"summary_large_image\" \/>\n<meta name=\"twitter:label1\" content=\"Disponibilit\u00e9\" \/>\n\t<meta name=\"twitter:data1\" content=\"En stock\" \/>\n<meta property=\"product:brand\" content=\"variable\" \/>\n<meta property=\"og:availability\" content=\"instock\" \/>\n<meta property=\"product:availability\" content=\"instock\" \/>\n<meta property=\"product:condition\" content=\"new\" \/>\n<!-- \/ Yoast SEO Premium plugin. -->","yoast_head_json":{"title":"CBD Full Spectrum Red Berries| Cartouche Iguana Smoke","description":"D\u00e9couvrez le go\u00fbt d\u00e9licieux des baies rouges avec la cartouche de CBD Full Spectrum Red Berries. Profitez d'une exp\u00e9rience TOP avec votre puissant vaper CBD.","robots":{"index":"index","follow":"follow","max-snippet":"max-snippet:-1","max-image-preview":"max-image-preview:large","max-video-preview":"max-video-preview:-1"},"canonical":"https:\/\/iguanasmoke.com\/fr\/produit\/cartouche-de-cbd-a-spectre-complet-baies-rouges\/","og_locale":"fr_FR","og_type":"article","og_title":"Cartucho CBD Full Spectrum - Red Berries","og_description":"Terpenos naturales de alta calidad con sabor a frutos rojos  Conexi\u00f3n: tipo 510  Capacidad: 1 ml (300 caladas)\/ 2 ml (600 caladas)  CBD: 70% \/ 700mg \/ 1400mg\u00a0  THC y Nicotina: 0%  No contiene VG, PG, PEG, MCT o cualquier otro agente de corte","og_url":"https:\/\/iguanasmoke.com\/fr\/produit\/cartouche-de-cbd-a-spectre-complet-baies-rouges\/","og_site_name":"Iguana Smoke","article_publisher":"https:\/\/www.facebook.com\/iguanasmoke","article_modified_time":"2026-04-08T10:01:18+00:00","og_image":[{"width":1000,"height":1000,"url":"https:\/\/iguanasmoke.com\/wp-content\/uploads\/2025\/10\/Bolsas-y-Cartucho-Cart-Full-Spectrum-Red-Berries-2025.webp","type":"image\/webp"}],"twitter_card":"summary_large_image","twitter_misc":{"Disponibilit\u00e9":"En stock"},"schema":{"@context":"https:\/\/schema.org","@graph":[{"@type":"WebPage","@id":"https:\/\/iguanasmoke.com\/producto\/cartucho-cbd-full-spectrum-red-berries\/","url":"https:\/\/iguanasmoke.com\/producto\/cartucho-cbd-full-spectrum-red-berries\/","name":"CBD Full Spectrum Red Berries| Cartouche Iguana Smoke","isPartOf":{"@id":"https:\/\/iguanasmoke.com\/#website"},"primaryImageOfPage":{"@id":"https:\/\/iguanasmoke.com\/producto\/cartucho-cbd-full-spectrum-red-berries\/#primaryimage"},"image":{"@id":"https:\/\/iguanasmoke.com\/producto\/cartucho-cbd-full-spectrum-red-berries\/#primaryimage"},"thumbnailUrl":"https:\/\/iguanasmoke.com\/wp-content\/uploads\/2025\/10\/Bolsas-y-Cartucho-Cart-Full-Spectrum-Red-Berries-2025.webp","datePublished":"2025-10-01T13:09:21+00:00","dateModified":"2026-04-08T10:01:18+00:00","description":"D\u00e9couvrez le go\u00fbt d\u00e9licieux des baies rouges avec la cartouche de CBD Full Spectrum Red Berries. Profitez d'une exp\u00e9rience TOP avec votre puissant vaper CBD.","breadcrumb":{"@id":"https:\/\/iguanasmoke.com\/producto\/cartucho-cbd-full-spectrum-red-berries\/#breadcrumb"},"inLanguage":"fr-FR","potentialAction":[{"@type":"ReadAction","target":["https:\/\/iguanasmoke.com\/producto\/cartucho-cbd-full-spectrum-red-berries\/"]}]},{"@type":"ImageObject","inLanguage":"fr-FR","@id":"https:\/\/iguanasmoke.com\/producto\/cartucho-cbd-full-spectrum-red-berries\/#primaryimage","url":"https:\/\/iguanasmoke.com\/wp-content\/uploads\/2025\/10\/Bolsas-y-Cartucho-Cart-Full-Spectrum-Red-Berries-2025.webp","contentUrl":"https:\/\/iguanasmoke.com\/wp-content\/uploads\/2025\/10\/Bolsas-y-Cartucho-Cart-Full-Spectrum-Red-Berries-2025.webp","width":1000,"height":1000,"caption":"cartucho full spectrum red berries con sabor a frutos rojos vaper CBD"},{"@type":"BreadcrumbList","@id":"https:\/\/iguanasmoke.com\/producto\/cartucho-cbd-full-spectrum-red-berries\/#breadcrumb","itemListElement":[{"@type":"ListItem","position":1,"name":"home","item":"https:\/\/iguanasmoke.com\/"},{"@type":"ListItem","position":2,"name":"Tienda","item":"https:\/\/iguanasmoke.com\/tienda\/"},{"@type":"ListItem","position":3,"name":"Vaper CBD","item":"https:\/\/iguanasmoke.com\/categoria\/vaper-cbd\/"},{"@type":"ListItem","position":4,"name":"Cartucho CBD Full Spectrum &#8211; Red Berries"}]},{"@type":"WebSite","@id":"https:\/\/iguanasmoke.com\/#website","url":"https:\/\/iguanasmoke.com\/","name":"Fum\u00e9e d'iguane","description":"Acheter du CBD en ligne au meilleur prix","publisher":{"@id":"https:\/\/iguanasmoke.com\/#organization"},"potentialAction":[{"@type":"SearchAction","target":{"@type":"EntryPoint","urlTemplate":"https:\/\/iguanasmoke.com\/?s={search_term_string}"},"query-input":{"@type":"PropertyValueSpecification","valueRequired":true,"valueName":"search_term_string"}}],"inLanguage":"fr-FR"},{"@type":"Organization","@id":"https:\/\/iguanasmoke.com\/#organization","name":"Fum\u00e9e d'iguane","url":"https:\/\/iguanasmoke.com\/","logo":{"@type":"ImageObject","inLanguage":"fr-FR","@id":"https:\/\/iguanasmoke.com\/#\/schema\/logo\/image\/","url":"https:\/\/iguanasmoke.com\/wp-content\/uploads\/2025\/01\/logoiguana-favi-1.png","contentUrl":"https:\/\/iguanasmoke.com\/wp-content\/uploads\/2025\/01\/logoiguana-favi-1.png","width":512,"height":512,"caption":"Iguana Smoke"},"image":{"@id":"https:\/\/iguanasmoke.com\/#\/schema\/logo\/image\/"},"sameAs":["https:\/\/www.facebook.com\/iguanasmoke","https:\/\/www.instagram.com\/iguanasmoke\/"]}]},"product_brand":"variable","og_availability":"instock","product_availability":"instock","product_condition":"new"},"_links":{"self":[{"href":"https:\/\/iguanasmoke.com\/fr\/wp-json\/wp\/v2\/product\/65575","targetHints":{"allow":["GET"]}}],"collection":[{"href":"https:\/\/iguanasmoke.com\/fr\/wp-json\/wp\/v2\/product"}],"about":[{"href":"https:\/\/iguanasmoke.com\/fr\/wp-json\/wp\/v2\/types\/product"}],"replies":[{"embeddable":true,"href":"https:\/\/iguanasmoke.com\/fr\/wp-json\/wp\/v2\/comments?post=65575"}],"wp:featuredmedia":[{"embeddable":true,"href":"https:\/\/iguanasmoke.com\/fr\/wp-json\/wp\/v2\/media\/66433"}],"wp:attachment":[{"href":"https:\/\/iguanasmoke.com\/fr\/wp-json\/wp\/v2\/media?parent=65575"}],"wp:term":[{"taxonomy":"product_brand","embeddable":true,"href":"https:\/\/iguanasmoke.com\/fr\/wp-json\/wp\/v2\/product_brand?post=65575"},{"taxonomy":"product_cat","embeddable":true,"href":"https:\/\/iguanasmoke.com\/fr\/wp-json\/wp\/v2\/product_cat?post=65575"},{"taxonomy":"product_tag","embeddable":true,"href":"https:\/\/iguanasmoke.com\/fr\/wp-json\/wp\/v2\/product_tag?post=65575"}],"curies":[{"name":"wp","href":"https:\/\/api.w.org\/{rel}","templated":true}]}}