{"id":66917,"date":"2025-10-18T11:57:48","date_gmt":"2025-10-18T09:57:48","guid":{"rendered":"https:\/\/iguanasmoke.com\/?post_type=product&#038;p=66917"},"modified":"2026-01-29T09:26:25","modified_gmt":"2026-01-29T08:26:25","slug":"creepy-kush-indoor-edition-limitee-edition-halloween","status":"publish","type":"product","link":"https:\/\/iguanasmoke.com\/fr\/producto\/creepy-kush-indoor-edicion-limitada-halloween\/","title":{"rendered":"Flower CBD Creepy Kush Indoor (Edition limit\u00e9e Halloween)"},"content":{"rendered":"<h1 data-start=\"1609\" data-end=\"1642\"><span style=\"font-weight: 400\">Flower CBD Creepy Kush Indoor - Edition limit\u00e9e Halloween<\/span><\/h1>\n<h2 data-start=\"368\" data-end=\"432\">Une fleur exclusive et terriblement bonne<\/h2>\n<p data-start=\"549\" data-end=\"976\"><span style=\"font-weight: 400\">Si vous \u00eates \u00e0 la recherche de fleurs d'int\u00e9rieur CBD de la plus haute qualit\u00e9, les <strong>Fleur CBD Creepy Kush Indoor<\/strong> est sans aucun doute l'une des options les plus exclusives du march\u00e9. Cette \u00e9dition limit\u00e9e d'Halloween a tant <strong>seulement 250 unit\u00e9s<\/strong>. Chaque sac de<strong> 2g de CBD Creepy Kush Indoo flower<\/strong>r est accompagn\u00e9 de l'embl\u00e9matique <strong>emballage d'Iguana Zombie<\/strong>, une cr\u00e9ation sp\u00e9ciale qui rend hommage \u00e0 la saison la plus sombre de l'ann\u00e9e.\u00a0<\/span><\/p>\n<p data-start=\"549\" data-end=\"976\"><span style=\"font-weight: 400\">Gr\u00e2ce \u00e0 son <strong>Culture en int\u00e9rieur (Indoor)<\/strong>, Cette fleur de CBD offre un niveau de puret\u00e9 sup\u00e9rieur, <strong>stabilit\u00e9 et conservation des terp\u00e8nes<\/strong>. De ce fait, chaque bourgeon se distingue tant par son aspect que par ses caract\u00e9ristiques. <strong>parfum<\/strong>, id\u00e9al pour ceux qui appr\u00e9cient le CBD \u00e0 son meilleur.<\/span><\/p>\n<p data-start=\"549\" data-end=\"976\"><span style=\"font-weight: 400\"> Au <strong>Fum\u00e9e d'iguane<\/strong>, nous s\u00e9lectionnons soigneusement chaque lot pour vous offrir un <strong>Premium CBD Creepy Kush Indoor<\/strong>, con\u00e7u pour les vrais connaisseurs du cannabidiol qui appr\u00e9cient la diff\u00e9rence d\u00e8s le premier instant et souhaitent poss\u00e9der cette \u00e9dition, consid\u00e9r\u00e9e comme un joyau \u00e0 collectionner dans le monde du CBD.\u00a0<\/span><\/p>\n<h2 data-start=\"549\" data-end=\"976\"><\/h2>\n<p>&nbsp;<\/p>\n<h2 data-start=\"549\" data-end=\"976\"><strong>Qu'est-ce que cela signifie qu'une fleur de CBD est <em>Int\u00e9rieur<\/em>? <\/strong><\/h2>\n<p data-start=\"549\" data-end=\"976\"><span style=\"font-weight: 400\">Le terme <strong>Int\u00e9rieur<\/strong> se r\u00e9f\u00e8re \u00e0 la <strong>culture en int\u00e9rieur<\/strong>, dans un environnement enti\u00e8rement contr\u00f4l\u00e9. Cela implique une gestion pr\u00e9cise de la <strong>l'\u00e9clairage<\/strong>, les <strong>temp\u00e9rature<\/strong>, les <strong>l'humidit\u00e9<\/strong> et le <strong>ventilation<\/strong>, Ce sont des facteurs cl\u00e9s pour obtenir des fleurs de CBD de la plus haute qualit\u00e9. <\/span><\/p>\n<p data-start=\"549\" data-end=\"976\"><span style=\"font-weight: 400\">Gr\u00e2ce \u00e0 cette m\u00e9thode de culture : <\/span><\/p>\n<ul>\n<li data-start=\"549\" data-end=\"976\"><span style=\"font-weight: 400\">Les fleurs ont une <strong>une concentration plus \u00e9lev\u00e9e de CBD<\/strong> et d'autres cannabino\u00efdes. <\/span><\/li>\n<li data-start=\"549\" data-end=\"976\"><span style=\"font-weight: 400\">Le <strong>trichomes et r\u00e9sines<\/strong> se d\u00e9veloppent de mani\u00e8re plus dense et plus uniforme. <\/span><\/li>\n<li data-start=\"549\" data-end=\"976\"><span style=\"font-weight: 400\">Le <strong>l'ar\u00f4me est plus intense, plus net et mieux d\u00e9fini<\/strong>, Les terp\u00e8nes sont conserv\u00e9s dans des conditions optimales. <\/span><\/li>\n<li data-start=\"549\" data-end=\"976\"><span style=\"font-weight: 400\">L'apparence du bourgeon est plus <strong>compact, brillant et homog\u00e8ne<\/strong>. <\/span><\/li>\n<\/ul>\n<p><span style=\"font-weight: 400\">C'est pourquoi, en <strong>Acheter des fleurs d'int\u00e9rieur CBD<\/strong>, comme notre <strong>Fleur de CBD<\/strong> <strong>Creepy Kush<\/strong> <strong>Int\u00e9rieur<\/strong>, vous \u00eates assur\u00e9 d'une exp\u00e9rience sensorielle plus raffin\u00e9e, plus stable et de qualit\u00e9 sup\u00e9rieure.\u00a0<\/span><\/p>\n<p>&nbsp;<\/p>\n<h2><strong>Creepy Kush CBD Indoor : L'iguane zombie de l'Halloween<\/strong><\/h2>\n<p><span style=\"font-weight: 400\">Le <strong>Fleur CBD Creeypypy Kush Indoor<\/strong> est parfait pour ceux qui recherchent un <strong>exp\u00e9rience \u00e9quilibr\u00e9e entre l'ar\u00f4me, l'esth\u00e9tique et l'effet<\/strong>. Son parfum allie <strong>notes d'agrumes et notes sucr\u00e9es<\/strong>, Cette caract\u00e9ristique, associ\u00e9e \u00e0 un effet de douceur, en fait l'un des plus recherch\u00e9s. <\/span><\/p>\n<p><span style=\"font-weight: 400\">Le nom de <strong>Effrayant<\/strong> (o <em>Krippy<\/em>) est n\u00e9 \u00e0 <strong>Am\u00e9rique latine<\/strong> et pendant des ann\u00e9es, il a \u00e9t\u00e9 utilis\u00e9 pour parler de <strong>marijuana tr\u00e8s puissante<\/strong>, surtout dans des pays comme la Colombie, le Chili ou l'\u00c9quateur. Dans ce contexte, il a fait r\u00e9f\u00e9rence \u00e0 des bourgeons \u00e0 tr\u00e8s forte teneur en THC, typiques du march\u00e9 ill\u00e9gal. <\/span><\/p>\n<p><span style=\"font-weight: 400\">Toutefois, le <strong>Creepy Kush Indoor d'Iguana Smoke<\/strong> est tout \u00e0 fait diff\u00e9rent. C'est un <strong>La fleur de CBD 100% est l\u00e9gale en Espagne<\/strong>, Cultiv\u00e9e en int\u00e9rieur, elle contient moins de 0,3% de THC et n'a pas d'effets psychoactifs. Elle conserve n\u00e9anmoins la <strong>saveur et caract\u00e8re intenses<\/strong> qui a rendu la g\u00e9n\u00e9tique originale c\u00e9l\u00e8bre. <\/span><\/p>\n<p><span style=\"font-weight: 400\">Visuellement, il se distingue par sa <strong>bourgeons r\u00e9sineux et compacts aux tons fonc\u00e9s<\/strong>, recouvert d'une fine couche de trichomes qui refl\u00e8tent la qualit\u00e9 de sa culture. En outre, son <strong>haute teneur en CBD<\/strong>, Le taux de THC inf\u00e9rieur \u00e0 0,3% en fait un choix parfait pour profiter d'une teneur \u00e9lev\u00e9e en THC inf\u00e9rieure \u00e0 0,3%, ce qui en fait un choix parfait pour profiter d'une teneur \u00e9lev\u00e9e en THC inf\u00e9rieure \u00e0 0,3%. <strong>effet relaxant sans effet psychoactif<\/strong>.\u00a0 \u00a0<\/span><\/p>\n<p>&nbsp;<\/p>\n<p><strong>Les avantages de choisir Creepy Kush CBD Indoor : <\/strong><\/p>\n<ol>\n<li style=\"list-style-type: none\">\n<ol>\n<li><span style=\"font-weight: 400\">Culture naturelle et contr\u00f4l\u00e9e en int\u00e9rieur 100% <\/span><\/li>\n<li><span style=\"font-weight: 400\">THC &lt;0,3%, selon la l\u00e9gislation europ\u00e9enne <\/span><\/li>\n<li><span style=\"font-weight: 400\">Haute teneur en CBD <\/span><\/li>\n<li><span style=\"font-weight: 400\">Ar\u00f4me fort et effet relaxant, pas d'effet stoned <\/span><\/li>\n<li><span style=\"font-weight: 400\">Il r\u00e9interpr\u00e8te le concept original de \u201c<em>Creepy-Krippy (en anglais)<\/em>\u201c<\/span><\/li>\n<\/ol>\n<\/li>\n<\/ol>\n<p><span style=\"font-weight: 400\">Notre Creepy est un clin d'\u0153il \u00e0 cette l\u00e9gende, adapt\u00e9 \u00e0 un concept <strong>juridique, naturel et prime<\/strong>, sans perdre sa personnalit\u00e9 exotique et marqu\u00e9e.<\/span><\/p>\n<p>&nbsp;<\/p>\n<h3><b>O\u00f9 acheter votre <\/b><strong>Fleurs CBD Indoor<\/strong><b>?<\/b><\/h3>\n<p><span style=\"font-weight: 400\">Si vous cherchez <strong>acheter des fleurs CBD<\/strong><strong>, <\/strong>c'est un endroit s\u00fbr pour <strong>acheter Flores CBD Indoor vaper Flores CBD Indoor en Espagne.<\/strong>\u00a0<\/span><span style=\"font-weight: 400\">Tous nos produits sont <strong>approuv\u00e9 par l'UE<\/strong>, garantissant sa l\u00e9galit\u00e9 et sa s\u00e9curit\u00e9. En outre, si vous le souhaitez, vous pouvez consulter<\/span><strong> <a href=\"https:\/\/iguanasmoke.com\/fr\/lanalyse\/\">analyse en laboratoire.<\/a><\/strong><\/p>\n<p><span style=\"font-weight: 400\">N'oubliez pas de d\u00e9couvrir d'autres saveurs de <strong><a href=\"https:\/\/iguanasmoke.com\/fr\/categorie\/fleurs-de-cbd-2\/fleurs-de-cbd-dinterieur\/\">Fleurs Int\u00e9rieur CBD<\/a><\/strong> y <\/span><span style=\"font-weight: 400\">autres <strong><a href=\"https:\/\/iguanasmoke.com\/fr\/categorie\/fleurs-de-cbd-2\/fleurs-de-serre-cbd\/\">CBD Greenhouse Flowers<\/a><\/strong> <strong>TOP<\/strong> comme <strong><a href=\"https:\/\/iguanasmoke.com\/fr\/produit\/acheter-cbd-fleur-ak-47\/\">Fleur CBD AK-47<\/a><\/strong> ou le <strong><a href=\"https:\/\/iguanasmoke.com\/fr\/produit\/acheter-cbd-flower-tropical-cookies-2\/\">Fleur CBD Tropical Cookies<\/a><\/strong>.\u00a0<\/span><span style=\"font-weight: 400\">En bref, parcourez notre s\u00e9lection de produits CBD et trouvez vos favoris. <\/span><\/p>\n<p><span style=\"font-weight: 400\">N'oubliez pas que nous n'avons que <strong>250 unit\u00e9s en stock<\/strong>, N'attendez pas trop longtemps, car lorsqu'elles seront \u00e9puis\u00e9es, elles ne seront pas remplac\u00e9es. Ce n'est pas seulement une fleur, c'est une <strong>une exp\u00e9rience limit\u00e9e et mythique<\/strong>La l\u00e9gende du \u201c...\u201c<em>Krippy<\/em>\u201det la puret\u00e9 la plus avanc\u00e9e du CBD Indoor. <\/span><\/p>\n<p><strong data-start=\"303\" data-end=\"345\">Livraison rapide et discr\u00e8te dans toute l'Espagne<\/strong>, avec <strong data-start=\"351\" data-end=\"387\">une attention \u00e9troite et personnalis\u00e9e<\/strong> pour r\u00e9pondre \u00e0 toutes vos questions avant et apr\u00e8s votre achat.<\/p>\n<p>&nbsp;<\/p>\n<h3><b>Iguana Smoke est votre boutique en ligne de CBD\u00a0<\/b><\/h3>\n<p><span style=\"font-weight: 400\">Au<strong> Fum\u00e9e d'iguane<\/strong>, Nous pensons que la consommation de CBD doit se faire en toute s\u00e9curit\u00e9. C'est pourquoi nous proposons des produits comme celui-ci <strong>Fleur CBD Creepy Kush<\/strong><strong> Int\u00e9rieur<\/strong>, La marque s'adresse aux nouvelles g\u00e9n\u00e9rations : des personnes qui recherchent un bien-\u00eatre simple, avec des marques authentiques et fiables. <\/span><\/p>\n<p><span style=\"font-weight: 400\">Vous savez, notre mission est claire :<strong> vous apporter le meilleur du monde du CBD \u00e0 un prix \u00e9quitable<\/strong>. De plus, nous vous offrons la tranquillit\u00e9 d'esprit que procure le choix d'un produit de qualit\u00e9. <strong>produit certifi\u00e9, efficace et l\u00e9gal 100%<\/strong>. Faites le pas, achetez votre vaper CBD d\u00e8s aujourd'hui et passez \u00e0 un autre niveau d'exp\u00e9rience.\u00a0<\/span><\/p>\n<p>Vous avez encore des doutes ? Ecrivez-nous et nous nous ferons un plaisir de vous aider \u00e0 trouver le produit qui vous convient.<\/p>\n<p>&nbsp;<\/p>\n<h6>\u2139\ufe0f<strong> Informations juridiques<\/strong><\/h6>\n<p><em><span style=\"font-weight: 400\">*Produit destin\u00e9 \u00e0 la collection ou \u00e0 l'aromath\u00e9rapie, conform\u00e9ment \u00e0 la l\u00e9gislation espagnole en vigueur. <\/span><\/em><\/p>\n<p><em><span style=\"font-weight: 400\">**D\u00e9riv\u00e9 de chanvre industriel certifi\u00e9. Contient moins de 0,3 THC et ne contient pas de cannabino\u00efdes ill\u00e9gaux tels que HHC, HHC-P, THCP, THCP-O, H4CBD ou des substances \u00e9num\u00e9r\u00e9es \u00e0 l'annexe I du d\u00e9cret royal 2829\/1977, ni de substances contr\u00f4l\u00e9es par des conventions internationales.\u00a0\u00a0<\/span><\/em><\/p>","protected":false},"excerpt":{"rendered":"<p><span style=\"font-weight: 400\">Il se distingue par l'exclusivit\u00e9 de ses <strong>250 pi\u00e8ces. <\/strong>de <strong>\u00c9dition limit\u00e9e<\/strong> inspir\u00e9 par la g\u00e9n\u00e9tique mythique <em><strong>Effrayant<\/strong>:<\/em><\/span><\/p>\n<ul>\n<li><span style=\"font-weight: 400\">Culture d'int\u00e9rieur de qualit\u00e9 sup\u00e9rieure Int\u00e9rieur <\/span><\/li>\n<li><span style=\"font-weight: 400\">CBD : entre 12-14% <\/span><\/li>\n<li><span style=\"font-weight: 400\">THC : &lt;0,3% <\/span><\/li>\n<li><span style=\"font-weight: 400\">100% l\u00e9gal en Europe <\/span><\/li>\n<li><span style=\"font-weight: 400\">Bourgeons denses aux tons fonc\u00e9s<\/span><\/li>\n<li><span style=\"font-weight: 400\">Ar\u00f4me puissant et design Iguana Zombie<\/span><\/li>\n<\/ul>\n<p><span style=\"font-weight: 400\">Consultation<strong> <a href=\"https:\/\/iguanasmoke.com\/fr\/lanalyse\/\">analyse en laboratoire.<\/a><\/strong><\/span><\/p>","protected":false},"featured_media":66919,"comment_status":"open","ping_status":"closed","template":"","meta":{"_acf_changed":false,"site-sidebar-layout":"default","site-content-layout":"","ast-site-content-layout":"default","site-content-style":"default","site-sidebar-style":"default","ast-global-header-display":"","ast-banner-title-visibility":"","ast-main-header-display":"","ast-hfb-above-header-display":"","ast-hfb-below-header-display":"","ast-hfb-mobile-header-display":"","site-post-title":"","ast-breadcrumbs-content":"","ast-featured-img":"","footer-sml-layout":"","theme-transparent-header-meta":"default","adv-header-id-meta":"","stick-header-meta":"","header-above-stick-meta":"","header-main-stick-meta":"","header-below-stick-meta":"","astra-migrate-meta-layouts":"set","ast-page-background-enabled":"default","ast-page-background-meta":{"desktop":{"background-color":"var(--ast-global-color-4)","background-image":"","background-repeat":"repeat","background-position":"center center","background-size":"auto","background-attachment":"scroll","background-type":"","background-media":"","overlay-type":"","overlay-color":"","overlay-opacity":"","overlay-gradient":""},"tablet":{"background-color":"","background-image":"","background-repeat":"repeat","background-position":"center center","background-size":"auto","background-attachment":"scroll","background-type":"","background-media":"","overlay-type":"","overlay-color":"","overlay-opacity":"","overlay-gradient":""},"mobile":{"background-color":"","background-image":"","background-repeat":"repeat","background-position":"center center","background-size":"auto","background-attachment":"scroll","background-type":"","background-media":"","overlay-type":"","overlay-color":"","overlay-opacity":"","overlay-gradient":""}},"ast-content-background-meta":{"desktop":{"background-color":"var(--ast-global-color-5)","background-image":"","background-repeat":"repeat","background-position":"center center","background-size":"auto","background-attachment":"scroll","background-type":"","background-media":"","overlay-type":"","overlay-color":"","overlay-opacity":"","overlay-gradient":""},"tablet":{"background-color":"var(--ast-global-color-5)","background-image":"","background-repeat":"repeat","background-position":"center center","background-size":"auto","background-attachment":"scroll","background-type":"","background-media":"","overlay-type":"","overlay-color":"","overlay-opacity":"","overlay-gradient":""},"mobile":{"background-color":"var(--ast-global-color-5)","background-image":"","background-repeat":"repeat","background-position":"center center","background-size":"auto","background-attachment":"scroll","background-type":"","background-media":"","overlay-type":"","overlay-color":"","overlay-opacity":"","overlay-gradient":""}}},"product_brand":[],"product_cat":[593,328],"product_tag":[],"class_list":{"0":"post-66917","1":"product","2":"type-product","3":"status-publish","4":"has-post-thumbnail","6":"product_cat-flores-cbd-indoor","7":"product_cat-comprar-flores-de-cbd-y-cogollos-de-cbd","8":"desktop-align-center","9":"tablet-align-center","10":"mobile-align-center","12":"first","13":"outofstock","14":"taxable","15":"shipping-taxable","16":"purchasable","17":"product-type-simple"},"acf":[],"yoast_head":"<!-- This site is optimized with the Yoast SEO Premium plugin v27.3 (Yoast SEO v27.3) - https:\/\/yoast.com\/product\/yoast-seo-premium-wordpress\/ -->\n<title>Flor CBD Creepy Kush Indoor \u2013 Edici\u00f3n Limitada Halloween | Iguana Smoke<\/title>\n<meta name=\"description\" content=\"Celebra Halloween con la Flor CBD Creepy Kush Indoor - Edici\u00f3n Limitada. Dise\u00f1o exclusivo Iguana Zombie. \u00a1Compra CBD Indoor legal y premium aqu\u00ed!\" \/>\n<meta name=\"robots\" content=\"index, follow, max-snippet:-1, max-image-preview:large, max-video-preview:-1\" \/>\n<link rel=\"canonical\" href=\"https:\/\/iguanasmoke.com\/fr\/produit\/creepy-kush-indoor-edition-limitee-edition-halloween\/\" \/>\n<meta property=\"og:locale\" content=\"fr_FR\" \/>\n<meta property=\"og:type\" content=\"article\" \/>\n<meta property=\"og:title\" content=\"Flor CBD Creepy Kush Indoor (Edici\u00f3n Limitada Halloween)\" \/>\n<meta property=\"og:description\" content=\"Destaca por su exclusividad de 250 unidades de Edici\u00f3n Limitada inspirada en la m\u00edtica gen\u00e9tica Creepy:   Cultivo interior premium Indoor   CBD: entre 12-14%   THC: &lt;0,3%   100% legal en Europa   Cogollos densos con tonos oscuros  Aroma potente y dise\u00f1o Iguana Zombie  Consulta el an\u00e1lisis de laboratorio.\" \/>\n<meta property=\"og:url\" content=\"https:\/\/iguanasmoke.com\/fr\/produit\/creepy-kush-indoor-edition-limitee-edition-halloween\/\" \/>\n<meta property=\"og:site_name\" content=\"Iguana Smoke\" \/>\n<meta property=\"article:publisher\" content=\"https:\/\/www.facebook.com\/iguanasmoke\" \/>\n<meta property=\"article:modified_time\" content=\"2026-01-29T08:26:25+00:00\" \/>\n<meta property=\"og:image\" content=\"https:\/\/iguanasmoke.com\/wp-content\/uploads\/2025\/10\/Diseno-sin-titulo-21.webp\" \/>\n\t<meta property=\"og:image:width\" content=\"1000\" \/>\n\t<meta property=\"og:image:height\" content=\"1000\" \/>\n\t<meta property=\"og:image:type\" content=\"image\/webp\" \/>\n<meta name=\"twitter:card\" content=\"summary_large_image\" \/>\n<meta name=\"twitter:label1\" content=\"Prix\" \/>\n\t<meta name=\"twitter:data1\" content=\"14,90&nbsp;&euro;\" \/>\n\t<meta name=\"twitter:label2\" content=\"Disponibilit\u00e9\" \/>\n\t<meta name=\"twitter:data2\" content=\"Rupture de stock\" \/>\n<meta property=\"product:brand\" content=\"simple\" \/>\n<meta property=\"product:price:amount\" content=\"14.90\" \/>\n<meta property=\"product:price:currency\" content=\"EUR\" \/>\n<meta property=\"og:availability\" content=\"out of stock\" \/>\n<meta property=\"product:availability\" content=\"out of stock\" \/>\n<meta property=\"product:condition\" content=\"new\" \/>\n<!-- \/ Yoast SEO Premium plugin. -->","yoast_head_json":{"title":"Flower CBD Creepy Kush Indoor - Limited Edition Halloween | Iguana Smoke","description":"C\u00e9l\u00e9brez Halloween avec la fleur d'int\u00e9rieur CBD Creepy Kush - Edition limit\u00e9e. Achetez des fleurs d'int\u00e9rieur CBD l\u00e9gales et de qualit\u00e9 sup\u00e9rieure ici !","robots":{"index":"index","follow":"follow","max-snippet":"max-snippet:-1","max-image-preview":"max-image-preview:large","max-video-preview":"max-video-preview:-1"},"canonical":"https:\/\/iguanasmoke.com\/fr\/produit\/creepy-kush-indoor-edition-limitee-edition-halloween\/","og_locale":"fr_FR","og_type":"article","og_title":"Flor CBD Creepy Kush Indoor (Edici\u00f3n Limitada Halloween)","og_description":"Destaca por su exclusividad de 250 unidades de Edici\u00f3n Limitada inspirada en la m\u00edtica gen\u00e9tica Creepy:   Cultivo interior premium Indoor   CBD: entre 12-14%   THC: &lt;0,3%   100% legal en Europa   Cogollos densos con tonos oscuros  Aroma potente y dise\u00f1o Iguana Zombie  Consulta el an\u00e1lisis de laboratorio.","og_url":"https:\/\/iguanasmoke.com\/fr\/produit\/creepy-kush-indoor-edition-limitee-edition-halloween\/","og_site_name":"Iguana Smoke","article_publisher":"https:\/\/www.facebook.com\/iguanasmoke","article_modified_time":"2026-01-29T08:26:25+00:00","og_image":[{"width":1000,"height":1000,"url":"https:\/\/iguanasmoke.com\/wp-content\/uploads\/2025\/10\/Diseno-sin-titulo-21.webp","type":"image\/webp"}],"twitter_card":"summary_large_image","twitter_misc":{"Prix":"14,90&nbsp;&euro;","Disponibilit\u00e9":"Rupture de stock"},"schema":{"@context":"https:\/\/schema.org","@graph":[{"@type":"WebPage","@id":"https:\/\/iguanasmoke.com\/producto\/creepy-kush-indoor-edicion-limitada-halloween\/","url":"https:\/\/iguanasmoke.com\/producto\/creepy-kush-indoor-edicion-limitada-halloween\/","name":"Flower CBD Creepy Kush Indoor - Limited Edition Halloween | Iguana Smoke","isPartOf":{"@id":"https:\/\/iguanasmoke.com\/#website"},"primaryImageOfPage":{"@id":"https:\/\/iguanasmoke.com\/producto\/creepy-kush-indoor-edicion-limitada-halloween\/#primaryimage"},"image":{"@id":"https:\/\/iguanasmoke.com\/producto\/creepy-kush-indoor-edicion-limitada-halloween\/#primaryimage"},"thumbnailUrl":"https:\/\/iguanasmoke.com\/wp-content\/uploads\/2025\/10\/Diseno-sin-titulo-21.webp","datePublished":"2025-10-18T09:57:48+00:00","dateModified":"2026-01-29T08:26:25+00:00","description":"C\u00e9l\u00e9brez Halloween avec la fleur d'int\u00e9rieur CBD Creepy Kush - Edition limit\u00e9e. Achetez des fleurs d'int\u00e9rieur CBD l\u00e9gales et de qualit\u00e9 sup\u00e9rieure ici !","breadcrumb":{"@id":"https:\/\/iguanasmoke.com\/producto\/creepy-kush-indoor-edicion-limitada-halloween\/#breadcrumb"},"inLanguage":"fr-FR","potentialAction":[{"@type":"ReadAction","target":["https:\/\/iguanasmoke.com\/producto\/creepy-kush-indoor-edicion-limitada-halloween\/"]}]},{"@type":"ImageObject","inLanguage":"fr-FR","@id":"https:\/\/iguanasmoke.com\/producto\/creepy-kush-indoor-edicion-limitada-halloween\/#primaryimage","url":"https:\/\/iguanasmoke.com\/wp-content\/uploads\/2025\/10\/Diseno-sin-titulo-21.webp","contentUrl":"https:\/\/iguanasmoke.com\/wp-content\/uploads\/2025\/10\/Diseno-sin-titulo-21.webp","width":1000,"height":1000,"caption":"Bolsa exclusiva de Creepy Kush Indoor, edici\u00f3n limitada de Halloween con la Iguana Zombie y su emblem\u00e1tico cogollo de CBD premium."},{"@type":"BreadcrumbList","@id":"https:\/\/iguanasmoke.com\/producto\/creepy-kush-indoor-edicion-limitada-halloween\/#breadcrumb","itemListElement":[{"@type":"ListItem","position":1,"name":"home","item":"https:\/\/iguanasmoke.com\/"},{"@type":"ListItem","position":2,"name":"Tienda","item":"https:\/\/iguanasmoke.com\/tienda\/"},{"@type":"ListItem","position":3,"name":"Flores de CBD","item":"https:\/\/iguanasmoke.com\/categoria\/comprar-flores-de-cbd-y-cogollos-de-cbd\/"},{"@type":"ListItem","position":4,"name":"Flor CBD Creepy Kush Indoor (Edici\u00f3n Limitada Halloween)"}]},{"@type":"WebSite","@id":"https:\/\/iguanasmoke.com\/#website","url":"https:\/\/iguanasmoke.com\/","name":"Fum\u00e9e d'iguane","description":"Acheter du CBD en ligne au meilleur prix","publisher":{"@id":"https:\/\/iguanasmoke.com\/#organization"},"potentialAction":[{"@type":"SearchAction","target":{"@type":"EntryPoint","urlTemplate":"https:\/\/iguanasmoke.com\/?s={search_term_string}"},"query-input":{"@type":"PropertyValueSpecification","valueRequired":true,"valueName":"search_term_string"}}],"inLanguage":"fr-FR"},{"@type":"Organization","@id":"https:\/\/iguanasmoke.com\/#organization","name":"Fum\u00e9e d'iguane","url":"https:\/\/iguanasmoke.com\/","logo":{"@type":"ImageObject","inLanguage":"fr-FR","@id":"https:\/\/iguanasmoke.com\/#\/schema\/logo\/image\/","url":"https:\/\/iguanasmoke.com\/wp-content\/uploads\/2025\/01\/logoiguana-favi-1.png","contentUrl":"https:\/\/iguanasmoke.com\/wp-content\/uploads\/2025\/01\/logoiguana-favi-1.png","width":512,"height":512,"caption":"Iguana Smoke"},"image":{"@id":"https:\/\/iguanasmoke.com\/#\/schema\/logo\/image\/"},"sameAs":["https:\/\/www.facebook.com\/iguanasmoke","https:\/\/www.instagram.com\/iguanasmoke\/"]}]},"product_brand":"simple","product_price_amount":"14.90","product_price_currency":"EUR","og_availability":"out of stock","product_availability":"out of stock","product_condition":"new"},"_links":{"self":[{"href":"https:\/\/iguanasmoke.com\/fr\/wp-json\/wp\/v2\/product\/66917","targetHints":{"allow":["GET"]}}],"collection":[{"href":"https:\/\/iguanasmoke.com\/fr\/wp-json\/wp\/v2\/product"}],"about":[{"href":"https:\/\/iguanasmoke.com\/fr\/wp-json\/wp\/v2\/types\/product"}],"replies":[{"embeddable":true,"href":"https:\/\/iguanasmoke.com\/fr\/wp-json\/wp\/v2\/comments?post=66917"}],"wp:featuredmedia":[{"embeddable":true,"href":"https:\/\/iguanasmoke.com\/fr\/wp-json\/wp\/v2\/media\/66919"}],"wp:attachment":[{"href":"https:\/\/iguanasmoke.com\/fr\/wp-json\/wp\/v2\/media?parent=66917"}],"wp:term":[{"taxonomy":"product_brand","embeddable":true,"href":"https:\/\/iguanasmoke.com\/fr\/wp-json\/wp\/v2\/product_brand?post=66917"},{"taxonomy":"product_cat","embeddable":true,"href":"https:\/\/iguanasmoke.com\/fr\/wp-json\/wp\/v2\/product_cat?post=66917"},{"taxonomy":"product_tag","embeddable":true,"href":"https:\/\/iguanasmoke.com\/fr\/wp-json\/wp\/v2\/product_tag?post=66917"}],"curies":[{"name":"wp","href":"https:\/\/api.w.org\/{rel}","templated":true}]}}