{"id":68889,"date":"2025-11-03T14:47:46","date_gmt":"2025-11-03T13:47:46","guid":{"rendered":"https:\/\/iguanasmoke.com\/?post_type=product&#038;p=68889"},"modified":"2026-03-15T22:38:36","modified_gmt":"2026-03-15T21:38:36","slug":"cbd-flowers-ready-to-roll-lemon-haze-15gr","status":"publish","type":"product","link":"https:\/\/iguanasmoke.com\/fr\/producto\/flores-de-cbd-ready-to-roll-lemon-haze-15gr\/","title":{"rendered":"Ready to Roll CBD Flower Sting 15gr - Lemon Haze"},"content":{"rendered":"<h1 data-start=\"2843\" data-end=\"2962\"><span style=\"font-size: 32px; font-weight: 400;\">CBD Flower Sting without Trim - Pr\u00eat \u00e0 rouler 15g Lemon Haze<\/span><\/h1>\n<p><span style=\"font-weight: 400;\">Le pr\u00e9sent <strong>Pr\u00eat \u00e0 rouler <b>Lemon Haze <\/b><\/strong>est l'un de nos derniers produits : <strong>CBD Flower Sting<\/strong>\u00a0<\/span><span style=\"font-weight: 400;\"><b>Lemon Haze <\/b>pr\u00eates \u00e0 l'emploi avec un ar\u00f4me terp\u00e9nique Lemon Haze incomparable. Nos fleurs de CBD proviennent de <strong style=\"font-weight: 400;\">fleurs de chanvre certifi\u00e9es<\/strong> de l'UE. <\/span><\/p>\n<p><span style=\"font-weight: 400;\">Ils constituent le choix id\u00e9al pour ceux qui cherchent \u00e0 acheter<strong> piq\u00fbre de chanvre <\/strong>de<strong> Fleurs de CBD de haute qualit\u00e9<\/strong> dans un format plus pratique.\u00a0<\/span><\/p>\n<p><span style=\"font-weight: 400;\">Le pr\u00e9sent <strong>CBD flower sting n'est pas un simple CBD Trim<\/strong>Il s'agit d'une question de <strong>de vrais bourgeons<\/strong>, s\u00e9lectionn\u00e9 manuellement \u00e0 l'aide de la m\u00e9thode de filtrage, et <strong>hach\u00e9<\/strong> soigneusement pour pr\u00e9server ses ar\u00f4mes et propri\u00e9t\u00e9s naturels et les terp\u00e8nes de Lemon Haze. En utilisant cette m\u00e9thode, vous avez la garantie d'un produit <strong>100% nettoy\u00e9es et affin\u00e9es, \u00e9p\u00e9pin\u00e9es et \u00e9queut\u00e9es<\/strong>, compos\u00e9 uniquement de fleurs douces, aromatiques et pr\u00eates \u00e0 l'emploi.<\/span><\/p>\n<p><span style=\"font-weight: 400;\"> Avec cette <strong>Pr\u00eat \u00e0 rouler <b>Lemon Haze <\/b>sans Trim CBD<\/strong>, Il n'a jamais \u00e9t\u00e9 aussi facile de profiter d'une exp\u00e9rience haut de gamme.<\/span><\/p>\n<p><span style=\"font-weight: 400;\">Vous ne devez plus moudre ou pr\u00e9parer les bourgeons, car nous vous facilitons la t\u00e2che : il suffit de <strong>ouvrez la pochette et profitez de votre moment<\/strong>. Acheter des fleurs de CBD dans ce format est synonyme d'efficacit\u00e9 et de plaisir imm\u00e9diat. <\/span><\/p>\n<p><span style=\"font-weight: 400;\">En outre, nos fleurs sont cultiv\u00e9es de mani\u00e8re biologique, sans pesticides ni OGM. Parfait pour les consommateurs conscients et les amateurs de bonnes vibrations.\u00a0<\/span><\/p>\n<p data-start=\"998\" data-end=\"1107\"><strong data-start=\"1001\" data-end=\"1106\">D\u00e9couvrez d'autres vari\u00e9t\u00e9s dans notre <a class=\"decorated-link cursor-pointer\" href=\"https:\/\/iguanasmoke.com\/fr\/categorie\/fleurs\/fleurs-de-cbd-2\/\" rel=\"noopener\" data-start=\"1049\" data-end=\"1104\">Fleurs de CBD<\/a><\/strong>.<\/p>\n<p>&nbsp;<\/p>\n<p>&nbsp;<\/p>\n<h2><\/h2>\n<h2>Pourquoi choisir Picadura de Flores - Ready To Roll 15g pour acheter des fleurs CBD ?<\/h2>\n<p data-start=\"1459\" data-end=\"1612\"><span style=\"font-weight: 400;\">Au <strong>Fum\u00e9e d'iguane<\/strong>, Nous comprenons que lorsque vous cherchez \u00e0 acheter des fleurs CBD, vous ne voulez pas n'importe quoi. C'est pourquoi nous vous proposons les <strong>Pr\u00eat \u00e0 rouler<\/strong>. Cette piq\u00fbre de bourgeon provient des fleurs dominantes. <strong>Sativa,<\/strong> et contient un <strong>15% de CBD<\/strong> y <strong>inf\u00e9rieur \u00e0 0,3%<\/strong> <strong>THC,<\/strong> ce qui les rend l\u00e9gaux en Espagne et en Europe.\u00a0<\/span><\/p>\n<p data-start=\"1459\" data-end=\"1612\"><span style=\"font-weight: 400;\">Le pr\u00e9sent <strong>piq\u00fbre<\/strong> est pr\u00e9par\u00e9 dans un<strong> pochette anti-odeur<\/strong> super pratique et unique, parfait pour un transport sans souci. Ses <strong>ar\u00f4me fort, avec des terp\u00e8nes de <b>Lemon Haze<\/b><\/strong>, en fait un choix TOP pour les amateurs de CBD et de fleurs de CBD.<\/span><\/p>\n<h2 data-start=\"2473\" data-end=\"2533\"><\/h2>\n<h2 data-start=\"2473\" data-end=\"2533\">Conseils pour l'achat de Ready To Roll et d'autres fleurs CBD<\/h2>\n<ul>\n<li><span style=\"font-weight: 400;\"><strong>V\u00e9rifiez la teneur en CBD et en THC.<\/strong>: Est <strong>Pr\u00eat \u00e0 rouler<\/strong> contient 15% de CBD et moins de 0,3%THC, ce qui garantit une exp\u00e9rience intense sans effets psychoactifs. <\/span><\/li>\n<li><strong>Achetez toujours aupr\u00e8s d'un vendeur fiable<\/strong>: <span style=\"font-weight: 400;\">Au <strong>Fum\u00e9e d'iguane<\/strong>, Nous vous proposons des fleurs de CBD bon march\u00e9 et de qualit\u00e9, avec une transparence totale sur leur composition.\u00a0<\/span><\/li>\n<li><strong>Voir les commentaires des autres clients<\/strong>: <span style=\"font-weight: 400;\">Notre communaut\u00e9 partage son exp\u00e9rience pour vous aider \u00e0 choisir le meilleur.\u00a0<\/span><\/li>\n<\/ul>\n<p>&nbsp;<\/p>\n<h2><b>O\u00f9 acheter en ligne votre Picadura de Flores CBD Lemon Haze sin Trim CBD<\/b><b>?<\/b><\/h2>\n<p><span style=\"font-weight: 400;\">Au <strong>Fum\u00e9e d'iguane<\/strong>, Nous donnons la priorit\u00e9 \u00e0 la qualit\u00e9 et \u00e0 la transparence dans chaque produit. Nos <strong>CBD Flower Sting <b>Lemon Haze<\/b>sans Trim CBD<\/strong> est fabriqu\u00e9 \u00e0 partir d'authentiques <strong>fleurs de chanvre<\/strong>. Ils sont soigneusement s\u00e9lectionn\u00e9s et <strong>morsures<\/strong> afin de pr\u00e9server tout son ar\u00f4me, sa puissance et ses propri\u00e9t\u00e9s naturelles. <\/span><span style=\"font-weight: 400;\">Comme c'est le cas pour nos <strong>Pr\u00eat \u00e0 rouler<\/strong>, Le nouveau design, confortable et pratique, attire tous les regards.<\/span><\/p>\n<p><span style=\"font-weight: 400;\">C'est un endroit s\u00fbr pour <strong>acheter Picadura de Flores CBD <b>Lemon Haze <\/b>sans Trim CBD en ligne en Espagne.<\/strong> Tous nos produits sont approuv\u00e9s par l'UE, ce qui garantit leur l\u00e9galit\u00e9 et leur s\u00e9curit\u00e9. En outre, si vous le souhaitez, vous pouvez consulter<\/span><strong> <a href=\"https:\/\/iguanasmoke.com\/fr\/lanalyse\/\">analyse en laboratoire.<\/a>\u00a0<\/strong><\/p>\n<p><span style=\"font-weight: 400;\">N'oubliez pas de go\u00fbter aux nouvelles saveurs de la <strong>Pr\u00eat \u00e0 rouler<\/strong>:<strong>\u00a0<a href=\"https:\/\/iguanasmoke.com\/fr\/produit\/ready-to-roll-cbd-flowers-amnesia-15gr\/\">Amn\u00e9sie<\/a>, <a href=\"https:\/\/iguanasmoke.com\/fr\/produit\/cbd-flowers-ready-to-roll-zkittlez-15gr\/\">Zkittlez<\/a>, <a href=\"https:\/\/iguanasmoke.com\/fr\/produit\/cbd-flowers-ready-to-roll-super-skunk-15gr\/\">Super Skunk<\/a><\/strong>. D\u00e9couvrez \u00e9galement <\/span><span style=\"font-weight: 400;\">autres <strong>Produits TOP<\/strong> en tant que <a href=\"https:\/\/iguanasmoke.com\/fr\/produit\/popcorn-sour-tsunami-cbd-10gr\/\"><strong>Pop Corn 10g<\/strong><\/a>. <\/span><span style=\"font-weight: 400;\">Explorez notre gamme et trouvez vos favoris d\u00e8s maintenant.<\/span><span style=\"font-weight: 400;\">\u00a0<\/span><\/p>\n<p>Une livraison rapide, une attention particuli\u00e8re et un magasin avec un emballage discret et s\u00fbr qui va de l'avant, juste pour que vous puissiez en profiter !<\/p>\n<p>&nbsp;<\/p>\n<h3><b>Iguana Smoke est votre boutique en ligne de CBD de confiance<\/b><\/h3>\n<p><span style=\"font-weight: 400;\">Au<strong> Fum\u00e9e d'iguane<\/strong>, Nous pensons que la consommation de CBD doit \u00eatre une exp\u00e9rience s\u00fbre et agr\u00e9able. C'est pourquoi nous proposons des produits comme celui-ci <strong>piq\u00fbre de chanvre<\/strong> qui s'adresse aux nouvelles g\u00e9n\u00e9rations : des personnes qui recherchent un bien-\u00eatre simple, avec des marques authentiques et fiables.\u00a0<\/span><\/p>\n<p>Vous savez, notre mission est claire : vous apporter le meilleur du monde des cannabino\u00efdes \u00e0 un prix \u00e9quitable. De plus, nous vous offrons la tranquillit\u00e9 d'esprit de savoir que vous choisissez un produit certifi\u00e9, efficace et 100% l\u00e9gal. Votre temps de d\u00e9tente commence ici avec nous.<\/p>\n<p>Vous avez encore des doutes ? Ecrivez-nous et nous nous ferons un plaisir de vous aider \u00e0 trouver le produit qui vous convient.<\/p>\n<p>&nbsp;<\/p>\n<p><em><span style=\"font-weight: 400;\">*Veuillez noter que son utilisation est destin\u00e9e \u00e0 la collection ou \u00e0 l'aromath\u00e9rapie, conform\u00e9ment \u00e0 la loi espagnole. <\/span><\/em><\/p>\n<p><em><span style=\"font-weight: 400;\">**Tous nos produits sont d\u00e9riv\u00e9s de chanvre industriel certifi\u00e9. Ils contiennent moins de 0,3 THC et ne contiennent pas de cannabino\u00efdes ill\u00e9gaux tels que HHC, HHC-P, THCP, THCP-O, H4CBD et ceux inclus dans l'annexe I du d\u00e9cret royal 2829\/1977, ni de substances contr\u00f4l\u00e9es par les conventions internationales.\u00a0\u00a0<\/span><\/em><\/p>","protected":false},"excerpt":{"rendered":"<ul>\n<li>Ready To Roll Lemon Haze format, 15g.<\/li>\n<li>Fleurs de CBD hach\u00e9es provenant de chanvre biologique<\/li>\n<li>Pas d'\u00e9lagage ni de tamisage<\/li>\n<li>CBD : 15% \/ THC : &lt; 0.3%<\/li>\n<li>Pochette transportable pr\u00eate \u00e0 l'emploi et anti-odeur<\/li>\n<li>Avec des terp\u00e8nes Lemon Haze<\/li>\n<li><span style=\"font-size: 16px;\">100% l\u00e9gal en Espagne et en Europe<\/span><\/li>\n<li>Consulter le <a style=\"font-size: 16px; background-color: #ffffff;\" href=\"https:\/\/iguanasmoke.com\/wp-content\/uploads\/2018\/02\/Flor-Sour-Tsunami.pdf\" target=\"_blank\" rel=\"noopener\">analyse de la qualit\u00e9<\/a><\/li>\n<\/ul>","protected":false},"featured_media":69083,"comment_status":"open","ping_status":"closed","template":"","meta":{"_acf_changed":false,"site-sidebar-layout":"default","site-content-layout":"","ast-site-content-layout":"default","site-content-style":"default","site-sidebar-style":"default","ast-global-header-display":"","ast-banner-title-visibility":"","ast-main-header-display":"","ast-hfb-above-header-display":"","ast-hfb-below-header-display":"","ast-hfb-mobile-header-display":"","site-post-title":"","ast-breadcrumbs-content":"","ast-featured-img":"","footer-sml-layout":"","theme-transparent-header-meta":"default","adv-header-id-meta":"","stick-header-meta":"","header-above-stick-meta":"","header-main-stick-meta":"","header-below-stick-meta":"","astra-migrate-meta-layouts":"set","ast-page-background-enabled":"default","ast-page-background-meta":{"desktop":{"background-color":"var(--ast-global-color-4)","background-image":"","background-repeat":"repeat","background-position":"center center","background-size":"auto","background-attachment":"scroll","background-type":"","background-media":"","overlay-type":"","overlay-color":"","overlay-opacity":"","overlay-gradient":""},"tablet":{"background-color":"","background-image":"","background-repeat":"repeat","background-position":"center center","background-size":"auto","background-attachment":"scroll","background-type":"","background-media":"","overlay-type":"","overlay-color":"","overlay-opacity":"","overlay-gradient":""},"mobile":{"background-color":"","background-image":"","background-repeat":"repeat","background-position":"center center","background-size":"auto","background-attachment":"scroll","background-type":"","background-media":"","overlay-type":"","overlay-color":"","overlay-opacity":"","overlay-gradient":""}},"ast-content-background-meta":{"desktop":{"background-color":"var(--ast-global-color-5)","background-image":"","background-repeat":"repeat","background-position":"center center","background-size":"auto","background-attachment":"scroll","background-type":"","background-media":"","overlay-type":"","overlay-color":"","overlay-opacity":"","overlay-gradient":""},"tablet":{"background-color":"var(--ast-global-color-5)","background-image":"","background-repeat":"repeat","background-position":"center center","background-size":"auto","background-attachment":"scroll","background-type":"","background-media":"","overlay-type":"","overlay-color":"","overlay-opacity":"","overlay-gradient":""},"mobile":{"background-color":"var(--ast-global-color-5)","background-image":"","background-repeat":"repeat","background-position":"center center","background-size":"auto","background-attachment":"scroll","background-type":"","background-media":"","overlay-type":"","overlay-color":"","overlay-opacity":"","overlay-gradient":""}}},"product_brand":[],"product_cat":[328,457],"product_tag":[],"class_list":{"0":"post-68889","1":"product","2":"type-product","3":"status-publish","4":"has-post-thumbnail","6":"product_cat-comprar-flores-de-cbd-y-cogollos-de-cbd","7":"product_cat-ready-to-roll","8":"desktop-align-center","9":"tablet-align-center","10":"mobile-align-center","12":"first","13":"instock","14":"taxable","15":"shipping-taxable","16":"purchasable","17":"product-type-simple"},"acf":[],"yoast_head":"<!-- This site is optimized with the Yoast SEO Premium plugin v27.3 (Yoast SEO v27.3) - https:\/\/yoast.com\/product\/yoast-seo-premium-wordpress\/ -->\n<title>Picadura de Flores CBD Lemon Haze | Iguana Smoke<\/title>\n<meta name=\"description\" content=\"Prueba nuestra Picadura de Flores CBD Lemon Haze para disfrutar de un terpeno inconfundible. Esta picadura de c\u00e1\u00f1amo no es Trim CBD, \u00a1pru\u00e9balo ahora!\" \/>\n<meta name=\"robots\" content=\"index, follow, max-snippet:-1, max-image-preview:large, max-video-preview:-1\" \/>\n<link rel=\"canonical\" href=\"https:\/\/iguanasmoke.com\/fr\/produit\/cbd-flowers-ready-to-roll-lemon-haze-15gr\/\" \/>\n<meta property=\"og:locale\" content=\"fr_FR\" \/>\n<meta property=\"og:type\" content=\"article\" \/>\n<meta property=\"og:title\" content=\"Picadura de Flores CBD | Ready to Roll 15gr - Lemon Haze\" \/>\n<meta property=\"og:description\" content=\"Formato Ready To Roll Lemon Haze, 15g.  Flores Picadas de CBD de c\u00e1\u00f1amo org\u00e1nico  No es Trim ni Tamizado  CBD: 15% \/ THC: &lt; 0,3%  Pouch transportable anti-olor listo para usar  Con terpenos de Lemon Haze  100% legal en Espa\u00f1a y Europa  Consulta el an\u00e1lisis de calidad\" \/>\n<meta property=\"og:url\" content=\"https:\/\/iguanasmoke.com\/fr\/produit\/cbd-flowers-ready-to-roll-lemon-haze-15gr\/\" \/>\n<meta property=\"og:site_name\" content=\"Iguana Smoke\" \/>\n<meta property=\"article:publisher\" content=\"https:\/\/www.facebook.com\/iguanasmoke\" \/>\n<meta property=\"article:modified_time\" content=\"2026-03-15T21:38:36+00:00\" \/>\n<meta property=\"og:image\" content=\"https:\/\/iguanasmoke.com\/wp-content\/uploads\/2025\/11\/RTR-Lemon-haze-frente-montoncito-scaled.webp\" \/>\n\t<meta property=\"og:image:width\" content=\"2560\" \/>\n\t<meta property=\"og:image:height\" content=\"2560\" \/>\n\t<meta property=\"og:image:type\" content=\"image\/webp\" \/>\n<meta name=\"twitter:card\" content=\"summary_large_image\" \/>\n<meta name=\"twitter:label1\" content=\"Prix\" \/>\n\t<meta name=\"twitter:data1\" content=\"15,00&nbsp;&euro;\" \/>\n\t<meta name=\"twitter:label2\" content=\"Disponibilit\u00e9\" \/>\n\t<meta name=\"twitter:data2\" content=\"En stock\" \/>\n<meta property=\"product:brand\" content=\"simple\" \/>\n<meta property=\"product:price:amount\" content=\"15.00\" \/>\n<meta property=\"product:price:currency\" content=\"EUR\" \/>\n<meta property=\"og:availability\" content=\"instock\" \/>\n<meta property=\"product:availability\" content=\"instock\" \/>\n<meta property=\"product:retailer_item_id\" content=\"IS-READYTOROLLLEM\" \/>\n<meta property=\"product:condition\" content=\"new\" \/>\n<!-- \/ Yoast SEO Premium plugin. -->","yoast_head_json":{"title":"CBD Lemon Haze Flower Sting | Iguana Smoke","description":"Essayez notre CBD Lemon Haze Flower Stash pour un terp\u00e8ne incomparable. Cette piq\u00fbre de chanvre n'est pas Trim CBD, essayez-la maintenant !","robots":{"index":"index","follow":"follow","max-snippet":"max-snippet:-1","max-image-preview":"max-image-preview:large","max-video-preview":"max-video-preview:-1"},"canonical":"https:\/\/iguanasmoke.com\/fr\/produit\/cbd-flowers-ready-to-roll-lemon-haze-15gr\/","og_locale":"fr_FR","og_type":"article","og_title":"Picadura de Flores CBD | Ready to Roll 15gr - Lemon Haze","og_description":"Formato Ready To Roll Lemon Haze, 15g.  Flores Picadas de CBD de c\u00e1\u00f1amo org\u00e1nico  No es Trim ni Tamizado  CBD: 15% \/ THC: &lt; 0,3%  Pouch transportable anti-olor listo para usar  Con terpenos de Lemon Haze  100% legal en Espa\u00f1a y Europa  Consulta el an\u00e1lisis de calidad","og_url":"https:\/\/iguanasmoke.com\/fr\/produit\/cbd-flowers-ready-to-roll-lemon-haze-15gr\/","og_site_name":"Iguana Smoke","article_publisher":"https:\/\/www.facebook.com\/iguanasmoke","article_modified_time":"2026-03-15T21:38:36+00:00","og_image":[{"width":2560,"height":2560,"url":"https:\/\/iguanasmoke.com\/wp-content\/uploads\/2025\/11\/RTR-Lemon-haze-frente-montoncito-scaled.webp","type":"image\/webp"}],"twitter_card":"summary_large_image","twitter_misc":{"Prix":"15,00&nbsp;&euro;","Disponibilit\u00e9":"En stock"},"schema":{"@context":"https:\/\/schema.org","@graph":[{"@type":"WebPage","@id":"https:\/\/iguanasmoke.com\/producto\/flores-de-cbd-ready-to-roll-lemon-haze-15gr\/","url":"https:\/\/iguanasmoke.com\/producto\/flores-de-cbd-ready-to-roll-lemon-haze-15gr\/","name":"CBD Lemon Haze Flower Sting | Iguana Smoke","isPartOf":{"@id":"https:\/\/iguanasmoke.com\/#website"},"primaryImageOfPage":{"@id":"https:\/\/iguanasmoke.com\/producto\/flores-de-cbd-ready-to-roll-lemon-haze-15gr\/#primaryimage"},"image":{"@id":"https:\/\/iguanasmoke.com\/producto\/flores-de-cbd-ready-to-roll-lemon-haze-15gr\/#primaryimage"},"thumbnailUrl":"https:\/\/iguanasmoke.com\/wp-content\/uploads\/2025\/11\/RTR-Lemon-haze-frente-montoncito-scaled.webp","datePublished":"2025-11-03T13:47:46+00:00","dateModified":"2026-03-15T21:38:36+00:00","description":"Essayez notre CBD Lemon Haze Flower Stash pour un terp\u00e8ne incomparable. Cette piq\u00fbre de chanvre n'est pas Trim CBD, essayez-la maintenant !","breadcrumb":{"@id":"https:\/\/iguanasmoke.com\/producto\/flores-de-cbd-ready-to-roll-lemon-haze-15gr\/#breadcrumb"},"inLanguage":"fr-FR","potentialAction":[{"@type":"ReadAction","target":["https:\/\/iguanasmoke.com\/producto\/flores-de-cbd-ready-to-roll-lemon-haze-15gr\/"]}]},{"@type":"ImageObject","inLanguage":"fr-FR","@id":"https:\/\/iguanasmoke.com\/producto\/flores-de-cbd-ready-to-roll-lemon-haze-15gr\/#primaryimage","url":"https:\/\/iguanasmoke.com\/wp-content\/uploads\/2025\/11\/RTR-Lemon-haze-frente-montoncito-scaled.webp","contentUrl":"https:\/\/iguanasmoke.com\/wp-content\/uploads\/2025\/11\/RTR-Lemon-haze-frente-montoncito-scaled.webp","width":2560,"height":2560,"caption":"ready to roll Picadura de Flores CBD y ready lemon haze"},{"@type":"BreadcrumbList","@id":"https:\/\/iguanasmoke.com\/producto\/flores-de-cbd-ready-to-roll-lemon-haze-15gr\/#breadcrumb","itemListElement":[{"@type":"ListItem","position":1,"name":"home","item":"https:\/\/iguanasmoke.com\/"},{"@type":"ListItem","position":2,"name":"Tienda","item":"https:\/\/iguanasmoke.com\/tienda\/"},{"@type":"ListItem","position":3,"name":"Ready to Roll","item":"https:\/\/iguanasmoke.com\/categoria\/ready-to-roll\/"},{"@type":"ListItem","position":4,"name":"Picadura de Flores CBD | Ready to Roll 15gr &#8211; Lemon Haze"}]},{"@type":"WebSite","@id":"https:\/\/iguanasmoke.com\/#website","url":"https:\/\/iguanasmoke.com\/","name":"Fum\u00e9e d'iguane","description":"Acheter du CBD en ligne au meilleur prix","publisher":{"@id":"https:\/\/iguanasmoke.com\/#organization"},"potentialAction":[{"@type":"SearchAction","target":{"@type":"EntryPoint","urlTemplate":"https:\/\/iguanasmoke.com\/?s={search_term_string}"},"query-input":{"@type":"PropertyValueSpecification","valueRequired":true,"valueName":"search_term_string"}}],"inLanguage":"fr-FR"},{"@type":"Organization","@id":"https:\/\/iguanasmoke.com\/#organization","name":"Fum\u00e9e d'iguane","url":"https:\/\/iguanasmoke.com\/","logo":{"@type":"ImageObject","inLanguage":"fr-FR","@id":"https:\/\/iguanasmoke.com\/#\/schema\/logo\/image\/","url":"https:\/\/iguanasmoke.com\/wp-content\/uploads\/2025\/01\/logoiguana-favi-1.png","contentUrl":"https:\/\/iguanasmoke.com\/wp-content\/uploads\/2025\/01\/logoiguana-favi-1.png","width":512,"height":512,"caption":"Iguana Smoke"},"image":{"@id":"https:\/\/iguanasmoke.com\/#\/schema\/logo\/image\/"},"sameAs":["https:\/\/www.facebook.com\/iguanasmoke","https:\/\/www.instagram.com\/iguanasmoke\/"]}]},"product_brand":"simple","product_price_amount":"15.00","product_price_currency":"EUR","og_availability":"instock","product_availability":"instock","product_retailer_item_id":"IS-READYTOROLLLEM","product_condition":"new"},"_links":{"self":[{"href":"https:\/\/iguanasmoke.com\/fr\/wp-json\/wp\/v2\/product\/68889","targetHints":{"allow":["GET"]}}],"collection":[{"href":"https:\/\/iguanasmoke.com\/fr\/wp-json\/wp\/v2\/product"}],"about":[{"href":"https:\/\/iguanasmoke.com\/fr\/wp-json\/wp\/v2\/types\/product"}],"replies":[{"embeddable":true,"href":"https:\/\/iguanasmoke.com\/fr\/wp-json\/wp\/v2\/comments?post=68889"}],"wp:featuredmedia":[{"embeddable":true,"href":"https:\/\/iguanasmoke.com\/fr\/wp-json\/wp\/v2\/media\/69083"}],"wp:attachment":[{"href":"https:\/\/iguanasmoke.com\/fr\/wp-json\/wp\/v2\/media?parent=68889"}],"wp:term":[{"taxonomy":"product_brand","embeddable":true,"href":"https:\/\/iguanasmoke.com\/fr\/wp-json\/wp\/v2\/product_brand?post=68889"},{"taxonomy":"product_cat","embeddable":true,"href":"https:\/\/iguanasmoke.com\/fr\/wp-json\/wp\/v2\/product_cat?post=68889"},{"taxonomy":"product_tag","embeddable":true,"href":"https:\/\/iguanasmoke.com\/fr\/wp-json\/wp\/v2\/product_tag?post=68889"}],"curies":[{"name":"wp","href":"https:\/\/api.w.org\/{rel}","templated":true}]}}