{"id":69671,"date":"2025-11-13T15:54:45","date_gmt":"2025-11-13T14:54:45","guid":{"rendered":"https:\/\/iguanasmoke.com\/?post_type=product&#038;p=69671"},"modified":"2026-03-16T10:48:11","modified_gmt":"2026-03-16T09:48:11","slug":"space-hash-bubblegum-e8h","status":"publish","type":"product","link":"https:\/\/iguanasmoke.com\/fr\/producto\/space-hash-bubblegum-e8h\/","title":{"rendered":"Espace Hash Bubblegum E8H"},"content":{"rendered":"<h1><span style=\"font-weight: 400\">Space Hash Bubblegum E8H : La nouvelle mol\u00e9cule<\/span><\/h1>\n<p><span style=\"font-weight: 400\">Bienvenue dans le futur, nous vous pr\u00e9sentons le nouveau membre de la famille. <em>Espace Hash<\/em>, Le haschisch sans THC vous fera vivre une exp\u00e9rience qui ne vient pas de cette plan\u00e8te (haschisch sans THC). Le <strong>Espace Hash Bubblegum E8H<\/strong> est le joyau de la couronne.<\/span><\/p>\n<ul>\n<li>Il s'agit d'un produit s\u00fbr qui r\u00e9pond aux normes l\u00e9gales, avec moins de 0,3% THC.<\/li>\n<li>En outre, il ne contient aucun produit chimique ou additif artificiel.<\/li>\n<li>Enrichi avec la mol\u00e9cule E8H.<\/li>\n<li>Id\u00e9al pour les consommateurs exigeants et les amateurs de haschisch de qualit\u00e9 sup\u00e9rieure.<\/li>\n<li>Qualit\u00e9 test\u00e9e par des laboratoires ind\u00e9pendants <a href=\"https:\/\/iguanasmoke.com\/fr\/analyse-2\/\">ici<\/a>.<\/li>\n<\/ul>\n<p>&nbsp;<\/p>\n<h2><strong>Qu'est-ce que la mol\u00e9cule E8H ?<\/strong><\/h2>\n<p><span style=\"font-weight: 400\">Il a \u00e9t\u00e9 con\u00e7u pour offrir une <strong>exp\u00e9rience<\/strong> <strong>seulement<\/strong>, <strong>tr\u00e8s similaire \u00e0 celle du HHC<\/strong>. Cependant, contrairement \u00e0 ce que vous connaissez d\u00e9j\u00e0, cette mol\u00e9cule de pointe offre une exp\u00e9rience unique qui changera vos attentes - c'est votre haschisch sans THC. <\/span><\/p>\n<p><span style=\"font-weight: 400\">Il est unique, il faut l'essayer pour en faire l'exp\u00e9rience ! Son d\u00e9veloppement r\u00e9cent le place dans un cadre r\u00e9glementaire en \u00e9volution, ouvrant de nouvelles possibilit\u00e9s dans le monde du vapotage. <\/span><\/p>\n<p><span style=\"font-weight: 400\">Bien que les effets puissent varier d'une personne \u00e0 l'autre, les exp\u00e9riences sont souvent les suivantes :<\/span><\/p>\n<ul>\n<li>Exp\u00e9riences similaires \u00e0 celles du THC, une sensation agr\u00e9able.<\/li>\n<li>Relaxation g\u00e9n\u00e9rale et r\u00e9duction du stress<\/li>\n<li>Sentiment de calme ou de bien-\u00eatre.<\/li>\n<\/ul>\n<p>&nbsp;<\/p>\n<h2>Caract\u00e9ristiques du Space Hash Bubblegum E8H :<\/h2>\n<ul>\n<li><span style=\"font-size: 16px;font-weight: 400\"><strong>Ar\u00f4me et go\u00fbt :<\/strong> Il d\u00e9gage une <strong>ar\u00f4me et go\u00fbt subtils<\/strong> <strong>enveloppe<\/strong> d\u00e8s le d\u00e9but, qui n'est pas \u00e9touffant. L'effet est savoureux et \u00e9quilibr\u00e9.<\/span><\/li>\n<li><strong>Origine et puret\u00e9 :<\/strong> <span style=\"font-size: 16px;font-weight: 400\">Cette r\u00e9sine de grande puret\u00e9 capture les trichomes des meilleures fleurs fra\u00eeches (\u00e0 partir de glace et d'eau). Une extraction propre qui pr\u00e9serve tous les terp\u00e8nes du cannabis. On y ajoute de l'E8H, un cannabino\u00efde similaire au HHC, pour cr\u00e9er un haschisch unique.<\/span><\/li>\n<li><span style=\"font-size: 16px;font-weight: 400\"><strong>Aspect et texture :<\/strong>\u00a0 Sa couleur brun fonc\u00e9 et son aspect compact mais modelable en font un hachis attrayant pour ceux qui appr\u00e9cient la qualit\u00e9 visuelle. D'une texture facile \u00e0 manipuler, il est parfait pour \u00eatre d\u00e9gust\u00e9 seul ou \u00e0 plusieurs.\u00a0<\/span><\/li>\n<\/ul>\n<p>&nbsp;<\/p>\n<h3><b>Pourquoi acheter du haschisch et de la r\u00e9sine E8H chez Iguana Smoke ?<\/b><\/h3>\n<p><span style=\"font-weight: 400\">Chez Iguana Smoke, nous nous engageons sur la qualit\u00e9. Nos produits E8H combinent le meilleur des deux mondes : le chanvre naturel 100% et les cannabino\u00efdes les plus innovants, offrant une alternative s\u00fbre et l\u00e9gale sans effets psychoactifs. <\/span><strong>Space Hash Bubblegum E8H se distingue vraiment dans le monde des cannabino\u00efdes et est un haschisch sans THC.<\/strong><\/p>\n<p>Soyez assur\u00e9 que chaque unit\u00e9 de notre haschisch E8H est fabriqu\u00e9e \u00e0 partir de mati\u00e8res premi\u00e8res respectueuses de l'environnement et subit des tests en laboratoire pour en garantir la puret\u00e9 et la s\u00e9curit\u00e9.<span style=\"font-weight: 400\"> N'oubliez pas qu'Iguana Smoke est votre lieu s\u00fbr. <strong>o\u00f9 acheter du haschisch CBD et de l'E8H en Espagne : <\/strong>Produits approuv\u00e9s par l'UE, contenant moins de 0,3 % THC, pour une exp\u00e9rience authentique et l\u00e9gale.\u00a0<\/span><\/p>\n<p><span style=\"font-weight: 400\">Vous pouvez consulter l'analyse de la qualit\u00e9 de ce hachis. <a href=\"https:\/\/iguanasmoke.com\/fr\/lanalyse\/\">ici<\/a>.\u00a0<\/span><\/p>\n<p><span style=\"font-weight: 400\">De plus, si vous aimez nos r\u00e9sines CBD plus traditionnelles, comme le <a href=\"https:\/\/iguanasmoke.com\/fr\/produit\/hash-cbd-amnesia\/\">hash amnesia cbd<\/a> vous <\/span><span style=\"font-weight: 400\">nous veillons \u00e0 ce que les <strong>Espace Hash Bubblegum E8H<\/strong> vous \u00e9clairera les sens. N'oubliez pas non plus d'essayer d'autres produits TOP tels que le <a href=\"https:\/\/iguanasmoke.com\/fr\/produit\/flor-gelato-stv-20\/\">Fleurs STV 20%<\/a> et le <a href=\"https:\/\/iguanasmoke.com\/fr\/categorie\/nouvelles-molecules\/\">Espace Vapes E8H<\/a>. <\/span><\/p>\n<p><span style=\"font-weight: 400\">En bref, explorez notre vari\u00e9t\u00e9 et trouvez vos favoris d\u00e8s maintenant.\u00a0<\/span><\/p>\n<p>&nbsp;<\/p>\n<h3><b>Iguana Smoke est synonyme de qualit\u00e9 et de fiabilit\u00e9.<\/b><\/h3>\n<p><span style=\"font-weight: 400\">Chez Iguana Smoke, nous pensons que la consommation de E8H doit \u00eatre une exp\u00e9rience s\u00fbre et agr\u00e9able. C'est pourquoi nous proposons des produits de haute qualit\u00e9 qui s'adressent aux nouvelles g\u00e9n\u00e9rations : des personnes qui recherchent le bien-\u00eatre sans complications, avec des marques authentiques et fiables. N'oubliez pas que tous nos produits sont du haschisch<strong>\u00a0Sans THC, HHC ni THCP<\/strong>, tels que le <strong>Espace Hash Bubblegum E8H <\/strong>que vous vous appr\u00eatez \u00e0 ramener \u00e0 la maison.<\/span><\/p>\n<p>Vous savez, notre mission est claire : vous apporter le meilleur du monde des cannabino\u00efdes \u00e0 un prix \u00e9quitable, avec la tranquillit\u00e9 d'esprit de savoir que vous choisissez un produit certifi\u00e9, efficace et 100% l\u00e9gal. Nous sommes \u00e0 l'avant-garde des produits CBD.<\/p>\n<p>Vous avez encore des doutes ? Ecrivez-nous et nous nous ferons un plaisir de vous aider \u00e0 trouver le produit qui vous convient.<\/p>\n<p>&nbsp;<\/p>\n<p>*<em><span style=\"font-weight: 400\">N'oubliez pas que son utilisation est destin\u00e9e \u00e0 la collecte ou \u00e0 l'aromath\u00e9rapie, conform\u00e9ment \u00e0 la l\u00e9gislation espagnole.\u00a0<\/span><\/em><\/p>","protected":false},"excerpt":{"rendered":"<p><span style=\"font-weight: 400\">Space Hash Bubblegum E8H est aromatique, savoureux. Enrichi de la mol\u00e9cule E8H, il vous fera voler et appr\u00e9cier.\u00a0<\/span><\/p>\n<ul>\n<li><strong style=\"font-size: 16px;font-style: normal\">Couleur brun fonc\u00e9 et texture agr\u00e9able<\/strong><\/li>\n<li><strong>Moins de 0,3% THC - 100% l\u00e9gal en Europe<\/strong><\/li>\n<li><strong>Production naturelle<\/strong>- Pas de pesticides ni de produits chimiques artificiels<\/li>\n<\/ul>\n<p>Analyse de la qualit\u00e9 : cliquez\u00a0<a href=\"https:\/\/iguanasmoke.com\/fr\/lanalyse\/\" target=\"_blank\" rel=\"noopener\">ici<\/a><\/p>","protected":false},"featured_media":69675,"comment_status":"open","ping_status":"closed","template":"","meta":{"_acf_changed":false,"site-sidebar-layout":"default","site-content-layout":"","ast-site-content-layout":"default","site-content-style":"default","site-sidebar-style":"default","ast-global-header-display":"","ast-banner-title-visibility":"","ast-main-header-display":"","ast-hfb-above-header-display":"","ast-hfb-below-header-display":"","ast-hfb-mobile-header-display":"","site-post-title":"","ast-breadcrumbs-content":"","ast-featured-img":"","footer-sml-layout":"","theme-transparent-header-meta":"default","adv-header-id-meta":"","stick-header-meta":"","header-above-stick-meta":"","header-main-stick-meta":"","header-below-stick-meta":"","astra-migrate-meta-layouts":"set","ast-page-background-enabled":"default","ast-page-background-meta":{"desktop":{"background-color":"var(--ast-global-color-4)","background-image":"","background-repeat":"repeat","background-position":"center center","background-size":"auto","background-attachment":"scroll","background-type":"","background-media":"","overlay-type":"","overlay-color":"","overlay-opacity":"","overlay-gradient":""},"tablet":{"background-color":"","background-image":"","background-repeat":"repeat","background-position":"center center","background-size":"auto","background-attachment":"scroll","background-type":"","background-media":"","overlay-type":"","overlay-color":"","overlay-opacity":"","overlay-gradient":""},"mobile":{"background-color":"","background-image":"","background-repeat":"repeat","background-position":"center center","background-size":"auto","background-attachment":"scroll","background-type":"","background-media":"","overlay-type":"","overlay-color":"","overlay-opacity":"","overlay-gradient":""}},"ast-content-background-meta":{"desktop":{"background-color":"var(--ast-global-color-5)","background-image":"","background-repeat":"repeat","background-position":"center center","background-size":"auto","background-attachment":"scroll","background-type":"","background-media":"","overlay-type":"","overlay-color":"","overlay-opacity":"","overlay-gradient":""},"tablet":{"background-color":"var(--ast-global-color-5)","background-image":"","background-repeat":"repeat","background-position":"center center","background-size":"auto","background-attachment":"scroll","background-type":"","background-media":"","overlay-type":"","overlay-color":"","overlay-opacity":"","overlay-gradient":""},"mobile":{"background-color":"var(--ast-global-color-5)","background-image":"","background-repeat":"repeat","background-position":"center center","background-size":"auto","background-attachment":"scroll","background-type":"","background-media":"","overlay-type":"","overlay-color":"","overlay-opacity":"","overlay-gradient":""}}},"product_brand":[],"product_cat":[627,397,628],"product_tag":[],"class_list":{"0":"post-69671","1":"product","2":"type-product","3":"status-publish","4":"has-post-thumbnail","6":"product_cat-e8h","7":"product_cat-hash-cbd","8":"product_cat-nuevas-moleculas","9":"desktop-align-center","10":"tablet-align-center","11":"mobile-align-center","13":"first","14":"instock","15":"taxable","16":"shipping-taxable","17":"purchasable","18":"product-type-variable"},"acf":[],"yoast_head":"<!-- This site is optimized with the Yoast SEO Premium plugin v27.3 (Yoast SEO v27.3) - https:\/\/yoast.com\/product\/yoast-seo-premium-wordpress\/ -->\n<title>Space Hash Bubblegum E8H: vive la experiencia similar al HHC<\/title>\n<meta name=\"description\" content=\"\u00a1Bienvenido al futuro con el Space Hash Bubblegum E8H! Un producto legal, seguro y lleno de sabor, es tu hach\u00eds sin THC. Prueba la alegr\u00eda sin aditivos.\" \/>\n<meta name=\"robots\" content=\"index, follow, max-snippet:-1, max-image-preview:large, max-video-preview:-1\" \/>\n<link rel=\"canonical\" href=\"https:\/\/iguanasmoke.com\/fr\/produit\/space-hash-bubblegum-e8h\/\" \/>\n<meta property=\"og:locale\" content=\"fr_FR\" \/>\n<meta property=\"og:type\" content=\"article\" \/>\n<meta property=\"og:title\" content=\"Space Hash Bubblegum E8H\" \/>\n<meta property=\"og:description\" content=\"El Space Hash Bubblegum E8H es arom\u00e1tico, sabroso. Enriquecido con la mol\u00e9cula E8H, que te har\u00e1 volar y disfrutar.\u00a0   Color marr\u00f3n oscuro y textura agradable  Menos de 0,3% de THC \u2013 100% legal en toda Europa  Producci\u00f3n natural\u2013 Sin pesticidas ni qu\u00edmicos artificiales  An\u00e1lisis de calidad: pincha\u00a0aqu\u00ed\" \/>\n<meta property=\"og:url\" content=\"https:\/\/iguanasmoke.com\/fr\/produit\/space-hash-bubblegum-e8h\/\" \/>\n<meta property=\"og:site_name\" content=\"Iguana Smoke\" \/>\n<meta property=\"article:publisher\" content=\"https:\/\/www.facebook.com\/iguanasmoke\" \/>\n<meta property=\"article:modified_time\" content=\"2026-03-16T09:48:11+00:00\" \/>\n<meta property=\"og:image\" content=\"https:\/\/iguanasmoke.com\/wp-content\/uploads\/2025\/11\/Bubllegum-2g-con-resina.webp\" \/>\n\t<meta property=\"og:image:width\" content=\"1000\" \/>\n\t<meta property=\"og:image:height\" content=\"1000\" \/>\n\t<meta property=\"og:image:type\" content=\"image\/webp\" \/>\n<meta name=\"twitter:card\" content=\"summary_large_image\" \/>\n<meta name=\"twitter:label1\" content=\"Disponibilit\u00e9\" \/>\n\t<meta name=\"twitter:data1\" content=\"En stock\" \/>\n<meta property=\"product:brand\" content=\"variable\" \/>\n<meta property=\"og:availability\" content=\"instock\" \/>\n<meta property=\"product:availability\" content=\"instock\" \/>\n<meta property=\"product:condition\" content=\"new\" \/>\n<!-- \/ Yoast SEO Premium plugin. -->","yoast_head_json":{"title":"Space Hash Bubblegum E8H : vivez l'exp\u00e9rience du HHC","description":"Bienvenue dans le futur avec Space Hash Bubblegum E8H, un produit l\u00e9gal, s\u00fbr et savoureux, votre haschisch sans THC. Go\u00fbtez \u00e0 la joie sans additifs.","robots":{"index":"index","follow":"follow","max-snippet":"max-snippet:-1","max-image-preview":"max-image-preview:large","max-video-preview":"max-video-preview:-1"},"canonical":"https:\/\/iguanasmoke.com\/fr\/produit\/space-hash-bubblegum-e8h\/","og_locale":"fr_FR","og_type":"article","og_title":"Space Hash Bubblegum E8H","og_description":"El Space Hash Bubblegum E8H es arom\u00e1tico, sabroso. Enriquecido con la mol\u00e9cula E8H, que te har\u00e1 volar y disfrutar.\u00a0   Color marr\u00f3n oscuro y textura agradable  Menos de 0,3% de THC \u2013 100% legal en toda Europa  Producci\u00f3n natural\u2013 Sin pesticidas ni qu\u00edmicos artificiales  An\u00e1lisis de calidad: pincha\u00a0aqu\u00ed","og_url":"https:\/\/iguanasmoke.com\/fr\/produit\/space-hash-bubblegum-e8h\/","og_site_name":"Iguana Smoke","article_publisher":"https:\/\/www.facebook.com\/iguanasmoke","article_modified_time":"2026-03-16T09:48:11+00:00","og_image":[{"width":1000,"height":1000,"url":"https:\/\/iguanasmoke.com\/wp-content\/uploads\/2025\/11\/Bubllegum-2g-con-resina.webp","type":"image\/webp"}],"twitter_card":"summary_large_image","twitter_misc":{"Disponibilit\u00e9":"En stock"},"schema":{"@context":"https:\/\/schema.org","@graph":[{"@type":"WebPage","@id":"https:\/\/iguanasmoke.com\/producto\/space-hash-bubblegum-e8h\/","url":"https:\/\/iguanasmoke.com\/producto\/space-hash-bubblegum-e8h\/","name":"Space Hash Bubblegum E8H : vivez l'exp\u00e9rience du HHC","isPartOf":{"@id":"https:\/\/iguanasmoke.com\/#website"},"primaryImageOfPage":{"@id":"https:\/\/iguanasmoke.com\/producto\/space-hash-bubblegum-e8h\/#primaryimage"},"image":{"@id":"https:\/\/iguanasmoke.com\/producto\/space-hash-bubblegum-e8h\/#primaryimage"},"thumbnailUrl":"https:\/\/iguanasmoke.com\/wp-content\/uploads\/2025\/11\/Bubllegum-2g-con-resina.webp","datePublished":"2025-11-13T14:54:45+00:00","dateModified":"2026-03-16T09:48:11+00:00","description":"Bienvenue dans le futur avec Space Hash Bubblegum E8H, un produit l\u00e9gal, s\u00fbr et savoureux, votre haschisch sans THC. Go\u00fbtez \u00e0 la joie sans additifs.","breadcrumb":{"@id":"https:\/\/iguanasmoke.com\/producto\/space-hash-bubblegum-e8h\/#breadcrumb"},"inLanguage":"fr-FR","potentialAction":[{"@type":"ReadAction","target":["https:\/\/iguanasmoke.com\/producto\/space-hash-bubblegum-e8h\/"]}]},{"@type":"ImageObject","inLanguage":"fr-FR","@id":"https:\/\/iguanasmoke.com\/producto\/space-hash-bubblegum-e8h\/#primaryimage","url":"https:\/\/iguanasmoke.com\/wp-content\/uploads\/2025\/11\/Bubllegum-2g-con-resina.webp","contentUrl":"https:\/\/iguanasmoke.com\/wp-content\/uploads\/2025\/11\/Bubllegum-2g-con-resina.webp","width":1000,"height":1000,"caption":"Space hash bubblegum E8H comprar hachis legal."},{"@type":"BreadcrumbList","@id":"https:\/\/iguanasmoke.com\/producto\/space-hash-bubblegum-e8h\/#breadcrumb","itemListElement":[{"@type":"ListItem","position":1,"name":"home","item":"https:\/\/iguanasmoke.com\/"},{"@type":"ListItem","position":2,"name":"Tienda","item":"https:\/\/iguanasmoke.com\/tienda\/"},{"@type":"ListItem","position":3,"name":"Nuevas Mol\u00e9culas","item":"https:\/\/iguanasmoke.com\/categoria\/nuevas-moleculas\/"},{"@type":"ListItem","position":4,"name":"E8H","item":"https:\/\/iguanasmoke.com\/categoria\/nuevas-moleculas\/e8h\/"},{"@type":"ListItem","position":5,"name":"Space Hash Bubblegum E8H"}]},{"@type":"WebSite","@id":"https:\/\/iguanasmoke.com\/#website","url":"https:\/\/iguanasmoke.com\/","name":"Fum\u00e9e d'iguane","description":"Acheter du CBD en ligne au meilleur prix","publisher":{"@id":"https:\/\/iguanasmoke.com\/#organization"},"potentialAction":[{"@type":"SearchAction","target":{"@type":"EntryPoint","urlTemplate":"https:\/\/iguanasmoke.com\/?s={search_term_string}"},"query-input":{"@type":"PropertyValueSpecification","valueRequired":true,"valueName":"search_term_string"}}],"inLanguage":"fr-FR"},{"@type":"Organization","@id":"https:\/\/iguanasmoke.com\/#organization","name":"Fum\u00e9e d'iguane","url":"https:\/\/iguanasmoke.com\/","logo":{"@type":"ImageObject","inLanguage":"fr-FR","@id":"https:\/\/iguanasmoke.com\/#\/schema\/logo\/image\/","url":"https:\/\/iguanasmoke.com\/wp-content\/uploads\/2025\/01\/logoiguana-favi-1.png","contentUrl":"https:\/\/iguanasmoke.com\/wp-content\/uploads\/2025\/01\/logoiguana-favi-1.png","width":512,"height":512,"caption":"Iguana Smoke"},"image":{"@id":"https:\/\/iguanasmoke.com\/#\/schema\/logo\/image\/"},"sameAs":["https:\/\/www.facebook.com\/iguanasmoke","https:\/\/www.instagram.com\/iguanasmoke\/"]}]},"product_brand":"variable","og_availability":"instock","product_availability":"instock","product_condition":"new"},"_links":{"self":[{"href":"https:\/\/iguanasmoke.com\/fr\/wp-json\/wp\/v2\/product\/69671","targetHints":{"allow":["GET"]}}],"collection":[{"href":"https:\/\/iguanasmoke.com\/fr\/wp-json\/wp\/v2\/product"}],"about":[{"href":"https:\/\/iguanasmoke.com\/fr\/wp-json\/wp\/v2\/types\/product"}],"replies":[{"embeddable":true,"href":"https:\/\/iguanasmoke.com\/fr\/wp-json\/wp\/v2\/comments?post=69671"}],"wp:featuredmedia":[{"embeddable":true,"href":"https:\/\/iguanasmoke.com\/fr\/wp-json\/wp\/v2\/media\/69675"}],"wp:attachment":[{"href":"https:\/\/iguanasmoke.com\/fr\/wp-json\/wp\/v2\/media?parent=69671"}],"wp:term":[{"taxonomy":"product_brand","embeddable":true,"href":"https:\/\/iguanasmoke.com\/fr\/wp-json\/wp\/v2\/product_brand?post=69671"},{"taxonomy":"product_cat","embeddable":true,"href":"https:\/\/iguanasmoke.com\/fr\/wp-json\/wp\/v2\/product_cat?post=69671"},{"taxonomy":"product_tag","embeddable":true,"href":"https:\/\/iguanasmoke.com\/fr\/wp-json\/wp\/v2\/product_tag?post=69671"}],"curies":[{"name":"wp","href":"https:\/\/api.w.org\/{rel}","templated":true}]}}