{"id":73705,"date":"2026-01-08T19:31:31","date_gmt":"2026-01-08T18:31:31","guid":{"rendered":"https:\/\/iguanasmoke.com\/?post_type=product&#038;p=73705"},"modified":"2026-03-01T15:25:07","modified_gmt":"2026-03-01T14:25:07","slug":"cbd-vape-ipuff-starter-pack-gelato-1ml","status":"publish","type":"product","link":"https:\/\/iguanasmoke.com\/fr\/producto\/cbd-vape-ipuff-starter-pack-gelato-1ml\/","title":{"rendered":"Vape CBD I-Puff Starter Pack - Gelato 1ml"},"content":{"rendered":"<h1 data-start=\"1609\" data-end=\"1642\"><span style=\"font-weight: 400\">Vape CBD I-Puff Starter Pack - Gelato 1ml<\/span><\/h1>\n<h3 data-start=\"335\" data-end=\"375\">D\u00e9couvrez l'avenir du vapotage avec le CBD<\/h3>\n<p><span style=\"font-weight: 400\">Vous recherchez un vaporisateur de CBD \u00e0 spectre complet de haute qualit\u00e9 qui allie performance, saveur et fiabilit\u00e9 ? La vape permet <strong>Vape CBD I-Puff Starter Pack - Gelato 1ml <\/strong>est le choix id\u00e9al.  Cet appareil a \u00e9t\u00e9 con\u00e7u pour les utilisateurs qui recherchent un syst\u00e8me avanc\u00e9, durable, viable et orient\u00e9 vers une utilisation durable de l'eau. <strong>exp\u00e9rience de vaporisation sup\u00e9rieure. <\/strong><\/span><\/p>\n<p><span style=\"font-weight: 400\">Gr\u00e2ce \u00e0 son syst\u00e8me de vaporisation avanc\u00e9 et innovant avec <strong>Technologie CCELL<\/strong>, cette <strong>Pack de d\u00e9marrage<\/strong> combine un <strong>batterie rechargeable haute performance<\/strong> avec <strong>Capsules de remplacement interchangeables de 1ml<\/strong>, pr\u00e9charg\u00e9 avec de l'extrait de CBD \u00e0 spectre complet. <\/span><\/p>\n<p><span style=\"font-weight: 400\">Par cons\u00e9quent, il offre une <strong>une alternative plus intelligente, plus propre et plus durable<\/strong> contre les vapers jetables, en se positionnant comme l'un des vapers les plus populaires du march\u00e9. <strong>Les meilleures options pour acheter du CBD Vaper en Espagne<\/strong>.\u00a0<\/span><\/p>\n<p>&nbsp;<\/p>\n<h2><strong>Technologie avanc\u00e9e de vaporisation du CBD avec CCELL<\/strong><\/h2>\n<p><span style=\"font-weight: 400\">Le syst\u00e8me<strong> I-Puff<\/strong> incorpore les normes reconnues de l <strong>Technologie de chauffage c\u00e9ramique CCELL<\/strong>, Cette nouvelle technologie est consid\u00e9r\u00e9e comme la norme la plus \u00e9lev\u00e9e de l'industrie du vapotage. Cette technologie permet d'obtenir une meilleure qualit\u00e9 de vapeur.<strong> une vaporisation uniforme et contr\u00f4l\u00e9e<\/strong>, garantissant une production de vapeur r\u00e9guli\u00e8re et constante, avec une <strong>temp\u00e9rature stable<\/strong> qui pr\u00e9serve le profil aromatique du CBD \u00e0 chaque bouff\u00e9e. <\/span><\/p>\n<p><span style=\"font-weight: 400\">Contrairement aux vapers traditionnels \u00e0 usage unique, cette vape de CBD a \u00e9t\u00e9 con\u00e7ue pour fournir <strong>une durabilit\u00e9 et une efficacit\u00e9 accrues<\/strong>. Votre <strong>batterie rechargeable<\/strong> est combin\u00e9 avec <strong>capsules interchangeables gr\u00e2ce \u00e0 un syst\u00e8me de \u201cclic\u201d.\u201d<\/strong>, La nouvelle exp\u00e9rience, propre et lisse, garantit un ajustement parfait, sans br\u00fblures ni asp\u00e9rit\u00e9s. <\/span><\/p>\n<p><span style=\"font-weight: 400\">En outre, le <strong>Technologie CCELL<\/strong> optimise la <strong>l'absorption des cannabino\u00efdes<\/strong>, <strong>maximiser le rendement du CBD \u00e0 spectre complet<\/strong> et de fournir un <strong>une exp\u00e9rience de vaporisation plus raffin\u00e9e<\/strong>, \u00e9quilibr\u00e9e et coh\u00e9rente. Tout cela fait que le <strong>Vape CBD I-Puff Starter Pack - Gelato 1ml<\/strong> pour devenir un choix de premier ordre pour ceux qui recherchent la qualit\u00e9, la saveur et le contr\u00f4le \u00e0 chaque bouff\u00e9e.\u00a0 <\/span><\/p>\n<p>&nbsp;<\/p>\n<h2 data-start=\"2311\" data-end=\"2335\"><strong>Profil terp\u00e9nique du Gelato : <\/strong><\/h2>\n<p data-start=\"2311\" data-end=\"2335\"><span style=\"font-weight: 400\">Ce profil terp\u00e9nique offre une <strong>go\u00fbt authentique de cannabis<\/strong>, Riche en CBD, sans additifs artificiels, id\u00e9al pour ceux qui recherchent une exp\u00e9rience naturelle lors de l'achat d'une vape au CBD.\u00a0<\/span><\/p>\n<ul>\n<li data-start=\"2311\" data-end=\"2335\"><span style=\"font-weight: 400\">Notes sucr\u00e9es et cr\u00e9meuses<\/span><\/li>\n<li data-start=\"2311\" data-end=\"2335\"><span style=\"font-weight: 400\">L\u00e9g\u00e8res nuances terreuses<\/span><\/li>\n<li data-start=\"2311\" data-end=\"2335\"><span style=\"font-weight: 400\">Ar\u00f4me \u00e9quilibr\u00e9<\/span><\/li>\n<\/ul>\n<p>&nbsp;<\/p>\n<h2 data-start=\"3033\" data-end=\"3049\"><strong>Pourquoi choisir le syst\u00e8me I-Puff ? <\/strong><\/h2>\n<p data-start=\"3033\" data-end=\"3049\"><span style=\"font-weight: 400\">Si vous \u00eates \u00e0 la recherche d'un <strong>Le vaper CBD est sup\u00e9rieur aux dispositifs jetables<\/strong>, le syst\u00e8me I-Puff Pod fait la diff\u00e9rence :\u00a0<\/span><\/p>\n<ul>\n<li><span style=\"font-weight: 400\"><strong>Sp\u00e9cifications<\/strong>: <\/span>\n<ul>\n<li style=\"list-style-type: none\">\n<ul>\n<li><span style=\"font-weight: 400\">Teneur en CBD : 700 mg <\/span><span style=\"font-weight: 400\">CBD Full Spectrum 70%<\/span><\/li>\n<li><span style=\"font-weight: 400\">Sans nicotine<\/span><\/li>\n<li><span style=\"font-weight: 400\">Capacit\u00e9 : 1ml (jusqu'\u00e0 300 bouff\u00e9es)<\/span><\/li>\n<li><span style=\"font-weight: 400\">Batterie rechargeable USB-C <\/span><\/li>\n<li><span style=\"font-weight: 400\">Technologie : chauffage CCELL en c\u00e9ramique pour une vapeur de qualit\u00e9 sup\u00e9rieure <\/span><\/li>\n<li><span style=\"font-weight: 400\">Syst\u00e8me r\u00e9utilisable : respectueux de l'environnement, pas de d\u00e9chets \u00e0 usage unique <\/span><\/li>\n<li><span style=\"font-weight: 400\">Profil terp\u00e9nique : Gelato<\/span><\/li>\n<li><span style=\"font-weight: 400\">Ne contient pas de VG, PG, PEG, MCT ou tout autre agent de coupe.<\/span><\/li>\n<\/ul>\n<\/li>\n<\/ul>\n<\/li>\n<\/ul>\n<p><span style=\"font-weight: 400\">Il ne s'agit pas d'un vaper comme les autres. C'est un <strong>solution de vape CBD \u00e0 long terme<\/strong>, con\u00e7u pour assurer la qualit\u00e9, le contr\u00f4le et la coh\u00e9rence.\u00a0<\/span><\/p>\n<p>&nbsp;<\/p>\n<h2 data-start=\"3217\" data-end=\"3287\"><strong>Que comprend le pack de d\u00e9marrage Vape CBD I-Puff ? <\/strong><\/h2>\n<ul>\n<li data-start=\"3217\" data-end=\"3287\"><span style=\"font-weight: 400\">1 x <strong>Batterie<\/strong> I-Puff r\u00e9utilisable, avec la technologie CCELL<\/span><\/li>\n<li data-start=\"3217\" data-end=\"3287\"><span style=\"font-weight: 400\">1 x <strong>Capsule<\/strong> Pod CBD Gelato 1ml, avec 700mg de CBD \u00e0 spectre complet<\/span><\/li>\n<\/ul>\n<p>Rechargez la batterie lorsqu'elle est \u00e9puis\u00e9e. Remettez le pod en place lorsque vous avez termin\u00e9 et profitez d'une vape douce \u00e0 chaque fois.<\/p>\n<p>&nbsp;<\/p>\n<h3><b>O\u00f9 acheter votre <span style=\"font-weight: 400\"><strong>Vape CBD I-Puff <\/strong><\/span><\/b><b>?<\/b><\/h3>\n<p><span style=\"font-weight: 400\">Si vous cherchez <strong>acheter un Vape CBD I-Puff <\/strong><strong>, <\/strong>c'est un endroit s\u00fbr pour <strong>acheter un vaper de CBD \u00e0 spectre complet en Espagne.<\/strong> En outre, le syst\u00e8me I-Puff r\u00e9unit un <strong>du mat\u00e9riel de premi\u00e8re qualit\u00e9 avec les meilleurs extraits de CBD<\/strong>, id\u00e9al pour ceux qui ach\u00e8tent d\u00e9j\u00e0 <strong><a href=\"https:\/\/iguanasmoke.com\/fr\/categorie\/fleurs\/fleurs-de-cbd-2\/\">Fleurs de CBD<\/a><\/strong>, <a href=\"https:\/\/iguanasmoke.com\/fr\/categorie\/huile-de-cbd\/\"><strong>Huiles<\/strong> <\/a>o <a href=\"https:\/\/iguanasmoke.com\/fr\/categorie\/hash-cbd\/\"><strong>R\u00e9sines<\/strong> <\/a>et souhaitent passer au vapotage. <\/span><\/p>\n<p><span style=\"font-weight: 400\">Tous nos produits sont <strong>approuv\u00e9 par l'UE<\/strong>, garantissant sa l\u00e9galit\u00e9 et sa s\u00e9curit\u00e9. En outre, si vous le souhaitez, vous pouvez consulter<\/span><strong> <a href=\"https:\/\/iguanasmoke.com\/fr\/lanalyse\/\">analyse en laboratoire.<\/a><\/strong><\/p>\n<p><span style=\"font-weight: 400\">N'oubliez pas de d\u00e9couvrir d'autres saveurs de <strong>Vape CBD I-Puff<\/strong><strong>\u00a0<\/strong>en tant que <strong><a href=\"https:\/\/iguanasmoke.com\/fr\/produit\/cbd-vape-ipuff-starter-pack-gorilla-glue-1ml\/\">Vape CBD I-Puff Gorilla Glue<\/a>\u00a0<\/strong>y <\/span><span style=\"font-weight: 400\">autres <strong>Produits TOP<\/strong> avec CBD Full Spectrum comme <strong><a href=\"https:\/\/iguanasmoke.com\/fr\/categorie\/cbd-vaper-2\/cartouches\/?filter_tipo-cartucho=cbd\">Cartouches de CBD \u00e0 spectre complet<\/a><\/strong> ou le <strong><a href=\"https:\/\/iguanasmoke.com\/fr\/categorie\/cbd-full-spectrum-vaper\/\">Vaper CBD Full Spectrum<\/a><\/strong>. <\/span><span style=\"font-weight: 400\">En bref, parcourez notre s\u00e9lection de produits CBD et trouvez vos favoris.<\/span><span style=\"font-weight: 400\">\u00a0<\/span><\/p>\n<p><strong data-start=\"303\" data-end=\"345\">Livraison rapide et discr\u00e8te dans toute l'Espagne<\/strong>, avec <strong data-start=\"351\" data-end=\"387\">une attention \u00e9troite et personnalis\u00e9e<\/strong> pour r\u00e9pondre \u00e0 toutes vos questions avant et apr\u00e8s votre achat.<\/p>\n<p>&nbsp;<\/p>\n<h3><b>Iguana Smoke est votre boutique en ligne de CBD\u00a0<\/b><\/h3>\n<p><span style=\"font-weight: 400\">Au<strong> Fum\u00e9e d'iguane<\/strong>, Nous pensons que la consommation de CBD doit se faire en toute s\u00e9curit\u00e9. C'est pourquoi nous proposons des produits comme celui-ci <strong>Vape CBD I-Puff Starter Pack - Gelato<\/strong>, La marque s'adresse aux nouvelles g\u00e9n\u00e9rations : des personnes qui recherchent un bien-\u00eatre simple, avec des marques authentiques et fiables. <\/span><\/p>\n<p><span style=\"font-weight: 400\">Vous savez, notre mission est claire :<strong> vous apporter le meilleur du monde du CBD \u00e0 un prix \u00e9quitable<\/strong>. De plus, nous vous offrons la tranquillit\u00e9 d'esprit que procure le choix d'un produit de qualit\u00e9. <strong>produit certifi\u00e9, efficace et l\u00e9gal 100%<\/strong>. Faites le pas, achetez votre vaper CBD d\u00e8s aujourd'hui et passez \u00e0 un autre niveau d'exp\u00e9rience.\u00a0<\/span><\/p>\n<p>Vous avez encore des doutes ? Ecrivez-nous et nous nous ferons un plaisir de vous aider \u00e0 trouver le produit qui vous convient.<\/p>\n<p>&nbsp;<\/p>\n<h6>\u2139\ufe0f<strong> Informations juridiques<\/strong><\/h6>\n<p><em><span style=\"font-weight: 400\">*Produit destin\u00e9 \u00e0 la collection ou \u00e0 l'aromath\u00e9rapie, conform\u00e9ment \u00e0 la l\u00e9gislation espagnole en vigueur. <\/span><\/em><\/p>\n<p><em><span style=\"font-weight: 400\">**D\u00e9riv\u00e9 de chanvre industriel certifi\u00e9. Contient moins de 0,3 THC et ne contient pas de cannabino\u00efdes ill\u00e9gaux tels que HHC, HHC-P, THCP, THCP-O, H4CBD ou des substances \u00e9num\u00e9r\u00e9es \u00e0 l'annexe I du d\u00e9cret royal 2829\/1977, ni de substances contr\u00f4l\u00e9es par des conventions internationales.\u00a0\u00a0<\/span><\/em><\/p>\n<p>&nbsp;<\/p>\n<h2><strong>\ud83d\udcac FAQS Vape CBD I-Puff : <\/strong><\/h2>\n<h4><span style=\"font-weight: 400\">Que comprend le Starter Pack ? <\/span><\/h4>\n<p><span style=\"font-weight: 400\">Il comprend un <strong>pile I-Puff r\u00e9utilisable<\/strong> et un <strong>1ml Pod Gelato capsule avec 700mg CBD Full Spectrum<\/strong>.<\/span><\/p>\n<h4><span style=\"font-weight: 400\">Quelle est la dur\u00e9e de vie d'une capsule Pod I-Puff ?\u00a0<\/span><\/h4>\n<p><span style=\"font-weight: 400\">Rappelez-vous que chaque personne est unique et que cela d\u00e9pend de l'usage individuel et de la fr\u00e9quence de consommation, mais chaque g\u00e9lule apporte <strong>environ 300 bouff\u00e9es<\/strong>.<\/span><\/p>\n<h4><span style=\"font-weight: 400\">I-Puff CBD Vape est-il l\u00e9gal en Espagne ?\u00a0<\/span><\/h4>\n<p><span style=\"font-weight: 400\"><strong>Oui<\/strong>, Le spectre complet du CBD<strong>\u00a0peuvent \u00eatre l\u00e9galement commercialis\u00e9s en Espagne<\/strong> \u00e0 condition qu'il soit conforme \u00e0 la r\u00e9glementation europ\u00e9enne sur le chanvre industriel et qu'il fasse l'objet d'une analyse et d'une tra\u00e7abilit\u00e9 par un laboratoire ind\u00e9pendant. <\/span><\/p>\n<h4><span style=\"font-weight: 400\">Est-il possible d'acheter des dosettes de remplacement ?\u00a0<\/span><\/h4>\n<p><span style=\"font-weight: 400\"><strong>Bien entendu<\/strong>, Il faut d'abord mettre la main sur un <a href=\"https:\/\/iguanasmoke.com\/fr\/produit\/cbd-vape-ipuff-gelato-1ml-700mg\/\"><strong>Pack de d\u00e9marrage<\/strong><\/a> (qui est l'endroit o\u00f9 vous achetez le <strong>batterie pour la premi\u00e8re fois + une capsule<\/strong>) et vous pouvez ensuite acheter tous les <a href=\"https:\/\/iguanasmoke.com\/fr\/produit\/vape-cbd-i-puff-refill-capsule-amnesia-1ml\/\">Capsules de recharge<\/a> dont vous avez besoin. Vous pouvez m\u00eame acheter un <a href=\"https:\/\/iguanasmoke.com\/fr\/produit\/vape-cbd-i-puff-starter-pack-red-berries-1ml\/\">Pack de d\u00e9marrage<\/a> et un <a href=\"https:\/\/iguanasmoke.com\/fr\/produit\/ipuff-lemon-haze-cbd-vape-refill-capsule-1ml\/\">capsule de remplacement<\/a> et ainsi profiter de l'\u00e9change de saveurs.<\/span><\/p>","protected":false},"excerpt":{"rendered":"<ul>\n<li><span style=\"font-weight: 400\">Nouvelle g\u00e9n\u00e9ration de syst\u00e8me de g\u00e9lules CBD Pods : technologie CCELL<\/span><\/li>\n<li data-start=\"541\" data-end=\"786\"><span style=\"font-weight: 400\">Terp\u00e8nes naturels de haute qualit\u00e9 : Gelato<\/span><\/li>\n<li data-start=\"541\" data-end=\"786\"><span style=\"font-weight: 400\">Nicotine : 0% et THC : 0%<\/span><\/li>\n<li data-start=\"541\" data-end=\"786\"><span style=\"font-weight: 400\">Le <em>Pack de d\u00e9marrage<\/em> comprend : <\/span>\n<ul>\n<li style=\"list-style-type: none\">\n<ul data-start=\"825\" data-end=\"887\">\n<li data-start=\"541\" data-end=\"786\"><strong>1 x batterie rechargeable USB-C <\/strong><\/li>\n<li data-start=\"541\" data-end=\"786\"><strong>1 x Capsule Pod avec 700mg CBD Full Spectrum \u00e0 70% Gelato<\/strong><\/li>\n<\/ul>\n<\/li>\n<\/ul>\n<\/li>\n<\/ul>\n<p><span style=\"font-weight: 400\">Consultation<strong> <a href=\"https:\/\/iguanasmoke.com\/fr\/lanalyse\/\">analyse en laboratoire.<\/a><\/strong><\/span><\/p>","protected":false},"featured_media":73686,"comment_status":"open","ping_status":"closed","template":"","meta":{"_acf_changed":false,"site-sidebar-layout":"default","site-content-layout":"","ast-site-content-layout":"default","site-content-style":"default","site-sidebar-style":"default","ast-global-header-display":"","ast-banner-title-visibility":"","ast-main-header-display":"","ast-hfb-above-header-display":"","ast-hfb-below-header-display":"","ast-hfb-mobile-header-display":"","site-post-title":"","ast-breadcrumbs-content":"","ast-featured-img":"","footer-sml-layout":"","theme-transparent-header-meta":"default","adv-header-id-meta":"","stick-header-meta":"","header-above-stick-meta":"","header-main-stick-meta":"","header-below-stick-meta":"","astra-migrate-meta-layouts":"set","ast-page-background-enabled":"default","ast-page-background-meta":{"desktop":{"background-color":"var(--ast-global-color-4)","background-image":"","background-repeat":"repeat","background-position":"center center","background-size":"auto","background-attachment":"scroll","background-type":"","background-media":"","overlay-type":"","overlay-color":"","overlay-opacity":"","overlay-gradient":""},"tablet":{"background-color":"","background-image":"","background-repeat":"repeat","background-position":"center center","background-size":"auto","background-attachment":"scroll","background-type":"","background-media":"","overlay-type":"","overlay-color":"","overlay-opacity":"","overlay-gradient":""},"mobile":{"background-color":"","background-image":"","background-repeat":"repeat","background-position":"center center","background-size":"auto","background-attachment":"scroll","background-type":"","background-media":"","overlay-type":"","overlay-color":"","overlay-opacity":"","overlay-gradient":""}},"ast-content-background-meta":{"desktop":{"background-color":"var(--ast-global-color-5)","background-image":"","background-repeat":"repeat","background-position":"center center","background-size":"auto","background-attachment":"scroll","background-type":"","background-media":"","overlay-type":"","overlay-color":"","overlay-opacity":"","overlay-gradient":""},"tablet":{"background-color":"var(--ast-global-color-5)","background-image":"","background-repeat":"repeat","background-position":"center center","background-size":"auto","background-attachment":"scroll","background-type":"","background-media":"","overlay-type":"","overlay-color":"","overlay-opacity":"","overlay-gradient":""},"mobile":{"background-color":"var(--ast-global-color-5)","background-image":"","background-repeat":"repeat","background-position":"center center","background-size":"auto","background-attachment":"scroll","background-type":"","background-media":"","overlay-type":"","overlay-color":"","overlay-opacity":"","overlay-gradient":""}}},"product_brand":[],"product_cat":[984,922,419,981],"product_tag":[],"class_list":{"0":"post-73705","1":"product","2":"type-product","3":"status-publish","4":"has-post-thumbnail","6":"product_cat-baterias-y-kits-de-vapeo","7":"product_cat-capsula-cbd","8":"product_cat-cartuchos-cbd","9":"product_cat-cbd-full-spectrum","10":"desktop-align-center","11":"tablet-align-center","12":"mobile-align-center","14":"first","15":"instock","16":"taxable","17":"shipping-taxable","18":"purchasable","19":"product-type-simple"},"acf":[],"yoast_head":"<!-- This site is optimized with the Yoast SEO Premium plugin v27.3 (Yoast SEO v27.3) - https:\/\/yoast.com\/product\/yoast-seo-premium-wordpress\/ -->\n<title>Vape CBD I-Puff Starter Pack - Gelato | Iguana Smoke<\/title>\n<meta name=\"description\" content=\"Prueba el Vape CBD I-Puff Starter Pack - Gelato 1ml. Con tecnolog\u00eda CCELL, c\u00e1psulas intercambiables CBD Full Spectrum 700mg, bater\u00eda reutilizable.\" \/>\n<meta name=\"robots\" content=\"index, follow, max-snippet:-1, max-image-preview:large, max-video-preview:-1\" \/>\n<link rel=\"canonical\" href=\"https:\/\/iguanasmoke.com\/fr\/produit\/cbd-vape-ipuff-starter-pack-gelato-1ml\/\" \/>\n<meta property=\"og:locale\" content=\"fr_FR\" \/>\n<meta property=\"og:type\" content=\"article\" \/>\n<meta property=\"og:title\" content=\"Vape CBD I-Puff Starter Pack - Gelato 1ml\" \/>\n<meta property=\"og:description\" content=\"Sistema de c\u00e1psulas Pods CBD de nueva generaci\u00f3n: tecnolog\u00eda CCELL  Terpenos naturales de alta calidad: Gelato  Nicotina: 0% y THC: 0%  El Starter Pack incluye:       1 x Bater\u00eda recargable USB-C   1 x C\u00e1psula Pod con 700mg CBD Full Spectrum al 70% Gelato      Consulta el an\u00e1lisis de laboratorio.\" \/>\n<meta property=\"og:url\" content=\"https:\/\/iguanasmoke.com\/fr\/produit\/cbd-vape-ipuff-starter-pack-gelato-1ml\/\" \/>\n<meta property=\"og:site_name\" content=\"Iguana Smoke\" \/>\n<meta property=\"article:publisher\" content=\"https:\/\/www.facebook.com\/iguanasmoke\" \/>\n<meta property=\"article:modified_time\" content=\"2026-03-01T14:25:07+00:00\" \/>\n<meta property=\"og:image\" content=\"https:\/\/iguanasmoke.com\/wp-content\/uploads\/2026\/01\/Bolsa-Starter-pack-Battery-Gelato-con-pod-2.webp\" \/>\n\t<meta property=\"og:image:width\" content=\"1000\" \/>\n\t<meta property=\"og:image:height\" content=\"1000\" \/>\n\t<meta property=\"og:image:type\" content=\"image\/webp\" \/>\n<meta name=\"twitter:card\" content=\"summary_large_image\" \/>\n<meta name=\"twitter:label1\" content=\"Prix\" \/>\n\t<meta name=\"twitter:data1\" content=\"21,90&nbsp;&euro;\" \/>\n\t<meta name=\"twitter:label2\" content=\"Disponibilit\u00e9\" \/>\n\t<meta name=\"twitter:data2\" content=\"En stock\" \/>\n<meta property=\"product:brand\" content=\"simple\" \/>\n<meta property=\"product:price:amount\" content=\"21.90\" \/>\n<meta property=\"product:price:currency\" content=\"EUR\" \/>\n<meta property=\"og:availability\" content=\"instock\" \/>\n<meta property=\"product:availability\" content=\"instock\" \/>\n<meta property=\"product:retailer_item_id\" content=\"IS-STARTERPOD-GLT1ML\" \/>\n<meta property=\"product:condition\" content=\"new\" \/>\n<!-- \/ Yoast SEO Premium plugin. -->","yoast_head_json":{"title":"Vape CBD I-Puff Starter Pack - Gelato | Iguana Smoke","description":"Essayez le Vape CBD I-Puff Starter Pack - Gelato 1ml. Avec la technologie CCELL, des capsules interchangeables de CBD Full Spectrum 700mg, une batterie r\u00e9utilisable.","robots":{"index":"index","follow":"follow","max-snippet":"max-snippet:-1","max-image-preview":"max-image-preview:large","max-video-preview":"max-video-preview:-1"},"canonical":"https:\/\/iguanasmoke.com\/fr\/produit\/cbd-vape-ipuff-starter-pack-gelato-1ml\/","og_locale":"fr_FR","og_type":"article","og_title":"Vape CBD I-Puff Starter Pack - Gelato 1ml","og_description":"Sistema de c\u00e1psulas Pods CBD de nueva generaci\u00f3n: tecnolog\u00eda CCELL  Terpenos naturales de alta calidad: Gelato  Nicotina: 0% y THC: 0%  El Starter Pack incluye:       1 x Bater\u00eda recargable USB-C   1 x C\u00e1psula Pod con 700mg CBD Full Spectrum al 70% Gelato      Consulta el an\u00e1lisis de laboratorio.","og_url":"https:\/\/iguanasmoke.com\/fr\/produit\/cbd-vape-ipuff-starter-pack-gelato-1ml\/","og_site_name":"Iguana Smoke","article_publisher":"https:\/\/www.facebook.com\/iguanasmoke","article_modified_time":"2026-03-01T14:25:07+00:00","og_image":[{"width":1000,"height":1000,"url":"https:\/\/iguanasmoke.com\/wp-content\/uploads\/2026\/01\/Bolsa-Starter-pack-Battery-Gelato-con-pod-2.webp","type":"image\/webp"}],"twitter_card":"summary_large_image","twitter_misc":{"Prix":"21,90&nbsp;&euro;","Disponibilit\u00e9":"En stock"},"schema":{"@context":"https:\/\/schema.org","@graph":[{"@type":"WebPage","@id":"https:\/\/iguanasmoke.com\/producto\/cbd-vape-ipuff-starter-pack-gelato-1ml\/","url":"https:\/\/iguanasmoke.com\/producto\/cbd-vape-ipuff-starter-pack-gelato-1ml\/","name":"Vape CBD I-Puff Starter Pack - Gelato | Iguana Smoke","isPartOf":{"@id":"https:\/\/iguanasmoke.com\/#website"},"primaryImageOfPage":{"@id":"https:\/\/iguanasmoke.com\/producto\/cbd-vape-ipuff-starter-pack-gelato-1ml\/#primaryimage"},"image":{"@id":"https:\/\/iguanasmoke.com\/producto\/cbd-vape-ipuff-starter-pack-gelato-1ml\/#primaryimage"},"thumbnailUrl":"https:\/\/iguanasmoke.com\/wp-content\/uploads\/2026\/01\/Bolsa-Starter-pack-Battery-Gelato-con-pod-2.webp","datePublished":"2026-01-08T18:31:31+00:00","dateModified":"2026-03-01T14:25:07+00:00","description":"Essayez le Vape CBD I-Puff Starter Pack - Gelato 1ml. Avec la technologie CCELL, des capsules interchangeables de CBD Full Spectrum 700mg, une batterie r\u00e9utilisable.","breadcrumb":{"@id":"https:\/\/iguanasmoke.com\/producto\/cbd-vape-ipuff-starter-pack-gelato-1ml\/#breadcrumb"},"inLanguage":"fr-FR","potentialAction":[{"@type":"ReadAction","target":["https:\/\/iguanasmoke.com\/producto\/cbd-vape-ipuff-starter-pack-gelato-1ml\/"]}]},{"@type":"ImageObject","inLanguage":"fr-FR","@id":"https:\/\/iguanasmoke.com\/producto\/cbd-vape-ipuff-starter-pack-gelato-1ml\/#primaryimage","url":"https:\/\/iguanasmoke.com\/wp-content\/uploads\/2026\/01\/Bolsa-Starter-pack-Battery-Gelato-con-pod-2.webp","contentUrl":"https:\/\/iguanasmoke.com\/wp-content\/uploads\/2026\/01\/Bolsa-Starter-pack-Battery-Gelato-con-pod-2.webp","width":1000,"height":1000,"caption":"CBD Vape I-Puff Starter Pack Gelato 1ml de Iguana Smoke con 700mg de CBD full spectrum, bater\u00eda reutilizable y sistema de pods intercambiables."},{"@type":"BreadcrumbList","@id":"https:\/\/iguanasmoke.com\/producto\/cbd-vape-ipuff-starter-pack-gelato-1ml\/#breadcrumb","itemListElement":[{"@type":"ListItem","position":1,"name":"home","item":"https:\/\/iguanasmoke.com\/"},{"@type":"ListItem","position":2,"name":"Tienda","item":"https:\/\/iguanasmoke.com\/tienda\/"},{"@type":"ListItem","position":3,"name":"Vaper CBD","item":"https:\/\/iguanasmoke.com\/categoria\/vaper-cbd\/"},{"@type":"ListItem","position":4,"name":"C\u00e1psulas CBD I-Puff Vape","item":"https:\/\/iguanasmoke.com\/categoria\/vaper-cbd\/capsula-cbd\/"},{"@type":"ListItem","position":5,"name":"Vape CBD I-Puff Starter Pack &#8211; Gelato 1ml"}]},{"@type":"WebSite","@id":"https:\/\/iguanasmoke.com\/#website","url":"https:\/\/iguanasmoke.com\/","name":"Fum\u00e9e d'iguane","description":"Acheter du CBD en ligne au meilleur prix","publisher":{"@id":"https:\/\/iguanasmoke.com\/#organization"},"potentialAction":[{"@type":"SearchAction","target":{"@type":"EntryPoint","urlTemplate":"https:\/\/iguanasmoke.com\/?s={search_term_string}"},"query-input":{"@type":"PropertyValueSpecification","valueRequired":true,"valueName":"search_term_string"}}],"inLanguage":"fr-FR"},{"@type":"Organization","@id":"https:\/\/iguanasmoke.com\/#organization","name":"Fum\u00e9e d'iguane","url":"https:\/\/iguanasmoke.com\/","logo":{"@type":"ImageObject","inLanguage":"fr-FR","@id":"https:\/\/iguanasmoke.com\/#\/schema\/logo\/image\/","url":"https:\/\/iguanasmoke.com\/wp-content\/uploads\/2025\/01\/logoiguana-favi-1.png","contentUrl":"https:\/\/iguanasmoke.com\/wp-content\/uploads\/2025\/01\/logoiguana-favi-1.png","width":512,"height":512,"caption":"Iguana Smoke"},"image":{"@id":"https:\/\/iguanasmoke.com\/#\/schema\/logo\/image\/"},"sameAs":["https:\/\/www.facebook.com\/iguanasmoke","https:\/\/www.instagram.com\/iguanasmoke\/"]}]},"product_brand":"simple","product_price_amount":"21.90","product_price_currency":"EUR","og_availability":"instock","product_availability":"instock","product_retailer_item_id":"IS-STARTERPOD-GLT1ML","product_condition":"new"},"_links":{"self":[{"href":"https:\/\/iguanasmoke.com\/fr\/wp-json\/wp\/v2\/product\/73705","targetHints":{"allow":["GET"]}}],"collection":[{"href":"https:\/\/iguanasmoke.com\/fr\/wp-json\/wp\/v2\/product"}],"about":[{"href":"https:\/\/iguanasmoke.com\/fr\/wp-json\/wp\/v2\/types\/product"}],"replies":[{"embeddable":true,"href":"https:\/\/iguanasmoke.com\/fr\/wp-json\/wp\/v2\/comments?post=73705"}],"wp:featuredmedia":[{"embeddable":true,"href":"https:\/\/iguanasmoke.com\/fr\/wp-json\/wp\/v2\/media\/73686"}],"wp:attachment":[{"href":"https:\/\/iguanasmoke.com\/fr\/wp-json\/wp\/v2\/media?parent=73705"}],"wp:term":[{"taxonomy":"product_brand","embeddable":true,"href":"https:\/\/iguanasmoke.com\/fr\/wp-json\/wp\/v2\/product_brand?post=73705"},{"taxonomy":"product_cat","embeddable":true,"href":"https:\/\/iguanasmoke.com\/fr\/wp-json\/wp\/v2\/product_cat?post=73705"},{"taxonomy":"product_tag","embeddable":true,"href":"https:\/\/iguanasmoke.com\/fr\/wp-json\/wp\/v2\/product_tag?post=73705"}],"curies":[{"name":"wp","href":"https:\/\/api.w.org\/{rel}","templated":true}]}}