{"id":73808,"date":"2026-02-04T12:49:53","date_gmt":"2026-02-04T11:49:53","guid":{"rendered":"https:\/\/iguanasmoke.com\/?post_type=product&#038;p=73808"},"modified":"2026-02-17T11:57:05","modified_gmt":"2026-02-17T10:57:05","slug":"i-puff-battery-vape-battery-cbd","status":"publish","type":"product","link":"https:\/\/iguanasmoke.com\/fr\/producto\/bateria-i-puff-battery-vape-cbd\/","title":{"rendered":"I-Puff Battery Vape CBD"},"content":{"rendered":"<h1><span style=\"font-weight: 400\">I-Puff Battery Vape CBD Battery - 280<em> mAh<\/em><\/span><\/h1>\n<p><span style=\"font-weight: 400\">D\u00e9couvrez l'incroyable puissance et la polyvalence du <strong>I-Puff Battery CBD Vape Battery<\/strong> sp\u00e9cialement con\u00e7u pour les <strong><em>I-Puff Vape CBD capsules<\/em><\/strong>. Les\u00a0 <em>Syst\u00e8me I-Puff Pod<\/em> est dot\u00e9 de la technologie CCELL et vous offre une exp\u00e9rience de vaporisation du CBD confortable, propre et sans tracas. <\/span><\/p>\n<p><span style=\"font-weight: 400\">Gr\u00e2ce \u00e0 sa technologie avanc\u00e9e et \u00e0 son design compact, c'est le choix id\u00e9al qui satisfera m\u00eame les amateurs les plus exigeants. <strong>vapotage<\/strong>, cette <strong>dispositif de pointe<\/strong> offre des performances fiables et une exp\u00e9rience in\u00e9gal\u00e9e. <\/span><\/p>\n<p><span style=\"font-weight: 400\">Sa taille compacte, petite et ergonomique le rend facile \u00e0 transporter, id\u00e9al pour une utilisation quotidienne. Ses <strong>la puissance est parfaitement calibr\u00e9e<\/strong> pour extraire tout le profil aromatique des vapes sans surchauffer le liquide. Avec le <strong>I-Puff Battery CBD Vape Battery<\/strong> Achetez maintenant votre <a href=\"https:\/\/iguanasmoke.com\/fr\/categorie\/cbd-vaper-2\/capsule-de-cbd\/\"><strong><em>I-Puff Vape CBD capsules <\/em><\/strong><\/a>et commencez \u00e0 vaper. <em>Il a une puissance de 280 mAh<\/em>.\u00a0<\/span><\/p>\n<p>&nbsp;<\/p>\n<h2><strong>Caract\u00e9ristiques du I-Puff Battery Vape CBD :<\/strong><\/h2>\n<ul>\n<li><span style=\"font-weight: 400\"><strong>Compatibilit\u00e9 avec le syst\u00e8me I-Puff Pod :<\/strong> Le <strong>I-Puff Battery Vape CBD<\/strong> est compatible avec notre <a href=\"https:\/\/iguanasmoke.com\/fr\/categorie\/cbd-vaper-2\/capsule-de-cbd\/\"><strong><em>I-Puff Vape CBD capsules<\/em><\/strong><\/a> qui viennent d'arriver et qui prennent le monde d'assaut.\u00a0<\/span><\/li>\n<li>Fen\u00eatre visible pour contr\u00f4ler le niveau du pod.<\/li>\n<li><span style=\"font-weight: 400\"><strong>Portabilit\u00e9, durabilit\u00e9 et personnalisation<\/strong>Sa conception compacte et durable en fait le compagnon id\u00e9al de vos aventures quotidiennes. Emportez-le avec vous en toute confiance, sachant qu'il est con\u00e7u pour r\u00e9sister \u00e0 une utilisation constante. Gr\u00e2ce \u00e0 sa surface mate, vous pouvez le d\u00e9corer avec des autocollants pour lui donner une touche personnelle. <\/span><\/li>\n<li><span style=\"font-weight: 400\"><strong>Mode d'activation automatique<\/strong>Sans boutons, la premi\u00e8re inhalation active l'appareil. <\/span><\/li>\n<li><span style=\"font-weight: 400\">Conception<strong> r\u00e9utilisable et durable<\/strong>, avec charge <strong>USB-C<\/strong>. <\/span><\/li>\n<li><span style=\"font-weight: 400\">\u00c9quip\u00e9 d'un <strong>syst\u00e8me anti-obstruction<\/strong> qui produit de la vapeur propre. <\/span><\/li>\n<li><span style=\"font-weight: 400\">Compatible avec les capsules Pod 0,5 et 1ml. <\/span><\/li>\n<\/ul>\n<p>&nbsp;<\/p>\n<h2><strong>Technologie avanc\u00e9e pour une vaporisation sans obstacle <\/strong><\/h2>\n<p><span style=\"font-weight: 400\">Le <strong>I-Puff Battery CBD Vape Battery <\/strong>incorpore un <strong>syst\u00e8me d'entr\u00e9e d'air double (<em>double ventilation<\/em>)<\/strong> qui emp\u00eache les obstructions et am\u00e9liore le flux de vapeur \u00e0 chaque bouff\u00e9e. De plus, son mode d'inhalation automatique \u00e9limine les boutons et les r\u00e9glages, ce qui rend le vapotage du CBD aussi simple que l'inhalation. <\/span><\/p>\n<p><span style=\"font-weight: 400\">De plus, gr\u00e2ce \u00e0 sa compatibilit\u00e9 avec les Pods CCELL, la vapeur est <strong>doux<\/strong>, <strong>stable<\/strong> y <strong>constant<\/strong>, m\u00eame en cas d'utilisation prolong\u00e9e.<\/span><\/p>\n<h2 data-start=\"3094\" data-end=\"3121\">Ce qui est inclus dans le <strong>I-Puff Battery CBD Vape Battery<\/strong><\/h2>\n<ul data-start=\"3123\" data-end=\"3168\">\n<li data-start=\"3123\" data-end=\"3168\">\n<p data-start=\"3125\" data-end=\"3168\"><strong data-start=\"3125\" data-end=\"3166\">1 \u00d7 I-Puff Battery Vape CBD Battery (280 mAh)<\/strong><\/p>\n<\/li>\n<\/ul>\n<p data-start=\"3170\" data-end=\"3239\"><em data-start=\"3170\" data-end=\"3239\">*I-Puff Vape CBD capsules <span style=\"font-weight: 400\">c<\/span>ompatibles disponibles s\u00e9par\u00e9ment en diff\u00e9rentes saveurs.<\/em><\/p>\n<div class=\"ewd-ufaq-faq-body\">\n<h3><b>Iguana Smoke est votre boutique en ligne de CBD de confiance<\/b><\/h3>\n<p><span style=\"font-weight: 400\">Chez Iguana Smoke, nous pensons que le CBD doit \u00eatre une exp\u00e9rience s\u00fbre et agr\u00e9able. C'est pourquoi nous proposons des produits de haute qualit\u00e9 qui s'adressent aux nouvelles g\u00e9n\u00e9rations : des personnes qui recherchent un bien-\u00eatre simple, avec des marques authentiques et fiables. Obtenez le <strong>I-Puff Battery CBD Vape Battery<\/strong> maintenant.<\/span><\/p>\n<p>Vous savez, notre mission est claire : vous apporter le meilleur du monde des cannabino\u00efdes \u00e0 un prix \u00e9quitable, avec la tranquillit\u00e9 d'esprit de savoir que vous choisissez un produit certifi\u00e9, efficace et 100% l\u00e9gal. Nous sommes \u00e0 l'avant-garde des produits CBD.<\/p>\n<p>Vous avez encore des doutes ? Ecrivez-nous et nous nous ferons un plaisir de vous aider \u00e0 trouver le produit qui vous convient.<\/p>\n<\/div>\n<p>&nbsp;<\/p>\n<p><em><span style=\"font-weight: 400\">*Veuillez noter que son utilisation est destin\u00e9e \u00e0 la collection ou \u00e0 l'aromath\u00e9rapie, conform\u00e9ment \u00e0 la loi espagnole.<\/span><\/em><\/p>\n<p><em><span style=\"font-weight: 400\">**Tous nos produits sont d\u00e9riv\u00e9s de chanvre industriel certifi\u00e9. Ils contiennent moins de 0,3 THC et ne contiennent pas de cannabino\u00efdes ill\u00e9gaux tels que HHC, HHC-P, THCP, THCP-O, H4CBD et ceux inclus dans l'annexe I du d\u00e9cret royal 2829\/1977, ni de substances contr\u00f4l\u00e9es par les conventions internationales.\u00a0<\/span><\/em><\/p>","protected":false},"excerpt":{"rendered":"<ul>\n<li>Batterie rechargeable USB-C pour <em>I-Puff Pods<\/em> 0,5 ml et 1 ml : <em>280 MaH<\/em><\/li>\n<li>Connexion compatible avec le <em><a href=\"https:\/\/iguanasmoke.com\/fr\/categorie\/cbd-vaper-2\/capsule-de-cbd\/\">Pods I-Puff System Capsules<\/a> (non inclus dans ce produit)<\/em><\/li>\n<li>Poteau central en acier inoxydable de qualit\u00e9 m\u00e9dicale<\/li>\n<li>Syst\u00e8me d'air \u00e0 double entr\u00e9e<\/li>\n<li>Dimensions : 108,9 x 23 x 11,3 mm<\/li>\n<\/ul>","protected":false},"featured_media":73666,"comment_status":"open","ping_status":"closed","template":"","meta":{"_acf_changed":false,"site-sidebar-layout":"default","site-content-layout":"","ast-site-content-layout":"default","site-content-style":"default","site-sidebar-style":"default","ast-global-header-display":"","ast-banner-title-visibility":"","ast-main-header-display":"","ast-hfb-above-header-display":"","ast-hfb-below-header-display":"","ast-hfb-mobile-header-display":"","site-post-title":"","ast-breadcrumbs-content":"","ast-featured-img":"","footer-sml-layout":"","theme-transparent-header-meta":"default","adv-header-id-meta":"","stick-header-meta":"","header-above-stick-meta":"","header-main-stick-meta":"","header-below-stick-meta":"","astra-migrate-meta-layouts":"set","ast-page-background-enabled":"default","ast-page-background-meta":{"desktop":{"background-color":"var(--ast-global-color-4)","background-image":"","background-repeat":"repeat","background-position":"center center","background-size":"auto","background-attachment":"scroll","background-type":"","background-media":"","overlay-type":"","overlay-color":"","overlay-opacity":"","overlay-gradient":""},"tablet":{"background-color":"","background-image":"","background-repeat":"repeat","background-position":"center center","background-size":"auto","background-attachment":"scroll","background-type":"","background-media":"","overlay-type":"","overlay-color":"","overlay-opacity":"","overlay-gradient":""},"mobile":{"background-color":"","background-image":"","background-repeat":"repeat","background-position":"center center","background-size":"auto","background-attachment":"scroll","background-type":"","background-media":"","overlay-type":"","overlay-color":"","overlay-opacity":"","overlay-gradient":""}},"ast-content-background-meta":{"desktop":{"background-color":"var(--ast-global-color-5)","background-image":"","background-repeat":"repeat","background-position":"center center","background-size":"auto","background-attachment":"scroll","background-type":"","background-media":"","overlay-type":"","overlay-color":"","overlay-opacity":"","overlay-gradient":""},"tablet":{"background-color":"var(--ast-global-color-5)","background-image":"","background-repeat":"repeat","background-position":"center center","background-size":"auto","background-attachment":"scroll","background-type":"","background-media":"","overlay-type":"","overlay-color":"","overlay-opacity":"","overlay-gradient":""},"mobile":{"background-color":"var(--ast-global-color-5)","background-image":"","background-repeat":"repeat","background-position":"center center","background-size":"auto","background-attachment":"scroll","background-type":"","background-media":"","overlay-type":"","overlay-color":"","overlay-opacity":"","overlay-gradient":""}}},"product_brand":[],"product_cat":[984,922,419,981],"product_tag":[],"class_list":{"0":"post-73808","1":"product","2":"type-product","3":"status-publish","4":"has-post-thumbnail","6":"product_cat-baterias-y-kits-de-vapeo","7":"product_cat-capsula-cbd","8":"product_cat-cartuchos-cbd","9":"product_cat-cbd-full-spectrum","10":"desktop-align-center","11":"tablet-align-center","12":"mobile-align-center","14":"first","15":"instock","16":"taxable","17":"shipping-taxable","18":"purchasable","19":"product-type-simple"},"acf":[],"yoast_head":"<!-- This site is optimized with the Yoast SEO Premium plugin v27.3 (Yoast SEO v27.3) - https:\/\/yoast.com\/product\/yoast-seo-premium-wordpress\/ -->\n<title>Bater\u00eda I-Puff Battery Vape CBD | Iguana Smoke<\/title>\n<meta name=\"description\" content=\"Compra la Bater\u00eda I-Puff Battery Vape CBD recargable con tecnolog\u00eda CCELL. Compatible con pods I-Puff de 0,5 ml y 1 ml. Vape CBD carga USB-C y uso sencillo.\" \/>\n<meta name=\"robots\" content=\"index, follow, max-snippet:-1, max-image-preview:large, max-video-preview:-1\" \/>\n<link rel=\"canonical\" href=\"https:\/\/iguanasmoke.com\/fr\/produit\/i-puff-battery-vape-battery-cbd\/\" \/>\n<meta property=\"og:locale\" content=\"fr_FR\" \/>\n<meta property=\"og:type\" content=\"article\" \/>\n<meta property=\"og:title\" content=\"I-Puff Battery Vape CBD\" \/>\n<meta property=\"og:description\" content=\"Bateria recargable USB-C para Pods I-Puff de 0,5ml y 1ml: 280 MaH  Conexi\u00f3n compatible con las C\u00e1psulas Pods I-Puff System (no incluidas en este producto)  Poste central de acero inoxidable de grado m\u00e9dico  Sistema de aire de doble entrada  Dimensiones: 108,9 x 23 x 11,3 mm\" \/>\n<meta property=\"og:url\" content=\"https:\/\/iguanasmoke.com\/fr\/produit\/i-puff-battery-vape-battery-cbd\/\" \/>\n<meta property=\"og:site_name\" content=\"Iguana Smoke\" \/>\n<meta property=\"article:publisher\" content=\"https:\/\/www.facebook.com\/iguanasmoke\" \/>\n<meta property=\"article:modified_time\" content=\"2026-02-17T10:57:05+00:00\" \/>\n<meta property=\"og:image\" content=\"https:\/\/iguanasmoke.com\/wp-content\/uploads\/2026\/01\/Bolsa-i-Puff-battery-con-bateria-.webp\" \/>\n\t<meta property=\"og:image:width\" content=\"1000\" \/>\n\t<meta property=\"og:image:height\" content=\"1000\" \/>\n\t<meta property=\"og:image:type\" content=\"image\/webp\" \/>\n<meta name=\"twitter:card\" content=\"summary_large_image\" \/>\n<meta name=\"twitter:label1\" content=\"Prix\" \/>\n\t<meta name=\"twitter:data1\" content=\"9,90&nbsp;&euro;\" \/>\n\t<meta name=\"twitter:label2\" content=\"Disponibilit\u00e9\" \/>\n\t<meta name=\"twitter:data2\" content=\"En stock\" \/>\n<meta property=\"product:brand\" content=\"simple\" \/>\n<meta property=\"product:price:amount\" content=\"9.90\" \/>\n<meta property=\"product:price:currency\" content=\"EUR\" \/>\n<meta property=\"og:availability\" content=\"instock\" \/>\n<meta property=\"product:availability\" content=\"instock\" \/>\n<meta property=\"product:retailer_item_id\" content=\"IS-BATTERYPOD\" \/>\n<meta property=\"product:condition\" content=\"new\" \/>\n<!-- \/ Yoast SEO Premium plugin. -->","yoast_head_json":{"title":"I-Puff Battery Vape CBD | Iguana Smoke","description":"Achetez la batterie rechargeable I-Puff Battery Vape CBD avec la technologie CCELL. Compatible avec les dosettes I-Puff de 0,5 ml et 1 ml. Chargement USB-C de Vape CBD et facilit\u00e9 d'utilisation.","robots":{"index":"index","follow":"follow","max-snippet":"max-snippet:-1","max-image-preview":"max-image-preview:large","max-video-preview":"max-video-preview:-1"},"canonical":"https:\/\/iguanasmoke.com\/fr\/produit\/i-puff-battery-vape-battery-cbd\/","og_locale":"fr_FR","og_type":"article","og_title":"I-Puff Battery Vape CBD","og_description":"Bateria recargable USB-C para Pods I-Puff de 0,5ml y 1ml: 280 MaH  Conexi\u00f3n compatible con las C\u00e1psulas Pods I-Puff System (no incluidas en este producto)  Poste central de acero inoxidable de grado m\u00e9dico  Sistema de aire de doble entrada  Dimensiones: 108,9 x 23 x 11,3 mm","og_url":"https:\/\/iguanasmoke.com\/fr\/produit\/i-puff-battery-vape-battery-cbd\/","og_site_name":"Iguana Smoke","article_publisher":"https:\/\/www.facebook.com\/iguanasmoke","article_modified_time":"2026-02-17T10:57:05+00:00","og_image":[{"width":1000,"height":1000,"url":"https:\/\/iguanasmoke.com\/wp-content\/uploads\/2026\/01\/Bolsa-i-Puff-battery-con-bateria-.webp","type":"image\/webp"}],"twitter_card":"summary_large_image","twitter_misc":{"Prix":"9,90&nbsp;&euro;","Disponibilit\u00e9":"En stock"},"schema":{"@context":"https:\/\/schema.org","@graph":[{"@type":"WebPage","@id":"https:\/\/iguanasmoke.com\/producto\/bateria-i-puff-battery-vape-cbd\/","url":"https:\/\/iguanasmoke.com\/producto\/bateria-i-puff-battery-vape-cbd\/","name":"I-Puff Battery Vape CBD | Iguana Smoke","isPartOf":{"@id":"https:\/\/iguanasmoke.com\/#website"},"primaryImageOfPage":{"@id":"https:\/\/iguanasmoke.com\/producto\/bateria-i-puff-battery-vape-cbd\/#primaryimage"},"image":{"@id":"https:\/\/iguanasmoke.com\/producto\/bateria-i-puff-battery-vape-cbd\/#primaryimage"},"thumbnailUrl":"https:\/\/iguanasmoke.com\/wp-content\/uploads\/2026\/01\/Bolsa-i-Puff-battery-con-bateria-.webp","datePublished":"2026-02-04T11:49:53+00:00","dateModified":"2026-02-17T10:57:05+00:00","description":"Achetez la batterie rechargeable I-Puff Battery Vape CBD avec la technologie CCELL. Compatible avec les dosettes I-Puff de 0,5 ml et 1 ml. Chargement USB-C de Vape CBD et facilit\u00e9 d'utilisation.","breadcrumb":{"@id":"https:\/\/iguanasmoke.com\/producto\/bateria-i-puff-battery-vape-cbd\/#breadcrumb"},"inLanguage":"fr-FR","potentialAction":[{"@type":"ReadAction","target":["https:\/\/iguanasmoke.com\/producto\/bateria-i-puff-battery-vape-cbd\/"]}]},{"@type":"ImageObject","inLanguage":"fr-FR","@id":"https:\/\/iguanasmoke.com\/producto\/bateria-i-puff-battery-vape-cbd\/#primaryimage","url":"https:\/\/iguanasmoke.com\/wp-content\/uploads\/2026\/01\/Bolsa-i-Puff-battery-con-bateria-.webp","contentUrl":"https:\/\/iguanasmoke.com\/wp-content\/uploads\/2026\/01\/Bolsa-i-Puff-battery-con-bateria-.webp","width":1000,"height":1000,"caption":"Bater\u00eda I-Puff Power de Iguana Smoke: el dispositivo ideal para usar c\u00e1psulas de CBD Vape de forma c\u00f3moda, segura y reutilizable."},{"@type":"BreadcrumbList","@id":"https:\/\/iguanasmoke.com\/producto\/bateria-i-puff-battery-vape-cbd\/#breadcrumb","itemListElement":[{"@type":"ListItem","position":1,"name":"home","item":"https:\/\/iguanasmoke.com\/"},{"@type":"ListItem","position":2,"name":"Tienda","item":"https:\/\/iguanasmoke.com\/tienda\/"},{"@type":"ListItem","position":3,"name":"Vaper CBD","item":"https:\/\/iguanasmoke.com\/categoria\/vaper-cbd\/"},{"@type":"ListItem","position":4,"name":"Cartuchos","item":"https:\/\/iguanasmoke.com\/categoria\/vaper-cbd\/cartuchos-cbd\/"},{"@type":"ListItem","position":5,"name":"Bater\u00edas y Kits de Vapeo","item":"https:\/\/iguanasmoke.com\/categoria\/vaper-cbd\/cartuchos-cbd\/baterias-y-kits-de-vapeo\/"},{"@type":"ListItem","position":6,"name":"I-Puff Battery Vape CBD"}]},{"@type":"WebSite","@id":"https:\/\/iguanasmoke.com\/#website","url":"https:\/\/iguanasmoke.com\/","name":"Fum\u00e9e d'iguane","description":"Acheter du CBD en ligne au meilleur prix","publisher":{"@id":"https:\/\/iguanasmoke.com\/#organization"},"potentialAction":[{"@type":"SearchAction","target":{"@type":"EntryPoint","urlTemplate":"https:\/\/iguanasmoke.com\/?s={search_term_string}"},"query-input":{"@type":"PropertyValueSpecification","valueRequired":true,"valueName":"search_term_string"}}],"inLanguage":"fr-FR"},{"@type":"Organization","@id":"https:\/\/iguanasmoke.com\/#organization","name":"Fum\u00e9e d'iguane","url":"https:\/\/iguanasmoke.com\/","logo":{"@type":"ImageObject","inLanguage":"fr-FR","@id":"https:\/\/iguanasmoke.com\/#\/schema\/logo\/image\/","url":"https:\/\/iguanasmoke.com\/wp-content\/uploads\/2025\/01\/logoiguana-favi-1.png","contentUrl":"https:\/\/iguanasmoke.com\/wp-content\/uploads\/2025\/01\/logoiguana-favi-1.png","width":512,"height":512,"caption":"Iguana Smoke"},"image":{"@id":"https:\/\/iguanasmoke.com\/#\/schema\/logo\/image\/"},"sameAs":["https:\/\/www.facebook.com\/iguanasmoke","https:\/\/www.instagram.com\/iguanasmoke\/"]}]},"product_brand":"simple","product_price_amount":"9.90","product_price_currency":"EUR","og_availability":"instock","product_availability":"instock","product_retailer_item_id":"IS-BATTERYPOD","product_condition":"new"},"_links":{"self":[{"href":"https:\/\/iguanasmoke.com\/fr\/wp-json\/wp\/v2\/product\/73808","targetHints":{"allow":["GET"]}}],"collection":[{"href":"https:\/\/iguanasmoke.com\/fr\/wp-json\/wp\/v2\/product"}],"about":[{"href":"https:\/\/iguanasmoke.com\/fr\/wp-json\/wp\/v2\/types\/product"}],"replies":[{"embeddable":true,"href":"https:\/\/iguanasmoke.com\/fr\/wp-json\/wp\/v2\/comments?post=73808"}],"wp:featuredmedia":[{"embeddable":true,"href":"https:\/\/iguanasmoke.com\/fr\/wp-json\/wp\/v2\/media\/73666"}],"wp:attachment":[{"href":"https:\/\/iguanasmoke.com\/fr\/wp-json\/wp\/v2\/media?parent=73808"}],"wp:term":[{"taxonomy":"product_brand","embeddable":true,"href":"https:\/\/iguanasmoke.com\/fr\/wp-json\/wp\/v2\/product_brand?post=73808"},{"taxonomy":"product_cat","embeddable":true,"href":"https:\/\/iguanasmoke.com\/fr\/wp-json\/wp\/v2\/product_cat?post=73808"},{"taxonomy":"product_tag","embeddable":true,"href":"https:\/\/iguanasmoke.com\/fr\/wp-json\/wp\/v2\/product_tag?post=73808"}],"curies":[{"name":"wp","href":"https:\/\/api.w.org\/{rel}","templated":true}]}}