{"id":77106,"date":"2026-02-06T14:26:10","date_gmt":"2026-02-06T13:26:10","guid":{"rendered":"https:\/\/iguanasmoke.com\/?post_type=product&#038;p=77106"},"modified":"2026-03-26T09:05:42","modified_gmt":"2026-03-26T08:05:42","slug":"space-hash-piatella-stv-sativanol","status":"publish","type":"product","link":"https:\/\/iguanasmoke.com\/fr\/producto\/space-hash-piatella-stv-sativanol\/","title":{"rendered":"Cendres de l'espace Piatella STV (Sativanol)"},"content":{"rendered":"<h1><span style=\"font-weight: 400\">Space Hash Piatella STV 30% : le m\u00eame haschisch mais am\u00e9lior\u00e9<\/span><\/h1>\n<p><span style=\"font-weight: 400\">Chez Iguana Smoke, nous aimons vous offrir ce qu'il y a de mieux, et c'est pour cette raison que nous vous pr\u00e9sentons les produits suivants <strong>Piatelle de l'espace STV 30%<\/strong>, qui est un bijou pour ceux qui recherchent une <strong>Haschisch sans THC. <\/strong><\/span><\/p>\n<p><span style=\"font-weight: 400\">Ce haschisch, l'un des plus puissants et des meilleurs du march\u00e9, vous est maintenant offert par Sativanol. Les <strong>Super Sativa<\/strong> permet d'obtenir une texture souple et une finition artisanale, pour ceux qui recherchent quelque chose de diff\u00e9rent sans perdre l'essence d'un authentique haschisch de premi\u00e8re qualit\u00e9 :<\/span><\/p>\n<ul>\n<li>Il s'agit d'un produit s\u00fbr qui r\u00e9pond aux normes l\u00e9gales, avec moins de 0,3% THC.<\/li>\n<li>En outre, il ne contient aucun produit chimique ou additif artificiel.<\/li>\n<li>Id\u00e9al pour les consommateurs exigeants et les amateurs de cuisine <a href=\"https:\/\/iguanasmoke.com\/fr\/piatella-hash-cbd-le-haschisch-de-qualite-superieure-a-la-portee-de-tous\/\"><strong>Piatella CBD premium<\/strong><\/a>.<\/li>\n<li>Qualit\u00e9 test\u00e9e par des laboratoires ind\u00e9pendants.<\/li>\n<\/ul>\n<h2><\/h2>\n<h2><strong>Qu'est-ce que STV ? <\/strong><\/h2>\n<p><span style=\"font-weight: 400\">La STV (Super Sativa - Sativanol) est une <strong>cannabino\u00efde semi-synth\u00e9tique<\/strong> qui est d\u00e9riv\u00e9 du chanvre. Il a \u00e9t\u00e9 con\u00e7u pour offrir <strong>effets stimulants, sentiments d'euphorie et moments de clart\u00e9 mentale<\/strong>, tous exempts de THC, de HHC, de THCP et d'analogues psychoactifs. <\/span><\/p>\n<p><span style=\"font-weight: 400\">L'avantage de cette mol\u00e9cule est qu'elle n'est pas connue pour d\u00e9velopper une tol\u00e9rance, ce qui signifie que vous pouvez profiter de ses effets plus longtemps. Vous pouvez faire l'exp\u00e9rience du Space Hash Piatella STV avec un <strong>d\u00e9but mod\u00e9r\u00e9<\/strong> (10-30 minutes) et un <strong>dur\u00e9e 3-4 heures<\/strong>, qui ne provoque pas de somnolence par la suite.\u00a0<\/span><\/p>\n<p><span style=\"font-weight: 400\">Le plus beau, c'est que le STV repr\u00e9sente une <strong>une nouvelle \u00e8re pour les cannabino\u00efdes fonctionnels<\/strong>, id\u00e9al pour les personnes \u00e0 la recherche d'exp\u00e9riences <strong>Type Sativa sans en subir les effets n\u00e9gatifs<\/strong>. Il est tout simplement parfait.\u00a0\u00a0<\/span><\/p>\n<p>&nbsp;<\/p>\n<p><span style=\"font-weight: 400\">\u00a0<\/span><\/p>\n<h2>Caract\u00e9ristiques du Space Hash Piatella STV 30% :<\/h2>\n<ul>\n<li><b>Aspect et texture : <span style=\"font-weight: 400\">se distingue visuellement par son <strong>texture mall\u00e9able<\/strong> qui fond facilement, invitant \u00e0 une exp\u00e9rience tactile aussi agr\u00e9able que son effet. Ce haschisch CBD est fabriqu\u00e9 \u00e0 partir de <strong>mailles de haute pr\u00e9cision<\/strong> pour s\u00e9parer les<strong> glandes r\u00e9sineuses de la mati\u00e8re v\u00e9g\u00e9tale<\/strong>, pour atteindre la perfection. Son c<strong>l'odeur est aussi claire que le miel<\/strong>, vous p\u00e9n\u00e9trera par les yeux.\u00a0<\/span><\/b><\/li>\n<li><span style=\"font-size: 16px;font-weight: 400\"><strong>Ar\u00f4me et go\u00fbt :<\/strong> intense, avec un profil terp\u00e9no\u00efde riche qui combine <strong>notes terreuses, sucr\u00e9es et \u00e9pic\u00e9es<\/strong>. \u00a0<\/span><\/li>\n<li><strong>Origine et puret\u00e9 :<\/strong> <span style=\"font-size: 16px;font-weight: 400\">cette r\u00e9sine provient de sources fiables qui garantissent la<strong> puret\u00e9 et qualit\u00e9<\/strong>. Contrairement \u00e0 d'autres produits, ce haschisch conserve toutes ses propri\u00e9t\u00e9s. <strong>terp\u00e8nes naturels<\/strong>, Cela garantit une exp\u00e9rience olfactive et gustative exceptionnelle.<\/span><span style=\"font-size: 16px;font-weight: 400\">, cruciale pour ceux qui cherchent \u00e0 <strong>CBD bon march\u00e9<\/strong> mais ne veulent pas compromettre la qualit\u00e9 de la <strong>Piatella hashish STV 30%<\/strong>.<\/span><\/li>\n<\/ul>\n<p>&nbsp;<\/p>\n<h3><b>Pourquoi acheter Space Hash Piatella STV chez Iguana Smoke ?<\/b><\/h3>\n<p><span style=\"font-weight: 400\">Chez Iguana Smoke, nous nous engageons sur la qualit\u00e9. Nos produits STV (Sativanol) combinent les deux mondes : le chanvre naturel 100% et les cannabino\u00efdes les plus innovants, offrant une alternative s\u00fbre et l\u00e9gale sans effets psychoactifs. <\/span><strong>Piatelle de l'espace STV <\/strong>se distingue vraiment dans le monde des cannabino\u00efdes.<\/p>\n<p><span style=\"font-weight: 400\">Rassurez-vous, comme vous le savez, chaque unit\u00e9 de notre hachage STV est compos\u00e9e de<strong> mati\u00e8res premi\u00e8res biologiques<\/strong> et est soumis \u00e0 <strong>contr\u00f4les en laboratoire<\/strong>, o\u00f9 la puret\u00e9 et la s\u00e9curit\u00e9 sont garanties<\/span>.<span style=\"font-weight: 400\"> N'oubliez pas qu'Iguana Smoke est votre lieu s\u00fbr. <strong>o\u00f9 acheter du CBD hash et du STV en Espagne : <\/strong>Produits approuv\u00e9s par l'UE, contenant moins de 0,3 % THC, pour une exp\u00e9rience authentique et l\u00e9gale.\u00a0<\/span><\/p>\n<p><span style=\"font-weight: 400\">Vous pouvez consulter l'analyse de la qualit\u00e9 de ce hachis. <a href=\"https:\/\/iguanasmoke.com\/fr\/lanalyse\/\">ici<\/a>.\u00a0<\/span><\/p>\n<p><span style=\"font-weight: 400\">De plus, si vous aimez nos r\u00e9sines CBD plus traditionnelles, comme le <a href=\"https:\/\/iguanasmoke.com\/fr\/produit\/espace-hachage-marocain-stv-sativanol\/\"><strong>Espace Hash Marocain STV<\/strong><\/a>\u00a0vous <\/span><span style=\"font-weight: 400\">nous veillons \u00e0 ce que les <strong>Piatelle de l'espace STV<\/strong> vous \u00e9clairera les sens. N'oubliez pas non plus d'essayer d'autres produits TOP tels que le <a href=\"https:\/\/iguanasmoke.com\/fr\/produit\/flor-gelato-stv-20\/\">Fleurs STV 20%<\/a> et le <a href=\"https:\/\/iguanasmoke.com\/fr\/space-vape-stv-un-vaper-revolutionnaire\/\">Space Vapes STV<\/a>. <\/span><\/p>\n<p><span style=\"font-weight: 400\">En bref, explorez notre vari\u00e9t\u00e9 et trouvez vos favoris d\u00e8s maintenant.\u00a0<\/span><\/p>\n<p>&nbsp;<\/p>\n<h3><b>Iguana Smoke est synonyme de qualit\u00e9 et de fiabilit\u00e9.<\/b><\/h3>\n<p><span style=\"font-weight: 400\">Chez Iguana Smoke, nous pensons que la consommation de STV doit \u00eatre une exp\u00e9rience s\u00fbre et agr\u00e9able. C'est pourquoi nous proposons des produits de haute qualit\u00e9 qui s'adressent aux nouvelles g\u00e9n\u00e9rations : des personnes qui recherchent le bien-\u00eatre sans complications, avec des marques authentiques et fiables. N'oubliez pas que tous nos produits sont du haschisch<strong>\u00a0Sans THC, HHC ni THCP<\/strong>, tels que le <strong>Piatelle de l'espace STV <\/strong>que vous vous appr\u00eatez \u00e0 ramener \u00e0 la maison.<\/span><\/p>\n<p>Vous savez, notre mission est claire : vous apporter le meilleur du monde des cannabino\u00efdes \u00e0 un prix \u00e9quitable, avec la tranquillit\u00e9 d'esprit de savoir que vous choisissez un produit certifi\u00e9, efficace et 100% l\u00e9gal. Nous sommes \u00e0 l'avant-garde des produits CBD.<\/p>\n<p>Vous avez encore des doutes ? Ecrivez-nous et nous nous ferons un plaisir de vous aider \u00e0 trouver le produit qui vous convient.<\/p>\n<p>&nbsp;<\/p>\n<p>*<em><span style=\"font-weight: 400\">N'oubliez pas que son utilisation est destin\u00e9e \u00e0 la collecte ou \u00e0 l'aromath\u00e9rapie, conform\u00e9ment \u00e0 la l\u00e9gislation espagnole.\u00a0<\/span><\/em><\/p>","protected":false},"excerpt":{"rendered":"<p><span style=\"font-weight: 400\">\u00a0Essayez le <strong>Piatelle de l'espace STV<\/strong> 30%, enrichi en STV(Sativanol), apporte clart\u00e9 et l\u00e9g\u00e8re euphorie :<\/span><\/p>\n<ul>\n<li><strong>STV<\/strong>30%, garantissant une haute intensit\u00e9.<\/li>\n<li><strong style=\"font-size: 16px;font-style: normal\">Couleur blond clair<\/strong><\/li>\n<li><strong>Ar\u00f4me <\/strong>avec une touche \u00e9pic\u00e9e qui rappelle les r\u00e9sines traditionnelles.<\/li>\n<li>100% l\u00e9gal en Europe - moins de 0,3% de THC.<\/li>\n<\/ul>\n<p>Analyse de la qualit\u00e9 : cliquez\u00a0<a href=\"https:\/\/iguanasmoke.com\/fr\/lanalyse\/\" target=\"_blank\" rel=\"noopener\">ici<\/a><\/p>","protected":false},"featured_media":77110,"comment_status":"open","ping_status":"closed","template":"","meta":{"_acf_changed":false,"site-sidebar-layout":"default","site-content-layout":"","ast-site-content-layout":"default","site-content-style":"default","site-sidebar-style":"default","ast-global-header-display":"","ast-banner-title-visibility":"","ast-main-header-display":"","ast-hfb-above-header-display":"","ast-hfb-below-header-display":"","ast-hfb-mobile-header-display":"","site-post-title":"","ast-breadcrumbs-content":"","ast-featured-img":"","footer-sml-layout":"","theme-transparent-header-meta":"default","adv-header-id-meta":"","stick-header-meta":"","header-above-stick-meta":"","header-main-stick-meta":"","header-below-stick-meta":"","astra-migrate-meta-layouts":"set","ast-page-background-enabled":"default","ast-page-background-meta":{"desktop":{"background-color":"var(--ast-global-color-4)","background-image":"","background-repeat":"repeat","background-position":"center center","background-size":"auto","background-attachment":"scroll","background-type":"","background-media":"","overlay-type":"","overlay-color":"","overlay-opacity":"","overlay-gradient":""},"tablet":{"background-color":"","background-image":"","background-repeat":"repeat","background-position":"center center","background-size":"auto","background-attachment":"scroll","background-type":"","background-media":"","overlay-type":"","overlay-color":"","overlay-opacity":"","overlay-gradient":""},"mobile":{"background-color":"","background-image":"","background-repeat":"repeat","background-position":"center center","background-size":"auto","background-attachment":"scroll","background-type":"","background-media":"","overlay-type":"","overlay-color":"","overlay-opacity":"","overlay-gradient":""}},"ast-content-background-meta":{"desktop":{"background-color":"var(--ast-global-color-5)","background-image":"","background-repeat":"repeat","background-position":"center center","background-size":"auto","background-attachment":"scroll","background-type":"","background-media":"","overlay-type":"","overlay-color":"","overlay-opacity":"","overlay-gradient":""},"tablet":{"background-color":"var(--ast-global-color-5)","background-image":"","background-repeat":"repeat","background-position":"center center","background-size":"auto","background-attachment":"scroll","background-type":"","background-media":"","overlay-type":"","overlay-color":"","overlay-opacity":"","overlay-gradient":""},"mobile":{"background-color":"var(--ast-global-color-5)","background-image":"","background-repeat":"repeat","background-position":"center center","background-size":"auto","background-attachment":"scroll","background-type":"","background-media":"","overlay-type":"","overlay-color":"","overlay-opacity":"","overlay-gradient":""}}},"product_brand":[],"product_cat":[397,628,549],"product_tag":[],"class_list":{"0":"post-77106","1":"product","2":"type-product","3":"status-publish","4":"has-post-thumbnail","6":"product_cat-hash-cbd","7":"product_cat-nuevas-moleculas","8":"product_cat-sativanol","9":"desktop-align-center","10":"tablet-align-center","11":"mobile-align-center","13":"first","14":"instock","15":"taxable","16":"shipping-taxable","17":"purchasable","18":"product-type-variable"},"acf":[],"yoast_head":"<!-- This site is optimized with the Yoast SEO Premium plugin v27.3 (Yoast SEO v27.3) - https:\/\/yoast.com\/product\/yoast-seo-premium-wordpress\/ -->\n<title>Space Hash Piatella STV: hach\u00eds sin THC | Iguana Smoke<\/title>\n<meta name=\"description\" content=\"Experimenta la calidad del Space Hash Piatella STV de Iguana Smoke. Es un producto premium perfecto para quienes buscan lo mejor. \u00a1Adquiere el tuyo!\" \/>\n<meta name=\"robots\" content=\"index, follow, max-snippet:-1, max-image-preview:large, max-video-preview:-1\" \/>\n<link rel=\"canonical\" href=\"https:\/\/iguanasmoke.com\/fr\/produit\/space-hash-piatella-stv-sativanol\/\" \/>\n<meta property=\"og:locale\" content=\"fr_FR\" \/>\n<meta property=\"og:type\" content=\"article\" \/>\n<meta property=\"og:title\" content=\"Space Hash Piatella STV (Sativanol)\" \/>\n<meta property=\"og:description\" content=\"\u00a0Prueba el Space Hash Piatella STV 30%, enriquecido con STV(Sativanol), aporta claridad y euforia ligera:   STV: 30%, garantizando una alta intensidad.  Color rubio claro  Aroma con un toque especiado que recuerda a las resinas tradicionales.  100% legal en Europa - menos del 0,3% THC.  An\u00e1lisis de calidad: pincha\u00a0aqu\u00ed\" \/>\n<meta property=\"og:url\" content=\"https:\/\/iguanasmoke.com\/fr\/produit\/space-hash-piatella-stv-sativanol\/\" \/>\n<meta property=\"og:site_name\" content=\"Iguana Smoke\" \/>\n<meta property=\"article:publisher\" content=\"https:\/\/www.facebook.com\/iguanasmoke\" \/>\n<meta property=\"article:modified_time\" content=\"2026-03-26T08:05:42+00:00\" \/>\n<meta property=\"og:image\" content=\"https:\/\/iguanasmoke.com\/wp-content\/uploads\/2026\/02\/Space-Hash-Piatella-2g-con-resina.webp\" \/>\n\t<meta property=\"og:image:width\" content=\"1000\" \/>\n\t<meta property=\"og:image:height\" content=\"1000\" \/>\n\t<meta property=\"og:image:type\" content=\"image\/webp\" \/>\n<meta name=\"twitter:card\" content=\"summary_large_image\" \/>\n<meta name=\"twitter:label1\" content=\"Disponibilit\u00e9\" \/>\n\t<meta name=\"twitter:data1\" content=\"En stock\" \/>\n<meta property=\"product:brand\" content=\"variable\" \/>\n<meta property=\"og:availability\" content=\"instock\" \/>\n<meta property=\"product:availability\" content=\"instock\" \/>\n<meta property=\"product:condition\" content=\"new\" \/>\n<!-- \/ Yoast SEO Premium plugin. -->","yoast_head_json":{"title":"Space Hash Piatella STV : haschisch sans THC : Iguana Smoke","description":"D\u00e9couvrez la qualit\u00e9 du Space Hash Piatella STV d'Iguana Smoke. C'est un produit de premi\u00e8re qualit\u00e9, parfait pour ceux qui recherchent ce qu'il y a de mieux - procurez-vous le v\u00f4tre !","robots":{"index":"index","follow":"follow","max-snippet":"max-snippet:-1","max-image-preview":"max-image-preview:large","max-video-preview":"max-video-preview:-1"},"canonical":"https:\/\/iguanasmoke.com\/fr\/produit\/space-hash-piatella-stv-sativanol\/","og_locale":"fr_FR","og_type":"article","og_title":"Space Hash Piatella STV (Sativanol)","og_description":"\u00a0Prueba el Space Hash Piatella STV 30%, enriquecido con STV(Sativanol), aporta claridad y euforia ligera:   STV: 30%, garantizando una alta intensidad.  Color rubio claro  Aroma con un toque especiado que recuerda a las resinas tradicionales.  100% legal en Europa - menos del 0,3% THC.  An\u00e1lisis de calidad: pincha\u00a0aqu\u00ed","og_url":"https:\/\/iguanasmoke.com\/fr\/produit\/space-hash-piatella-stv-sativanol\/","og_site_name":"Iguana Smoke","article_publisher":"https:\/\/www.facebook.com\/iguanasmoke","article_modified_time":"2026-03-26T08:05:42+00:00","og_image":[{"width":1000,"height":1000,"url":"https:\/\/iguanasmoke.com\/wp-content\/uploads\/2026\/02\/Space-Hash-Piatella-2g-con-resina.webp","type":"image\/webp"}],"twitter_card":"summary_large_image","twitter_misc":{"Disponibilit\u00e9":"En stock"},"schema":{"@context":"https:\/\/schema.org","@graph":[{"@type":"WebPage","@id":"https:\/\/iguanasmoke.com\/producto\/space-hash-piatella-stv-sativanol\/","url":"https:\/\/iguanasmoke.com\/producto\/space-hash-piatella-stv-sativanol\/","name":"Space Hash Piatella STV : haschisch sans THC : Iguana Smoke","isPartOf":{"@id":"https:\/\/iguanasmoke.com\/#website"},"primaryImageOfPage":{"@id":"https:\/\/iguanasmoke.com\/producto\/space-hash-piatella-stv-sativanol\/#primaryimage"},"image":{"@id":"https:\/\/iguanasmoke.com\/producto\/space-hash-piatella-stv-sativanol\/#primaryimage"},"thumbnailUrl":"https:\/\/iguanasmoke.com\/wp-content\/uploads\/2026\/02\/Space-Hash-Piatella-2g-con-resina.webp","datePublished":"2026-02-06T13:26:10+00:00","dateModified":"2026-03-26T08:05:42+00:00","description":"D\u00e9couvrez la qualit\u00e9 du Space Hash Piatella STV d'Iguana Smoke. C'est un produit de premi\u00e8re qualit\u00e9, parfait pour ceux qui recherchent ce qu'il y a de mieux - procurez-vous le v\u00f4tre !","breadcrumb":{"@id":"https:\/\/iguanasmoke.com\/producto\/space-hash-piatella-stv-sativanol\/#breadcrumb"},"inLanguage":"fr-FR","potentialAction":[{"@type":"ReadAction","target":["https:\/\/iguanasmoke.com\/producto\/space-hash-piatella-stv-sativanol\/"]}]},{"@type":"ImageObject","inLanguage":"fr-FR","@id":"https:\/\/iguanasmoke.com\/producto\/space-hash-piatella-stv-sativanol\/#primaryimage","url":"https:\/\/iguanasmoke.com\/wp-content\/uploads\/2026\/02\/Space-Hash-Piatella-2g-con-resina.webp","contentUrl":"https:\/\/iguanasmoke.com\/wp-content\/uploads\/2026\/02\/Space-Hash-Piatella-2g-con-resina.webp","width":1000,"height":1000,"caption":"Space Hash Piatella STV 2 g con bote nueva pegatina"},{"@type":"BreadcrumbList","@id":"https:\/\/iguanasmoke.com\/producto\/space-hash-piatella-stv-sativanol\/#breadcrumb","itemListElement":[{"@type":"ListItem","position":1,"name":"home","item":"https:\/\/iguanasmoke.com\/"},{"@type":"ListItem","position":2,"name":"Tienda","item":"https:\/\/iguanasmoke.com\/tienda\/"},{"@type":"ListItem","position":3,"name":"Nuevas Mol\u00e9culas","item":"https:\/\/iguanasmoke.com\/categoria\/nuevas-moleculas\/"},{"@type":"ListItem","position":4,"name":"Space Hash Piatella STV (Sativanol)"}]},{"@type":"WebSite","@id":"https:\/\/iguanasmoke.com\/#website","url":"https:\/\/iguanasmoke.com\/","name":"Fum\u00e9e d'iguane","description":"Acheter du CBD en ligne au meilleur prix","publisher":{"@id":"https:\/\/iguanasmoke.com\/#organization"},"potentialAction":[{"@type":"SearchAction","target":{"@type":"EntryPoint","urlTemplate":"https:\/\/iguanasmoke.com\/?s={search_term_string}"},"query-input":{"@type":"PropertyValueSpecification","valueRequired":true,"valueName":"search_term_string"}}],"inLanguage":"fr-FR"},{"@type":"Organization","@id":"https:\/\/iguanasmoke.com\/#organization","name":"Fum\u00e9e d'iguane","url":"https:\/\/iguanasmoke.com\/","logo":{"@type":"ImageObject","inLanguage":"fr-FR","@id":"https:\/\/iguanasmoke.com\/#\/schema\/logo\/image\/","url":"https:\/\/iguanasmoke.com\/wp-content\/uploads\/2025\/01\/logoiguana-favi-1.png","contentUrl":"https:\/\/iguanasmoke.com\/wp-content\/uploads\/2025\/01\/logoiguana-favi-1.png","width":512,"height":512,"caption":"Iguana Smoke"},"image":{"@id":"https:\/\/iguanasmoke.com\/#\/schema\/logo\/image\/"},"sameAs":["https:\/\/www.facebook.com\/iguanasmoke","https:\/\/www.instagram.com\/iguanasmoke\/"]}]},"product_brand":"variable","og_availability":"instock","product_availability":"instock","product_condition":"new"},"_links":{"self":[{"href":"https:\/\/iguanasmoke.com\/fr\/wp-json\/wp\/v2\/product\/77106","targetHints":{"allow":["GET"]}}],"collection":[{"href":"https:\/\/iguanasmoke.com\/fr\/wp-json\/wp\/v2\/product"}],"about":[{"href":"https:\/\/iguanasmoke.com\/fr\/wp-json\/wp\/v2\/types\/product"}],"replies":[{"embeddable":true,"href":"https:\/\/iguanasmoke.com\/fr\/wp-json\/wp\/v2\/comments?post=77106"}],"wp:featuredmedia":[{"embeddable":true,"href":"https:\/\/iguanasmoke.com\/fr\/wp-json\/wp\/v2\/media\/77110"}],"wp:attachment":[{"href":"https:\/\/iguanasmoke.com\/fr\/wp-json\/wp\/v2\/media?parent=77106"}],"wp:term":[{"taxonomy":"product_brand","embeddable":true,"href":"https:\/\/iguanasmoke.com\/fr\/wp-json\/wp\/v2\/product_brand?post=77106"},{"taxonomy":"product_cat","embeddable":true,"href":"https:\/\/iguanasmoke.com\/fr\/wp-json\/wp\/v2\/product_cat?post=77106"},{"taxonomy":"product_tag","embeddable":true,"href":"https:\/\/iguanasmoke.com\/fr\/wp-json\/wp\/v2\/product_tag?post=77106"}],"curies":[{"name":"wp","href":"https:\/\/api.w.org\/{rel}","templated":true}]}}