{"id":81154,"date":"2026-03-13T14:50:45","date_gmt":"2026-03-13T13:50:45","guid":{"rendered":"https:\/\/iguanasmoke.com\/?post_type=product&#038;p=81154"},"modified":"2026-03-19T13:09:14","modified_gmt":"2026-03-19T12:09:14","slug":"flower-10-oh-gelato-space-flowers","status":"publish","type":"product","link":"https:\/\/iguanasmoke.com\/fr\/producto\/flor-10-oh-gelato-space-flowers\/","title":{"rendered":"10-OH Gelato Space Flowers"},"content":{"rendered":"<h1 data-start=\"1609\" data-end=\"1642\"><span style=\"font-weight: 400;\">Flor 10-OH Gelato <\/span><span style=\"font-weight: 400;\">Fleurs de l'espace<\/span><\/h1>\n<p data-start=\"549\" data-end=\"976\"><span style=\"font-weight: 400;\">Si vous cherchez \u00e0 acheter du 10-OH fleurs en ligne de la plus haute qualit\u00e9, <strong>10-OH Gelato Space Flowers <\/strong>est le choix parfait pour ceux qui appr\u00e9cient les bourgeons avec une grande pr\u00e9sence, un ar\u00f4me intense et une esth\u00e9tique de premi\u00e8re qualit\u00e9. Cette vari\u00e9t\u00e9,<strong> enrichie avec la mol\u00e9cule 10-OH<\/strong> se distingue sur le march\u00e9 des bourgeons 10-OH et va plus loin dans la fonctionnalit\u00e9 gr\u00e2ce \u00e0 sa structure compacte.<\/span><\/p>\n<p data-start=\"549\" data-end=\"976\"><span style=\"font-weight: 400;\">Gr\u00e2ce \u00e0 son <strong>l'agriculture biologique sans pesticides<\/strong>, Naturellement s\u00e9ch\u00e9e et d'une esth\u00e9tique r\u00e9sineuse compacte, la fleur 10-OH Gelato est parfaite pour ceux qui veulent une fleur puissante et propre avec un effet \u00e9quilibr\u00e9, semblable aux bourgeons de cannabis classiques, mais sans les effets psychoactifs du THC.  C'est pourquoi de nombreuses personnes optent pour la<strong> acheter des fleurs 10-OH<\/strong> parce que cette fleur est une alternative l\u00e9gale aux bourgeons de marijuana.<\/span><\/p>\n<p data-start=\"549\" data-end=\"976\"><span style=\"font-weight: 400;\"> Au <strong>Fum\u00e9e d'iguane<\/strong>, nous s\u00e9lectionnons soigneusement chaque lot pour vous offrir un <strong>Gelato 10-OH <\/strong><\/span><span style=\"font-weight: 400;\"><b>impressionnant<\/b>, pens\u00e9 pour les v\u00e9ritables amateurs de fleurs.<\/span><\/p>\n<p>&nbsp;<\/p>\n<h2 data-section-id=\"gmpuro\" data-start=\"837\" data-end=\"870\">\u00c0 quoi ressemble la fleur 10-OH Gelato ?<\/h2>\n<p><span style=\"font-weight: 400;\">Cette fleur de CBD est devenue une option recherch\u00e9e pour ceux qui veulent <strong>acheter des bourgeons de CBD de haute qualit\u00e9 en ligne<\/strong>. Ce n'est pas une co\u00efncidence, car cette vari\u00e9t\u00e9 se distingue par ses caract\u00e9ristiques suivantes <strong>ar\u00f4me doux et puissant <\/strong>et son <strong>profil terp\u00e9nique<\/strong> caract\u00e9ristique du Flor Gelato. <\/span><\/p>\n<ul>\n<li><span style=\"font-weight: 400;\"><strong>Type et pourcentage de CBD :<\/strong> Cette fleur \u00e0 dominante Sativa contient 15% de CBD et est enrichie en 10-OH.<\/span><\/li>\n<li><span style=\"font-weight: 400;\"><strong>Apparence<\/strong>: buds <\/span><span style=\"font-weight: 400;\">pistils denses vert fonc\u00e9 et orange<strong style=\"font-weight: 400;\">;\u00a0<\/strong>avec un enrobage r\u00e9sineux rappelant la fleur de cannabis.<\/span><\/li>\n<li><span style=\"font-weight: 400;\"><strong>Ar\u00f4me<\/strong>M\u00e9lange cr\u00e9meux avec des notes d'agrumes et de terre, parfait pour les amateurs d'ar\u00f4mes intenses.\u00a0<\/span><\/li>\n<li><span style=\"font-weight: 400;\"><strong>Origine<\/strong>: provient d'un <strong>g\u00e9n\u00e9tique<\/strong> <strong>s\u00e9lectionn\u00e9<\/strong> pour maximiser le CBD et pr\u00e9server <strong>l'\u00e2me du Gelato original<\/strong>. Une fleur de CBD l\u00e9gale, cultiv\u00e9e de mani\u00e8re durable et dont la tra\u00e7abilit\u00e9 est garantie. <\/span><\/li>\n<\/ul>\n<p><span style=\"font-weight: 400;\">Les <strong>les fleurs 10-OH deviennent de plus en plus populaires<\/strong> visuellement, ils rappellent <strong>t\u00eates de cannabis traditionnelles<\/strong>. De plus, dans les pays o\u00f9 le cannabis est l\u00e9gal, certains utilisateurs <strong>relatan sensaciones que pueden recordar<\/strong> associ\u00e9es au THC ou \u00e0 la marijuana.\u00a0<\/span><\/p>\n<p>&nbsp;<\/p>\n<h2><strong>Guide rapide pour choisir les bonnes t\u00eates 10-OH<\/strong><\/h2>\n<ul>\n<li><span style=\"font-weight: 400;\">V\u00e9rifiez la teneur en CBD et en THC. <\/span><\/li>\n<li><span style=\"font-weight: 400;\">Opter pour des marques fiables et transparentes<\/span><\/li>\n<li>Examine l'apparence des t\u00eates.<\/li>\n<li><span style=\"font-weight: 400;\">V\u00e9rifier les certifications et les contr\u00f4les de qualit\u00e9 <\/span><\/li>\n<li><span style=\"font-weight: 400;\">Voir les avis de clients r\u00e9els <\/span><\/li>\n<\/ul>\n<p><span style=\"font-weight: 400;\">Au <strong>Fum\u00e9e d'iguane<\/strong>, notre communaut\u00e9 est le meilleur gage de confiance. Ne manquez pas notre <strong>10-OH Gelato Space Flowers<\/strong><strong>\u00a0<\/strong>plus authentique.<\/span><\/p>\n<p>&nbsp;<\/p>\n<p>&nbsp;<\/p>\n<h2 data-start=\"1548\" data-end=\"1601\">Pourquoi acheter <span style=\"font-weight: 400;\"><strong>Flor 10-OH Gelato <\/strong><\/span>dans la fum\u00e9e d'iguane ?<\/h2>\n<p data-start=\"2504\" data-end=\"2696\"><span style=\"font-weight: 400;\">Si vous vous demandez o\u00f9 acheter des fleurs de CBD en ligne, chez Iguana Smoke nous vous donnons plusieurs raisons de le faire avec nous : <\/span><\/p>\n<ol>\n<li style=\"list-style-type: none;\">\n<ol>\n<li data-start=\"2504\" data-end=\"2696\"><span style=\"font-weight: 400;\">\u2705 <strong>Fleurs de CBD de qualit\u00e9 sup\u00e9rieure et \u00e9conomiques :<\/strong> une qualit\u00e9 sup\u00e9rieure \u00e0 des prix raisonnables.<\/span><\/li>\n<li data-start=\"2504\" data-end=\"2696\"><span style=\"font-weight: 400;\">\u2705 <strong>L'agriculture biologique :<\/strong> sans pesticides, sans produits chimiques, sans OGM<\/span><\/li>\n<li data-start=\"2504\" data-end=\"2696\"><span style=\"font-weight: 400;\">\u2705 <strong>S\u00e9lection de vari\u00e9t\u00e9s populaires<\/strong>\u00a0comme Gelato, Amnesia et Gorilla Glue<\/span><\/li>\n<li data-start=\"2504\" data-end=\"2696\"><span style=\"font-weight: 400;\">\u2705 <strong>Teneur en THC &lt;0,3% :<\/strong> l\u00e9gal 100% en Espagne et en Europe<\/span><\/li>\n<li data-start=\"2504\" data-end=\"2696\"><span style=\"font-weight: 400;\">\u2705 <strong>Livraison rapide et discr\u00e8te :<\/strong> en 24\/48 heures, vous l'avez chez vous<\/span><\/li>\n<li data-start=\"2504\" data-end=\"2696\"><span style=\"font-weight: 400;\"> \u2705 <strong>Plateforme de paiement s\u00e9curis\u00e9<\/strong><\/span><\/li>\n<li data-start=\"2504\" data-end=\"2696\"><span style=\"font-weight: 400;\">\u2705 <strong>Experts en produits CBD<\/strong>: <strong><a href=\"https:\/\/iguanasmoke.com\/fr\/categorie\/hash-cbd\/\">R\u00e9sines<\/a><\/strong>, <a href=\"https:\/\/iguanasmoke.com\/fr\/categorie\/huile-de-cbd\/\"><strong>Huiles<\/strong><\/a>, <a href=\"https:\/\/iguanasmoke.com\/fr\/categorie\/pop-corn-cbd-cbd-petits-bourgeons-cbd-mini-buds-cbd\/\"><strong>Ma\u00efs souffl\u00e9<\/strong><\/a>, <a href=\"https:\/\/iguanasmoke.com\/fr\/categorie\/extraits-de-cbd\/\"><strong>Extraits<\/strong><\/a>, <a href=\"https:\/\/iguanasmoke.com\/fr\/categorie\/cbd-vaper-2\/\"><strong>Vapeurs<\/strong> <\/a>et bien plus encore<\/span><\/li>\n<\/ol>\n<\/li>\n<\/ol>\n<p><span style=\"font-weight: 400;\">En outre, toutes nos fleurs de CBD sont<strong> approuv\u00e9 par l'UE<\/strong>, Nous garantissons sa l\u00e9galit\u00e9 et sa s\u00e9curit\u00e9. Nous avons<a href=\"https:\/\/iguanasmoke.com\/fr\/lanalyse\/\"><strong> rapports de laboratoires ind\u00e9pendants<\/strong><\/a> pour v\u00e9rifier leur qualit\u00e9 et leur tra\u00e7abilit\u00e9. <\/span><\/p>\n<p><span style=\"font-weight: 400;\">Avez-vous d\u00e9j\u00e0 essay\u00e9 notre <strong style=\"font-weight: 400;\"><a href=\"https:\/\/iguanasmoke.com\/fr\/produit\/flower-10-oh-gorilla-glue-space-flowers\/\">Fleur 10-OH Colle Gorilla<\/a><\/strong>, notre <a style=\"font-weight: 400;\" href=\"https:\/\/iguanasmoke.com\/fr\/categorie\/nouvelles-molecules\/\"><strong>Vapers 10-OH <\/strong><\/a>ou notre <a style=\"font-weight: 400;\" href=\"https:\/\/iguanasmoke.com\/fr\/produit\/space-hash-dry-sift-10-oh\/\"><strong>Espace Hash Dry Sift 10-OH<\/strong><\/a>? Ne manquez pas le <strong><a href=\"https:\/\/iguanasmoke.com\/fr\/categorie\/cbd\/pret-a-rouler\/\">Bourgeons de fleurs CBD premium<\/a><\/strong> ou le <a style=\"font-weight: 400;\" href=\"https:\/\/iguanasmoke.com\/fr\/categorie\/pop-corn-cbd-cbd-petits-bourgeons-cbd-mini-buds-cbd\/\"><strong>Petits bourgeons CBD - Pop Corn<\/strong><\/a> les plus c\u00e9l\u00e8bres du march\u00e9.<\/span><\/p>\n<p>&nbsp;<\/p>\n<h3><b>Iguana Smoke est votre boutique de cannabino\u00efdes l\u00e9gaux en ligne\u00a0<\/b><\/h3>\n<p><span style=\"font-weight: 400;\">Au<strong> Fum\u00e9e d'iguane<\/strong>, Nous pensons que la consommation de CBD doit se faire en toute s\u00e9curit\u00e9. C'est pourquoi nous proposons des produits comme celui-ci <strong>Flor 10-OH Gelato <\/strong><strong>Fleurs de l'espace<\/strong>, La marque s'adresse aux nouvelles g\u00e9n\u00e9rations : des personnes qui recherchent un bien-\u00eatre simple, avec des marques authentiques et fiables. <\/span><\/p>\n<p><span style=\"font-weight: 400;\">Vous savez, notre mission est claire :<strong> vous apporter le meilleur du monde du CBD \u00e0 un prix \u00e9quitable<\/strong>. De plus, nous vous offrons la tranquillit\u00e9 d'esprit que procure le choix d'un produit de qualit\u00e9. <strong>produit certifi\u00e9, efficace et l\u00e9gal 100%<\/strong>. Faites le pas, achetez votre fleur de CBD d\u00e8s aujourd'hui et faites passer votre exp\u00e9rience \u00e0 un autre niveau.\u00a0<\/span><\/p>\n<p>Vous avez encore des doutes ? Ecrivez-nous et nous nous ferons un plaisir de vous aider \u00e0 trouver le produit qui vous convient.<\/p>\n<p>&nbsp;<\/p>\n<p>&nbsp;<\/p>\n<h6>\u2139\ufe0f<strong> Informations juridiques<\/strong><\/h6>\n<p><em><span style=\"font-weight: 400;\">*Produit destin\u00e9 \u00e0 la collection ou \u00e0 l'aromath\u00e9rapie, conform\u00e9ment \u00e0 la l\u00e9gislation espagnole en vigueur. <\/span><\/em><\/p>\n<p><em><span style=\"font-weight: 400;\">**D\u00e9riv\u00e9 de chanvre industriel certifi\u00e9. Contient moins de 0,3 THC et ne contient pas de cannabino\u00efdes ill\u00e9gaux tels que HHC, HHC-P, THCP, THCP-O, H4CBD ou des substances \u00e9num\u00e9r\u00e9es \u00e0 l'annexe I du d\u00e9cret royal 2829\/1977, ni de substances contr\u00f4l\u00e9es par des conventions internationales.\u00a0\u00a0<\/span><\/em><\/p>","protected":false},"excerpt":{"rendered":"<p><span style=\"font-weight: 400;\">Cette fleur de 10-OH se distingue par ses tons d'agrumes et de fra\u00eecheur, cr\u00e9ant une exp\u00e9rience olfactive m\u00e9morable :<\/span><\/p>\n<ul>\n<li>Fleur de CBD de qualit\u00e9 sup\u00e9rieure enrichie en 10-OH<\/li>\n<li>THC : &lt;0,3%<\/li>\n<li>Ar\u00f4me piquant, doux et acide<\/li>\n<li>100% l\u00e9gal Espagne et Europe<\/li>\n<\/ul>\n<p><span style=\"font-weight: 400;\">Consultation<strong> <a href=\"https:\/\/iguanasmoke.com\/fr\/lanalyse\/\">analyse en laboratoire.<\/a><\/strong><\/span><\/p>","protected":false},"featured_media":81164,"comment_status":"open","ping_status":"closed","template":"","meta":{"_acf_changed":false,"site-sidebar-layout":"default","site-content-layout":"","ast-site-content-layout":"default","site-content-style":"default","site-sidebar-style":"default","ast-global-header-display":"","ast-banner-title-visibility":"","ast-main-header-display":"","ast-hfb-above-header-display":"","ast-hfb-below-header-display":"","ast-hfb-mobile-header-display":"","site-post-title":"","ast-breadcrumbs-content":"","ast-featured-img":"","footer-sml-layout":"","theme-transparent-header-meta":"default","adv-header-id-meta":"","stick-header-meta":"","header-above-stick-meta":"","header-main-stick-meta":"","header-below-stick-meta":"","astra-migrate-meta-layouts":"set","ast-page-background-enabled":"default","ast-page-background-meta":{"desktop":{"background-color":"var(--ast-global-color-4)","background-image":"","background-repeat":"repeat","background-position":"center center","background-size":"auto","background-attachment":"scroll","background-type":"","background-media":"","overlay-type":"","overlay-color":"","overlay-opacity":"","overlay-gradient":""},"tablet":{"background-color":"","background-image":"","background-repeat":"repeat","background-position":"center center","background-size":"auto","background-attachment":"scroll","background-type":"","background-media":"","overlay-type":"","overlay-color":"","overlay-opacity":"","overlay-gradient":""},"mobile":{"background-color":"","background-image":"","background-repeat":"repeat","background-position":"center center","background-size":"auto","background-attachment":"scroll","background-type":"","background-media":"","overlay-type":"","overlay-color":"","overlay-opacity":"","overlay-gradient":""}},"ast-content-background-meta":{"desktop":{"background-color":"var(--ast-global-color-5)","background-image":"","background-repeat":"repeat","background-position":"center center","background-size":"auto","background-attachment":"scroll","background-type":"","background-media":"","overlay-type":"","overlay-color":"","overlay-opacity":"","overlay-gradient":""},"tablet":{"background-color":"var(--ast-global-color-5)","background-image":"","background-repeat":"repeat","background-position":"center center","background-size":"auto","background-attachment":"scroll","background-type":"","background-media":"","overlay-type":"","overlay-color":"","overlay-opacity":"","overlay-gradient":""},"mobile":{"background-color":"var(--ast-global-color-5)","background-image":"","background-repeat":"repeat","background-position":"center center","background-size":"auto","background-attachment":"scroll","background-type":"","background-media":"","overlay-type":"","overlay-color":"","overlay-opacity":"","overlay-gradient":""}}},"product_brand":[],"product_cat":[550,990,628],"product_tag":[],"class_list":{"0":"post-81154","1":"product","2":"type-product","3":"status-publish","4":"has-post-thumbnail","6":"product_cat-10oh","7":"product_cat-flores-10-oh","8":"product_cat-nuevas-moleculas","9":"desktop-align-center","10":"tablet-align-center","11":"mobile-align-center","13":"first","14":"instock","15":"taxable","16":"shipping-taxable","17":"purchasable","18":"product-type-variable"},"acf":[],"yoast_head":"<!-- This site is optimized with the Yoast SEO Premium plugin v27.3 (Yoast SEO v27.3) - https:\/\/yoast.com\/product\/yoast-seo-premium-wordpress\/ -->\n<title>Flor 10-OH Gelato Space Flowers: Compra flores 10-OH | Iguana Smoke<\/title>\n<meta name=\"description\" content=\"Comprar la Flor 10-OH Gelato Space Flowers: Cogollos 10-OH con aroma dulce y apariencia resinosa tipo cannabis. Alternativa legal a cogollos de marihuana.\" \/>\n<meta name=\"robots\" content=\"index, follow, max-snippet:-1, max-image-preview:large, max-video-preview:-1\" \/>\n<link rel=\"canonical\" href=\"https:\/\/iguanasmoke.com\/fr\/produit\/flower-10-oh-gelato-space-flowers\/\" \/>\n<meta property=\"og:locale\" content=\"fr_FR\" \/>\n<meta property=\"og:type\" content=\"article\" \/>\n<meta property=\"og:title\" content=\"Flor 10-OH Gelato Space Flowers\" \/>\n<meta property=\"og:description\" content=\"Esta Flor 10-OH destaca por sus tonos c\u00edtricos y frescos, creando una experiencia olfativa memorable:   Flor CBD premium enriquecida con 10-OH  THC: &lt;0,3%  Aroma penetrante y agridulce  100% legal Espa\u00f1a y Europa  Consulta el an\u00e1lisis de laboratorio.\" \/>\n<meta property=\"og:url\" content=\"https:\/\/iguanasmoke.com\/fr\/produit\/flower-10-oh-gelato-space-flowers\/\" \/>\n<meta property=\"og:site_name\" content=\"Iguana Smoke\" \/>\n<meta property=\"article:publisher\" content=\"https:\/\/www.facebook.com\/iguanasmoke\" \/>\n<meta property=\"article:modified_time\" content=\"2026-03-19T12:09:14+00:00\" \/>\n<meta property=\"og:image\" content=\"https:\/\/iguanasmoke.com\/wp-content\/uploads\/2026\/03\/Space-Flowers-Gelato-5g-10-OH-con-cogollo.webp\" \/>\n\t<meta property=\"og:image:width\" content=\"1000\" \/>\n\t<meta property=\"og:image:height\" content=\"1000\" \/>\n\t<meta property=\"og:image:type\" content=\"image\/webp\" \/>\n<meta name=\"twitter:card\" content=\"summary_large_image\" \/>\n<meta name=\"twitter:label1\" content=\"Disponibilit\u00e9\" \/>\n\t<meta name=\"twitter:data1\" content=\"En stock\" \/>\n<meta property=\"product:brand\" content=\"variable\" \/>\n<meta property=\"og:availability\" content=\"instock\" \/>\n<meta property=\"product:availability\" content=\"instock\" \/>\n<meta property=\"product:condition\" content=\"new\" \/>\n<!-- \/ Yoast SEO Premium plugin. -->","yoast_head_json":{"title":"10-OH Gelato Space Flowers : Acheter 10-OH Flowers | Iguana Smoke","description":"Acheter 10-OH Gelato Space Flowers : 10-OH buds \u00e0 l'ar\u00f4me sucr\u00e9 et \u00e0 l'aspect r\u00e9sineux semblable \u00e0 celui du cannabis. Alternative l\u00e9gale aux bourgeons de marijuana.","robots":{"index":"index","follow":"follow","max-snippet":"max-snippet:-1","max-image-preview":"max-image-preview:large","max-video-preview":"max-video-preview:-1"},"canonical":"https:\/\/iguanasmoke.com\/fr\/produit\/flower-10-oh-gelato-space-flowers\/","og_locale":"fr_FR","og_type":"article","og_title":"Flor 10-OH Gelato Space Flowers","og_description":"Esta Flor 10-OH destaca por sus tonos c\u00edtricos y frescos, creando una experiencia olfativa memorable:   Flor CBD premium enriquecida con 10-OH  THC: &lt;0,3%  Aroma penetrante y agridulce  100% legal Espa\u00f1a y Europa  Consulta el an\u00e1lisis de laboratorio.","og_url":"https:\/\/iguanasmoke.com\/fr\/produit\/flower-10-oh-gelato-space-flowers\/","og_site_name":"Iguana Smoke","article_publisher":"https:\/\/www.facebook.com\/iguanasmoke","article_modified_time":"2026-03-19T12:09:14+00:00","og_image":[{"width":1000,"height":1000,"url":"https:\/\/iguanasmoke.com\/wp-content\/uploads\/2026\/03\/Space-Flowers-Gelato-5g-10-OH-con-cogollo.webp","type":"image\/webp"}],"twitter_card":"summary_large_image","twitter_misc":{"Disponibilit\u00e9":"En stock"},"schema":{"@context":"https:\/\/schema.org","@graph":[{"@type":"WebPage","@id":"https:\/\/iguanasmoke.com\/producto\/flor-10-oh-gelato-space-flowers\/","url":"https:\/\/iguanasmoke.com\/producto\/flor-10-oh-gelato-space-flowers\/","name":"10-OH Gelato Space Flowers : Acheter 10-OH Flowers | Iguana Smoke","isPartOf":{"@id":"https:\/\/iguanasmoke.com\/#website"},"primaryImageOfPage":{"@id":"https:\/\/iguanasmoke.com\/producto\/flor-10-oh-gelato-space-flowers\/#primaryimage"},"image":{"@id":"https:\/\/iguanasmoke.com\/producto\/flor-10-oh-gelato-space-flowers\/#primaryimage"},"thumbnailUrl":"https:\/\/iguanasmoke.com\/wp-content\/uploads\/2026\/03\/Space-Flowers-Gelato-5g-10-OH-con-cogollo.webp","datePublished":"2026-03-13T13:50:45+00:00","dateModified":"2026-03-19T12:09:14+00:00","description":"Acheter 10-OH Gelato Space Flowers : 10-OH buds \u00e0 l'ar\u00f4me sucr\u00e9 et \u00e0 l'aspect r\u00e9sineux semblable \u00e0 celui du cannabis. Alternative l\u00e9gale aux bourgeons de marijuana.","breadcrumb":{"@id":"https:\/\/iguanasmoke.com\/producto\/flor-10-oh-gelato-space-flowers\/#breadcrumb"},"inLanguage":"fr-FR","potentialAction":[{"@type":"ReadAction","target":["https:\/\/iguanasmoke.com\/producto\/flor-10-oh-gelato-space-flowers\/"]}]},{"@type":"ImageObject","inLanguage":"fr-FR","@id":"https:\/\/iguanasmoke.com\/producto\/flor-10-oh-gelato-space-flowers\/#primaryimage","url":"https:\/\/iguanasmoke.com\/wp-content\/uploads\/2026\/03\/Space-Flowers-Gelato-5g-10-OH-con-cogollo.webp","contentUrl":"https:\/\/iguanasmoke.com\/wp-content\/uploads\/2026\/03\/Space-Flowers-Gelato-5g-10-OH-con-cogollo.webp","width":1000,"height":1000,"caption":"cogollos 10-OH gelato flor 10-OH 5g"},{"@type":"BreadcrumbList","@id":"https:\/\/iguanasmoke.com\/producto\/flor-10-oh-gelato-space-flowers\/#breadcrumb","itemListElement":[{"@type":"ListItem","position":1,"name":"home","item":"https:\/\/iguanasmoke.com\/"},{"@type":"ListItem","position":2,"name":"Tienda","item":"https:\/\/iguanasmoke.com\/tienda\/"},{"@type":"ListItem","position":3,"name":"Flores 10-OH","item":"https:\/\/iguanasmoke.com\/categoria\/flores-10-oh\/"},{"@type":"ListItem","position":4,"name":"Flor 10-OH Gelato Space Flowers"}]},{"@type":"WebSite","@id":"https:\/\/iguanasmoke.com\/#website","url":"https:\/\/iguanasmoke.com\/","name":"Fum\u00e9e d'iguane","description":"Acheter du CBD en ligne au meilleur prix","publisher":{"@id":"https:\/\/iguanasmoke.com\/#organization"},"potentialAction":[{"@type":"SearchAction","target":{"@type":"EntryPoint","urlTemplate":"https:\/\/iguanasmoke.com\/?s={search_term_string}"},"query-input":{"@type":"PropertyValueSpecification","valueRequired":true,"valueName":"search_term_string"}}],"inLanguage":"fr-FR"},{"@type":"Organization","@id":"https:\/\/iguanasmoke.com\/#organization","name":"Fum\u00e9e d'iguane","url":"https:\/\/iguanasmoke.com\/","logo":{"@type":"ImageObject","inLanguage":"fr-FR","@id":"https:\/\/iguanasmoke.com\/#\/schema\/logo\/image\/","url":"https:\/\/iguanasmoke.com\/wp-content\/uploads\/2025\/01\/logoiguana-favi-1.png","contentUrl":"https:\/\/iguanasmoke.com\/wp-content\/uploads\/2025\/01\/logoiguana-favi-1.png","width":512,"height":512,"caption":"Iguana Smoke"},"image":{"@id":"https:\/\/iguanasmoke.com\/#\/schema\/logo\/image\/"},"sameAs":["https:\/\/www.facebook.com\/iguanasmoke","https:\/\/www.instagram.com\/iguanasmoke\/"]}]},"product_brand":"variable","og_availability":"instock","product_availability":"instock","product_condition":"new"},"_links":{"self":[{"href":"https:\/\/iguanasmoke.com\/fr\/wp-json\/wp\/v2\/product\/81154","targetHints":{"allow":["GET"]}}],"collection":[{"href":"https:\/\/iguanasmoke.com\/fr\/wp-json\/wp\/v2\/product"}],"about":[{"href":"https:\/\/iguanasmoke.com\/fr\/wp-json\/wp\/v2\/types\/product"}],"replies":[{"embeddable":true,"href":"https:\/\/iguanasmoke.com\/fr\/wp-json\/wp\/v2\/comments?post=81154"}],"wp:featuredmedia":[{"embeddable":true,"href":"https:\/\/iguanasmoke.com\/fr\/wp-json\/wp\/v2\/media\/81164"}],"wp:attachment":[{"href":"https:\/\/iguanasmoke.com\/fr\/wp-json\/wp\/v2\/media?parent=81154"}],"wp:term":[{"taxonomy":"product_brand","embeddable":true,"href":"https:\/\/iguanasmoke.com\/fr\/wp-json\/wp\/v2\/product_brand?post=81154"},{"taxonomy":"product_cat","embeddable":true,"href":"https:\/\/iguanasmoke.com\/fr\/wp-json\/wp\/v2\/product_cat?post=81154"},{"taxonomy":"product_tag","embeddable":true,"href":"https:\/\/iguanasmoke.com\/fr\/wp-json\/wp\/v2\/product_tag?post=81154"}],"curies":[{"name":"wp","href":"https:\/\/api.w.org\/{rel}","templated":true}]}}