{"id":81768,"date":"2026-03-19T17:37:06","date_gmt":"2026-03-19T16:37:06","guid":{"rendered":"https:\/\/iguanasmoke.com\/?post_type=product&#038;p=81768"},"modified":"2026-03-24T13:40:53","modified_gmt":"2026-03-24T12:40:53","slug":"cenicero-iguana-skate","status":"publish","type":"product","link":"https:\/\/iguanasmoke.com\/fr\/producto\/cenicero-iguana-skate\/","title":{"rendered":"Cendrier Iguana Skate"},"content":{"rendered":"<h2>Cenicero Iguana Skate &#x1f6f9;&#x1f525;<\/h2>\n<p>Lleva el esp\u00edritu street a otro nivel con el cenicero <strong>Iguana Skate<\/strong>, una pieza pensada para quienes viven con actitud y estilo propio. Inspirado en la cultura skate, este cenicero combina dise\u00f1o atrevido con funcionalidad, convirti\u00e9ndose en el complemento perfecto para cualquier espacio con personalidad.<\/p>\n<p>Fabricado con materiales resistentes y preparado para el uso diario, ofrece una superficie f\u00e1cil de limpiar y una estructura s\u00f3lida que garantiza durabilidad. Su dise\u00f1o pr\u00e1ctico permite apoyar cigarrillos de forma c\u00f3moda, manteniendo todo en orden sin perder ese toque rebelde que lo caracteriza.<\/p>\n<p>Ideal para interiores o exteriores, el <strong>Iguana Skate<\/strong> no es solo un cenicero, es una declaraci\u00f3n de estilo que encaja perfectamente en ambientes urbanos, creativos o<br \/>\nrelajados.<\/p>\n<p>&nbsp;<\/p>\n<h3>&#x2728; Caracter\u00edsticas:<\/h3>\n<ul>\n<li>Dise\u00f1o inspirado en la cultura skate<\/li>\n<li>Estilo urbano y moderno<\/li>\n<li>Material resistente y duradero<\/li>\n<li>F\u00e1cil de limpiar<\/li>\n<li>Ideal para casa, terrazas o como regalo original<\/li>\n<\/ul>\n<p>Marca la diferencia con el flow aut\u00e9ntico de Iguana Smoke.<\/p>","protected":false},"excerpt":{"rendered":"<p>Descubre el nuevo cenicero Iguana Skate que ser\u00e1 tu complemento perfecto de CBD:<\/p>\n<ul>\n<li>Material met\u00e1lico<\/li>\n<li>Vinilo con dise\u00f1o exclusivo<\/li>\n<\/ul>","protected":false},"featured_media":81767,"comment_status":"open","ping_status":"closed","template":"","meta":{"_acf_changed":false,"site-sidebar-layout":"default","site-content-layout":"","ast-site-content-layout":"default","site-content-style":"default","site-sidebar-style":"default","ast-global-header-display":"","ast-banner-title-visibility":"","ast-main-header-display":"","ast-hfb-above-header-display":"","ast-hfb-below-header-display":"","ast-hfb-mobile-header-display":"","site-post-title":"","ast-breadcrumbs-content":"","ast-featured-img":"","footer-sml-layout":"","theme-transparent-header-meta":"default","adv-header-id-meta":"","stick-header-meta":"","header-above-stick-meta":"","header-main-stick-meta":"","header-below-stick-meta":"","astra-migrate-meta-layouts":"set","ast-page-background-enabled":"default","ast-page-background-meta":{"desktop":{"background-color":"var(--ast-global-color-4)","background-image":"","background-repeat":"repeat","background-position":"center center","background-size":"auto","background-attachment":"scroll","background-type":"","background-media":"","overlay-type":"","overlay-color":"","overlay-opacity":"","overlay-gradient":""},"tablet":{"background-color":"","background-image":"","background-repeat":"repeat","background-position":"center center","background-size":"auto","background-attachment":"scroll","background-type":"","background-media":"","overlay-type":"","overlay-color":"","overlay-opacity":"","overlay-gradient":""},"mobile":{"background-color":"","background-image":"","background-repeat":"repeat","background-position":"center center","background-size":"auto","background-attachment":"scroll","background-type":"","background-media":"","overlay-type":"","overlay-color":"","overlay-opacity":"","overlay-gradient":""}},"ast-content-background-meta":{"desktop":{"background-color":"var(--ast-global-color-5)","background-image":"","background-repeat":"repeat","background-position":"center center","background-size":"auto","background-attachment":"scroll","background-type":"","background-media":"","overlay-type":"","overlay-color":"","overlay-opacity":"","overlay-gradient":""},"tablet":{"background-color":"var(--ast-global-color-5)","background-image":"","background-repeat":"repeat","background-position":"center center","background-size":"auto","background-attachment":"scroll","background-type":"","background-media":"","overlay-type":"","overlay-color":"","overlay-opacity":"","overlay-gradient":""},"mobile":{"background-color":"var(--ast-global-color-5)","background-image":"","background-repeat":"repeat","background-position":"center center","background-size":"auto","background-attachment":"scroll","background-type":"","background-media":"","overlay-type":"","overlay-color":"","overlay-opacity":"","overlay-gradient":""}}},"product_brand":[],"product_cat":[592,991],"product_tag":[],"class_list":{"0":"post-81768","1":"product","2":"type-product","3":"status-publish","4":"has-post-thumbnail","6":"product_cat-california-style-hemp","7":"product_cat-ceniceros","8":"desktop-align-center","9":"tablet-align-center","10":"mobile-align-center","12":"first","13":"instock","14":"taxable","15":"shipping-taxable","16":"purchasable","17":"product-type-simple"},"acf":[],"yoast_head":"<!-- This site is optimized with the Yoast SEO Premium plugin v27.3 (Yoast SEO v27.3) - https:\/\/yoast.com\/product\/yoast-seo-premium-wordpress\/ -->\n<title>Cenicero Iguana Skate | Iguana Smoke<\/title>\n<meta name=\"description\" content=\"Descubre el cenicero Iguana Skate, la mezcla perfecta de dise\u00f1o audaz y funcionalidad. A\u00f1ade un toque de actitud a tu espacio. \u00a1Cons\u00edguelo ya!\" \/>\n<meta name=\"robots\" content=\"index, follow, max-snippet:-1, max-image-preview:large, max-video-preview:-1\" \/>\n<link rel=\"canonical\" href=\"https:\/\/iguanasmoke.com\/fr\/produit\/cenicero-iguana-skate\/\" \/>\n<meta property=\"og:locale\" content=\"fr_FR\" \/>\n<meta property=\"og:type\" content=\"article\" \/>\n<meta property=\"og:title\" content=\"Cenicero Iguana Skate\" \/>\n<meta property=\"og:description\" content=\"Descubre el nuevo cenicero Iguana Skate que ser\u00e1 tu complemento perfecto de CBD:   Material met\u00e1lico  Vinilo con dise\u00f1o exclusivo\" \/>\n<meta property=\"og:url\" content=\"https:\/\/iguanasmoke.com\/fr\/produit\/cenicero-iguana-skate\/\" \/>\n<meta property=\"og:site_name\" content=\"Iguana Smoke\" \/>\n<meta property=\"article:publisher\" content=\"https:\/\/www.facebook.com\/iguanasmoke\" \/>\n<meta property=\"article:modified_time\" content=\"2026-03-24T12:40:53+00:00\" \/>\n<meta property=\"og:image\" content=\"https:\/\/iguanasmoke.com\/wp-content\/uploads\/2026\/03\/CENICERO-TRASHER.webp\" \/>\n\t<meta property=\"og:image:width\" content=\"2048\" \/>\n\t<meta property=\"og:image:height\" content=\"2048\" \/>\n\t<meta property=\"og:image:type\" content=\"image\/webp\" \/>\n<meta name=\"twitter:card\" content=\"summary_large_image\" \/>\n<meta name=\"twitter:label1\" content=\"Prix\" \/>\n\t<meta name=\"twitter:data1\" content=\"3,00&nbsp;&euro;\" \/>\n\t<meta name=\"twitter:label2\" content=\"Disponibilit\u00e9\" \/>\n\t<meta name=\"twitter:data2\" content=\"En stock\" \/>\n<meta property=\"product:brand\" content=\"simple\" \/>\n<meta property=\"product:price:amount\" content=\"3.00\" \/>\n<meta property=\"product:price:currency\" content=\"EUR\" \/>\n<meta property=\"og:availability\" content=\"instock\" \/>\n<meta property=\"product:availability\" content=\"instock\" \/>\n<meta property=\"product:condition\" content=\"new\" \/>\n<!-- \/ Yoast SEO Premium plugin. -->","yoast_head_json":{"title":"Cenicero Iguana Skate | Iguana Smoke","description":"Descubre el cenicero Iguana Skate, la mezcla perfecta de dise\u00f1o audaz y funcionalidad. A\u00f1ade un toque de actitud a tu espacio. \u00a1Cons\u00edguelo ya!","robots":{"index":"index","follow":"follow","max-snippet":"max-snippet:-1","max-image-preview":"max-image-preview:large","max-video-preview":"max-video-preview:-1"},"canonical":"https:\/\/iguanasmoke.com\/fr\/produit\/cenicero-iguana-skate\/","og_locale":"fr_FR","og_type":"article","og_title":"Cenicero Iguana Skate","og_description":"Descubre el nuevo cenicero Iguana Skate que ser\u00e1 tu complemento perfecto de CBD:   Material met\u00e1lico  Vinilo con dise\u00f1o exclusivo","og_url":"https:\/\/iguanasmoke.com\/fr\/produit\/cenicero-iguana-skate\/","og_site_name":"Iguana Smoke","article_publisher":"https:\/\/www.facebook.com\/iguanasmoke","article_modified_time":"2026-03-24T12:40:53+00:00","og_image":[{"width":2048,"height":2048,"url":"https:\/\/iguanasmoke.com\/wp-content\/uploads\/2026\/03\/CENICERO-TRASHER.webp","type":"image\/webp"}],"twitter_card":"summary_large_image","twitter_misc":{"Prix":"3,00&nbsp;&euro;","Disponibilit\u00e9":"En stock"},"schema":{"@context":"https:\/\/schema.org","@graph":[{"@type":"WebPage","@id":"https:\/\/iguanasmoke.com\/producto\/cenicero-iguana-skate\/","url":"https:\/\/iguanasmoke.com\/producto\/cenicero-iguana-skate\/","name":"Cenicero Iguana Skate | Iguana Smoke","isPartOf":{"@id":"https:\/\/iguanasmoke.com\/#website"},"primaryImageOfPage":{"@id":"https:\/\/iguanasmoke.com\/producto\/cenicero-iguana-skate\/#primaryimage"},"image":{"@id":"https:\/\/iguanasmoke.com\/producto\/cenicero-iguana-skate\/#primaryimage"},"thumbnailUrl":"https:\/\/iguanasmoke.com\/wp-content\/uploads\/2026\/03\/CENICERO-TRASHER.webp","datePublished":"2026-03-19T16:37:06+00:00","dateModified":"2026-03-24T12:40:53+00:00","description":"Descubre el cenicero Iguana Skate, la mezcla perfecta de dise\u00f1o audaz y funcionalidad. A\u00f1ade un toque de actitud a tu espacio. \u00a1Cons\u00edguelo ya!","breadcrumb":{"@id":"https:\/\/iguanasmoke.com\/producto\/cenicero-iguana-skate\/#breadcrumb"},"inLanguage":"fr-FR","potentialAction":[{"@type":"ReadAction","target":["https:\/\/iguanasmoke.com\/producto\/cenicero-iguana-skate\/"]}]},{"@type":"ImageObject","inLanguage":"fr-FR","@id":"https:\/\/iguanasmoke.com\/producto\/cenicero-iguana-skate\/#primaryimage","url":"https:\/\/iguanasmoke.com\/wp-content\/uploads\/2026\/03\/CENICERO-TRASHER.webp","contentUrl":"https:\/\/iguanasmoke.com\/wp-content\/uploads\/2026\/03\/CENICERO-TRASHER.webp","width":2048,"height":2048},{"@type":"BreadcrumbList","@id":"https:\/\/iguanasmoke.com\/producto\/cenicero-iguana-skate\/#breadcrumb","itemListElement":[{"@type":"ListItem","position":1,"name":"home","item":"https:\/\/iguanasmoke.com\/"},{"@type":"ListItem","position":2,"name":"Tienda","item":"https:\/\/iguanasmoke.com\/tienda\/"},{"@type":"ListItem","position":3,"name":"Nuevas Mol\u00e9culas","item":"https:\/\/iguanasmoke.com\/categoria\/nuevas-moleculas\/"},{"@type":"ListItem","position":4,"name":"Sativanol - STV","item":"https:\/\/iguanasmoke.com\/categoria\/nuevas-moleculas\/sativanol\/"},{"@type":"ListItem","position":5,"name":"California Style Hemp","item":"https:\/\/iguanasmoke.com\/categoria\/nuevas-moleculas\/sativanol\/california-style-hemp\/"},{"@type":"ListItem","position":6,"name":"Cenicero Iguana Skate"}]},{"@type":"WebSite","@id":"https:\/\/iguanasmoke.com\/#website","url":"https:\/\/iguanasmoke.com\/","name":"Fum\u00e9e d'iguane","description":"Acheter du CBD en ligne au meilleur prix","publisher":{"@id":"https:\/\/iguanasmoke.com\/#organization"},"potentialAction":[{"@type":"SearchAction","target":{"@type":"EntryPoint","urlTemplate":"https:\/\/iguanasmoke.com\/?s={search_term_string}"},"query-input":{"@type":"PropertyValueSpecification","valueRequired":true,"valueName":"search_term_string"}}],"inLanguage":"fr-FR"},{"@type":"Organization","@id":"https:\/\/iguanasmoke.com\/#organization","name":"Fum\u00e9e d'iguane","url":"https:\/\/iguanasmoke.com\/","logo":{"@type":"ImageObject","inLanguage":"fr-FR","@id":"https:\/\/iguanasmoke.com\/#\/schema\/logo\/image\/","url":"https:\/\/iguanasmoke.com\/wp-content\/uploads\/2025\/01\/logoiguana-favi-1.png","contentUrl":"https:\/\/iguanasmoke.com\/wp-content\/uploads\/2025\/01\/logoiguana-favi-1.png","width":512,"height":512,"caption":"Iguana Smoke"},"image":{"@id":"https:\/\/iguanasmoke.com\/#\/schema\/logo\/image\/"},"sameAs":["https:\/\/www.facebook.com\/iguanasmoke","https:\/\/www.instagram.com\/iguanasmoke\/"]}]},"product_brand":"simple","product_price_amount":"3.00","product_price_currency":"EUR","og_availability":"instock","product_availability":"instock","product_condition":"new"},"_links":{"self":[{"href":"https:\/\/iguanasmoke.com\/fr\/wp-json\/wp\/v2\/product\/81768","targetHints":{"allow":["GET"]}}],"collection":[{"href":"https:\/\/iguanasmoke.com\/fr\/wp-json\/wp\/v2\/product"}],"about":[{"href":"https:\/\/iguanasmoke.com\/fr\/wp-json\/wp\/v2\/types\/product"}],"replies":[{"embeddable":true,"href":"https:\/\/iguanasmoke.com\/fr\/wp-json\/wp\/v2\/comments?post=81768"}],"wp:featuredmedia":[{"embeddable":true,"href":"https:\/\/iguanasmoke.com\/fr\/wp-json\/wp\/v2\/media\/81767"}],"wp:attachment":[{"href":"https:\/\/iguanasmoke.com\/fr\/wp-json\/wp\/v2\/media?parent=81768"}],"wp:term":[{"taxonomy":"product_brand","embeddable":true,"href":"https:\/\/iguanasmoke.com\/fr\/wp-json\/wp\/v2\/product_brand?post=81768"},{"taxonomy":"product_cat","embeddable":true,"href":"https:\/\/iguanasmoke.com\/fr\/wp-json\/wp\/v2\/product_cat?post=81768"},{"taxonomy":"product_tag","embeddable":true,"href":"https:\/\/iguanasmoke.com\/fr\/wp-json\/wp\/v2\/product_tag?post=81768"}],"curies":[{"name":"wp","href":"https:\/\/api.w.org\/{rel}","templated":true}]}}