{"id":82203,"date":"2026-03-24T11:50:15","date_gmt":"2026-03-24T10:50:15","guid":{"rendered":"https:\/\/iguanasmoke.com\/?post_type=product&#038;p=82203"},"modified":"2026-03-24T13:51:54","modified_gmt":"2026-03-24T12:51:54","slug":"rouleuse-electronique-king-size-cone-e8h","status":"publish","type":"product","link":"https:\/\/iguanasmoke.com\/fr\/producto\/space-pre-roll-e8h-cono-king-size\/","title":{"rendered":"Space Pre Roll E8H - C\u00f4ne King Size"},"content":{"rendered":"<h1><span style=\"font-weight: 400;\">Rouleau pr\u00e9-roul\u00e9 spatial E8H \u2013 C\u00f4ne King Size<\/span><\/h1>\n<p data-start=\"277\" data-end=\"346\"><span style=\"font-weight: 400;\">D\u00e9couvrez maintenant le nouveau <strong>L'espace<\/strong> <strong>Pr\u00e9-roul\u00e9 E8H : <\/strong>Elle est puissante et poss\u00e8de la qualit\u00e9 parfaite d'une fleur de premi\u00e8re qualit\u00e9. Les <strong>C\u00f4ne King Size E8H <\/strong>de <strong>Fum\u00e9e d'iguane<\/strong> C'est la version enrichie \u00e0 la mol\u00e9cule E8H qui vient d'arriver. Parfaitement roul\u00e9e, broy\u00e9e et filtr\u00e9e pour un plaisir sans tracas : ouvrez, allumez et d\u00e9tendez-vous. <\/span><\/p>\n<p data-start=\"277\" data-end=\"346\"><span style=\"font-weight: 400;\">Ce c\u00f4ne pr\u00e9-licenci\u00e9 contient <strong>1,5 g de fleurs de CBD<\/strong>\u00a0cultiv\u00e9s biologiquement et <strong>pas de restes, de d\u00e9coupes ou de m\u00e9langes<\/strong>. Seulement <strong>premium flower ready<\/strong> pour vous offrir une <strong>doux, naturel et tr\u00e8s frais<\/strong>.<\/span><\/p>\n<p data-start=\"277\" data-end=\"346\">En pocas palabras: Un \u201cporro E8H\u201d limpio, estable y con personalidad propia, para quienes quieren algo m\u00e1s intenso que el CBD convencional. <span style=\"font-weight: 400;\">D\u00e9couvrez d'autres formats pour <a href=\"https:\/\/iguanasmoke.com\/fr\/categorie\/fleurs\/fleurs-de-cbd-2\/\"><strong>acheter des fleurs CBD<\/strong><\/a>, o\u00f9 vous d\u00e9couvrirez notre large s\u00e9lection de fleurs de CBD de qualit\u00e9 sup\u00e9rieure.<\/span><\/p>\n<p data-start=\"277\" data-end=\"346\">\n<p data-start=\"277\" data-end=\"346\">\n<p data-start=\"277\" data-end=\"346\">\n<h2><strong>Space Pre Rolls E8H de qualit\u00e9\u00a0<\/strong><\/h2>\n<p><span style=\"font-weight: 400;\">Notre <strong>C\u00f4ne King Size E8H <\/strong>est impliqu\u00e9 dans <strong>papier brut biologique<\/strong>, sans produits chimiques, additifs ou colorants. A l'int\u00e9rieur, vous trouverez des fleurs s\u00e9lectionn\u00e9es avec <strong>15% CBD<\/strong> et moins de <strong>0,3% THC<\/strong>. Ainsi, les 100% sont l\u00e9gaux en Espagne et en Europe.<\/span><\/p>\n<p><span style=\"font-weight: 400;\">Ce format XL est id\u00e9al pour ceux qui souhaitent <strong>acheter des fleurs CBD<\/strong> d\u00e9j\u00e0 pr\u00e9-roul\u00e9 sans sacrifier l'ar\u00f4me, la puissance et la qualit\u00e9 d'une bonne fleur. Ce n'est pas n'importe quel Pre Roll, c'est <strong>qualit\u00e9 sup\u00e9rieure<\/strong>, con\u00e7u pour ceux qui recherchent le confort sans perdre en intensit\u00e9.\u00a0<\/span><\/p>\n<p>&nbsp;<\/p>\n<h2><strong>Qu'est-ce que l'E8H ?<\/strong><\/h2>\n<p><span style=\"font-weight: 400;\">Cette mol\u00e9cule a \u00e9t\u00e9 con\u00e7ue pour offrir une <strong>exp\u00e9rience<\/strong> <strong>seulement<\/strong>, <strong>tr\u00e8s similaire \u00e0 celle du HHC, <\/strong>comme s'il s'agissait d'une version du \u201cchill juridique\u201d.<\/span><\/p>\n<p><span style=\"font-weight: 400;\">Elle est unique, il faut la tester pour l'exp\u00e9rimenter ! Son d\u00e9veloppement r\u00e9cent la place dans un cadre r\u00e9glementaire en \u00e9volution, ouvrant ainsi de nouvelles possibilit\u00e9s dans le monde du vapotage de nouveaux cannabino\u00efdes.<\/span><\/p>\n<p>&nbsp;<\/p>\n<h2 data-start=\"1495\" data-end=\"1540\">Caract\u00e9ristiques du c\u00f4ne King Size E8H :<\/h2>\n<ul>\n<li><span style=\"font-weight: 400;\"><strong>1,5g<\/strong>\u00a0de la vraie fleur <strong>de la CBD<\/strong><\/span><\/li>\n<li>M\u00e9lange aromatique <strong>E8H<\/strong><\/li>\n<li><span style=\"font-weight: 400;\"><strong>CBD<\/strong> \u00e0 <strong>15%<\/strong> y <strong>THC &lt;0,3%<\/strong> -Produit l\u00e9gal sans effets psychoactifs <\/span><\/li>\n<li><span style=\"font-weight: 400;\"><strong>Papiers bruts<\/strong> biologique et sans produits chimiques <\/span><\/li>\n<li><span style=\"font-weight: 400;\"><strong>Dominante sativa<\/strong>, \u00e0 l'ar\u00f4me doux et intense <\/span><\/li>\n<li><span style=\"font-weight: 400;\"><strong>Agriculture biologique<\/strong>, sans pesticides ni OGM<\/span><\/li>\n<li><span style=\"font-weight: 400;\">Pr\u00eat \u00e0 l'emploi avec un <strong>combustion stable<\/strong><\/span><\/li>\n<\/ul>\n<p>&nbsp;<\/p>\n<h2><b>O\u00f9 acheter en ligne tes Space Pre Roll E8H<\/b><b>?<\/b><\/h2>\n<p><span style=\"font-weight: 400;\">Bien entendu, en <strong>Fum\u00e9e d'iguane.<\/strong>\u00a0Notre Pre Roll est fait de v\u00e9ritables <strong>fleurs de chanvre<\/strong>. Ils sont soigneusement s\u00e9lectionn\u00e9s et <strong>morsures<\/strong> pour pr\u00e9server tous ses <strong>ar\u00f4me, puissance et propri\u00e9t\u00e9s naturelles<\/strong>.\u00a0<\/span><\/p>\n<p><span style=\"font-weight: 400;\">C'est un endroit s\u00fbr pour <strong>acheter Pre Roll E8H en ligne en Espagne.<\/strong> Tous nos produits sont approuv\u00e9s par l'UE, ce qui garantit leur l\u00e9galit\u00e9 et leur s\u00e9curit\u00e9. En outre, si vous le souhaitez, vous pouvez consulter<\/span><strong> <a href=\"https:\/\/iguanasmoke.com\/fr\/lanalyse\/\">analyse en laboratoire.<\/a>\u00a0<\/strong><\/p>\n<p><span style=\"font-weight: 400;\">N'oubliez pas de compl\u00e9ter votre exp\u00e9rience avec la <a href=\"https:\/\/iguanasmoke.com\/fr\/produit\/porte-rouleau-2\/\"><strong>Porte-rouleau Iguana Smoke<\/strong><\/a> et tester les <strong><a href=\"https:\/\/iguanasmoke.com\/fr\/produit\/acheter-cbd-fleurs-pack-pre-roll-cbd-2\/\">Paquet de CBD pr\u00e9-roul\u00e9<\/a><\/strong>. Si vous aimez les fleurs CBD, d\u00e9couvrez <\/span><span style=\"font-weight: 400;\">autres <strong>Produits TOP<\/strong> en tant que <a href=\"https:\/\/iguanasmoke.com\/fr\/produit\/buy-flower-cbd-pop-corn-indoor-25gr-cbd-small-buds\/\"><strong>Pop Corn Indoor 25g<\/strong><\/a> i<\/span><span style=\"font-weight: 400;\">Explorez notre vari\u00e9t\u00e9 de <strong><a href=\"https:\/\/iguanasmoke.com\/fr\/categorie\/extraits-de-cbd\/\">Extraits de CBD<\/a><\/strong> y <strong><a href=\"https:\/\/iguanasmoke.com\/fr\/categorie\/hash-cbd\/\">R\u00e9sines de CBD<\/a><\/strong> et d'halluciner.\u00a0<\/span><\/p>\n<p>Une livraison rapide, une attention particuli\u00e8re et un magasin avec un emballage discret et s\u00fbr qui va de l'avant, juste pour que vous puissiez en profiter !<\/p>\n<p>&nbsp;<\/p>\n<h3><b>Iguana Smoke est votre boutique en ligne de CBD\u00a0<\/b><\/h3>\n<p><span style=\"font-weight: 400;\">Au<strong> Fum\u00e9e d'iguane<\/strong>, Nous pensons que la consommation de CBD doit \u00eatre une exp\u00e9rience s\u00fbre et agr\u00e9able. C'est pourquoi nous proposons des produits comme celui-ci <em>Pre Rouleau E8H- C\u00f4ne King Size<\/em> de haute qualit\u00e9, qui se connecte aux nouvelles g\u00e9n\u00e9rations : des personnes qui recherchent le bien-\u00eatre sans complications, avec des marques authentiques et fiables. Ceci est votre Pre Roll E8H : vous n'avez plus \u00e0 broyer, rouler ou vous compliquer la vie.\u00a0<\/span><\/p>\n<p>Vous savez, notre mission est claire : vous apporter le meilleur du monde des cannabino\u00efdes \u00e0 un prix \u00e9quitable. De plus, nous vous offrons la tranquillit\u00e9 d'esprit de savoir que vous choisissez un produit certifi\u00e9, efficace et 100% l\u00e9gal. Votre temps de d\u00e9tente commence ici avec nous.<\/p>\n<p>Vous avez encore des doutes ? Ecrivez-nous et nous nous ferons un plaisir de vous aider \u00e0 trouver le produit qui vous convient.<\/p>\n<p>&nbsp;<\/p>\n<p><em><span style=\"font-weight: 400;\">*Veuillez noter que son utilisation est destin\u00e9e \u00e0 la collection ou \u00e0 l'aromath\u00e9rapie, conform\u00e9ment \u00e0 la loi espagnole. <\/span><\/em><\/p>\n<p><em><span style=\"font-weight: 400;\">**Tous nos produits sont d\u00e9riv\u00e9s de chanvre industriel certifi\u00e9. Ils contiennent moins de 0,3 THC et ne contiennent pas de cannabino\u00efdes ill\u00e9gaux tels que HHC, HHC-P, THCP, THCP-O, H4CBD et ceux inclus dans l'annexe I du d\u00e9cret royal 2829\/1977, ni de substances contr\u00f4l\u00e9es par les conventions internationales.\u00a0\u00a0<\/span><\/em><\/p>","protected":false},"excerpt":{"rendered":"<p>Son format XL combinele puissant E8H l\u00e9gal et des fleurs de CBD premiums, pr\u00eat \u00e0 l'emploi :<\/p>\n<ul>\n<li>Nous n'utilisons pas de garnitures, mais uniquement des fleurs de qualit\u00e9 sup\u00e9rieure.<\/li>\n<li>Assaisonn\u00e9 avec la mol\u00e9cule E8H<\/li>\n<li style=\"text-align: justify;\">Quantit\u00e9 approximative de fleurs : 1,5 grammes<\/li>\n<li style=\"text-align: justify;\">CBD : 15% \/ THC : &lt;0.3%<\/li>\n<li style=\"text-align: justify;\">100% l\u00e9gal en Europe<\/li>\n<\/ul>\n<p>Analyse de la qualit\u00e9 <a href=\"https:\/\/iguanasmoke.com\/fr\/lanalyse\/\" target=\"_blank\" rel=\"noopener\">ici<\/a><\/p>","protected":false},"featured_media":82204,"comment_status":"open","ping_status":"closed","template":"","meta":{"_acf_changed":false,"site-sidebar-layout":"default","site-content-layout":"default","ast-site-content-layout":"default","site-content-style":"default","site-sidebar-style":"default","ast-global-header-display":"","ast-banner-title-visibility":"","ast-main-header-display":"","ast-hfb-above-header-display":"","ast-hfb-below-header-display":"","ast-hfb-mobile-header-display":"","site-post-title":"","ast-breadcrumbs-content":"","ast-featured-img":"","footer-sml-layout":"","theme-transparent-header-meta":"default","adv-header-id-meta":"","stick-header-meta":"","header-above-stick-meta":"","header-main-stick-meta":"","header-below-stick-meta":"","astra-migrate-meta-layouts":"set","ast-page-background-enabled":"default","ast-page-background-meta":{"desktop":{"background-color":"var(--ast-global-color-4)","background-image":"","background-repeat":"repeat","background-position":"center center","background-size":"auto","background-attachment":"scroll","background-type":"","background-media":"","overlay-type":"","overlay-color":"","overlay-opacity":"","overlay-gradient":""},"tablet":{"background-color":"","background-image":"","background-repeat":"repeat","background-position":"center center","background-size":"auto","background-attachment":"scroll","background-type":"","background-media":"","overlay-type":"","overlay-color":"","overlay-opacity":"","overlay-gradient":""},"mobile":{"background-color":"","background-image":"","background-repeat":"repeat","background-position":"center center","background-size":"auto","background-attachment":"scroll","background-type":"","background-media":"","overlay-type":"","overlay-color":"","overlay-opacity":"","overlay-gradient":""}},"ast-content-background-meta":{"desktop":{"background-color":"var(--ast-global-color-5)","background-image":"","background-repeat":"repeat","background-position":"center center","background-size":"auto","background-attachment":"scroll","background-type":"","background-media":"","overlay-type":"","overlay-color":"","overlay-opacity":"","overlay-gradient":""},"tablet":{"background-color":"var(--ast-global-color-5)","background-image":"","background-repeat":"repeat","background-position":"center center","background-size":"auto","background-attachment":"scroll","background-type":"","background-media":"","overlay-type":"","overlay-color":"","overlay-opacity":"","overlay-gradient":""},"mobile":{"background-color":"var(--ast-global-color-5)","background-image":"","background-repeat":"repeat","background-position":"center center","background-size":"auto","background-attachment":"scroll","background-type":"","background-media":"","overlay-type":"","overlay-color":"","overlay-opacity":"","overlay-gradient":""}}},"product_brand":[],"product_cat":[627,989,628,335],"product_tag":[],"class_list":{"0":"post-82203","1":"product","2":"type-product","3":"status-publish","4":"has-post-thumbnail","6":"product_cat-e8h","7":"product_cat-flores-e8h","8":"product_cat-nuevas-moleculas","9":"product_cat-pre-roll-porros-cbd","10":"desktop-align-center","11":"tablet-align-center","12":"mobile-align-center","14":"first","15":"instock","16":"taxable","17":"shipping-taxable","18":"purchasable","19":"product-type-simple"},"acf":[],"yoast_head":"<!-- This site is optimized with the Yoast SEO Premium plugin v27.3 (Yoast SEO v27.3) - https:\/\/yoast.com\/product\/yoast-seo-premium-wordpress\/ -->\n<title>Pre Roll E8H - Cono King Size 1,5g | Iguana Smoke<\/title>\n<meta name=\"description\" content=\"Space Pre-Roll E8H - Cono King Size de 1,5g. Aromas intensos, flores de CBD premium y cannabinoide E8H legal en Espa\u00f1a con &lt;0,3% THC.\" \/>\n<meta name=\"robots\" content=\"index, follow, max-snippet:-1, max-image-preview:large, max-video-preview:-1\" \/>\n<link rel=\"canonical\" href=\"https:\/\/iguanasmoke.com\/fr\/produit\/rouleuse-electronique-king-size-cone-e8h\/\" \/>\n<meta property=\"og:locale\" content=\"fr_FR\" \/>\n<meta property=\"og:type\" content=\"article\" \/>\n<meta property=\"og:title\" content=\"Space Pre Roll E8H- Cono King Size\" \/>\n<meta property=\"og:description\" content=\"Su formato XL combina el potente E8H legal y flores de CBD premium, listo para usar:   No usamos trim, solo flores de primera calidad  Aderezado con la mol\u00e9cula E8H  Cantidad de flores aproximada: 1,5 gramos  CBD: 15% \/ THC: &lt;0,3%  100% legal en Europa  An\u00e1lisis de calidad aqu\u00ed\" \/>\n<meta property=\"og:url\" content=\"https:\/\/iguanasmoke.com\/fr\/produit\/rouleuse-electronique-king-size-cone-e8h\/\" \/>\n<meta property=\"og:site_name\" content=\"Iguana Smoke\" \/>\n<meta property=\"article:publisher\" content=\"https:\/\/www.facebook.com\/iguanasmoke\" \/>\n<meta property=\"article:modified_time\" content=\"2026-03-24T12:51:54+00:00\" \/>\n<meta property=\"og:image\" content=\"https:\/\/iguanasmoke.com\/wp-content\/uploads\/2026\/03\/mockup-pre-roll-e8h-con-cono-scaled.webp\" \/>\n\t<meta property=\"og:image:width\" content=\"2560\" \/>\n\t<meta property=\"og:image:height\" content=\"2560\" \/>\n\t<meta property=\"og:image:type\" content=\"image\/webp\" \/>\n<meta name=\"twitter:card\" content=\"summary_large_image\" \/>\n<meta name=\"twitter:label1\" content=\"Prix\" \/>\n\t<meta name=\"twitter:data1\" content=\"8,00&nbsp;&euro;\" \/>\n\t<meta name=\"twitter:label2\" content=\"Disponibilit\u00e9\" \/>\n\t<meta name=\"twitter:data2\" content=\"En stock\" \/>\n<meta property=\"product:brand\" content=\"simple\" \/>\n<meta property=\"product:price:amount\" content=\"8.00\" \/>\n<meta property=\"product:price:currency\" content=\"EUR\" \/>\n<meta property=\"og:availability\" content=\"instock\" \/>\n<meta property=\"product:availability\" content=\"instock\" \/>\n<meta property=\"product:retailer_item_id\" content=\"IS-CONOE8H\" \/>\n<meta property=\"product:condition\" content=\"new\" \/>\n<!-- \/ Yoast SEO Premium plugin. -->","yoast_head_json":{"title":"Rouleau pr\u00e9-fait E8H - C\u00f4ne King Size 1,5g | Iguana Smoke","description":"Space Pre-Roll E8H - Cono King Size de 1,5g. Aromas intensos, flores de CBD premium y cannabinoide E8H legal en Espa\u00f1a con &lt;0,3% THC.","robots":{"index":"index","follow":"follow","max-snippet":"max-snippet:-1","max-image-preview":"max-image-preview:large","max-video-preview":"max-video-preview:-1"},"canonical":"https:\/\/iguanasmoke.com\/fr\/produit\/rouleuse-electronique-king-size-cone-e8h\/","og_locale":"fr_FR","og_type":"article","og_title":"Space Pre Roll E8H- Cono King Size","og_description":"Su formato XL combina el potente E8H legal y flores de CBD premium, listo para usar:   No usamos trim, solo flores de primera calidad  Aderezado con la mol\u00e9cula E8H  Cantidad de flores aproximada: 1,5 gramos  CBD: 15% \/ THC: &lt;0,3%  100% legal en Europa  An\u00e1lisis de calidad aqu\u00ed","og_url":"https:\/\/iguanasmoke.com\/fr\/produit\/rouleuse-electronique-king-size-cone-e8h\/","og_site_name":"Iguana Smoke","article_publisher":"https:\/\/www.facebook.com\/iguanasmoke","article_modified_time":"2026-03-24T12:51:54+00:00","og_image":[{"width":2560,"height":2560,"url":"https:\/\/iguanasmoke.com\/wp-content\/uploads\/2026\/03\/mockup-pre-roll-e8h-con-cono-scaled.webp","type":"image\/webp"}],"twitter_card":"summary_large_image","twitter_misc":{"Prix":"8,00&nbsp;&euro;","Disponibilit\u00e9":"En stock"},"schema":{"@context":"https:\/\/schema.org","@graph":[{"@type":"WebPage","@id":"https:\/\/iguanasmoke.com\/producto\/space-pre-roll-e8h-cono-king-size\/","url":"https:\/\/iguanasmoke.com\/producto\/space-pre-roll-e8h-cono-king-size\/","name":"Rouleau pr\u00e9-fait E8H - C\u00f4ne King Size 1,5g | Iguana Smoke","isPartOf":{"@id":"https:\/\/iguanasmoke.com\/#website"},"primaryImageOfPage":{"@id":"https:\/\/iguanasmoke.com\/producto\/space-pre-roll-e8h-cono-king-size\/#primaryimage"},"image":{"@id":"https:\/\/iguanasmoke.com\/producto\/space-pre-roll-e8h-cono-king-size\/#primaryimage"},"thumbnailUrl":"https:\/\/iguanasmoke.com\/wp-content\/uploads\/2026\/03\/mockup-pre-roll-e8h-con-cono-scaled.webp","datePublished":"2026-03-24T10:50:15+00:00","dateModified":"2026-03-24T12:51:54+00:00","description":"Space Pre-Roll E8H - Cono King Size de 1,5g. Aromas intensos, flores de CBD premium y cannabinoide E8H legal en Espa\u00f1a con &lt;0,3% THC.","breadcrumb":{"@id":"https:\/\/iguanasmoke.com\/producto\/space-pre-roll-e8h-cono-king-size\/#breadcrumb"},"inLanguage":"fr-FR","potentialAction":[{"@type":"ReadAction","target":["https:\/\/iguanasmoke.com\/producto\/space-pre-roll-e8h-cono-king-size\/"]}]},{"@type":"ImageObject","inLanguage":"fr-FR","@id":"https:\/\/iguanasmoke.com\/producto\/space-pre-roll-e8h-cono-king-size\/#primaryimage","url":"https:\/\/iguanasmoke.com\/wp-content\/uploads\/2026\/03\/mockup-pre-roll-e8h-con-cono-scaled.webp","contentUrl":"https:\/\/iguanasmoke.com\/wp-content\/uploads\/2026\/03\/mockup-pre-roll-e8h-con-cono-scaled.webp","width":2560,"height":2560,"caption":"porro E8H pre roll E8H de flor liada Cono king size"},{"@type":"BreadcrumbList","@id":"https:\/\/iguanasmoke.com\/producto\/space-pre-roll-e8h-cono-king-size\/#breadcrumb","itemListElement":[{"@type":"ListItem","position":1,"name":"home","item":"https:\/\/iguanasmoke.com\/"},{"@type":"ListItem","position":2,"name":"Tienda","item":"https:\/\/iguanasmoke.com\/tienda\/"},{"@type":"ListItem","position":3,"name":"Pre Rolls","item":"https:\/\/iguanasmoke.com\/categoria\/pre-roll-porros-cbd\/"},{"@type":"ListItem","position":4,"name":"Space Pre Roll E8H- Cono King Size"}]},{"@type":"WebSite","@id":"https:\/\/iguanasmoke.com\/#website","url":"https:\/\/iguanasmoke.com\/","name":"Fum\u00e9e d'iguane","description":"Acheter du CBD en ligne au meilleur prix","publisher":{"@id":"https:\/\/iguanasmoke.com\/#organization"},"potentialAction":[{"@type":"SearchAction","target":{"@type":"EntryPoint","urlTemplate":"https:\/\/iguanasmoke.com\/?s={search_term_string}"},"query-input":{"@type":"PropertyValueSpecification","valueRequired":true,"valueName":"search_term_string"}}],"inLanguage":"fr-FR"},{"@type":"Organization","@id":"https:\/\/iguanasmoke.com\/#organization","name":"Fum\u00e9e d'iguane","url":"https:\/\/iguanasmoke.com\/","logo":{"@type":"ImageObject","inLanguage":"fr-FR","@id":"https:\/\/iguanasmoke.com\/#\/schema\/logo\/image\/","url":"https:\/\/iguanasmoke.com\/wp-content\/uploads\/2025\/01\/logoiguana-favi-1.png","contentUrl":"https:\/\/iguanasmoke.com\/wp-content\/uploads\/2025\/01\/logoiguana-favi-1.png","width":512,"height":512,"caption":"Iguana Smoke"},"image":{"@id":"https:\/\/iguanasmoke.com\/#\/schema\/logo\/image\/"},"sameAs":["https:\/\/www.facebook.com\/iguanasmoke","https:\/\/www.instagram.com\/iguanasmoke\/"]}]},"product_brand":"simple","product_price_amount":"8.00","product_price_currency":"EUR","og_availability":"instock","product_availability":"instock","product_retailer_item_id":"IS-CONOE8H","product_condition":"new"},"_links":{"self":[{"href":"https:\/\/iguanasmoke.com\/fr\/wp-json\/wp\/v2\/product\/82203","targetHints":{"allow":["GET"]}}],"collection":[{"href":"https:\/\/iguanasmoke.com\/fr\/wp-json\/wp\/v2\/product"}],"about":[{"href":"https:\/\/iguanasmoke.com\/fr\/wp-json\/wp\/v2\/types\/product"}],"replies":[{"embeddable":true,"href":"https:\/\/iguanasmoke.com\/fr\/wp-json\/wp\/v2\/comments?post=82203"}],"wp:featuredmedia":[{"embeddable":true,"href":"https:\/\/iguanasmoke.com\/fr\/wp-json\/wp\/v2\/media\/82204"}],"wp:attachment":[{"href":"https:\/\/iguanasmoke.com\/fr\/wp-json\/wp\/v2\/media?parent=82203"}],"wp:term":[{"taxonomy":"product_brand","embeddable":true,"href":"https:\/\/iguanasmoke.com\/fr\/wp-json\/wp\/v2\/product_brand?post=82203"},{"taxonomy":"product_cat","embeddable":true,"href":"https:\/\/iguanasmoke.com\/fr\/wp-json\/wp\/v2\/product_cat?post=82203"},{"taxonomy":"product_tag","embeddable":true,"href":"https:\/\/iguanasmoke.com\/fr\/wp-json\/wp\/v2\/product_tag?post=82203"}],"curies":[{"name":"wp","href":"https:\/\/api.w.org\/{rel}","templated":true}]}}