{"id":82221,"date":"2026-03-24T12:58:12","date_gmt":"2026-03-24T11:58:12","guid":{"rendered":"https:\/\/iguanasmoke.com\/?post_type=product&#038;p=82221"},"modified":"2026-03-26T13:03:46","modified_gmt":"2026-03-26T12:03:46","slug":"huile-cbd-animaux-10ml-jambon","status":"publish","type":"product","link":"https:\/\/iguanasmoke.com\/fr\/producto\/aceite-cbd-mascotas-10ml-jamon\/","title":{"rendered":"Huile CBD pour animaux de compagnie 10 ml - Jambon"},"content":{"rendered":"<h1><span style=\"font-weight: 400;\">Huile de CBD Full Spectrum 10 ml pour animaux de compagnie au go\u00fbt de jambon<\/span><\/h1>\n<p><span style=\"font-weight: 400;\">Si vous cherchez une solution naturelle pour am\u00e9liorer la qualit\u00e9 de vie de votre animal, <strong>L'huile de CBD au jambon pour animaux de compagnie en format 10 ml,<\/strong> c'est exactement ce qu'il vous faut. Il a \u00e9t\u00e9 sp\u00e9cialement con\u00e7u pour les chiens et les chats, et combine efficacement les bienfaits du cannabidiol (CBD) avec une d\u00e9licieuse saveur de jambon qu'ils vont adorer. <\/span><\/p>\n<p><span style=\"font-weight: 400;\">D\u00e9couvrez maintenant comment ce produit peut faire une diff\u00e9rence significative pour le bien-\u00eatre de vos compagnons \u00e0 quatre pattes.<\/span><\/p>\n<p>&nbsp;<\/p>\n<h2><strong>Qu'est-ce que l'huile de CBD pour animaux de compagnie ? <\/strong><\/h2>\n<p><span style=\"font-weight: 400;\">L'huile de CBD au jambon est un suppl\u00e9ment naturel <strong>\u00e0 base d'extrait de cannabidiol<\/strong>, un compos\u00e9 <strong>non psychoactif<\/strong> que l'on trouve dans la plante de cannabis. Cet ingr\u00e9dient a gagn\u00e9 en popularit\u00e9 en raison de ses<strong> propri\u00e9t\u00e9s th\u00e9rapeutiques<\/strong> chez l'homme et l'animal.<strong> L'huile de CBD pour animaux de compagnie au go\u00fbt de jambon<\/strong>, est formul\u00e9 pour r\u00e9pondre aux besoins sp\u00e9cifiques des chiens et des chats, offrant un soulagement efficace et s\u00fbr. <\/span><\/p>\n<p><span style=\"font-weight: 400;\">Huiles de CBD de <em>Spectre complet<\/em>, connu sous le nom de <strong>Spectre complet<\/strong>, offrent des avantages suppl\u00e9mentaires en incluant une large gamme de compos\u00e9s naturels de la plante de cannabis, tels que des cannabino\u00efdes secondaires, des terp\u00e8nes et des flavono\u00efdes. Ceux-ci agissent en synergie comme le dit \u201ceffet d'entourage\u201d pour potentialiser les effets th\u00e9rapeutiques du CBD. Ces huiles sont disponibles en deux concentrations diff\u00e9rentes : 3% si vous voulez quelque chose de plus doux et 7% si vous voulez quelque chose de plus fort.\u00a0<\/span><\/p>\n<p><span style=\"font-weight: 400;\">Lors du choix d'un<strong> Huile de CBD \u00e0 spectre complet<\/strong>, votre animal de compagnie pourra profiter d'une <strong>un soulagement plus efficace du stress, de l'inflammation et de la douleur<\/strong>, ainsi qu'un <strong>soutien immunitaire renforc\u00e9<\/strong>. Ce type d'huile est id\u00e9al pour ceux qui recherchent une solution naturelle et compl\u00e8te pour am\u00e9liorer la qualit\u00e9 de vie de leurs compagnons \u00e0 poils.<\/span><\/p>\n<p>&nbsp;<\/p>\n<h2><strong>Avantages pour les animaux de compagnie : <\/strong><\/h2>\n<ul>\n<li><span style=\"font-weight: 400;\"><strong>R\u00e9duction de l'anxi\u00e9t\u00e9 et\/ou du stress :<\/strong> Les animaux de compagnie peuvent souffrir d'anxi\u00e9t\u00e9 en raison de divers facteurs tels que la s\u00e9paration, les voyages, les visites chez le v\u00e9t\u00e9rinaire ou les bruits forts (comme les feux d'artifice). Le CBD aide \u00e0 calmer le syst\u00e8me nerveux de l'animal et lui procure un sentiment de s\u00e9r\u00e9nit\u00e9. <\/span><\/li>\n<li><span style=\"font-weight: 400;\"><strong>Soulagement de la douleur et de l'inflammation :<\/strong> Id\u00e9ale pour les animaux souffrant de probl\u00e8mes articulaires ou de douleurs chroniques, ainsi que de difficult\u00e9s de mobilit\u00e9, l'huile de CBD est connue pour ses propri\u00e9t\u00e9s anti-inflammatoires et analg\u00e9siques. Elle contribue \u00e0 am\u00e9liorer la qualit\u00e9 de vie des animaux de compagnie en les rendant plus actifs et plus heureux. <\/span><\/li>\n<li><span style=\"font-weight: 400;\"><strong>Am\u00e9lioration de la sant\u00e9 et du pelage\/de la peau :<\/strong> Les acides gras om\u00e9ga-3 pr\u00e9sents dans l'huile, associ\u00e9s au CBD, favorisent une peau saine et un pelage brillant. Particuli\u00e8rement utile pour les animaux de compagnie souffrant de probl\u00e8mes d\u00e9matologiques. <\/span><\/li>\n<li><span style=\"font-weight: 400;\"><strong>Soutien du syst\u00e8me immunitaire :<\/strong> Le CBD agit \u00e9galement comme un stimulant immunitaire, aidant votre animal \u00e0 rester en bonne sant\u00e9 contre les maladies courantes. <\/span><\/li>\n<li><span style=\"font-weight: 400;\"><strong>Contr\u00f4le des crises d'\u00e9pilepsie et des troubles neurologiques :<\/strong> Des \u00e9tudes ont montr\u00e9 que le CBD peut \u00eatre utile pour contr\u00f4ler les crises d'\u00e9pilepsie et d'autres troubles neurologiques chez les animaux de compagnie, am\u00e9liorant ainsi leur qualit\u00e9 de vie.<\/span><\/li>\n<\/ul>\n<p>&nbsp;<\/p>\n<h2><strong>Saveur de jambon : un extra irr\u00e9sistible dans votre huile de CBD pour animaux de compagnie\u00a0<\/strong><\/h2>\n<p><span style=\"font-weight: 400;\">Nous savons que l'acceptation est la cl\u00e9 lorsqu'il s'agit de compl\u00e9ments alimentaires pour animaux de compagnie. C'est pourquoi ce <strong>Huile de CBD jambon pour animaux de compagnie <\/strong>a une<strong> saveur d\u00e9licieuse<\/strong>, pour que votre animal l'appr\u00e9cie. En outre, cet ar\u00f4me naturel facilite non seulement l'administration de l'huile, mais il permet \u00e9galement de <strong>fournit des nutriments b\u00e9n\u00e9fiques pour am\u00e9liorer la sant\u00e9 g\u00e9n\u00e9rale de votre animal de compagnie<\/strong>.<\/span><\/p>\n<p>&nbsp;<\/p>\n<h2><strong>Comment administrer correctement l'huile de CBD pour animaux de compagnie \u00e0 votre animal ?<\/strong><\/h2>\n<p><span style=\"font-weight: 400;\"> La dose recommand\u00e9e varie selon le<strong> taille, poids et les besoins sp\u00e9cifiques de votre animal de compagnie.<\/strong> En g\u00e9n\u00e9ral, il est conseill\u00e9 de commencer par de faibles doses et de les augmenter progressivement jusqu'\u00e0 ce que l'on trouve le bon niveau. Comme pour les<strong> utilisation topique<\/strong>, Vous pouvez administrer l'huile directement dans la gueule de votre animal (elle est fournie avec un compte-gouttes), la m\u00e9langer \u00e0 sa nourriture ou m\u00eame l'ajouter \u00e0 son go\u00fbter pr\u00e9f\u00e9r\u00e9. <\/span><\/p>\n<p><span style=\"font-weight: 400;\">Voici une suggestion de dosage : <\/span><\/p>\n<ul>\n<li><span style=\"font-weight: 400;\"><strong>petits animaux de compagnie<\/strong> (&gt;10kg) : <strong>1-2 gouttes\/jour <\/strong><\/span><\/li>\n<li><span style=\"font-weight: 400;\"><strong>animaux de taille moyenne<\/strong> (10-20kg) :<strong> 3-5 gouttes\/jour <\/strong><\/span><\/li>\n<li><span style=\"font-weight: 400;\"><strong>grands animaux de compagnie<\/strong> (&gt;20 kg) : <strong>6-10 gouttes\/jour <\/strong><\/span><\/li>\n<\/ul>\n<p><span style=\"font-weight: 400;\"><strong>Consultez toujours votre v\u00e9t\u00e9rinaire avant de commencer \u00e0 donner des compl\u00e9ments alimentaires \u00e0 vos animaux de compagnie.<\/strong>, Cela permet de s'assurer qu'ils leur conviennent.\u00a0 \u00a0<\/span><\/p>\n<p>&nbsp;<\/p>\n<h3><strong>Foire aux questions sur l'huile de CBD au jambon<\/strong><\/h3>\n<ol>\n<li><span style=\"font-weight: 400;\"><strong>Le CBD est-il sans danger pour mon animal de compagnie ?<\/strong> Oui, le CBD est sans danger pour les animaux de compagnie lorsqu'il est administr\u00e9 aux doses recommand\u00e9es. Notre huile ne contient pas de THC, le compos\u00e9 psychoactif du cannabis, ce qui garantit que votre animal ne subira pas d'effets secondaires ind\u00e9sirables. <\/span><\/li>\n<li><span style=\"font-weight: 400;\"><strong>Quand mon animal commencera-t-il \u00e0 ressentir des r\u00e9sultats ?<\/strong> Les effets peuvent varier d'un animal \u00e0 l'autre. Certains peuvent montrer une am\u00e9lioration en quelques jours, tandis que d'autres animaux peuvent n\u00e9cessiter plusieurs semaines d'utilisation constante. <\/span><\/li>\n<li><span style=\"font-weight: 400;\"><strong>Puis-je utiliser l'huile de CBD pour traiter des maladies sp\u00e9cifiques ?<\/strong> Le CBD est un excellent compl\u00e9ment pour traiter divers probl\u00e8mes, mais vous devez toujours consulter votre v\u00e9t\u00e9rinaire avant de l'utiliser dans le cadre d'un traitement. <\/span><span style=\"font-weight: 400;\">\u00a0\u00a0<\/span><\/li>\n<\/ol>\n<h2><\/h2>\n<h2><b>O\u00f9 acheter vos huiles de CBD en ligne<\/b><b>?<\/b><\/h2>\n<p><span style=\"font-weight: 400;\">Bien entendu, en <strong>Fum\u00e9e d'iguane. <\/strong>Ici, nous privil\u00e9gions la qualit\u00e9 et la transparence pour chaque produit. Nos <strong>Huile de CBD jambon 10ml <\/strong>\u00a0est bas\u00e9 sur <strong>les graines de chanvre.<\/strong><\/span><\/p>\n<p><span style=\"font-weight: 400;\">C'est un endroit s\u00fbr pour <strong>acheter des huiles de CBD en ligne en Espagne.<\/strong> Tous nos produits sont approuv\u00e9s par l'UE, ce qui garantit leur l\u00e9galit\u00e9 et leur s\u00e9curit\u00e9. En outre, si vous le souhaitez, vous pouvez consulter<\/span><strong> <a href=\"https:\/\/iguanasmoke.com\/fr\/lanalyse\/\">analyse en laboratoire.<\/a>\u00a0<\/strong><\/p>\n<h3><\/h3>\n<h3><b>Iguana Smoke est votre boutique en ligne de CBD\u00a0<\/b><\/h3>\n<p><span style=\"font-weight: 400;\">Au<strong> Fum\u00e9e d'iguane<\/strong>, Nous pensons que la consommation de CBD doit \u00eatre une exp\u00e9rience s\u00fbre et agr\u00e9able. C'est pourquoi nous proposons des produits comme celui-ci <strong>Huile de CBD jambon 10ml<\/strong> qui s'adresse aux nouvelles g\u00e9n\u00e9rations : des personnes qui recherchent un bien-\u00eatre simple, avec des marques authentiques et fiables.\u00a0<\/span><\/p>\n<p>Vous savez, notre mission est claire : vous apporter le meilleur du monde du CBD \u00e0 un prix \u00e9quitable. De plus, nous vous offrons la tranquillit\u00e9 d'esprit de savoir que vous choisissez un produit certifi\u00e9, efficace et 100% l\u00e9gal. Votre moment de d\u00e9tente commence ici avec nous.<\/p>\n<p>Vous avez encore des doutes ? Ecrivez-nous et nous nous ferons un plaisir de vous aider \u00e0 trouver le produit qui vous convient.<\/p>","protected":false},"excerpt":{"rendered":"<h3><span style=\"font-weight: 400;\">Caract\u00e9ristiques de notre huile CBD :\u00a0<\/span><\/h3>\n<ul>\n<li><span style=\"font-weight: 400;\"><strong>Ingr\u00e9dients naturels :<\/strong> Huile de graines de chanvre enrichie en jambon et extrait de CBD Full Spectrum 300 mg<\/span><\/li>\n<li>Sans additifs, produits chimiques ou conservateurs<\/li>\n<li>Disponible en deux concentrations : 3% et 7%<\/li>\n<li>Con\u00e7u pour les besoins des chiens et des chats<\/li>\n<li>Consulter le <a style=\"font-size: 16px; background-color: #ffffff;\" href=\"https:\/\/iguanasmoke.com\/wp-content\/uploads\/2018\/02\/Aceite-ISO-5.pdf\">analyse de la qualit\u00e9<\/a><span style=\"font-size: 16px;\">.<\/span><\/li>\n<\/ul>","protected":false},"featured_media":82466,"comment_status":"open","ping_status":"closed","template":"","meta":{"_acf_changed":false,"site-sidebar-layout":"default","site-content-layout":"","ast-site-content-layout":"default","site-content-style":"default","site-sidebar-style":"default","ast-global-header-display":"","ast-banner-title-visibility":"","ast-main-header-display":"","ast-hfb-above-header-display":"","ast-hfb-below-header-display":"","ast-hfb-mobile-header-display":"","site-post-title":"","ast-breadcrumbs-content":"","ast-featured-img":"","footer-sml-layout":"","theme-transparent-header-meta":"default","adv-header-id-meta":"","stick-header-meta":"","header-above-stick-meta":"","header-main-stick-meta":"","header-below-stick-meta":"","astra-migrate-meta-layouts":"set","ast-page-background-enabled":"default","ast-page-background-meta":{"desktop":{"background-color":"var(--ast-global-color-4)","background-image":"","background-repeat":"repeat","background-position":"center center","background-size":"auto","background-attachment":"scroll","background-type":"","background-media":"","overlay-type":"","overlay-color":"","overlay-opacity":"","overlay-gradient":""},"tablet":{"background-color":"","background-image":"","background-repeat":"repeat","background-position":"center center","background-size":"auto","background-attachment":"scroll","background-type":"","background-media":"","overlay-type":"","overlay-color":"","overlay-opacity":"","overlay-gradient":""},"mobile":{"background-color":"","background-image":"","background-repeat":"repeat","background-position":"center center","background-size":"auto","background-attachment":"scroll","background-type":"","background-media":"","overlay-type":"","overlay-color":"","overlay-opacity":"","overlay-gradient":""}},"ast-content-background-meta":{"desktop":{"background-color":"var(--ast-global-color-5)","background-image":"","background-repeat":"repeat","background-position":"center center","background-size":"auto","background-attachment":"scroll","background-type":"","background-media":"","overlay-type":"","overlay-color":"","overlay-opacity":"","overlay-gradient":""},"tablet":{"background-color":"var(--ast-global-color-5)","background-image":"","background-repeat":"repeat","background-position":"center center","background-size":"auto","background-attachment":"scroll","background-type":"","background-media":"","overlay-type":"","overlay-color":"","overlay-opacity":"","overlay-gradient":""},"mobile":{"background-color":"var(--ast-global-color-5)","background-image":"","background-repeat":"repeat","background-position":"center center","background-size":"auto","background-attachment":"scroll","background-type":"","background-media":"","overlay-type":"","overlay-color":"","overlay-opacity":"","overlay-gradient":""}}},"product_brand":[],"product_cat":[309,350],"product_tag":[],"class_list":{"0":"post-82221","1":"product","2":"type-product","3":"status-publish","4":"has-post-thumbnail","6":"product_cat-aceite-de-cbd","7":"product_cat-mascotas","8":"desktop-align-center","9":"tablet-align-center","10":"mobile-align-center","12":"first","13":"instock","14":"taxable","15":"shipping-taxable","16":"purchasable","17":"product-type-variable"},"acf":[],"yoast_head":"<!-- This site is optimized with the Yoast SEO Premium plugin v27.5 (Yoast SEO v27.5) - https:\/\/yoast.com\/product\/yoast-seo-premium-wordpress\/ -->\n<title>Aceite de CBD jam\u00f3n para mascotas 10ml | Iguana Smoke<\/title>\n<meta name=\"description\" content=\"El Aceite de CBD jam\u00f3n es la soluci\u00f3n perfecta para tu perro o gato. Ay\u00fadale a sentirse mejor con un rico sabor que adorar\u00e1. \u00a1Ordena hoy!\" \/>\n<meta name=\"robots\" content=\"index, follow, max-snippet:-1, max-image-preview:large, max-video-preview:-1\" \/>\n<link rel=\"canonical\" href=\"https:\/\/iguanasmoke.com\/fr\/produit\/huile-cbd-animaux-10ml-jambon\/\" \/>\n<meta property=\"og:locale\" content=\"fr_FR\" \/>\n<meta property=\"og:type\" content=\"article\" \/>\n<meta property=\"og:title\" content=\"Aceite CBD Mascotas 10ml - Jam\u00f3n\" \/>\n<meta property=\"og:description\" content=\"Caracter\u00edsticas de nuestro Aceite CBD:\u00a0   Ingredientes naturales: Aceite de semillas de c\u00e1\u00f1amo enriquecido con jam\u00f3n y extracto CBD Full Spectrum 300mg  Sin aditivos, qu\u00edmicos ni conservantes  Disponible en dos concentraciones: 3% y 7%  Dise\u00f1ado para las necesidades de perros y gatos  Consulta el an\u00e1lisis de calidad.\" \/>\n<meta property=\"og:url\" content=\"https:\/\/iguanasmoke.com\/fr\/produit\/huile-cbd-animaux-10ml-jambon\/\" \/>\n<meta property=\"og:site_name\" content=\"Iguana Smoke\" \/>\n<meta property=\"article:publisher\" content=\"https:\/\/www.facebook.com\/iguanasmoke\" \/>\n<meta property=\"article:modified_time\" content=\"2026-03-26T12:03:46+00:00\" \/>\n<meta property=\"og:image\" content=\"https:\/\/iguanasmoke.com\/wp-content\/uploads\/2026\/03\/caja-y-botella-3-10-ml-der.webp\" \/>\n\t<meta property=\"og:image:width\" content=\"1000\" \/>\n\t<meta property=\"og:image:height\" content=\"1000\" \/>\n\t<meta property=\"og:image:type\" content=\"image\/webp\" \/>\n<meta name=\"twitter:card\" content=\"summary_large_image\" \/>\n<meta name=\"twitter:label1\" content=\"Disponibilit\u00e9\" \/>\n\t<meta name=\"twitter:data1\" content=\"En stock\" \/>\n<meta property=\"product:brand\" content=\"variable\" \/>\n<meta property=\"og:availability\" content=\"instock\" \/>\n<meta property=\"product:availability\" content=\"instock\" \/>\n<meta property=\"product:condition\" content=\"new\" \/>\n<!-- \/ Yoast SEO Premium plugin. -->","yoast_head_json":{"title":"Huile CBD jambon pour animaux de compagnie 10 ml | Iguana Smoke","description":"L'huile de CBD au go\u00fbt de jambon est la solution parfaite pour votre chien ou chat. Aidez-le \u00e0 se sentir mieux avec une saveur riche qu'il adorera. Commandez d\u00e8s aujourd'hui !","robots":{"index":"index","follow":"follow","max-snippet":"max-snippet:-1","max-image-preview":"max-image-preview:large","max-video-preview":"max-video-preview:-1"},"canonical":"https:\/\/iguanasmoke.com\/fr\/produit\/huile-cbd-animaux-10ml-jambon\/","og_locale":"fr_FR","og_type":"article","og_title":"Aceite CBD Mascotas 10ml - Jam\u00f3n","og_description":"Caracter\u00edsticas de nuestro Aceite CBD:\u00a0   Ingredientes naturales: Aceite de semillas de c\u00e1\u00f1amo enriquecido con jam\u00f3n y extracto CBD Full Spectrum 300mg  Sin aditivos, qu\u00edmicos ni conservantes  Disponible en dos concentraciones: 3% y 7%  Dise\u00f1ado para las necesidades de perros y gatos  Consulta el an\u00e1lisis de calidad.","og_url":"https:\/\/iguanasmoke.com\/fr\/produit\/huile-cbd-animaux-10ml-jambon\/","og_site_name":"Iguana Smoke","article_publisher":"https:\/\/www.facebook.com\/iguanasmoke","article_modified_time":"2026-03-26T12:03:46+00:00","og_image":[{"width":1000,"height":1000,"url":"https:\/\/iguanasmoke.com\/wp-content\/uploads\/2026\/03\/caja-y-botella-3-10-ml-der.webp","type":"image\/webp"}],"twitter_card":"summary_large_image","twitter_misc":{"Disponibilit\u00e9":"En stock"},"schema":{"@context":"https:\/\/schema.org","@graph":[{"@type":"WebPage","@id":"https:\/\/iguanasmoke.com\/producto\/aceite-cbd-mascotas-10ml-jamon\/","url":"https:\/\/iguanasmoke.com\/producto\/aceite-cbd-mascotas-10ml-jamon\/","name":"Huile CBD jambon pour animaux de compagnie 10 ml | Iguana Smoke","isPartOf":{"@id":"https:\/\/iguanasmoke.com\/#website"},"primaryImageOfPage":{"@id":"https:\/\/iguanasmoke.com\/producto\/aceite-cbd-mascotas-10ml-jamon\/#primaryimage"},"image":{"@id":"https:\/\/iguanasmoke.com\/producto\/aceite-cbd-mascotas-10ml-jamon\/#primaryimage"},"thumbnailUrl":"https:\/\/iguanasmoke.com\/wp-content\/uploads\/2026\/03\/caja-y-botella-3-10-ml-der.webp","datePublished":"2026-03-24T11:58:12+00:00","dateModified":"2026-03-26T12:03:46+00:00","description":"L'huile de CBD au go\u00fbt de jambon est la solution parfaite pour votre chien ou chat. Aidez-le \u00e0 se sentir mieux avec une saveur riche qu'il adorera. Commandez d\u00e8s aujourd'hui !","breadcrumb":{"@id":"https:\/\/iguanasmoke.com\/producto\/aceite-cbd-mascotas-10ml-jamon\/#breadcrumb"},"inLanguage":"fr-FR","potentialAction":[{"@type":"ReadAction","target":["https:\/\/iguanasmoke.com\/producto\/aceite-cbd-mascotas-10ml-jamon\/"]}]},{"@type":"ImageObject","inLanguage":"fr-FR","@id":"https:\/\/iguanasmoke.com\/producto\/aceite-cbd-mascotas-10ml-jamon\/#primaryimage","url":"https:\/\/iguanasmoke.com\/wp-content\/uploads\/2026\/03\/caja-y-botella-3-10-ml-der.webp","contentUrl":"https:\/\/iguanasmoke.com\/wp-content\/uploads\/2026\/03\/caja-y-botella-3-10-ml-der.webp","width":1000,"height":1000,"caption":"Aceite CBD de jamon para mascotas 3%"},{"@type":"BreadcrumbList","@id":"https:\/\/iguanasmoke.com\/producto\/aceite-cbd-mascotas-10ml-jamon\/#breadcrumb","itemListElement":[{"@type":"ListItem","position":1,"name":"home","item":"https:\/\/iguanasmoke.com\/"},{"@type":"ListItem","position":2,"name":"Tienda","item":"https:\/\/iguanasmoke.com\/tienda\/"},{"@type":"ListItem","position":3,"name":"Mascotas","item":"https:\/\/iguanasmoke.com\/categoria\/mascotas\/"},{"@type":"ListItem","position":4,"name":"Aceite CBD Mascotas 10ml &#8211; Jam\u00f3n"}]},{"@type":"WebSite","@id":"https:\/\/iguanasmoke.com\/#website","url":"https:\/\/iguanasmoke.com\/","name":"Fum\u00e9e d'iguane","description":"Acheter du CBD en ligne au meilleur prix","publisher":{"@id":"https:\/\/iguanasmoke.com\/#organization"},"potentialAction":[{"@type":"SearchAction","target":{"@type":"EntryPoint","urlTemplate":"https:\/\/iguanasmoke.com\/?s={search_term_string}"},"query-input":{"@type":"PropertyValueSpecification","valueRequired":true,"valueName":"search_term_string"}}],"inLanguage":"fr-FR"},{"@type":"Organization","@id":"https:\/\/iguanasmoke.com\/#organization","name":"Fum\u00e9e d'iguane","url":"https:\/\/iguanasmoke.com\/","logo":{"@type":"ImageObject","inLanguage":"fr-FR","@id":"https:\/\/iguanasmoke.com\/#\/schema\/logo\/image\/","url":"https:\/\/iguanasmoke.com\/wp-content\/uploads\/2025\/01\/logoiguana-favi-1.png","contentUrl":"https:\/\/iguanasmoke.com\/wp-content\/uploads\/2025\/01\/logoiguana-favi-1.png","width":512,"height":512,"caption":"Iguana Smoke"},"image":{"@id":"https:\/\/iguanasmoke.com\/#\/schema\/logo\/image\/"},"sameAs":["https:\/\/www.facebook.com\/iguanasmoke","https:\/\/www.instagram.com\/iguanasmoke\/"]}]},"product_brand":"variable","og_availability":"instock","product_availability":"instock","product_condition":"new"},"_links":{"self":[{"href":"https:\/\/iguanasmoke.com\/fr\/wp-json\/wp\/v2\/product\/82221","targetHints":{"allow":["GET"]}}],"collection":[{"href":"https:\/\/iguanasmoke.com\/fr\/wp-json\/wp\/v2\/product"}],"about":[{"href":"https:\/\/iguanasmoke.com\/fr\/wp-json\/wp\/v2\/types\/product"}],"replies":[{"embeddable":true,"href":"https:\/\/iguanasmoke.com\/fr\/wp-json\/wp\/v2\/comments?post=82221"}],"wp:featuredmedia":[{"embeddable":true,"href":"https:\/\/iguanasmoke.com\/fr\/wp-json\/wp\/v2\/media\/82466"}],"wp:attachment":[{"href":"https:\/\/iguanasmoke.com\/fr\/wp-json\/wp\/v2\/media?parent=82221"}],"wp:term":[{"taxonomy":"product_brand","embeddable":true,"href":"https:\/\/iguanasmoke.com\/fr\/wp-json\/wp\/v2\/product_brand?post=82221"},{"taxonomy":"product_cat","embeddable":true,"href":"https:\/\/iguanasmoke.com\/fr\/wp-json\/wp\/v2\/product_cat?post=82221"},{"taxonomy":"product_tag","embeddable":true,"href":"https:\/\/iguanasmoke.com\/fr\/wp-json\/wp\/v2\/product_tag?post=82221"}],"curies":[{"name":"wp","href":"https:\/\/api.w.org\/{rel}","templated":true}]}}