{"id":83905,"date":"2026-04-10T12:48:49","date_gmt":"2026-04-10T10:48:49","guid":{"rendered":"https:\/\/iguanasmoke.com\/?post_type=product&#038;p=83905"},"modified":"2026-04-10T15:29:53","modified_gmt":"2026-04-10T13:29:53","slug":"space-pop-corn-cogollos-pequenos-10-oh-10g","status":"publish","type":"product","link":"https:\/\/iguanasmoke.com\/fr\/producto\/space-pop-corn-cogollos-pequenos-10-oh-10g\/","title":{"rendered":"Space Pop Corn \u2013 Petits bourgeons 10-OH 10g"},"content":{"rendered":"<h1><b>Space Pop Corn &#8211; Cogollos peque\u00f1os 10-OH 10g (Mini buds)<\/b><\/h1>\n<p><span style=\"font-weight: 400;\">Llega la nueva versi\u00f3n mini de <strong>Espace Pop Corn 10-OH<\/strong> para aquellos interesados en comprar flores con nuevas mol\u00e9culas. Descubre ahora tus <strong>cogollos peque\u00f1os 10-OH 10g<\/strong> en formato econ\u00f3mico y de gran calidad, con hasta un 12% de CBD y enriquecido con 10-OH. Este formato <strong>Space Pop Corn<\/strong>, \u00e9galement connu sous le nom de <strong>Mini buds<\/strong>, offre un \u00e9quilibre parfait entre le prix, la qualit\u00e9 et la commodit\u00e9 pour les utilisateurs fr\u00e9quents de CBD.<\/span><\/p>\n<p>&nbsp;<\/p>\n<h2>\u00bfQu\u00e9 son los cogollos peque\u00f1os 10-OH 10g?<\/h2>\n<p><span style=\"font-weight: 400;\">Le<strong> cogollos peque\u00f1os 10-OH 10g son flores de tama\u00f1o reducido<\/strong>, en <strong>Fum\u00e9e d'iguane<\/strong> nous les appelons <strong>Pop Corn o Mini Buds<\/strong>. Ils ont la m\u00eame puissance aromatique et la m\u00eame qualit\u00e9 que les bourgeons de qualit\u00e9 sup\u00e9rieure, mais avec un go\u00fbt plus prononc\u00e9. <strong>taille compacte<\/strong> ce qui permet d'offrir <strong>plus de quantit\u00e9 \u00e0 un meilleur prix<\/strong>, sans sacrifier la saveur ou le profil des cannabino\u00efdes.<\/span><\/p>\n<p>&nbsp;<\/p>\n<h2><b>Caracter\u00edsticas de los mini buds:\u00a0<\/b><\/h2>\n<p><span style=\"font-weight: 400;\">Notre<strong> Space Pop Corn<\/strong> destacan por su estructura densa y bien compactada: son <strong>bourgeons denses et compacts<\/strong>. Sus tonos verdes intensos llenos de <strong>pistils<\/strong> <strong>orange<\/strong> hacen que sea un espect\u00e1culo mirarlos, destacando tambi\u00e9n por sus tricomas brillantes. En cada bolsa, encontrar\u00e1s <strong>cogollos peque\u00f1os 10-OH 10g<\/strong> escogidos entre una selecci\u00f3n homog\u00e9nea de flores peque\u00f1as cuidadosamente curadas para garantizar un aroma intenso y una <strong>une exp\u00e9rience incroyable<\/strong>.<\/span><\/p>\n<p>&nbsp;<\/p>\n<h2><b>Ar\u00f4me et profil terp\u00e9nique<\/b><\/h2>\n<p><span style=\"font-weight: 400;\">Le <strong>Mini buds 10-OH de Iguana Smoke<\/strong> offrent un profil olfactif complexe et profond\u00e9ment attrayant. Vous y trouverez un m\u00e9lange \u00e9quilibr\u00e9 de :<\/span><\/p>\n<ul>\n<li><em><span style=\"font-weight: 400;\">notas dulces frutales<\/span><\/em><\/li>\n<li><em><span style=\"font-weight: 400;\">un toque distintivo herbal<\/span><\/em><\/li>\n<li><em><span style=\"font-weight: 400;\">nuances d'agrumes<\/span><\/em><\/li>\n<li><em><span style=\"font-weight: 400;\">un fond doux et terreux<\/span><\/em><\/li>\n<\/ul>\n<p>Un ar\u00f4me profond et enveloppant, id\u00e9al pour ceux qui recherchent des fleurs avec de la personnalit\u00e9.<\/p>\n<p>&nbsp;<\/p>\n<h2><b>Valoraci\u00f3n general del Space Pop Corn 10-OH<\/b><\/h2>\n<p><span style=\"font-weight: 400;\">Le<strong> cogollos peque\u00f1os 10-OH 10g <\/strong>de <strong>Fum\u00e9e d'iguane<\/strong>, Ils repr\u00e9sentent ce qu'il y a de mieux dans le monde du CBD. Ils constituent une alternative parfaite pour ceux qui veulent <strong>acheter des fleurs CBD en ligne<\/strong> avec un excellent rapport qualit\u00e9-prix. Ce sont des fleurs<strong> l\u00e9gal, s\u00fbr et charg\u00e9 de terp\u00e8nes<\/strong>, Les nouveaux produits conviennent aussi bien \u00e0 un usage occasionnel qu'\u00e0 des consommateurs r\u00e9guliers.\u00a0<\/span><\/p>\n<p>&nbsp;<\/p>\n<h2><b>Comprar flores CBD y cogollos peque\u00f1os 10-OH 10g en Iguana Smoke<\/b><\/h2>\n<p><span style=\"font-weight: 400;\">Nous travaillons avec des agriculteurs qui cultivent le cannabis industriel de mani\u00e8re biologique, <strong>sans pesticides ni produits chimiques \u00e0 base d'OGM<\/strong>. Toutes nos fleurs proviennent de vari\u00e9t\u00e9s de <strong><em>Cannabis Sativa<\/em><\/strong> approuv\u00e9e par l'UE et contenant <strong>moins de 0,3% de THC<\/strong>, et ils sont donc totalement <strong>juridique<\/strong> et ne produisent pas d'effets psychoactifs. <\/span><span style=\"font-weight: 400;\">En outre, si vous le souhaitez, vous pouvez consulter<strong> <a href=\"https:\/\/iguanasmoke.com\/fr\/lanalyse\/\">analyse en laboratoire.<\/a>\u00a0<\/strong><\/span><\/p>\n<p><span style=\"font-weight: 400;\">Si te gusta esta flor, te animamos a que descubras otras flores de 10-OH como la <a href=\"https:\/\/iguanasmoke.com\/wp-admin\/post.php?post=81155&amp;action=edit\"><strong>Fleur 10-OH Amnesia Fleurs de l'espace<\/strong><\/a>. Et s<\/span><span style=\"font-weight: 400;\">i vous souhaitez d\u00e9couvrir d'autres produits, jetez un coup d'\u0153il \u00e0 notre site web. <a href=\"https:\/\/iguanasmoke.com\/fr\/categorie\/hash-cbd\/\"><span style=\"text-decoration: underline;\"><strong>R\u00e9sines de CBD<\/strong><\/span><\/a> o <strong><a href=\"https:\/\/iguanasmoke.com\/fr\/categorie\/nouvelles-molecules\/10oh\/\">Vapers 10-OH<\/a><\/strong>. <\/span><span style=\"font-weight: 400;\">Explora nuestra variedad y encuentra tus favoritos.<\/span><span style=\"font-weight: 400;\">\u00a0<\/span><\/p>\n<p>Une livraison rapide, une attention particuli\u00e8re et un magasin avec un emballage discret et s\u00fbr qui va de l'avant, juste pour que vous puissiez en profiter !<\/p>\n<h2><span style=\"color: #ffffff;\">acheter flore<\/span><\/h2>\n<h3><b>Iguana Smoke est votre boutique de cannabino\u00efdes l\u00e9gaux en ligne\u00a0<\/b><\/h3>\n<p><span style=\"font-weight: 400;\">Au<strong> Fum\u00e9e d'iguane<\/strong>, Nous pensons que la consommation de CBD doit se faire en toute s\u00e9curit\u00e9. C'est pourquoi nous proposons des produits comme celui-ci <strong>Space Pop Corn Cogollos peque\u00f1os 10-OH 10g<\/strong>, La marque s'adresse aux nouvelles g\u00e9n\u00e9rations : des personnes qui recherchent un bien-\u00eatre simple, avec des marques authentiques et fiables. <\/span><\/p>\n<p><span style=\"font-weight: 400;\">Vous savez, notre mission est claire :<strong> vous apporter le meilleur du monde du CBD \u00e0 un prix \u00e9quitable<\/strong>. De plus, nous vous offrons la tranquillit\u00e9 d'esprit que procure le choix d'un produit de qualit\u00e9. <strong>produit certifi\u00e9, efficace et l\u00e9gal 100%<\/strong>. Faites le pas, achetez votre fleur de CBD d\u00e8s aujourd'hui et faites passer votre exp\u00e9rience \u00e0 un autre niveau.\u00a0<\/span><\/p>\n<p>Vous avez encore des doutes ? Ecrivez-nous et nous nous ferons un plaisir de vous aider \u00e0 trouver le produit qui vous convient.<\/p>\n<p>&nbsp;<\/p>\n<h6>\u2139\ufe0f<strong> Informations juridiques<\/strong><\/h6>\n<p><em><span style=\"font-weight: 400;\">*Produit destin\u00e9 \u00e0 la collection ou \u00e0 l'aromath\u00e9rapie, conform\u00e9ment \u00e0 la l\u00e9gislation espagnole en vigueur. <\/span><\/em><\/p>\n<p><em><span style=\"font-weight: 400;\">**D\u00e9riv\u00e9 de chanvre industriel certifi\u00e9. Contient moins de 0,3 THC et ne contient pas de cannabino\u00efdes ill\u00e9gaux tels que HHC, HHC-P, THCP, THCP-O, H4CBD ou des substances \u00e9num\u00e9r\u00e9es \u00e0 l'annexe I du d\u00e9cret royal 2829\/1977, ni de substances contr\u00f4l\u00e9es par des conventions internationales.\u00a0\u00a0<\/span><\/em><\/p>","protected":false},"excerpt":{"rendered":"<p><span style=\"font-weight: 400;\">Seleccionados cuidadosamente para satisfacer las necesidades arom\u00e1ticas de los consumidores de Flores 10-OH:<\/span><\/p>\n<ul>\n<li style=\"list-style-type: none;\">\n<ul>\n<li>Fleur CBD premium enrichie de la mol\u00e9cule 10-OH<\/li>\n<li>CBD: 12% \/ THC: &lt;0,3%<\/li>\n<li>Cogollos peque\u00f1os (Mini Buds) &#8211; 10g<\/li>\n<li>Aroma c\u00edtrico, con tonos dulces y herbales<\/li>\n<li>100% l\u00e9gal en Espagne et en Europe<\/li>\n<\/ul>\n<\/li>\n<\/ul>\n<p><span style=\"font-weight: 400;\">Consultation<strong> <a href=\"https:\/\/iguanasmoke.com\/fr\/lanalyse\/\">analyse en laboratoire.<\/a><\/strong><\/span><\/p>","protected":false},"featured_media":83907,"comment_status":"open","ping_status":"closed","template":"","meta":{"_acf_changed":false,"site-sidebar-layout":"default","site-content-layout":"","ast-site-content-layout":"default","site-content-style":"default","site-sidebar-style":"default","ast-global-header-display":"","ast-banner-title-visibility":"","ast-main-header-display":"","ast-hfb-above-header-display":"","ast-hfb-below-header-display":"","ast-hfb-mobile-header-display":"","site-post-title":"","ast-breadcrumbs-content":"","ast-featured-img":"","footer-sml-layout":"","theme-transparent-header-meta":"default","adv-header-id-meta":"","stick-header-meta":"","header-above-stick-meta":"","header-main-stick-meta":"","header-below-stick-meta":"","astra-migrate-meta-layouts":"set","ast-page-background-enabled":"default","ast-page-background-meta":{"desktop":{"background-color":"var(--ast-global-color-4)","background-image":"","background-repeat":"repeat","background-position":"center center","background-size":"auto","background-attachment":"scroll","background-type":"","background-media":"","overlay-type":"","overlay-color":"","overlay-opacity":"","overlay-gradient":""},"tablet":{"background-color":"","background-image":"","background-repeat":"repeat","background-position":"center center","background-size":"auto","background-attachment":"scroll","background-type":"","background-media":"","overlay-type":"","overlay-color":"","overlay-opacity":"","overlay-gradient":""},"mobile":{"background-color":"","background-image":"","background-repeat":"repeat","background-position":"center center","background-size":"auto","background-attachment":"scroll","background-type":"","background-media":"","overlay-type":"","overlay-color":"","overlay-opacity":"","overlay-gradient":""}},"ast-content-background-meta":{"desktop":{"background-color":"var(--ast-global-color-5)","background-image":"","background-repeat":"repeat","background-position":"center center","background-size":"auto","background-attachment":"scroll","background-type":"","background-media":"","overlay-type":"","overlay-color":"","overlay-opacity":"","overlay-gradient":""},"tablet":{"background-color":"var(--ast-global-color-5)","background-image":"","background-repeat":"repeat","background-position":"center center","background-size":"auto","background-attachment":"scroll","background-type":"","background-media":"","overlay-type":"","overlay-color":"","overlay-opacity":"","overlay-gradient":""},"mobile":{"background-color":"var(--ast-global-color-5)","background-image":"","background-repeat":"repeat","background-position":"center center","background-size":"auto","background-attachment":"scroll","background-type":"","background-media":"","overlay-type":"","overlay-color":"","overlay-opacity":"","overlay-gradient":""}}},"product_brand":[],"product_cat":[992],"product_tag":[],"class_list":{"0":"post-83905","1":"product","2":"type-product","3":"status-publish","4":"has-post-thumbnail","6":"product_cat-pop-corn-molecula-10-oh","7":"desktop-align-center","8":"tablet-align-center","9":"mobile-align-center","11":"first","12":"instock","13":"taxable","14":"shipping-taxable","15":"product-type-simple"},"acf":[],"yoast_head":"<!-- This site is optimized with the Yoast SEO Premium plugin v27.3 (Yoast SEO v27.3) - https:\/\/yoast.com\/product\/yoast-seo-premium-wordpress\/ -->\n<title>Cogollos peque\u00f1os 10-OH 10g: Space Pop Corn | Iguana Smoke<\/title>\n<meta name=\"description\" content=\"Descubre los Space Pop Corn: tus cogollos peque\u00f1os 10-OH 10g, con un 12% de CBD y calidad premium. Perfectos para quienes buscan comodidad y buen precio.\" \/>\n<meta name=\"robots\" content=\"index, follow, max-snippet:-1, max-image-preview:large, max-video-preview:-1\" \/>\n<link rel=\"canonical\" href=\"https:\/\/iguanasmoke.com\/fr\/produit\/space-pop-corn-cogollos-pequenos-10-oh-10g\/\" \/>\n<meta property=\"og:locale\" content=\"fr_FR\" \/>\n<meta property=\"og:type\" content=\"article\" \/>\n<meta property=\"og:title\" content=\"Space Pop Corn - Cogollos peque\u00f1os 10-OH 10g\" \/>\n<meta property=\"og:description\" content=\"Seleccionados cuidadosamente para satisfacer las necesidades arom\u00e1ticas de los consumidores de Flores 10-OH:      Flor CBD premium enriquecida con la mol\u00e9cula 10-OH  CBD: 12% \/ THC: &lt;0,3%  Cogollos peque\u00f1os (Mini Buds) - 10g  Aroma c\u00edtrico, con tonos dulces y herbales  100% legal en Espa\u00f1a y Europa    Consulta el an\u00e1lisis de laboratorio.\" \/>\n<meta property=\"og:url\" content=\"https:\/\/iguanasmoke.com\/fr\/produit\/space-pop-corn-cogollos-pequenos-10-oh-10g\/\" \/>\n<meta property=\"og:site_name\" content=\"Iguana Smoke\" \/>\n<meta property=\"article:publisher\" content=\"https:\/\/www.facebook.com\/iguanasmoke\" \/>\n<meta property=\"article:modified_time\" content=\"2026-04-10T13:29:53+00:00\" \/>\n<meta property=\"og:image\" content=\"https:\/\/iguanasmoke.com\/wp-content\/uploads\/2026\/04\/Space-pop-corn.webp\" \/>\n\t<meta property=\"og:image:width\" content=\"1000\" \/>\n\t<meta property=\"og:image:height\" content=\"1000\" \/>\n\t<meta property=\"og:image:type\" content=\"image\/webp\" \/>\n<meta name=\"twitter:card\" content=\"summary_large_image\" \/>\n<meta name=\"twitter:label1\" content=\"Prix\" \/>\n\t<meta name=\"twitter:data1\" content=\"\" \/>\n\t<meta name=\"twitter:label2\" content=\"Disponibilit\u00e9\" \/>\n\t<meta name=\"twitter:data2\" content=\"En stock\" \/>\n<meta property=\"product:brand\" content=\"simple\" \/>\n<meta property=\"product:price:currency\" content=\"EUR\" \/>\n<meta property=\"og:availability\" content=\"instock\" \/>\n<meta property=\"product:availability\" content=\"instock\" \/>\n<meta property=\"product:condition\" content=\"new\" \/>\n<!-- \/ Yoast SEO Premium plugin. -->","yoast_head_json":{"title":"Cogollos peque\u00f1os 10-OH 10g: Space Pop Corn | Iguana Smoke","description":"Descubre los Space Pop Corn: tus cogollos peque\u00f1os 10-OH 10g, con un 12% de CBD y calidad premium. Perfectos para quienes buscan comodidad y buen precio.","robots":{"index":"index","follow":"follow","max-snippet":"max-snippet:-1","max-image-preview":"max-image-preview:large","max-video-preview":"max-video-preview:-1"},"canonical":"https:\/\/iguanasmoke.com\/fr\/produit\/space-pop-corn-cogollos-pequenos-10-oh-10g\/","og_locale":"fr_FR","og_type":"article","og_title":"Space Pop Corn - Cogollos peque\u00f1os 10-OH 10g","og_description":"Seleccionados cuidadosamente para satisfacer las necesidades arom\u00e1ticas de los consumidores de Flores 10-OH:      Flor CBD premium enriquecida con la mol\u00e9cula 10-OH  CBD: 12% \/ THC: &lt;0,3%  Cogollos peque\u00f1os (Mini Buds) - 10g  Aroma c\u00edtrico, con tonos dulces y herbales  100% legal en Espa\u00f1a y Europa    Consulta el an\u00e1lisis de laboratorio.","og_url":"https:\/\/iguanasmoke.com\/fr\/produit\/space-pop-corn-cogollos-pequenos-10-oh-10g\/","og_site_name":"Iguana Smoke","article_publisher":"https:\/\/www.facebook.com\/iguanasmoke","article_modified_time":"2026-04-10T13:29:53+00:00","og_image":[{"width":1000,"height":1000,"url":"https:\/\/iguanasmoke.com\/wp-content\/uploads\/2026\/04\/Space-pop-corn.webp","type":"image\/webp"}],"twitter_card":"summary_large_image","twitter_misc":{"Prix":"","Disponibilit\u00e9":"En stock"},"schema":{"@context":"https:\/\/schema.org","@graph":[{"@type":"WebPage","@id":"https:\/\/iguanasmoke.com\/producto\/space-pop-corn-cogollos-pequenos-10-oh-10g\/","url":"https:\/\/iguanasmoke.com\/producto\/space-pop-corn-cogollos-pequenos-10-oh-10g\/","name":"Cogollos peque\u00f1os 10-OH 10g: Space Pop Corn | Iguana Smoke","isPartOf":{"@id":"https:\/\/iguanasmoke.com\/#website"},"primaryImageOfPage":{"@id":"https:\/\/iguanasmoke.com\/producto\/space-pop-corn-cogollos-pequenos-10-oh-10g\/#primaryimage"},"image":{"@id":"https:\/\/iguanasmoke.com\/producto\/space-pop-corn-cogollos-pequenos-10-oh-10g\/#primaryimage"},"thumbnailUrl":"https:\/\/iguanasmoke.com\/wp-content\/uploads\/2026\/04\/Space-pop-corn.webp","datePublished":"2026-04-10T10:48:49+00:00","dateModified":"2026-04-10T13:29:53+00:00","description":"Descubre los Space Pop Corn: tus cogollos peque\u00f1os 10-OH 10g, con un 12% de CBD y calidad premium. Perfectos para quienes buscan comodidad y buen precio.","breadcrumb":{"@id":"https:\/\/iguanasmoke.com\/producto\/space-pop-corn-cogollos-pequenos-10-oh-10g\/#breadcrumb"},"inLanguage":"fr-FR","potentialAction":[{"@type":"ReadAction","target":["https:\/\/iguanasmoke.com\/producto\/space-pop-corn-cogollos-pequenos-10-oh-10g\/"]}]},{"@type":"ImageObject","inLanguage":"fr-FR","@id":"https:\/\/iguanasmoke.com\/producto\/space-pop-corn-cogollos-pequenos-10-oh-10g\/#primaryimage","url":"https:\/\/iguanasmoke.com\/wp-content\/uploads\/2026\/04\/Space-pop-corn.webp","contentUrl":"https:\/\/iguanasmoke.com\/wp-content\/uploads\/2026\/04\/Space-pop-corn.webp","width":1000,"height":1000,"caption":"Bolsa Space Pop Corn cogollos peque\u00f1os 10-OH"},{"@type":"BreadcrumbList","@id":"https:\/\/iguanasmoke.com\/producto\/space-pop-corn-cogollos-pequenos-10-oh-10g\/#breadcrumb","itemListElement":[{"@type":"ListItem","position":1,"name":"home","item":"https:\/\/iguanasmoke.com\/"},{"@type":"ListItem","position":2,"name":"Tienda","item":"https:\/\/iguanasmoke.com\/tienda\/"},{"@type":"ListItem","position":3,"name":"Pop Corn Mol\u00e9cula 10-OH","item":"https:\/\/iguanasmoke.com\/categoria\/pop-corn-molecula-10-oh\/"},{"@type":"ListItem","position":4,"name":"Space Pop Corn &#8211; Cogollos peque\u00f1os 10-OH 10g"}]},{"@type":"WebSite","@id":"https:\/\/iguanasmoke.com\/#website","url":"https:\/\/iguanasmoke.com\/","name":"Fum\u00e9e d'iguane","description":"Acheter du CBD en ligne au meilleur prix","publisher":{"@id":"https:\/\/iguanasmoke.com\/#organization"},"potentialAction":[{"@type":"SearchAction","target":{"@type":"EntryPoint","urlTemplate":"https:\/\/iguanasmoke.com\/?s={search_term_string}"},"query-input":{"@type":"PropertyValueSpecification","valueRequired":true,"valueName":"search_term_string"}}],"inLanguage":"fr-FR"},{"@type":"Organization","@id":"https:\/\/iguanasmoke.com\/#organization","name":"Fum\u00e9e d'iguane","url":"https:\/\/iguanasmoke.com\/","logo":{"@type":"ImageObject","inLanguage":"fr-FR","@id":"https:\/\/iguanasmoke.com\/#\/schema\/logo\/image\/","url":"https:\/\/iguanasmoke.com\/wp-content\/uploads\/2025\/01\/logoiguana-favi-1.png","contentUrl":"https:\/\/iguanasmoke.com\/wp-content\/uploads\/2025\/01\/logoiguana-favi-1.png","width":512,"height":512,"caption":"Iguana Smoke"},"image":{"@id":"https:\/\/iguanasmoke.com\/#\/schema\/logo\/image\/"},"sameAs":["https:\/\/www.facebook.com\/iguanasmoke","https:\/\/www.instagram.com\/iguanasmoke\/"]}]},"product_brand":"simple","product_price_currency":"EUR","og_availability":"instock","product_availability":"instock","product_condition":"new"},"_links":{"self":[{"href":"https:\/\/iguanasmoke.com\/fr\/wp-json\/wp\/v2\/product\/83905","targetHints":{"allow":["GET"]}}],"collection":[{"href":"https:\/\/iguanasmoke.com\/fr\/wp-json\/wp\/v2\/product"}],"about":[{"href":"https:\/\/iguanasmoke.com\/fr\/wp-json\/wp\/v2\/types\/product"}],"replies":[{"embeddable":true,"href":"https:\/\/iguanasmoke.com\/fr\/wp-json\/wp\/v2\/comments?post=83905"}],"wp:featuredmedia":[{"embeddable":true,"href":"https:\/\/iguanasmoke.com\/fr\/wp-json\/wp\/v2\/media\/83907"}],"wp:attachment":[{"href":"https:\/\/iguanasmoke.com\/fr\/wp-json\/wp\/v2\/media?parent=83905"}],"wp:term":[{"taxonomy":"product_brand","embeddable":true,"href":"https:\/\/iguanasmoke.com\/fr\/wp-json\/wp\/v2\/product_brand?post=83905"},{"taxonomy":"product_cat","embeddable":true,"href":"https:\/\/iguanasmoke.com\/fr\/wp-json\/wp\/v2\/product_cat?post=83905"},{"taxonomy":"product_tag","embeddable":true,"href":"https:\/\/iguanasmoke.com\/fr\/wp-json\/wp\/v2\/product_tag?post=83905"}],"curies":[{"name":"wp","href":"https:\/\/api.w.org\/{rel}","templated":true}]}}