{"id":87211,"date":"2026-05-12T13:54:12","date_gmt":"2026-05-12T11:54:12","guid":{"rendered":"https:\/\/iguanasmoke.com\/?post_type=product&#038;p=87211"},"modified":"2026-05-12T15:13:53","modified_gmt":"2026-05-12T13:13:53","slug":"fleur-cbd-interieur-hydroponique-amnesia","status":"publish","type":"product","link":"https:\/\/iguanasmoke.com\/fr\/producto\/flor-cbd-indoor-hidroponica-amnesia\/","title":{"rendered":"Fleur CBD Indoor Hydroponique Amnesia"},"content":{"rendered":"<h1 data-start=\"1609\" data-end=\"1642\"><span style=\"font-weight: 400;\">Fleur CBD Indoor Hydroponique <\/span><span style=\"font-weight: 400;\">Amn\u00e9sie <\/span><span style=\"font-weight: 400;\">\u2013 Intensit\u00e9 citronn\u00e9e et puret\u00e9 premium<\/span><\/h1>\n<h2 data-start=\"368\" data-end=\"432\">Une Amnesia CBD cultiv\u00e9e en hydroponie pour une expression aromatique maximale<\/h2>\n<p data-start=\"549\" data-end=\"976\"><span style=\"font-weight: 400;\">Si buscas una flor CBD Indoor diferente, m\u00e1s limpia y con una intensidad arom\u00e1tica superior, la <strong>Fleur CBD Indoor<\/strong> <strong>Amn\u00e9sie hydroponique <\/strong>repr\u00e9sente un nouveau niveau au sein du CBD premium. Cette g\u00e9n\u00e9tique embl\u00e9matique se distingue par son profil d'agrumes puissant aux notes sucr\u00e9es et d'encens, avec <strong>bourgeons compacts, brillants et charg\u00e9s de r\u00e9sine<\/strong>. <\/span><\/p>\n<p data-start=\"549\" data-end=\"976\"><span style=\"font-weight: 400;\">La grande diff\u00e9rence r\u00e9side dans leur <strong>culture hydroponique en int\u00e9rieur<\/strong>, a <strong>m\u00e9thode avanc\u00e9e qui permet de contr\u00f4ler l'eau et les nutriments avec une pr\u00e9cision maximale<\/strong> ce que chaque plante re\u00e7oit. Gr\u00e2ce \u00e0 cela, on obtient une fleur plus homog\u00e8ne, avec des terp\u00e8nes mieux conserv\u00e9s et une production de r\u00e9sine particuli\u00e8rement remarquable.\u00a0<\/span><\/p>\n<p data-start=\"549\" data-end=\"976\"><span style=\"font-weight: 400;\"> Au <strong>Fum\u00e9e d'iguane<\/strong>, nous s\u00e9lectionnons soigneusement chaque r\u00e9colte pour vous offrir une <strong>Amnesia Hidroponique Int\u00e9rieure CBD Premium<\/strong>, con\u00e7ue pour ceux qui appr\u00e9cient la vraie qualit\u00e9 d\u00e8s le premier ar\u00f4me.\u00a0<\/span><\/p>\n<h2 data-start=\"549\" data-end=\"976\"><strong>Que signifie qu'une fleur de CBD soit hydroponique ?<\/strong><\/h2>\n<p data-start=\"549\" data-end=\"976\"><span style=\"font-weight: 400;\">La culture hydroponique consiste \u00e0 d\u00e9velopper les <strong>plantes sans terre<\/strong>, en utilisant <strong>eau enrichie en nutriments min\u00e9raux<\/strong> soigneusement \u00e9quilibr\u00e9. Combin\u00e9 \u00e0 une culture int\u00e9rieure enti\u00e8rement contr\u00f4l\u00e9e, ce syst\u00e8me permet d'optimiser chaque phase de croissance de la plante. <\/span><\/p>\n<p data-start=\"549\" data-end=\"976\"><span style=\"font-weight: 400;\">Gr\u00e2ce \u00e0 l'hydroponie : <\/span><\/p>\n<ul>\n<li data-start=\"549\" data-end=\"976\"><span style=\"font-weight: 400;\">Les nutriments sont absorb\u00e9s de mani\u00e8re plus efficace et \u00e9quilibr\u00e9e. <\/span><\/li>\n<li data-start=\"549\" data-end=\"976\"><span style=\"font-weight: 400;\">Les bourgeons d\u00e9veloppent une densit\u00e9 et une uniformit\u00e9 accrues. <\/span><\/li>\n<li data-start=\"549\" data-end=\"976\"><span style=\"font-weight: 400;\">Les terp\u00e8nes conservent mieux leur intensit\u00e9 aromatique et leur fra\u00eecheur. <\/span><\/li>\n<li data-start=\"549\" data-end=\"976\"><span style=\"font-weight: 400;\">La production de r\u00e9sine augmente, am\u00e9liorant l'apparence et la texture du bourgeon. <\/span><\/li>\n<li data-start=\"549\" data-end=\"976\"><span style=\"font-weight: 400;\">On obtient une fleur plus propre et visuellement plus soign\u00e9e. <\/span><\/li>\n<\/ul>\n<p><span style=\"font-weight: 400;\">Pour cette raison, les <strong>fleurs CBD hydroponiques<\/strong> sont consid\u00e9r\u00e9es comme l'un des <strong>gammes plus haut de gamme<\/strong> sur le march\u00e9 du cannabidiol.\u00a0<\/span><\/p>\n<p>&nbsp;<\/p>\n<h2><strong>Amnesia CBD Indoor Hydroponique : un ar\u00f4me intense et une culture de pr\u00e9cision<\/strong><\/h2>\n<p><span style=\"font-weight: 400;\">Le <strong>Fleur CBD Indoor<\/strong> <strong>Amn\u00e9sie hydroponique<\/strong> est id\u00e9al pour ceux qui recherchent un <strong>exp\u00e9rience aromatique puissante et raffin\u00e9e<\/strong>. Son profil terp\u00e9nique combine des notes d'agrumes et sucr\u00e9es, quelque peu \u00e9pic\u00e9es, cr\u00e9ant un parfum intense et persistant.<\/span><\/p>\n<p><span style=\"font-weight: 400;\">Visuellement, il se distingue par sa <strong>bourgeons<\/strong> <strong>compacts<\/strong> <strong>Verts<\/strong> avec nuances<strong> orange<\/strong> et une couche abondante de <strong>trichomes cristallins<\/strong>, reflet direct de sa culture hydroponique de pr\u00e9cision. De plus, sa forte teneur en CBD et son taux de THC inf\u00e9rieur \u00e0 0,31 % permettent de profiter d&#x27;une exp\u00e9rience relaxante et \u00e9quilibr\u00e9e, <strong>sans effets psychoactifs<\/strong>.\u00a0 \u00a0<\/span><\/p>\n<p><strong>Avantages de choisir l'Amnesia en hydroponie en int\u00e9rieur : <\/strong><\/p>\n<ol>\n<li style=\"list-style-type: none;\">\n<ol>\n<li><span style=\"font-weight: 400;\">Culture hydroponique int\u00e9rieure de haute pr\u00e9cision<\/span><\/li>\n<li><span style=\"font-weight: 400;\">THC &lt;0,3%, selon la l\u00e9gislation europ\u00e9enne <\/span><\/li>\n<li><span style=\"font-weight: 400;\">Haute teneur en CBD <\/span><\/li>\n<li><span style=\"font-weight: 400;\">Parfum intense et pur<\/span><\/li>\n<\/ol>\n<\/li>\n<\/ol>\n<p>&nbsp;<\/p>\n<h2><b>O\u00f9 acheter votre <span style=\"font-weight: 400;\"><strong>Fleur CBD Indoor<\/strong> <strong>Hydroponique<\/strong><\/span><\/b><b>?<\/b><\/h2>\n<p><span style=\"font-weight: 400;\">Si vous cherchez <strong>acheter des fleurs CBD<\/strong><strong>, <\/strong>c'est un endroit s\u00fbr pour <strong>Acheter des fleurs CBD Indoor en Espagne.<\/strong>\u00a0<\/span><span style=\"font-weight: 400;\">Tous nos produits sont <strong>approuv\u00e9 par l'UE<\/strong>, garantissant sa l\u00e9galit\u00e9 et sa s\u00e9curit\u00e9. En outre, si vous le souhaitez, vous pouvez consulter<\/span><strong> <a href=\"https:\/\/iguanasmoke.com\/fr\/lanalyse\/\">analyse en laboratoire.<\/a><\/strong><\/p>\n<p><span style=\"font-weight: 400;\">N'oubliez pas de d\u00e9couvrir d'autres saveurs de <strong><a href=\"https:\/\/iguanasmoke.com\/fr\/categorie\/fleurs-de-cbd-2\/fleurs-de-cbd-dinterieur\/\">Fleurs Int\u00e9rieur CBD<\/a><\/strong><\/span><span style=\"font-weight: 400;\">.\u00a0<\/span><span style=\"font-weight: 400;\">Explorez notre s\u00e9lection de produits CBD et trouvez vos pr\u00e9f\u00e9r\u00e9s.<\/span><span style=\"font-weight: 400;\">\u00a0<\/span><\/p>\n<p><strong data-start=\"303\" data-end=\"345\">Livraison rapide et discr\u00e8te dans toute l'Espagne<\/strong>, avec <strong data-start=\"351\" data-end=\"387\">une attention \u00e9troite et personnalis\u00e9e<\/strong> pour r\u00e9pondre \u00e0 toutes vos questions avant et apr\u00e8s votre achat.<\/p>\n<p>&nbsp;<\/p>\n<p>&nbsp;<\/p>\n<h2><b>Iguana Smoke est votre boutique en ligne de CBD\u00a0<\/b><\/h2>\n<p><span style=\"font-weight: 400;\">Au<strong> Fum\u00e9e d'iguane<\/strong>, Nous pensons que la consommation de CBD doit se faire en toute s\u00e9curit\u00e9. C'est pourquoi nous proposons des produits comme celui-ci <strong>Fleur CBD Indoor<\/strong> <strong>Amn\u00e9sie hydroponique<\/strong>, La marque s'adresse aux nouvelles g\u00e9n\u00e9rations : des personnes qui recherchent un bien-\u00eatre simple, avec des marques authentiques et fiables. <\/span><\/p>\n<p><span style=\"font-weight: 400;\">Vous savez, notre mission est claire :<strong> vous apporter le meilleur du monde du CBD \u00e0 un prix \u00e9quitable<\/strong>. De plus, nous vous offrons la tranquillit\u00e9 d'esprit que procure le choix d'un produit de qualit\u00e9. <strong>produit certifi\u00e9, efficace et l\u00e9gal 100%<\/strong>. Faites le pas, achetez votre vaper CBD d\u00e8s aujourd'hui et passez \u00e0 un autre niveau d'exp\u00e9rience.\u00a0<\/span><\/p>\n<p>Vous avez encore des doutes ? Ecrivez-nous et nous nous ferons un plaisir de vous aider \u00e0 trouver le produit qui vous convient.<\/p>\n<p>&nbsp;<\/p>\n<p>&nbsp;<\/p>\n<h6>\u2139\ufe0f<strong> Informations juridiques<\/strong><\/h6>\n<p><em><span style=\"font-weight: 400;\">*Produit destin\u00e9 \u00e0 la collection ou \u00e0 l'aromath\u00e9rapie, conform\u00e9ment \u00e0 la l\u00e9gislation espagnole en vigueur. <\/span><\/em><\/p>\n<p><em><span style=\"font-weight: 400;\">**D\u00e9riv\u00e9 de chanvre industriel certifi\u00e9. Contient moins de 0,3 THC et ne contient pas de cannabino\u00efdes ill\u00e9gaux tels que HHC, HHC-P, THCP, THCP-O, H4CBD ou des substances \u00e9num\u00e9r\u00e9es \u00e0 l'annexe I du d\u00e9cret royal 2829\/1977, ni de substances contr\u00f4l\u00e9es par des conventions internationales.\u00a0\u00a0<\/span><\/em><\/p>","protected":false},"excerpt":{"rendered":"<p><span style=\"font-weight: 400;\">Se distinguant par sa puissance et son ar\u00f4me, cette vari\u00e9t\u00e9 hydroponique poss\u00e8de : <\/span><\/p>\n<ul>\n<li><span style=\"font-weight: 400;\">Culture d'int\u00e9rieur de qualit\u00e9 sup\u00e9rieure Int\u00e9rieur<\/span><\/li>\n<li><span style=\"font-weight: 400;\">Culture hydroponique dans l'eau<\/span><\/li>\n<li><span style=\"font-weight: 400;\">CBD : entre 12-14% <\/span><\/li>\n<li><span style=\"font-weight: 400;\">THC : &lt;0,3% <\/span><\/li>\n<li><span style=\"font-weight: 400;\">100% l\u00e9gal en Europe <\/span><\/li>\n<li><span style=\"font-weight: 400;\">Sans additifs ni pesticides ; agriculture biologique <\/span><\/li>\n<li><span style=\"font-weight: 400;\">Ar\u00f4me puissant d'agrumes avec des notes terreuses<\/span><\/li>\n<\/ul>\n<p><span style=\"font-weight: 400;\">Consultation<strong> <a href=\"https:\/\/iguanasmoke.com\/fr\/lanalyse\/\">analyse en laboratoire.<\/a><\/strong><\/span><\/p>","protected":false},"featured_media":87218,"comment_status":"open","ping_status":"closed","template":"","meta":{"_acf_changed":false,"site-sidebar-layout":"default","site-content-layout":"","ast-site-content-layout":"default","site-content-style":"default","site-sidebar-style":"default","ast-global-header-display":"","ast-banner-title-visibility":"","ast-main-header-display":"","ast-hfb-above-header-display":"","ast-hfb-below-header-display":"","ast-hfb-mobile-header-display":"","site-post-title":"","ast-breadcrumbs-content":"","ast-featured-img":"","footer-sml-layout":"","theme-transparent-header-meta":"default","adv-header-id-meta":"","stick-header-meta":"","header-above-stick-meta":"","header-main-stick-meta":"","header-below-stick-meta":"","astra-migrate-meta-layouts":"set","ast-page-background-enabled":"default","ast-page-background-meta":{"desktop":{"background-color":"var(--ast-global-color-4)","background-image":"","background-repeat":"repeat","background-position":"center center","background-size":"auto","background-attachment":"scroll","background-type":"","background-media":"","overlay-type":"","overlay-color":"","overlay-opacity":"","overlay-gradient":""},"tablet":{"background-color":"","background-image":"","background-repeat":"repeat","background-position":"center center","background-size":"auto","background-attachment":"scroll","background-type":"","background-media":"","overlay-type":"","overlay-color":"","overlay-opacity":"","overlay-gradient":""},"mobile":{"background-color":"","background-image":"","background-repeat":"repeat","background-position":"center center","background-size":"auto","background-attachment":"scroll","background-type":"","background-media":"","overlay-type":"","overlay-color":"","overlay-opacity":"","overlay-gradient":""}},"ast-content-background-meta":{"desktop":{"background-color":"var(--ast-global-color-5)","background-image":"","background-repeat":"repeat","background-position":"center center","background-size":"auto","background-attachment":"scroll","background-type":"","background-media":"","overlay-type":"","overlay-color":"","overlay-opacity":"","overlay-gradient":""},"tablet":{"background-color":"var(--ast-global-color-5)","background-image":"","background-repeat":"repeat","background-position":"center center","background-size":"auto","background-attachment":"scroll","background-type":"","background-media":"","overlay-type":"","overlay-color":"","overlay-opacity":"","overlay-gradient":""},"mobile":{"background-color":"var(--ast-global-color-5)","background-image":"","background-repeat":"repeat","background-position":"center center","background-size":"auto","background-attachment":"scroll","background-type":"","background-media":"","overlay-type":"","overlay-color":"","overlay-opacity":"","overlay-gradient":""}}},"product_brand":[],"product_cat":[593,328],"product_tag":[],"class_list":{"0":"post-87211","1":"product","2":"type-product","3":"status-publish","4":"has-post-thumbnail","6":"product_cat-flores-cbd-indoor","7":"product_cat-comprar-flores-de-cbd-cogollos","8":"desktop-align-center","9":"tablet-align-center","10":"mobile-align-center","12":"first","13":"instock","14":"taxable","15":"shipping-taxable","16":"product-type-simple"},"acf":[],"yoast_head":"<!-- This site is optimized with the Yoast SEO Premium plugin v27.5 (Yoast SEO v27.5) - https:\/\/yoast.com\/product\/yoast-seo-premium-wordpress\/ -->\n<title>Flor CBD Indoor Hidrop\u00f3nica Amnesia | Iguana Smoke<\/title>\n<meta name=\"description\" content=\"Vive una experiencia \u00fanica con la Flor CBD Indoor Hidrop\u00f3nica Amnesia. Sus cogollos brillantes y resinosos crecidos en el agua la hace impresionante.\" \/>\n<meta name=\"robots\" content=\"index, follow, max-snippet:-1, max-image-preview:large, max-video-preview:-1\" \/>\n<link rel=\"canonical\" href=\"https:\/\/iguanasmoke.com\/fr\/produit\/fleur-cbd-interieur-hydroponique-amnesia\/\" \/>\n<meta property=\"og:locale\" content=\"fr_FR\" \/>\n<meta property=\"og:type\" content=\"article\" \/>\n<meta property=\"og:title\" content=\"Flor CBD Indoor Hidrop\u00f3nica Amnesia\" \/>\n<meta property=\"og:description\" content=\"Destacando por su potencia y aroma, esta variedad Hidrop\u00f3nica tiene:    Cultivo interior premium Indoor  Cultivo Hidrop\u00f3nico en agua  CBD: entre 12-14%   THC: &lt;0,3%   100% legal en Europa   Sin aditivos ni pesticidas; cultivo ecol\u00f3gico   Aroma potente, c\u00edtrico con notas terrosas  Consulta el an\u00e1lisis de laboratorio.\" \/>\n<meta property=\"og:url\" content=\"https:\/\/iguanasmoke.com\/fr\/produit\/fleur-cbd-interieur-hydroponique-amnesia\/\" \/>\n<meta property=\"og:site_name\" content=\"Iguana Smoke\" \/>\n<meta property=\"article:publisher\" content=\"https:\/\/www.facebook.com\/iguanasmoke\" \/>\n<meta property=\"article:modified_time\" content=\"2026-05-12T13:13:53+00:00\" \/>\n<meta property=\"og:image\" content=\"https:\/\/iguanasmoke.com\/wp-content\/uploads\/2026\/05\/Amnesia-hidroponica.webp\" \/>\n\t<meta property=\"og:image:width\" content=\"1000\" \/>\n\t<meta property=\"og:image:height\" content=\"1000\" \/>\n\t<meta property=\"og:image:type\" content=\"image\/webp\" \/>\n<meta name=\"twitter:card\" content=\"summary_large_image\" \/>\n<meta name=\"twitter:label1\" content=\"Prix\" \/>\n\t<meta name=\"twitter:data1\" content=\"\" \/>\n\t<meta name=\"twitter:label2\" content=\"Disponibilit\u00e9\" \/>\n\t<meta name=\"twitter:data2\" content=\"En stock\" \/>\n<meta property=\"product:brand\" content=\"simple\" \/>\n<meta property=\"product:price:currency\" content=\"EUR\" \/>\n<meta property=\"og:availability\" content=\"instock\" \/>\n<meta property=\"product:availability\" content=\"instock\" \/>\n<meta property=\"product:condition\" content=\"new\" \/>\n<!-- \/ Yoast SEO Premium plugin. -->","yoast_head_json":{"title":"Flor CBD Indoor Hidrop\u00f3nica Amnesia | Iguana Smoke","description":"Vivez une exp\u00e9rience unique avec la fleur CBD Indoor Amnesia hydroponique. Ses t\u00eates brillantes et r\u00e9sineuses cultiv\u00e9es dans l'eau la rendent impressionnante.","robots":{"index":"index","follow":"follow","max-snippet":"max-snippet:-1","max-image-preview":"max-image-preview:large","max-video-preview":"max-video-preview:-1"},"canonical":"https:\/\/iguanasmoke.com\/fr\/produit\/fleur-cbd-interieur-hydroponique-amnesia\/","og_locale":"fr_FR","og_type":"article","og_title":"Flor CBD Indoor Hidrop\u00f3nica Amnesia","og_description":"Destacando por su potencia y aroma, esta variedad Hidrop\u00f3nica tiene:    Cultivo interior premium Indoor  Cultivo Hidrop\u00f3nico en agua  CBD: entre 12-14%   THC: &lt;0,3%   100% legal en Europa   Sin aditivos ni pesticidas; cultivo ecol\u00f3gico   Aroma potente, c\u00edtrico con notas terrosas  Consulta el an\u00e1lisis de laboratorio.","og_url":"https:\/\/iguanasmoke.com\/fr\/produit\/fleur-cbd-interieur-hydroponique-amnesia\/","og_site_name":"Iguana Smoke","article_publisher":"https:\/\/www.facebook.com\/iguanasmoke","article_modified_time":"2026-05-12T13:13:53+00:00","og_image":[{"width":1000,"height":1000,"url":"https:\/\/iguanasmoke.com\/wp-content\/uploads\/2026\/05\/Amnesia-hidroponica.webp","type":"image\/webp"}],"twitter_card":"summary_large_image","twitter_misc":{"Prix":"","Disponibilit\u00e9":"En stock"},"schema":{"@context":"https:\/\/schema.org","@graph":[{"@type":"WebPage","@id":"https:\/\/iguanasmoke.com\/producto\/flor-cbd-indoor-hidroponica-amnesia\/","url":"https:\/\/iguanasmoke.com\/producto\/flor-cbd-indoor-hidroponica-amnesia\/","name":"Flor CBD Indoor Hidrop\u00f3nica Amnesia | Iguana Smoke","isPartOf":{"@id":"https:\/\/iguanasmoke.com\/#website"},"primaryImageOfPage":{"@id":"https:\/\/iguanasmoke.com\/producto\/flor-cbd-indoor-hidroponica-amnesia\/#primaryimage"},"image":{"@id":"https:\/\/iguanasmoke.com\/producto\/flor-cbd-indoor-hidroponica-amnesia\/#primaryimage"},"thumbnailUrl":"https:\/\/iguanasmoke.com\/wp-content\/uploads\/2026\/05\/Amnesia-hidroponica.webp","datePublished":"2026-05-12T11:54:12+00:00","dateModified":"2026-05-12T13:13:53+00:00","description":"Vivez une exp\u00e9rience unique avec la fleur CBD Indoor Amnesia hydroponique. Ses t\u00eates brillantes et r\u00e9sineuses cultiv\u00e9es dans l'eau la rendent impressionnante.","breadcrumb":{"@id":"https:\/\/iguanasmoke.com\/producto\/flor-cbd-indoor-hidroponica-amnesia\/#breadcrumb"},"inLanguage":"fr-FR","potentialAction":[{"@type":"ReadAction","target":["https:\/\/iguanasmoke.com\/producto\/flor-cbd-indoor-hidroponica-amnesia\/"]}]},{"@type":"ImageObject","inLanguage":"fr-FR","@id":"https:\/\/iguanasmoke.com\/producto\/flor-cbd-indoor-hidroponica-amnesia\/#primaryimage","url":"https:\/\/iguanasmoke.com\/wp-content\/uploads\/2026\/05\/Amnesia-hidroponica.webp","contentUrl":"https:\/\/iguanasmoke.com\/wp-content\/uploads\/2026\/05\/Amnesia-hidroponica.webp","width":1000,"height":1000,"caption":"Flor CBD Indoor Amnesia hidroponica bolsa moneda y cogollo"},{"@type":"BreadcrumbList","@id":"https:\/\/iguanasmoke.com\/producto\/flor-cbd-indoor-hidroponica-amnesia\/#breadcrumb","itemListElement":[{"@type":"ListItem","position":1,"name":"home","item":"https:\/\/iguanasmoke.com\/"},{"@type":"ListItem","position":2,"name":"Tienda","item":"https:\/\/iguanasmoke.com\/tienda\/"},{"@type":"ListItem","position":3,"name":"Flores de CBD","item":"https:\/\/iguanasmoke.com\/categoria\/comprar-flores-de-cbd-cogollos\/"},{"@type":"ListItem","position":4,"name":"Flores CBD Indoor","item":"https:\/\/iguanasmoke.com\/categoria\/comprar-flores-de-cbd-cogollos\/flores-cbd-indoor\/"},{"@type":"ListItem","position":5,"name":"Flor CBD Indoor Hidrop\u00f3nica Amnesia"}]},{"@type":"WebSite","@id":"https:\/\/iguanasmoke.com\/#website","url":"https:\/\/iguanasmoke.com\/","name":"Fum\u00e9e d'iguane","description":"Acheter du CBD en ligne au meilleur prix","publisher":{"@id":"https:\/\/iguanasmoke.com\/#organization"},"potentialAction":[{"@type":"SearchAction","target":{"@type":"EntryPoint","urlTemplate":"https:\/\/iguanasmoke.com\/?s={search_term_string}"},"query-input":{"@type":"PropertyValueSpecification","valueRequired":true,"valueName":"search_term_string"}}],"inLanguage":"fr-FR"},{"@type":"Organization","@id":"https:\/\/iguanasmoke.com\/#organization","name":"Fum\u00e9e d'iguane","url":"https:\/\/iguanasmoke.com\/","logo":{"@type":"ImageObject","inLanguage":"fr-FR","@id":"https:\/\/iguanasmoke.com\/#\/schema\/logo\/image\/","url":"https:\/\/iguanasmoke.com\/wp-content\/uploads\/2025\/01\/logoiguana-favi-1.png","contentUrl":"https:\/\/iguanasmoke.com\/wp-content\/uploads\/2025\/01\/logoiguana-favi-1.png","width":512,"height":512,"caption":"Iguana Smoke"},"image":{"@id":"https:\/\/iguanasmoke.com\/#\/schema\/logo\/image\/"},"sameAs":["https:\/\/www.facebook.com\/iguanasmoke","https:\/\/www.instagram.com\/iguanasmoke\/"]}]},"product_brand":"simple","product_price_currency":"EUR","og_availability":"instock","product_availability":"instock","product_condition":"new"},"_links":{"self":[{"href":"https:\/\/iguanasmoke.com\/fr\/wp-json\/wp\/v2\/product\/87211","targetHints":{"allow":["GET"]}}],"collection":[{"href":"https:\/\/iguanasmoke.com\/fr\/wp-json\/wp\/v2\/product"}],"about":[{"href":"https:\/\/iguanasmoke.com\/fr\/wp-json\/wp\/v2\/types\/product"}],"replies":[{"embeddable":true,"href":"https:\/\/iguanasmoke.com\/fr\/wp-json\/wp\/v2\/comments?post=87211"}],"wp:featuredmedia":[{"embeddable":true,"href":"https:\/\/iguanasmoke.com\/fr\/wp-json\/wp\/v2\/media\/87218"}],"wp:attachment":[{"href":"https:\/\/iguanasmoke.com\/fr\/wp-json\/wp\/v2\/media?parent=87211"}],"wp:term":[{"taxonomy":"product_brand","embeddable":true,"href":"https:\/\/iguanasmoke.com\/fr\/wp-json\/wp\/v2\/product_brand?post=87211"},{"taxonomy":"product_cat","embeddable":true,"href":"https:\/\/iguanasmoke.com\/fr\/wp-json\/wp\/v2\/product_cat?post=87211"},{"taxonomy":"product_tag","embeddable":true,"href":"https:\/\/iguanasmoke.com\/fr\/wp-json\/wp\/v2\/product_tag?post=87211"}],"curies":[{"name":"wp","href":"https:\/\/api.w.org\/{rel}","templated":true}]}}