{"id":9340,"date":"2021-06-23T17:16:39","date_gmt":"2021-06-23T15:16:39","guid":{"rendered":"http:\/\/iguanasmoke.com\/?post_type=product&#038;p=9340"},"modified":"2026-03-15T22:36:11","modified_gmt":"2026-03-15T21:36:11","slug":"buy-flower-amnesia-cbd-cbd-buds-online","status":"publish","type":"product","link":"https:\/\/iguanasmoke.com\/fr\/producto\/comprar-flor-amnesia-cbd-cogollos-online\/","title":{"rendered":"Fleur CBD Amnesia"},"content":{"rendered":"<h1 data-start=\"1609\" data-end=\"1642\"><span style=\"font-weight: 400\">Fleur CBD Amnesia : la reine des fleurs CBD<\/span><\/h1>\n<p data-start=\"549\" data-end=\"976\"><span style=\"font-weight: 400\">Si vous cherchez \u00e0 acheter des fleurs de CBD en ligne de la plus haute qualit\u00e9, la <strong>Fleur CBD Amnesia<\/strong>\u00a0est sans aucun doute l'une des options les plus appr\u00e9ci\u00e9es sur le march\u00e9. Cette g\u00e9n\u00e9tique l\u00e9gendaire est reconnue internationalement pour ses <strong>profil aromatique incomparable<\/strong>, ainsi que sa puissance et sa qualit\u00e9.\u00a0<\/span><\/p>\n<p data-start=\"549\" data-end=\"976\"><span style=\"font-weight: 400\">Gr\u00e2ce \u00e0 son <strong>Agriculture biologique Serre<\/strong>, Cette fleur de CBD offre une <strong>un niveau plus \u00e9lev\u00e9 de puret\u00e9 et de pr\u00e9servation des terp\u00e8nes<\/strong>. Par cons\u00e9quent, chaque bourgeon se distingue \u00e0 la fois par son apparence et son parfum, ce qui est id\u00e9al pour ceux qui appr\u00e9cient le CBD \u00e0 son meilleur.<\/span><\/p>\n<p data-start=\"549\" data-end=\"976\"><span style=\"font-weight: 400\"> Au <strong>Fum\u00e9e d'iguane<\/strong>, nous s\u00e9lectionnons soigneusement chaque lot pour vous offrir un <strong>Amn\u00e9sie CBD <\/strong><\/span><span style=\"font-weight: 400\"><b>incroyable<\/b>, con\u00e7u pour les vrais connaisseurs de fleurs et de cannabidiol.<\/span><\/p>\n<p>&nbsp;<\/p>\n<h2><strong>A quoi ressemble la fleur Amnesia CBD ?<\/strong><\/h2>\n<p><span style=\"font-weight: 400\">Cette fleur de CBD est devenue l'une des pr\u00e9f\u00e9r\u00e9es de ceux qui veulent <strong>acheter des bourgeons de CBD de haute qualit\u00e9 en ligne<\/strong>. Et ce n'est pas un hasard, car cette vari\u00e9t\u00e9 \u00e9blouit par ses <strong>apparence vibrante<\/strong>, son <strong>ar\u00f4me puissant d'agrumes<\/strong> et son <strong>profil terp\u00e9nique<\/strong> caract\u00e9ristique du classique <strong><em>Haze<\/em><\/strong>. <\/span><\/p>\n<ul>\n<li><span style=\"font-weight: 400\"><strong>Type et pourcentage de CBD :<\/strong> Cette fleur est \u00e0 dominante Sativa et contient 12% de CBD.<\/span><\/li>\n<li><span style=\"font-weight: 400\"><strong>Apparence<\/strong>: buds <strong>compacts<\/strong> de <strong>couleur vert fonc\u00e9<\/strong>. Plein de <strong>pistils<\/strong> <strong>orange<\/strong> et une pluie de trichomes scintillants. Oui, visuellement, c'est un spectacle.<\/span><\/li>\n<li><span style=\"font-weight: 400\"><strong>Ar\u00f4me<\/strong>m\u00e9lange explosif de <strong>citron<\/strong>, fruits sucr\u00e9s, notes de <strong>terreux<\/strong> et notes <strong>herbes<\/strong>; Parfait pour les amateurs d'ar\u00f4mes intenses.\u00a0<\/span><\/li>\n<li><span style=\"font-weight: 400\"><strong>Origine<\/strong>: provient d'un <strong>g\u00e9n\u00e9tique<\/strong> <strong>s\u00e9lectionn\u00e9<\/strong> pour maximiser le CBD et pr\u00e9server <strong>l'\u00e2me de l'original Amnesia<\/strong>. Une fleur de CBD l\u00e9gale, cultiv\u00e9e de mani\u00e8re durable et dont la tra\u00e7abilit\u00e9 est garantie.\u00a0<\/span><\/li>\n<\/ul>\n<p><span style=\"font-weight: 400\">Mais si vous \u00eates vraiment int\u00e9ress\u00e9 et que vous voulez en savoir plus sur cette vari\u00e9t\u00e9, vous pouvez lire notre dernier article de blog et <strong><a href=\"https:\/\/iguanasmoke.com\/fr\/cbd-amnesia-flower\/\">D\u00e9couvrez son histoire et ce qui en a fait une fleur embl\u00e9matique de la CBD.<\/a><\/strong>.\u00a0<\/span><\/p>\n<p>&nbsp;<\/p>\n<h2><strong>Guide rapide pour choisir les bons bourgeons de CBD <\/strong><\/h2>\n<ul>\n<li><span style=\"font-weight: 400\">V\u00e9rifiez la teneur en CBD et en THC. <\/span><\/li>\n<li><span style=\"font-weight: 400\">Opter pour des marques fiables et transparentes <\/span><\/li>\n<li><span style=\"font-weight: 400\">V\u00e9rifier les certifications et les contr\u00f4les de qualit\u00e9 <\/span><\/li>\n<li><span style=\"font-weight: 400\">Voir les avis de clients r\u00e9els <\/span><\/li>\n<\/ul>\n<p><span style=\"font-weight: 400\">Au <strong>Fum\u00e9e d'iguane<\/strong>, notre communaut\u00e9 est le meilleur gage de confiance.\u00a0<\/span><\/p>\n<p>&nbsp;<\/p>\n<h2 data-start=\"1548\" data-end=\"1601\">Pourquoi acheter des fleurs de CBD chez Iguana Smoke ?<\/h2>\n<p data-start=\"2504\" data-end=\"2696\"><span style=\"font-weight: 400\">Si vous vous demandez o\u00f9 acheter des fleurs de CBD en ligne, chez Iguana Smoke nous vous donnons plusieurs raisons de le faire avec nous : <\/span><\/p>\n<ol>\n<li style=\"list-style-type: none\">\n<ol>\n<li data-start=\"2504\" data-end=\"2696\"><span style=\"font-weight: 400\">\u2705 <strong>Fleurs de CBD de qualit\u00e9 sup\u00e9rieure et \u00e9conomiques :<\/strong> qualit\u00e9 sup\u00e9rieure \u00e0 des prix raisonnables, \u00e0 partir de 2,20 \u20ac\/g.<\/span><\/li>\n<li data-start=\"2504\" data-end=\"2696\"><span style=\"font-weight: 400\">\u2705 <strong>L'agriculture biologique :<\/strong> sans pesticides, sans produits chimiques, sans OGM<\/span><\/li>\n<li data-start=\"2504\" data-end=\"2696\"><span style=\"font-weight: 400\">\u2705 <strong>Teneur en THC &lt; 0,3% :<\/strong> l\u00e9gal 100% en Espagne et en Europe<\/span><\/li>\n<li data-start=\"2504\" data-end=\"2696\"><span style=\"font-weight: 400\">\u2705 <strong>Livraison rapide et discr\u00e8te :<\/strong> en 24\/48 heures, vous l'avez chez vous<\/span><\/li>\n<li data-start=\"2504\" data-end=\"2696\"><span style=\"font-weight: 400\"> \u2705 <strong>Plateforme de paiement s\u00e9curis\u00e9<\/strong><\/span><\/li>\n<li data-start=\"2504\" data-end=\"2696\"><span style=\"font-weight: 400\">\u2705 <strong>Experts en produits CBD<\/strong>: <strong><a href=\"https:\/\/iguanasmoke.com\/fr\/categorie\/hash-cbd\/\">R\u00e9sines<\/a><\/strong>, <a href=\"https:\/\/iguanasmoke.com\/fr\/categorie\/huile-de-cbd\/\"><strong>Huiles<\/strong><\/a>, <a href=\"https:\/\/iguanasmoke.com\/fr\/categorie\/pop-corn-cbd-cbd-petits-bourgeons-cbd-mini-buds-cbd\/\"><strong>Ma\u00efs souffl\u00e9<\/strong><\/a>, <a href=\"https:\/\/iguanasmoke.com\/fr\/categorie\/extraits-de-cbd\/\"><strong>Extraits<\/strong><\/a>, <a href=\"https:\/\/iguanasmoke.com\/fr\/categorie\/cbd-vaper-2\/\"><strong>Vapeurs<\/strong> <\/a>et bien plus encore<\/span><\/li>\n<\/ol>\n<\/li>\n<\/ol>\n<p><span style=\"font-weight: 400\">En outre, toutes nos fleurs de CBD sont<strong> approuv\u00e9 par l'UE<\/strong>, Nous garantissons sa l\u00e9galit\u00e9 et sa s\u00e9curit\u00e9. Nous avons<a href=\"https:\/\/iguanasmoke.com\/fr\/lanalyse\/\"><strong> rapports de laboratoires ind\u00e9pendants<\/strong><\/a> pour v\u00e9rifier leur qualit\u00e9 et leur tra\u00e7abilit\u00e9. <\/span><\/p>\n<p><span style=\"font-weight: 400\">Avez-vous d\u00e9j\u00e0 essay\u00e9 notre <strong><a href=\"https:\/\/iguanasmoke.com\/fr\/produit\/acheter-flor-gelato-cbd-flower-buds-online\/\">Flor Gelato<\/a><\/strong>, <a href=\"https:\/\/iguanasmoke.com\/fr\/produit\/buy-flower-gorilla-glue-cbd-cbd-buds-online\/\"><strong>Colle Gorilla<\/strong> <\/a>y <a href=\"https:\/\/iguanasmoke.com\/fr\/produit\/acheter-super-skunk-cbd-flowers\/\"><strong>Super Skunk<\/strong><\/a>? Ne manquez pas le <strong><a href=\"https:\/\/iguanasmoke.com\/fr\/categorie\/fleurs-de-cbd-2\/fleurs-de-cbd-dinterieur\/\">Fleurs d'int\u00e9rieur plus premium<\/a><\/strong> ou le <a href=\"https:\/\/iguanasmoke.com\/fr\/categorie\/pop-corn-cbd-cbd-petits-bourgeons-cbd-mini-buds-cbd\/\"><strong>Petits bourgeons CBD - Pop Corn<\/strong><\/a> les plus c\u00e9l\u00e8bres du march\u00e9.<\/span><\/p>\n<p>&nbsp;<\/p>\n<h3><b>Iguana Smoke est votre boutique en ligne de CBD\u00a0<\/b><\/h3>\n<p><span style=\"font-weight: 400\">Au<strong> Fum\u00e9e d'iguane<\/strong>, Nous pensons que la consommation de CBD doit se faire en toute s\u00e9curit\u00e9. C'est pourquoi nous proposons des produits comme celui-ci <strong>Fleur CBD Amnesia\u00a0<\/strong>, La marque s'adresse aux nouvelles g\u00e9n\u00e9rations : des personnes qui recherchent un bien-\u00eatre simple, avec des marques authentiques et fiables. <\/span><\/p>\n<p><span style=\"font-weight: 400\">Vous savez, notre mission est claire :<strong> vous apporter le meilleur du monde du CBD \u00e0 un prix \u00e9quitable<\/strong>. De plus, nous vous offrons la tranquillit\u00e9 d'esprit que procure le choix d'un produit de qualit\u00e9. <strong>produit certifi\u00e9, efficace et l\u00e9gal 100%<\/strong>. Faites le pas, achetez votre fleur de CBD d\u00e8s aujourd'hui et faites passer votre exp\u00e9rience \u00e0 un autre niveau.\u00a0<\/span><\/p>\n<p>Vous avez encore des doutes ? Ecrivez-nous et nous nous ferons un plaisir de vous aider \u00e0 trouver le produit qui vous convient.<\/p>\n<p>&nbsp;<\/p>\n<h6>\u2139\ufe0f<strong> Informations juridiques<\/strong><\/h6>\n<p><em><span style=\"font-weight: 400\">*Produit destin\u00e9 \u00e0 la collection ou \u00e0 l'aromath\u00e9rapie, conform\u00e9ment \u00e0 la l\u00e9gislation espagnole en vigueur. <\/span><\/em><\/p>\n<p><em><span style=\"font-weight: 400\">**D\u00e9riv\u00e9 de chanvre industriel certifi\u00e9. Contient moins de 0,3 THC et ne contient pas de cannabino\u00efdes ill\u00e9gaux tels que HHC, HHC-P, THCP, THCP-O, H4CBD ou des substances \u00e9num\u00e9r\u00e9es \u00e0 l'annexe I du d\u00e9cret royal 2829\/1977, ni de substances contr\u00f4l\u00e9es par des conventions internationales.\u00a0\u00a0<\/span><\/em><\/p>\n<p>&nbsp;<\/p>\n<h3><strong>FAQS Fleur d'amn\u00e9sie CBD : <\/strong><\/h3>\n<h4><span style=\"font-weight: 400\">Les fleurs de CBD produisent-elles un \u201chigh\u201d ?\u00a0<\/span><\/h4>\n<p><span style=\"font-weight: 400\"><strong>Non<\/strong>, Les fleurs de CBD ne produisent pas d'effets psychoactifs, vous ne les ressentirez donc pas, mais vous ressentirez des effets relaxants.\u00a0<\/span><\/p>\n<h4><span style=\"font-weight: 400\">Est-il l\u00e9gal d'acheter des fleurs de CBD en Espagne ?\u00a0<\/span><\/h4>\n<p><span style=\"font-weight: 400\"><strong>Oui<\/strong>, Fleurs de CBD<strong> peuvent \u00eatre l\u00e9galement commercialis\u00e9s en Espagne<\/strong> \u00e0 condition qu'il soit conforme \u00e0 la r\u00e9glementation europ\u00e9enne : qu'il contienne moins de 0,3% de THC et qu'il b\u00e9n\u00e9ficie d'une analyse et d'une tra\u00e7abilit\u00e9 par un laboratoire ind\u00e9pendant. <\/span><\/p>\n<h4><span style=\"font-weight: 400\">De quel type de culture cette fleur de CBD provient-elle ?\u00a0<\/span><\/h4>\n<p data-start=\"3103\" data-end=\"3345\"><span style=\"font-weight: 400\">Cette fleur de CBD provient d'un <strong>Culture en serre<\/strong> (en serre) certifi\u00e9e biologique. Il est \u00e9galement exempt de produits chimiques et donc respectueux de l'environnement.<\/span><\/p>","protected":false},"excerpt":{"rendered":"<p><span style=\"font-weight: 400\">Cette fleur de CBD impressionne par son apparence vibrante et son profil aromatique complexe : elle combine des notes fra\u00eeches d'agrumes et de terre avec une touche subtile d'herbes, cr\u00e9ant une exp\u00e9rience olfactive m\u00e9morable.<\/span><\/p>\n<ul>\n<li><strong>CBD : 12%<\/strong><\/li>\n<li>THC : &lt;0,3%<\/li>\n<li>Dominante sativa<\/li>\n<li>Ar\u00f4me fort et reconnaissable<\/li>\n<li>100% l\u00e9gal Espagne et Europe<\/li>\n<\/ul>\n<p><span style=\"font-weight: 400\">Consultation<strong> <a href=\"https:\/\/iguanasmoke.com\/fr\/lanalyse\/\">analyse en laboratoire.<\/a><\/strong><\/span><\/p>","protected":false},"featured_media":36640,"comment_status":"open","ping_status":"closed","template":"","meta":{"_acf_changed":false,"site-sidebar-layout":"default","site-content-layout":"default","ast-site-content-layout":"default","site-content-style":"default","site-sidebar-style":"default","ast-global-header-display":"","ast-banner-title-visibility":"","ast-main-header-display":"","ast-hfb-above-header-display":"","ast-hfb-below-header-display":"","ast-hfb-mobile-header-display":"","site-post-title":"","ast-breadcrumbs-content":"","ast-featured-img":"","footer-sml-layout":"","theme-transparent-header-meta":"default","adv-header-id-meta":"","stick-header-meta":"","header-above-stick-meta":"","header-main-stick-meta":"","header-below-stick-meta":"","astra-migrate-meta-layouts":"set","ast-page-background-enabled":"default","ast-page-background-meta":{"desktop":{"background-color":"var(--ast-global-color-4)","background-image":"","background-repeat":"repeat","background-position":"center center","background-size":"auto","background-attachment":"scroll","background-type":"","background-media":"","overlay-type":"","overlay-color":"","overlay-opacity":"","overlay-gradient":""},"tablet":{"background-color":"","background-image":"","background-repeat":"repeat","background-position":"center center","background-size":"auto","background-attachment":"scroll","background-type":"","background-media":"","overlay-type":"","overlay-color":"","overlay-opacity":"","overlay-gradient":""},"mobile":{"background-color":"","background-image":"","background-repeat":"repeat","background-position":"center center","background-size":"auto","background-attachment":"scroll","background-type":"","background-media":"","overlay-type":"","overlay-color":"","overlay-opacity":"","overlay-gradient":""}},"ast-content-background-meta":{"desktop":{"background-color":"var(--ast-global-color-5)","background-image":"","background-repeat":"repeat","background-position":"center center","background-size":"auto","background-attachment":"scroll","background-type":"","background-media":"","overlay-type":"","overlay-color":"","overlay-opacity":"","overlay-gradient":""},"tablet":{"background-color":"var(--ast-global-color-5)","background-image":"","background-repeat":"repeat","background-position":"center center","background-size":"auto","background-attachment":"scroll","background-type":"","background-media":"","overlay-type":"","overlay-color":"","overlay-opacity":"","overlay-gradient":""},"mobile":{"background-color":"var(--ast-global-color-5)","background-image":"","background-repeat":"repeat","background-position":"center center","background-size":"auto","background-attachment":"scroll","background-type":"","background-media":"","overlay-type":"","overlay-color":"","overlay-opacity":"","overlay-gradient":""}}},"product_brand":[],"product_cat":[598,328],"product_tag":[],"class_list":{"0":"post-9340","1":"product","2":"type-product","3":"status-publish","4":"has-post-thumbnail","6":"product_cat-flores-cbd-greenhouse","7":"product_cat-comprar-flores-de-cbd-y-cogollos-de-cbd","8":"desktop-align-center","9":"tablet-align-center","10":"mobile-align-center","12":"first","13":"instock","14":"taxable","15":"shipping-taxable","16":"purchasable","17":"product-type-variable"},"acf":[],"yoast_head":"<!-- This site is optimized with the Yoast SEO Premium plugin v27.3 (Yoast SEO v27.3) - https:\/\/yoast.com\/product\/yoast-seo-premium-wordpress\/ -->\n<title>Flor CBD Amnesia - Cogollos CBD online | Iguana Smoke<\/title>\n<meta name=\"description\" content=\"Atr\u00e9vete a probar la Flor CBD Amnesia, famosa por su inconfundible aroma y cultivo ecol\u00f3gico. Mejora tu bienestar al comprar flores CBD online.\" \/>\n<meta name=\"robots\" content=\"index, follow, max-snippet:-1, max-image-preview:large, max-video-preview:-1\" \/>\n<link rel=\"canonical\" href=\"https:\/\/iguanasmoke.com\/fr\/produit\/buy-flower-amnesia-cbd-cbd-buds-online\/\" \/>\n<meta property=\"og:locale\" content=\"fr_FR\" \/>\n<meta property=\"og:type\" content=\"article\" \/>\n<meta property=\"og:title\" content=\"Flor de CBD Amnesia\" \/>\n<meta property=\"og:description\" content=\"Esta Flor CBD impresiona por su vibrante apariencia y su complejo perfil arom\u00e1tico: combina frescas notas c\u00edtricas y terrosas con un sutil toque herbal, creando una experiencia olfativa memorable.   CBD: 12%  THC: &lt;0,3%  Dominante Sativa  Aroma fuerte y reconocible  100% legal Espa\u00f1a y Europa  Consulta el an\u00e1lisis de laboratorio.\" \/>\n<meta property=\"og:url\" content=\"https:\/\/iguanasmoke.com\/fr\/produit\/buy-flower-amnesia-cbd-cbd-buds-online\/\" \/>\n<meta property=\"og:site_name\" content=\"Iguana Smoke\" \/>\n<meta property=\"article:publisher\" content=\"https:\/\/www.facebook.com\/iguanasmoke\" \/>\n<meta property=\"article:modified_time\" content=\"2026-03-15T21:36:11+00:00\" \/>\n<meta property=\"og:image\" content=\"https:\/\/iguanasmoke.com\/wp-content\/uploads\/2021\/06\/amnesia.webp\" \/>\n\t<meta property=\"og:image:width\" content=\"1000\" \/>\n\t<meta property=\"og:image:height\" content=\"1000\" \/>\n\t<meta property=\"og:image:type\" content=\"image\/webp\" \/>\n<meta name=\"twitter:card\" content=\"summary_large_image\" \/>\n<meta name=\"twitter:label1\" content=\"Disponibilit\u00e9\" \/>\n\t<meta name=\"twitter:data1\" content=\"En stock\" \/>\n<meta property=\"product:brand\" content=\"variable\" \/>\n<meta property=\"og:availability\" content=\"instock\" \/>\n<meta property=\"product:availability\" content=\"instock\" \/>\n<meta property=\"product:condition\" content=\"new\" \/>\n<!-- \/ Yoast SEO Premium plugin. -->","yoast_head_json":{"title":"Amnesia CBD flower - CBD buds online | Iguana Smoke","description":"Osez essayer la fleur de CBD Amnesia, c\u00e9l\u00e8bre pour son ar\u00f4me incomparable et sa culture biologique. Am\u00e9liorez votre bien-\u00eatre en achetant des fleurs de CBD en ligne.","robots":{"index":"index","follow":"follow","max-snippet":"max-snippet:-1","max-image-preview":"max-image-preview:large","max-video-preview":"max-video-preview:-1"},"canonical":"https:\/\/iguanasmoke.com\/fr\/produit\/buy-flower-amnesia-cbd-cbd-buds-online\/","og_locale":"fr_FR","og_type":"article","og_title":"Flor de CBD Amnesia","og_description":"Esta Flor CBD impresiona por su vibrante apariencia y su complejo perfil arom\u00e1tico: combina frescas notas c\u00edtricas y terrosas con un sutil toque herbal, creando una experiencia olfativa memorable.   CBD: 12%  THC: &lt;0,3%  Dominante Sativa  Aroma fuerte y reconocible  100% legal Espa\u00f1a y Europa  Consulta el an\u00e1lisis de laboratorio.","og_url":"https:\/\/iguanasmoke.com\/fr\/produit\/buy-flower-amnesia-cbd-cbd-buds-online\/","og_site_name":"Iguana Smoke","article_publisher":"https:\/\/www.facebook.com\/iguanasmoke","article_modified_time":"2026-03-15T21:36:11+00:00","og_image":[{"width":1000,"height":1000,"url":"https:\/\/iguanasmoke.com\/wp-content\/uploads\/2021\/06\/amnesia.webp","type":"image\/webp"}],"twitter_card":"summary_large_image","twitter_misc":{"Disponibilit\u00e9":"En stock"},"schema":{"@context":"https:\/\/schema.org","@graph":[{"@type":"WebPage","@id":"https:\/\/iguanasmoke.com\/producto\/comprar-flor-amnesia-cbd-cogollos-online\/","url":"https:\/\/iguanasmoke.com\/producto\/comprar-flor-amnesia-cbd-cogollos-online\/","name":"Amnesia CBD flower - CBD buds online | Iguana Smoke","isPartOf":{"@id":"https:\/\/iguanasmoke.com\/#website"},"primaryImageOfPage":{"@id":"https:\/\/iguanasmoke.com\/producto\/comprar-flor-amnesia-cbd-cogollos-online\/#primaryimage"},"image":{"@id":"https:\/\/iguanasmoke.com\/producto\/comprar-flor-amnesia-cbd-cogollos-online\/#primaryimage"},"thumbnailUrl":"https:\/\/iguanasmoke.com\/wp-content\/uploads\/2021\/06\/amnesia.webp","datePublished":"2021-06-23T15:16:39+00:00","dateModified":"2026-03-15T21:36:11+00:00","description":"Osez essayer la fleur de CBD Amnesia, c\u00e9l\u00e8bre pour son ar\u00f4me incomparable et sa culture biologique. Am\u00e9liorez votre bien-\u00eatre en achetant des fleurs de CBD en ligne.","breadcrumb":{"@id":"https:\/\/iguanasmoke.com\/producto\/comprar-flor-amnesia-cbd-cogollos-online\/#breadcrumb"},"inLanguage":"fr-FR","potentialAction":[{"@type":"ReadAction","target":["https:\/\/iguanasmoke.com\/producto\/comprar-flor-amnesia-cbd-cogollos-online\/"]}]},{"@type":"ImageObject","inLanguage":"fr-FR","@id":"https:\/\/iguanasmoke.com\/producto\/comprar-flor-amnesia-cbd-cogollos-online\/#primaryimage","url":"https:\/\/iguanasmoke.com\/wp-content\/uploads\/2021\/06\/amnesia.webp","contentUrl":"https:\/\/iguanasmoke.com\/wp-content\/uploads\/2021\/06\/amnesia.webp","width":1000,"height":1000,"caption":"amnesia flor cbd barato"},{"@type":"BreadcrumbList","@id":"https:\/\/iguanasmoke.com\/producto\/comprar-flor-amnesia-cbd-cogollos-online\/#breadcrumb","itemListElement":[{"@type":"ListItem","position":1,"name":"home","item":"https:\/\/iguanasmoke.com\/"},{"@type":"ListItem","position":2,"name":"Tienda","item":"https:\/\/iguanasmoke.com\/tienda\/"},{"@type":"ListItem","position":3,"name":"Flores de CBD","item":"https:\/\/iguanasmoke.com\/categoria\/comprar-flores-de-cbd-y-cogollos-de-cbd\/"},{"@type":"ListItem","position":4,"name":"Flor de CBD Amnesia"}]},{"@type":"WebSite","@id":"https:\/\/iguanasmoke.com\/#website","url":"https:\/\/iguanasmoke.com\/","name":"Fum\u00e9e d'iguane","description":"Acheter du CBD en ligne au meilleur prix","publisher":{"@id":"https:\/\/iguanasmoke.com\/#organization"},"potentialAction":[{"@type":"SearchAction","target":{"@type":"EntryPoint","urlTemplate":"https:\/\/iguanasmoke.com\/?s={search_term_string}"},"query-input":{"@type":"PropertyValueSpecification","valueRequired":true,"valueName":"search_term_string"}}],"inLanguage":"fr-FR"},{"@type":"Organization","@id":"https:\/\/iguanasmoke.com\/#organization","name":"Fum\u00e9e d'iguane","url":"https:\/\/iguanasmoke.com\/","logo":{"@type":"ImageObject","inLanguage":"fr-FR","@id":"https:\/\/iguanasmoke.com\/#\/schema\/logo\/image\/","url":"https:\/\/iguanasmoke.com\/wp-content\/uploads\/2025\/01\/logoiguana-favi-1.png","contentUrl":"https:\/\/iguanasmoke.com\/wp-content\/uploads\/2025\/01\/logoiguana-favi-1.png","width":512,"height":512,"caption":"Iguana Smoke"},"image":{"@id":"https:\/\/iguanasmoke.com\/#\/schema\/logo\/image\/"},"sameAs":["https:\/\/www.facebook.com\/iguanasmoke","https:\/\/www.instagram.com\/iguanasmoke\/"]}]},"product_brand":"variable","og_availability":"instock","product_availability":"instock","product_condition":"new"},"_links":{"self":[{"href":"https:\/\/iguanasmoke.com\/fr\/wp-json\/wp\/v2\/product\/9340","targetHints":{"allow":["GET"]}}],"collection":[{"href":"https:\/\/iguanasmoke.com\/fr\/wp-json\/wp\/v2\/product"}],"about":[{"href":"https:\/\/iguanasmoke.com\/fr\/wp-json\/wp\/v2\/types\/product"}],"replies":[{"embeddable":true,"href":"https:\/\/iguanasmoke.com\/fr\/wp-json\/wp\/v2\/comments?post=9340"}],"wp:featuredmedia":[{"embeddable":true,"href":"https:\/\/iguanasmoke.com\/fr\/wp-json\/wp\/v2\/media\/36640"}],"wp:attachment":[{"href":"https:\/\/iguanasmoke.com\/fr\/wp-json\/wp\/v2\/media?parent=9340"}],"wp:term":[{"taxonomy":"product_brand","embeddable":true,"href":"https:\/\/iguanasmoke.com\/fr\/wp-json\/wp\/v2\/product_brand?post=9340"},{"taxonomy":"product_cat","embeddable":true,"href":"https:\/\/iguanasmoke.com\/fr\/wp-json\/wp\/v2\/product_cat?post=9340"},{"taxonomy":"product_tag","embeddable":true,"href":"https:\/\/iguanasmoke.com\/fr\/wp-json\/wp\/v2\/product_tag?post=9340"}],"curies":[{"name":"wp","href":"https:\/\/api.w.org\/{rel}","templated":true}]}}