{"id":86627,"date":"2026-05-05T14:50:54","date_gmt":"2026-05-05T12:50:54","guid":{"rendered":"https:\/\/iguanasmoke.com\/?page_id=86627"},"modified":"2026-05-08T12:28:30","modified_gmt":"2026-05-08T10:28:30","slug":"guide-didattiche-cbd-per-saperne-di-piu-sul-cbd","status":"publish","type":"page","link":"https:\/\/iguanasmoke.com\/it\/guias-didacticas-cbd-para-aprender-mas-sobre-el-cbd\/","title":{"rendered":"Guide didattiche CBD: per saperne di pi\u00f9"},"content":{"rendered":"<div data-elementor-type=\"wp-page\" data-elementor-id=\"86627\" class=\"elementor elementor-86627\" data-elementor-post-type=\"page\">\n\t\t\t\t<div class=\"elementor-element elementor-element-1de6482 e-flex e-con-boxed e-con e-parent\" data-id=\"1de6482\" data-element_type=\"container\" data-e-type=\"container\">\n\t\t\t\t\t<div class=\"e-con-inner\">\n\t\t\t\t<div class=\"elementor-element elementor-element-e2d7d97 elementor-widget elementor-widget-spacer\" data-id=\"e2d7d97\" data-element_type=\"widget\" data-e-type=\"widget\" data-widget_type=\"spacer.default\">\n\t\t\t\t<div class=\"elementor-widget-container\">\n\t\t\t\t\t\t\t<div class=\"elementor-spacer\">\n\t\t\t<div class=\"elementor-spacer-inner\"><\/div>\n\t\t<\/div>\n\t\t\t\t\t\t<\/div>\n\t\t\t\t<\/div>\n\t\t\t\t<div class=\"elementor-element elementor-element-20f181b elementor-widget elementor-widget-heading\" data-id=\"20f181b\" data-element_type=\"widget\" data-e-type=\"widget\" data-widget_type=\"heading.default\">\n\t\t\t\t<div class=\"elementor-widget-container\">\n\t\t\t\t\t<h1 class=\"elementor-heading-title elementor-size-default\">Guide didattiche CBD: per saperne di pi\u00f9 <\/h1>\t\t\t\t<\/div>\n\t\t\t\t<\/div>\n\t\t\t\t\t<\/div>\n\t\t\t\t<\/div>\n\t\t<div class=\"elementor-element elementor-element-9045174 e-flex e-con-boxed e-con e-parent\" data-id=\"9045174\" data-element_type=\"container\" data-e-type=\"container\">\n\t\t\t\t\t<div class=\"e-con-inner\">\n\t\t\t\t<div class=\"elementor-element elementor-element-924b0d0 elementor-widget elementor-widget-text-editor\" data-id=\"924b0d0\" data-element_type=\"widget\" data-e-type=\"widget\" data-widget_type=\"text-editor.default\">\n\t\t\t\t<div class=\"elementor-widget-container\">\n\t\t\t\t\t\t\t\t\t<p data-start=\"171\" data-end=\"363\"><strong>Scoprire il mondo del CBD<\/strong> pu\u00f2 essere opprimente all'inizio. Tra termini come <em data-start=\"252\" data-end=\"267\">Spettro completo<\/em>, fiori, hash, oli o legislazione, \u00e8 facile perdersi se non si dispone di una fonte chiara e affidabile.<\/p><p data-start=\"365\" data-end=\"573\">Ecco perch\u00e9 abbiamo creato questa sezione di <strong data-start=\"402\" data-end=\"432\">guide didattiche sul CBD<\/strong>uno spazio dove troverai<strong> informazioni complete, aggiornate e facili da capire<\/strong>, sia che tu stia iniziando sia che tu abbia gi\u00e0 esperienza.<\/p><p data-start=\"575\" data-end=\"676\">Qui imparerai dalle basi \u2014 cos'\u00e8 il CBD e come funziona \u2014 fino ad argomenti pi\u00f9 specifici come:<\/p><ul data-start=\"677\" data-end=\"855\"><li data-section-id=\"1k7z9o8\" data-start=\"677\" data-end=\"745\">i diversi tipi di prodotti (fiori, hash, oli o vaporizzatori)<\/li><li data-section-id=\"qyehzr\" data-start=\"746\" data-end=\"775\">come scegliere la qualit\u00e0 premium<\/li><li data-section-id=\"flgi9q\" data-start=\"776\" data-end=\"795\">usi e benefici<\/li><li data-section-id=\"1n9sq84\" data-start=\"796\" data-end=\"855\">e tutto ci\u00f2 che riguarda la legalit\u00e0 in Spagna e in Europa<\/li><\/ul><p data-start=\"857\" data-end=\"995\">Il nostro obiettivo \u00e8 aiutarti a prendere decisioni informate, con contenuti trasparenti, pratici e basati su conoscenze reali del settore.<\/p>\t\t\t\t\t\t\t\t<\/div>\n\t\t\t\t<\/div>\n\t\t\t\t<div class=\"elementor-element elementor-element-77edb7c elementor-widget elementor-widget-heading\" data-id=\"77edb7c\" data-element_type=\"widget\" data-e-type=\"widget\" data-widget_type=\"heading.default\">\n\t\t\t\t<div class=\"elementor-widget-container\">\n\t\t\t\t\t<h3 class=\"elementor-heading-title elementor-size-default\">Esplora le nostre guide e diventa un esperto di CBD passo dopo passo.<\/h3>\t\t\t\t<\/div>\n\t\t\t\t<\/div>\n\t\t\t\t<div class=\"elementor-element elementor-element-cdb2a43 elementor-widget elementor-widget-spacer\" data-id=\"cdb2a43\" data-element_type=\"widget\" data-e-type=\"widget\" data-widget_type=\"spacer.default\">\n\t\t\t\t<div class=\"elementor-widget-container\">\n\t\t\t\t\t\t\t<div class=\"elementor-spacer\">\n\t\t\t<div class=\"elementor-spacer-inner\"><\/div>\n\t\t<\/div>\n\t\t\t\t\t\t<\/div>\n\t\t\t\t<\/div>\n\t\t\t\t<div class=\"elementor-element elementor-element-91c0cf6 elementor-skin-coverflow elementor-arrows-yes elementor-pagination-type-bullets elementor-pagination-position-outside elementor-widget elementor-widget-media-carousel\" data-id=\"91c0cf6\" data-element_type=\"widget\" data-e-type=\"widget\" data-settings=\"{&quot;skin&quot;:&quot;coverflow&quot;,&quot;space_between&quot;:{&quot;unit&quot;:&quot;px&quot;,&quot;size&quot;:0,&quot;sizes&quot;:[]},&quot;show_arrows&quot;:&quot;yes&quot;,&quot;pagination&quot;:&quot;bullets&quot;,&quot;speed&quot;:500,&quot;autoplay&quot;:&quot;yes&quot;,&quot;autoplay_speed&quot;:5000,&quot;loop&quot;:&quot;yes&quot;,&quot;pause_on_hover&quot;:&quot;yes&quot;,&quot;pause_on_interaction&quot;:&quot;yes&quot;,&quot;space_between_tablet&quot;:{&quot;unit&quot;:&quot;px&quot;,&quot;size&quot;:10,&quot;sizes&quot;:[]},&quot;space_between_mobile&quot;:{&quot;unit&quot;:&quot;px&quot;,&quot;size&quot;:10,&quot;sizes&quot;:[]}}\" data-widget_type=\"media-carousel.default\">\n\t\t\t\t<div class=\"elementor-widget-container\">\n\t\t\t\t\t\t\t\t\t<div class=\"elementor-swiper\">\n\t\t\t\t\t<div class=\"elementor-main-swiper swiper\" role=\"region\" aria-roledescription=\"carousel\" aria-label=\"Diapositive\">\n\t\t\t\t<div class=\"swiper-wrapper\">\n\t\t\t\t\t\t\t\t\t\t\t<div class=\"swiper-slide\" role=\"group\" aria-roledescription=\"slide\">\n\t\t\t\t\t\t\t<a href=\"https:\/\/iguanasmoke.com\/it\/cose-lhashish-cbd\/\">\t\t<div class=\"elementor-carousel-image\" role=\"img\" aria-label=\"Hash CBD: cos&#039;\u00e8 e come si usa\" style=\"background-image: url(&#039;https:\/\/iguanasmoke.com\/wp-content\/uploads\/2026\/05\/guia-que-es-el-cbd.webp&#039;)\">\n\n\t\t\t\n\t\t\t\t\t<\/div>\n\t\t<\/a>\t\t\t\t\t\t<\/div>\n\t\t\t\t\t\t\t\t\t\t\t<div class=\"swiper-slide\" role=\"group\" aria-roledescription=\"slide\">\n\t\t\t\t\t\t\t<a href=\"https:\/\/iguanasmoke.com\/it\/guida-a-cosa-sono-i-fiori-di-cbd\/\">\t\t<div class=\"elementor-carousel-image\" role=\"img\" aria-label=\"guida a cosa sono i fiori di cbd\" style=\"background-image: url(&#039;https:\/\/iguanasmoke.com\/wp-content\/uploads\/2026\/05\/guia-que-son-las-flores-cbd.webp&#039;)\">\n\n\t\t\t\n\t\t\t\t\t<\/div>\n\t\t<\/a>\t\t\t\t\t\t<\/div>\n\t\t\t\t\t\t\t\t\t\t\t<div class=\"swiper-slide\" role=\"group\" aria-roledescription=\"slide\">\n\t\t\t\t\t\t\t<a href=\"https:\/\/iguanasmoke.com\/it\/quadro-giuridico-attuale-della-legislazione-sulla-cbd\/\">\t\t<div class=\"elementor-carousel-image\" role=\"img\" aria-label=\"guida legalit\u00e0 cbd\" style=\"background-image: url(&#039;https:\/\/iguanasmoke.com\/wp-content\/uploads\/2026\/05\/guia-legalidad-cbd.webp&#039;)\">\n\n\t\t\t\n\t\t\t\t\t<\/div>\n\t\t<\/a>\t\t\t\t\t\t<\/div>\n\t\t\t\t\t\t\t\t\t\t\t<div class=\"swiper-slide\" role=\"group\" aria-roledescription=\"slide\">\n\t\t\t\t\t\t\t<a href=\"https:\/\/iguanasmoke.com\/it\/guida-allolio-di-cbd-per-animali-domestici-perche-viene-utilizzato-negli-animali-domestici\/\">\t\t<div class=\"elementor-carousel-image\" role=\"img\" aria-label=\"guida per animali domestici olio CBD\" style=\"background-image: url(&#039;https:\/\/iguanasmoke.com\/wp-content\/uploads\/2026\/05\/guia-mascotas-aceite.webp&#039;)\">\n\n\t\t\t\n\t\t\t\t\t<\/div>\n\t\t<\/a>\t\t\t\t\t\t<\/div>\n\t\t\t\t\t\t\t\t\t\t\t<div class=\"swiper-slide\" role=\"group\" aria-roledescription=\"slide\">\n\t\t\t\t\t\t\t<a href=\"https:\/\/iguanasmoke.com\/it\/guia-cbd\/\">\t\t<div class=\"elementor-carousel-image\" role=\"img\" aria-label=\"guida definitiva cbd\" style=\"background-image: url(&#039;https:\/\/iguanasmoke.com\/wp-content\/uploads\/2026\/05\/banner-guia-definitiva-cbd-1.webp&#039;)\">\n\n\t\t\t\n\t\t\t\t\t<\/div>\n\t\t<\/a>\t\t\t\t\t\t<\/div>\n\t\t\t\t\t\t\t\t\t<\/div>\n\t\t\t\t\t\t\t\t\t\t\t\t\t\t\t<div class=\"elementor-swiper-button elementor-swiper-button-prev\" role=\"button\" tabindex=\"0\" aria-label=\"Anteriore\">\n\t\t\t\t\t\t\t<i aria-hidden=\"true\" class=\"eicon-chevron-left\"><\/i>\t\t\t\t\t\t<\/div>\n\t\t\t\t\t\t<div class=\"elementor-swiper-button elementor-swiper-button-next\" role=\"button\" tabindex=\"0\" aria-label=\"Seguente\">\n\t\t\t\t\t\t\t<i aria-hidden=\"true\" class=\"eicon-chevron-right\"><\/i>\t\t\t\t\t\t<\/div>\n\t\t\t\t\t\t\t\t\t\t\t\t\t\t\t\t<div class=\"swiper-pagination\"><\/div>\n\t\t\t\t\t\t\t\t\t\t\t\t<\/div>\n\t\t\t\t<\/div>\n\t\t\t\t\t\t\t\t<\/div>\n\t\t\t\t<\/div>\n\t\t\t\t<div class=\"elementor-element elementor-element-199303d elementor-widget elementor-widget-spacer\" data-id=\"199303d\" data-element_type=\"widget\" data-e-type=\"widget\" data-widget_type=\"spacer.default\">\n\t\t\t\t<div class=\"elementor-widget-container\">\n\t\t\t\t\t\t\t<div class=\"elementor-spacer\">\n\t\t\t<div class=\"elementor-spacer-inner\"><\/div>\n\t\t<\/div>\n\t\t\t\t\t\t<\/div>\n\t\t\t\t<\/div>\n\t\t\t\t<div class=\"elementor-element elementor-element-51647ae elementor-widget elementor-widget-image\" data-id=\"51647ae\" data-element_type=\"widget\" data-e-type=\"widget\" data-widget_type=\"image.default\">\n\t\t\t\t<div class=\"elementor-widget-container\">\n\t\t\t\t\t\t\t\t\t\t\t\t\t\t\t<img decoding=\"async\" width=\"150\" height=\"150\" src=\"https:\/\/iguanasmoke.com\/wp-content\/uploads\/2025\/01\/logoiguana-favi-1-150x150.png\" class=\"attachment-thumbnail size-thumbnail wp-image-48735\" alt=\"\" srcset=\"https:\/\/iguanasmoke.com\/wp-content\/uploads\/2025\/01\/logoiguana-favi-1-150x150.png 150w, https:\/\/iguanasmoke.com\/wp-content\/uploads\/2025\/01\/logoiguana-favi-1-300x300.png 300w, https:\/\/iguanasmoke.com\/wp-content\/uploads\/2025\/01\/logoiguana-favi-1-12x12.png 12w, https:\/\/iguanasmoke.com\/wp-content\/uploads\/2025\/01\/logoiguana-favi-1-340x340.png 340w, https:\/\/iguanasmoke.com\/wp-content\/uploads\/2025\/01\/logoiguana-favi-1-100x100.png 100w, https:\/\/iguanasmoke.com\/wp-content\/uploads\/2025\/01\/logoiguana-favi-1-24x24.png 24w, https:\/\/iguanasmoke.com\/wp-content\/uploads\/2025\/01\/logoiguana-favi-1-48x48.png 48w, https:\/\/iguanasmoke.com\/wp-content\/uploads\/2025\/01\/logoiguana-favi-1-96x96.png 96w, https:\/\/iguanasmoke.com\/wp-content\/uploads\/2025\/01\/logoiguana-favi-1-64x64.png 64w, https:\/\/iguanasmoke.com\/wp-content\/uploads\/2025\/01\/logoiguana-favi-1.png 512w\" sizes=\"(max-width: 150px) 100vw, 150px\" \/>\t\t\t\t\t\t\t\t\t\t\t\t\t\t\t<\/div>\n\t\t\t\t<\/div>\n\t\t\t\t<div class=\"elementor-element elementor-element-fe3aea1 elementor-widget elementor-widget-spacer\" data-id=\"fe3aea1\" data-element_type=\"widget\" data-e-type=\"widget\" data-widget_type=\"spacer.default\">\n\t\t\t\t<div class=\"elementor-widget-container\">\n\t\t\t\t\t\t\t<div class=\"elementor-spacer\">\n\t\t\t<div class=\"elementor-spacer-inner\"><\/div>\n\t\t<\/div>\n\t\t\t\t\t\t<\/div>\n\t\t\t\t<\/div>\n\t\t\t\t\t<\/div>\n\t\t\t\t<\/div>\n\t\t\t\t<\/div>","protected":false},"excerpt":{"rendered":"<p>Gu\u00edas Did\u00e1cticas CBD: para aprender m\u00e1s Descubrir el mundo del CBD puede ser abrumador al principio. Entre t\u00e9rminos como Full Spectrum, flores, hash, aceites o legislaci\u00f3n, es f\u00e1cil perderse si no tienes una fuente clara y fiable. Por eso hemos creado esta secci\u00f3n de gu\u00edas did\u00e1cticas sobre CBD: un espacio donde encontrar\u00e1s informaci\u00f3n completa, actualizada [&hellip;]<\/p>\n","protected":false},"author":1,"featured_media":0,"parent":0,"menu_order":0,"comment_status":"closed","ping_status":"closed","template":"","meta":{"_acf_changed":false,"site-sidebar-layout":"no-sidebar","site-content-layout":"page-builder","ast-site-content-layout":"full-width-container","site-content-style":"default","site-sidebar-style":"default","ast-global-header-display":"","ast-banner-title-visibility":"","ast-main-header-display":"","ast-hfb-above-header-display":"","ast-hfb-below-header-display":"","ast-hfb-mobile-header-display":"","site-post-title":"disabled","ast-breadcrumbs-content":"","ast-featured-img":"disabled","footer-sml-layout":"","theme-transparent-header-meta":"","adv-header-id-meta":"","stick-header-meta":"","header-above-stick-meta":"","header-main-stick-meta":"","header-below-stick-meta":"","astra-migrate-meta-layouts":"set","ast-page-background-enabled":"default","ast-page-background-meta":{"desktop":{"background-color":"var(--ast-global-color-4)","background-image":"","background-repeat":"repeat","background-position":"center center","background-size":"auto","background-attachment":"scroll","background-type":"","background-media":"","overlay-type":"","overlay-color":"","overlay-opacity":"","overlay-gradient":""},"tablet":{"background-color":"","background-image":"","background-repeat":"repeat","background-position":"center center","background-size":"auto","background-attachment":"scroll","background-type":"","background-media":"","overlay-type":"","overlay-color":"","overlay-opacity":"","overlay-gradient":""},"mobile":{"background-color":"","background-image":"","background-repeat":"repeat","background-position":"center center","background-size":"auto","background-attachment":"scroll","background-type":"","background-media":"","overlay-type":"","overlay-color":"","overlay-opacity":"","overlay-gradient":""}},"ast-content-background-meta":{"desktop":{"background-color":"var(--ast-global-color-5)","background-image":"","background-repeat":"repeat","background-position":"center center","background-size":"auto","background-attachment":"scroll","background-type":"","background-media":"","overlay-type":"","overlay-color":"","overlay-opacity":"","overlay-gradient":""},"tablet":{"background-color":"var(--ast-global-color-5)","background-image":"","background-repeat":"repeat","background-position":"center center","background-size":"auto","background-attachment":"scroll","background-type":"","background-media":"","overlay-type":"","overlay-color":"","overlay-opacity":"","overlay-gradient":""},"mobile":{"background-color":"var(--ast-global-color-5)","background-image":"","background-repeat":"repeat","background-position":"center center","background-size":"auto","background-attachment":"scroll","background-type":"","background-media":"","overlay-type":"","overlay-color":"","overlay-opacity":"","overlay-gradient":""}},"footnotes":""},"class_list":["post-86627","page","type-page","status-publish","hentry"],"acf":[],"yoast_head":"<!-- This site is optimized with the Yoast SEO Premium plugin v27.5 (Yoast SEO v27.5) - https:\/\/yoast.com\/product\/yoast-seo-premium-wordpress\/ -->\n<title>Gu\u00edas Did\u00e1cticas CBD: para aprender m\u00e1s | Iguana Smoke<\/title>\n<meta name=\"description\" content=\"Gu\u00edas did\u00e1cticas CBD: aprende qu\u00e9 es, tipos de productos, beneficios, usos y legislaci\u00f3n en Espa\u00f1a. Informaci\u00f3n clara y actualizada.\" \/>\n<meta name=\"robots\" content=\"index, follow, max-snippet:-1, max-image-preview:large, max-video-preview:-1\" \/>\n<link rel=\"canonical\" href=\"https:\/\/iguanasmoke.com\/it\/guide-didattiche-cbd-per-saperne-di-piu-sul-cbd\/\" \/>\n<meta property=\"og:locale\" content=\"it_IT\" \/>\n<meta property=\"og:type\" content=\"article\" \/>\n<meta property=\"og:title\" content=\"Gu\u00edas Did\u00e1cticas CBD: para aprender m\u00e1s\" \/>\n<meta property=\"og:description\" content=\"Gu\u00edas Did\u00e1cticas CBD: para aprender m\u00e1s Descubrir el mundo del CBD puede ser abrumador al principio. Entre t\u00e9rminos como Full Spectrum, flores, hash,\" \/>\n<meta property=\"og:url\" content=\"https:\/\/iguanasmoke.com\/it\/guide-didattiche-cbd-per-saperne-di-piu-sul-cbd\/\" \/>\n<meta property=\"og:site_name\" content=\"Iguana Smoke\" \/>\n<meta property=\"article:publisher\" content=\"https:\/\/www.facebook.com\/iguanasmoke\" \/>\n<meta property=\"article:modified_time\" content=\"2026-05-08T10:28:30+00:00\" \/>\n<meta property=\"og:image\" content=\"https:\/\/iguanasmoke.com\/wp-content\/uploads\/2025\/01\/logoiguana-favi-1.png\" \/>\n\t<meta property=\"og:image:width\" content=\"512\" \/>\n\t<meta property=\"og:image:height\" content=\"512\" \/>\n\t<meta property=\"og:image:type\" content=\"image\/png\" \/>\n<meta name=\"twitter:card\" content=\"summary_large_image\" \/>\n<meta name=\"twitter:label1\" content=\"Tempo di lettura stimato\" \/>\n\t<meta name=\"twitter:data1\" content=\"1 minuto\" \/>\n<!-- \/ Yoast SEO Premium plugin. -->","yoast_head_json":{"title":"Guide Didattiche CBD: per saperne di pi\u00f9 | Iguana Smoke","description":"Guide didattiche CBD: scopri cos'\u00e8, tipi di prodotti, benefici, usi e legislazione in Spagna. Informazioni chiare e aggiornate.","robots":{"index":"index","follow":"follow","max-snippet":"max-snippet:-1","max-image-preview":"max-image-preview:large","max-video-preview":"max-video-preview:-1"},"canonical":"https:\/\/iguanasmoke.com\/it\/guide-didattiche-cbd-per-saperne-di-piu-sul-cbd\/","og_locale":"it_IT","og_type":"article","og_title":"Gu\u00edas Did\u00e1cticas CBD: para aprender m\u00e1s","og_description":"Gu\u00edas Did\u00e1cticas CBD: para aprender m\u00e1s Descubrir el mundo del CBD puede ser abrumador al principio. Entre t\u00e9rminos como Full Spectrum, flores, hash,","og_url":"https:\/\/iguanasmoke.com\/it\/guide-didattiche-cbd-per-saperne-di-piu-sul-cbd\/","og_site_name":"Iguana Smoke","article_publisher":"https:\/\/www.facebook.com\/iguanasmoke","article_modified_time":"2026-05-08T10:28:30+00:00","og_image":[{"width":512,"height":512,"url":"https:\/\/iguanasmoke.com\/wp-content\/uploads\/2025\/01\/logoiguana-favi-1.png","type":"image\/png"}],"twitter_card":"summary_large_image","twitter_misc":{"Tempo di lettura stimato":"1 minuto"},"schema":{"@context":"https:\/\/schema.org","@graph":[{"@type":"WebPage","@id":"https:\/\/iguanasmoke.com\/guias-didacticas-cbd-para-aprender-mas-sobre-el-cbd\/","url":"https:\/\/iguanasmoke.com\/guias-didacticas-cbd-para-aprender-mas-sobre-el-cbd\/","name":"Guide Didattiche CBD: per saperne di pi\u00f9 | Iguana Smoke","isPartOf":{"@id":"https:\/\/iguanasmoke.com\/#website"},"primaryImageOfPage":{"@id":"https:\/\/iguanasmoke.com\/guias-didacticas-cbd-para-aprender-mas-sobre-el-cbd\/#primaryimage"},"image":{"@id":"https:\/\/iguanasmoke.com\/guias-didacticas-cbd-para-aprender-mas-sobre-el-cbd\/#primaryimage"},"thumbnailUrl":"https:\/\/iguanasmoke.com\/wp-content\/uploads\/2025\/01\/logoiguana-favi-1-150x150.png","datePublished":"2026-05-05T12:50:54+00:00","dateModified":"2026-05-08T10:28:30+00:00","description":"Guide didattiche CBD: scopri cos'\u00e8, tipi di prodotti, benefici, usi e legislazione in Spagna. Informazioni chiare e aggiornate.","breadcrumb":{"@id":"https:\/\/iguanasmoke.com\/guias-didacticas-cbd-para-aprender-mas-sobre-el-cbd\/#breadcrumb"},"inLanguage":"it-IT","potentialAction":[{"@type":"ReadAction","target":["https:\/\/iguanasmoke.com\/guias-didacticas-cbd-para-aprender-mas-sobre-el-cbd\/"]}]},{"@type":"ImageObject","inLanguage":"it-IT","@id":"https:\/\/iguanasmoke.com\/guias-didacticas-cbd-para-aprender-mas-sobre-el-cbd\/#primaryimage","url":"https:\/\/iguanasmoke.com\/wp-content\/uploads\/2025\/01\/logoiguana-favi-1-150x150.png","contentUrl":"https:\/\/iguanasmoke.com\/wp-content\/uploads\/2025\/01\/logoiguana-favi-1-150x150.png"},{"@type":"BreadcrumbList","@id":"https:\/\/iguanasmoke.com\/guias-didacticas-cbd-para-aprender-mas-sobre-el-cbd\/#breadcrumb","itemListElement":[{"@type":"ListItem","position":1,"name":"home","item":"https:\/\/iguanasmoke.com\/"},{"@type":"ListItem","position":2,"name":"Gu\u00edas Did\u00e1cticas CBD: para aprender m\u00e1s"}]},{"@type":"WebSite","@id":"https:\/\/iguanasmoke.com\/#website","url":"https:\/\/iguanasmoke.com\/","name":"Fumo di iguana","description":"Acquistare CBD online al miglior prezzo","publisher":{"@id":"https:\/\/iguanasmoke.com\/#organization"},"potentialAction":[{"@type":"SearchAction","target":{"@type":"EntryPoint","urlTemplate":"https:\/\/iguanasmoke.com\/?s={search_term_string}"},"query-input":{"@type":"PropertyValueSpecification","valueRequired":true,"valueName":"search_term_string"}}],"inLanguage":"it-IT"},{"@type":"Organization","@id":"https:\/\/iguanasmoke.com\/#organization","name":"Fumo di iguana","url":"https:\/\/iguanasmoke.com\/","logo":{"@type":"ImageObject","inLanguage":"it-IT","@id":"https:\/\/iguanasmoke.com\/#\/schema\/logo\/image\/","url":"https:\/\/iguanasmoke.com\/wp-content\/uploads\/2025\/01\/logoiguana-favi-1.png","contentUrl":"https:\/\/iguanasmoke.com\/wp-content\/uploads\/2025\/01\/logoiguana-favi-1.png","width":512,"height":512,"caption":"Iguana Smoke"},"image":{"@id":"https:\/\/iguanasmoke.com\/#\/schema\/logo\/image\/"},"sameAs":["https:\/\/www.facebook.com\/iguanasmoke","https:\/\/www.instagram.com\/iguanasmoke\/"]}]}},"_links":{"self":[{"href":"https:\/\/iguanasmoke.com\/it\/wp-json\/wp\/v2\/pages\/86627","targetHints":{"allow":["GET"]}}],"collection":[{"href":"https:\/\/iguanasmoke.com\/it\/wp-json\/wp\/v2\/pages"}],"about":[{"href":"https:\/\/iguanasmoke.com\/it\/wp-json\/wp\/v2\/types\/page"}],"author":[{"embeddable":true,"href":"https:\/\/iguanasmoke.com\/it\/wp-json\/wp\/v2\/users\/1"}],"replies":[{"embeddable":true,"href":"https:\/\/iguanasmoke.com\/it\/wp-json\/wp\/v2\/comments?post=86627"}],"version-history":[{"count":39,"href":"https:\/\/iguanasmoke.com\/it\/wp-json\/wp\/v2\/pages\/86627\/revisions"}],"predecessor-version":[{"id":86973,"href":"https:\/\/iguanasmoke.com\/it\/wp-json\/wp\/v2\/pages\/86627\/revisions\/86973"}],"wp:attachment":[{"href":"https:\/\/iguanasmoke.com\/it\/wp-json\/wp\/v2\/media?parent=86627"}],"curies":[{"name":"wp","href":"https:\/\/api.w.org\/{rel}","templated":true}]}}