{"id":9173,"date":"2021-06-09T14:30:35","date_gmt":"2021-06-09T12:30:35","guid":{"rendered":"http:\/\/iguanasmoke.com\/?page_id=9173"},"modified":"2024-11-27T14:28:34","modified_gmt":"2024-11-27T13:28:34","slug":"politiche-di-spedizione-e-restituzione","status":"publish","type":"page","link":"https:\/\/iguanasmoke.com\/it\/politicas-de-envios-y-devoluciones\/","title":{"rendered":"Politiche di spedizione e restituzione"},"content":{"rendered":"<div data-elementor-type=\"wp-page\" data-elementor-id=\"9173\" class=\"elementor elementor-9173\" data-elementor-post-type=\"page\">\n\t\t\t\t<div class=\"elementor-element elementor-element-b71d9f5 e-con-full e-flex e-con e-parent\" data-id=\"b71d9f5\" data-element_type=\"container\" data-e-type=\"container\" data-settings=\"{&quot;background_background&quot;:&quot;classic&quot;}\">\n\t\t\t\t<div class=\"elementor-element elementor-element-eea7bfc elementor-widget elementor-widget-spacer\" data-id=\"eea7bfc\" data-element_type=\"widget\" data-e-type=\"widget\" data-widget_type=\"spacer.default\">\n\t\t\t\t<div class=\"elementor-widget-container\">\n\t\t\t\t\t\t\t<div class=\"elementor-spacer\">\n\t\t\t<div class=\"elementor-spacer-inner\"><\/div>\n\t\t<\/div>\n\t\t\t\t\t\t<\/div>\n\t\t\t\t<\/div>\n\t\t\t\t<div class=\"elementor-element elementor-element-efe1096 elementor-widget elementor-widget-heading\" data-id=\"efe1096\" data-element_type=\"widget\" data-e-type=\"widget\" data-widget_type=\"heading.default\">\n\t\t\t\t<div class=\"elementor-widget-container\">\n\t\t\t\t\t<h2 class=\"elementor-heading-title elementor-size-default\">Politica di spedizione e restituzione<\/h2>\t\t\t\t<\/div>\n\t\t\t\t<\/div>\n\t\t\t\t<div class=\"elementor-element elementor-element-1132002 elementor-widget elementor-widget-spacer\" data-id=\"1132002\" data-element_type=\"widget\" data-e-type=\"widget\" data-widget_type=\"spacer.default\">\n\t\t\t\t<div class=\"elementor-widget-container\">\n\t\t\t\t\t\t\t<div class=\"elementor-spacer\">\n\t\t\t<div class=\"elementor-spacer-inner\"><\/div>\n\t\t<\/div>\n\t\t\t\t\t\t<\/div>\n\t\t\t\t<\/div>\n\t\t\t\t<\/div>\n\t\t<div class=\"elementor-element elementor-element-3602dee0 e-flex e-con-boxed e-con e-parent\" data-id=\"3602dee0\" data-element_type=\"container\" data-e-type=\"container\">\n\t\t\t\t\t<div class=\"e-con-inner\">\n\t\t\t\t<div class=\"elementor-element elementor-element-51ea11e5 elementor-widget elementor-widget-text-editor\" data-id=\"51ea11e5\" data-element_type=\"widget\" data-e-type=\"widget\" data-widget_type=\"text-editor.default\">\n\t\t\t\t<div class=\"elementor-widget-container\">\n\t\t\t\t\t\t\t\t\t<p><\/p>\n<p style=\"text-align: justify;\"><strong>Condizioni legali per la spedizione e la restituzione<\/strong><\/p>\n<p style=\"text-align: justify;\">Le Condizioni Legali di Spedizione e Cancellazione sono parte delle Condizioni Legali di Contratto (di seguito le \u00abCondizioni di Vendita\u00bb) che regolano le transazioni di vendita effettuate nel negozio online contenuto nel dominio iguanasmoke.com (di seguito il \u00abNegozio Online\u00bb).<\/p>\n<p style=\"text-align: justify;\">L'acquisto di uno qualsiasi dei prodotti offerti nel Negozio online implica l'accettazione, senza riserve di alcun tipo, in qualit\u00e0 di UTENTE-CLIENTE delle Condizioni di utilizzo e vendita.<\/p>\n<ol style=\"text-align: justify;\">\n<li><strong> METODI DI SPEDIZIONE<\/strong><\/li>\n<\/ol>\n<p style=\"text-align: justify;\">CONSEGNA A DOMICILIO, una volta verificato il pagamento dell'ordine, questo verr\u00e0 inviato all'indirizzo postale fornito dall'UTENTE-CLIENTE. Vi invieremo notifiche via e-mail per informarvi sullo stato del vostro ordine entro un periodo non superiore alle 24 ore.<\/p>\n<p style=\"text-align: justify;\">INVIO DEL PACCO<\/p>\n<p style=\"text-align: justify;\">Gli ordini ricevuti prima delle 15:00 saranno spediti in meno di 24 ore, dopo questo orario i pacchi vengono spediti entro 24-48 ore lavorative dal ricevimento del pagamento, tramite una compagnia di trasporti privata con il rispettivo numero di tracking inviato automaticamente alla stessa mail dove \u00e8 stato effettuato l'ordine.<\/p>\n<p style=\"text-align: justify;\">Il pacco arriver\u00e0 entro 24\/48 ore lavorative dalla spedizione.<\/p>\n<p style=\"text-align: justify;\">Come regola generale, il pacco sar\u00e0 consegnato entro le ore 19:00 per tutti gli ordini effettuati sulla penisola.<\/p>\n<p style=\"text-align: justify;\">La spedizione costa 7,50 euro ed \u00e8 gratuita a partire da 40 euro nel carrello (non viene applicato alcun buono sconto).<\/p>\n<p>ISOLE BALEARI<\/p>\n<p>La consegna alle Isole Baleari costa 18\u20ac per tutti gli ordini e 10,89\u20ac per ordini superiori a 40\u20ac.<\/p>\n<p style=\"text-align: justify;\">ISOLE CANARIE (48-72h)<\/p>\n<p style=\"text-align: justify;\">Al momento non \u00e8 possibile effettuare consegne nelle Isole Canarie.<\/p>\n<p style=\"text-align: justify;\">CEUTA\/MELILLA- (48-72h)<\/p>\n<p style=\"text-align: justify;\">Al momento non \u00e8 possibile effettuare consegne a Ceuta\/Melilla.<\/p>\n<ol style=\"text-align: justify;\" start=\"2\">\n<li><strong> COSTI DI SPEDIZIONE E TEMPI DI CONSEGNA<\/strong><\/li>\n<\/ol>\n<p style=\"text-align: justify;\">Il costo della CONSEGNA A DOMICILIO varia a seconda della localit\u00e0 e del peso; gli importi e i tempi di consegna sono indicati nell'offerta di vendita di ciascun prodotto. Per le consegne nella Spagna continentale, i tempi di consegna sono di 24-48 ore. Per le consegne in altri Paesi europei, i tempi di consegna sono di 5-7 giorni.<\/p>\n<p style=\"text-align: justify;\">Le consegne saranno effettuate solo ed esclusivamente tramite posta o societ\u00e0 di trasporto privata e sar\u00e0 l'UTENTE-CLIENTE ad assumersi il totale delle spese di spedizione, salvo il superamento dell'importo stabilito per le consegne gratuite o in presenza di un'offerta promozionale pi\u00f9 favorevole per l'UTENTE-CLIENTE.<\/p>\n<ol style=\"text-align: justify;\" start=\"3\">\n<li><strong> CANCELLAZIONI<\/strong><\/li>\n<\/ol>\n<p style=\"text-align: justify;\">IGUANA SMOKE potr\u00e0 accettare cancellazioni di qualsiasi ordine fintanto che l'ordine non sia stato spedito e a seconda dello stato di preparazione dell'ordine, per farlo \u00e8 necessario comunicarlo attraverso il seguente indirizzo email: contacto@iguanasmoke.com<\/p>\n<p style=\"text-align: justify;\">IGUANA SMOKE pu\u00f2 annullare l'ordine se ha motivo di credere che i mezzi di pagamento o lo scopo dell'acquisto non siano validi o legittimi.<\/p>\n<p style=\"text-align: justify;\">In questo caso, IGUANA SMOKE contatter\u00e0 l'UTENTE-CLIENTE e proporr\u00e0 un modo alternativo per risolvere l'irregolarit\u00e0 rilevata.<\/p>\n<p style=\"text-align: justify;\"><strong>Condizioni legali di restituzione e rimborso<\/strong><\/p>\n<p style=\"text-align: justify;\">Le Condizioni Legali di Restituzione e Rimborso sono parte delle Condizioni Legali di Contratto (di seguito le \u00abCondizioni di Vendita\u00bb) che regolano le transazioni di vendita effettuate nel negozio online contenuto nel dominio iguanasmoke.com (di seguito il \u00abNegozio Online\u00bb).<\/p>\n<p style=\"text-align: justify;\">L'acquisto di uno qualsiasi dei prodotti offerti nel Negozio online implica l'accettazione, senza riserve di alcun tipo, in qualit\u00e0 di UTENTE-CLIENTE delle Condizioni di utilizzo e vendita.<\/p>\n<ol style=\"text-align: justify;\">\n<li><strong> RITORNO<\/strong><\/li>\n<\/ol>\n<p style=\"text-align: justify;\">In conformit\u00e0 alla normativa vigente, l'UTENTE-CLIENTE avr\u00e0 il diritto di restituire qualsiasi prodotto entro quattordici (14) giorni dalla data di ricevimento del prodotto.<\/p>\n<p style=\"text-align: justify;\">Il prodotto deve essere inutilizzato e in perfette condizioni, compresi gli accessori, la documentazione e la confezione originale, altrimenti la merce verr\u00e0 svalutata.<\/p>\n<p style=\"text-align: justify;\">L'UTENTE-CONTESTATORE sar\u00e0 responsabile solo della diminuzione del valore dei prodotti derivante da una manipolazione diversa da quella necessaria per determinare la natura, le caratteristiche e il funzionamento dei beni acquistati.<\/p>\n<p>In nessun caso verranno rimborsati i prodotti floreali che sono stati aperti.<\/p>\n<p style=\"text-align: justify;\">L'UTENTE-CONTESTATORE deve comunicare a IGUANA SMOKE la propria intenzione di restituire il prodotto oggetto dell'acquisto; per farlo, \u00e8 necessario contattarci via e-mail all'indirizzo contacto@iguanasmoke.com o utilizzando il pulsante di chat in basso a destra dello schermo.<\/p>\n<ol style=\"text-align: justify;\" start=\"2\">\n<li><strong> RIMBORSO<\/strong><\/li>\n<\/ol>\n<p style=\"text-align: justify;\">L'importo sar\u00e0 rimborsato secondo le modalit\u00e0 stabilite dal RDL 1\/2007 e con lo stesso mezzo di pagamento utilizzato dall'UTENTE-CLIENTE per effettuare l'acquisto.<\/p>\n<p style=\"text-align: justify;\">Per qualsiasi forma di restituzione, la merce verr\u00e0 controllata presso le strutture di IGUANA SMOKE. Una volta verificate le sue corrette condizioni, l'importo sar\u00e0 rimborsato al netto delle spese di spedizione, in conformit\u00e0 con il metodo di pagamento effettuato dall'UTENTE-CLIENTE entro un periodo non superiore a 14 giorni di calendario dal ricevimento della merce restituita.<\/p>\n<p style=\"text-align: justify;\">IGUANA SMOKE si far\u00e0 carico del costo diretto della restituzione in caso di errore di spedizione o di difetto di fabbricazione. A tal fine, IGUANA SMOKE si far\u00e0 carico della spedizione e, dopo aver verificato la validit\u00e0 dell'errore o del difetto di fabbricazione del prodotto, pagher\u00e0 l'importo equivalente alle spese di spedizione soggette alla restituzione del prodotto sul conto dell'UTENTE-CLIENTE.<\/p>\n<p style=\"text-align: justify;\">Nel caso in cui non vi siano difetti di fabbricazione o errori di spedizione, l'UTENTE-CLIENTE sar\u00e0 responsabile delle spese di spedizione per il cambio o la restituzione del proprio ordine entro il suddetto periodo di garanzia legale per la restituzione dei prodotti, in conformit\u00e0 con le normative vigenti.<\/p>\t\t\t\t\t\t\t\t<\/div>\n\t\t\t\t<\/div>\n\t\t\t\t\t<\/div>\n\t\t\t\t<\/div>\n\t\t\t\t<\/div>","protected":false},"excerpt":{"rendered":"<p>Pol\u00edtica de env\u00edo y devoluciones Condiciones Legales de Env\u00edos y Devoluciones Las Condiciones Legales de Env\u00edo y Anulaci\u00f3n forman parte de las Condiciones Legales de Contrataci\u00f3n (en adelante, las \u00abCondiciones de Venta\u00bb) que rigen las operaciones de venta realizadas en la tienda en l\u00ednea contenida en el dominio iguanasmoke.com (en adelante, la \u00abTienda Online\u00bb). La [&hellip;]<\/p>\n","protected":false},"author":1,"featured_media":0,"parent":0,"menu_order":0,"comment_status":"closed","ping_status":"closed","template":"","meta":{"_acf_changed":false,"site-sidebar-layout":"no-sidebar","site-content-layout":"plain-container","ast-site-content-layout":"default","site-content-style":"unboxed","site-sidebar-style":"unboxed","ast-global-header-display":"","ast-banner-title-visibility":"","ast-main-header-display":"","ast-hfb-above-header-display":"","ast-hfb-below-header-display":"","ast-hfb-mobile-header-display":"","site-post-title":"disabled","ast-breadcrumbs-content":"","ast-featured-img":"disabled","footer-sml-layout":"","theme-transparent-header-meta":"","adv-header-id-meta":"","stick-header-meta":"","header-above-stick-meta":"","header-main-stick-meta":"","header-below-stick-meta":"","astra-migrate-meta-layouts":"set","ast-page-background-enabled":"default","ast-page-background-meta":{"desktop":{"background-color":"var(--ast-global-color-4)","background-image":"","background-repeat":"repeat","background-position":"center center","background-size":"auto","background-attachment":"scroll","background-type":"","background-media":"","overlay-type":"","overlay-color":"","overlay-opacity":"","overlay-gradient":""},"tablet":{"background-color":"","background-image":"","background-repeat":"repeat","background-position":"center center","background-size":"auto","background-attachment":"scroll","background-type":"","background-media":"","overlay-type":"","overlay-color":"","overlay-opacity":"","overlay-gradient":""},"mobile":{"background-color":"","background-image":"","background-repeat":"repeat","background-position":"center center","background-size":"auto","background-attachment":"scroll","background-type":"","background-media":"","overlay-type":"","overlay-color":"","overlay-opacity":"","overlay-gradient":""}},"ast-content-background-meta":{"desktop":{"background-color":"var(--ast-global-color-5)","background-image":"","background-repeat":"repeat","background-position":"center center","background-size":"auto","background-attachment":"scroll","background-type":"","background-media":"","overlay-type":"","overlay-color":"","overlay-opacity":"","overlay-gradient":""},"tablet":{"background-color":"var(--ast-global-color-5)","background-image":"","background-repeat":"repeat","background-position":"center center","background-size":"auto","background-attachment":"scroll","background-type":"","background-media":"","overlay-type":"","overlay-color":"","overlay-opacity":"","overlay-gradient":""},"mobile":{"background-color":"var(--ast-global-color-5)","background-image":"","background-repeat":"repeat","background-position":"center center","background-size":"auto","background-attachment":"scroll","background-type":"","background-media":"","overlay-type":"","overlay-color":"","overlay-opacity":"","overlay-gradient":""}},"footnotes":""},"class_list":["post-9173","page","type-page","status-publish","hentry"],"acf":[],"yoast_head":"<!-- This site is optimized with the Yoast SEO Premium plugin v27.3 (Yoast SEO v27.3) - https:\/\/yoast.com\/product\/yoast-seo-premium-wordpress\/ -->\n<title>Pol\u00edticas de env\u00edos y devoluciones | Iguana Smoke<\/title>\n<meta name=\"robots\" content=\"index, follow, max-snippet:-1, max-image-preview:large, max-video-preview:-1\" \/>\n<link rel=\"canonical\" href=\"https:\/\/iguanasmoke.com\/it\/politiche-di-spedizione-e-restituzione\/\" \/>\n<meta property=\"og:locale\" content=\"it_IT\" \/>\n<meta property=\"og:type\" content=\"article\" \/>\n<meta property=\"og:title\" content=\"Pol\u00edticas de env\u00edos y devoluciones\" \/>\n<meta property=\"og:description\" content=\"Pol\u00edtica de env\u00edo y devoluciones Condiciones Legales de Env\u00edos y Devoluciones Las Condiciones Legales de Env\u00edo y Anulaci\u00f3n forman parte de las Condiciones\" \/>\n<meta property=\"og:url\" content=\"https:\/\/iguanasmoke.com\/it\/politiche-di-spedizione-e-restituzione\/\" \/>\n<meta property=\"og:site_name\" content=\"Iguana Smoke\" \/>\n<meta property=\"article:publisher\" content=\"https:\/\/www.facebook.com\/iguanasmoke\" \/>\n<meta property=\"article:modified_time\" content=\"2024-11-27T13:28:34+00:00\" \/>\n<meta property=\"og:image\" content=\"https:\/\/iguanasmoke.com\/wp-content\/uploads\/2025\/01\/logo-sauron-iguana-1.png\" \/>\n\t<meta property=\"og:image:width\" content=\"600\" \/>\n\t<meta property=\"og:image:height\" content=\"600\" \/>\n\t<meta property=\"og:image:type\" content=\"image\/png\" \/>\n<meta name=\"twitter:card\" content=\"summary_large_image\" \/>\n<meta name=\"twitter:label1\" content=\"Tempo di lettura stimato\" \/>\n\t<meta name=\"twitter:data1\" content=\"5 minuti\" \/>\n<!-- \/ Yoast SEO Premium plugin. -->","yoast_head_json":{"title":"Politica di spedizione e restituzione : Iguana Smoke","robots":{"index":"index","follow":"follow","max-snippet":"max-snippet:-1","max-image-preview":"max-image-preview:large","max-video-preview":"max-video-preview:-1"},"canonical":"https:\/\/iguanasmoke.com\/it\/politiche-di-spedizione-e-restituzione\/","og_locale":"it_IT","og_type":"article","og_title":"Pol\u00edticas de env\u00edos y devoluciones","og_description":"Pol\u00edtica de env\u00edo y devoluciones Condiciones Legales de Env\u00edos y Devoluciones Las Condiciones Legales de Env\u00edo y Anulaci\u00f3n forman parte de las Condiciones","og_url":"https:\/\/iguanasmoke.com\/it\/politiche-di-spedizione-e-restituzione\/","og_site_name":"Iguana Smoke","article_publisher":"https:\/\/www.facebook.com\/iguanasmoke","article_modified_time":"2024-11-27T13:28:34+00:00","og_image":[{"width":600,"height":600,"url":"https:\/\/iguanasmoke.com\/wp-content\/uploads\/2025\/01\/logo-sauron-iguana-1.png","type":"image\/png"}],"twitter_card":"summary_large_image","twitter_misc":{"Tempo di lettura stimato":"5 minuti"},"schema":{"@context":"https:\/\/schema.org","@graph":[{"@type":"WebPage","@id":"https:\/\/iguanasmoke.com\/politicas-de-envios-y-devoluciones\/","url":"https:\/\/iguanasmoke.com\/politicas-de-envios-y-devoluciones\/","name":"Politica di spedizione e restituzione : Iguana Smoke","isPartOf":{"@id":"https:\/\/iguanasmoke.com\/#website"},"datePublished":"2021-06-09T12:30:35+00:00","dateModified":"2024-11-27T13:28:34+00:00","breadcrumb":{"@id":"https:\/\/iguanasmoke.com\/politicas-de-envios-y-devoluciones\/#breadcrumb"},"inLanguage":"it-IT","potentialAction":[{"@type":"ReadAction","target":["https:\/\/iguanasmoke.com\/politicas-de-envios-y-devoluciones\/"]}]},{"@type":"BreadcrumbList","@id":"https:\/\/iguanasmoke.com\/politicas-de-envios-y-devoluciones\/#breadcrumb","itemListElement":[{"@type":"ListItem","position":1,"name":"home","item":"https:\/\/iguanasmoke.com\/"},{"@type":"ListItem","position":2,"name":"Pol\u00edticas de env\u00edos y devoluciones"}]},{"@type":"WebSite","@id":"https:\/\/iguanasmoke.com\/#website","url":"https:\/\/iguanasmoke.com\/","name":"Fumo di iguana","description":"Acquistare CBD online al miglior prezzo","publisher":{"@id":"https:\/\/iguanasmoke.com\/#organization"},"potentialAction":[{"@type":"SearchAction","target":{"@type":"EntryPoint","urlTemplate":"https:\/\/iguanasmoke.com\/?s={search_term_string}"},"query-input":{"@type":"PropertyValueSpecification","valueRequired":true,"valueName":"search_term_string"}}],"inLanguage":"it-IT"},{"@type":"Organization","@id":"https:\/\/iguanasmoke.com\/#organization","name":"Fumo di iguana","url":"https:\/\/iguanasmoke.com\/","logo":{"@type":"ImageObject","inLanguage":"it-IT","@id":"https:\/\/iguanasmoke.com\/#\/schema\/logo\/image\/","url":"https:\/\/iguanasmoke.com\/wp-content\/uploads\/2025\/01\/logoiguana-favi-1.png","contentUrl":"https:\/\/iguanasmoke.com\/wp-content\/uploads\/2025\/01\/logoiguana-favi-1.png","width":512,"height":512,"caption":"Iguana Smoke"},"image":{"@id":"https:\/\/iguanasmoke.com\/#\/schema\/logo\/image\/"},"sameAs":["https:\/\/www.facebook.com\/iguanasmoke","https:\/\/www.instagram.com\/iguanasmoke\/"]}]}},"_links":{"self":[{"href":"https:\/\/iguanasmoke.com\/it\/wp-json\/wp\/v2\/pages\/9173","targetHints":{"allow":["GET"]}}],"collection":[{"href":"https:\/\/iguanasmoke.com\/it\/wp-json\/wp\/v2\/pages"}],"about":[{"href":"https:\/\/iguanasmoke.com\/it\/wp-json\/wp\/v2\/types\/page"}],"author":[{"embeddable":true,"href":"https:\/\/iguanasmoke.com\/it\/wp-json\/wp\/v2\/users\/1"}],"replies":[{"embeddable":true,"href":"https:\/\/iguanasmoke.com\/it\/wp-json\/wp\/v2\/comments?post=9173"}],"version-history":[{"count":18,"href":"https:\/\/iguanasmoke.com\/it\/wp-json\/wp\/v2\/pages\/9173\/revisions"}],"predecessor-version":[{"id":44221,"href":"https:\/\/iguanasmoke.com\/it\/wp-json\/wp\/v2\/pages\/9173\/revisions\/44221"}],"wp:attachment":[{"href":"https:\/\/iguanasmoke.com\/it\/wp-json\/wp\/v2\/media?parent=9173"}],"curies":[{"name":"wp","href":"https:\/\/api.w.org\/{rel}","templated":true}]}}