{"id":10398,"date":"2022-06-30T07:47:37","date_gmt":"2022-06-30T05:47:37","guid":{"rendered":"https:\/\/iguanasmoke.com\/?post_type=product&#038;p=10398"},"modified":"2026-03-26T15:59:29","modified_gmt":"2026-03-26T14:59:29","slug":"aceite-de-cbd-fullspectrum-10ml-para-mascotas","status":"publish","type":"product","link":"https:\/\/iguanasmoke.com\/it\/producto\/aceite-de-cbd-fullspectrum-10ml-para-mascotas\/","title":{"rendered":"Aceite CBD Mascotas 10ml &#8211; Salm\u00f3n"},"content":{"rendered":"<h1><span style=\"font-weight: 400;\">Aceite de CBD Full Spectrum en 10ml para mascotas con sabor a salm\u00f3n<\/span><\/h1>\n<p><span style=\"font-weight: 400;\">Se siete alla ricerca di una soluzione naturale per migliorare la qualit\u00e0 di vita del vostro animale domestico, <strong>el Aceite de CBD para mascotas en formato 10 ml con sabor a salm\u00f3n,<\/strong> \u00e8 proprio quello che fa per voi. \u00c8 stato studiato appositamente per cani e gatti e combina efficacemente i benefici del cannabidiolo (CBD) con un delizioso sapore di salmone, che loro adoreranno. <\/span><\/p>\n<p><span style=\"font-weight: 400;\">Scoprite ora come questo prodotto pu\u00f2 fare una differenza significativa per il benessere dei vostri compagni a quattro zampe.<\/span><\/p>\n<p>&nbsp;<\/p>\n<h2><strong>\u00bfQu\u00e9 es el Aceite de CBD para mascotas? <\/strong><\/h2>\n<p><span style=\"font-weight: 400;\">L'olio di CBD \u00e8 un integratore naturale. <strong>a base di estratto di cannabidiolo<\/strong>, un composto <strong>non psicoattivo<\/strong> presente nella pianta di cannabis. Questo ingrediente ha guadagnato popolarit\u00e0 grazie alla sua<strong> propriet\u00e0 terapeutiche<\/strong> sia nell'uomo che negli animali.<strong> Olio di CBD al salmone per animali domestici<\/strong>, \u00e8 formulato per soddisfare le esigenze specifiche di cani e gatti, offrendo un sollievo efficace e sicuro. <\/span><\/p>\n<p><span style=\"font-weight: 400;\">Oli di CBD da <em>Spettro completo<\/em>, conosciuto come <strong>Spettro completo<\/strong>, ofrecen beneficios adicionales al incluir una amplia gama de compuestos naturales de la planta del cannabis, como cannabinoides secundarios, terpenos y flavonoides. Estos, trabajan en sinergia como el llamado &#8220;efecto s\u00e9quito&#8221; para potenciar los efectos terap\u00e9uticos del CBD. Estos aceites est\u00e1n disponibles en dos concentraciones diferentes: 3% si quieres algo m\u00e1s suave y 7% si quieres algo m\u00e1s fuerte.\u00a0<\/span><\/p>\n<p><span style=\"font-weight: 400;\">Quando si sceglie un<strong> Olio di CBD a spettro completo<\/strong>, il vostro animale domestico potr\u00e0 godere di una <strong>un sollievo pi\u00f9 efficace da stress, infiammazione e dolore<\/strong>, cos\u00ec come un <strong>supporto immunitario potenziato<\/strong>. Questo tipo di olio \u00e8 ideale per chi cerca una soluzione naturale e completa per migliorare la qualit\u00e0 della vita dei propri compagni pelosi.<\/span><\/p>\n<p>&nbsp;<\/p>\n<h2><strong>Benefici per gli animali domestici: <\/strong><\/h2>\n<ul>\n<li><span style=\"font-weight: 400;\"><strong>Riduzione dell'ansia e\/o dello stress:<\/strong> Gli animali domestici possono soffrire di ansia a causa di vari fattori come la separazione, i viaggi, le visite dal veterinario o i rumori forti (come i fuochi d'artificio). Il CBD aiuta in questi momenti a calmare il sistema nervoso, favorendo un senso di calma per l'animale. <\/span><\/li>\n<li><span style=\"font-weight: 400;\"><strong>Allevia il dolore e l'infiammazione:<\/strong> Ideale per gli animali con problemi articolari o dolori cronici, nonch\u00e9 per le difficolt\u00e0 di mobilit\u00e0, l'olio di CBD \u00e8 noto per le sue propriet\u00e0 antinfiammatorie e analgesiche. Aiuta a migliorare la qualit\u00e0 della vita degli animali domestici mantenendoli pi\u00f9 attivi e felici. <\/span><\/li>\n<li><span style=\"font-weight: 400;\"><strong>Miglioramento della salute e del mantello\/pelle:<\/strong> Gli acidi grassi omega-3 presenti nell'olio, insieme al CBD, favoriscono una pelle sana e un pelo lucido. Particolarmente utile per gli animali domestici con problemi dematologici. <\/span><\/li>\n<li><span style=\"font-weight: 400;\"><strong>Supporto del sistema immunitario:<\/strong> Il CBD agisce anche come rinforzo immunitario, aiutando a mantenere il vostro animale domestico in salute contro le malattie pi\u00f9 comuni. <\/span><\/li>\n<li><span style=\"font-weight: 400;\"><strong>Controllo delle crisi epilettiche e dei disturbi neurologici:<\/strong> Alcuni studi hanno dimostrato che il CBD pu\u00f2 essere utile per controllare gli episodi di convulsioni e altri disturbi neurologici negli animali domestici, migliorando la loro qualit\u00e0 di vita. <\/span><\/li>\n<\/ul>\n<p>&nbsp;<\/p>\n<h2><strong>Sabor a salm\u00f3n: un extra irresistible en tu Aceite de CBD para mascotas\u00a0<\/strong><\/h2>\n<p><span style=\"font-weight: 400;\">Sappiamo che l'accettazione \u00e8 fondamentale quando si tratta di integratori per animali domestici. Ecco perch\u00e9 il <strong>Olio di CBD per animali domestici <\/strong>ha un<strong> delizioso sapore di salmone<\/strong>, per garantire che il vostro animale domestico lo apprezzi. Inoltre, questo sapore naturale non solo rende l'olio pi\u00f9 facile da somministrare, ma anche <strong>fornisce sostanze nutritive utili per migliorare la salute generale dell'animale.<\/strong>.<\/span><\/p>\n<p>&nbsp;<\/p>\n<h2><strong>\u00bfC\u00f3mo administrar el Aceite de CBD para mascotas correctamente a tu mascota?<\/strong><\/h2>\n<p><span style=\"font-weight: 400;\"> La dosis recomendada var\u00eda seg\u00fan el<strong> tama\u00f1o, peso y las necesidades espec\u00edficas de tu mascota.<\/strong> In genere si consiglia di iniziare con dosi basse e di aumentarle gradualmente fino a trovare il giusto livello. Come per<strong> uso topico<\/strong>, \u00c8 possibile somministrare l'olio direttamente nella bocca dell'animale (\u00e8 dotato di un contagocce), mescolarlo al cibo o addirittura aggiungerlo ai suoi snack preferiti. <\/span><\/p>\n<p><span style=\"font-weight: 400;\">Ecco una linea guida di dosaggio suggerita: <\/span><\/p>\n<ul>\n<li><span style=\"font-weight: 400;\"><strong>piccoli animali domestici<\/strong> (&gt;10 kg): <strong>1-2 gocce al giorno <\/strong><\/span><\/li>\n<li><span style=\"font-weight: 400;\"><strong>animali domestici di medie dimensioni<\/strong> (10-20 kg):<strong> 3-5 gocce al giorno <\/strong><\/span><\/li>\n<li><span style=\"font-weight: 400;\"><strong>animali domestici di grandi dimensioni<\/strong> (&gt;20 kg): <strong>6-10 gocce al giorno <\/strong><\/span><\/li>\n<\/ul>\n<p><span style=\"font-weight: 400;\"><strong>Consultate sempre il vostro veterinario prima di iniziare a integrare i vostri animali domestici.<\/strong>, Questo garantisce che siano adatti a loro.\u00a0 \u00a0<\/span><\/p>\n<p>&nbsp;<\/p>\n<h3><strong>FAQS del Aceite de Mascotas CBD\u00a0<\/strong><\/h3>\n<ol>\n<li><span style=\"font-weight: 400;\"><strong>Il CBD \u00e8 sicuro per il mio animale domestico?<\/strong> S\u00ec, il CBD \u00e8 sicuro per gli animali domestici se somministrato nelle dosi raccomandate. Il nostro olio \u00e8 privo di THC, il composto psicoattivo della cannabis, e garantisce che il vostro animale domestico non manifesti effetti collaterali indesiderati. <\/span><\/li>\n<li><span style=\"font-weight: 400;\"><strong>Quando il mio animale inizier\u00e0 a sentire i risultati?<\/strong> Gli effetti possono variare da animale a animale. Alcuni possono mostrare miglioramenti nel giro di pochi giorni, mentre altri animali possono richiedere diverse settimane di utilizzo costante. <\/span><\/li>\n<li><span style=\"font-weight: 400;\"><strong>Posso usare l'olio di CBD per trattare malattie specifiche?<\/strong> Il CBD \u00e8 un ottimo integratore per il trattamento di diversi problemi, ma \u00e8 sempre bene consultare il veterinario prima di utilizzarlo come parte di un trattamento. <\/span><span style=\"font-weight: 400;\">\u00a0\u00a0<\/span><\/li>\n<\/ol>\n<h2><\/h2>\n<h2><b>Dove acquistare gli oli di CBD online<\/b><b>?<\/b><\/h2>\n<p><span style=\"font-weight: 400;\">Naturalmente, in <strong>Fumo di iguana. <\/strong>Qui diamo priorit\u00e0 alla qualit\u00e0 e alla trasparenza di ogni prodotto. Il nostro <strong>Aceite CBD Mascotas 10ml <\/strong>\u00a0si basa su <strong>semi di canapa.<\/strong><\/span><\/p>\n<p><span style=\"font-weight: 400;\">Questo \u00e8 il vostro posto sicuro per <strong>acquistare oli di CBD online in Spagna.<\/strong> Tutti i nostri prodotti sono approvati dall'UE, a garanzia della loro legalit\u00e0 e sicurezza. Inoltre, se volete potete consultare<\/span><strong> <a href=\"https:\/\/iguanasmoke.com\/it\/analitica\/\">analisi di laboratorio.<\/a>\u00a0<\/strong><\/p>\n<h3><\/h3>\n<h3><b>Iguana Smoke \u00e8 il vostro negozio online di CBD\u00a0<\/b><\/h3>\n<p><span style=\"font-weight: 400;\">A<strong> Fumo di iguana<\/strong>, Crediamo che il consumo di CBD debba essere un'esperienza sicura e piacevole. Ecco perch\u00e9 abbiamo prodotti come questo <strong>Aceite CBD Mascotas 10ml<\/strong> qualit\u00e0, che si connette con le nuove generazioni: persone che cercano un benessere senza complicazioni, con marchi autentici e affidabili.\u00a0<\/span><\/p>\n<p>La nostra missione \u00e8 chiara: offrirvi il meglio del mondo del CBD a un prezzo equo. Inoltre, vi diamo la tranquillit\u00e0 che deriva dal sapere che state scegliendo un prodotto certificato, efficace e legale 100%. Il vostro momento di relax inizia qui con noi.<\/p>\n<p>Ancora dubbi? Scriveteci e saremo lieti di aiutarvi a trovare il prodotto giusto per voi.<\/p>","protected":false},"excerpt":{"rendered":"<h3><span style=\"font-weight: 400;\">Caratteristiche del nostro olio di CBD:\u00a0<\/span><\/h3>\n<ul>\n<li><span style=\"font-weight: 400;\"><strong>Ingredienti naturali:<\/strong> Olio di semi di canapa arricchito con salmone (ricco di Omega3) ed estratto di CBD a spettro completo 300mg<\/span><\/li>\n<li>Senza additivi, sostanze chimiche o conservanti<\/li>\n<li>Disponible en dos concentraciones: 3% y 7%<\/li>\n<li>Progettato per le esigenze di cani e gatti<\/li>\n<li>Consultare il <a style=\"font-size: 16px; background-color: #ffffff;\" href=\"https:\/\/iguanasmoke.com\/wp-content\/uploads\/2018\/02\/Aceite-ISO-5.pdf\">analisi della qualit\u00e0<\/a><span style=\"font-size: 16px;\">.<\/span><\/li>\n<\/ul>","protected":false},"featured_media":45056,"comment_status":"open","ping_status":"closed","template":"","meta":{"_acf_changed":false,"site-sidebar-layout":"default","site-content-layout":"","ast-site-content-layout":"default","site-content-style":"default","site-sidebar-style":"default","ast-global-header-display":"","ast-banner-title-visibility":"","ast-main-header-display":"","ast-hfb-above-header-display":"","ast-hfb-below-header-display":"","ast-hfb-mobile-header-display":"","site-post-title":"","ast-breadcrumbs-content":"","ast-featured-img":"","footer-sml-layout":"","theme-transparent-header-meta":"default","adv-header-id-meta":"","stick-header-meta":"","header-above-stick-meta":"","header-main-stick-meta":"","header-below-stick-meta":"","astra-migrate-meta-layouts":"set","ast-page-background-enabled":"default","ast-page-background-meta":{"desktop":{"background-color":"var(--ast-global-color-4)","background-image":"","background-repeat":"repeat","background-position":"center center","background-size":"auto","background-attachment":"scroll","background-type":"","background-media":"","overlay-type":"","overlay-color":"","overlay-opacity":"","overlay-gradient":""},"tablet":{"background-color":"","background-image":"","background-repeat":"repeat","background-position":"center center","background-size":"auto","background-attachment":"scroll","background-type":"","background-media":"","overlay-type":"","overlay-color":"","overlay-opacity":"","overlay-gradient":""},"mobile":{"background-color":"","background-image":"","background-repeat":"repeat","background-position":"center center","background-size":"auto","background-attachment":"scroll","background-type":"","background-media":"","overlay-type":"","overlay-color":"","overlay-opacity":"","overlay-gradient":""}},"ast-content-background-meta":{"desktop":{"background-color":"var(--ast-global-color-5)","background-image":"","background-repeat":"repeat","background-position":"center center","background-size":"auto","background-attachment":"scroll","background-type":"","background-media":"","overlay-type":"","overlay-color":"","overlay-opacity":"","overlay-gradient":""},"tablet":{"background-color":"var(--ast-global-color-5)","background-image":"","background-repeat":"repeat","background-position":"center center","background-size":"auto","background-attachment":"scroll","background-type":"","background-media":"","overlay-type":"","overlay-color":"","overlay-opacity":"","overlay-gradient":""},"mobile":{"background-color":"var(--ast-global-color-5)","background-image":"","background-repeat":"repeat","background-position":"center center","background-size":"auto","background-attachment":"scroll","background-type":"","background-media":"","overlay-type":"","overlay-color":"","overlay-opacity":"","overlay-gradient":""}}},"product_brand":[],"product_cat":[309,350],"product_tag":[],"class_list":{"0":"post-10398","1":"product","2":"type-product","3":"status-publish","4":"has-post-thumbnail","6":"product_cat-aceite-de-cbd","7":"product_cat-mascotas","8":"desktop-align-center","9":"tablet-align-center","10":"mobile-align-center","12":"first","13":"instock","14":"taxable","15":"shipping-taxable","16":"purchasable","17":"product-type-variable"},"acf":[],"yoast_head":"<!-- This site is optimized with the Yoast SEO Premium plugin v27.3 (Yoast SEO v27.3) - https:\/\/yoast.com\/product\/yoast-seo-premium-wordpress\/ -->\n<title>Aceite de CBD para mascotas 10ml | Iguana Smoke<\/title>\n<meta name=\"description\" content=\"Este Aceite de CBD para mascotas 3% 10ml est\u00e1 compuesto por ingredientes naturales. El aceite Full Spectrum ayuda a combatir el estr\u00e9s de tus mascotas.\" \/>\n<meta name=\"robots\" content=\"index, follow, max-snippet:-1, max-image-preview:large, max-video-preview:-1\" \/>\n<link rel=\"canonical\" href=\"https:\/\/iguanasmoke.com\/it\/prodotto\/aceite-de-cbd-fullspectrum-10ml-para-mascotas\/\" \/>\n<meta property=\"og:locale\" content=\"it_IT\" \/>\n<meta property=\"og:type\" content=\"article\" \/>\n<meta property=\"og:title\" content=\"Aceite CBD Mascotas 10ml - Salm\u00f3n\" \/>\n<meta property=\"og:description\" content=\"Caracter\u00edsticas de nuestro Aceite CBD:\u00a0   Ingredientes naturales: Aceite de semillas de c\u00e1\u00f1amo enriquecido con salm\u00f3n (rico en Omega3) y extracto CBD Full Spectrum 300mg  Sin aditivos, qu\u00edmicos ni conservantes  Disponible en dos concentraciones: 3% y 7%  Dise\u00f1ado para las necesidades de perros y gatos  Consulta el an\u00e1lisis de calidad.\" \/>\n<meta property=\"og:url\" content=\"https:\/\/iguanasmoke.com\/it\/prodotto\/aceite-de-cbd-fullspectrum-10ml-para-mascotas\/\" \/>\n<meta property=\"og:site_name\" content=\"Iguana Smoke\" \/>\n<meta property=\"article:publisher\" content=\"https:\/\/www.facebook.com\/iguanasmoke\" \/>\n<meta property=\"article:modified_time\" content=\"2026-03-26T14:59:29+00:00\" \/>\n<meta property=\"og:image\" content=\"https:\/\/iguanasmoke.com\/wp-content\/uploads\/2022\/06\/caja-y-botella-3-10-ml-der-1.png\" \/>\n\t<meta property=\"og:image:width\" content=\"1000\" \/>\n\t<meta property=\"og:image:height\" content=\"1000\" \/>\n\t<meta property=\"og:image:type\" content=\"image\/png\" \/>\n<meta name=\"twitter:card\" content=\"summary_large_image\" \/>\n<meta name=\"twitter:label1\" content=\"Disponibilit\u00e0\" \/>\n\t<meta name=\"twitter:data1\" content=\"In stock\" \/>\n<meta property=\"product:brand\" content=\"variable\" \/>\n<meta property=\"og:availability\" content=\"instock\" \/>\n<meta property=\"product:availability\" content=\"instock\" \/>\n<meta property=\"product:condition\" content=\"new\" \/>\n<!-- \/ Yoast SEO Premium plugin. -->","yoast_head_json":{"title":"Aceite de CBD para mascotas 10ml | Iguana Smoke","description":"Questo olio CBD per animali domestici 3% 10ml \u00e8 composto da ingredienti naturali. L'olio Full Spectrum aiuta a combattere lo stress nei vostri animali domestici.","robots":{"index":"index","follow":"follow","max-snippet":"max-snippet:-1","max-image-preview":"max-image-preview:large","max-video-preview":"max-video-preview:-1"},"canonical":"https:\/\/iguanasmoke.com\/it\/prodotto\/aceite-de-cbd-fullspectrum-10ml-para-mascotas\/","og_locale":"it_IT","og_type":"article","og_title":"Aceite CBD Mascotas 10ml - Salm\u00f3n","og_description":"Caracter\u00edsticas de nuestro Aceite CBD:\u00a0   Ingredientes naturales: Aceite de semillas de c\u00e1\u00f1amo enriquecido con salm\u00f3n (rico en Omega3) y extracto CBD Full Spectrum 300mg  Sin aditivos, qu\u00edmicos ni conservantes  Disponible en dos concentraciones: 3% y 7%  Dise\u00f1ado para las necesidades de perros y gatos  Consulta el an\u00e1lisis de calidad.","og_url":"https:\/\/iguanasmoke.com\/it\/prodotto\/aceite-de-cbd-fullspectrum-10ml-para-mascotas\/","og_site_name":"Iguana Smoke","article_publisher":"https:\/\/www.facebook.com\/iguanasmoke","article_modified_time":"2026-03-26T14:59:29+00:00","og_image":[{"width":1000,"height":1000,"url":"https:\/\/iguanasmoke.com\/wp-content\/uploads\/2022\/06\/caja-y-botella-3-10-ml-der-1.png","type":"image\/png"}],"twitter_card":"summary_large_image","twitter_misc":{"Disponibilit\u00e0":"In stock"},"schema":{"@context":"https:\/\/schema.org","@graph":[{"@type":"WebPage","@id":"https:\/\/iguanasmoke.com\/producto\/aceite-de-cbd-fullspectrum-10ml-para-mascotas\/","url":"https:\/\/iguanasmoke.com\/producto\/aceite-de-cbd-fullspectrum-10ml-para-mascotas\/","name":"Aceite de CBD para mascotas 10ml | Iguana Smoke","isPartOf":{"@id":"https:\/\/iguanasmoke.com\/#website"},"primaryImageOfPage":{"@id":"https:\/\/iguanasmoke.com\/producto\/aceite-de-cbd-fullspectrum-10ml-para-mascotas\/#primaryimage"},"image":{"@id":"https:\/\/iguanasmoke.com\/producto\/aceite-de-cbd-fullspectrum-10ml-para-mascotas\/#primaryimage"},"thumbnailUrl":"https:\/\/iguanasmoke.com\/wp-content\/uploads\/2022\/06\/caja-y-botella-3-10-ml-der-1.png","datePublished":"2022-06-30T05:47:37+00:00","dateModified":"2026-03-26T14:59:29+00:00","description":"Questo olio CBD per animali domestici 3% 10ml \u00e8 composto da ingredienti naturali. L'olio Full Spectrum aiuta a combattere lo stress nei vostri animali domestici.","breadcrumb":{"@id":"https:\/\/iguanasmoke.com\/producto\/aceite-de-cbd-fullspectrum-10ml-para-mascotas\/#breadcrumb"},"inLanguage":"it-IT","potentialAction":[{"@type":"ReadAction","target":["https:\/\/iguanasmoke.com\/producto\/aceite-de-cbd-fullspectrum-10ml-para-mascotas\/"]}]},{"@type":"ImageObject","inLanguage":"it-IT","@id":"https:\/\/iguanasmoke.com\/producto\/aceite-de-cbd-fullspectrum-10ml-para-mascotas\/#primaryimage","url":"https:\/\/iguanasmoke.com\/wp-content\/uploads\/2022\/06\/caja-y-botella-3-10-ml-der-1.png","contentUrl":"https:\/\/iguanasmoke.com\/wp-content\/uploads\/2022\/06\/caja-y-botella-3-10-ml-der-1.png","width":1000,"height":1000,"caption":"aceite CBD full spectrum con salm\u00f3n para mascotas en gotas"},{"@type":"BreadcrumbList","@id":"https:\/\/iguanasmoke.com\/producto\/aceite-de-cbd-fullspectrum-10ml-para-mascotas\/#breadcrumb","itemListElement":[{"@type":"ListItem","position":1,"name":"home","item":"https:\/\/iguanasmoke.com\/"},{"@type":"ListItem","position":2,"name":"Tienda","item":"https:\/\/iguanasmoke.com\/tienda\/"},{"@type":"ListItem","position":3,"name":"Mascotas","item":"https:\/\/iguanasmoke.com\/categoria\/mascotas\/"},{"@type":"ListItem","position":4,"name":"Aceite CBD Mascotas 10ml &#8211; Salm\u00f3n"}]},{"@type":"WebSite","@id":"https:\/\/iguanasmoke.com\/#website","url":"https:\/\/iguanasmoke.com\/","name":"Fumo di iguana","description":"Acquistare CBD online al miglior prezzo","publisher":{"@id":"https:\/\/iguanasmoke.com\/#organization"},"potentialAction":[{"@type":"SearchAction","target":{"@type":"EntryPoint","urlTemplate":"https:\/\/iguanasmoke.com\/?s={search_term_string}"},"query-input":{"@type":"PropertyValueSpecification","valueRequired":true,"valueName":"search_term_string"}}],"inLanguage":"it-IT"},{"@type":"Organization","@id":"https:\/\/iguanasmoke.com\/#organization","name":"Fumo di iguana","url":"https:\/\/iguanasmoke.com\/","logo":{"@type":"ImageObject","inLanguage":"it-IT","@id":"https:\/\/iguanasmoke.com\/#\/schema\/logo\/image\/","url":"https:\/\/iguanasmoke.com\/wp-content\/uploads\/2025\/01\/logoiguana-favi-1.png","contentUrl":"https:\/\/iguanasmoke.com\/wp-content\/uploads\/2025\/01\/logoiguana-favi-1.png","width":512,"height":512,"caption":"Iguana Smoke"},"image":{"@id":"https:\/\/iguanasmoke.com\/#\/schema\/logo\/image\/"},"sameAs":["https:\/\/www.facebook.com\/iguanasmoke","https:\/\/www.instagram.com\/iguanasmoke\/"]}]},"product_brand":"variable","og_availability":"instock","product_availability":"instock","product_condition":"new"},"_links":{"self":[{"href":"https:\/\/iguanasmoke.com\/it\/wp-json\/wp\/v2\/product\/10398","targetHints":{"allow":["GET"]}}],"collection":[{"href":"https:\/\/iguanasmoke.com\/it\/wp-json\/wp\/v2\/product"}],"about":[{"href":"https:\/\/iguanasmoke.com\/it\/wp-json\/wp\/v2\/types\/product"}],"replies":[{"embeddable":true,"href":"https:\/\/iguanasmoke.com\/it\/wp-json\/wp\/v2\/comments?post=10398"}],"wp:featuredmedia":[{"embeddable":true,"href":"https:\/\/iguanasmoke.com\/it\/wp-json\/wp\/v2\/media\/45056"}],"wp:attachment":[{"href":"https:\/\/iguanasmoke.com\/it\/wp-json\/wp\/v2\/media?parent=10398"}],"wp:term":[{"taxonomy":"product_brand","embeddable":true,"href":"https:\/\/iguanasmoke.com\/it\/wp-json\/wp\/v2\/product_brand?post=10398"},{"taxonomy":"product_cat","embeddable":true,"href":"https:\/\/iguanasmoke.com\/it\/wp-json\/wp\/v2\/product_cat?post=10398"},{"taxonomy":"product_tag","embeddable":true,"href":"https:\/\/iguanasmoke.com\/it\/wp-json\/wp\/v2\/product_tag?post=10398"}],"curies":[{"name":"wp","href":"https:\/\/api.w.org\/{rel}","templated":true}]}}