{"id":11507,"date":"2022-10-02T20:41:04","date_gmt":"2022-10-02T18:41:04","guid":{"rendered":"https:\/\/iguanasmoke.com\/?post_type=product&#038;p=11507"},"modified":"2026-03-15T18:54:55","modified_gmt":"2026-03-15T17:54:55","slug":"iguana-box-cbd-offerta-della-settimana","status":"publish","type":"product","link":"https:\/\/iguanasmoke.com\/it\/producto\/iguana-box-oferta-cbd-de-la-semana\/","title":{"rendered":"Offerta CBD della settimana di Iguana Box"},"content":{"rendered":"<h1 data-start=\"1609\" data-end=\"1642\"><span style=\"font-weight: 400;\">Offerta CBD della settimana di Iguana Box<i>Non vi mancher\u00e0 nulla<\/i><\/span><\/h1>\n<p data-start=\"273\" data-end=\"578\"><span style=\"font-weight: 400;\">Se vi piace variare, scoprire nuovi aromi e godere di fiori di CBD di alta qualit\u00e0, allora il <strong>Offerta CBD della settimana di Iguana Box <\/strong>\u00e8 per voi. Abbiamo creato questo pacchetto esclusivo per permettervi di provare alcuni dei prodotti pi\u00f9 popolari. <strong>genetica pi\u00f9 richiesta e popolare<\/strong>, tutti accuratamente selezionati e coltivati secondo gli standard europei.<\/span><\/p>\n<p data-start=\"273\" data-end=\"578\"><span style=\"font-weight: 400;\">Inoltre, questa scatola viene fornita con fiori di CBD (<strong>10-15% di CBD e meno di 0,3% di THC<\/strong>), completamente<strong> legale in Spagna<\/strong>, Il CBD Pocket CBD Broad Spectrum \u00e8 ideale per chi cerca un'esperienza aromatica ed equilibrata senza effetti psicoattivi. Questa confezione \u00e8 completata da un Pocket CBD Broad Spectrum, pronto all'uso.<\/span><\/p>\n<p>&nbsp;<\/p>\n<h2 data-start=\"273\" data-end=\"578\"><strong>Che cosa include l'offerta CBD Iguana Box della settimana? <\/strong><\/h2>\n<p data-start=\"273\" data-end=\"578\"><span style=\"font-weight: 400;\">Prima di tutto, in questo pacchetto \u00e8 possibile scegliere tra il godimento di <strong>1 x <a href=\"https:\/\/iguanasmoke.com\/it\/prodotto\/acquistare-cbd-fiore-pungiglione-cbd-pronto-a-rotolare-15gr\/\">Pungiglione di fiori di CBD pronto da rollare 15g<\/a><\/strong> o <strong>1 x 2 g di CBD Fiori Indoor<\/strong> (scegliere tra <a href=\"https:\/\/iguanasmoke.com\/it\/prodotto\/fiore-cbd-amnesia-indoor-2\/\"><strong>Amnesia Indoor<\/strong><\/a>\/ <a href=\"https:\/\/iguanasmoke.com\/it\/prodotto\/fiore-cbd-white-widow-indoor\/\"><strong>Vedova Bianca Indoor<\/strong><\/a>)<\/span><\/p>\n<p data-start=\"273\" data-end=\"578\"><span style=\"font-weight: 400;\">Per continuare, scegliere fino a <strong>2 bustine da 3 grammi dei vostri fiori CBD preferiti<\/strong>, potrete scegliere tra tutte le variet\u00e0: <\/span><\/p>\n<ul>\n<li style=\"list-style-type: none;\">\n<ul>\n<li data-start=\"273\" data-end=\"578\"><span style=\"font-weight: 400;\"><strong><a href=\"https:\/\/iguanasmoke.com\/it\/prodotto\/acquistare-gemme-di-fiori-di-cbd-di-flower-sour-tsunami-online\/\">Tsunami acido<\/a>:<\/strong> Fresco, agrumato, perfetto per chi \u00e8 alla ricerca di sensazioni morbide e pulite. <\/span><\/li>\n<li data-start=\"273\" data-end=\"578\"><span style=\"font-weight: 400;\"><strong><a href=\"https:\/\/iguanasmoke.com\/it\/prodotto\/acquistare-gemme-di-fiori-di-cbd-flor-gelato-online\/\">Gelato<\/a>:<\/strong> Dolce e cremoso, \u00e8 il preferito per il suo aroma intenso. <\/span><\/li>\n<li data-start=\"273\" data-end=\"578\"><span style=\"font-weight: 400;\"><strong><a href=\"https:\/\/iguanasmoke.com\/it\/prodotto\/comprare-fiori-ak-47-cbd-buds-online\/\">AK-47<\/a>:<\/strong> Potente nelle sfumature, con un profilo classico e speziato.<\/span><\/li>\n<li data-start=\"273\" data-end=\"578\"><span style=\"font-weight: 400;\"><a href=\"https:\/\/iguanasmoke.com\/it\/prodotto\/acquistare-gemme-di-cbd-di-shelby-flower-online\/\"><strong>Shelby<\/strong><\/a>Elegante ed equilibrato, ideale per ogni momento della giornata. <\/span><\/li>\n<li data-start=\"273\" data-end=\"578\"><span style=\"font-weight: 400;\"><a href=\"https:\/\/iguanasmoke.com\/it\/prodotto\/comprare-fiori-amnesia-cbd-cbd-buds-online\/\"><strong>Amnesia<\/strong><\/a>Inconfondibile, con forti note agrumate ed erbacee. <\/span><\/li>\n<li data-start=\"273\" data-end=\"578\"><span style=\"font-weight: 400;\"><a href=\"https:\/\/iguanasmoke.com\/it\/prodotto\/acquistare-fiori-colla-di-gorilla-cbd-cbd-buds-online\/\"><strong>Gorilla<\/strong> <strong>Colla<\/strong><\/a>Terroso e profondo, con una presenza aromatica brutale. <\/span><\/li>\n<li data-start=\"273\" data-end=\"578\"><span style=\"font-weight: 400;\"><a href=\"https:\/\/iguanasmoke.com\/it\/prodotto\/acquistare-gemme-di-fiori-di-cbd-diesel-sour-online\/\"><strong>Aspro<\/strong> <strong>Diesel<\/strong><\/a>Acida e penetrante, genetica mitica che non viene mai meno<\/span><\/li>\n<li data-start=\"273\" data-end=\"578\"><span style=\"font-weight: 400;\"><strong><a href=\"https:\/\/iguanasmoke.com\/it\/prodotto\/acquistare-gemme-di-cbd-flower-cherry-haze-online\/\">Ciliegia Haze<\/a>:<\/strong> Dolce e fruttato in parti uguali. <\/span><\/li>\n<li data-start=\"273\" data-end=\"578\"><span style=\"font-weight: 400;\"><strong><a href=\"https:\/\/iguanasmoke.com\/it\/prodotto\/comprare-gemme-di-cbd-online\/\">Alieno OG<\/a>:<\/strong> Intenso, terroso e in qualche modo puzzolente di formaggio. <\/span><\/li>\n<li data-start=\"273\" data-end=\"578\"><span style=\"font-weight: 400;\"><a href=\"https:\/\/iguanasmoke.com\/it\/prodotto\/acquistare-online-le-gemme-di-cbd-dei-fiori-tropicali\/\"><strong>Biscotti tropicali:<\/strong><\/a> Esotico e gourmand, non delude. <\/span><\/li>\n<li data-start=\"273\" data-end=\"578\"><span style=\"font-weight: 400;\"><strong><a href=\"https:\/\/iguanasmoke.com\/it\/prodotto\/comprare-fiori-super-skunk-cbd-cbd-buds-online\/\">Super Skunk<\/a>:<\/strong> Il pi\u00f9 puzzolente e potente, preparatevi. <\/span><\/li>\n<li data-start=\"273\" data-end=\"578\"><span style=\"font-weight: 400;\"><strong><a href=\"https:\/\/iguanasmoke.com\/it\/prodotto\/comprare-fiori-iguana-kush-cbd-cbd-buds-online\/\">Iguana Kush<\/a>:<\/strong> Il tesoro della casa, il pi\u00f9 unico: profondo e rilassante.<\/span><\/li>\n<\/ul>\n<\/li>\n<\/ul>\n<p><span style=\"font-weight: 400;\">E scegliete voi come gustarlo, completate la vostra confezione di fiori di CBD scegliendo tra i diversi terpeni del <strong>Vaper al CBD - Iguana Pod Pocket ad ampio spettro<\/strong>: <\/span><\/p>\n<ul>\n<li style=\"list-style-type: none;\">\n<ul>\n<li style=\"list-style-type: none;\">\n<ul>\n<li><strong>1 x <a href=\"https:\/\/iguanasmoke.com\/it\/prodotto\/vape-cbd-iguana-pod-pocket-ak-47-ampio-spettro-750mg-2\/\">AK-47<\/a> o<\/strong><\/li>\n<li><strong>1 x <a href=\"https:\/\/iguanasmoke.com\/it\/prodotto\/iguana-pod-monouso-cbd-iguana-pod-pocket-amnesia-broad-spectrum-750mg\/\">Amnesia\u00a0<\/a>o<\/strong><\/li>\n<li><strong>1 x <a href=\"https:\/\/iguanasmoke.com\/it\/prodotto\/iguana-cbd-pod-monouso-pocket-pod-lemon-haze-ampio-spettro-750mg\/\">Limone Haze<\/a><\/strong><\/li>\n<\/ul>\n<\/li>\n<\/ul>\n<\/li>\n<\/ul>\n<p><span style=\"font-weight: 400;\">Infine, \u00e8 possibile scegliere tra<strong> 1 x<\/strong>\u00a0<a href=\"https:\/\/iguanasmoke.com\/it\/prodotto\/carta-da-rotolo-di-canapa-king-size-con-filtri-2\/\"><strong>carta da rotolo di canapa Giappone King Size con filtri<\/strong><\/a> o <strong>1 x<\/strong> <a href=\"https:\/\/iguanasmoke.com\/it\/prodotto\/acquistare-fiori-di-cbd-pre-rotolo-cono-king-size-cbd-1gr\/\"><strong>CBD pre roll - Cono CBD king size<\/strong><\/a> .<\/span><\/p>\n<p data-start=\"273\" data-end=\"578\"><span style=\"font-weight: 400;\">Tutto \u00e8 stato progettato in modo che l'unica cosa da fare sia aprire la scatola e godersela. <strong>Offerta CBD della settimana di Iguana Box<\/strong>.<\/span><\/p>\n<p>&nbsp;<\/p>\n<h2 data-start=\"273\" data-end=\"578\"><strong>Perch\u00e9 scegliere l'offerta CBD Iguana Box della settimana? <\/strong><\/h2>\n<ul>\n<li data-start=\"273\" data-end=\"578\"><span style=\"font-weight: 400;\">Selezione assortita di fiori CBD di prima qualit\u00e0 <\/span><\/li>\n<li data-start=\"273\" data-end=\"578\"><span style=\"font-weight: 400;\">Ideale per testare diverse genetiche in un'unica confezione. <\/span><\/li>\n<li data-start=\"273\" data-end=\"578\"><span style=\"font-weight: 400;\">CBD tra 10 e 15% e THC inferiore a 0,3% <\/span><\/li>\n<li data-start=\"273\" data-end=\"578\"><span style=\"font-weight: 400;\">Prodotto legale, sicuro e testato <\/span><\/li>\n<li data-start=\"273\" data-end=\"578\"><span style=\"font-weight: 400;\">Perfetto come regalo... o come regalo per se stessi. <\/span><\/li>\n<\/ul>\n<p><span style=\"font-weight: 400;\">Il <strong>Offerta CBD della settimana di Iguana Box<\/strong>\u00a0Non \u00e8 solo una confezione, \u00e8 un'esperienza completa per chi apprezza il CBD di qualit\u00e0. Scoprite, confrontate e trovate il vostro preferito.<\/span><\/p>\n<p>&nbsp;<\/p>\n<h4 data-start=\"1671\" data-end=\"1708\">\ud83d\ude9a Spedizione inclusa, senza sorprese<\/h4>\n<p data-start=\"1710\" data-end=\"1839\">Il prezzo dell'Iguana Box comprende <strong data-start=\"1745\" data-end=\"1764\">costi di spedizione<\/strong>, Vi offriamo la possibilit\u00e0 di ricevere il vostro pacco comodamente a casa, in modo rapido e discreto.<\/p>\n<p>&nbsp;<\/p>\n<h3><b>Iguana Smoke \u00e8 il vostro negozio online di CBD\u00a0<\/b><\/h3>\n<p><span style=\"font-weight: 400;\">A<strong> Fumo di iguana<\/strong>, Crediamo che il consumo di CBD debba essere un'esperienza sicura. Ecco perch\u00e9 abbiamo prodotti come questo <strong>Offerta CBD della settimana di Iguana Box<\/strong>, Il marchio si rivolge alle nuove generazioni: persone che cercano un benessere senza complicazioni, con marchi autentici e affidabili.\u00a0<\/span><\/p>\n<p>La nostra missione \u00e8 chiara: offrirvi il meglio del mondo dei cannabinoidi a un prezzo equo. Inoltre, vi diamo la tranquillit\u00e0 che deriva dal sapere che state scegliendo un prodotto certificato, efficace e 100% legale. Il vostro momento di relax inizia qui da noi con i nostri fiori di CBD.<\/p>\n<p>Ancora dubbi? Scriveteci e saremo lieti di aiutarvi a trovare il prodotto giusto per voi.<\/p>\n<p>&nbsp;<\/p>\n<h6>\u2139\ufe0f<strong> Informazioni legali<\/strong><\/h6>\n<p><em><span style=\"font-weight: 400;\">*Prodotto destinato alla raccolta o all'aromaterapia, in conformit\u00e0 alla legislazione spagnola vigente. <\/span><\/em><\/p>\n<p><em><span style=\"font-weight: 400;\">**Derivato da canapa industriale certificata. Contiene meno dello 0,3 di THC e non contiene cannabinoidi illegali come HHC, HHC-P, THCP, THCP-O, H4CBD o sostanze elencate nell'Allegato I del Regio Decreto 2829\/1977, n\u00e9 sostanze controllate da convenzioni internazionali.\u00a0\u00a0<\/span><\/em><\/p>","protected":false},"excerpt":{"rendered":"<p><span style=\"font-weight: 400;\">Prep\u00e1rate porque esta Iguana Box viene llena de flores de CBD (10-15%CBD y &lt;0,3%THC):<\/span><\/p>\n<ul>\n<li>1 x Picadura de Flores CBD- Ready to Roll o 1 x 2 gramos Flor CBD Indoor a elegir<\/li>\n<li>2 bolsas de flores CBD 3g a tu elecci\u00f3n<\/li>\n<li>1 x Papel de Liar de c\u00e1\u00f1amo King Size o 1 x Pre Roll Cono CBD<\/li>\n<li>1 x Vaper CBD &#8211; Iguana Pod Pocket Broad Spectrum 750mg a elecci\u00f3n<\/li>\n<\/ul>\n<p>[Gastos de env\u00edo inclu\u00eddos]<\/p>\n<p><em><span style=\"font-weight: 400;\">Precio sin descuento: 69,90\u20ac | precio pack descuento: 40\u20ac =&gt; <strong>ahorro de 29,90\u20ac con un descuento del 42,8%<\/strong><\/span>\u00a0<\/em><\/p>\n<p><span style=\"font-weight: 400;\">Consulta<strong>\u00a0<a href=\"https:\/\/iguanasmoke.com\/analiticas\/\">el an\u00e1lisis de laboratorio.<\/a><\/strong><\/span><\/p>\n","protected":false},"featured_media":77332,"comment_status":"open","ping_status":"closed","template":"","meta":{"_acf_changed":false,"site-sidebar-layout":"default","site-content-layout":"default","ast-site-content-layout":"default","site-content-style":"default","site-sidebar-style":"default","ast-global-header-display":"","ast-banner-title-visibility":"","ast-main-header-display":"","ast-hfb-above-header-display":"","ast-hfb-below-header-display":"","ast-hfb-mobile-header-display":"","site-post-title":"","ast-breadcrumbs-content":"","ast-featured-img":"","footer-sml-layout":"","theme-transparent-header-meta":"default","adv-header-id-meta":"","stick-header-meta":"","header-above-stick-meta":"","header-main-stick-meta":"","header-below-stick-meta":"","astra-migrate-meta-layouts":"set","ast-page-background-enabled":"default","ast-page-background-meta":{"desktop":{"background-color":"var(--ast-global-color-4)","background-image":"","background-repeat":"repeat","background-position":"center center","background-size":"auto","background-attachment":"scroll","background-type":"","background-media":"","overlay-type":"","overlay-color":"","overlay-opacity":"","overlay-gradient":""},"tablet":{"background-color":"","background-image":"","background-repeat":"repeat","background-position":"center center","background-size":"auto","background-attachment":"scroll","background-type":"","background-media":"","overlay-type":"","overlay-color":"","overlay-opacity":"","overlay-gradient":""},"mobile":{"background-color":"","background-image":"","background-repeat":"repeat","background-position":"center center","background-size":"auto","background-attachment":"scroll","background-type":"","background-media":"","overlay-type":"","overlay-color":"","overlay-opacity":"","overlay-gradient":""}},"ast-content-background-meta":{"desktop":{"background-color":"var(--ast-global-color-5)","background-image":"","background-repeat":"repeat","background-position":"center center","background-size":"auto","background-attachment":"scroll","background-type":"","background-media":"","overlay-type":"","overlay-color":"","overlay-opacity":"","overlay-gradient":""},"tablet":{"background-color":"var(--ast-global-color-5)","background-image":"","background-repeat":"repeat","background-position":"center center","background-size":"auto","background-attachment":"scroll","background-type":"","background-media":"","overlay-type":"","overlay-color":"","overlay-opacity":"","overlay-gradient":""},"mobile":{"background-color":"var(--ast-global-color-5)","background-image":"","background-repeat":"repeat","background-position":"center center","background-size":"auto","background-attachment":"scroll","background-type":"","background-media":"","overlay-type":"","overlay-color":"","overlay-opacity":"","overlay-gradient":""}}},"product_brand":[],"product_cat":[349],"product_tag":[],"class_list":{"0":"post-11507","1":"product","2":"type-product","3":"status-publish","4":"has-post-thumbnail","6":"product_cat-packs-y-ofertas-cbd","7":"desktop-align-center","8":"tablet-align-center","9":"mobile-align-center","11":"first","12":"instock","13":"sale","14":"taxable","15":"shipping-taxable","16":"purchasable","17":"product-type-composite"},"acf":[],"yoast_head":"<!-- This site is optimized with the Yoast SEO Premium plugin v27.3 (Yoast SEO v27.3) - https:\/\/yoast.com\/product\/yoast-seo-premium-wordpress\/ -->\n<title>Iguana Box Oferta CBD de la Semana | Iguana Smoke<\/title>\n<meta name=\"description\" content=\"Descubre la Iguana Box Oferta CBD de la Semana y disfruta de flores CBD de alta calidad. Var\u00eda y prueba gen\u00e9ticas populares, \u00a1no te lo pierdas!\" \/>\n<meta name=\"robots\" content=\"index, follow, max-snippet:-1, max-image-preview:large, max-video-preview:-1\" \/>\n<link rel=\"canonical\" href=\"https:\/\/iguanasmoke.com\/it\/prodotto\/iguana-box-cbd-offerta-della-settimana\/\" \/>\n<meta property=\"og:locale\" content=\"it_IT\" \/>\n<meta property=\"og:type\" content=\"article\" \/>\n<meta property=\"og:title\" content=\"Iguana Box Oferta CBD de la Semana\" \/>\n<meta property=\"og:description\" content=\"Prep\u00e1rate porque esta Iguana Box viene llena de flores de CBD (10-15%CBD y &lt;0,3%THC):   1 x Picadura de Flores CBD- Ready to Roll o 1 x 2 gramos Flor CBD Indoor a elegir  2 bolsas de flores CBD 3g a tu elecci\u00f3n  1 x Papel de Liar de c\u00e1\u00f1amo King Size o 1 x Pre Roll Cono CBD  1 x Vaper CBD - Iguana Pod Pocket Broad Spectrum 750mg a elecci\u00f3n    Precio sin descuento: 69,90\u20ac | precio pack descuento: 40\u20ac =&gt; ahorro de 29,90\u20ac con un descuento del 42,8%\u00a0  Consulta\u00a0el an\u00e1lisis de laboratorio.\" \/>\n<meta property=\"og:url\" content=\"https:\/\/iguanasmoke.com\/it\/prodotto\/iguana-box-cbd-offerta-della-settimana\/\" \/>\n<meta property=\"og:site_name\" content=\"Iguana Smoke\" \/>\n<meta property=\"article:publisher\" content=\"https:\/\/www.facebook.com\/iguanasmoke\" \/>\n<meta property=\"article:modified_time\" content=\"2026-03-15T17:54:55+00:00\" \/>\n<meta property=\"og:image\" content=\"https:\/\/iguanasmoke.com\/wp-content\/uploads\/2022\/10\/Iguana-Oferta-Pack-3.webp\" \/>\n\t<meta property=\"og:image:width\" content=\"1000\" \/>\n\t<meta property=\"og:image:height\" content=\"1000\" \/>\n\t<meta property=\"og:image:type\" content=\"image\/webp\" \/>\n<meta name=\"twitter:card\" content=\"summary_large_image\" \/>\n<meta name=\"twitter:label1\" content=\"Prezzo\" \/>\n\t<meta name=\"twitter:data1\" content=\"40,00&nbsp;&euro;\" \/>\n\t<meta name=\"twitter:label2\" content=\"Disponibilit\u00e0\" \/>\n\t<meta name=\"twitter:data2\" content=\"In stock\" \/>\n<meta property=\"product:brand\" content=\"composite\" \/>\n<meta property=\"product:price:amount\" content=\"40.00\" \/>\n<meta property=\"product:price:currency\" content=\"EUR\" \/>\n<meta property=\"og:availability\" content=\"instock\" \/>\n<meta property=\"product:availability\" content=\"instock\" \/>\n<meta property=\"product:retailer_item_id\" content=\"IS-PACKWEEK\" \/>\n<meta property=\"product:condition\" content=\"new\" \/>\n<!-- \/ Yoast SEO Premium plugin. -->","yoast_head_json":{"title":"Offerta CBD Iguana Box della settimana : Iguana Smoke","description":"Scoprite l'offerta CBD di Iguana Box della settimana e godetevi fiori CBD di alta qualit\u00e0. Variate e provate le genetiche pi\u00f9 popolari, non perdetele!","robots":{"index":"index","follow":"follow","max-snippet":"max-snippet:-1","max-image-preview":"max-image-preview:large","max-video-preview":"max-video-preview:-1"},"canonical":"https:\/\/iguanasmoke.com\/it\/prodotto\/iguana-box-cbd-offerta-della-settimana\/","og_locale":"it_IT","og_type":"article","og_title":"Iguana Box Oferta CBD de la Semana","og_description":"Prep\u00e1rate porque esta Iguana Box viene llena de flores de CBD (10-15%CBD y &lt;0,3%THC):   1 x Picadura de Flores CBD- Ready to Roll o 1 x 2 gramos Flor CBD Indoor a elegir  2 bolsas de flores CBD 3g a tu elecci\u00f3n  1 x Papel de Liar de c\u00e1\u00f1amo King Size o 1 x Pre Roll Cono CBD  1 x Vaper CBD - Iguana Pod Pocket Broad Spectrum 750mg a elecci\u00f3n    Precio sin descuento: 69,90\u20ac | precio pack descuento: 40\u20ac =&gt; ahorro de 29,90\u20ac con un descuento del 42,8%\u00a0  Consulta\u00a0el an\u00e1lisis de laboratorio.","og_url":"https:\/\/iguanasmoke.com\/it\/prodotto\/iguana-box-cbd-offerta-della-settimana\/","og_site_name":"Iguana Smoke","article_publisher":"https:\/\/www.facebook.com\/iguanasmoke","article_modified_time":"2026-03-15T17:54:55+00:00","og_image":[{"width":1000,"height":1000,"url":"https:\/\/iguanasmoke.com\/wp-content\/uploads\/2022\/10\/Iguana-Oferta-Pack-3.webp","type":"image\/webp"}],"twitter_card":"summary_large_image","twitter_misc":{"Prezzo":"40,00&nbsp;&euro;","Disponibilit\u00e0":"In stock"},"schema":{"@context":"https:\/\/schema.org","@graph":[{"@type":"WebPage","@id":"https:\/\/iguanasmoke.com\/producto\/iguana-box-oferta-cbd-de-la-semana\/","url":"https:\/\/iguanasmoke.com\/producto\/iguana-box-oferta-cbd-de-la-semana\/","name":"Offerta CBD Iguana Box della settimana : Iguana Smoke","isPartOf":{"@id":"https:\/\/iguanasmoke.com\/#website"},"primaryImageOfPage":{"@id":"https:\/\/iguanasmoke.com\/producto\/iguana-box-oferta-cbd-de-la-semana\/#primaryimage"},"image":{"@id":"https:\/\/iguanasmoke.com\/producto\/iguana-box-oferta-cbd-de-la-semana\/#primaryimage"},"thumbnailUrl":"https:\/\/iguanasmoke.com\/wp-content\/uploads\/2022\/10\/Iguana-Oferta-Pack-3.webp","datePublished":"2022-10-02T18:41:04+00:00","dateModified":"2026-03-15T17:54:55+00:00","description":"Scoprite l'offerta CBD di Iguana Box della settimana e godetevi fiori CBD di alta qualit\u00e0. Variate e provate le genetiche pi\u00f9 popolari, non perdetele!","breadcrumb":{"@id":"https:\/\/iguanasmoke.com\/producto\/iguana-box-oferta-cbd-de-la-semana\/#breadcrumb"},"inLanguage":"it-IT","potentialAction":[{"@type":"ReadAction","target":["https:\/\/iguanasmoke.com\/producto\/iguana-box-oferta-cbd-de-la-semana\/"]}]},{"@type":"ImageObject","inLanguage":"it-IT","@id":"https:\/\/iguanasmoke.com\/producto\/iguana-box-oferta-cbd-de-la-semana\/#primaryimage","url":"https:\/\/iguanasmoke.com\/wp-content\/uploads\/2022\/10\/Iguana-Oferta-Pack-3.webp","contentUrl":"https:\/\/iguanasmoke.com\/wp-content\/uploads\/2022\/10\/Iguana-Oferta-Pack-3.webp","width":1000,"height":1000,"caption":"Iguana Box Oferta CBD de la Semana"},{"@type":"BreadcrumbList","@id":"https:\/\/iguanasmoke.com\/producto\/iguana-box-oferta-cbd-de-la-semana\/#breadcrumb","itemListElement":[{"@type":"ListItem","position":1,"name":"home","item":"https:\/\/iguanasmoke.com\/"},{"@type":"ListItem","position":2,"name":"Tienda","item":"https:\/\/iguanasmoke.com\/tienda\/"},{"@type":"ListItem","position":3,"name":"Packs y Ofertas","item":"https:\/\/iguanasmoke.com\/categoria\/packs-y-ofertas-cbd\/"},{"@type":"ListItem","position":4,"name":"Iguana Box Oferta CBD de la Semana"}]},{"@type":"WebSite","@id":"https:\/\/iguanasmoke.com\/#website","url":"https:\/\/iguanasmoke.com\/","name":"Fumo di iguana","description":"Acquistare CBD online al miglior prezzo","publisher":{"@id":"https:\/\/iguanasmoke.com\/#organization"},"potentialAction":[{"@type":"SearchAction","target":{"@type":"EntryPoint","urlTemplate":"https:\/\/iguanasmoke.com\/?s={search_term_string}"},"query-input":{"@type":"PropertyValueSpecification","valueRequired":true,"valueName":"search_term_string"}}],"inLanguage":"it-IT"},{"@type":"Organization","@id":"https:\/\/iguanasmoke.com\/#organization","name":"Fumo di iguana","url":"https:\/\/iguanasmoke.com\/","logo":{"@type":"ImageObject","inLanguage":"it-IT","@id":"https:\/\/iguanasmoke.com\/#\/schema\/logo\/image\/","url":"https:\/\/iguanasmoke.com\/wp-content\/uploads\/2025\/01\/logoiguana-favi-1.png","contentUrl":"https:\/\/iguanasmoke.com\/wp-content\/uploads\/2025\/01\/logoiguana-favi-1.png","width":512,"height":512,"caption":"Iguana Smoke"},"image":{"@id":"https:\/\/iguanasmoke.com\/#\/schema\/logo\/image\/"},"sameAs":["https:\/\/www.facebook.com\/iguanasmoke","https:\/\/www.instagram.com\/iguanasmoke\/"]}]},"product_brand":"composite","product_price_amount":"40.00","product_price_currency":"EUR","og_availability":"instock","product_availability":"instock","product_retailer_item_id":"IS-PACKWEEK","product_condition":"new"},"_links":{"self":[{"href":"https:\/\/iguanasmoke.com\/it\/wp-json\/wp\/v2\/product\/11507","targetHints":{"allow":["GET"]}}],"collection":[{"href":"https:\/\/iguanasmoke.com\/it\/wp-json\/wp\/v2\/product"}],"about":[{"href":"https:\/\/iguanasmoke.com\/it\/wp-json\/wp\/v2\/types\/product"}],"replies":[{"embeddable":true,"href":"https:\/\/iguanasmoke.com\/it\/wp-json\/wp\/v2\/comments?post=11507"}],"wp:featuredmedia":[{"embeddable":true,"href":"https:\/\/iguanasmoke.com\/it\/wp-json\/wp\/v2\/media\/77332"}],"wp:attachment":[{"href":"https:\/\/iguanasmoke.com\/it\/wp-json\/wp\/v2\/media?parent=11507"}],"wp:term":[{"taxonomy":"product_brand","embeddable":true,"href":"https:\/\/iguanasmoke.com\/it\/wp-json\/wp\/v2\/product_brand?post=11507"},{"taxonomy":"product_cat","embeddable":true,"href":"https:\/\/iguanasmoke.com\/it\/wp-json\/wp\/v2\/product_cat?post=11507"},{"taxonomy":"product_tag","embeddable":true,"href":"https:\/\/iguanasmoke.com\/it\/wp-json\/wp\/v2\/product_tag?post=11507"}],"curies":[{"name":"wp","href":"https:\/\/api.w.org\/{rel}","templated":true}]}}