{"id":11680,"date":"2022-10-21T13:08:41","date_gmt":"2022-10-21T11:08:41","guid":{"rendered":"https:\/\/iguanasmoke.com\/?post_type=product&#038;p=11680"},"modified":"2026-04-01T14:40:38","modified_gmt":"2026-04-01T12:40:38","slug":"acquistare-cbd-pop-corn-sour-tsunami-flower-25gr-cbd-small-buds","status":"publish","type":"product","link":"https:\/\/iguanasmoke.com\/it\/producto\/comprar-flor-cbd-pop-corn-sour-tsunami-25gr-cogollos-pequenos-cbd\/","title":{"rendered":"Pop Corn - Piccole gemme di CBD 25g"},"content":{"rendered":"<h1><b>Pop Corn CBD - Piccole gemme di CBD 25g (Mini gemme di CBD)<\/b><\/h1>\n<p><span style=\"font-weight: 400\">Per coloro che sono interessati all'acquisto di fiori di CBD in formato economico e in grandi quantit\u00e0, il nostro<strong> gemme piccole CBD 25g<\/strong> hanno 15% di CBD e sono una delle migliori opzioni sul mercato. Questo formato <strong>Pop Corn CBD<\/strong>, conosciuto anche come <strong>Mini gemme CBD<\/strong>, offre un perfetto equilibrio tra prezzo, qualit\u00e0 e convenienza per i consumatori abituali di CBD.<\/span><\/p>\n<p>&nbsp;<\/p>\n<h2>Cosa sono le cime piccole CBD 25g?<\/h2>\n<p><span style=\"font-weight: 400\">Il<strong> le gemme CBD 25g piccole sono fiori di piccole dimensioni<\/strong>, in <strong>Fumo di iguana<\/strong> li chiamiamo <strong>Pop Corn CBD o Mini Buds CBD<\/strong>. Hanno la stessa potenza aromatica e la stessa qualit\u00e0 delle gemme premium, ma con una <strong>dimensioni compatte<\/strong> che consente di offrire <strong>pi\u00f9 quantit\u00e0 a un prezzo migliore<\/strong>, senza compromettere il sapore o il profilo dei cannabinoidi.<\/span><\/p>\n<p>&nbsp;<\/p>\n<h2><b>Caratteristiche delle cime piccole CBD da 25g:\u00a0<\/b><\/h2>\n<p><span style=\"font-weight: 400\">Il nostro<strong> Pop Corn<\/strong> <strong>CBD<\/strong> sono caratterizzati da una struttura densa e ben compattata, sono <strong>gemme dense e compatte<\/strong>, con tonalit\u00e0 che vanno dal verde intenso alle delicate sfumature del viola. In ogni borsa troverete <strong>gemme piccole CBD 25g<\/strong>\u00a0scelti da una selezione omogenea di piccoli fiori accuratamente curati per garantire un aroma intenso e una <strong>un'esperienza incredibile<\/strong>.<\/span><\/p>\n<p>&nbsp;<\/p>\n<h2><b>Aroma e profilo terpenico<\/b><\/h2>\n<p><span style=\"font-weight: 400\">Il <strong>Mini gemme CBD di Iguana Smoke<\/strong> offrono un profilo olfattivo complesso e profondamente attraente. Troverete una miscela equilibrata di:<\/span><\/p>\n<ul>\n<li><em><span style=\"font-weight: 400\">note dolci\u00a0<\/span><\/em><\/li>\n<li><em><span style=\"font-weight: 400\">un tocco distintivo di gasolio<\/span><\/em><\/li>\n<li><em><span style=\"font-weight: 400\">sfumature di agrumi<\/span><\/em><\/li>\n<li><em><span style=\"font-weight: 400\">uno sfondo morbido e terroso<\/span><\/em><\/li>\n<\/ul>\n<p>Un aroma profondo e avvolgente, ideale per chi cerca fiori con personalit\u00e0.<\/p>\n<p>&nbsp;<\/p>\n<h2><b>Valutazione complessiva di Pop Corn CBD<\/b><\/h2>\n<p><span style=\"font-weight: 400\">Il<strong> gemme piccole CBD 25g <\/strong>da <strong>Fumo di iguana<\/strong>, Rappresentano il meglio del mondo CBD. Sono un'alternativa perfetta per coloro che desiderano <strong>acquistare fiori di CBD online<\/strong> con un eccellente rapporto qualit\u00e0-prezzo. Sono fiori<strong> legale, sicuro e ricco di terpeni<\/strong>, I nuovi prodotti sono ideali sia per l'uso occasionale che per i consumatori abituali.\u00a0<\/span><\/p>\n<p>&nbsp;<\/p>\n<h2><b>Acquista i fiori di CBD e le cime di CBD piccole da 25g presso Iguana Smoke<\/b><\/h2>\n<p><span style=\"font-weight: 400\">Lavoriamo con agricoltori che coltivano cannabis industriale in modo biologico, <strong>senza pesticidi o sostanze chimiche OGM<\/strong>. Tutti i nostri fiori provengono da variet\u00e0 di <strong><em>Cannabis Sativa<\/em><\/strong> approvato dall'UE e contenente <strong>meno di 0,3% di THC<\/strong>, e quindi sono totalmente <strong>legale<\/strong> e non producono effetti psicoattivi. <\/span><\/p>\n<p><span style=\"font-weight: 400\"> L'uso di <strong>metodi di agricoltura biologica<\/strong> promuove la sostenibilit\u00e0 e la responsabilit\u00e0 ambientale, rendendo il prodotto interessante per i consumatori attenti all'ambiente. Inoltre, se volete potete consultare<strong> <a href=\"https:\/\/iguanasmoke.com\/it\/analitica\/\">analisi di laboratorio.<\/a>\u00a0<\/strong><\/span><\/p>\n<p><span style=\"font-weight: 400\">Se vi piace questo fiore, vi invitiamo a scoprire altri fiori di CBD, come il <span style=\"text-decoration: underline\"><strong><a href=\"https:\/\/iguanasmoke.com\/it\/prodotto\/acquistare-fiori-colla-di-gorilla-cbd-cbd-buds-online\/\">Gorilla Flower CBD<\/a><\/strong>,<\/span> il<span style=\"text-decoration: underline\"> <a href=\"https:\/\/iguanasmoke.com\/it\/prodotto\/fiore-cbd-amnesia-indoor-2\/\"><strong>Amnesia Fiore di CBD per uso interno<\/strong><\/a><\/span> o il <a href=\"https:\/\/iguanasmoke.com\/it\/prodotto\/comprare-cbd-flower-ak-47\/\"><strong><span style=\"text-decoration: underline\">AK-47 CBD fiore<\/span><\/strong><\/a>. E s<\/span><span style=\"font-weight: 400\">Se desiderate esplorare altri prodotti, date un'occhiata al nostro sito web <a href=\"https:\/\/iguanasmoke.com\/it\/categoria\/estratti-di-cbd\/\"><span style=\"text-decoration: underline\"><strong>Estratti di CBD<\/strong><\/span><\/a> o <a href=\"https:\/\/iguanasmoke.com\/it\/categoria\/cbd-vaper-2\/cartucce\/?filter_tipo-cartucho=cbd\"><span style=\"text-decoration: underline\"><strong>Cartucce di CBD<\/strong>.<\/span><\/a> <\/span><span style=\"font-weight: 400\">Esplorate la nostra gamma e trovate subito i vostri preferiti.<\/span><span style=\"font-weight: 400\">\u00a0<\/span><\/p>\n<p>Consegna rapida, grande attenzione e un negozio con un imballaggio discreto e sicuro che va avanti, solo per farvelo gustare!<\/p>\n<h2><span style=\"color: #ffffff\">acquistare flore<\/span><\/h2>\n<h3><b>Iguana Smoke \u00e8 il vostro negozio online di CBD di fiducia<\/b><\/h3>\n<p><span style=\"font-weight: 400\">A<strong> Fumo di iguana<\/strong>, Crediamo che il consumo di CBD debba essere un'esperienza sicura e piacevole. Ecco perch\u00e9 abbiamo prodotti come le piccole gemme di CBD 25g di alta qualit\u00e0 che si rivolgono alla nuova generazione: persone che cercano un benessere senza complicazioni con marchi autentici e affidabili.\u00a0<\/span><\/p>\n<p>La nostra missione \u00e8 chiara: offrirvi il meglio del mondo dei cannabinoidi a un prezzo equo. Inoltre, vi diamo la tranquillit\u00e0 di sapere che state scegliendo un prodotto certificato, efficace e 100% legale. Il vostro momento di relax inizia qui con noi.<\/p>\n<p>Ancora dubbi? Scriveteci e saremo lieti di aiutarvi a trovare il prodotto giusto per voi.<\/p>\n<p>&nbsp;<\/p>\n<p><em><span style=\"font-weight: 400\">*Nota bene: il suo utilizzo \u00e8 destinato alla raccolta o all'aromaterapia secondo la legge spagnola. <\/span><\/em><\/p>\n<p><em><span style=\"font-weight: 400\">**Tutti i nostri prodotti sono derivati da canapa industriale certificata. Contengono meno dello 0,3 di THC e non contengono cannabinoidi illegali come HHC, HHC-P, THCP, THCP-O, H4CBD e quelli inclusi nell'Allegato I del Regio Decreto 2829\/1977, n\u00e9 sostanze controllate dalle convenzioni internazionali.\u00a0\u00a0<\/span><\/em><\/p>","protected":false},"excerpt":{"rendered":"<p><span style=\"font-weight: 400\">Accuratamente selezionati per soddisfare le esigenze aromatiche dei consumatori di Flores CBD.<\/span><\/p>\n<ul>\n<li>CBD: 15% \/ THC: &lt; 0,3%<\/li>\n<li>Boccioli piccoli (Mini Boccioli)<\/li>\n<li>A dominanza sativa<\/li>\n<li>25g<\/li>\n<li>Forte aroma di gasolio, con sfumature dolci.<\/li>\n<li>100% legale in Europa<\/li>\n<li>Analisi della qualit\u00e0 <a style=\"font-size: 16px;background-color: #ffffff\" href=\"https:\/\/iguanasmoke.com\/wp-content\/uploads\/2018\/02\/Flor-Sour-Tsunami.pdf\" target=\"_blank\" rel=\"noopener\">qui<\/a><\/li>\n<\/ul>","protected":false},"featured_media":36638,"comment_status":"open","ping_status":"closed","template":"","meta":{"_acf_changed":false,"site-sidebar-layout":"default","site-content-layout":"default","ast-site-content-layout":"default","site-content-style":"default","site-sidebar-style":"default","ast-global-header-display":"","ast-banner-title-visibility":"","ast-main-header-display":"","ast-hfb-above-header-display":"","ast-hfb-below-header-display":"","ast-hfb-mobile-header-display":"","site-post-title":"","ast-breadcrumbs-content":"","ast-featured-img":"","footer-sml-layout":"","theme-transparent-header-meta":"default","adv-header-id-meta":"","stick-header-meta":"","header-above-stick-meta":"","header-main-stick-meta":"","header-below-stick-meta":"","astra-migrate-meta-layouts":"set","ast-page-background-enabled":"default","ast-page-background-meta":{"desktop":{"background-color":"var(--ast-global-color-4)","background-image":"","background-repeat":"repeat","background-position":"center center","background-size":"auto","background-attachment":"scroll","background-type":"","background-media":"","overlay-type":"","overlay-color":"","overlay-opacity":"","overlay-gradient":""},"tablet":{"background-color":"","background-image":"","background-repeat":"repeat","background-position":"center center","background-size":"auto","background-attachment":"scroll","background-type":"","background-media":"","overlay-type":"","overlay-color":"","overlay-opacity":"","overlay-gradient":""},"mobile":{"background-color":"","background-image":"","background-repeat":"repeat","background-position":"center center","background-size":"auto","background-attachment":"scroll","background-type":"","background-media":"","overlay-type":"","overlay-color":"","overlay-opacity":"","overlay-gradient":""}},"ast-content-background-meta":{"desktop":{"background-color":"var(--ast-global-color-5)","background-image":"","background-repeat":"repeat","background-position":"center center","background-size":"auto","background-attachment":"scroll","background-type":"","background-media":"","overlay-type":"","overlay-color":"","overlay-opacity":"","overlay-gradient":""},"tablet":{"background-color":"var(--ast-global-color-5)","background-image":"","background-repeat":"repeat","background-position":"center center","background-size":"auto","background-attachment":"scroll","background-type":"","background-media":"","overlay-type":"","overlay-color":"","overlay-opacity":"","overlay-gradient":""},"mobile":{"background-color":"var(--ast-global-color-5)","background-image":"","background-repeat":"repeat","background-position":"center center","background-size":"auto","background-attachment":"scroll","background-type":"","background-media":"","overlay-type":"","overlay-color":"","overlay-opacity":"","overlay-gradient":""}}},"product_brand":[],"product_cat":[328,447],"product_tag":[],"class_list":{"0":"post-11680","1":"product","2":"type-product","3":"status-publish","4":"has-post-thumbnail","6":"product_cat-comprar-flores-de-cbd-y-cogollos-de-cbd","7":"product_cat-pop-corn-cbd-cogollos-pequenos-cbd-mini-buds-cbd","8":"desktop-align-center","9":"tablet-align-center","10":"mobile-align-center","12":"first","13":"instock","14":"taxable","15":"shipping-taxable","16":"purchasable","17":"product-type-simple"},"acf":[],"yoast_head":"<!-- This site is optimized with the Yoast SEO Premium plugin v27.3 (Yoast SEO v27.3) - https:\/\/yoast.com\/product\/yoast-seo-premium-wordpress\/ -->\n<title>Cogollos peque\u00f1os CBD 25g - Pop Corn CBD (Mini buds CBD) | Iguana Smoke<\/title>\n<meta name=\"description\" content=\"Lleva la experiencia CBD al siguiente nivel con los cogollos peque\u00f1os CBD 25g. Aprovecha esta oportunidad y compra ahora tu Pop Corn CBD (Mini Buds CBD)\" \/>\n<meta name=\"robots\" content=\"index, follow, max-snippet:-1, max-image-preview:large, max-video-preview:-1\" \/>\n<link rel=\"canonical\" href=\"https:\/\/iguanasmoke.com\/it\/prodotto\/acquistare-cbd-pop-corn-sour-tsunami-flower-25gr-cbd-small-buds\/\" \/>\n<meta property=\"og:locale\" content=\"it_IT\" \/>\n<meta property=\"og:type\" content=\"article\" \/>\n<meta property=\"og:title\" content=\"Pop Corn - Cogollos peque\u00f1os CBD 25g\" \/>\n<meta property=\"og:description\" content=\"Seleccionados cuidadosamente para satisfacer las necesidades arom\u00e1ticas de los consumidores de Flores CBD.   CBD: 15% \/ THC: &lt; 0,3%  Cogollos peque\u00f1os (Mini Buds)  Dominante Sativa  25g  Aroma fuerte a combustible diesel, con tonos dulces  100% legal en Europa  An\u00e1lisis de calidad aqu\u00ed\" \/>\n<meta property=\"og:url\" content=\"https:\/\/iguanasmoke.com\/it\/prodotto\/acquistare-cbd-pop-corn-sour-tsunami-flower-25gr-cbd-small-buds\/\" \/>\n<meta property=\"og:site_name\" content=\"Iguana Smoke\" \/>\n<meta property=\"article:publisher\" content=\"https:\/\/www.facebook.com\/iguanasmoke\" \/>\n<meta property=\"article:modified_time\" content=\"2026-04-01T12:40:38+00:00\" \/>\n<meta property=\"og:image\" content=\"https:\/\/iguanasmoke.com\/wp-content\/uploads\/2022\/10\/Pop-Corn-25g-120x200-1.webp\" \/>\n\t<meta property=\"og:image:width\" content=\"1000\" \/>\n\t<meta property=\"og:image:height\" content=\"1000\" \/>\n\t<meta property=\"og:image:type\" content=\"image\/webp\" \/>\n<meta name=\"twitter:card\" content=\"summary_large_image\" \/>\n<meta name=\"twitter:label1\" content=\"Prezzo\" \/>\n\t<meta name=\"twitter:data1\" content=\"25,00&nbsp;&euro;\" \/>\n\t<meta name=\"twitter:label2\" content=\"Disponibilit\u00e0\" \/>\n\t<meta name=\"twitter:data2\" content=\"In stock\" \/>\n<meta property=\"product:brand\" content=\"simple\" \/>\n<meta property=\"product:price:amount\" content=\"25.00\" \/>\n<meta property=\"product:price:currency\" content=\"EUR\" \/>\n<meta property=\"og:availability\" content=\"instock\" \/>\n<meta property=\"product:availability\" content=\"instock\" \/>\n<meta property=\"product:retailer_item_id\" content=\"IS-POP-SOURT-25G\" \/>\n<meta property=\"product:condition\" content=\"new\" \/>\n<!-- \/ Yoast SEO Premium plugin. -->","yoast_head_json":{"title":"Piccole gemme CBD 25g - Pop Corn CBD (Mini gemme CBD) | Iguana Smoke","description":"Portate l'esperienza del CBD al livello successivo con CBD Mini Buds 25g. Cogliete l'occasione e acquistate subito il vostro Pop Corn CBD (Mini Buds CBD)!","robots":{"index":"index","follow":"follow","max-snippet":"max-snippet:-1","max-image-preview":"max-image-preview:large","max-video-preview":"max-video-preview:-1"},"canonical":"https:\/\/iguanasmoke.com\/it\/prodotto\/acquistare-cbd-pop-corn-sour-tsunami-flower-25gr-cbd-small-buds\/","og_locale":"it_IT","og_type":"article","og_title":"Pop Corn - Cogollos peque\u00f1os CBD 25g","og_description":"Seleccionados cuidadosamente para satisfacer las necesidades arom\u00e1ticas de los consumidores de Flores CBD.   CBD: 15% \/ THC: &lt; 0,3%  Cogollos peque\u00f1os (Mini Buds)  Dominante Sativa  25g  Aroma fuerte a combustible diesel, con tonos dulces  100% legal en Europa  An\u00e1lisis de calidad aqu\u00ed","og_url":"https:\/\/iguanasmoke.com\/it\/prodotto\/acquistare-cbd-pop-corn-sour-tsunami-flower-25gr-cbd-small-buds\/","og_site_name":"Iguana Smoke","article_publisher":"https:\/\/www.facebook.com\/iguanasmoke","article_modified_time":"2026-04-01T12:40:38+00:00","og_image":[{"width":1000,"height":1000,"url":"https:\/\/iguanasmoke.com\/wp-content\/uploads\/2022\/10\/Pop-Corn-25g-120x200-1.webp","type":"image\/webp"}],"twitter_card":"summary_large_image","twitter_misc":{"Prezzo":"25,00&nbsp;&euro;","Disponibilit\u00e0":"In stock"},"schema":{"@context":"https:\/\/schema.org","@graph":[{"@type":"WebPage","@id":"https:\/\/iguanasmoke.com\/producto\/comprar-flor-cbd-pop-corn-sour-tsunami-25gr-cogollos-pequenos-cbd\/","url":"https:\/\/iguanasmoke.com\/producto\/comprar-flor-cbd-pop-corn-sour-tsunami-25gr-cogollos-pequenos-cbd\/","name":"Piccole gemme CBD 25g - Pop Corn CBD (Mini gemme CBD) | Iguana Smoke","isPartOf":{"@id":"https:\/\/iguanasmoke.com\/#website"},"primaryImageOfPage":{"@id":"https:\/\/iguanasmoke.com\/producto\/comprar-flor-cbd-pop-corn-sour-tsunami-25gr-cogollos-pequenos-cbd\/#primaryimage"},"image":{"@id":"https:\/\/iguanasmoke.com\/producto\/comprar-flor-cbd-pop-corn-sour-tsunami-25gr-cogollos-pequenos-cbd\/#primaryimage"},"thumbnailUrl":"https:\/\/iguanasmoke.com\/wp-content\/uploads\/2022\/10\/Pop-Corn-25g-120x200-1.webp","datePublished":"2022-10-21T11:08:41+00:00","dateModified":"2026-04-01T12:40:38+00:00","description":"Portate l'esperienza del CBD al livello successivo con CBD Mini Buds 25g. Cogliete l'occasione e acquistate subito il vostro Pop Corn CBD (Mini Buds CBD)!","breadcrumb":{"@id":"https:\/\/iguanasmoke.com\/producto\/comprar-flor-cbd-pop-corn-sour-tsunami-25gr-cogollos-pequenos-cbd\/#breadcrumb"},"inLanguage":"it-IT","potentialAction":[{"@type":"ReadAction","target":["https:\/\/iguanasmoke.com\/producto\/comprar-flor-cbd-pop-corn-sour-tsunami-25gr-cogollos-pequenos-cbd\/"]}]},{"@type":"ImageObject","inLanguage":"it-IT","@id":"https:\/\/iguanasmoke.com\/producto\/comprar-flor-cbd-pop-corn-sour-tsunami-25gr-cogollos-pequenos-cbd\/#primaryimage","url":"https:\/\/iguanasmoke.com\/wp-content\/uploads\/2022\/10\/Pop-Corn-25g-120x200-1.webp","contentUrl":"https:\/\/iguanasmoke.com\/wp-content\/uploads\/2022\/10\/Pop-Corn-25g-120x200-1.webp","width":1000,"height":1000,"caption":"Pop Corn CBD comprar floes cogollos maria legal online barato"},{"@type":"BreadcrumbList","@id":"https:\/\/iguanasmoke.com\/producto\/comprar-flor-cbd-pop-corn-sour-tsunami-25gr-cogollos-pequenos-cbd\/#breadcrumb","itemListElement":[{"@type":"ListItem","position":1,"name":"home","item":"https:\/\/iguanasmoke.com\/"},{"@type":"ListItem","position":2,"name":"Tienda","item":"https:\/\/iguanasmoke.com\/tienda\/"},{"@type":"ListItem","position":3,"name":"Flores de CBD","item":"https:\/\/iguanasmoke.com\/categoria\/comprar-flores-de-cbd-y-cogollos-de-cbd\/"},{"@type":"ListItem","position":4,"name":"Pop Corn &#8211; Cogollos peque\u00f1os CBD 25g"}]},{"@type":"WebSite","@id":"https:\/\/iguanasmoke.com\/#website","url":"https:\/\/iguanasmoke.com\/","name":"Fumo di iguana","description":"Acquistare CBD online al miglior prezzo","publisher":{"@id":"https:\/\/iguanasmoke.com\/#organization"},"potentialAction":[{"@type":"SearchAction","target":{"@type":"EntryPoint","urlTemplate":"https:\/\/iguanasmoke.com\/?s={search_term_string}"},"query-input":{"@type":"PropertyValueSpecification","valueRequired":true,"valueName":"search_term_string"}}],"inLanguage":"it-IT"},{"@type":"Organization","@id":"https:\/\/iguanasmoke.com\/#organization","name":"Fumo di iguana","url":"https:\/\/iguanasmoke.com\/","logo":{"@type":"ImageObject","inLanguage":"it-IT","@id":"https:\/\/iguanasmoke.com\/#\/schema\/logo\/image\/","url":"https:\/\/iguanasmoke.com\/wp-content\/uploads\/2025\/01\/logoiguana-favi-1.png","contentUrl":"https:\/\/iguanasmoke.com\/wp-content\/uploads\/2025\/01\/logoiguana-favi-1.png","width":512,"height":512,"caption":"Iguana Smoke"},"image":{"@id":"https:\/\/iguanasmoke.com\/#\/schema\/logo\/image\/"},"sameAs":["https:\/\/www.facebook.com\/iguanasmoke","https:\/\/www.instagram.com\/iguanasmoke\/"]}]},"product_brand":"simple","product_price_amount":"25.00","product_price_currency":"EUR","og_availability":"instock","product_availability":"instock","product_retailer_item_id":"IS-POP-SOURT-25G","product_condition":"new"},"_links":{"self":[{"href":"https:\/\/iguanasmoke.com\/it\/wp-json\/wp\/v2\/product\/11680","targetHints":{"allow":["GET"]}}],"collection":[{"href":"https:\/\/iguanasmoke.com\/it\/wp-json\/wp\/v2\/product"}],"about":[{"href":"https:\/\/iguanasmoke.com\/it\/wp-json\/wp\/v2\/types\/product"}],"replies":[{"embeddable":true,"href":"https:\/\/iguanasmoke.com\/it\/wp-json\/wp\/v2\/comments?post=11680"}],"wp:featuredmedia":[{"embeddable":true,"href":"https:\/\/iguanasmoke.com\/it\/wp-json\/wp\/v2\/media\/36638"}],"wp:attachment":[{"href":"https:\/\/iguanasmoke.com\/it\/wp-json\/wp\/v2\/media?parent=11680"}],"wp:term":[{"taxonomy":"product_brand","embeddable":true,"href":"https:\/\/iguanasmoke.com\/it\/wp-json\/wp\/v2\/product_brand?post=11680"},{"taxonomy":"product_cat","embeddable":true,"href":"https:\/\/iguanasmoke.com\/it\/wp-json\/wp\/v2\/product_cat?post=11680"},{"taxonomy":"product_tag","embeddable":true,"href":"https:\/\/iguanasmoke.com\/it\/wp-json\/wp\/v2\/product_tag?post=11680"}],"curies":[{"name":"wp","href":"https:\/\/api.w.org\/{rel}","templated":true}]}}