{"id":12333,"date":"2022-12-01T08:41:19","date_gmt":"2022-12-01T07:41:19","guid":{"rendered":"https:\/\/iguanasmoke.com\/?post_type=product&#038;p=12333"},"modified":"2025-12-22T16:03:28","modified_gmt":"2025-12-22T15:03:28","slug":"olio-di-cbd-a-spettro-completo-30ml-2","status":"publish","type":"product","link":"https:\/\/iguanasmoke.com\/it\/producto\/aceite-de-cbd-full-spectrum-30ml-20\/","title":{"rendered":"Olio di CBD a spettro completo 20% 30ml"},"content":{"rendered":"<h1><span style=\"font-weight: 400;\">Olio di CBD a spettro completo 20% 30ml<\/span><\/h1>\n<p><span style=\"font-weight: 400;\">Se conoscete gi\u00e0 il mondo del cannabidiolo e siete alla ricerca di un'alternativa per la vostra salute.<strong> oli di semi di canapa<\/strong> (CBD) equilibrato e facile da usare, <strong>Olio di CBD a spettro completo 20% 30ml<\/strong> \u00e8 proprio quello che vi serve, con la sua potenza medio-alta. <\/span><\/p>\n<p><span style=\"font-weight: 400;\">\u00c8 un'opzione leggera ma efficace, <strong>ideale per chi vuole sperimentare i benefici<\/strong> da <strong>CBD<\/strong> progressivamente e senza eccessi.\u00a0<\/span><\/p>\n<p><span style=\"font-weight: 400;\">Grazie alla sua <strong>concentrazione moderata<\/strong> \u00e8 stato progettato per coloro che vogliono iniziare lentamente, ma senza compromettere la qualit\u00e0 e l'efficienza. Per questo motivo \u00e8 diventato uno dei <strong>Gli oli di CBD pi\u00f9 consigliati per i principianti.\u00a0<\/strong><\/span><\/p>\n<p>&nbsp;<\/p>\n<h2 data-start=\"591\" data-end=\"904\"><strong>Perch\u00e9 scegliere l'olio di CBD Full Spectrum 20% 30ml? <\/strong><\/h2>\n<p data-start=\"591\" data-end=\"904\"><span style=\"font-weight: 400;\">Questo prodotto contiene <strong>6000 mg di CBD in un flacone da 30 ml<\/strong>, Questo lo rende un'opzione molto potente e durevole. Inoltre, \u00e8 realizzato in <strong>olio di semi di canapa<\/strong>, Questo migliora l'assorbimento e mantiene la <strong>propriet\u00e0 naturali della pianta<\/strong>. <\/span><\/p>\n<p data-start=\"591\" data-end=\"904\"><span style=\"font-weight: 400;\">Poich\u00e9 si tratta di un <strong>Olio di CBD a spettro completo (ampio spettro)<\/strong>, Il profilo completo della canapa \u00e8 conservato, e comprende <strong>cannabinoidi, terpeni e flavonoidi<\/strong>. In questo modo, il noto <strong>effetto entourage<\/strong>, L'azione combinata di tutti i composti che lavorano in sinergia per offrire un benessere pi\u00f9 completo e naturale.<\/span><\/p>\n<h2 data-start=\"591\" data-end=\"904\"><strong>Caratteristiche principali di questo olio di CBD:<\/strong><\/h2>\n<ul>\n<li data-start=\"591\" data-end=\"904\">Olio di CBD a spettro completo 20% 30ml<\/li>\n<li><strong data-start=\"1873\" data-end=\"1896\">Base di olio di semi di canapa:<\/strong> Ricco di Omega 3 e Omega 6, privo di pesticidi e sostanze chimiche.<\/li>\n<li data-start=\"591\" data-end=\"904\">Effetto progressivo e controllato<\/li>\n<li data-start=\"591\" data-end=\"904\">Nessun effetto psicoattivo e nessuna sensazione di \u201csballo\u201d.\u201d<\/li>\n<li data-start=\"591\" data-end=\"904\"><strong>Con meno di 0,3 % THC, secondo le normative vigenti.<\/strong><\/li>\n<li data-start=\"591\" data-end=\"904\">Prodotto testato in laboratorio e conforme agli standard europei<\/li>\n<li data-start=\"591\" data-end=\"904\"><strong data-start=\"2023\" data-end=\"2060\">100% legale e prodotto in Europa<\/strong><\/li>\n<li><strong>Per uso topico.<\/strong><\/li>\n<\/ul>\n<p>&nbsp;<\/p>\n<h2 data-start=\"591\" data-end=\"904\"><strong>Per chi \u00e8 indicato l'olio di CBD a spettro completo? <\/strong><\/h2>\n<p><span style=\"font-weight: 400;\">Questo <strong>Olio di CBD a spettro completo 20% 30ml<\/strong> \u00e8 perfetto per: <\/span><\/p>\n<ul>\n<li data-start=\"591\" data-end=\"904\"><span style=\"font-weight: 400;\">Chi cerca concentrazione e praticit\u00e0 in un unico vaso.<\/span><\/li>\n<li data-start=\"591\" data-end=\"904\">Persone che cercano di aumentare l'intensit\u00e0<\/li>\n<li data-start=\"591\" data-end=\"904\"><span style=\"font-weight: 400;\">Coloro che preferiscono le formulazioni con olio di semi di canapa <\/span><\/li>\n<li data-start=\"591\" data-end=\"904\"><span style=\"font-weight: 400;\">Gli utenti che vogliono <strong>acquistare olio di CBD online<\/strong> in modo sicuro.\u00a0<\/span><\/li>\n<\/ul>\n<h2 data-start=\"3142\" data-end=\"3187\"><\/h2>\n<h2><b>Dove acquistare gli oli di CBD online<\/b><b>?<\/b><\/h2>\n<p><span style=\"font-weight: 400;\">Naturalmente, in <strong>Fumo di iguana. <\/strong>Qui diamo priorit\u00e0 alla qualit\u00e0 e alla trasparenza di ogni prodotto. Il nostro <strong>Olio di CBD a spettro completo 20% 30ml<\/strong> si basa su <strong>semi di canapa.<\/strong><\/span><\/p>\n<p><span style=\"font-weight: 400;\">Questo \u00e8 il vostro posto sicuro per <strong>acquistare oli di CBD online in Spagna.<\/strong> Tutti i nostri prodotti sono approvati dall'UE, a garanzia della loro legalit\u00e0 e sicurezza. Inoltre, se volete potete consultare<\/span><strong> <a href=\"https:\/\/iguanasmoke.com\/it\/analitica\/\">analisi di laboratorio.<\/a>\u00a0<\/strong><\/p>\n<p><span style=\"font-weight: 400;\">Se i fiori CBD sono la vostra passione, scoprite le <\/span><span style=\"font-weight: 400;\">altro <strong>Prodotti TOP<\/strong> come il <a href=\"https:\/\/iguanasmoke.com\/it\/categoria\/giunti-di-cbd-pre-roll\/\"><strong>Pre Roll<\/strong><\/a> o il <strong><a href=\"https:\/\/iguanasmoke.com\/it\/prodotto\/acquistare-cbd-fiore-pungiglione-cbd-pronto-a-rotolare-15gr\/\">Pungiglione floreale CBD 15g<\/a><\/strong>. <\/span><span style=\"font-weight: 400;\">Esplorate anche la nostra ampia gamma di <strong><a href=\"https:\/\/iguanasmoke.com\/it\/categoria\/estratti-di-cbd\/\">Estratti di CBD<\/a><\/strong> y <strong><a href=\"https:\/\/iguanasmoke.com\/it\/categoria\/hashish-cbd\/\">CBD hashish<\/a>.<\/strong><\/span><\/p>\n<p>Consegna rapida, grande attenzione e un negozio con un imballaggio discreto e sicuro che va avanti, solo per farvelo gustare!<\/p>\n<p>&nbsp;<\/p>\n<h3><b>Iguana Smoke \u00e8 il vostro negozio online di CBD\u00a0<\/b><\/h3>\n<p><span style=\"font-weight: 400;\">A<strong> Fumo di iguana<\/strong>, Crediamo che il consumo di CBD debba essere un'esperienza sicura e piacevole. Ecco perch\u00e9 abbiamo prodotti come questo <strong>Olio di CBD a spettro completo 20% 30ml <\/strong>qualit\u00e0, che si connette con le nuove generazioni: persone che cercano un benessere senza complicazioni, con marchi autentici e affidabili.\u00a0<\/span><\/p>\n<p>La nostra missione \u00e8 chiara: offrirvi il meglio del mondo del CBD a un prezzo equo. Inoltre, vi diamo la tranquillit\u00e0 che deriva dal sapere che state scegliendo un prodotto certificato, efficace e legale 100%. Il vostro momento di relax inizia qui con noi.<\/p>\n<p>Ancora dubbi? Scriveteci e saremo lieti di aiutarvi a trovare il prodotto giusto per voi.<\/p>","protected":false},"excerpt":{"rendered":"<p><span style=\"font-weight: 400;\">Questo <strong>Olio di CBD a spettro completo 20% 30ml<\/strong> ha la concentrazione perfetta per godere dei benefici del cannabidiolo in modo naturale, senza effetti psicoattivi.\u00a0<strong>Per uso topico.<\/strong><\/span><\/p>\n<p>Ingredienti:<br \/>\n-Olio di semi di canapa 30ml<br \/>\n-Estratto diCBD (spettro completo) 6000mg<\/p>","protected":false},"featured_media":26243,"comment_status":"open","ping_status":"closed","template":"","meta":{"_acf_changed":false,"site-sidebar-layout":"default","site-content-layout":"default","ast-site-content-layout":"default","site-content-style":"default","site-sidebar-style":"default","ast-global-header-display":"","ast-banner-title-visibility":"","ast-main-header-display":"","ast-hfb-above-header-display":"","ast-hfb-below-header-display":"","ast-hfb-mobile-header-display":"","site-post-title":"","ast-breadcrumbs-content":"","ast-featured-img":"","footer-sml-layout":"","theme-transparent-header-meta":"default","adv-header-id-meta":"","stick-header-meta":"","header-above-stick-meta":"","header-main-stick-meta":"","header-below-stick-meta":"","astra-migrate-meta-layouts":"set","ast-page-background-enabled":"default","ast-page-background-meta":{"desktop":{"background-color":"var(--ast-global-color-4)","background-image":"","background-repeat":"repeat","background-position":"center center","background-size":"auto","background-attachment":"scroll","background-type":"","background-media":"","overlay-type":"","overlay-color":"","overlay-opacity":"","overlay-gradient":""},"tablet":{"background-color":"","background-image":"","background-repeat":"repeat","background-position":"center center","background-size":"auto","background-attachment":"scroll","background-type":"","background-media":"","overlay-type":"","overlay-color":"","overlay-opacity":"","overlay-gradient":""},"mobile":{"background-color":"","background-image":"","background-repeat":"repeat","background-position":"center center","background-size":"auto","background-attachment":"scroll","background-type":"","background-media":"","overlay-type":"","overlay-color":"","overlay-opacity":"","overlay-gradient":""}},"ast-content-background-meta":{"desktop":{"background-color":"var(--ast-global-color-5)","background-image":"","background-repeat":"repeat","background-position":"center center","background-size":"auto","background-attachment":"scroll","background-type":"","background-media":"","overlay-type":"","overlay-color":"","overlay-opacity":"","overlay-gradient":""},"tablet":{"background-color":"var(--ast-global-color-5)","background-image":"","background-repeat":"repeat","background-position":"center center","background-size":"auto","background-attachment":"scroll","background-type":"","background-media":"","overlay-type":"","overlay-color":"","overlay-opacity":"","overlay-gradient":""},"mobile":{"background-color":"var(--ast-global-color-5)","background-image":"","background-repeat":"repeat","background-position":"center center","background-size":"auto","background-attachment":"scroll","background-type":"","background-media":"","overlay-type":"","overlay-color":"","overlay-opacity":"","overlay-gradient":""}}},"product_brand":[],"product_cat":[309],"product_tag":[],"class_list":{"0":"post-12333","1":"product","2":"type-product","3":"status-publish","4":"has-post-thumbnail","6":"product_cat-aceite-de-cbd","7":"desktop-align-center","8":"tablet-align-center","9":"mobile-align-center","11":"first","12":"instock","13":"taxable","14":"shipping-taxable","15":"purchasable","16":"product-type-simple"},"acf":[],"yoast_head":"<!-- This site is optimized with the Yoast SEO Premium plugin v27.3 (Yoast SEO v27.3) - https:\/\/yoast.com\/product\/yoast-seo-premium-wordpress\/ -->\n<title>Aceite de CBD Full Spectrum 20% 30ml - Calidad premium | Iguana Smoke<\/title>\n<meta name=\"description\" content=\"Aceite de CBD Full Spectrum 20% 30ml. Equilibro entre potencia y duraci\u00f3n, 100% natural y legal. Disfruta los beneficios del CBD en Iguana Smoke.\" \/>\n<meta name=\"robots\" content=\"index, follow, max-snippet:-1, max-image-preview:large, max-video-preview:-1\" \/>\n<link rel=\"canonical\" href=\"https:\/\/iguanasmoke.com\/it\/prodotto\/olio-di-cbd-a-spettro-completo-30ml-2\/\" \/>\n<meta property=\"og:locale\" content=\"it_IT\" \/>\n<meta property=\"og:type\" content=\"article\" \/>\n<meta property=\"og:title\" content=\"Aceite de CBD Full Spectrum 20% 30ml\" \/>\n<meta property=\"og:description\" content=\"Este Aceite de CBD Full Spectrum 20% 30ml tiene la concentraci\u00f3n perfecta para disfrutar de los beneficios del cannabidiol de forma natural, sin efectos psicoactivos.\u00a0De uso t\u00f3pico.  Ingredientes: -Aceite de semillas de c\u00e1\u00f1amo 30ml -Extracto de CBD (Full Spectrum) 6000mg\" \/>\n<meta property=\"og:url\" content=\"https:\/\/iguanasmoke.com\/it\/prodotto\/olio-di-cbd-a-spettro-completo-30ml-2\/\" \/>\n<meta property=\"og:site_name\" content=\"Iguana Smoke\" \/>\n<meta property=\"article:publisher\" content=\"https:\/\/www.facebook.com\/iguanasmoke\" \/>\n<meta property=\"article:modified_time\" content=\"2025-12-22T15:03:28+00:00\" \/>\n<meta property=\"og:image\" content=\"https:\/\/iguanasmoke.com\/wp-content\/uploads\/2022\/12\/BOX-y-BTL-20-30ml.webp\" \/>\n\t<meta property=\"og:image:width\" content=\"500\" \/>\n\t<meta property=\"og:image:height\" content=\"500\" \/>\n\t<meta property=\"og:image:type\" content=\"image\/webp\" \/>\n<meta name=\"twitter:card\" content=\"summary_large_image\" \/>\n<meta name=\"twitter:label1\" content=\"Prezzo\" \/>\n\t<meta name=\"twitter:data1\" content=\"99,90&nbsp;&euro;\" \/>\n\t<meta name=\"twitter:label2\" content=\"Disponibilit\u00e0\" \/>\n\t<meta name=\"twitter:data2\" content=\"In stock\" \/>\n<meta property=\"product:brand\" content=\"simple\" \/>\n<meta property=\"product:price:amount\" content=\"99.90\" \/>\n<meta property=\"product:price:currency\" content=\"EUR\" \/>\n<meta property=\"og:availability\" content=\"instock\" \/>\n<meta property=\"product:availability\" content=\"instock\" \/>\n<meta property=\"product:retailer_item_id\" content=\"IS-OIL-FS-30-20\" \/>\n<meta property=\"product:condition\" content=\"new\" \/>\n<!-- \/ Yoast SEO Premium plugin. -->","yoast_head_json":{"title":"Olio di CBD a spettro completo 20% 30ml - Qualit\u00e0 premium | Iguana Smoke","description":"Olio di CBD a spettro completo 20% 30ml. Equilibrio tra potenza e durata, 100% naturale e legale. Godetevi i benefici del CBD in Iguana Smoke.","robots":{"index":"index","follow":"follow","max-snippet":"max-snippet:-1","max-image-preview":"max-image-preview:large","max-video-preview":"max-video-preview:-1"},"canonical":"https:\/\/iguanasmoke.com\/it\/prodotto\/olio-di-cbd-a-spettro-completo-30ml-2\/","og_locale":"it_IT","og_type":"article","og_title":"Aceite de CBD Full Spectrum 20% 30ml","og_description":"Este Aceite de CBD Full Spectrum 20% 30ml tiene la concentraci\u00f3n perfecta para disfrutar de los beneficios del cannabidiol de forma natural, sin efectos psicoactivos.\u00a0De uso t\u00f3pico.  Ingredientes: -Aceite de semillas de c\u00e1\u00f1amo 30ml -Extracto de CBD (Full Spectrum) 6000mg","og_url":"https:\/\/iguanasmoke.com\/it\/prodotto\/olio-di-cbd-a-spettro-completo-30ml-2\/","og_site_name":"Iguana Smoke","article_publisher":"https:\/\/www.facebook.com\/iguanasmoke","article_modified_time":"2025-12-22T15:03:28+00:00","og_image":[{"width":500,"height":500,"url":"https:\/\/iguanasmoke.com\/wp-content\/uploads\/2022\/12\/BOX-y-BTL-20-30ml.webp","type":"image\/webp"}],"twitter_card":"summary_large_image","twitter_misc":{"Prezzo":"99,90&nbsp;&euro;","Disponibilit\u00e0":"In stock"},"schema":{"@context":"https:\/\/schema.org","@graph":[{"@type":"WebPage","@id":"https:\/\/iguanasmoke.com\/producto\/aceite-de-cbd-full-spectrum-30ml-20\/","url":"https:\/\/iguanasmoke.com\/producto\/aceite-de-cbd-full-spectrum-30ml-20\/","name":"Olio di CBD a spettro completo 20% 30ml - Qualit\u00e0 premium | Iguana Smoke","isPartOf":{"@id":"https:\/\/iguanasmoke.com\/#website"},"primaryImageOfPage":{"@id":"https:\/\/iguanasmoke.com\/producto\/aceite-de-cbd-full-spectrum-30ml-20\/#primaryimage"},"image":{"@id":"https:\/\/iguanasmoke.com\/producto\/aceite-de-cbd-full-spectrum-30ml-20\/#primaryimage"},"thumbnailUrl":"https:\/\/iguanasmoke.com\/wp-content\/uploads\/2022\/12\/BOX-y-BTL-20-30ml.webp","datePublished":"2022-12-01T07:41:19+00:00","dateModified":"2025-12-22T15:03:28+00:00","description":"Olio di CBD a spettro completo 20% 30ml. Equilibrio tra potenza e durata, 100% naturale e legale. Godetevi i benefici del CBD in Iguana Smoke.","breadcrumb":{"@id":"https:\/\/iguanasmoke.com\/producto\/aceite-de-cbd-full-spectrum-30ml-20\/#breadcrumb"},"inLanguage":"it-IT","potentialAction":[{"@type":"ReadAction","target":["https:\/\/iguanasmoke.com\/producto\/aceite-de-cbd-full-spectrum-30ml-20\/"]}]},{"@type":"ImageObject","inLanguage":"it-IT","@id":"https:\/\/iguanasmoke.com\/producto\/aceite-de-cbd-full-spectrum-30ml-20\/#primaryimage","url":"https:\/\/iguanasmoke.com\/wp-content\/uploads\/2022\/12\/BOX-y-BTL-20-30ml.webp","contentUrl":"https:\/\/iguanasmoke.com\/wp-content\/uploads\/2022\/12\/BOX-y-BTL-20-30ml.webp","width":500,"height":500,"caption":"aceite cbd 30ml 20%"},{"@type":"BreadcrumbList","@id":"https:\/\/iguanasmoke.com\/producto\/aceite-de-cbd-full-spectrum-30ml-20\/#breadcrumb","itemListElement":[{"@type":"ListItem","position":1,"name":"home","item":"https:\/\/iguanasmoke.com\/"},{"@type":"ListItem","position":2,"name":"Tienda","item":"https:\/\/iguanasmoke.com\/tienda\/"},{"@type":"ListItem","position":3,"name":"Aceites de CBD","item":"https:\/\/iguanasmoke.com\/categoria\/aceite-de-cbd\/"},{"@type":"ListItem","position":4,"name":"Aceite de CBD Full Spectrum 20% 30ml"}]},{"@type":"WebSite","@id":"https:\/\/iguanasmoke.com\/#website","url":"https:\/\/iguanasmoke.com\/","name":"Fumo di iguana","description":"Acquistare CBD online al miglior prezzo","publisher":{"@id":"https:\/\/iguanasmoke.com\/#organization"},"potentialAction":[{"@type":"SearchAction","target":{"@type":"EntryPoint","urlTemplate":"https:\/\/iguanasmoke.com\/?s={search_term_string}"},"query-input":{"@type":"PropertyValueSpecification","valueRequired":true,"valueName":"search_term_string"}}],"inLanguage":"it-IT"},{"@type":"Organization","@id":"https:\/\/iguanasmoke.com\/#organization","name":"Fumo di iguana","url":"https:\/\/iguanasmoke.com\/","logo":{"@type":"ImageObject","inLanguage":"it-IT","@id":"https:\/\/iguanasmoke.com\/#\/schema\/logo\/image\/","url":"https:\/\/iguanasmoke.com\/wp-content\/uploads\/2025\/01\/logoiguana-favi-1.png","contentUrl":"https:\/\/iguanasmoke.com\/wp-content\/uploads\/2025\/01\/logoiguana-favi-1.png","width":512,"height":512,"caption":"Iguana Smoke"},"image":{"@id":"https:\/\/iguanasmoke.com\/#\/schema\/logo\/image\/"},"sameAs":["https:\/\/www.facebook.com\/iguanasmoke","https:\/\/www.instagram.com\/iguanasmoke\/"]}]},"product_brand":"simple","product_price_amount":"99.90","product_price_currency":"EUR","og_availability":"instock","product_availability":"instock","product_retailer_item_id":"IS-OIL-FS-30-20","product_condition":"new"},"_links":{"self":[{"href":"https:\/\/iguanasmoke.com\/it\/wp-json\/wp\/v2\/product\/12333","targetHints":{"allow":["GET"]}}],"collection":[{"href":"https:\/\/iguanasmoke.com\/it\/wp-json\/wp\/v2\/product"}],"about":[{"href":"https:\/\/iguanasmoke.com\/it\/wp-json\/wp\/v2\/types\/product"}],"replies":[{"embeddable":true,"href":"https:\/\/iguanasmoke.com\/it\/wp-json\/wp\/v2\/comments?post=12333"}],"wp:featuredmedia":[{"embeddable":true,"href":"https:\/\/iguanasmoke.com\/it\/wp-json\/wp\/v2\/media\/26243"}],"wp:attachment":[{"href":"https:\/\/iguanasmoke.com\/it\/wp-json\/wp\/v2\/media?parent=12333"}],"wp:term":[{"taxonomy":"product_brand","embeddable":true,"href":"https:\/\/iguanasmoke.com\/it\/wp-json\/wp\/v2\/product_brand?post=12333"},{"taxonomy":"product_cat","embeddable":true,"href":"https:\/\/iguanasmoke.com\/it\/wp-json\/wp\/v2\/product_cat?post=12333"},{"taxonomy":"product_tag","embeddable":true,"href":"https:\/\/iguanasmoke.com\/it\/wp-json\/wp\/v2\/product_tag?post=12333"}],"curies":[{"name":"wp","href":"https:\/\/api.w.org\/{rel}","templated":true}]}}