{"id":14030,"date":"2023-03-07T17:17:09","date_gmt":"2023-03-07T16:17:09","guid":{"rendered":"https:\/\/iguanasmoke.com\/?post_type=product&#038;p=14030"},"modified":"2026-03-16T01:07:38","modified_gmt":"2026-03-16T00:07:38","slug":"comprare-fiori-iguana-kush-cbd-cbd-buds-online","status":"publish","type":"product","link":"https:\/\/iguanasmoke.com\/it\/producto\/comprar-flor-iguana-kush-cbd-cogollos-online\/","title":{"rendered":"Fiore di CBD Iguana Kush"},"content":{"rendered":"<h1 data-start=\"1609\" data-end=\"1642\"><span style=\"font-weight: 400;\">Flor CBD Iguana Kush: una potenza classica con un'impronta tutta sua<\/span><\/h1>\n<p data-start=\"549\" data-end=\"976\"><span style=\"font-weight: 400;\">Se state cercando di acquistare fiori di CBD online di altissima qualit\u00e0, la <strong>Fiore CBD Iguana Kush <\/strong>\u00e8 una delle nostre variet\u00e0 pi\u00f9 amate ed esclusive. Sviluppato a partire da genetiche della famiglia Kush, questo fiore rappresenta il perfetto equilibrio tra la tradizione della cannabis e l'allevamento moderno. Con un profilo aromatico profondo, un effetto rilassante e un alto contenuto di CBD.\u00a0<\/span><\/p>\n<p data-start=\"549\" data-end=\"976\"><span style=\"font-weight: 400;\">Grazie alla sua <strong>agricoltura biologica Serra<\/strong>, Questo fiore di CBD offre un <strong>livello superiore di purezza e conservazione dei terpeni<\/strong>. Di conseguenza, ogni gemma si distingue sia per l'aspetto che per la fragranza, ideale per chi apprezza il CBD al meglio.<\/span><\/p>\n<p data-start=\"549\" data-end=\"976\"><span style=\"font-weight: 400;\"> A <strong>Fumo di iguana<\/strong>, selezioniamo con cura ogni lotto per offrirvi una <strong>Iguana Kush CBD <\/strong><\/span><span style=\"font-weight: 400;\"><b>incredibile. <\/b>La sua esclusivit\u00e0 lo rende speciale: selezionato e sviluppato da <strong>i nostri coltivatori<\/strong> non \u00e8 disponibile in altri negozi.<\/span><\/p>\n<h2 data-start=\"549\" data-end=\"976\"><\/h2>\n<p>&nbsp;<\/p>\n<h2 data-start=\"549\" data-end=\"976\"><\/h2>\n<h2><strong>Com'\u00e8 il fiore di CBD Iguana Kush?<\/strong><\/h2>\n<p><span style=\"font-weight: 400;\">Questo fiore CBD \u00e8 una variet\u00e0 Kush conosciuta in tutto il mondo per i suoi effetti calmanti. L'Iguana Kush onora questa eredit\u00e0 con un aroma classico, ma aggiunge un carattere unico grazie al suo raffinato profilo terpenico. \u00c8 perfetta anche per chi desidera acquistare fiori di CBD online per un'esperienza intensa, ricca di aromi e con una presenza visiva travolgente.\u00a0<\/span><\/p>\n<ul>\n<li><span style=\"font-weight: 400;\"><strong>Tipo e percentuale di CBD:<\/strong> Questo fiore \u00e8 a dominanza Indica e contiene 15% di CBD.<\/span><\/li>\n<li><span style=\"font-weight: 400;\"><strong>Aspetto<\/strong>: boccioli\u00a0<\/span><span style=\"font-weight: 400;\"><b>denso e grande,<\/b> con toni verde scuro e pistilli ambrati. Alto contenuto di resina.<\/span><\/li>\n<li><span style=\"font-weight: 400;\"><strong>Aroma<\/strong>Terroso, dolce e leggermente agrumato. Con un accenno di spezie.\u00a0<\/span><\/li>\n<li><span style=\"font-weight: 400;\"><strong>Origine<\/strong>: proviene da un <strong>genetica<\/strong> <strong>selezionati:<\/strong> discendente della linea OG Kush ma prodotta in casa: esclusiva della casa.\u00a0<\/span><\/li>\n<\/ul>\n<p><span style=\"font-weight: 400;\">Ma se siete davvero interessati e volete saperne di pi\u00f9 sulla differenza tra fiori Indica e Sativa, visitate il nostro ultimo post sul blog: <\/span><a href=\"https:\/\/iguanasmoke.com\/it\/differenze-indica-sativa-fiori-cbd\/\"><strong>Indica vs Sativa: quello che nessuno vi dice sulla cannabis e sui fiori di CBD.<\/strong><\/a><\/p>\n<h3 data-start=\"1732\" data-end=\"1780\"><\/h3>\n<p>&nbsp;<\/p>\n<h2><strong>Una guida rapida per scegliere le gemme di CBD giuste <\/strong><\/h2>\n<ul>\n<li><span style=\"font-weight: 400;\">Controllare il contenuto di CBD e THC. <\/span><\/li>\n<li><span style=\"font-weight: 400;\">Scegliere marchi affidabili e trasparenti <\/span><\/li>\n<li><span style=\"font-weight: 400;\">Verifica delle certificazioni e dei controlli di qualit\u00e0 <\/span><\/li>\n<li><span style=\"font-weight: 400;\">Guarda le recensioni dei clienti reali <\/span><\/li>\n<\/ul>\n<p><span style=\"font-weight: 400;\">A <strong>Fumo di iguana<\/strong>, la nostra comunit\u00e0 \u00e8 la migliore garanzia di fiducia.\u00a0<\/span><\/p>\n<p>&nbsp;<\/p>\n<h2 data-start=\"1548\" data-end=\"1601\">Perch\u00e9 acquistare i fiori di CBD da Iguana Smoke?<\/h2>\n<p data-start=\"2504\" data-end=\"2696\"><span style=\"font-weight: 400;\">Se vi state chiedendo dove acquistare fiori di CBD online, noi di Iguana Smoke vi diamo diversi motivi per farlo con noi: <\/span><\/p>\n<ol>\n<li style=\"list-style-type: none;\">\n<ol>\n<li data-start=\"2504\" data-end=\"2696\"><span style=\"font-weight: 400;\">\u2705 <strong>Fiori di CBD premium ed economici:<\/strong> di alta qualit\u00e0 a prezzi equi, a partire da 2,20 euro\/g.<\/span><\/li>\n<li data-start=\"2504\" data-end=\"2696\"><span style=\"font-weight: 400;\">\u2705 <strong>Agricoltura biologica:<\/strong> senza pesticidi, senza sostanze chimiche, senza OGM<\/span><\/li>\n<li data-start=\"2504\" data-end=\"2696\"><span style=\"font-weight: 400;\">\u2705 <strong>Contenuto di THC &lt; 0,3%:<\/strong> legale 100% in Spagna e in Europa<\/span><\/li>\n<li data-start=\"2504\" data-end=\"2696\"><span style=\"font-weight: 400;\">\u2705 <strong>Consegna rapida e discreta:<\/strong> in 24\/48 ore lo avete a casa vostra<\/span><\/li>\n<li data-start=\"2504\" data-end=\"2696\"><span style=\"font-weight: 400;\"> \u2705 <strong>Piattaforma di pagamento sicura<\/strong><\/span><\/li>\n<li data-start=\"2504\" data-end=\"2696\"><span style=\"font-weight: 400;\">\u2705 <strong>Esperti in prodotti CBD<\/strong>: <strong><a href=\"https:\/\/iguanasmoke.com\/it\/categoria\/hashish-cbd\/\">Resine<\/a><\/strong>, <a href=\"https:\/\/iguanasmoke.com\/it\/categoria\/olio-di-cbd\/\"><strong>Oli<\/strong><\/a>, <a href=\"https:\/\/iguanasmoke.com\/it\/categoria\/pop-corn-cbd-cbd-piccole-gemme-cbd-mini-gemme-cbd\/\"><strong>Pop Corn<\/strong><\/a>, <a href=\"https:\/\/iguanasmoke.com\/it\/categoria\/estratti-di-cbd\/\"><strong>Estratti<\/strong><\/a>, <a href=\"https:\/\/iguanasmoke.com\/it\/categoria\/cbd-vaper-2\/\"><strong>Vapers<\/strong> <\/a>e molto altro ancora<\/span><\/li>\n<\/ol>\n<\/li>\n<\/ol>\n<p><span style=\"font-weight: 400;\">Inoltre, tutti i nostri Fiori di CBD sono<strong> approvato dall'UE<\/strong>, Ne garantiamo la legalit\u00e0 e la sicurezza. Abbiamo<a href=\"https:\/\/iguanasmoke.com\/it\/analitica\/\"><strong> rapporti di laboratorio indipendenti<\/strong><\/a> per verificarne la qualit\u00e0 e la tracciabilit\u00e0. <\/span><\/p>\n<p><span style=\"font-weight: 400;\">Avete gi\u00e0 provato il nostro <strong><a href=\"https:\/\/iguanasmoke.com\/it\/prodotto\/acquistare-gemme-di-fiori-di-cbd-flor-gelato-online\/\">CBD Gelato Fiore<\/a><\/strong>, <a style=\"font-weight: 400;\" href=\"https:\/\/iguanasmoke.com\/it\/prodotto\/comprare-fiore-sour-diesel-cbd-fiore-online-marijuana-legale\/\"><strong>Diesel acido <\/strong><\/a>e<a style=\"font-weight: 400;\" href=\"https:\/\/iguanasmoke.com\/it\/prodotto\/acquistare-gemme-di-fiori-di-cbd-di-flower-sour-tsunami-online\/\"><strong> Tsunami acido<\/strong><\/a>? Non perdetevi il <strong><a href=\"https:\/\/iguanasmoke.com\/it\/categoria\/fiori-di-cbd-4\/fiori-di-cbd-da-interno\/\">Fiori da interno pi\u00f9 pregiati<\/a> <\/strong>o il <a style=\"font-weight: 400;\" href=\"https:\/\/iguanasmoke.com\/it\/categoria\/pop-corn-cbd-cbd-piccole-gemme-cbd-mini-gemme-cbd\/\"><strong>Piccole gemme di CBD - Pop Corn<\/strong><\/a> pi\u00f9 famoso del mercato.<\/span><\/p>\n<p>&nbsp;<\/p>\n<h3><b>Iguana Smoke \u00e8 il vostro negozio online di CBD\u00a0<\/b><\/h3>\n<p><span style=\"font-weight: 400;\">A<strong> Fumo di iguana<\/strong>, Crediamo che il consumo di CBD debba essere un'esperienza sicura. Ecco perch\u00e9 abbiamo prodotti come questo <strong>Fiore CBD Iguana Kush<\/strong>, Il marchio si rivolge alle nuove generazioni: persone che cercano un benessere senza complicazioni, con marchi autentici e affidabili. <\/span><\/p>\n<p><span style=\"font-weight: 400;\">La nostra missione \u00e8 chiara:<strong> Il meglio del mondo del CBD a un prezzo equo<\/strong>. Inoltre, vi garantiamo la tranquillit\u00e0 che deriva dalla consapevolezza di aver scelto un'azienda <strong>prodotto certificato, efficace e legale 100%<\/strong>. Fate il grande passo, acquistate oggi il vostro fiore di CBD e portate la vostra esperienza a un altro livello.\u00a0<\/span><\/p>\n<p>Ancora dubbi? Scriveteci e saremo lieti di aiutarvi a trovare il prodotto giusto per voi.<\/p>\n<p>&nbsp;<\/p>\n<h6>\u2139\ufe0f<strong> Informazioni legali<\/strong><\/h6>\n<p><em><span style=\"font-weight: 400;\">*Prodotto destinato alla raccolta o all'aromaterapia, in conformit\u00e0 alla legislazione spagnola vigente. <\/span><\/em><\/p>\n<p><em><span style=\"font-weight: 400;\">**Derivato da canapa industriale certificata. Contiene meno dello 0,3 di THC e non contiene cannabinoidi illegali come HHC, HHC-P, THCP, THCP-O, H4CBD o sostanze elencate nell'Allegato I del Regio Decreto 2829\/1977, n\u00e9 sostanze controllate da convenzioni internazionali.\u00a0\u00a0<\/span><\/em><\/p>\n<p>&nbsp;<\/p>\n<h3><strong>\ud83d\udcac FAQS Fiore di CBD Iguana Kush: <\/strong><\/h3>\n<h4><span style=\"font-weight: 400;\">Il fiore di CBD produce un \u201chigh\u201d?\u00a0<\/span><\/h4>\n<p><span style=\"font-weight: 400;\"><strong>No<\/strong>, I fiori di CBD non producono effetti psicoattivi, quindi non li sentirete, ma sentirete effetti rilassanti.\u00a0<\/span><\/p>\n<h4><span style=\"font-weight: 400;\">\u00c8 legale acquistare fiori di CBD in Spagna?\u00a0<\/span><\/h4>\n<p><span style=\"font-weight: 400;\"><strong>S\u00ec<\/strong>, Fiori di CBD<strong> possono essere legalmente commercializzati in Spagna<\/strong> a condizione che sia conforme alle normative europee: che contenga meno di 0,3% di THC e che abbia analisi di laboratorio indipendenti e tracciabilit\u00e0. <\/span><\/p>\n<h4><span style=\"font-weight: 400;\">Da quale tipo di coltivazione proviene questo fiore di CBD?\u00a0<\/span><\/h4>\n<p data-start=\"3103\" data-end=\"3345\"><span style=\"font-weight: 400;\">Questo fiore di CBD proviene da un <strong>Coltivazione in serra<\/strong> (serra) certificata biologica. \u00c8 inoltre privo di sostanze chimiche e quindi rispettoso dell'ambiente.<\/span><\/p>","protected":false},"excerpt":{"rendered":"<p><span style=\"font-size: 16px; font-weight: 400;\">Questa CBD Flower \u00e8 una variet\u00e0 esclusiva, sviluppata dalla nostra casa a partire da genetiche Kush.\u00a0<\/span><\/p>\n<ul>\n<li><strong>CBD: 15%<\/strong><\/li>\n<li>THC: &lt;0,3%<\/li>\n<li>Indica dominante<\/li>\n<li>Aroma speziato<\/li>\n<li>100% legale Spagna e Europa<\/li>\n<\/ul>\n<p><span style=\"font-weight: 400;\">Consultazione<strong> <a href=\"https:\/\/iguanasmoke.com\/it\/analitica\/\">analisi di laboratorio.<\/a><\/strong><\/span><\/p>","protected":false},"featured_media":58886,"comment_status":"open","ping_status":"closed","template":"","meta":{"_acf_changed":false,"site-sidebar-layout":"default","site-content-layout":"default","ast-site-content-layout":"default","site-content-style":"default","site-sidebar-style":"default","ast-global-header-display":"","ast-banner-title-visibility":"","ast-main-header-display":"","ast-hfb-above-header-display":"","ast-hfb-below-header-display":"","ast-hfb-mobile-header-display":"","site-post-title":"","ast-breadcrumbs-content":"","ast-featured-img":"","footer-sml-layout":"","theme-transparent-header-meta":"default","adv-header-id-meta":"","stick-header-meta":"","header-above-stick-meta":"","header-main-stick-meta":"","header-below-stick-meta":"","astra-migrate-meta-layouts":"set","ast-page-background-enabled":"default","ast-page-background-meta":{"desktop":{"background-color":"var(--ast-global-color-4)","background-image":"","background-repeat":"repeat","background-position":"center center","background-size":"auto","background-attachment":"scroll","background-type":"","background-media":"","overlay-type":"","overlay-color":"","overlay-opacity":"","overlay-gradient":""},"tablet":{"background-color":"","background-image":"","background-repeat":"repeat","background-position":"center center","background-size":"auto","background-attachment":"scroll","background-type":"","background-media":"","overlay-type":"","overlay-color":"","overlay-opacity":"","overlay-gradient":""},"mobile":{"background-color":"","background-image":"","background-repeat":"repeat","background-position":"center center","background-size":"auto","background-attachment":"scroll","background-type":"","background-media":"","overlay-type":"","overlay-color":"","overlay-opacity":"","overlay-gradient":""}},"ast-content-background-meta":{"desktop":{"background-color":"var(--ast-global-color-5)","background-image":"","background-repeat":"repeat","background-position":"center center","background-size":"auto","background-attachment":"scroll","background-type":"","background-media":"","overlay-type":"","overlay-color":"","overlay-opacity":"","overlay-gradient":""},"tablet":{"background-color":"var(--ast-global-color-5)","background-image":"","background-repeat":"repeat","background-position":"center center","background-size":"auto","background-attachment":"scroll","background-type":"","background-media":"","overlay-type":"","overlay-color":"","overlay-opacity":"","overlay-gradient":""},"mobile":{"background-color":"var(--ast-global-color-5)","background-image":"","background-repeat":"repeat","background-position":"center center","background-size":"auto","background-attachment":"scroll","background-type":"","background-media":"","overlay-type":"","overlay-color":"","overlay-opacity":"","overlay-gradient":""}}},"product_brand":[],"product_cat":[598,328],"product_tag":[],"class_list":{"0":"post-14030","1":"product","2":"type-product","3":"status-publish","4":"has-post-thumbnail","6":"product_cat-flores-cbd-greenhouse","7":"product_cat-comprar-flores-de-cbd-y-cogollos-de-cbd","8":"desktop-align-center","9":"tablet-align-center","10":"mobile-align-center","12":"first","13":"instock","14":"featured","15":"taxable","16":"shipping-taxable","17":"purchasable","18":"product-type-variable"},"acf":[],"yoast_head":"<!-- This site is optimized with the Yoast SEO Premium plugin v27.3 (Yoast SEO v27.3) - https:\/\/yoast.com\/product\/yoast-seo-premium-wordpress\/ -->\n<title>Flor CBD Iguana Kush: Exclusiva y potente | Iguana Smoke<\/title>\n<meta name=\"description\" content=\"Descubre la Flor CBD Iguana Kush en Iguana Smoke. Calidad premium, aroma brutal y menos del 0,3% THC. Mejora tu bienestar al comprar flores CBD online.\" \/>\n<meta name=\"robots\" content=\"index, follow, max-snippet:-1, max-image-preview:large, max-video-preview:-1\" \/>\n<link rel=\"canonical\" href=\"https:\/\/iguanasmoke.com\/it\/prodotto\/comprare-fiori-iguana-kush-cbd-cbd-buds-online\/\" \/>\n<meta property=\"og:locale\" content=\"it_IT\" \/>\n<meta property=\"og:type\" content=\"article\" \/>\n<meta property=\"og:title\" content=\"Flor de CBD Iguana Kush\" \/>\n<meta property=\"og:description\" content=\"Esta Flor CBD es una variedad exclusiva, desarrollada por nuestra casa a partir de la gen\u00e9tica Kush.\u00a0   CBD: 15%  THC: &lt;0,3%  Dominante \u00cdndica  Aroma especiado  100% legal Espa\u00f1a y Europa  Consulta el an\u00e1lisis de laboratorio.\" \/>\n<meta property=\"og:url\" content=\"https:\/\/iguanasmoke.com\/it\/prodotto\/comprare-fiori-iguana-kush-cbd-cbd-buds-online\/\" \/>\n<meta property=\"og:site_name\" content=\"Iguana Smoke\" \/>\n<meta property=\"article:publisher\" content=\"https:\/\/www.facebook.com\/iguanasmoke\" \/>\n<meta property=\"article:modified_time\" content=\"2026-03-16T00:07:38+00:00\" \/>\n<meta property=\"og:image\" content=\"https:\/\/iguanasmoke.com\/wp-content\/uploads\/2023\/03\/Diseno-sin-titulo-11.webp\" \/>\n\t<meta property=\"og:image:width\" content=\"1000\" \/>\n\t<meta property=\"og:image:height\" content=\"1000\" \/>\n\t<meta property=\"og:image:type\" content=\"image\/webp\" \/>\n<meta name=\"twitter:card\" content=\"summary_large_image\" \/>\n<meta name=\"twitter:label1\" content=\"Disponibilit\u00e0\" \/>\n\t<meta name=\"twitter:data1\" content=\"In stock\" \/>\n<meta property=\"product:brand\" content=\"variable\" \/>\n<meta property=\"og:availability\" content=\"instock\" \/>\n<meta property=\"product:availability\" content=\"instock\" \/>\n<meta property=\"product:condition\" content=\"new\" \/>\n<!-- \/ Yoast SEO Premium plugin. -->","yoast_head_json":{"title":"Fiore CBD Iguana Kush: esclusivo e potente : Iguana Smoke","description":"Scoprite il fiore CBD Iguana Kush in Iguana Smoke. Qualit\u00e0 premium, aroma brutale e meno di 0,3% THC. Migliorate il vostro benessere acquistando fiori CBD online.","robots":{"index":"index","follow":"follow","max-snippet":"max-snippet:-1","max-image-preview":"max-image-preview:large","max-video-preview":"max-video-preview:-1"},"canonical":"https:\/\/iguanasmoke.com\/it\/prodotto\/comprare-fiori-iguana-kush-cbd-cbd-buds-online\/","og_locale":"it_IT","og_type":"article","og_title":"Flor de CBD Iguana Kush","og_description":"Esta Flor CBD es una variedad exclusiva, desarrollada por nuestra casa a partir de la gen\u00e9tica Kush.\u00a0   CBD: 15%  THC: &lt;0,3%  Dominante \u00cdndica  Aroma especiado  100% legal Espa\u00f1a y Europa  Consulta el an\u00e1lisis de laboratorio.","og_url":"https:\/\/iguanasmoke.com\/it\/prodotto\/comprare-fiori-iguana-kush-cbd-cbd-buds-online\/","og_site_name":"Iguana Smoke","article_publisher":"https:\/\/www.facebook.com\/iguanasmoke","article_modified_time":"2026-03-16T00:07:38+00:00","og_image":[{"width":1000,"height":1000,"url":"https:\/\/iguanasmoke.com\/wp-content\/uploads\/2023\/03\/Diseno-sin-titulo-11.webp","type":"image\/webp"}],"twitter_card":"summary_large_image","twitter_misc":{"Disponibilit\u00e0":"In stock"},"schema":{"@context":"https:\/\/schema.org","@graph":[{"@type":"WebPage","@id":"https:\/\/iguanasmoke.com\/producto\/comprar-flor-iguana-kush-cbd-cogollos-online\/","url":"https:\/\/iguanasmoke.com\/producto\/comprar-flor-iguana-kush-cbd-cogollos-online\/","name":"Fiore CBD Iguana Kush: esclusivo e potente : Iguana Smoke","isPartOf":{"@id":"https:\/\/iguanasmoke.com\/#website"},"primaryImageOfPage":{"@id":"https:\/\/iguanasmoke.com\/producto\/comprar-flor-iguana-kush-cbd-cogollos-online\/#primaryimage"},"image":{"@id":"https:\/\/iguanasmoke.com\/producto\/comprar-flor-iguana-kush-cbd-cogollos-online\/#primaryimage"},"thumbnailUrl":"https:\/\/iguanasmoke.com\/wp-content\/uploads\/2023\/03\/Diseno-sin-titulo-11.webp","datePublished":"2023-03-07T16:17:09+00:00","dateModified":"2026-03-16T00:07:38+00:00","description":"Scoprite il fiore CBD Iguana Kush in Iguana Smoke. Qualit\u00e0 premium, aroma brutale e meno di 0,3% THC. Migliorate il vostro benessere acquistando fiori CBD online.","breadcrumb":{"@id":"https:\/\/iguanasmoke.com\/producto\/comprar-flor-iguana-kush-cbd-cogollos-online\/#breadcrumb"},"inLanguage":"it-IT","potentialAction":[{"@type":"ReadAction","target":["https:\/\/iguanasmoke.com\/producto\/comprar-flor-iguana-kush-cbd-cogollos-online\/"]}]},{"@type":"ImageObject","inLanguage":"it-IT","@id":"https:\/\/iguanasmoke.com\/producto\/comprar-flor-iguana-kush-cbd-cogollos-online\/#primaryimage","url":"https:\/\/iguanasmoke.com\/wp-content\/uploads\/2023\/03\/Diseno-sin-titulo-11.webp","contentUrl":"https:\/\/iguanasmoke.com\/wp-content\/uploads\/2023\/03\/Diseno-sin-titulo-11.webp","width":1000,"height":1000,"caption":"iguana kush flor y cogollo cbd"},{"@type":"BreadcrumbList","@id":"https:\/\/iguanasmoke.com\/producto\/comprar-flor-iguana-kush-cbd-cogollos-online\/#breadcrumb","itemListElement":[{"@type":"ListItem","position":1,"name":"home","item":"https:\/\/iguanasmoke.com\/"},{"@type":"ListItem","position":2,"name":"Tienda","item":"https:\/\/iguanasmoke.com\/tienda\/"},{"@type":"ListItem","position":3,"name":"Flores de CBD","item":"https:\/\/iguanasmoke.com\/categoria\/comprar-flores-de-cbd-y-cogollos-de-cbd\/"},{"@type":"ListItem","position":4,"name":"Flor de CBD Iguana Kush"}]},{"@type":"WebSite","@id":"https:\/\/iguanasmoke.com\/#website","url":"https:\/\/iguanasmoke.com\/","name":"Fumo di iguana","description":"Acquistare CBD online al miglior prezzo","publisher":{"@id":"https:\/\/iguanasmoke.com\/#organization"},"potentialAction":[{"@type":"SearchAction","target":{"@type":"EntryPoint","urlTemplate":"https:\/\/iguanasmoke.com\/?s={search_term_string}"},"query-input":{"@type":"PropertyValueSpecification","valueRequired":true,"valueName":"search_term_string"}}],"inLanguage":"it-IT"},{"@type":"Organization","@id":"https:\/\/iguanasmoke.com\/#organization","name":"Fumo di iguana","url":"https:\/\/iguanasmoke.com\/","logo":{"@type":"ImageObject","inLanguage":"it-IT","@id":"https:\/\/iguanasmoke.com\/#\/schema\/logo\/image\/","url":"https:\/\/iguanasmoke.com\/wp-content\/uploads\/2025\/01\/logoiguana-favi-1.png","contentUrl":"https:\/\/iguanasmoke.com\/wp-content\/uploads\/2025\/01\/logoiguana-favi-1.png","width":512,"height":512,"caption":"Iguana Smoke"},"image":{"@id":"https:\/\/iguanasmoke.com\/#\/schema\/logo\/image\/"},"sameAs":["https:\/\/www.facebook.com\/iguanasmoke","https:\/\/www.instagram.com\/iguanasmoke\/"]}]},"product_brand":"variable","og_availability":"instock","product_availability":"instock","product_condition":"new"},"_links":{"self":[{"href":"https:\/\/iguanasmoke.com\/it\/wp-json\/wp\/v2\/product\/14030","targetHints":{"allow":["GET"]}}],"collection":[{"href":"https:\/\/iguanasmoke.com\/it\/wp-json\/wp\/v2\/product"}],"about":[{"href":"https:\/\/iguanasmoke.com\/it\/wp-json\/wp\/v2\/types\/product"}],"replies":[{"embeddable":true,"href":"https:\/\/iguanasmoke.com\/it\/wp-json\/wp\/v2\/comments?post=14030"}],"wp:featuredmedia":[{"embeddable":true,"href":"https:\/\/iguanasmoke.com\/it\/wp-json\/wp\/v2\/media\/58886"}],"wp:attachment":[{"href":"https:\/\/iguanasmoke.com\/it\/wp-json\/wp\/v2\/media?parent=14030"}],"wp:term":[{"taxonomy":"product_brand","embeddable":true,"href":"https:\/\/iguanasmoke.com\/it\/wp-json\/wp\/v2\/product_brand?post=14030"},{"taxonomy":"product_cat","embeddable":true,"href":"https:\/\/iguanasmoke.com\/it\/wp-json\/wp\/v2\/product_cat?post=14030"},{"taxonomy":"product_tag","embeddable":true,"href":"https:\/\/iguanasmoke.com\/it\/wp-json\/wp\/v2\/product_tag?post=14030"}],"curies":[{"name":"wp","href":"https:\/\/api.w.org\/{rel}","templated":true}]}}