{"id":15478,"date":"2023-04-15T13:18:45","date_gmt":"2023-04-15T11:18:45","guid":{"rendered":"https:\/\/iguanasmoke.com\/?post_type=product&#038;p=15478"},"modified":"2025-12-17T13:49:59","modified_gmt":"2025-12-17T12:49:59","slug":"popcorn-sour-tsunami-cbd-3gr-regalo","status":"publish","type":"product","link":"https:\/\/iguanasmoke.com\/it\/producto\/popcorn-sour-tsunami-cbd-3gr-regalo\/","title":{"rendered":"Popcorn Sour Tsunami CBD 3g Regalo gratuito"},"content":{"rendered":"<h3>Popcorn Sour Tsunami CBD<\/h3>\n<p>Il CBD Popcorn Sour Tsunami \u00e8 noto per il suo odore caratteristico: dolce e di gasolio. Alcuni possono notare un aroma di cioccolato. Nell'espirazione si pu\u00f2 percepire un odore aspro o amaro, da cui il nome. Le cime sono verdi, alcune pi\u00f9 chiare di altre, e sfumate di viola.<\/p>\n<p style=\"text-align: justify\">I fiori di CBD di Iguana Smoke sono raccolti in Spagna in modo 100% organico, senza pesticidi e OGM.<\/p>\n<p style=\"text-align: justify\">Tutti i fiori di Iguana Smoke sono legali 100% in quanto raccolti da piante di Cannabis Sativa approvate dall'UE e contengono meno di 0,2% di THC, quindi non hanno alcun effetto psicoattivo.<\/p>\n<h3>ACQUISTARE FIORI DI CBD FUMO DI IGUANA<\/h3>\n<p>Se siete alla ricerca di un modo facile e conveniente per acquistare fiori di CBD nel Regno Unito, non c'\u00e8 opzione migliore dello shopping online. L'acquisto di fiori di CBD online vi d\u00e0 accesso a un'ampia variet\u00e0 di prodotti di alta qualit\u00e0 senza dover uscire di casa.<\/p>\n<p>Il mercato del CBD \u00e8 cresciuto in modo significativo negli ultimi anni, il che significa che ci sono molte opzioni disponibili per i consumatori. Quando si acquistano fiori di CBD online, \u00e8 possibile confrontare facilmente diverse marche e prodotti per trovare l'opzione migliore per voi.<\/p>\n<p>Noi di Iguana Smoke ci proponiamo di offrire la migliore qualit\u00e0 in tutti i nostri prodotti. Selezioniamo i nostri fiori di CBD uno per uno per essere sicuri di offrirvi solo il meglio. Acquistate i migliori fiori di CBD in Spagna nel nostro negozio online e constatate voi stessi la grande qualit\u00e0 di Iguana Smoke.<\/p>\n<h3>CANAPA 100% BIOLOGICA, SENZA PESTICIDI E OGM<\/h3>\n<p>I fiori di CBD di Iguana Smoke sono raccolti in Spagna in modo sostenibile, con canapa biologica 100%, senza pesticidi e OGM. Tutti i fiori di CBD di Iguana Smoke sono estratti da piante di Cannabis Sativa approvate dall'UE. Contengono meno dello 0,2% di THC, quindi non hanno alcun effetto psicoattivo e sono 100% legali.<\/p>\n<h3>PERCH\u00c9 IL FUMO DI IGUANA?<\/h3>\n<p>Iguana Smoke \u00e8 sinonimo di qualit\u00e0; un marchio attraente che si connette con le nuove generazioni di consumatori di CBD che cercano un prodotto sicuro, affidabile e conveniente che abbia tutte le caratteristiche per posizionarsi con successo nel fiorente mercato del CBD. Se avete domande, contattateci e saremo lieti di aiutarvi.<\/p>\n<p>Acquistate i fiori di CBD al miglior prezzo sul nostro sito e scoprite l'intera linea di prodotti derivati dalla canapa che abbiamo a disposizione per voi.<\/p>","protected":false},"excerpt":{"rendered":"<ul>\n<li>CBD: 15% \/ THC: &lt; 0,2%<\/li>\n<li>Piccole gemme<\/li>\n<li>A dominanza sativa<\/li>\n<li>Aroma forte con toni dolci<\/li>\n<\/ul>\n<p>100% legale in Europa<\/p>\n<p>Analisi della qualit\u00e0: clicca <a href=\"https:\/\/iguanasmoke.com\/wp-content\/uploads\/2018\/02\/Flor-Sour-Tsunami.pdf\" target=\"_blank\" rel=\"noopener\">qui<\/a><\/p>\n<p>Il CBD Popcorn Sour Tsunami \u00e8 noto per il suo odore caratteristico: dolce e di gasolio. Alcuni possono notare un aroma di cioccolato.<\/p>","protected":false},"featured_media":15360,"comment_status":"open","ping_status":"closed","template":"","meta":{"_acf_changed":false,"site-sidebar-layout":"default","site-content-layout":"default","ast-site-content-layout":"default","site-content-style":"default","site-sidebar-style":"default","ast-global-header-display":"","ast-banner-title-visibility":"","ast-main-header-display":"","ast-hfb-above-header-display":"","ast-hfb-below-header-display":"","ast-hfb-mobile-header-display":"","site-post-title":"","ast-breadcrumbs-content":"","ast-featured-img":"","footer-sml-layout":"","theme-transparent-header-meta":"default","adv-header-id-meta":"","stick-header-meta":"","header-above-stick-meta":"","header-main-stick-meta":"","header-below-stick-meta":"","astra-migrate-meta-layouts":"set","ast-page-background-enabled":"default","ast-page-background-meta":{"desktop":{"background-color":"var(--ast-global-color-4)","background-image":"","background-repeat":"repeat","background-position":"center center","background-size":"auto","background-attachment":"scroll","background-type":"","background-media":"","overlay-type":"","overlay-color":"","overlay-opacity":"","overlay-gradient":""},"tablet":{"background-color":"","background-image":"","background-repeat":"repeat","background-position":"center center","background-size":"auto","background-attachment":"scroll","background-type":"","background-media":"","overlay-type":"","overlay-color":"","overlay-opacity":"","overlay-gradient":""},"mobile":{"background-color":"","background-image":"","background-repeat":"repeat","background-position":"center center","background-size":"auto","background-attachment":"scroll","background-type":"","background-media":"","overlay-type":"","overlay-color":"","overlay-opacity":"","overlay-gradient":""}},"ast-content-background-meta":{"desktop":{"background-color":"var(--ast-global-color-5)","background-image":"","background-repeat":"repeat","background-position":"center center","background-size":"auto","background-attachment":"scroll","background-type":"","background-media":"","overlay-type":"","overlay-color":"","overlay-opacity":"","overlay-gradient":""},"tablet":{"background-color":"var(--ast-global-color-5)","background-image":"","background-repeat":"repeat","background-position":"center center","background-size":"auto","background-attachment":"scroll","background-type":"","background-media":"","overlay-type":"","overlay-color":"","overlay-opacity":"","overlay-gradient":""},"mobile":{"background-color":"var(--ast-global-color-5)","background-image":"","background-repeat":"repeat","background-position":"center center","background-size":"auto","background-attachment":"scroll","background-type":"","background-media":"","overlay-type":"","overlay-color":"","overlay-opacity":"","overlay-gradient":""}}},"product_brand":[],"product_cat":[447,209],"product_tag":[],"class_list":{"0":"post-15478","1":"product","2":"type-product","3":"status-publish","4":"has-post-thumbnail","6":"product_cat-pop-corn-cbd-cogollos-pequenos-cbd-mini-buds-cbd","7":"product_cat-uncategorized","8":"desktop-align-center","9":"tablet-align-center","10":"mobile-align-center","12":"first","13":"outofstock","14":"taxable","15":"shipping-taxable","16":"purchasable","17":"product-type-simple"},"acf":[],"yoast_head":"<!-- This site is optimized with the Yoast SEO Premium plugin v27.3 (Yoast SEO v27.3) - https:\/\/yoast.com\/product\/yoast-seo-premium-wordpress\/ -->\n<title>Popcorn Sour Tsunami CBD 3gr Regalo | Iguana Smoke<\/title>\n<meta name=\"description\" content=\"Compra flores Popcorn Sour Tsunami CBD al mejor precio y con una calidad inigualable en Iguana Smoke. Env\u00edo gratuito en Espa\u00f1a y Portugal a partir de 30\u20ac.\" \/>\n<meta name=\"robots\" content=\"index, follow, max-snippet:-1, max-image-preview:large, max-video-preview:-1\" \/>\n<link rel=\"canonical\" href=\"https:\/\/iguanasmoke.com\/it\/prodotto\/popcorn-sour-tsunami-cbd-3gr-regalo\/\" \/>\n<meta property=\"og:locale\" content=\"it_IT\" \/>\n<meta property=\"og:type\" content=\"article\" \/>\n<meta property=\"og:title\" content=\"Popcorn Sour Tsunami CBD 3gr Regalo\" \/>\n<meta property=\"og:description\" content=\"CBD: 15% \/ THC: &lt; 0,2%  Cogollos peque\u00f1os  Dominante Sativa  Aroma fuerte con tonos dulces  100% legal en Europa  An\u00e1lisis de calidad: pincha aqu\u00ed  Popcorn Sour Tsunami CBD es conocida por su olor distintivo: dulce y a combustible diesel. Algunos pueden notar un aroma a chocolate.\" \/>\n<meta property=\"og:url\" content=\"https:\/\/iguanasmoke.com\/it\/prodotto\/popcorn-sour-tsunami-cbd-3gr-regalo\/\" \/>\n<meta property=\"og:site_name\" content=\"Iguana Smoke\" \/>\n<meta property=\"article:publisher\" content=\"https:\/\/www.facebook.com\/iguanasmoke\" \/>\n<meta property=\"article:modified_time\" content=\"2025-12-17T12:49:59+00:00\" \/>\n<meta property=\"og:image\" content=\"https:\/\/i0.wp.com\/iguanasmoke.com\/wp-content\/uploads\/2022\/09\/Pop-con-mockup.webp?fit=500%2C500&ssl=1\" \/>\n\t<meta property=\"og:image:width\" content=\"500\" \/>\n\t<meta property=\"og:image:height\" content=\"500\" \/>\n\t<meta property=\"og:image:type\" content=\"image\/webp\" \/>\n<meta name=\"twitter:card\" content=\"summary_large_image\" \/>\n<meta name=\"twitter:label1\" content=\"Prezzo\" \/>\n\t<meta name=\"twitter:data1\" content=\"5,00&nbsp;&euro;\" \/>\n\t<meta name=\"twitter:label2\" content=\"Disponibilit\u00e0\" \/>\n\t<meta name=\"twitter:data2\" content=\"Esaurito\" \/>\n<meta property=\"product:brand\" content=\"simple\" \/>\n<meta property=\"product:price:amount\" content=\"5.00\" \/>\n<meta property=\"product:price:currency\" content=\"EUR\" \/>\n<meta property=\"og:availability\" content=\"out of stock\" \/>\n<meta property=\"product:availability\" content=\"out of stock\" \/>\n<meta property=\"product:retailer_item_id\" content=\"IS-POP-SOURT-3G-1\" \/>\n<meta property=\"product:condition\" content=\"new\" \/>\n<!-- \/ Yoast SEO Premium plugin. -->","yoast_head_json":{"title":"Popcorn Sour Tsunami CBD 3gr Regalo : Iguana Smoke","description":"Acquista i fiori di CBD Popcorn Sour Tsunami al miglior prezzo e con una qualit\u00e0 imbattibile su Iguana Smoke. Spedizione gratuita in Spagna e Portogallo a partire da 30\u20ac.","robots":{"index":"index","follow":"follow","max-snippet":"max-snippet:-1","max-image-preview":"max-image-preview:large","max-video-preview":"max-video-preview:-1"},"canonical":"https:\/\/iguanasmoke.com\/it\/prodotto\/popcorn-sour-tsunami-cbd-3gr-regalo\/","og_locale":"it_IT","og_type":"article","og_title":"Popcorn Sour Tsunami CBD 3gr Regalo","og_description":"CBD: 15% \/ THC: &lt; 0,2%  Cogollos peque\u00f1os  Dominante Sativa  Aroma fuerte con tonos dulces  100% legal en Europa  An\u00e1lisis de calidad: pincha aqu\u00ed  Popcorn Sour Tsunami CBD es conocida por su olor distintivo: dulce y a combustible diesel. Algunos pueden notar un aroma a chocolate.","og_url":"https:\/\/iguanasmoke.com\/it\/prodotto\/popcorn-sour-tsunami-cbd-3gr-regalo\/","og_site_name":"Iguana Smoke","article_publisher":"https:\/\/www.facebook.com\/iguanasmoke","article_modified_time":"2025-12-17T12:49:59+00:00","og_image":[{"width":500,"height":500,"url":"https:\/\/i0.wp.com\/iguanasmoke.com\/wp-content\/uploads\/2022\/09\/Pop-con-mockup.webp?fit=500%2C500&ssl=1","type":"image\/webp"}],"twitter_card":"summary_large_image","twitter_misc":{"Prezzo":"5,00&nbsp;&euro;","Disponibilit\u00e0":"Esaurito"},"schema":{"@context":"https:\/\/schema.org","@graph":[{"@type":"WebPage","@id":"https:\/\/iguanasmoke.com\/producto\/popcorn-sour-tsunami-cbd-3gr-regalo\/","url":"https:\/\/iguanasmoke.com\/producto\/popcorn-sour-tsunami-cbd-3gr-regalo\/","name":"Popcorn Sour Tsunami CBD 3gr Regalo : Iguana Smoke","isPartOf":{"@id":"https:\/\/iguanasmoke.com\/#website"},"primaryImageOfPage":{"@id":"https:\/\/iguanasmoke.com\/producto\/popcorn-sour-tsunami-cbd-3gr-regalo\/#primaryimage"},"image":{"@id":"https:\/\/iguanasmoke.com\/producto\/popcorn-sour-tsunami-cbd-3gr-regalo\/#primaryimage"},"thumbnailUrl":"https:\/\/iguanasmoke.com\/wp-content\/uploads\/2022\/09\/Pop-con-mockup.webp","datePublished":"2023-04-15T11:18:45+00:00","dateModified":"2025-12-17T12:49:59+00:00","description":"Acquista i fiori di CBD Popcorn Sour Tsunami al miglior prezzo e con una qualit\u00e0 imbattibile su Iguana Smoke. Spedizione gratuita in Spagna e Portogallo a partire da 30\u20ac.","breadcrumb":{"@id":"https:\/\/iguanasmoke.com\/producto\/popcorn-sour-tsunami-cbd-3gr-regalo\/#breadcrumb"},"inLanguage":"it-IT","potentialAction":[{"@type":"ReadAction","target":["https:\/\/iguanasmoke.com\/producto\/popcorn-sour-tsunami-cbd-3gr-regalo\/"]}]},{"@type":"ImageObject","inLanguage":"it-IT","@id":"https:\/\/iguanasmoke.com\/producto\/popcorn-sour-tsunami-cbd-3gr-regalo\/#primaryimage","url":"https:\/\/iguanasmoke.com\/wp-content\/uploads\/2022\/09\/Pop-con-mockup.webp","contentUrl":"https:\/\/iguanasmoke.com\/wp-content\/uploads\/2022\/09\/Pop-con-mockup.webp","width":500,"height":500,"caption":"Pop Corn Sour Tsunami CBD comprar flores cogollos maria legal online barato"},{"@type":"BreadcrumbList","@id":"https:\/\/iguanasmoke.com\/producto\/popcorn-sour-tsunami-cbd-3gr-regalo\/#breadcrumb","itemListElement":[{"@type":"ListItem","position":1,"name":"home","item":"https:\/\/iguanasmoke.com\/"},{"@type":"ListItem","position":2,"name":"Tienda","item":"https:\/\/iguanasmoke.com\/tienda\/"},{"@type":"ListItem","position":3,"name":"Uncategorized","item":"https:\/\/iguanasmoke.com\/categoria\/uncategorized\/"},{"@type":"ListItem","position":4,"name":"Popcorn Sour Tsunami CBD 3gr Regalo"}]},{"@type":"WebSite","@id":"https:\/\/iguanasmoke.com\/#website","url":"https:\/\/iguanasmoke.com\/","name":"Fumo di iguana","description":"Acquistare CBD online al miglior prezzo","publisher":{"@id":"https:\/\/iguanasmoke.com\/#organization"},"potentialAction":[{"@type":"SearchAction","target":{"@type":"EntryPoint","urlTemplate":"https:\/\/iguanasmoke.com\/?s={search_term_string}"},"query-input":{"@type":"PropertyValueSpecification","valueRequired":true,"valueName":"search_term_string"}}],"inLanguage":"it-IT"},{"@type":"Organization","@id":"https:\/\/iguanasmoke.com\/#organization","name":"Fumo di iguana","url":"https:\/\/iguanasmoke.com\/","logo":{"@type":"ImageObject","inLanguage":"it-IT","@id":"https:\/\/iguanasmoke.com\/#\/schema\/logo\/image\/","url":"https:\/\/iguanasmoke.com\/wp-content\/uploads\/2025\/01\/logoiguana-favi-1.png","contentUrl":"https:\/\/iguanasmoke.com\/wp-content\/uploads\/2025\/01\/logoiguana-favi-1.png","width":512,"height":512,"caption":"Iguana Smoke"},"image":{"@id":"https:\/\/iguanasmoke.com\/#\/schema\/logo\/image\/"},"sameAs":["https:\/\/www.facebook.com\/iguanasmoke","https:\/\/www.instagram.com\/iguanasmoke\/"]}]},"product_brand":"simple","product_price_amount":"5.00","product_price_currency":"EUR","og_availability":"out of stock","product_availability":"out of stock","product_retailer_item_id":"IS-POP-SOURT-3G-1","product_condition":"new"},"_links":{"self":[{"href":"https:\/\/iguanasmoke.com\/it\/wp-json\/wp\/v2\/product\/15478","targetHints":{"allow":["GET"]}}],"collection":[{"href":"https:\/\/iguanasmoke.com\/it\/wp-json\/wp\/v2\/product"}],"about":[{"href":"https:\/\/iguanasmoke.com\/it\/wp-json\/wp\/v2\/types\/product"}],"replies":[{"embeddable":true,"href":"https:\/\/iguanasmoke.com\/it\/wp-json\/wp\/v2\/comments?post=15478"}],"wp:featuredmedia":[{"embeddable":true,"href":"https:\/\/iguanasmoke.com\/it\/wp-json\/wp\/v2\/media\/15360"}],"wp:attachment":[{"href":"https:\/\/iguanasmoke.com\/it\/wp-json\/wp\/v2\/media?parent=15478"}],"wp:term":[{"taxonomy":"product_brand","embeddable":true,"href":"https:\/\/iguanasmoke.com\/it\/wp-json\/wp\/v2\/product_brand?post=15478"},{"taxonomy":"product_cat","embeddable":true,"href":"https:\/\/iguanasmoke.com\/it\/wp-json\/wp\/v2\/product_cat?post=15478"},{"taxonomy":"product_tag","embeddable":true,"href":"https:\/\/iguanasmoke.com\/it\/wp-json\/wp\/v2\/product_tag?post=15478"}],"curies":[{"name":"wp","href":"https:\/\/api.w.org\/{rel}","templated":true}]}}