{"id":16976,"date":"2023-06-13T14:25:40","date_gmt":"2023-06-13T12:25:40","guid":{"rendered":"https:\/\/iguanasmoke.com\/?post_type=product&#038;p=16976"},"modified":"2026-03-26T11:49:54","modified_gmt":"2026-03-26T10:49:54","slug":"macinino-ecologico-biodegradabile-iguana-smoke","status":"publish","type":"product","link":"https:\/\/iguanasmoke.com\/it\/producto\/grinder-biodegradable-ecologico-iguana-smoke\/","title":{"rendered":"Macinino ecologico biodegradabile Iguana Smoke"},"content":{"rendered":"<h1><span style=\"font-weight: 400\">Macinino ecologico biodegradabile Iguana Smoke\u00a0<\/span><\/h1>\n<p><span style=\"font-weight: 400\">Scoprire il <strong>Macinino ecologico biodegradabile Iguana Smoke<\/strong>, la scelta perfetta per chi \u00e8 alla ricerca di un equilibrio fra <strong>prestazioni, design e rispetto dell'ambiente<\/strong>. Questo macinino \u00e8 stato sviluppato con materiali biodegradabili di alta qualit\u00e0, progettati per ridurre l'impatto ambientale senza rinunciare a una macinazione efficiente e confortevole. <\/span><\/p>\n<p><span style=\"font-weight: 400\">Il suo design leggero e robusto assicura una <strong>macinazione omogenea<\/strong>, Il tritatutto \u00e8 facile da usare ogni giorno, sia a casa che in viaggio. Grazie ai suoi denti ben definiti, il macinino permette di sminuzzare il contenuto in modo rapido e uniforme, migliorando l'esperienza ad ogni utilizzo. Questo macinino ecologico di Iguana Smoke \u00e8 un accessorio indispensabile per ogni fumatore consapevole. <\/span><\/p>\n<p><span style=\"font-weight: 400\">Il macinino Iguana Smoke non si distingue solo per la sua funzionalit\u00e0, ma anche per la sua estetica moderna e colorata. \u00c8 disponibile in 6 colori diversi - nero, rosso, blu, arancione, giallo e verde - in modo da poter scegliere quello che meglio si adatta al vostro stile personale. <\/span><\/p>\n<p><span style=\"font-weight: 400\">Scommettere su questo <strong>Macinino ecologico biodegradabile Iguana Smoke\u00a0<\/strong>\u00e8 un modo semplice per consumare in modo pi\u00f9 responsabile, sostenendo pratiche sostenibili e contribuendo alla cura del pianeta, senza sacrificare la qualit\u00e0 o il design. <\/span><\/p>\n<p><strong>Scegliete il vostro colore preferito e unitevi al cambiamento verde con Iguana Smoke.\u00a0<\/strong><\/p>\n<h2><b>Dove acquistare online il tuo <span style=\"font-weight: 400\"><strong>Macinino ecologico biodegradabile<\/strong><\/span><\/b><b>?<\/b><\/h2>\n<p><span style=\"font-weight: 400\">A <strong>Fumo di iguana<\/strong>, Diamo priorit\u00e0 alla qualit\u00e0 e alla trasparenza di ogni prodotto.\u00a0<\/span><span style=\"font-weight: 400\">Questo \u00e8 il vostro posto sicuro per <strong>acquistare il vostro<\/strong> <strong>macinino biodegradabile online <\/strong>in Spagna<strong>.<\/strong> Tutti i nostri prodotti sono approvati dall'UE, a garanzia della loro legalit\u00e0 e sicurezza.\u00a0<\/span><\/p>\n<p><span style=\"font-weight: 400\">Questo \u00e8 il vostro pratico accessorio che non pu\u00f2 mancare insieme al vostro <strong><a href=\"https:\/\/iguanasmoke.com\/it\/categoria\/vassoi-avvolgibili\/\">vassoi avvolgibili<\/a><\/strong>, per avere tutto pronto. Scoprite anche <\/span><span style=\"font-weight: 400\">altro <strong>Prodotti TOP<\/strong> come il <a href=\"https:\/\/iguanasmoke.com\/it\/prodotto\/comprar-flor-cbd-pop-corn-sour-tsunami-25gr-cogollos-online\/\">Pop Corn 25g. <\/a>Approfittate ora per acquistare il macinino ecologico Iguana Smoke e completare i vostri strumenti per fumare. <\/span><\/p>\n<p><span style=\"font-weight: 400\">\u00c8 inoltre possibile completare il kit con il nostro<strong><a href=\"https:\/\/iguanasmoke.com\/it\/categoria\/carta-da-rotolo\/\"> carte da rotolo di canapa<\/a><\/strong> e sarete pronti per iniziare a godere del mondo del CBD. Esplorate la nostra gamma e trovate subito il vostro grinder preferito.<\/span><span style=\"font-weight: 400\">\u00a0<\/span><\/p>\n<p>Consegna rapida, grande attenzione e un negozio con un imballaggio discreto e sicuro che va avanti, solo per farvelo gustare!<\/p>\n<p>&nbsp;<\/p>\n<h3><b>Iguana Smoke \u00e8 sinonimo di qualit\u00e0 e affidabilit\u00e0.<\/b><\/h3>\n<p><span style=\"font-weight: 400\">Noi di Iguana Smoke crediamo che il consumo di CBD debba essere un'esperienza sicura, accessibile e piacevole. Ecco perch\u00e9 abbiamo prodotti di alta qualit\u00e0, tra cui i nostri macinini biodegradabili, che si rivolgono alle nuove generazioni: persone che cercano un benessere senza complicazioni con marchi autentici e affidabili.\u00a0<\/span><\/p>\n<p>In altre parole, la nostra missione \u00e8 chiara: offrirvi il meglio del CBD a un prezzo equo, con la tranquillit\u00e0 di sapere che state scegliendo un prodotto certificato, efficace, legale per la canapa e la 100%. Siamo all'avanguardia nei prodotti a base di CBD, compreso l'ecologico Iguana Smoke Grinder.<\/p>\n<p>Avete domande? Scriveteci e saremo lieti di aiutarvi a trovare il prodotto giusto per voi.<\/p>","protected":false},"excerpt":{"rendered":"<ul>\n<li>In fibra vegetale biodegradabile per una macinazione efficiente ed ecologica.<\/li>\n<li>Leggero, pratico e resistente<\/li>\n<li>Disponibile in 6 colori: nero, rosso, blu, arancione, rosso, giallo e verde.<\/li>\n<\/ul>","protected":false},"featured_media":17008,"comment_status":"open","ping_status":"closed","template":"","meta":{"_acf_changed":false,"site-sidebar-layout":"default","site-content-layout":"default","ast-site-content-layout":"default","site-content-style":"default","site-sidebar-style":"default","ast-global-header-display":"","ast-banner-title-visibility":"","ast-main-header-display":"","ast-hfb-above-header-display":"","ast-hfb-below-header-display":"","ast-hfb-mobile-header-display":"","site-post-title":"","ast-breadcrumbs-content":"","ast-featured-img":"","footer-sml-layout":"","theme-transparent-header-meta":"default","adv-header-id-meta":"","stick-header-meta":"","header-above-stick-meta":"","header-main-stick-meta":"","header-below-stick-meta":"","astra-migrate-meta-layouts":"set","ast-page-background-enabled":"default","ast-page-background-meta":{"desktop":{"background-color":"var(--ast-global-color-4)","background-image":"","background-repeat":"repeat","background-position":"center center","background-size":"auto","background-attachment":"scroll","background-type":"","background-media":"","overlay-type":"","overlay-color":"","overlay-opacity":"","overlay-gradient":""},"tablet":{"background-color":"","background-image":"","background-repeat":"repeat","background-position":"center center","background-size":"auto","background-attachment":"scroll","background-type":"","background-media":"","overlay-type":"","overlay-color":"","overlay-opacity":"","overlay-gradient":""},"mobile":{"background-color":"","background-image":"","background-repeat":"repeat","background-position":"center center","background-size":"auto","background-attachment":"scroll","background-type":"","background-media":"","overlay-type":"","overlay-color":"","overlay-opacity":"","overlay-gradient":""}},"ast-content-background-meta":{"desktop":{"background-color":"var(--ast-global-color-5)","background-image":"","background-repeat":"repeat","background-position":"center center","background-size":"auto","background-attachment":"scroll","background-type":"","background-media":"","overlay-type":"","overlay-color":"","overlay-opacity":"","overlay-gradient":""},"tablet":{"background-color":"var(--ast-global-color-5)","background-image":"","background-repeat":"repeat","background-position":"center center","background-size":"auto","background-attachment":"scroll","background-type":"","background-media":"","overlay-type":"","overlay-color":"","overlay-opacity":"","overlay-gradient":""},"mobile":{"background-color":"var(--ast-global-color-5)","background-image":"","background-repeat":"repeat","background-position":"center center","background-size":"auto","background-attachment":"scroll","background-type":"","background-media":"","overlay-type":"","overlay-color":"","overlay-opacity":"","overlay-gradient":""}}},"product_brand":[],"product_cat":[439,436,405],"product_tag":[],"class_list":{"0":"post-16976","1":"product","2":"type-product","3":"status-publish","4":"has-post-thumbnail","6":"product_cat-grinders","7":"product_cat-merchandise-de-iguana-smoke","8":"product_cat-ropa-y-accesorios","9":"desktop-align-center","10":"tablet-align-center","11":"mobile-align-center","13":"first","14":"outofstock","15":"taxable","16":"shipping-taxable","17":"purchasable","18":"product-type-variable"},"acf":[],"yoast_head":"<!-- This site is optimized with the Yoast SEO Premium plugin v27.3 (Yoast SEO v27.3) - https:\/\/yoast.com\/product\/yoast-seo-premium-wordpress\/ -->\n<title>Grinder Biodegradable Ecol\u00f3gico Iguana Smoke | Iguana Smoke<\/title>\n<meta name=\"description\" content=\"Compra el Grinder Biodegradable Ecol\u00f3gico Iguana Smoke al mejor precio. Fibra ecol\u00f3gica de calidad inigualable para una molienda perfecta.\" \/>\n<meta name=\"robots\" content=\"index, follow, max-snippet:-1, max-image-preview:large, max-video-preview:-1\" \/>\n<link rel=\"canonical\" href=\"https:\/\/iguanasmoke.com\/it\/prodotto\/macinino-ecologico-biodegradabile-iguana-smoke\/\" \/>\n<meta property=\"og:locale\" content=\"it_IT\" \/>\n<meta property=\"og:type\" content=\"article\" \/>\n<meta property=\"og:title\" content=\"Grinder Biodegradable Ecol\u00f3gico Iguana Smoke\" \/>\n<meta property=\"og:description\" content=\"Fabricado con fibra vegetal biodegradable para una molienda eficaz y respetuosa con el medio ambiente.  Ligero, pr\u00e1ctico y resistente  Disponible en 6 colores: Negro, Rojo, Azul, Naranja, Amarillo y Verde\" \/>\n<meta property=\"og:url\" content=\"https:\/\/iguanasmoke.com\/it\/prodotto\/macinino-ecologico-biodegradabile-iguana-smoke\/\" \/>\n<meta property=\"og:site_name\" content=\"Iguana Smoke\" \/>\n<meta property=\"article:publisher\" content=\"https:\/\/www.facebook.com\/iguanasmoke\" \/>\n<meta property=\"article:modified_time\" content=\"2026-03-26T10:49:54+00:00\" \/>\n<meta property=\"og:image\" content=\"https:\/\/iguanasmoke.com\/wp-content\/uploads\/2023\/06\/ALL2.png\" \/>\n\t<meta property=\"og:image:width\" content=\"1000\" \/>\n\t<meta property=\"og:image:height\" content=\"1000\" \/>\n\t<meta property=\"og:image:type\" content=\"image\/png\" \/>\n<meta name=\"twitter:card\" content=\"summary_large_image\" \/>\n<meta name=\"twitter:label1\" content=\"Disponibilit\u00e0\" \/>\n\t<meta name=\"twitter:data1\" content=\"Esaurito\" \/>\n<meta property=\"product:brand\" content=\"variable\" \/>\n<meta property=\"og:availability\" content=\"out of stock\" \/>\n<meta property=\"product:availability\" content=\"out of stock\" \/>\n<meta property=\"product:condition\" content=\"new\" \/>\n<!-- \/ Yoast SEO Premium plugin. -->","yoast_head_json":{"title":"Macinino ecologico biodegradabile Iguana Smoke | Iguana Smoke","description":"Acquista il macinino ecologico biodegradabile Iguana Smoke al miglior prezzo. Fibra ecologica di qualit\u00e0 ineguagliabile per una macinatura perfetta.","robots":{"index":"index","follow":"follow","max-snippet":"max-snippet:-1","max-image-preview":"max-image-preview:large","max-video-preview":"max-video-preview:-1"},"canonical":"https:\/\/iguanasmoke.com\/it\/prodotto\/macinino-ecologico-biodegradabile-iguana-smoke\/","og_locale":"it_IT","og_type":"article","og_title":"Grinder Biodegradable Ecol\u00f3gico Iguana Smoke","og_description":"Fabricado con fibra vegetal biodegradable para una molienda eficaz y respetuosa con el medio ambiente.  Ligero, pr\u00e1ctico y resistente  Disponible en 6 colores: Negro, Rojo, Azul, Naranja, Amarillo y Verde","og_url":"https:\/\/iguanasmoke.com\/it\/prodotto\/macinino-ecologico-biodegradabile-iguana-smoke\/","og_site_name":"Iguana Smoke","article_publisher":"https:\/\/www.facebook.com\/iguanasmoke","article_modified_time":"2026-03-26T10:49:54+00:00","og_image":[{"width":1000,"height":1000,"url":"https:\/\/iguanasmoke.com\/wp-content\/uploads\/2023\/06\/ALL2.png","type":"image\/png"}],"twitter_card":"summary_large_image","twitter_misc":{"Disponibilit\u00e0":"Esaurito"},"schema":{"@context":"https:\/\/schema.org","@graph":[{"@type":"WebPage","@id":"https:\/\/iguanasmoke.com\/producto\/grinder-biodegradable-ecologico-iguana-smoke\/","url":"https:\/\/iguanasmoke.com\/producto\/grinder-biodegradable-ecologico-iguana-smoke\/","name":"Macinino ecologico biodegradabile Iguana Smoke | Iguana Smoke","isPartOf":{"@id":"https:\/\/iguanasmoke.com\/#website"},"primaryImageOfPage":{"@id":"https:\/\/iguanasmoke.com\/producto\/grinder-biodegradable-ecologico-iguana-smoke\/#primaryimage"},"image":{"@id":"https:\/\/iguanasmoke.com\/producto\/grinder-biodegradable-ecologico-iguana-smoke\/#primaryimage"},"thumbnailUrl":"https:\/\/iguanasmoke.com\/wp-content\/uploads\/2023\/06\/ALL2.png","datePublished":"2023-06-13T12:25:40+00:00","dateModified":"2026-03-26T10:49:54+00:00","description":"Acquista il macinino ecologico biodegradabile Iguana Smoke al miglior prezzo. Fibra ecologica di qualit\u00e0 ineguagliabile per una macinatura perfetta.","breadcrumb":{"@id":"https:\/\/iguanasmoke.com\/producto\/grinder-biodegradable-ecologico-iguana-smoke\/#breadcrumb"},"inLanguage":"it-IT","potentialAction":[{"@type":"ReadAction","target":["https:\/\/iguanasmoke.com\/producto\/grinder-biodegradable-ecologico-iguana-smoke\/"]}]},{"@type":"ImageObject","inLanguage":"it-IT","@id":"https:\/\/iguanasmoke.com\/producto\/grinder-biodegradable-ecologico-iguana-smoke\/#primaryimage","url":"https:\/\/iguanasmoke.com\/wp-content\/uploads\/2023\/06\/ALL2.png","contentUrl":"https:\/\/iguanasmoke.com\/wp-content\/uploads\/2023\/06\/ALL2.png","width":1000,"height":1000,"caption":"grinder bio"},{"@type":"BreadcrumbList","@id":"https:\/\/iguanasmoke.com\/producto\/grinder-biodegradable-ecologico-iguana-smoke\/#breadcrumb","itemListElement":[{"@type":"ListItem","position":1,"name":"home","item":"https:\/\/iguanasmoke.com\/"},{"@type":"ListItem","position":2,"name":"Tienda","item":"https:\/\/iguanasmoke.com\/tienda\/"},{"@type":"ListItem","position":3,"name":"Grinders","item":"https:\/\/iguanasmoke.com\/categoria\/grinders\/"},{"@type":"ListItem","position":4,"name":"Grinder Biodegradable Ecol\u00f3gico Iguana Smoke"}]},{"@type":"WebSite","@id":"https:\/\/iguanasmoke.com\/#website","url":"https:\/\/iguanasmoke.com\/","name":"Fumo di iguana","description":"Acquistare CBD online al miglior prezzo","publisher":{"@id":"https:\/\/iguanasmoke.com\/#organization"},"potentialAction":[{"@type":"SearchAction","target":{"@type":"EntryPoint","urlTemplate":"https:\/\/iguanasmoke.com\/?s={search_term_string}"},"query-input":{"@type":"PropertyValueSpecification","valueRequired":true,"valueName":"search_term_string"}}],"inLanguage":"it-IT"},{"@type":"Organization","@id":"https:\/\/iguanasmoke.com\/#organization","name":"Fumo di iguana","url":"https:\/\/iguanasmoke.com\/","logo":{"@type":"ImageObject","inLanguage":"it-IT","@id":"https:\/\/iguanasmoke.com\/#\/schema\/logo\/image\/","url":"https:\/\/iguanasmoke.com\/wp-content\/uploads\/2025\/01\/logoiguana-favi-1.png","contentUrl":"https:\/\/iguanasmoke.com\/wp-content\/uploads\/2025\/01\/logoiguana-favi-1.png","width":512,"height":512,"caption":"Iguana Smoke"},"image":{"@id":"https:\/\/iguanasmoke.com\/#\/schema\/logo\/image\/"},"sameAs":["https:\/\/www.facebook.com\/iguanasmoke","https:\/\/www.instagram.com\/iguanasmoke\/"]}]},"product_brand":"variable","og_availability":"out of stock","product_availability":"out of stock","product_condition":"new"},"_links":{"self":[{"href":"https:\/\/iguanasmoke.com\/it\/wp-json\/wp\/v2\/product\/16976","targetHints":{"allow":["GET"]}}],"collection":[{"href":"https:\/\/iguanasmoke.com\/it\/wp-json\/wp\/v2\/product"}],"about":[{"href":"https:\/\/iguanasmoke.com\/it\/wp-json\/wp\/v2\/types\/product"}],"replies":[{"embeddable":true,"href":"https:\/\/iguanasmoke.com\/it\/wp-json\/wp\/v2\/comments?post=16976"}],"wp:featuredmedia":[{"embeddable":true,"href":"https:\/\/iguanasmoke.com\/it\/wp-json\/wp\/v2\/media\/17008"}],"wp:attachment":[{"href":"https:\/\/iguanasmoke.com\/it\/wp-json\/wp\/v2\/media?parent=16976"}],"wp:term":[{"taxonomy":"product_brand","embeddable":true,"href":"https:\/\/iguanasmoke.com\/it\/wp-json\/wp\/v2\/product_brand?post=16976"},{"taxonomy":"product_cat","embeddable":true,"href":"https:\/\/iguanasmoke.com\/it\/wp-json\/wp\/v2\/product_cat?post=16976"},{"taxonomy":"product_tag","embeddable":true,"href":"https:\/\/iguanasmoke.com\/it\/wp-json\/wp\/v2\/product_tag?post=16976"}],"curies":[{"name":"wp","href":"https:\/\/api.w.org\/{rel}","templated":true}]}}