{"id":17351,"date":"2023-06-25T22:31:29","date_gmt":"2023-06-25T20:31:29","guid":{"rendered":"https:\/\/iguanasmoke.com\/?post_type=product&#038;p=17351"},"modified":"2026-04-17T18:59:29","modified_gmt":"2026-04-17T16:59:29","slug":"iguana-box-pack-cbd-iguana-smoke","status":"publish","type":"product","link":"https:\/\/iguanasmoke.com\/it\/producto\/iguana-box-pack-cbd-iguana-smoke\/","title":{"rendered":"Iguana Box Pack CBD Iguana Smoke"},"content":{"rendered":"<h1 data-start=\"1609\" data-end=\"1642\"><span style=\"font-weight: 400;\">Iguana Box Pack CBD Iguana Smoke<\/span><\/h1>\n<p data-start=\"273\" data-end=\"578\"><span style=\"font-weight: 400;\">Se vi piace variare, scoprire nuovi aromi e godere di fiori di CBD di alta qualit\u00e0, allora il <strong>Iguana Box Pack CBD Iguana Smoke <\/strong>\u00e8 per voi. Abbiamo creato questo pacchetto esclusivo per permettervi di provare alcuni dei prodotti pi\u00f9 popolari. <strong>genetica pi\u00f9 richiesta e popolare<\/strong>, tutti accuratamente selezionati e coltivati secondo gli standard europei.<\/span><\/p>\n<p data-start=\"273\" data-end=\"578\"><span style=\"font-weight: 400;\">Inoltre, questa confezione viene fornita con 3g di fiori di CBD (3g di CBD).<strong>10-15% di CBD e meno di 0,3% di THC<\/strong>), completamente<strong> legale in Spagna<\/strong>, ideale per chi cerca esperienze aromatiche equilibrate senza effetti psicoattivi.<\/span><\/p>\n<h2 data-start=\"273\" data-end=\"578\"><\/h2>\n<p>&nbsp;<\/p>\n<h2 data-start=\"273\" data-end=\"578\"><strong>Che cosa comprende l'Iguana Box Pack CBD Iguana Smoke? <\/strong><\/h2>\n<p data-start=\"273\" data-end=\"578\"><span style=\"font-weight: 400;\">Innanzitutto, questa confezione include 3 bustine da 3 grammi di fiori di CBD dei seguenti ceppi:<\/span><\/p>\n<ul>\n<li data-start=\"273\" data-end=\"578\"><span style=\"font-weight: 400;\"><a href=\"https:\/\/iguanasmoke.com\/it\/prodotto\/acquistare-gemme-di-cbd-di-shelby-flower-online\/\"><strong>Shelby<\/strong><\/a>Elegante ed equilibrato, ideale per ogni momento della giornata. <\/span><\/li>\n<li data-start=\"273\" data-end=\"578\"><span style=\"font-weight: 400;\"><a href=\"https:\/\/iguanasmoke.com\/it\/prodotto\/comprare-fiori-amnesia-cbd-cbd-buds-online\/\"><strong>Amnesia<\/strong><\/a>Inconfondibile, con forti note agrumate ed erbacee.<\/span><\/li>\n<li data-start=\"273\" data-end=\"578\"><span style=\"font-weight: 400;\"><strong><a href=\"https:\/\/iguanasmoke.com\/it\/prodotto\/comprare-gemme-di-cbd-online\/\">Alieno OG<\/a>:<\/strong> Intenso, terroso e in qualche modo puzzolente di formaggio.<\/span><\/li>\n<\/ul>\n<p><span style=\"font-weight: 400;\">Inoltre, \u00e8 dotato anche di <strong>1 x <a href=\"https:\/\/iguanasmoke.com\/it\/prodotto\/acquistare-cbd-fiore-pungiglione-cbd-pronto-a-rotolare-15gr\/\">Pungiglione di fiori di CBD pronto per l'uso 15g<\/a><\/strong> y <strong>1 x<\/strong>\u00a0<a href=\"https:\/\/iguanasmoke.com\/it\/categoria\/carta-da-rotolo\/\"><strong>Carte da rotolamento in canapa da 1,1\/4\" con filtri<\/strong><\/a>. <\/span><\/p>\n<p><span style=\"font-weight: 400;\">In definitiva, siete voi a scegliere come godervelo, completando il vostro <strong>Iguana Box Pack CBD Iguana Smoke<\/strong> scegliendo tra i diversi colori dei nostri<strong> <a href=\"https:\/\/iguanasmoke.com\/it\/prodotto\/macinino-ecologico-biodegradabile-iguana-smoke\/\">Macinini Bio<\/a>.<\/strong><\/span><\/p>\n<p data-start=\"273\" data-end=\"578\"><span style=\"font-weight: 400;\">Il tutto \u00e8 stato progettato in modo che l'unica cosa da fare sia aprire la scatola e godersela.<\/span><\/p>\n<h3 data-start=\"273\" data-end=\"578\"><\/h3>\n<p>&nbsp;<\/p>\n<h2 data-start=\"273\" data-end=\"578\"><strong>Perch\u00e9 scegliere il <\/strong><strong>Iguana Box Pack CBD Iguana Smoke<\/strong><strong>? <\/strong><\/h2>\n<ul>\n<li data-start=\"273\" data-end=\"578\"><span style=\"font-weight: 400;\">Selezione assortita di fiori CBD di prima qualit\u00e0 <\/span><\/li>\n<li data-start=\"273\" data-end=\"578\"><span style=\"font-weight: 400;\">Ideale per testare diverse genetiche in un'unica confezione. <\/span><\/li>\n<li data-start=\"273\" data-end=\"578\"><span style=\"font-weight: 400;\">CBD tra 10 e 15% e THC inferiore a 0,3% <\/span><\/li>\n<li data-start=\"273\" data-end=\"578\"><span style=\"font-weight: 400;\">Prodotto legale, sicuro e testato <\/span><\/li>\n<li data-start=\"273\" data-end=\"578\"><span style=\"font-weight: 400;\">Perfetto come regalo... o come regalo per se stessi. <\/span><\/li>\n<\/ul>\n<p><span style=\"font-weight: 400;\">Il <strong>Iguana Box Pack CBD Iguana Smoke<\/strong>\u00a0Non \u00e8 solo una confezione, \u00e8 un'esperienza completa per chi apprezza il CBD di qualit\u00e0. Scoprite, confrontate e trovate il vostro preferito.<\/span><\/p>\n<p>&nbsp;<\/p>\n<h4 data-start=\"1671\" data-end=\"1708\">\ud83d\ude9a Spedizione inclusa, senza sorprese<\/h4>\n<p data-start=\"1710\" data-end=\"1839\">Il prezzo dell'Iguana Box comprende <strong data-start=\"1745\" data-end=\"1764\">costi di spedizione<\/strong>, Vi offriamo la possibilit\u00e0 di ricevere il vostro pacco comodamente a casa, in modo rapido e discreto.<\/p>\n<h2 data-start=\"1710\" data-end=\"1839\"><\/h2>\n<p>&nbsp;<\/p>\n<h3><b>Iguana Smoke \u00e8 il vostro negozio online di CBD\u00a0<\/b><\/h3>\n<p><span style=\"font-weight: 400;\">A<strong> Fumo di iguana<\/strong>, Crediamo che il consumo di CBD debba essere un'esperienza sicura. Ecco perch\u00e9 abbiamo prodotti come questo <strong>Iguana Box Pack CBD Iguana Smoke<\/strong>, Il marchio si rivolge alle nuove generazioni: persone che cercano un benessere senza complicazioni, con marchi autentici e affidabili.\u00a0<\/span><\/p>\n<p>La nostra missione \u00e8 chiara: offrirvi il meglio del mondo dei cannabinoidi a un prezzo equo. Inoltre, vi diamo la tranquillit\u00e0 che deriva dal sapere che state scegliendo un prodotto certificato, efficace e 100% legale. Il vostro momento di relax inizia qui da noi con i nostri fiori di CBD.<\/p>\n<p>Ancora dubbi? Scriveteci e saremo lieti di aiutarvi a trovare il prodotto giusto per voi.<\/p>\n<p>&nbsp;<\/p>\n<h6>\u2139\ufe0f<strong> Informazioni legali<\/strong><\/h6>\n<p><em><span style=\"font-weight: 400;\">*Prodotto destinato alla raccolta o all'aromaterapia, in conformit\u00e0 alla legislazione spagnola vigente. <\/span><\/em><\/p>\n<p><em><span style=\"font-weight: 400;\">**Derivato da canapa industriale certificata. Contiene meno dello 0,3 di THC e non contiene cannabinoidi illegali come HHC, HHC-P, THCP, THCP-O, H4CBD o sostanze elencate nell'Allegato I del Regio Decreto 2829\/1977, n\u00e9 sostanze controllate da convenzioni internazionali.\u00a0\u00a0<\/span><\/em><\/p>","protected":false},"excerpt":{"rendered":"<p><span style=\"font-weight: 400;\">Prep\u00e1rate porque esta Iguana Box viene cargadita de flores de CBD (10-15%CBD y &lt;0,3%THC) de 3g:<\/span><\/p>\n<ul>\n<li>3 x bolsas de flores CBD 3g (Amnesia, Alien y Shelby)<\/li>\n<li>1 x Grinder Iguana Biodegradable a tu elecci\u00f3n<\/li>\n<li>1 x Papel de Liar de c\u00e1\u00f1amo 1. 1\/4 con filtros a tu elecci\u00f3n<\/li>\n<li><strong>1 x Picadura de Flores CBD | Ready to Roll de 15g<\/strong><\/li>\n<\/ul>\n<p>[Gastos de env\u00edo inclu\u00eddos]<\/p>\n<p><em><span style=\"font-weight: 400;\">Precio sin descuento: 67,50\u20ac | precio pack descuento: 39,90\u20ac =&gt; <strong>ahorro de 27,60\u20ac con un descuento del 41%<\/strong><\/span>\u00a0<\/em><\/p>\n<p><span style=\"font-weight: 400;\">Consulta<strong>\u00a0<a href=\"https:\/\/iguanasmoke.com\/analiticas\/\">el an\u00e1lisis de laboratorio.<\/a><\/strong><\/span><\/p>\n","protected":false},"featured_media":77331,"comment_status":"open","ping_status":"closed","template":"","meta":{"_acf_changed":false,"site-sidebar-layout":"default","site-content-layout":"default","ast-site-content-layout":"default","site-content-style":"default","site-sidebar-style":"default","ast-global-header-display":"","ast-banner-title-visibility":"","ast-main-header-display":"","ast-hfb-above-header-display":"","ast-hfb-below-header-display":"","ast-hfb-mobile-header-display":"","site-post-title":"","ast-breadcrumbs-content":"","ast-featured-img":"","footer-sml-layout":"","theme-transparent-header-meta":"default","adv-header-id-meta":"","stick-header-meta":"","header-above-stick-meta":"","header-main-stick-meta":"","header-below-stick-meta":"","astra-migrate-meta-layouts":"set","ast-page-background-enabled":"default","ast-page-background-meta":{"desktop":{"background-color":"var(--ast-global-color-4)","background-image":"","background-repeat":"repeat","background-position":"center center","background-size":"auto","background-attachment":"scroll","background-type":"","background-media":"","overlay-type":"","overlay-color":"","overlay-opacity":"","overlay-gradient":""},"tablet":{"background-color":"","background-image":"","background-repeat":"repeat","background-position":"center center","background-size":"auto","background-attachment":"scroll","background-type":"","background-media":"","overlay-type":"","overlay-color":"","overlay-opacity":"","overlay-gradient":""},"mobile":{"background-color":"","background-image":"","background-repeat":"repeat","background-position":"center center","background-size":"auto","background-attachment":"scroll","background-type":"","background-media":"","overlay-type":"","overlay-color":"","overlay-opacity":"","overlay-gradient":""}},"ast-content-background-meta":{"desktop":{"background-color":"var(--ast-global-color-5)","background-image":"","background-repeat":"repeat","background-position":"center center","background-size":"auto","background-attachment":"scroll","background-type":"","background-media":"","overlay-type":"","overlay-color":"","overlay-opacity":"","overlay-gradient":""},"tablet":{"background-color":"var(--ast-global-color-5)","background-image":"","background-repeat":"repeat","background-position":"center center","background-size":"auto","background-attachment":"scroll","background-type":"","background-media":"","overlay-type":"","overlay-color":"","overlay-opacity":"","overlay-gradient":""},"mobile":{"background-color":"var(--ast-global-color-5)","background-image":"","background-repeat":"repeat","background-position":"center center","background-size":"auto","background-attachment":"scroll","background-type":"","background-media":"","overlay-type":"","overlay-color":"","overlay-opacity":"","overlay-gradient":""}}},"product_brand":[],"product_cat":[349],"product_tag":[],"class_list":{"0":"post-17351","1":"product","2":"type-product","3":"status-publish","4":"has-post-thumbnail","6":"product_cat-packs-y-ofertas-cbd","7":"desktop-align-center","8":"tablet-align-center","9":"mobile-align-center","11":"first","12":"outofstock","13":"sale","14":"taxable","15":"shipping-taxable","16":"purchasable","17":"product-type-composite"},"acf":[],"yoast_head":"<!-- This site is optimized with the Yoast SEO Premium plugin v27.5 (Yoast SEO v27.5) - https:\/\/yoast.com\/product\/yoast-seo-premium-wordpress\/ -->\n<title>Iguana Box Pack CBD Iguana Smoke | Iguana Smoke<\/title>\n<meta name=\"description\" content=\"Compra el mejor CBD al mejor precio con nuestroa Iguana Box Pack CBD Iguana Smoke. Encuentra ofertas, descuentos y CBD barato en nuestra web.\" \/>\n<meta name=\"robots\" content=\"index, follow, max-snippet:-1, max-image-preview:large, max-video-preview:-1\" \/>\n<link rel=\"canonical\" href=\"https:\/\/iguanasmoke.com\/it\/prodotto\/iguana-box-pack-cbd-iguana-smoke\/\" \/>\n<meta property=\"og:locale\" content=\"it_IT\" \/>\n<meta property=\"og:type\" content=\"article\" \/>\n<meta property=\"og:title\" content=\"Iguana Box Pack CBD Iguana Smoke\" \/>\n<meta property=\"og:description\" content=\"Prep\u00e1rate porque esta Iguana Box viene cargadita de flores de CBD (10-15%CBD y &lt;0,3%THC) de 3g:   3 x bolsas de flores CBD 3g (Amnesia, Alien y Shelby)  1 x Grinder Iguana Biodegradable a tu elecci\u00f3n  1 x Papel de Liar de c\u00e1\u00f1amo 1. 1\/4 con filtros a tu elecci\u00f3n  1 x Picadura de Flores CBD | Ready to Roll de 15g    Precio sin descuento: 67,50\u20ac | precio pack descuento: 39,90\u20ac =&gt; ahorro de 27,60\u20ac con un descuento del 41%\u00a0  Consulta\u00a0el an\u00e1lisis de laboratorio.\" \/>\n<meta property=\"og:url\" content=\"https:\/\/iguanasmoke.com\/it\/prodotto\/iguana-box-pack-cbd-iguana-smoke\/\" \/>\n<meta property=\"og:site_name\" content=\"Iguana Smoke\" \/>\n<meta property=\"article:publisher\" content=\"https:\/\/www.facebook.com\/iguanasmoke\" \/>\n<meta property=\"article:modified_time\" content=\"2026-04-17T16:59:29+00:00\" \/>\n<meta property=\"og:image\" content=\"https:\/\/iguanasmoke.com\/wp-content\/uploads\/2023\/06\/Iguana-Oferta-Pack-1.webp\" \/>\n\t<meta property=\"og:image:width\" content=\"1000\" \/>\n\t<meta property=\"og:image:height\" content=\"1000\" \/>\n\t<meta property=\"og:image:type\" content=\"image\/webp\" \/>\n<meta name=\"twitter:card\" content=\"summary_large_image\" \/>\n<meta name=\"twitter:label1\" content=\"Prezzo\" \/>\n\t<meta name=\"twitter:data1\" content=\"39,90&nbsp;&euro;\" \/>\n\t<meta name=\"twitter:label2\" content=\"Disponibilit\u00e0\" \/>\n\t<meta name=\"twitter:data2\" content=\"Esaurito\" \/>\n<meta property=\"product:brand\" content=\"composite\" \/>\n<meta property=\"product:price:amount\" content=\"39.90\" \/>\n<meta property=\"product:price:currency\" content=\"EUR\" \/>\n<meta property=\"og:availability\" content=\"out of stock\" \/>\n<meta property=\"product:availability\" content=\"out of stock\" \/>\n<meta property=\"product:retailer_item_id\" content=\"IS-PACKCBDIGUANA\" \/>\n<meta property=\"product:condition\" content=\"new\" \/>\n<!-- \/ Yoast SEO Premium plugin. -->","yoast_head_json":{"title":"Iguana Box Pack CBD Iguana Smoke | Iguana Smoke","description":"Acquista il miglior CBD al miglior prezzo con il nostro Iguana Box Pack CBD Iguana Smoke. Trova offerte, sconti e CBD a buon mercato sul nostro sito.","robots":{"index":"index","follow":"follow","max-snippet":"max-snippet:-1","max-image-preview":"max-image-preview:large","max-video-preview":"max-video-preview:-1"},"canonical":"https:\/\/iguanasmoke.com\/it\/prodotto\/iguana-box-pack-cbd-iguana-smoke\/","og_locale":"it_IT","og_type":"article","og_title":"Iguana Box Pack CBD Iguana Smoke","og_description":"Prep\u00e1rate porque esta Iguana Box viene cargadita de flores de CBD (10-15%CBD y &lt;0,3%THC) de 3g:   3 x bolsas de flores CBD 3g (Amnesia, Alien y Shelby)  1 x Grinder Iguana Biodegradable a tu elecci\u00f3n  1 x Papel de Liar de c\u00e1\u00f1amo 1. 1\/4 con filtros a tu elecci\u00f3n  1 x Picadura de Flores CBD | Ready to Roll de 15g    Precio sin descuento: 67,50\u20ac | precio pack descuento: 39,90\u20ac =&gt; ahorro de 27,60\u20ac con un descuento del 41%\u00a0  Consulta\u00a0el an\u00e1lisis de laboratorio.","og_url":"https:\/\/iguanasmoke.com\/it\/prodotto\/iguana-box-pack-cbd-iguana-smoke\/","og_site_name":"Iguana Smoke","article_publisher":"https:\/\/www.facebook.com\/iguanasmoke","article_modified_time":"2026-04-17T16:59:29+00:00","og_image":[{"width":1000,"height":1000,"url":"https:\/\/iguanasmoke.com\/wp-content\/uploads\/2023\/06\/Iguana-Oferta-Pack-1.webp","type":"image\/webp"}],"twitter_card":"summary_large_image","twitter_misc":{"Prezzo":"39,90&nbsp;&euro;","Disponibilit\u00e0":"Esaurito"},"schema":{"@context":"https:\/\/schema.org","@graph":[{"@type":"WebPage","@id":"https:\/\/iguanasmoke.com\/producto\/iguana-box-pack-cbd-iguana-smoke\/","url":"https:\/\/iguanasmoke.com\/producto\/iguana-box-pack-cbd-iguana-smoke\/","name":"Iguana Box Pack CBD Iguana Smoke | Iguana Smoke","isPartOf":{"@id":"https:\/\/iguanasmoke.com\/#website"},"primaryImageOfPage":{"@id":"https:\/\/iguanasmoke.com\/producto\/iguana-box-pack-cbd-iguana-smoke\/#primaryimage"},"image":{"@id":"https:\/\/iguanasmoke.com\/producto\/iguana-box-pack-cbd-iguana-smoke\/#primaryimage"},"thumbnailUrl":"https:\/\/iguanasmoke.com\/wp-content\/uploads\/2023\/06\/Iguana-Oferta-Pack-1.webp","datePublished":"2023-06-25T20:31:29+00:00","dateModified":"2026-04-17T16:59:29+00:00","description":"Acquista il miglior CBD al miglior prezzo con il nostro Iguana Box Pack CBD Iguana Smoke. Trova offerte, sconti e CBD a buon mercato sul nostro sito.","breadcrumb":{"@id":"https:\/\/iguanasmoke.com\/producto\/iguana-box-pack-cbd-iguana-smoke\/#breadcrumb"},"inLanguage":"it-IT","potentialAction":[{"@type":"ReadAction","target":["https:\/\/iguanasmoke.com\/producto\/iguana-box-pack-cbd-iguana-smoke\/"]}]},{"@type":"ImageObject","inLanguage":"it-IT","@id":"https:\/\/iguanasmoke.com\/producto\/iguana-box-pack-cbd-iguana-smoke\/#primaryimage","url":"https:\/\/iguanasmoke.com\/wp-content\/uploads\/2023\/06\/Iguana-Oferta-Pack-1.webp","contentUrl":"https:\/\/iguanasmoke.com\/wp-content\/uploads\/2023\/06\/Iguana-Oferta-Pack-1.webp","width":1000,"height":1000,"caption":"Iguana Box Pack CBD Iguana Smoke"},{"@type":"BreadcrumbList","@id":"https:\/\/iguanasmoke.com\/producto\/iguana-box-pack-cbd-iguana-smoke\/#breadcrumb","itemListElement":[{"@type":"ListItem","position":1,"name":"home","item":"https:\/\/iguanasmoke.com\/"},{"@type":"ListItem","position":2,"name":"Tienda","item":"https:\/\/iguanasmoke.com\/tienda\/"},{"@type":"ListItem","position":3,"name":"Packs y Ofertas","item":"https:\/\/iguanasmoke.com\/categoria\/packs-y-ofertas-cbd\/"},{"@type":"ListItem","position":4,"name":"Iguana Box Pack CBD Iguana Smoke"}]},{"@type":"WebSite","@id":"https:\/\/iguanasmoke.com\/#website","url":"https:\/\/iguanasmoke.com\/","name":"Fumo di iguana","description":"Acquistare CBD online al miglior prezzo","publisher":{"@id":"https:\/\/iguanasmoke.com\/#organization"},"potentialAction":[{"@type":"SearchAction","target":{"@type":"EntryPoint","urlTemplate":"https:\/\/iguanasmoke.com\/?s={search_term_string}"},"query-input":{"@type":"PropertyValueSpecification","valueRequired":true,"valueName":"search_term_string"}}],"inLanguage":"it-IT"},{"@type":"Organization","@id":"https:\/\/iguanasmoke.com\/#organization","name":"Fumo di iguana","url":"https:\/\/iguanasmoke.com\/","logo":{"@type":"ImageObject","inLanguage":"it-IT","@id":"https:\/\/iguanasmoke.com\/#\/schema\/logo\/image\/","url":"https:\/\/iguanasmoke.com\/wp-content\/uploads\/2025\/01\/logoiguana-favi-1.png","contentUrl":"https:\/\/iguanasmoke.com\/wp-content\/uploads\/2025\/01\/logoiguana-favi-1.png","width":512,"height":512,"caption":"Iguana Smoke"},"image":{"@id":"https:\/\/iguanasmoke.com\/#\/schema\/logo\/image\/"},"sameAs":["https:\/\/www.facebook.com\/iguanasmoke","https:\/\/www.instagram.com\/iguanasmoke\/"]}]},"product_brand":"composite","product_price_amount":"39.90","product_price_currency":"EUR","og_availability":"out of stock","product_availability":"out of stock","product_retailer_item_id":"IS-PACKCBDIGUANA","product_condition":"new"},"_links":{"self":[{"href":"https:\/\/iguanasmoke.com\/it\/wp-json\/wp\/v2\/product\/17351","targetHints":{"allow":["GET"]}}],"collection":[{"href":"https:\/\/iguanasmoke.com\/it\/wp-json\/wp\/v2\/product"}],"about":[{"href":"https:\/\/iguanasmoke.com\/it\/wp-json\/wp\/v2\/types\/product"}],"replies":[{"embeddable":true,"href":"https:\/\/iguanasmoke.com\/it\/wp-json\/wp\/v2\/comments?post=17351"}],"wp:featuredmedia":[{"embeddable":true,"href":"https:\/\/iguanasmoke.com\/it\/wp-json\/wp\/v2\/media\/77331"}],"wp:attachment":[{"href":"https:\/\/iguanasmoke.com\/it\/wp-json\/wp\/v2\/media?parent=17351"}],"wp:term":[{"taxonomy":"product_brand","embeddable":true,"href":"https:\/\/iguanasmoke.com\/it\/wp-json\/wp\/v2\/product_brand?post=17351"},{"taxonomy":"product_cat","embeddable":true,"href":"https:\/\/iguanasmoke.com\/it\/wp-json\/wp\/v2\/product_cat?post=17351"},{"taxonomy":"product_tag","embeddable":true,"href":"https:\/\/iguanasmoke.com\/it\/wp-json\/wp\/v2\/product_tag?post=17351"}],"curies":[{"name":"wp","href":"https:\/\/api.w.org\/{rel}","templated":true}]}}