{"id":18682,"date":"2023-08-03T19:06:15","date_gmt":"2023-08-03T17:06:15","guid":{"rendered":"https:\/\/iguanasmoke.com\/?post_type=product&#038;p=18682"},"modified":"2026-03-31T11:08:41","modified_gmt":"2026-03-31T09:08:41","slug":"hashish-cbd-caramello-50","status":"publish","type":"product","link":"https:\/\/iguanasmoke.com\/it\/producto\/hash-cbd-caramel-50\/","title":{"rendered":"Hash CBD Caramello 50%"},"content":{"rendered":"<h1><span style=\"font-weight: 400\">Caramel Hash 50% CBD: un buon inizio\u00a0\u00a0<\/span><\/h1>\n<p><span style=\"font-weight: 400\">Se state cercando di scoprire le meraviglie dell'hashish al CBD, la<strong> Caramello Hash CBD 50%<\/strong> \u00e8 una scelta che non delude. Questo prodotto combina una qualit\u00e0 eccezionale con un aroma sottile e accattivante, che lo rende una scelta ideale per coloro che sono interessati a godere della sua composizione di CBD 50%.<\/span><span style=\"font-size: 16px;font-weight: 400\">. <\/span><\/p>\n<p><span style=\"font-size: 16px;font-weight: 400\">La sua combinazione di purezza, potenza e un aroma deliziosamente accattivante lo rende la scelta perfetta per chi vuole<\/span><strong style=\"font-size: 16px\"> comprare hashish a buon mercato online<\/strong><span style=\"font-size: 16px;font-weight: 400\"> con la certezza di ottenere il meglio. Non esitate a comprare Hash CBD Caramel 50%.<\/span><\/p>\n<p>&nbsp;<\/p>\n<h2>Caratteristiche del Caramel Hash 50% CBD:<\/h2>\n<ul>\n<li><span style=\"font-size: 16px;font-weight: 400\"><strong>Aspetto e consistenza:<\/strong> A prima vista il Caramel Hash CBD 50% ci colpisce per il suo <strong>consistenza unica, soda e resinosa<\/strong>, che riflette la qualit\u00e0 superiore del nostro hashish e l'attento processo di elaborazione. Il suo colore e la sua consistenza si distinguono nel mercato delle resine CBD, posizionandola come una delle migliori resine CBD sul mercato. <strong>alternativa di qualit\u00e0 superiore<\/strong> rispetto ad altre opzioni.\u00a0<\/span><\/li>\n<li><span style=\"font-size: 16px;font-weight: 400\"><strong>Aroma e gusto:<\/strong> A differenza di altri prodotti a base di hashish, il <strong>Caramello Hash CBD<\/strong> offre un<strong> sottile profilo olfattivo<\/strong> ma piacevole, il che ne fa una delle caratteristiche pi\u00f9 attraenti, perfetta per chi \u00e8 alla ricerca di esperienze sensoriali con <strong>note pi\u00f9 delicate.<\/strong><\/span><\/li>\n<li><span style=\"font-size: 16px;font-weight: 400\"><strong>Origine e purezza:<\/strong> Nasce da un'attenta selezione delle migliori materie prime, a garanzia di purezza e resistenza. Questa attenzione ai dettagli assicura un prodotto di alta qualit\u00e0, fondamentale per chi \u00e8 alla ricerca di <strong>CBD economico<\/strong> ma non si vuole compromettere la qualit\u00e0 della <strong>Hash CBD Caramello 50%.<\/strong><\/span><\/li>\n<\/ul>\n<h3><\/h3>\n<p>&nbsp;<\/p>\n<h3><b>Perch\u00e9 acquistare hashish e resina di CBD da Iguana Smoke?<\/b><\/h3>\n<p><span style=\"font-weight: 400\">Noi di Iguana Smoke ci impegniamo per la qualit\u00e0. I nostri prodotti di hashish CBD sono 100% naturali e biologici, senza sostanze chimiche o pesticidi. Ci\u00f2 significa che quando acquistate da noi, scegliete hashish e resina CBD puri e sicuri. Come nel caso dei nostri <strong>Hash CBD Caramello 50%<\/strong>.<\/span><\/p>\n<p><span style=\"font-weight: 400\">Siate certi che tutti i nostri <strong>Resine di CBD<\/strong> sono realizzati con materie prime di alta qualit\u00e0 sottoposte a controlli di laboratorio, che ne garantiscono la purezza e la sicurezza. Sapete gi\u00e0 che Iguana Smoke \u00e8 il vostro posto sicuro. <strong>dove acquistare CBD, STV e hashish 10-OH in Spagna: <\/strong>Prodotti approvati dall'UE, con meno di 0,3 % THC, per un'esperienza autentica e legale. \u00c8 possibile verificare l'analisi della qualit\u00e0 di questo hashish <a href=\"https:\/\/iguanasmoke.com\/it\/analitica\/\">qui<\/a>.\u00a0<\/span><\/p>\n<p><em><span style=\"font-weight: 400\">Ricordate: il suo uso \u00e8 destinato al collezionismo o all'aromaterapia secondo la legge spagnola.\u00a0<\/span><\/em><\/p>\n<p><span style=\"font-weight: 400\">Inoltre, se amate le altre nostre resine di CBD, come la <a href=\"https:\/\/iguanasmoke.com\/it\/prodotto\/golden-hash-cbd-20\/\" target=\"_blank\" rel=\"noopener\">Hash d'oro CBD 20%<\/a>, vi assicuriamo che il <strong>Caramello Hash CBD<\/strong> non vi lascer\u00e0 insoddisfatti. Inoltre, non dimenticatevi di esplorare i nostri prodotti pi\u00f9 venduti, come il <a href=\"https:\/\/iguanasmoke.com\/it\/categoria\/spettro-completo\/\" target=\"_blank\" rel=\"noopener\">Vapes CBD a spettro completo<\/a> o il <a href=\"https:\/\/iguanasmoke.com\/it\/categoria\/acquistare-gemme-di-fiori-di-cbd-online\/\" target=\"_blank\" rel=\"noopener\">Fiori di CBD.<\/a> <\/span><span style=\"font-weight: 400\">Esplorate la nostra gamma oggi stesso e trovate il vostro preferito.\u00a0<\/span><\/p>\n<p>&nbsp;<\/p>\n<h3><b>Iguana Smoke \u00e8 sinonimo di qualit\u00e0 e affidabilit\u00e0.<\/b><\/h3>\n<p><span style=\"font-weight: 400\">Noi di Iguana Smoke crediamo che il consumo di CBD debba essere un'esperienza sicura, accessibile e piacevole. Ecco perch\u00e9 abbiamo prodotti di alta qualit\u00e0 che si rivolgono alle nuove generazioni: persone che cercano un benessere senza complicazioni, con marchi autentici e affidabili. Hash CBD Caramel ne \u00e8 un chiaro esempio.<\/span><\/p>\n<p>In altre parole, la nostra missione \u00e8 chiara: offrirvi il meglio del CBD a un prezzo equo, con la tranquillit\u00e0 di sapere che state scegliendo un prodotto certificato, efficace e legale 100%. Siamo all'avanguardia nel settore dei prodotti a base di CBD.<\/p>\n<p>Avete domande? Scriveteci e saremo lieti di aiutarvi a trovare il prodotto giusto per voi.<\/p>","protected":false},"excerpt":{"rendered":"<p><span style=\"font-weight: 400\">Il Caramel Hash CBD 50% di Iguana Smoke si distingue per l'aroma e la consistenza solida e resinosa. Questo la rende la scelta perfetta per iniziare il mondo dell'hashish.<\/span><\/p>\n<ul>\n<li>CBD: 50% \/ THC: &lt;0,3%<\/li>\n<li>Aroma forte con toni dolci<\/li>\n<li>100% legale in Europa<\/li>\n<\/ul>\n<p>Analisi della qualit\u00e0: clicca\u00a0<a href=\"https:\/\/iguanasmoke.com\/it\/analitica\/\" target=\"_blank\" rel=\"noopener\">qui<\/a><\/p>","protected":false},"featured_media":81886,"comment_status":"open","ping_status":"closed","template":"","meta":{"_acf_changed":false,"site-sidebar-layout":"default","site-content-layout":"default","ast-site-content-layout":"default","site-content-style":"default","site-sidebar-style":"default","ast-global-header-display":"","ast-banner-title-visibility":"","ast-main-header-display":"","ast-hfb-above-header-display":"","ast-hfb-below-header-display":"","ast-hfb-mobile-header-display":"","site-post-title":"","ast-breadcrumbs-content":"","ast-featured-img":"","footer-sml-layout":"","theme-transparent-header-meta":"default","adv-header-id-meta":"","stick-header-meta":"","header-above-stick-meta":"","header-main-stick-meta":"","header-below-stick-meta":"","astra-migrate-meta-layouts":"set","ast-page-background-enabled":"default","ast-page-background-meta":{"desktop":{"background-color":"var(--ast-global-color-4)","background-image":"","background-repeat":"repeat","background-position":"center center","background-size":"auto","background-attachment":"scroll","background-type":"","background-media":"","overlay-type":"","overlay-color":"","overlay-opacity":"","overlay-gradient":""},"tablet":{"background-color":"","background-image":"","background-repeat":"repeat","background-position":"center center","background-size":"auto","background-attachment":"scroll","background-type":"","background-media":"","overlay-type":"","overlay-color":"","overlay-opacity":"","overlay-gradient":""},"mobile":{"background-color":"","background-image":"","background-repeat":"repeat","background-position":"center center","background-size":"auto","background-attachment":"scroll","background-type":"","background-media":"","overlay-type":"","overlay-color":"","overlay-opacity":"","overlay-gradient":""}},"ast-content-background-meta":{"desktop":{"background-color":"var(--ast-global-color-5)","background-image":"","background-repeat":"repeat","background-position":"center center","background-size":"auto","background-attachment":"scroll","background-type":"","background-media":"","overlay-type":"","overlay-color":"","overlay-opacity":"","overlay-gradient":""},"tablet":{"background-color":"var(--ast-global-color-5)","background-image":"","background-repeat":"repeat","background-position":"center center","background-size":"auto","background-attachment":"scroll","background-type":"","background-media":"","overlay-type":"","overlay-color":"","overlay-opacity":"","overlay-gradient":""},"mobile":{"background-color":"var(--ast-global-color-5)","background-image":"","background-repeat":"repeat","background-position":"center center","background-size":"auto","background-attachment":"scroll","background-type":"","background-media":"","overlay-type":"","overlay-color":"","overlay-opacity":"","overlay-gradient":""}}},"product_brand":[],"product_cat":[397],"product_tag":[],"class_list":{"0":"post-18682","1":"product","2":"type-product","3":"status-publish","4":"has-post-thumbnail","6":"product_cat-hash-cbd","7":"desktop-align-center","8":"tablet-align-center","9":"mobile-align-center","11":"first","12":"instock","13":"taxable","14":"shipping-taxable","15":"purchasable","16":"product-type-variable"},"acf":[],"yoast_head":"<!-- This site is optimized with the Yoast SEO Premium plugin v27.3 (Yoast SEO v27.3) - https:\/\/yoast.com\/product\/yoast-seo-premium-wordpress\/ -->\n<title>Hash CBD Caramel 50%: Hach\u00eds Atractivo y barato| Iguana Smoke<\/title>\n<meta name=\"description\" content=\"Compra Caramel Hash CBD 50% al mejor precio en Iguana Smoke. Compra hach\u00eds legal. Env\u00edo gratuito en Espa\u00f1a y Portugal a partir de 40\u20ac.\" \/>\n<meta name=\"robots\" content=\"index, follow, max-snippet:-1, max-image-preview:large, max-video-preview:-1\" \/>\n<link rel=\"canonical\" href=\"https:\/\/iguanasmoke.com\/it\/prodotto\/hashish-cbd-caramello-50\/\" \/>\n<meta property=\"og:locale\" content=\"it_IT\" \/>\n<meta property=\"og:type\" content=\"article\" \/>\n<meta property=\"og:title\" content=\"Hash CBD Caramel 50%\" \/>\n<meta property=\"og:description\" content=\"El Caramel Hash CBD 50% de Iguana Smoke destaca por su aroma y textura firme y resinosa. Lo convierte en la elecci\u00f3n perfecta para comenzar en el mundo del hash.   CBD: 50% \/ THC: &lt;0,3%  Aroma fuerte con tonos dulces  100% legal en Europa  An\u00e1lisis de calidad: pincha\u00a0aqu\u00ed\" \/>\n<meta property=\"og:url\" content=\"https:\/\/iguanasmoke.com\/it\/prodotto\/hashish-cbd-caramello-50\/\" \/>\n<meta property=\"og:site_name\" content=\"Iguana Smoke\" \/>\n<meta property=\"article:publisher\" content=\"https:\/\/www.facebook.com\/iguanasmoke\" \/>\n<meta property=\"article:modified_time\" content=\"2026-03-31T09:08:41+00:00\" \/>\n<meta property=\"og:image\" content=\"https:\/\/iguanasmoke.com\/wp-content\/uploads\/2023\/08\/Caramel-2-con-hash.webp\" \/>\n\t<meta property=\"og:image:width\" content=\"1000\" \/>\n\t<meta property=\"og:image:height\" content=\"1000\" \/>\n\t<meta property=\"og:image:type\" content=\"image\/webp\" \/>\n<meta name=\"twitter:card\" content=\"summary_large_image\" \/>\n<meta name=\"twitter:label1\" content=\"Disponibilit\u00e0\" \/>\n\t<meta name=\"twitter:data1\" content=\"In stock\" \/>\n<meta property=\"product:brand\" content=\"variable\" \/>\n<meta property=\"og:availability\" content=\"instock\" \/>\n<meta property=\"product:availability\" content=\"instock\" \/>\n<meta property=\"product:condition\" content=\"new\" \/>\n<!-- \/ Yoast SEO Premium plugin. -->","yoast_head_json":{"title":"Hash CBD Caramel 50%: hashish attraente ed economico Iguana Smoke","description":"Acquistare Caramel Hash CBD 50% al miglior prezzo in Iguana Smoke. Acquista hashish legale. Spedizione gratuita in Spagna e Portogallo a partire da 40\u20ac.","robots":{"index":"index","follow":"follow","max-snippet":"max-snippet:-1","max-image-preview":"max-image-preview:large","max-video-preview":"max-video-preview:-1"},"canonical":"https:\/\/iguanasmoke.com\/it\/prodotto\/hashish-cbd-caramello-50\/","og_locale":"it_IT","og_type":"article","og_title":"Hash CBD Caramel 50%","og_description":"El Caramel Hash CBD 50% de Iguana Smoke destaca por su aroma y textura firme y resinosa. Lo convierte en la elecci\u00f3n perfecta para comenzar en el mundo del hash.   CBD: 50% \/ THC: &lt;0,3%  Aroma fuerte con tonos dulces  100% legal en Europa  An\u00e1lisis de calidad: pincha\u00a0aqu\u00ed","og_url":"https:\/\/iguanasmoke.com\/it\/prodotto\/hashish-cbd-caramello-50\/","og_site_name":"Iguana Smoke","article_publisher":"https:\/\/www.facebook.com\/iguanasmoke","article_modified_time":"2026-03-31T09:08:41+00:00","og_image":[{"width":1000,"height":1000,"url":"https:\/\/iguanasmoke.com\/wp-content\/uploads\/2023\/08\/Caramel-2-con-hash.webp","type":"image\/webp"}],"twitter_card":"summary_large_image","twitter_misc":{"Disponibilit\u00e0":"In stock"},"schema":{"@context":"https:\/\/schema.org","@graph":[{"@type":"WebPage","@id":"https:\/\/iguanasmoke.com\/producto\/hash-cbd-caramel-50\/","url":"https:\/\/iguanasmoke.com\/producto\/hash-cbd-caramel-50\/","name":"Hash CBD Caramel 50%: hashish attraente ed economico Iguana Smoke","isPartOf":{"@id":"https:\/\/iguanasmoke.com\/#website"},"primaryImageOfPage":{"@id":"https:\/\/iguanasmoke.com\/producto\/hash-cbd-caramel-50\/#primaryimage"},"image":{"@id":"https:\/\/iguanasmoke.com\/producto\/hash-cbd-caramel-50\/#primaryimage"},"thumbnailUrl":"https:\/\/iguanasmoke.com\/wp-content\/uploads\/2023\/08\/Caramel-2-con-hash.webp","datePublished":"2023-08-03T17:06:15+00:00","dateModified":"2026-03-31T09:08:41+00:00","description":"Acquistare Caramel Hash CBD 50% al miglior prezzo in Iguana Smoke. Acquista hashish legale. Spedizione gratuita in Spagna e Portogallo a partire da 40\u20ac.","breadcrumb":{"@id":"https:\/\/iguanasmoke.com\/producto\/hash-cbd-caramel-50\/#breadcrumb"},"inLanguage":"it-IT","potentialAction":[{"@type":"ReadAction","target":["https:\/\/iguanasmoke.com\/producto\/hash-cbd-caramel-50\/"]}]},{"@type":"ImageObject","inLanguage":"it-IT","@id":"https:\/\/iguanasmoke.com\/producto\/hash-cbd-caramel-50\/#primaryimage","url":"https:\/\/iguanasmoke.com\/wp-content\/uploads\/2023\/08\/Caramel-2-con-hash.webp","contentUrl":"https:\/\/iguanasmoke.com\/wp-content\/uploads\/2023\/08\/Caramel-2-con-hash.webp","width":1000,"height":1000,"caption":"Hash CBD Caramel 2g"},{"@type":"BreadcrumbList","@id":"https:\/\/iguanasmoke.com\/producto\/hash-cbd-caramel-50\/#breadcrumb","itemListElement":[{"@type":"ListItem","position":1,"name":"home","item":"https:\/\/iguanasmoke.com\/"},{"@type":"ListItem","position":2,"name":"Tienda","item":"https:\/\/iguanasmoke.com\/tienda\/"},{"@type":"ListItem","position":3,"name":"Hash CBD","item":"https:\/\/iguanasmoke.com\/categoria\/hash-cbd\/"},{"@type":"ListItem","position":4,"name":"Hash CBD Caramel 50%"}]},{"@type":"WebSite","@id":"https:\/\/iguanasmoke.com\/#website","url":"https:\/\/iguanasmoke.com\/","name":"Fumo di iguana","description":"Acquistare CBD online al miglior prezzo","publisher":{"@id":"https:\/\/iguanasmoke.com\/#organization"},"potentialAction":[{"@type":"SearchAction","target":{"@type":"EntryPoint","urlTemplate":"https:\/\/iguanasmoke.com\/?s={search_term_string}"},"query-input":{"@type":"PropertyValueSpecification","valueRequired":true,"valueName":"search_term_string"}}],"inLanguage":"it-IT"},{"@type":"Organization","@id":"https:\/\/iguanasmoke.com\/#organization","name":"Fumo di iguana","url":"https:\/\/iguanasmoke.com\/","logo":{"@type":"ImageObject","inLanguage":"it-IT","@id":"https:\/\/iguanasmoke.com\/#\/schema\/logo\/image\/","url":"https:\/\/iguanasmoke.com\/wp-content\/uploads\/2025\/01\/logoiguana-favi-1.png","contentUrl":"https:\/\/iguanasmoke.com\/wp-content\/uploads\/2025\/01\/logoiguana-favi-1.png","width":512,"height":512,"caption":"Iguana Smoke"},"image":{"@id":"https:\/\/iguanasmoke.com\/#\/schema\/logo\/image\/"},"sameAs":["https:\/\/www.facebook.com\/iguanasmoke","https:\/\/www.instagram.com\/iguanasmoke\/"]}]},"product_brand":"variable","og_availability":"instock","product_availability":"instock","product_condition":"new"},"_links":{"self":[{"href":"https:\/\/iguanasmoke.com\/it\/wp-json\/wp\/v2\/product\/18682","targetHints":{"allow":["GET"]}}],"collection":[{"href":"https:\/\/iguanasmoke.com\/it\/wp-json\/wp\/v2\/product"}],"about":[{"href":"https:\/\/iguanasmoke.com\/it\/wp-json\/wp\/v2\/types\/product"}],"replies":[{"embeddable":true,"href":"https:\/\/iguanasmoke.com\/it\/wp-json\/wp\/v2\/comments?post=18682"}],"wp:featuredmedia":[{"embeddable":true,"href":"https:\/\/iguanasmoke.com\/it\/wp-json\/wp\/v2\/media\/81886"}],"wp:attachment":[{"href":"https:\/\/iguanasmoke.com\/it\/wp-json\/wp\/v2\/media?parent=18682"}],"wp:term":[{"taxonomy":"product_brand","embeddable":true,"href":"https:\/\/iguanasmoke.com\/it\/wp-json\/wp\/v2\/product_brand?post=18682"},{"taxonomy":"product_cat","embeddable":true,"href":"https:\/\/iguanasmoke.com\/it\/wp-json\/wp\/v2\/product_cat?post=18682"},{"taxonomy":"product_tag","embeddable":true,"href":"https:\/\/iguanasmoke.com\/it\/wp-json\/wp\/v2\/product_tag?post=18682"}],"curies":[{"name":"wp","href":"https:\/\/api.w.org\/{rel}","templated":true}]}}