{"id":19947,"date":"2023-09-07T18:19:44","date_gmt":"2023-09-07T16:19:44","guid":{"rendered":"https:\/\/iguanasmoke.com\/?post_type=product&#038;p=19947"},"modified":"2026-04-06T16:06:14","modified_gmt":"2026-04-06T14:06:14","slug":"carta-da-rotolo-di-canapa-king-size-con-filtri-2","status":"publish","type":"product","link":"https:\/\/iguanasmoke.com\/it\/producto\/papel-de-liar-de-canamo-king-size-con-filtros\/","title":{"rendered":"Carta da rotolo in canapa Giappone King Size con filtri"},"content":{"rendered":"<h1><span style=\"font-weight: 400\">Carta da rotolo in canapa - Giappone Dimensione King con filtri<\/span><\/h1>\n<p>Carta da rollare in canapa Japon King Size, naturale, fine e resistente, progettata per una combustione uniforme. Questa carta \u00e8 ideale per chi cerca un'esperienza pi\u00f9 pulita e sostenibile, con un design Japan by night. Qualit\u00e0 Iguana Smoke: affidabile, conveniente e progettata per le nuove generazioni. Ogni libretto include <strong data-start=\"297\" data-end=\"322\" data-is-only-node=\"\">32 fogli non sbiancati e 32 filtri<\/strong>.<\/p>\n<p>&nbsp;<\/p>\n<h2><b>Dove acquistare online la carta da rotolo in canapa Giappone King Size<\/b><b>?<\/b><\/h2>\n<p><span style=\"font-weight: 400\">A <strong>Fumo di iguana<\/strong>, Diamo priorit\u00e0 alla qualit\u00e0 e alla trasparenza di ogni prodotto.\u00a0<\/span><span style=\"font-weight: 400\">Questo \u00e8 il tuo posto sicuro per fare acquisti <strong>carta da rotolo di canapa online <\/strong>in Spagna<strong>.<\/strong> Tutti i nostri prodotti sono approvati dall'UE, a garanzia della loro legalit\u00e0 e sicurezza.\u00a0<\/span><\/p>\n<p><span style=\"font-weight: 400\">Non dimenticate di riempire la vostra carta di canapa con i migliori fiori come i nostri <strong><a href=\"https:\/\/iguanasmoke.com\/it\/categoria\/pronto-a-partire\/\">Pronti a partire<\/a><\/strong>. Scopri anche <\/span><span style=\"font-weight: 400\">altro <strong>Prodotti TOP<\/strong> come il <a href=\"https:\/\/iguanasmoke.com\/it\/categoria\/pop-corn-cbd-cbd-piccole-gemme-cbd-mini-gemme-cbd\/\"><strong>Pop Corn - Piccole gemme di CBD<\/strong><\/a>. <\/span><\/p>\n<p><span style=\"font-weight: 400\">\u00c8 possibile completare il kit con un<strong> <a href=\"https:\/\/iguanasmoke.com\/it\/categoria\/vassoi\/\">vassoio di rotolamento<\/a><\/strong> e un <strong><a href=\"https:\/\/iguanasmoke.com\/it\/categoria\/smerigliatrici\/\">pratico macinino<\/a><\/strong>, cos\u00ec sarete pronti per iniziare a godervi le carte da rollare alla canapa. Esplorate la nostra gamma e trovate subito la vostra carta da rollare preferita.<\/span><span style=\"font-weight: 400\">\u00a0<\/span><\/p>\n<p>Consegna rapida, grande attenzione e un negozio con un imballaggio discreto e sicuro che va avanti, solo per farvelo gustare!<\/p>\n<p>&nbsp;<\/p>\n<h3><b>Iguana Smoke \u00e8 sinonimo di qualit\u00e0 e affidabilit\u00e0.<\/b><\/h3>\n<p><span style=\"font-weight: 400\">Noi di Iguana Smoke crediamo che il consumo di CBD debba essere un'esperienza sicura, accessibile e piacevole. Ecco perch\u00e9 abbiamo prodotti di alta qualit\u00e0, tra cui le cartine da rollare alla canapa, che si rivolgono alla nuova generazione: persone che cercano un benessere senza complicazioni, con marchi autentici e fidati.\u00a0<\/span><\/p>\n<p>In altre parole, la nostra missione \u00e8 chiara: offrirvi il meglio del CBD a un prezzo equo, con la tranquillit\u00e0 di sapere che state scegliendo un prodotto certificato, efficace, legale per la canapa e la 100%. Siamo all'avanguardia nei prodotti a base di CBD. Questo include le nostre carte da rollare di canapa di alta qualit\u00e0.<\/p>\n<p>Avete domande? Scriveteci e saremo lieti di aiutarvi a trovare il prodotto giusto per voi.<\/p>","protected":false},"excerpt":{"rendered":"<ul>\n<li>Carta bugiarda in canapa naturale<\/li>\n<li>Dimensioni del re<\/li>\n<li>Design Japon Night<\/li>\n<li>Bruciatura lenta e uniforme<\/li>\n<li>32 carte e 32 filtri in cartone<\/li>\n<li>Gomma naturale<\/li>\n<li>Senza coloranti, non sbiancato<\/li>\n<\/ul>","protected":false},"featured_media":40446,"comment_status":"open","ping_status":"closed","template":"","meta":{"_acf_changed":false,"site-sidebar-layout":"default","site-content-layout":"default","ast-site-content-layout":"default","site-content-style":"default","site-sidebar-style":"default","ast-global-header-display":"","ast-banner-title-visibility":"","ast-main-header-display":"","ast-hfb-above-header-display":"","ast-hfb-below-header-display":"","ast-hfb-mobile-header-display":"","site-post-title":"","ast-breadcrumbs-content":"","ast-featured-img":"","footer-sml-layout":"","theme-transparent-header-meta":"default","adv-header-id-meta":"","stick-header-meta":"","header-above-stick-meta":"","header-main-stick-meta":"","header-below-stick-meta":"","astra-migrate-meta-layouts":"set","ast-page-background-enabled":"default","ast-page-background-meta":{"desktop":{"background-color":"var(--ast-global-color-4)","background-image":"","background-repeat":"repeat","background-position":"center center","background-size":"auto","background-attachment":"scroll","background-type":"","background-media":"","overlay-type":"","overlay-color":"","overlay-opacity":"","overlay-gradient":""},"tablet":{"background-color":"","background-image":"","background-repeat":"repeat","background-position":"center center","background-size":"auto","background-attachment":"scroll","background-type":"","background-media":"","overlay-type":"","overlay-color":"","overlay-opacity":"","overlay-gradient":""},"mobile":{"background-color":"","background-image":"","background-repeat":"repeat","background-position":"center center","background-size":"auto","background-attachment":"scroll","background-type":"","background-media":"","overlay-type":"","overlay-color":"","overlay-opacity":"","overlay-gradient":""}},"ast-content-background-meta":{"desktop":{"background-color":"var(--ast-global-color-5)","background-image":"","background-repeat":"repeat","background-position":"center center","background-size":"auto","background-attachment":"scroll","background-type":"","background-media":"","overlay-type":"","overlay-color":"","overlay-opacity":"","overlay-gradient":""},"tablet":{"background-color":"var(--ast-global-color-5)","background-image":"","background-repeat":"repeat","background-position":"center center","background-size":"auto","background-attachment":"scroll","background-type":"","background-media":"","overlay-type":"","overlay-color":"","overlay-opacity":"","overlay-gradient":""},"mobile":{"background-color":"var(--ast-global-color-5)","background-image":"","background-repeat":"repeat","background-position":"center center","background-size":"auto","background-attachment":"scroll","background-type":"","background-media":"","overlay-type":"","overlay-color":"","overlay-opacity":"","overlay-gradient":""}}},"product_brand":[],"product_cat":[436,440,405],"product_tag":[],"class_list":{"0":"post-19947","1":"product","2":"type-product","3":"status-publish","4":"has-post-thumbnail","6":"product_cat-merchandise-de-iguana-smoke","7":"product_cat-papel-de-liar","8":"product_cat-ropa-y-accesorios","9":"desktop-align-center","10":"tablet-align-center","11":"mobile-align-center","13":"first","14":"instock","15":"taxable","16":"shipping-taxable","17":"purchasable","18":"product-type-simple"},"acf":[],"yoast_head":"<!-- This site is optimized with the Yoast SEO Premium plugin v27.3 (Yoast SEO v27.3) - https:\/\/yoast.com\/product\/yoast-seo-premium-wordpress\/ -->\n<title>Papel de liar de c\u00e1\u00f1amo Japon King Size<\/title>\n<meta name=\"description\" content=\"Compra Papel de liar de c\u00e1\u00f1amo Japon King Size al mejor precio y con una calidad inigualable en Iguana Smoke. Con combusti\u00f3n estable y uniforme.\" \/>\n<meta name=\"robots\" content=\"index, follow, max-snippet:-1, max-image-preview:large, max-video-preview:-1\" \/>\n<link rel=\"canonical\" href=\"https:\/\/iguanasmoke.com\/it\/prodotto\/carta-da-rotolo-di-canapa-king-size-con-filtri-2\/\" \/>\n<meta property=\"og:locale\" content=\"it_IT\" \/>\n<meta property=\"og:type\" content=\"article\" \/>\n<meta property=\"og:title\" content=\"Papel de liar de C\u00e1\u00f1amo Japon King Size con filtros\" \/>\n<meta property=\"og:description\" content=\"Papel de Liar de C\u00e1\u00f1amo Natural  Tama\u00f1o King Size  Dise\u00f1o Japon Night  Quemado lento y uniforme  32 papeles y 32 filtros de cart\u00f3n  Goma Natural  Sin colorantes, sin blanquear\" \/>\n<meta property=\"og:url\" content=\"https:\/\/iguanasmoke.com\/it\/prodotto\/carta-da-rotolo-di-canapa-king-size-con-filtri-2\/\" \/>\n<meta property=\"og:site_name\" content=\"Iguana Smoke\" \/>\n<meta property=\"article:publisher\" content=\"https:\/\/www.facebook.com\/iguanasmoke\" \/>\n<meta property=\"article:modified_time\" content=\"2026-04-06T14:06:14+00:00\" \/>\n<meta property=\"og:image\" content=\"https:\/\/iguanasmoke.com\/wp-content\/uploads\/2023\/09\/Pose-2-transparent-1.webp\" \/>\n\t<meta property=\"og:image:width\" content=\"1000\" \/>\n\t<meta property=\"og:image:height\" content=\"1000\" \/>\n\t<meta property=\"og:image:type\" content=\"image\/webp\" \/>\n<meta name=\"twitter:card\" content=\"summary_large_image\" \/>\n<meta name=\"twitter:label1\" content=\"Prezzo\" \/>\n\t<meta name=\"twitter:data1\" content=\"2,00&nbsp;&euro;\" \/>\n\t<meta name=\"twitter:label2\" content=\"Disponibilit\u00e0\" \/>\n\t<meta name=\"twitter:data2\" content=\"In stock\" \/>\n<meta property=\"product:brand\" content=\"simple\" \/>\n<meta property=\"product:price:amount\" content=\"2.00\" \/>\n<meta property=\"product:price:currency\" content=\"EUR\" \/>\n<meta property=\"og:availability\" content=\"instock\" \/>\n<meta property=\"product:availability\" content=\"instock\" \/>\n<meta property=\"product:retailer_item_id\" content=\"IS-PAPELHEMPTIPS-32KS\" \/>\n<meta property=\"product:condition\" content=\"new\" \/>\n<!-- \/ Yoast SEO Premium plugin. -->","yoast_head_json":{"title":"Carta da rotolo di canapa Japon King Size","description":"Acquistate la carta da rollare di canapa Japon King Size al miglior prezzo e con una qualit\u00e0 imbattibile in Iguana Smoke. Con una combustione stabile e uniforme.","robots":{"index":"index","follow":"follow","max-snippet":"max-snippet:-1","max-image-preview":"max-image-preview:large","max-video-preview":"max-video-preview:-1"},"canonical":"https:\/\/iguanasmoke.com\/it\/prodotto\/carta-da-rotolo-di-canapa-king-size-con-filtri-2\/","og_locale":"it_IT","og_type":"article","og_title":"Papel de liar de C\u00e1\u00f1amo Japon King Size con filtros","og_description":"Papel de Liar de C\u00e1\u00f1amo Natural  Tama\u00f1o King Size  Dise\u00f1o Japon Night  Quemado lento y uniforme  32 papeles y 32 filtros de cart\u00f3n  Goma Natural  Sin colorantes, sin blanquear","og_url":"https:\/\/iguanasmoke.com\/it\/prodotto\/carta-da-rotolo-di-canapa-king-size-con-filtri-2\/","og_site_name":"Iguana Smoke","article_publisher":"https:\/\/www.facebook.com\/iguanasmoke","article_modified_time":"2026-04-06T14:06:14+00:00","og_image":[{"width":1000,"height":1000,"url":"https:\/\/iguanasmoke.com\/wp-content\/uploads\/2023\/09\/Pose-2-transparent-1.webp","type":"image\/webp"}],"twitter_card":"summary_large_image","twitter_misc":{"Prezzo":"2,00&nbsp;&euro;","Disponibilit\u00e0":"In stock"},"schema":{"@context":"https:\/\/schema.org","@graph":[{"@type":"WebPage","@id":"https:\/\/iguanasmoke.com\/producto\/papel-de-liar-de-canamo-king-size-con-filtros\/","url":"https:\/\/iguanasmoke.com\/producto\/papel-de-liar-de-canamo-king-size-con-filtros\/","name":"Carta da rotolo di canapa Japon King Size","isPartOf":{"@id":"https:\/\/iguanasmoke.com\/#website"},"primaryImageOfPage":{"@id":"https:\/\/iguanasmoke.com\/producto\/papel-de-liar-de-canamo-king-size-con-filtros\/#primaryimage"},"image":{"@id":"https:\/\/iguanasmoke.com\/producto\/papel-de-liar-de-canamo-king-size-con-filtros\/#primaryimage"},"thumbnailUrl":"https:\/\/iguanasmoke.com\/wp-content\/uploads\/2023\/09\/Pose-2-transparent-1.webp","datePublished":"2023-09-07T16:19:44+00:00","dateModified":"2026-04-06T14:06:14+00:00","description":"Acquistate la carta da rollare di canapa Japon King Size al miglior prezzo e con una qualit\u00e0 imbattibile in Iguana Smoke. Con una combustione stabile e uniforme.","breadcrumb":{"@id":"https:\/\/iguanasmoke.com\/producto\/papel-de-liar-de-canamo-king-size-con-filtros\/#breadcrumb"},"inLanguage":"it-IT","potentialAction":[{"@type":"ReadAction","target":["https:\/\/iguanasmoke.com\/producto\/papel-de-liar-de-canamo-king-size-con-filtros\/"]}]},{"@type":"ImageObject","inLanguage":"it-IT","@id":"https:\/\/iguanasmoke.com\/producto\/papel-de-liar-de-canamo-king-size-con-filtros\/#primaryimage","url":"https:\/\/iguanasmoke.com\/wp-content\/uploads\/2023\/09\/Pose-2-transparent-1.webp","contentUrl":"https:\/\/iguanasmoke.com\/wp-content\/uploads\/2023\/09\/Pose-2-transparent-1.webp","width":1000,"height":1000,"caption":"papel de liar king size japon iguana"},{"@type":"BreadcrumbList","@id":"https:\/\/iguanasmoke.com\/producto\/papel-de-liar-de-canamo-king-size-con-filtros\/#breadcrumb","itemListElement":[{"@type":"ListItem","position":1,"name":"home","item":"https:\/\/iguanasmoke.com\/"},{"@type":"ListItem","position":2,"name":"Tienda","item":"https:\/\/iguanasmoke.com\/tienda\/"},{"@type":"ListItem","position":3,"name":"Papel de Liar de C\u00e1\u00f1amo","item":"https:\/\/iguanasmoke.com\/categoria\/papel-de-liar\/"},{"@type":"ListItem","position":4,"name":"Papel de liar de C\u00e1\u00f1amo Japon King Size con filtros"}]},{"@type":"WebSite","@id":"https:\/\/iguanasmoke.com\/#website","url":"https:\/\/iguanasmoke.com\/","name":"Fumo di iguana","description":"Acquistare CBD online al miglior prezzo","publisher":{"@id":"https:\/\/iguanasmoke.com\/#organization"},"potentialAction":[{"@type":"SearchAction","target":{"@type":"EntryPoint","urlTemplate":"https:\/\/iguanasmoke.com\/?s={search_term_string}"},"query-input":{"@type":"PropertyValueSpecification","valueRequired":true,"valueName":"search_term_string"}}],"inLanguage":"it-IT"},{"@type":"Organization","@id":"https:\/\/iguanasmoke.com\/#organization","name":"Fumo di iguana","url":"https:\/\/iguanasmoke.com\/","logo":{"@type":"ImageObject","inLanguage":"it-IT","@id":"https:\/\/iguanasmoke.com\/#\/schema\/logo\/image\/","url":"https:\/\/iguanasmoke.com\/wp-content\/uploads\/2025\/01\/logoiguana-favi-1.png","contentUrl":"https:\/\/iguanasmoke.com\/wp-content\/uploads\/2025\/01\/logoiguana-favi-1.png","width":512,"height":512,"caption":"Iguana Smoke"},"image":{"@id":"https:\/\/iguanasmoke.com\/#\/schema\/logo\/image\/"},"sameAs":["https:\/\/www.facebook.com\/iguanasmoke","https:\/\/www.instagram.com\/iguanasmoke\/"]}]},"product_brand":"simple","product_price_amount":"2.00","product_price_currency":"EUR","og_availability":"instock","product_availability":"instock","product_retailer_item_id":"IS-PAPELHEMPTIPS-32KS","product_condition":"new"},"_links":{"self":[{"href":"https:\/\/iguanasmoke.com\/it\/wp-json\/wp\/v2\/product\/19947","targetHints":{"allow":["GET"]}}],"collection":[{"href":"https:\/\/iguanasmoke.com\/it\/wp-json\/wp\/v2\/product"}],"about":[{"href":"https:\/\/iguanasmoke.com\/it\/wp-json\/wp\/v2\/types\/product"}],"replies":[{"embeddable":true,"href":"https:\/\/iguanasmoke.com\/it\/wp-json\/wp\/v2\/comments?post=19947"}],"wp:featuredmedia":[{"embeddable":true,"href":"https:\/\/iguanasmoke.com\/it\/wp-json\/wp\/v2\/media\/40446"}],"wp:attachment":[{"href":"https:\/\/iguanasmoke.com\/it\/wp-json\/wp\/v2\/media?parent=19947"}],"wp:term":[{"taxonomy":"product_brand","embeddable":true,"href":"https:\/\/iguanasmoke.com\/it\/wp-json\/wp\/v2\/product_brand?post=19947"},{"taxonomy":"product_cat","embeddable":true,"href":"https:\/\/iguanasmoke.com\/it\/wp-json\/wp\/v2\/product_cat?post=19947"},{"taxonomy":"product_tag","embeddable":true,"href":"https:\/\/iguanasmoke.com\/it\/wp-json\/wp\/v2\/product_tag?post=19947"}],"curies":[{"name":"wp","href":"https:\/\/api.w.org\/{rel}","templated":true}]}}