{"id":22029,"date":"2023-10-26T17:01:24","date_gmt":"2023-10-26T15:01:24","guid":{"rendered":"https:\/\/iguanasmoke.com\/?post_type=product&#038;p=22029"},"modified":"2026-03-16T10:54:40","modified_gmt":"2026-03-16T09:54:40","slug":"crema-di-hashish-cbd-nepal-20","status":"publish","type":"product","link":"https:\/\/iguanasmoke.com\/it\/producto\/hash-cbd-nepal-cream-20\/","title":{"rendered":"Crema Hash CBD Nepal 20%"},"content":{"rendered":"<h1><span style=\"font-weight: 400\">Nepal Cream Hash 20% CBD: hashish di qualit\u00e0 superiore per intenditori<\/span><\/h1>\n<p><span style=\"font-size: 16px;font-weight: 400\">Per chi \u00e8 alla ricerca di un'esperienza unica, il nostro <strong>Crema Hash CBD Nepal 20% <\/strong>\u00a0\u00e8 una scelta perfetta. Questo prodotto non solo offre un <strong>qualit\u00e0 superiore<\/strong>, ma anche un profilo aromatico e una consistenza distintivi. Ad esempio, \u00e8 la scelta ideale per coloro che desiderano <strong>acquistare hashish online<\/strong> alta qualit\u00e0. Questo \u00e8 un eccellente esempio di ci\u00f2 che Hash CBD Nepal ha da offrire.<\/span><\/p>\n<p><span style=\"font-size: 16px;font-weight: 400\">Combinando il meglio di entrambi i mondi, questa resina di CBD ha una potente concentrazione di <strong>20% di CBD<\/strong>. Godetevi i suoi notevoli benefici rilassanti e terapeutici senza gli effetti psicoattivi della marijuana tradizionale.\u00a0\u00a0<\/span><\/p>\n<h2>Caratteristiche del Nepal Cream Hash 20% CBD:<\/h2>\n<ul>\n<li><span style=\"font-size: 16px;font-weight: 400\"><strong>Aspetto e consistenza:<\/strong> Il nostro hashish ha una consistenza cremosa e malleabile. Il suo aspetto artigianale riflette un processo di produzione meticoloso, che lo rende un prodotto di spicco nel panorama dei prodotti di consumo. <strong>Resina di CBD<\/strong>. Chi ama il Nepal Cream CBD Hash trover\u00e0 la sua consistenza particolarmente attraente.<\/span><\/li>\n<li><span style=\"font-size: 16px;font-weight: 400\"><strong>Aroma e gusto:<\/strong> Un vero spettacolo per i sensi. Questo hashish presenta <strong>aromi terrosi e floreali<\/strong> con sottili accenni di<strong> pino e agrumi<\/strong>. Il retrogusto dolce e morbido, con una nota di crema, gli conferisce il nome caratteristico.\u00a0<\/span><\/li>\n<li><span style=\"font-size: 16px;font-weight: 400\"><strong>Origine e purezza:<\/strong> Nasce da un'attenta selezione delle migliori materie prime, a garanzia di purezza e resistenza. Questa attenzione ai dettagli assicura un prodotto di alta qualit\u00e0, fondamentale per chi \u00e8 alla ricerca di <strong>CBD economico<\/strong> ma non vogliono compromettere la qualit\u00e0 della crema Hash CBD Nepal.<\/span><\/li>\n<\/ul>\n<p>&nbsp;<\/p>\n<h3><b>Perch\u00e9 acquistare hashish e resina di CBD da Iguana Smoke?<\/b><\/h3>\n<p><span style=\"font-weight: 400\">Noi di Iguana Smoke ci impegniamo per la qualit\u00e0. I nostri prodotti di hashish CBD sono 100% naturali e biologici, senza sostanze chimiche o pesticidi. Ci\u00f2 significa che quando acquistate da noi, scegliete hashish e resina CBD puri e sicuri. Come nel caso dei nostri <strong>Crema di Nepal CBD Hash 20%<\/strong>.<\/span><\/p>\n<p><span style=\"font-weight: 400\">Siate certi che tutte le nostre resine di CBD sono prodotte con materie prime di alta qualit\u00e0, sottoposte a controlli di laboratorio che ne garantiscono la purezza e la sicurezza. Sapete gi\u00e0 che Iguana Smoke \u00e8 il vostro posto sicuro. <strong>dove acquistare CBD, STV e hashish 10-OH in Spagna: <\/strong>Prodotti approvati dall'UE, con meno di 0,3 % THC, per un'esperienza autentica e legale. \u00c8 possibile verificare l'analisi della qualit\u00e0 di questo hashish <a href=\"https:\/\/iguanasmoke.com\/it\/analitica\/\">qui<\/a>.\u00a0<\/span><\/p>\n<p><em><span style=\"font-weight: 400\">Ricordate: il suo uso \u00e8 destinato al collezionismo o all'aromaterapia secondo la legge spagnola.\u00a0<\/span><\/em><\/p>\n<p><span style=\"font-weight: 400\">Inoltre, se amate le altre nostre resine di CBD, come la<a href=\"https:\/\/iguanasmoke.com\/it\/prodotto\/hash-cbd-50-caramel\/\"> Caramello Hash CBD<\/a> o il <a href=\"https:\/\/iguanasmoke.com\/it\/prodotto\/lemon-haze-hash-cbd-20\/\">CBD Lemon Haze<\/a>, vi assicuriamo che il <strong>Crema Hash del Nepal<\/strong> vi affasciner\u00e0. Inoltre, non dimenticatevi di esplorare altri prodotti popolari, come il<a href=\"https:\/\/iguanasmoke.com\/it\/categoria\/cbd-vaper-2\/\"> Vapori di CBD<\/a> y <a href=\"https:\/\/iguanasmoke.com\/it\/categoria\/acquistare-gemme-di-fiori-di-cbd-online\/\">Fiori di CBD.<\/a> <\/span><span style=\"font-weight: 400\">Esplorate la nostra gamma oggi stesso e trovate il vostro preferito.\u00a0<\/span><\/p>\n<p>&nbsp;<\/p>\n<h3><b>Iguana Smoke \u00e8 sinonimo di qualit\u00e0 e affidabilit\u00e0.<\/b><\/h3>\n<p><span style=\"font-weight: 400\">Noi di Iguana Smoke crediamo che il consumo di CBD debba essere un'esperienza sicura, accessibile e piacevole. Ecco perch\u00e9 abbiamo prodotti di alta qualit\u00e0 che si rivolgono alle nuove generazioni: persone che cercano un benessere senza complicazioni, con marchi autentici e affidabili. Nepal Cream CBD Hash ne \u00e8 un chiaro esempio.<\/span><\/p>\n<p>In altre parole, la nostra missione \u00e8 chiara: offrirvi il meglio del CBD a un prezzo equo, con la tranquillit\u00e0 di sapere che state scegliendo un prodotto certificato, efficace e legale 100%. Siamo all'avanguardia nel settore dei prodotti a base di CBD.<\/p>\n<p>Avete domande? Scriveteci e saremo lieti di aiutarvi a trovare il prodotto giusto per voi.<\/p>","protected":false},"excerpt":{"rendered":"<p><span style=\"font-weight: 400\">Il nostro Nepal Cream Hash CBD 20% si distingue per il suo aroma intenso con sfumature dolci. Ideale per voi, se siete alla ricerca di un'esperienza autentica quando acquistate CBD economico online.<\/span><\/p>\n<ul>\n<li>CBD: 20% \/ THC: &lt;0,3%<\/li>\n<li>Consistenza cremosa e malleabile<\/li>\n<li>100% legale in Europa<\/li>\n<\/ul>\n<p>Analisi della qualit\u00e0: clicca\u00a0<a href=\"https:\/\/iguanasmoke.com\/it\/analitica\/\" target=\"_blank\" rel=\"noopener\">qui<\/a><\/p>","protected":false},"featured_media":60799,"comment_status":"open","ping_status":"closed","template":"","meta":{"_acf_changed":false,"site-sidebar-layout":"default","site-content-layout":"default","ast-site-content-layout":"default","site-content-style":"default","site-sidebar-style":"default","ast-global-header-display":"","ast-banner-title-visibility":"","ast-main-header-display":"","ast-hfb-above-header-display":"","ast-hfb-below-header-display":"","ast-hfb-mobile-header-display":"","site-post-title":"","ast-breadcrumbs-content":"","ast-featured-img":"","footer-sml-layout":"","theme-transparent-header-meta":"default","adv-header-id-meta":"","stick-header-meta":"","header-above-stick-meta":"","header-main-stick-meta":"","header-below-stick-meta":"","astra-migrate-meta-layouts":"set","ast-page-background-enabled":"default","ast-page-background-meta":{"desktop":{"background-color":"var(--ast-global-color-4)","background-image":"","background-repeat":"repeat","background-position":"center center","background-size":"auto","background-attachment":"scroll","background-type":"","background-media":"","overlay-type":"","overlay-color":"","overlay-opacity":"","overlay-gradient":""},"tablet":{"background-color":"","background-image":"","background-repeat":"repeat","background-position":"center center","background-size":"auto","background-attachment":"scroll","background-type":"","background-media":"","overlay-type":"","overlay-color":"","overlay-opacity":"","overlay-gradient":""},"mobile":{"background-color":"","background-image":"","background-repeat":"repeat","background-position":"center center","background-size":"auto","background-attachment":"scroll","background-type":"","background-media":"","overlay-type":"","overlay-color":"","overlay-opacity":"","overlay-gradient":""}},"ast-content-background-meta":{"desktop":{"background-color":"var(--ast-global-color-5)","background-image":"","background-repeat":"repeat","background-position":"center center","background-size":"auto","background-attachment":"scroll","background-type":"","background-media":"","overlay-type":"","overlay-color":"","overlay-opacity":"","overlay-gradient":""},"tablet":{"background-color":"var(--ast-global-color-5)","background-image":"","background-repeat":"repeat","background-position":"center center","background-size":"auto","background-attachment":"scroll","background-type":"","background-media":"","overlay-type":"","overlay-color":"","overlay-opacity":"","overlay-gradient":""},"mobile":{"background-color":"var(--ast-global-color-5)","background-image":"","background-repeat":"repeat","background-position":"center center","background-size":"auto","background-attachment":"scroll","background-type":"","background-media":"","overlay-type":"","overlay-color":"","overlay-opacity":"","overlay-gradient":""}}},"product_brand":[],"product_cat":[397],"product_tag":[],"class_list":{"0":"post-22029","1":"product","2":"type-product","3":"status-publish","4":"has-post-thumbnail","6":"product_cat-hash-cbd","7":"desktop-align-center","8":"tablet-align-center","9":"mobile-align-center","11":"first","12":"instock","13":"taxable","14":"shipping-taxable","15":"purchasable","16":"product-type-variable"},"acf":[],"yoast_head":"<!-- This site is optimized with the Yoast SEO Premium plugin v27.3 (Yoast SEO v27.3) - https:\/\/yoast.com\/product\/yoast-seo-premium-wordpress\/ -->\n<title>Hash CBD Nepal Cream: Hach\u00eds Online Barato | Iguana Smoke<\/title>\n<meta name=\"description\" content=\"Disfruta de nuestro potente Hash CBD Nepal Cream 20%. Es la elecci\u00f3n ideal para quienes buscan calidad-precio al comprar hach\u00eds online. \u00a1Compra hash ahora!\" \/>\n<meta name=\"robots\" content=\"index, follow, max-snippet:-1, max-image-preview:large, max-video-preview:-1\" \/>\n<link rel=\"canonical\" href=\"https:\/\/iguanasmoke.com\/it\/prodotto\/crema-di-hashish-cbd-nepal-20\/\" \/>\n<meta property=\"og:locale\" content=\"it_IT\" \/>\n<meta property=\"og:type\" content=\"article\" \/>\n<meta property=\"og:title\" content=\"Hash CBD Nepal Cream 20%\" \/>\n<meta property=\"og:description\" content=\"Nuestro Nepal Cream Hash CBD 20% destaca por su intenso aroma con tonos dulces. Ideal para ti, si buscas una experiencia aut\u00e9ntica comprando CBD barato online.   CBD: 20% \/ THC: &lt;0,3%  Textura cremosa y maleable  100% legal en Europa  An\u00e1lisis de calidad: pincha\u00a0aqu\u00ed\" \/>\n<meta property=\"og:url\" content=\"https:\/\/iguanasmoke.com\/it\/prodotto\/crema-di-hashish-cbd-nepal-20\/\" \/>\n<meta property=\"og:site_name\" content=\"Iguana Smoke\" \/>\n<meta property=\"article:publisher\" content=\"https:\/\/www.facebook.com\/iguanasmoke\" \/>\n<meta property=\"article:modified_time\" content=\"2026-03-16T09:54:40+00:00\" \/>\n<meta property=\"og:image\" content=\"https:\/\/iguanasmoke.com\/wp-content\/uploads\/2023\/08\/Hash-Nepal.webp\" \/>\n\t<meta property=\"og:image:width\" content=\"1000\" \/>\n\t<meta property=\"og:image:height\" content=\"1000\" \/>\n\t<meta property=\"og:image:type\" content=\"image\/webp\" \/>\n<meta name=\"twitter:card\" content=\"summary_large_image\" \/>\n<meta name=\"twitter:label1\" content=\"Disponibilit\u00e0\" \/>\n\t<meta name=\"twitter:data1\" content=\"In stock\" \/>\n<meta property=\"product:brand\" content=\"variable\" \/>\n<meta property=\"og:availability\" content=\"instock\" \/>\n<meta property=\"product:availability\" content=\"instock\" \/>\n<meta property=\"product:condition\" content=\"new\" \/>\n<!-- \/ Yoast SEO Premium plugin. -->","yoast_head_json":{"title":"Hash CBD Nepal Cream: Hashish economico online | Iguana Smoke","description":"Godetevi il nostro potente CBD Nepal Cream Hash 20%. \u00c8 la scelta ideale per chi cerca un buon rapporto qualit\u00e0-prezzo nell'acquisto di hashish online - compra hashish ora!","robots":{"index":"index","follow":"follow","max-snippet":"max-snippet:-1","max-image-preview":"max-image-preview:large","max-video-preview":"max-video-preview:-1"},"canonical":"https:\/\/iguanasmoke.com\/it\/prodotto\/crema-di-hashish-cbd-nepal-20\/","og_locale":"it_IT","og_type":"article","og_title":"Hash CBD Nepal Cream 20%","og_description":"Nuestro Nepal Cream Hash CBD 20% destaca por su intenso aroma con tonos dulces. Ideal para ti, si buscas una experiencia aut\u00e9ntica comprando CBD barato online.   CBD: 20% \/ THC: &lt;0,3%  Textura cremosa y maleable  100% legal en Europa  An\u00e1lisis de calidad: pincha\u00a0aqu\u00ed","og_url":"https:\/\/iguanasmoke.com\/it\/prodotto\/crema-di-hashish-cbd-nepal-20\/","og_site_name":"Iguana Smoke","article_publisher":"https:\/\/www.facebook.com\/iguanasmoke","article_modified_time":"2026-03-16T09:54:40+00:00","og_image":[{"width":1000,"height":1000,"url":"https:\/\/iguanasmoke.com\/wp-content\/uploads\/2023\/08\/Hash-Nepal.webp","type":"image\/webp"}],"twitter_card":"summary_large_image","twitter_misc":{"Disponibilit\u00e0":"In stock"},"schema":{"@context":"https:\/\/schema.org","@graph":[{"@type":"WebPage","@id":"https:\/\/iguanasmoke.com\/producto\/hash-cbd-nepal-cream-20\/","url":"https:\/\/iguanasmoke.com\/producto\/hash-cbd-nepal-cream-20\/","name":"Hash CBD Nepal Cream: Hashish economico online | Iguana Smoke","isPartOf":{"@id":"https:\/\/iguanasmoke.com\/#website"},"primaryImageOfPage":{"@id":"https:\/\/iguanasmoke.com\/producto\/hash-cbd-nepal-cream-20\/#primaryimage"},"image":{"@id":"https:\/\/iguanasmoke.com\/producto\/hash-cbd-nepal-cream-20\/#primaryimage"},"thumbnailUrl":"https:\/\/iguanasmoke.com\/wp-content\/uploads\/2023\/08\/Hash-Nepal.webp","datePublished":"2023-10-26T15:01:24+00:00","dateModified":"2026-03-16T09:54:40+00:00","description":"Godetevi il nostro potente CBD Nepal Cream Hash 20%. \u00c8 la scelta ideale per chi cerca un buon rapporto qualit\u00e0-prezzo nell'acquisto di hashish online - compra hashish ora!","breadcrumb":{"@id":"https:\/\/iguanasmoke.com\/producto\/hash-cbd-nepal-cream-20\/#breadcrumb"},"inLanguage":"it-IT","potentialAction":[{"@type":"ReadAction","target":["https:\/\/iguanasmoke.com\/producto\/hash-cbd-nepal-cream-20\/"]}]},{"@type":"ImageObject","inLanguage":"it-IT","@id":"https:\/\/iguanasmoke.com\/producto\/hash-cbd-nepal-cream-20\/#primaryimage","url":"https:\/\/iguanasmoke.com\/wp-content\/uploads\/2023\/08\/Hash-Nepal.webp","contentUrl":"https:\/\/iguanasmoke.com\/wp-content\/uploads\/2023\/08\/Hash-Nepal.webp","width":1000,"height":1000,"caption":"hash cbd nepal"},{"@type":"BreadcrumbList","@id":"https:\/\/iguanasmoke.com\/producto\/hash-cbd-nepal-cream-20\/#breadcrumb","itemListElement":[{"@type":"ListItem","position":1,"name":"home","item":"https:\/\/iguanasmoke.com\/"},{"@type":"ListItem","position":2,"name":"Tienda","item":"https:\/\/iguanasmoke.com\/tienda\/"},{"@type":"ListItem","position":3,"name":"Hash CBD","item":"https:\/\/iguanasmoke.com\/categoria\/hash-cbd\/"},{"@type":"ListItem","position":4,"name":"Hash CBD Nepal Cream 20%"}]},{"@type":"WebSite","@id":"https:\/\/iguanasmoke.com\/#website","url":"https:\/\/iguanasmoke.com\/","name":"Fumo di iguana","description":"Acquistare CBD online al miglior prezzo","publisher":{"@id":"https:\/\/iguanasmoke.com\/#organization"},"potentialAction":[{"@type":"SearchAction","target":{"@type":"EntryPoint","urlTemplate":"https:\/\/iguanasmoke.com\/?s={search_term_string}"},"query-input":{"@type":"PropertyValueSpecification","valueRequired":true,"valueName":"search_term_string"}}],"inLanguage":"it-IT"},{"@type":"Organization","@id":"https:\/\/iguanasmoke.com\/#organization","name":"Fumo di iguana","url":"https:\/\/iguanasmoke.com\/","logo":{"@type":"ImageObject","inLanguage":"it-IT","@id":"https:\/\/iguanasmoke.com\/#\/schema\/logo\/image\/","url":"https:\/\/iguanasmoke.com\/wp-content\/uploads\/2025\/01\/logoiguana-favi-1.png","contentUrl":"https:\/\/iguanasmoke.com\/wp-content\/uploads\/2025\/01\/logoiguana-favi-1.png","width":512,"height":512,"caption":"Iguana Smoke"},"image":{"@id":"https:\/\/iguanasmoke.com\/#\/schema\/logo\/image\/"},"sameAs":["https:\/\/www.facebook.com\/iguanasmoke","https:\/\/www.instagram.com\/iguanasmoke\/"]}]},"product_brand":"variable","og_availability":"instock","product_availability":"instock","product_condition":"new"},"_links":{"self":[{"href":"https:\/\/iguanasmoke.com\/it\/wp-json\/wp\/v2\/product\/22029","targetHints":{"allow":["GET"]}}],"collection":[{"href":"https:\/\/iguanasmoke.com\/it\/wp-json\/wp\/v2\/product"}],"about":[{"href":"https:\/\/iguanasmoke.com\/it\/wp-json\/wp\/v2\/types\/product"}],"replies":[{"embeddable":true,"href":"https:\/\/iguanasmoke.com\/it\/wp-json\/wp\/v2\/comments?post=22029"}],"wp:featuredmedia":[{"embeddable":true,"href":"https:\/\/iguanasmoke.com\/it\/wp-json\/wp\/v2\/media\/60799"}],"wp:attachment":[{"href":"https:\/\/iguanasmoke.com\/it\/wp-json\/wp\/v2\/media?parent=22029"}],"wp:term":[{"taxonomy":"product_brand","embeddable":true,"href":"https:\/\/iguanasmoke.com\/it\/wp-json\/wp\/v2\/product_brand?post=22029"},{"taxonomy":"product_cat","embeddable":true,"href":"https:\/\/iguanasmoke.com\/it\/wp-json\/wp\/v2\/product_cat?post=22029"},{"taxonomy":"product_tag","embeddable":true,"href":"https:\/\/iguanasmoke.com\/it\/wp-json\/wp\/v2\/product_tag?post=22029"}],"curies":[{"name":"wp","href":"https:\/\/api.w.org\/{rel}","templated":true}]}}