{"id":22618,"date":"2023-11-08T19:00:06","date_gmt":"2023-11-08T18:00:06","guid":{"rendered":"https:\/\/iguanasmoke.com\/?post_type=product&#038;p=22618"},"modified":"2026-03-09T16:41:52","modified_gmt":"2026-03-09T15:41:52","slug":"vaper-freddy-boyz-di-kidd-keo","status":"publish","type":"product","link":"https:\/\/iguanasmoke.com\/it\/producto\/vaper-freddy-boyz-by-kidd-keo\/","title":{"rendered":"Freddy Boyz Vape Pocket CBD di Kidd Keo"},"content":{"rendered":"<h1><span style=\"font-weight: 400;\">Freddy Boyz Vape Pocket CBD di Kidd Keo - Edizione limitata<\/span><\/h1>\n<h2><span style=\"font-weight: 400;\">Il vaper pi\u00f9 selvaggio di Kidd Keo. <em>Modalit\u00e0 Dracukeo ON<\/em>. <\/span><\/h2>\n<p><span style=\"font-weight: 400;\">P<\/span><span style=\"font-weight: 400;\">ripararsi per salire di livello. Il <strong>Freddy Boyz Vape Pocket CBD di Kidd Keo<\/strong> - <strong>Edizione limitata<\/strong> \u00e8 un'esclusiva collaborazione tra Iguana Smoke e Kidd Keo, uno dei pi\u00f9 importanti artisti del settore. <strong>le icone pi\u00f9 influenti del rap e della trap spagnola<\/strong>. Un vaper CBD in edizione limitata che miscela <strong>oscurit\u00e0, atteggiamento e flusso puro<\/strong>, progettato per chi vive fuori dall'ordinario. <\/span><\/p>\n<p><span style=\"font-weight: 400;\">Ispirato al classico horror di <strong>Freddy Krueger e nell'universo creativo di Keo.<\/strong>, Questo CBD vaper non \u00e8 solo un dispositivo: <strong>\u00e8 una dichiarazione di stile<\/strong>. Ideale per la stagione di Halloween o per qualsiasi giorno in cui si voglia entrare in modalit\u00e0 Halloween. <em>Dracukeo<\/em>.\u00a0<\/span><\/p>\n<p style=\"padding-left: 40px;\"><strong data-start=\"1022\" data-end=\"1042\">\u26a0\ufe0fEdici\u00f3n limited<\/strong>. Quando si esaurisce, non torna indietro.<\/p>\n<p>&nbsp;<\/p>\n<h2><strong>Caratteristiche di Freddy Boyz Vape Pocket CBD <\/strong><\/h2>\n<ul>\n<li><span style=\"font-weight: 400;\">CBD totale: <strong>600 mg <\/strong><\/span><\/li>\n<li><span style=\"font-weight: 400;\">Capacit\u00e0 del serbatoio: <strong>10ml<\/strong><\/span><\/li>\n<li>Vape usa e getta<\/li>\n<li><span style=\"font-weight: 400;\">Correnti d'aria: fino a <strong>3000 potenti boccate <\/strong><\/span><\/li>\n<li><span style=\"font-weight: 400;\">Aroma: <strong>Halloween<\/strong><\/span><\/li>\n<li><span style=\"font-weight: 400;\">Batteria: <strong>500mAh ricaricabile USB Tipo-C <\/strong><\/span><\/li>\n<li><span style=\"font-weight: 400;\">Dimensione<strong> 82 x 49 x 22 mm <\/strong><\/span><\/li>\n<li><span style=\"font-weight: 400;\">THC: <strong>0% <\/strong><\/span><\/li>\n<li><span style=\"font-weight: 400;\">Nicotina: <strong>0% <\/strong><\/span><\/li>\n<\/ul>\n<p><span style=\"font-weight: 400;\">A <strong>CBD compatto, potente e di lunga durata CBD pocket vape<\/strong> che unisce <strong>CBD premium<\/strong> con un'estetica di strada impossibile da ignorare. Questo \u00e8 il <strong>Freddy Boyz<\/strong> pi\u00f9 scuro.\u00a0<\/span><\/p>\n<p>&nbsp;<\/p>\n<h2><strong>Perch\u00e9 tutti vogliono questo vaper Kidd Keo CBD? <\/strong><\/h2>\n<p><span style=\"font-weight: 400;\">Perch\u00e9 <strong>non c'\u00e8 niente di simile<\/strong>. <\/span><\/p>\n<p><span style=\"font-weight: 400;\">Il <strong>Freddy Boyz Vape Pocket CBD<\/strong> \u00e8 il risultato di una collaborazione tra<strong> Kidd Keo x Iguana Smoke<\/strong>, dove design, musica e stile di vita si fondono in un unico prodotto. <\/span><\/p>\n<p><span style=\"font-weight: 400;\">Grazie alla sua <strong>serbatoio XXL da 10 ml e 600 mg di CBD<\/strong>, offre una vita molto pi\u00f9 lunga della media. Di conseguenza, \u00e8 uno dei migliori al mondo.<strong>Gli esaltatori di sapidit\u00e0 al CBD pi\u00f9 potenti e duraturi sul mercato<\/strong>.<\/span><\/p>\n<p><span style=\"font-weight: 400;\"> Inoltre, da <strong>non contengono THC o nicotina<\/strong>, Se state cercando di rilassarvi o di staccare dalla routine quotidiana, potete godervi il CBD legale in Spagna in tutta tranquillit\u00e0. <\/span><\/p>\n<p><span style=\"font-weight: 400;\">Ogni soffio \u00e8 <strong>delicato, intenso ed equilibrato<\/strong>, perfetto per abbassare i giri <strong>senza perdere il lato oscuro e provocatorio di Freddy Krueger<\/strong>.<\/span><\/p>\n<p>&nbsp;<\/p>\n<h2><strong>Esclusivo design ispirato a Freddy Krueger <\/strong><\/h2>\n<p><span style=\"font-weight: 400;\">Il <strong>Freddy Boyz Vape Pocket CBD<\/strong> pu\u00f2 essere considerato un oggetto da collezione. Il suo design combina il mondo immaginario oscuro e cinematografico di Freddy con l'arte urbana e provocatoria di Keo, creando un risultato unico e immediatamente riconoscibile. <\/span><\/p>\n<p><span style=\"font-weight: 400;\">Se seguite la musica di Keo, siete in sintonia con la sua estetica e vi piace fare di testa vostra, questa vape CBD in edizione limitata fa per voi. \u00a0<\/span><\/p>\n<p>&nbsp;<\/p>\n<h3><strong>Acquista subito il tuo Freddy Boyz Vape Pocket CBD di Kidd Keo! <\/strong><\/h3>\n<p><span style=\"font-weight: 400;\">Non lasciatevi sfuggire l'occasione. Mettete le mani su questa edizione limitata prima che scompaia dalla mappa. <\/span><\/p>\n<p><span style=\"font-weight: 400;\">Scegliere <strong>potenza<\/strong>. <\/span><\/p>\n<p><span style=\"font-weight: 400;\">Scegliere <strong>stile<\/strong>. <\/span><\/p>\n<p><span style=\"font-weight: 400;\">Scegliere <strong>Kidd Keo x Iguana Smoke<\/strong> - Scegliete di acquistare CBD vape con attitudine, design e autenticit\u00e0.<\/span><\/p>\n<p>&nbsp;<\/p>\n<h3><b>Iguana Smoke \u00e8 il vostro negozio online di CBD\u00a0<\/b><\/h3>\n<p><span style=\"font-weight: 400;\">A<strong> Fumo di iguana<\/strong>, Crediamo che il consumo di CBD debba essere un'esperienza sicura. Ecco perch\u00e9 abbiamo prodotti come questo <strong>Freddy Boyz Vape Pocket CBD di Kidd Keo<\/strong>, Il marchio si rivolge alle nuove generazioni: persone che cercano un benessere senza complicazioni, con marchi autentici e affidabili.\u00a0<\/span><\/p>\n<p>La nostra missione \u00e8 chiara: offrirvi il meglio del mondo dei cannabinoidi a un prezzo equo. Inoltre, vi diamo la tranquillit\u00e0 di sapere che state scegliendo un prodotto certificato, efficace e 100% legale. Il vostro momento di relax inizia qui con noi.<\/p>\n<p>Ancora dubbi? Scriveteci e saremo lieti di aiutarvi a trovare il prodotto giusto per voi.<\/p>\n<p>&nbsp;<\/p>\n<h6>\u2139\ufe0f<strong> Informazioni legali<\/strong><\/h6>\n<p><em><span style=\"font-weight: 400;\">*Prodotto destinato alla raccolta o all'aromaterapia, in conformit\u00e0 alla legislazione spagnola vigente. <\/span><\/em><\/p>\n<p><em><span style=\"font-weight: 400;\">**Derivato da canapa industriale certificata. Contiene meno dello 0,3 di THC e non contiene cannabinoidi illegali come HHC, HHC-P, THCP, THCP-O, H4CBD o sostanze elencate nell'Allegato I del Regio Decreto 2829\/1977, n\u00e9 sostanze controllate da convenzioni internazionali.\u00a0\u00a0<\/span><\/em><\/p>","protected":false},"excerpt":{"rendered":"<p><span style=\"font-weight: 400;\">Caratteristiche del <strong>Freddy Boyz di Kidd Keo x Iguana Smoke: <\/strong><\/span><\/p>\n<ul>\n<li><span style=\"font-weight: 400;\">Vape CBD monouso<\/span><\/li>\n<li><span style=\"font-weight: 400;\">Dimensioni: <strong>82 x 49x 22 mm<\/strong>\u00a0<\/span><\/li>\n<li><span style=\"font-weight: 400;\">Batteria: <strong>550 mAh USB-C<\/strong><\/span><\/li>\n<li>Aroma: <strong>Halloween<\/strong><\/li>\n<li><span style=\"font-weight: 400;\">Capacit\u00e0: <strong>10ml <\/strong><\/span><\/li>\n<li><span style=\"font-weight: 400;\">Caladas: <strong>fino a 3000 <\/strong><\/span><\/li>\n<li><span style=\"font-weight: 400;\">CBD: <strong>600\/10ml <\/strong><\/span><\/li>\n<li><span style=\"font-weight: 400;\">THC: <strong>0% <\/strong><\/span><\/li>\n<li><span style=\"font-weight: 400;\">Nicotina: <strong>0%\u00a0<\/strong>\u00a0<\/span><\/li>\n<\/ul>\n<p><span style=\"font-weight: 400;\">Inoltre, se si desidera, \u00e8 possibile consultare<strong> <a href=\"https:\/\/iguanasmoke.com\/it\/analitica\/\">analisi di laboratorio.<\/a><\/strong><\/span><\/p>","protected":false},"featured_media":22620,"comment_status":"open","ping_status":"closed","template":"","meta":{"_acf_changed":false,"site-sidebar-layout":"default","site-content-layout":"default","ast-site-content-layout":"default","site-content-style":"default","site-sidebar-style":"default","ast-global-header-display":"","ast-banner-title-visibility":"","ast-main-header-display":"","ast-hfb-above-header-display":"","ast-hfb-below-header-display":"","ast-hfb-mobile-header-display":"","site-post-title":"","ast-breadcrumbs-content":"","ast-featured-img":"","footer-sml-layout":"","theme-transparent-header-meta":"default","adv-header-id-meta":"","stick-header-meta":"","header-above-stick-meta":"","header-main-stick-meta":"","header-below-stick-meta":"","astra-migrate-meta-layouts":"set","ast-page-background-enabled":"default","ast-page-background-meta":{"desktop":{"background-color":"var(--ast-global-color-4)","background-image":"","background-repeat":"repeat","background-position":"center center","background-size":"auto","background-attachment":"scroll","background-type":"","background-media":"","overlay-type":"","overlay-color":"","overlay-opacity":"","overlay-gradient":""},"tablet":{"background-color":"","background-image":"","background-repeat":"repeat","background-position":"center center","background-size":"auto","background-attachment":"scroll","background-type":"","background-media":"","overlay-type":"","overlay-color":"","overlay-opacity":"","overlay-gradient":""},"mobile":{"background-color":"","background-image":"","background-repeat":"repeat","background-position":"center center","background-size":"auto","background-attachment":"scroll","background-type":"","background-media":"","overlay-type":"","overlay-color":"","overlay-opacity":"","overlay-gradient":""}},"ast-content-background-meta":{"desktop":{"background-color":"var(--ast-global-color-5)","background-image":"","background-repeat":"repeat","background-position":"center center","background-size":"auto","background-attachment":"scroll","background-type":"","background-media":"","overlay-type":"","overlay-color":"","overlay-opacity":"","overlay-gradient":""},"tablet":{"background-color":"var(--ast-global-color-5)","background-image":"","background-repeat":"repeat","background-position":"center center","background-size":"auto","background-attachment":"scroll","background-type":"","background-media":"","overlay-type":"","overlay-color":"","overlay-opacity":"","overlay-gradient":""},"mobile":{"background-color":"var(--ast-global-color-5)","background-image":"","background-repeat":"repeat","background-position":"center center","background-size":"auto","background-attachment":"scroll","background-type":"","background-media":"","overlay-type":"","overlay-color":"","overlay-opacity":"","overlay-gradient":""}}},"product_brand":[],"product_cat":[426,420],"product_tag":[],"class_list":{"0":"post-22618","1":"product","2":"type-product","3":"status-publish","4":"has-post-thumbnail","6":"product_cat-pods","7":"product_cat-vaper-pocket-cbd","8":"desktop-align-center","9":"tablet-align-center","10":"mobile-align-center","12":"first","13":"instock","14":"taxable","15":"shipping-taxable","16":"purchasable","17":"product-type-simple"},"acf":[],"yoast_head":"<!-- This site is optimized with the Yoast SEO Premium plugin v27.3 (Yoast SEO v27.3) - https:\/\/yoast.com\/product\/yoast-seo-premium-wordpress\/ -->\n<title>Freddy Boyz Vape Pocket CBD by Kidd Keo \u2013 Edici\u00f3n Limitada | Iguana Smoke<\/title>\n<meta name=\"description\" content=\"Descubre el Freddy Boyz Vape Pocket CBD by Kidd Keo, edici\u00f3n limitada Halloween. 3000 caladas, 600mg CBD, 0% THC. \u00a1Compra tu vaper CBD exclusivo ahora!\" \/>\n<meta name=\"robots\" content=\"index, follow, max-snippet:-1, max-image-preview:large, max-video-preview:-1\" \/>\n<link rel=\"canonical\" href=\"https:\/\/iguanasmoke.com\/it\/prodotto\/vaper-freddy-boyz-di-kidd-keo\/\" \/>\n<meta property=\"og:locale\" content=\"it_IT\" \/>\n<meta property=\"og:type\" content=\"article\" \/>\n<meta property=\"og:title\" content=\"Freddy Boyz Vape Pocket CBD by Kidd Keo\" \/>\n<meta property=\"og:description\" content=\"Caracter\u00edsticas del Freddy Boyz by Kidd Keo x Iguana Smoke:    Vape CBD desechable  Dimensiones: 82 x 49x 22 mm\u00a0  Bater\u00eda: 550 mAh USB-C  Aroma: Halloween  Capacidad: 10ml   Caladas: hasta 3000   CBD: 600\/10ml   THC: 0%   Nicotina: 0%\u00a0\u00a0  Adem\u00e1s, si quieres puedes consultar el an\u00e1lisis de laboratorio.\" \/>\n<meta property=\"og:url\" content=\"https:\/\/iguanasmoke.com\/it\/prodotto\/vaper-freddy-boyz-di-kidd-keo\/\" \/>\n<meta property=\"og:site_name\" content=\"Iguana Smoke\" \/>\n<meta property=\"article:publisher\" content=\"https:\/\/www.facebook.com\/iguanasmoke\" \/>\n<meta property=\"article:modified_time\" content=\"2026-03-09T15:41:52+00:00\" \/>\n<meta property=\"og:image\" content=\"https:\/\/iguanasmoke.com\/wp-content\/uploads\/2023\/11\/FBKK-2-webp.webp\" \/>\n\t<meta property=\"og:image:width\" content=\"500\" \/>\n\t<meta property=\"og:image:height\" content=\"500\" \/>\n\t<meta property=\"og:image:type\" content=\"image\/webp\" \/>\n<meta name=\"twitter:card\" content=\"summary_large_image\" \/>\n<meta name=\"twitter:label1\" content=\"Prezzo\" \/>\n\t<meta name=\"twitter:data1\" content=\"29,90&nbsp;&euro;\" \/>\n\t<meta name=\"twitter:label2\" content=\"Disponibilit\u00e0\" \/>\n\t<meta name=\"twitter:data2\" content=\"In stock\" \/>\n<meta property=\"product:brand\" content=\"simple\" \/>\n<meta property=\"product:price:amount\" content=\"29.90\" \/>\n<meta property=\"product:price:currency\" content=\"EUR\" \/>\n<meta property=\"og:availability\" content=\"instock\" \/>\n<meta property=\"product:availability\" content=\"instock\" \/>\n<meta property=\"product:retailer_item_id\" content=\"IS-FREDDY-3000\" \/>\n<meta property=\"product:condition\" content=\"new\" \/>\n<!-- \/ Yoast SEO Premium plugin. -->","yoast_head_json":{"title":"Freddy Boyz Vape Pocket CBD di Kidd Keo - Edizione limitata | Iguana Smoke","description":"Scopri il Freddy Boyz Vape Pocket CBD di Kidd Keo, in edizione limitata per Halloween. 3000 boccate, 600 mg di CBD, 0% di THC. Acquista subito il tuo esclusivo CBD vaper!","robots":{"index":"index","follow":"follow","max-snippet":"max-snippet:-1","max-image-preview":"max-image-preview:large","max-video-preview":"max-video-preview:-1"},"canonical":"https:\/\/iguanasmoke.com\/it\/prodotto\/vaper-freddy-boyz-di-kidd-keo\/","og_locale":"it_IT","og_type":"article","og_title":"Freddy Boyz Vape Pocket CBD by Kidd Keo","og_description":"Caracter\u00edsticas del Freddy Boyz by Kidd Keo x Iguana Smoke:    Vape CBD desechable  Dimensiones: 82 x 49x 22 mm\u00a0  Bater\u00eda: 550 mAh USB-C  Aroma: Halloween  Capacidad: 10ml   Caladas: hasta 3000   CBD: 600\/10ml   THC: 0%   Nicotina: 0%\u00a0\u00a0  Adem\u00e1s, si quieres puedes consultar el an\u00e1lisis de laboratorio.","og_url":"https:\/\/iguanasmoke.com\/it\/prodotto\/vaper-freddy-boyz-di-kidd-keo\/","og_site_name":"Iguana Smoke","article_publisher":"https:\/\/www.facebook.com\/iguanasmoke","article_modified_time":"2026-03-09T15:41:52+00:00","og_image":[{"width":500,"height":500,"url":"https:\/\/iguanasmoke.com\/wp-content\/uploads\/2023\/11\/FBKK-2-webp.webp","type":"image\/webp"}],"twitter_card":"summary_large_image","twitter_misc":{"Prezzo":"29,90&nbsp;&euro;","Disponibilit\u00e0":"In stock"},"schema":{"@context":"https:\/\/schema.org","@graph":[{"@type":"WebPage","@id":"https:\/\/iguanasmoke.com\/producto\/vaper-freddy-boyz-by-kidd-keo\/","url":"https:\/\/iguanasmoke.com\/producto\/vaper-freddy-boyz-by-kidd-keo\/","name":"Freddy Boyz Vape Pocket CBD di Kidd Keo - Edizione limitata | Iguana Smoke","isPartOf":{"@id":"https:\/\/iguanasmoke.com\/#website"},"primaryImageOfPage":{"@id":"https:\/\/iguanasmoke.com\/producto\/vaper-freddy-boyz-by-kidd-keo\/#primaryimage"},"image":{"@id":"https:\/\/iguanasmoke.com\/producto\/vaper-freddy-boyz-by-kidd-keo\/#primaryimage"},"thumbnailUrl":"https:\/\/iguanasmoke.com\/wp-content\/uploads\/2023\/11\/FBKK-2-webp.webp","datePublished":"2023-11-08T18:00:06+00:00","dateModified":"2026-03-09T15:41:52+00:00","description":"Scopri il Freddy Boyz Vape Pocket CBD di Kidd Keo, in edizione limitata per Halloween. 3000 boccate, 600 mg di CBD, 0% di THC. Acquista subito il tuo esclusivo CBD vaper!","breadcrumb":{"@id":"https:\/\/iguanasmoke.com\/producto\/vaper-freddy-boyz-by-kidd-keo\/#breadcrumb"},"inLanguage":"it-IT","potentialAction":[{"@type":"ReadAction","target":["https:\/\/iguanasmoke.com\/producto\/vaper-freddy-boyz-by-kidd-keo\/"]}]},{"@type":"ImageObject","inLanguage":"it-IT","@id":"https:\/\/iguanasmoke.com\/producto\/vaper-freddy-boyz-by-kidd-keo\/#primaryimage","url":"https:\/\/iguanasmoke.com\/wp-content\/uploads\/2023\/11\/FBKK-2-webp.webp","contentUrl":"https:\/\/iguanasmoke.com\/wp-content\/uploads\/2023\/11\/FBKK-2-webp.webp","width":500,"height":500,"caption":"pod vaper cbd kidd keo"},{"@type":"BreadcrumbList","@id":"https:\/\/iguanasmoke.com\/producto\/vaper-freddy-boyz-by-kidd-keo\/#breadcrumb","itemListElement":[{"@type":"ListItem","position":1,"name":"home","item":"https:\/\/iguanasmoke.com\/"},{"@type":"ListItem","position":2,"name":"Tienda","item":"https:\/\/iguanasmoke.com\/tienda\/"},{"@type":"ListItem","position":3,"name":"Vaper CBD","item":"https:\/\/iguanasmoke.com\/categoria\/vaper-cbd\/"},{"@type":"ListItem","position":4,"name":"Pods","item":"https:\/\/iguanasmoke.com\/categoria\/vaper-cbd\/pods\/"},{"@type":"ListItem","position":5,"name":"Freddy Boyz Vape Pocket CBD by Kidd Keo"}]},{"@type":"WebSite","@id":"https:\/\/iguanasmoke.com\/#website","url":"https:\/\/iguanasmoke.com\/","name":"Fumo di iguana","description":"Acquistare CBD online al miglior prezzo","publisher":{"@id":"https:\/\/iguanasmoke.com\/#organization"},"potentialAction":[{"@type":"SearchAction","target":{"@type":"EntryPoint","urlTemplate":"https:\/\/iguanasmoke.com\/?s={search_term_string}"},"query-input":{"@type":"PropertyValueSpecification","valueRequired":true,"valueName":"search_term_string"}}],"inLanguage":"it-IT"},{"@type":"Organization","@id":"https:\/\/iguanasmoke.com\/#organization","name":"Fumo di iguana","url":"https:\/\/iguanasmoke.com\/","logo":{"@type":"ImageObject","inLanguage":"it-IT","@id":"https:\/\/iguanasmoke.com\/#\/schema\/logo\/image\/","url":"https:\/\/iguanasmoke.com\/wp-content\/uploads\/2025\/01\/logoiguana-favi-1.png","contentUrl":"https:\/\/iguanasmoke.com\/wp-content\/uploads\/2025\/01\/logoiguana-favi-1.png","width":512,"height":512,"caption":"Iguana Smoke"},"image":{"@id":"https:\/\/iguanasmoke.com\/#\/schema\/logo\/image\/"},"sameAs":["https:\/\/www.facebook.com\/iguanasmoke","https:\/\/www.instagram.com\/iguanasmoke\/"]}]},"product_brand":"simple","product_price_amount":"29.90","product_price_currency":"EUR","og_availability":"instock","product_availability":"instock","product_retailer_item_id":"IS-FREDDY-3000","product_condition":"new"},"_links":{"self":[{"href":"https:\/\/iguanasmoke.com\/it\/wp-json\/wp\/v2\/product\/22618","targetHints":{"allow":["GET"]}}],"collection":[{"href":"https:\/\/iguanasmoke.com\/it\/wp-json\/wp\/v2\/product"}],"about":[{"href":"https:\/\/iguanasmoke.com\/it\/wp-json\/wp\/v2\/types\/product"}],"replies":[{"embeddable":true,"href":"https:\/\/iguanasmoke.com\/it\/wp-json\/wp\/v2\/comments?post=22618"}],"wp:featuredmedia":[{"embeddable":true,"href":"https:\/\/iguanasmoke.com\/it\/wp-json\/wp\/v2\/media\/22620"}],"wp:attachment":[{"href":"https:\/\/iguanasmoke.com\/it\/wp-json\/wp\/v2\/media?parent=22618"}],"wp:term":[{"taxonomy":"product_brand","embeddable":true,"href":"https:\/\/iguanasmoke.com\/it\/wp-json\/wp\/v2\/product_brand?post=22618"},{"taxonomy":"product_cat","embeddable":true,"href":"https:\/\/iguanasmoke.com\/it\/wp-json\/wp\/v2\/product_cat?post=22618"},{"taxonomy":"product_tag","embeddable":true,"href":"https:\/\/iguanasmoke.com\/it\/wp-json\/wp\/v2\/product_tag?post=22618"}],"curies":[{"name":"wp","href":"https:\/\/api.w.org\/{rel}","templated":true}]}}